{"id":27815,"date":"2021-09-12T21:42:44","date_gmt":"2021-09-12T19:42:44","guid":{"rendered":"https:\/\/marktxxl.de\/markt\/produkt\/dokon-ersatz-schluessel-fuer-babysicherheit-magnetisches-schrankschloss-supermagnet-fuer-die-meisten-kinderschraenke-und-schubladenschloesser-ohne-bohren-oder-schrauben-2-schluessel\/"},"modified":"2023-04-11T01:36:28","modified_gmt":"2023-04-10T23:36:28","slug":"dokon-ersatz-schluessel-fuer-babysicherheit-magnetisches-schrankschloss-supermagnet-fuer-die-meisten-kinderschraenke-und-schubladenschloesser-ohne-bohren-oder-schrauben-2-schluessel","status":"publish","type":"product","link":"https:\/\/marktxxl.de\/markt\/produkt\/dokon-ersatz-schluessel-fuer-babysicherheit-magnetisches-schrankschloss-supermagnet-fuer-die-meisten-kinderschraenke-und-schubladenschloesser-ohne-bohren-oder-schrauben-2-schluessel\/","title":{"rendered":"Dokon Ersatz Schl\u00fcssel f\u00fcr Babysicherheit Magnetisches Schrankschloss, Supermagnet f\u00fcr die meisten Kinderschr\u00e4nke und\u2026"},"content":{"rendered":"<p>\u00dcberlegene Qualit\u00e4t &#8211; Die kindersicheren und magnetischen Sicherheitsschl\u00fcssel von Dokon bestehen aus hochwertigen Materialien und sind langlebig. Die starke Minimagnete in Schl\u00fcsseln von Dokon k\u00f6nnen an T\u00fcren mit einer Dicke von bis zu 35 mm (1.38&#8243;) eingesetzt werden<br \/>\nInstallation in Sekundenschnelle &#8211; Ziehen Sie einfach das Schaumstoffband des halters von Schl\u00fcssel ab und kleben Sie es ohne Werkzeuge oder Bohrer in eine hohe Position, wo Ihr Kind nicht erreichen kann. Die Installation erfolgt in wenigen Sekunden<br \/>\nImmer im Blick &#8211; Mit dem Halter des Schl\u00fcssels, der magnetische Schrankschl\u00fcssel von Dokon erm\u00f6glicht Ihnen, es in einer festen Position platzieren, sodass Sie sich keine Sorgen \u00fcber den Verlust von Schl\u00fcsseln machen und weiter nach ihnen suchen m\u00fcssen<br \/>\nStilvolles Design &#8211; Dank der griffigen Form k\u00f6nnen die starke Magnete Ihrer Schr\u00e4nke problemlos entriegeln. Auch das moderne Design l\u00e4sst Ihre M\u00f6bel sch\u00f6n aussehen und verhindert, dass Ihr Kind in Gefahr ger\u00e4t<br \/>\nDoppel Pack &#8211; 2 magnetische Schl\u00fcssel werden mitgeliefert und erm\u00f6glichen einen schnellen Zugang zum Ihren Schrank. Sie k\u00f6nnen den verlorenen Magneten ersetzen und noch mehr von Ihrem Haus sch\u00fctzen. Bequemer geht es nicht<br \/>\n<div class=\"main-cross-sell\" data-asin=\"B085ZF93YR\">\n\n\t<div class=\"WooZone-cross-sell-loader\">\n\t\t<div>\n\t\t\t<div id=\"floatingBarsG\">\n\t\t\t\t<div class=\"blockG\" id=\"rotateG_01\"><\/div>\n\t\t\t\t<div class=\"blockG\" id=\"rotateG_02\"><\/div>\n\t\t\t\t<div class=\"blockG\" id=\"rotateG_03\"><\/div>\n\t\t\t\t<div class=\"blockG\" id=\"rotateG_04\"><\/div>\n\t\t\t\t<div class=\"blockG\" id=\"rotateG_05\"><\/div>\n\t\t\t\t<div class=\"blockG\" id=\"rotateG_06\"><\/div>\n\t\t\t\t<div class=\"blockG\" id=\"rotateG_07\"><\/div>\n\t\t\t\t<div class=\"blockG\" id=\"rotateG_08\"><\/div>\n\t\t\t<\/div>\n\t\t\t<div class=\"WooZone-cross-sell-loader-text\"><\/div>\n\t\t<\/div>\n\t<\/div>\n\n\t\t\n<\/div>\n<div style=\"clear:both;\"><\/div><\/p>\n","protected":false},"excerpt":{"rendered":"<p>\u00dcberlegene Qualit\u00e4t &#8211; Die kindersicheren und magnetischen Sicherheitsschl\u00fcssel von Dokon bestehen aus hochwertigen Materialien und sind langlebig. Die starke Minimagnete in Schl\u00fcsseln von Dokon k\u00f6nnen an T\u00fcren mit einer Dicke von bis zu 35 mm (1.38&#8243;) eingesetzt werden<br \/>\nInstallation in Sekundenschnelle &#8211; Ziehen Sie einfach das Schaumstoffband des halters von Schl\u00fcssel ab und kleben Sie es ohne Werkzeuge oder Bohrer in eine hohe Position, wo Ihr Kind nicht erreichen kann. Die Installation erfolgt in wenigen Sekunden<br \/>\nImmer im Blick &#8211; Mit dem Halter des Schl\u00fcssels, der magnetische Schrankschl\u00fcssel von Dokon erm\u00f6glicht Ihnen, es in einer festen Position platzieren, sodass Sie sich keine Sorgen \u00fcber den Verlust von Schl\u00fcsseln machen und weiter nach ihnen suchen m\u00fcssen<\/p>\n","protected":false},"featured_media":27816,"comment_status":"open","ping_status":"closed","template":"","meta":[],"product_brand":[],"product_cat":[21,9378],"product_tag":[],"class_list":{"0":"post-27815","1":"product","2":"type-product","3":"status-publish","4":"has-post-thumbnail","6":"product_cat-baby","7":"product_cat-sicherheit-baby","8":"pa_binding-babyartikel","9":"pa_brand-dokon","10":"pa_manufacturer-dokon","11":"pa_model-d-d-077-2p","12":"pa_size-2-stueck-1er-pack","14":"first","15":"instock","16":"shipping-taxable","17":"purchasable","18":"product-type-simple","19":"customify-col","20":"product-has-gallery"},"yoast_head":"<!-- This site is optimized with the Yoast SEO plugin v27.4 - https:\/\/yoast.com\/product\/yoast-seo-wordpress\/ -->\n<title>Dokon Ersatz Schl\u00fcssel f\u00fcr Babysicherheit Magnetisches Schrankschloss, Supermagnet f\u00fcr die meisten Kinderschr\u00e4nke und\u2026 - Markt-XXL<\/title>\n<meta name=\"description\" content=\"Markt-XXL Dokon Ersatz Schl\u00fcssel f\u00fcr Babysicherheit Magnetisches Schrankschloss, Supermagnet f\u00fcr die meisten Kinderschr\u00e4nke und\u2026\" \/>\n<meta name=\"robots\" content=\"index, follow, max-snippet:-1, max-image-preview:large, max-video-preview:-1\" \/>\n<link rel=\"canonical\" href=\"https:\/\/marktxxl.de\/markt\/produkt\/dokon-ersatz-schluessel-fuer-babysicherheit-magnetisches-schrankschloss-supermagnet-fuer-die-meisten-kinderschraenke-und-schubladenschloesser-ohne-bohren-oder-schrauben-2-schluessel\/\" \/>\n<meta property=\"og:locale\" content=\"de_DE\" \/>\n<meta property=\"og:type\" content=\"article\" \/>\n<meta property=\"og:title\" content=\"Dokon Ersatz Schl\u00fcssel f\u00fcr Babysicherheit Magnetisches Schrankschloss, Supermagnet f\u00fcr die meisten Kinderschr\u00e4nke und\u2026 - Markt-XXL\" \/>\n<meta property=\"og:description\" content=\"Markt-XXL Dokon Ersatz Schl\u00fcssel f\u00fcr Babysicherheit Magnetisches Schrankschloss, Supermagnet f\u00fcr die meisten Kinderschr\u00e4nke und\u2026\" \/>\n<meta property=\"og:url\" content=\"https:\/\/marktxxl.de\/markt\/produkt\/dokon-ersatz-schluessel-fuer-babysicherheit-magnetisches-schrankschloss-supermagnet-fuer-die-meisten-kinderschraenke-und-schubladenschloesser-ohne-bohren-oder-schrauben-2-schluessel\/\" \/>\n<meta property=\"og:site_name\" content=\"Markt-XXL\" \/>\n<meta property=\"article:modified_time\" content=\"2023-04-10T23:36:28+00:00\" \/>\n<meta property=\"og:image\" content=\"https:\/\/m.media-amazon.com\/images\/I\/31u-J8Gqb1L._SL500_.jpg\" \/>\n\t<meta property=\"og:image:width\" content=\"500\" \/>\n\t<meta property=\"og:image:height\" content=\"500\" \/>\n\t<meta property=\"og:image:type\" content=\"image\/jpeg\" \/>\n<meta name=\"twitter:card\" content=\"summary_large_image\" \/>\n<meta name=\"twitter:label1\" content=\"Gesch\u00e4tzte Lesezeit\" \/>\n\t<meta name=\"twitter:data1\" content=\"1\u00a0Minute\" \/>\n<script type=\"application\/ld+json\" class=\"yoast-schema-graph\">{\"@context\":\"https:\\\/\\\/schema.org\",\"@graph\":[{\"@type\":\"WebPage\",\"@id\":\"https:\\\/\\\/marktxxl.de\\\/markt\\\/produkt\\\/dokon-ersatz-schluessel-fuer-babysicherheit-magnetisches-schrankschloss-supermagnet-fuer-die-meisten-kinderschraenke-und-schubladenschloesser-ohne-bohren-oder-schrauben-2-schluessel\\\/\",\"url\":\"https:\\\/\\\/marktxxl.de\\\/markt\\\/produkt\\\/dokon-ersatz-schluessel-fuer-babysicherheit-magnetisches-schrankschloss-supermagnet-fuer-die-meisten-kinderschraenke-und-schubladenschloesser-ohne-bohren-oder-schrauben-2-schluessel\\\/\",\"name\":\"Dokon Ersatz Schl\u00fcssel f\u00fcr Babysicherheit Magnetisches Schrankschloss, Supermagnet f\u00fcr die meisten Kinderschr\u00e4nke und\u2026 - Markt-XXL\",\"isPartOf\":{\"@id\":\"https:\\\/\\\/marktxxl.de\\\/markt\\\/#website\"},\"primaryImageOfPage\":{\"@id\":\"https:\\\/\\\/marktxxl.de\\\/markt\\\/produkt\\\/dokon-ersatz-schluessel-fuer-babysicherheit-magnetisches-schrankschloss-supermagnet-fuer-die-meisten-kinderschraenke-und-schubladenschloesser-ohne-bohren-oder-schrauben-2-schluessel\\\/#primaryimage\"},\"image\":{\"@id\":\"https:\\\/\\\/marktxxl.de\\\/markt\\\/produkt\\\/dokon-ersatz-schluessel-fuer-babysicherheit-magnetisches-schrankschloss-supermagnet-fuer-die-meisten-kinderschraenke-und-schubladenschloesser-ohne-bohren-oder-schrauben-2-schluessel\\\/#primaryimage\"},\"thumbnailUrl\":\"https:\\\/\\\/m.media-amazon.com\\\/images\\\/I\\\/31u-J8Gqb1L._SL500_.jpg\",\"datePublished\":\"2021-09-12T19:42:44+00:00\",\"dateModified\":\"2023-04-10T23:36:28+00:00\",\"description\":\"Markt-XXL Dokon Ersatz Schl\u00fcssel f\u00fcr Babysicherheit Magnetisches Schrankschloss, Supermagnet f\u00fcr die meisten Kinderschr\u00e4nke und\u2026\",\"breadcrumb\":{\"@id\":\"https:\\\/\\\/marktxxl.de\\\/markt\\\/produkt\\\/dokon-ersatz-schluessel-fuer-babysicherheit-magnetisches-schrankschloss-supermagnet-fuer-die-meisten-kinderschraenke-und-schubladenschloesser-ohne-bohren-oder-schrauben-2-schluessel\\\/#breadcrumb\"},\"inLanguage\":\"de\",\"potentialAction\":[{\"@type\":\"ReadAction\",\"target\":[\"https:\\\/\\\/marktxxl.de\\\/markt\\\/produkt\\\/dokon-ersatz-schluessel-fuer-babysicherheit-magnetisches-schrankschloss-supermagnet-fuer-die-meisten-kinderschraenke-und-schubladenschloesser-ohne-bohren-oder-schrauben-2-schluessel\\\/\"]}]},{\"@type\":\"ImageObject\",\"inLanguage\":\"de\",\"@id\":\"https:\\\/\\\/marktxxl.de\\\/markt\\\/produkt\\\/dokon-ersatz-schluessel-fuer-babysicherheit-magnetisches-schrankschloss-supermagnet-fuer-die-meisten-kinderschraenke-und-schubladenschloesser-ohne-bohren-oder-schrauben-2-schluessel\\\/#primaryimage\",\"url\":\"https:\\\/\\\/m.media-amazon.com\\\/images\\\/I\\\/31u-J8Gqb1L._SL500_.jpg\",\"contentUrl\":\"https:\\\/\\\/m.media-amazon.com\\\/images\\\/I\\\/31u-J8Gqb1L._SL500_.jpg\",\"width\":500,\"height\":500},{\"@type\":\"BreadcrumbList\",\"@id\":\"https:\\\/\\\/marktxxl.de\\\/markt\\\/produkt\\\/dokon-ersatz-schluessel-fuer-babysicherheit-magnetisches-schrankschloss-supermagnet-fuer-die-meisten-kinderschraenke-und-schubladenschloesser-ohne-bohren-oder-schrauben-2-schluessel\\\/#breadcrumb\",\"itemListElement\":[{\"@type\":\"ListItem\",\"position\":1,\"name\":\"Startseite\",\"item\":\"https:\\\/\\\/marktxxl.de\\\/markt\\\/\"},{\"@type\":\"ListItem\",\"position\":2,\"name\":\"Markt\",\"item\":\"https:\\\/\\\/marktxxl.de\\\/markt\\\/\"},{\"@type\":\"ListItem\",\"position\":3,\"name\":\"Dokon Ersatz Schl\u00fcssel f\u00fcr Babysicherheit Magnetisches Schrankschloss, Supermagnet f\u00fcr die meisten Kinderschr\u00e4nke und\u2026\"}]},{\"@type\":\"WebSite\",\"@id\":\"https:\\\/\\\/marktxxl.de\\\/markt\\\/#website\",\"url\":\"https:\\\/\\\/marktxxl.de\\\/markt\\\/\",\"name\":\"Markt-XXL\",\"description\":\"Ihr Markt Online\",\"publisher\":{\"@id\":\"https:\\\/\\\/marktxxl.de\\\/markt\\\/#organization\"},\"potentialAction\":[{\"@type\":\"SearchAction\",\"target\":{\"@type\":\"EntryPoint\",\"urlTemplate\":\"https:\\\/\\\/marktxxl.de\\\/markt\\\/?s={search_term_string}\"},\"query-input\":{\"@type\":\"PropertyValueSpecification\",\"valueRequired\":true,\"valueName\":\"search_term_string\"}}],\"inLanguage\":\"de\"},{\"@type\":\"Organization\",\"@id\":\"https:\\\/\\\/marktxxl.de\\\/markt\\\/#organization\",\"name\":\"Markt-XXL\",\"url\":\"https:\\\/\\\/marktxxl.de\\\/markt\\\/\",\"logo\":{\"@type\":\"ImageObject\",\"inLanguage\":\"de\",\"@id\":\"https:\\\/\\\/marktxxl.de\\\/markt\\\/#\\\/schema\\\/logo\\\/image\\\/\",\"url\":\"https:\\\/\\\/marktxxl.de\\\/markt\\\/wp-content\\\/uploads\\\/sites\\\/3\\\/2020\\\/12\\\/logo.png\",\"contentUrl\":\"https:\\\/\\\/marktxxl.de\\\/markt\\\/wp-content\\\/uploads\\\/sites\\\/3\\\/2020\\\/12\\\/logo.png\",\"width\":200,\"height\":70,\"caption\":\"Markt-XXL\"},\"image\":{\"@id\":\"https:\\\/\\\/marktxxl.de\\\/markt\\\/#\\\/schema\\\/logo\\\/image\\\/\"}}]}<\/script>\n<!-- \/ Yoast SEO plugin. -->","yoast_head_json":{"title":"Dokon Ersatz Schl\u00fcssel f\u00fcr Babysicherheit Magnetisches Schrankschloss, Supermagnet f\u00fcr die meisten Kinderschr\u00e4nke und\u2026 - Markt-XXL","description":"Markt-XXL Dokon Ersatz Schl\u00fcssel f\u00fcr Babysicherheit Magnetisches Schrankschloss, Supermagnet f\u00fcr die meisten Kinderschr\u00e4nke und\u2026","robots":{"index":"index","follow":"follow","max-snippet":"max-snippet:-1","max-image-preview":"max-image-preview:large","max-video-preview":"max-video-preview:-1"},"canonical":"https:\/\/marktxxl.de\/markt\/produkt\/dokon-ersatz-schluessel-fuer-babysicherheit-magnetisches-schrankschloss-supermagnet-fuer-die-meisten-kinderschraenke-und-schubladenschloesser-ohne-bohren-oder-schrauben-2-schluessel\/","og_locale":"de_DE","og_type":"article","og_title":"Dokon Ersatz Schl\u00fcssel f\u00fcr Babysicherheit Magnetisches Schrankschloss, Supermagnet f\u00fcr die meisten Kinderschr\u00e4nke und\u2026 - Markt-XXL","og_description":"Markt-XXL Dokon Ersatz Schl\u00fcssel f\u00fcr Babysicherheit Magnetisches Schrankschloss, Supermagnet f\u00fcr die meisten Kinderschr\u00e4nke und\u2026","og_url":"https:\/\/marktxxl.de\/markt\/produkt\/dokon-ersatz-schluessel-fuer-babysicherheit-magnetisches-schrankschloss-supermagnet-fuer-die-meisten-kinderschraenke-und-schubladenschloesser-ohne-bohren-oder-schrauben-2-schluessel\/","og_site_name":"Markt-XXL","article_modified_time":"2023-04-10T23:36:28+00:00","og_image":[{"width":500,"height":500,"url":"https:\/\/m.media-amazon.com\/images\/I\/31u-J8Gqb1L._SL500_.jpg","type":"image\/jpeg"}],"twitter_card":"summary_large_image","twitter_misc":{"Gesch\u00e4tzte Lesezeit":"1\u00a0Minute"},"schema":{"@context":"https:\/\/schema.org","@graph":[{"@type":"WebPage","@id":"https:\/\/marktxxl.de\/markt\/produkt\/dokon-ersatz-schluessel-fuer-babysicherheit-magnetisches-schrankschloss-supermagnet-fuer-die-meisten-kinderschraenke-und-schubladenschloesser-ohne-bohren-oder-schrauben-2-schluessel\/","url":"https:\/\/marktxxl.de\/markt\/produkt\/dokon-ersatz-schluessel-fuer-babysicherheit-magnetisches-schrankschloss-supermagnet-fuer-die-meisten-kinderschraenke-und-schubladenschloesser-ohne-bohren-oder-schrauben-2-schluessel\/","name":"Dokon Ersatz Schl\u00fcssel f\u00fcr Babysicherheit Magnetisches Schrankschloss, Supermagnet f\u00fcr die meisten Kinderschr\u00e4nke und\u2026 - Markt-XXL","isPartOf":{"@id":"https:\/\/marktxxl.de\/markt\/#website"},"primaryImageOfPage":{"@id":"https:\/\/marktxxl.de\/markt\/produkt\/dokon-ersatz-schluessel-fuer-babysicherheit-magnetisches-schrankschloss-supermagnet-fuer-die-meisten-kinderschraenke-und-schubladenschloesser-ohne-bohren-oder-schrauben-2-schluessel\/#primaryimage"},"image":{"@id":"https:\/\/marktxxl.de\/markt\/produkt\/dokon-ersatz-schluessel-fuer-babysicherheit-magnetisches-schrankschloss-supermagnet-fuer-die-meisten-kinderschraenke-und-schubladenschloesser-ohne-bohren-oder-schrauben-2-schluessel\/#primaryimage"},"thumbnailUrl":"https:\/\/m.media-amazon.com\/images\/I\/31u-J8Gqb1L._SL500_.jpg","datePublished":"2021-09-12T19:42:44+00:00","dateModified":"2023-04-10T23:36:28+00:00","description":"Markt-XXL Dokon Ersatz Schl\u00fcssel f\u00fcr Babysicherheit Magnetisches Schrankschloss, Supermagnet f\u00fcr die meisten Kinderschr\u00e4nke und\u2026","breadcrumb":{"@id":"https:\/\/marktxxl.de\/markt\/produkt\/dokon-ersatz-schluessel-fuer-babysicherheit-magnetisches-schrankschloss-supermagnet-fuer-die-meisten-kinderschraenke-und-schubladenschloesser-ohne-bohren-oder-schrauben-2-schluessel\/#breadcrumb"},"inLanguage":"de","potentialAction":[{"@type":"ReadAction","target":["https:\/\/marktxxl.de\/markt\/produkt\/dokon-ersatz-schluessel-fuer-babysicherheit-magnetisches-schrankschloss-supermagnet-fuer-die-meisten-kinderschraenke-und-schubladenschloesser-ohne-bohren-oder-schrauben-2-schluessel\/"]}]},{"@type":"ImageObject","inLanguage":"de","@id":"https:\/\/marktxxl.de\/markt\/produkt\/dokon-ersatz-schluessel-fuer-babysicherheit-magnetisches-schrankschloss-supermagnet-fuer-die-meisten-kinderschraenke-und-schubladenschloesser-ohne-bohren-oder-schrauben-2-schluessel\/#primaryimage","url":"https:\/\/m.media-amazon.com\/images\/I\/31u-J8Gqb1L._SL500_.jpg","contentUrl":"https:\/\/m.media-amazon.com\/images\/I\/31u-J8Gqb1L._SL500_.jpg","width":500,"height":500},{"@type":"BreadcrumbList","@id":"https:\/\/marktxxl.de\/markt\/produkt\/dokon-ersatz-schluessel-fuer-babysicherheit-magnetisches-schrankschloss-supermagnet-fuer-die-meisten-kinderschraenke-und-schubladenschloesser-ohne-bohren-oder-schrauben-2-schluessel\/#breadcrumb","itemListElement":[{"@type":"ListItem","position":1,"name":"Startseite","item":"https:\/\/marktxxl.de\/markt\/"},{"@type":"ListItem","position":2,"name":"Markt","item":"https:\/\/marktxxl.de\/markt\/"},{"@type":"ListItem","position":3,"name":"Dokon Ersatz Schl\u00fcssel f\u00fcr Babysicherheit Magnetisches Schrankschloss, Supermagnet f\u00fcr die meisten Kinderschr\u00e4nke und\u2026"}]},{"@type":"WebSite","@id":"https:\/\/marktxxl.de\/markt\/#website","url":"https:\/\/marktxxl.de\/markt\/","name":"Markt-XXL","description":"Ihr Markt Online","publisher":{"@id":"https:\/\/marktxxl.de\/markt\/#organization"},"potentialAction":[{"@type":"SearchAction","target":{"@type":"EntryPoint","urlTemplate":"https:\/\/marktxxl.de\/markt\/?s={search_term_string}"},"query-input":{"@type":"PropertyValueSpecification","valueRequired":true,"valueName":"search_term_string"}}],"inLanguage":"de"},{"@type":"Organization","@id":"https:\/\/marktxxl.de\/markt\/#organization","name":"Markt-XXL","url":"https:\/\/marktxxl.de\/markt\/","logo":{"@type":"ImageObject","inLanguage":"de","@id":"https:\/\/marktxxl.de\/markt\/#\/schema\/logo\/image\/","url":"https:\/\/marktxxl.de\/markt\/wp-content\/uploads\/sites\/3\/2020\/12\/logo.png","contentUrl":"https:\/\/marktxxl.de\/markt\/wp-content\/uploads\/sites\/3\/2020\/12\/logo.png","width":200,"height":70,"caption":"Markt-XXL"},"image":{"@id":"https:\/\/marktxxl.de\/markt\/#\/schema\/logo\/image\/"}}]}},"_links":{"self":[{"href":"https:\/\/marktxxl.de\/markt\/wp-json\/wp\/v2\/product\/27815","targetHints":{"allow":["GET"]}}],"collection":[{"href":"https:\/\/marktxxl.de\/markt\/wp-json\/wp\/v2\/product"}],"about":[{"href":"https:\/\/marktxxl.de\/markt\/wp-json\/wp\/v2\/types\/product"}],"replies":[{"embeddable":true,"href":"https:\/\/marktxxl.de\/markt\/wp-json\/wp\/v2\/comments?post=27815"}],"wp:featuredmedia":[{"embeddable":true,"href":"https:\/\/marktxxl.de\/markt\/wp-json\/wp\/v2\/media\/27816"}],"wp:attachment":[{"href":"https:\/\/marktxxl.de\/markt\/wp-json\/wp\/v2\/media?parent=27815"}],"wp:term":[{"taxonomy":"product_brand","embeddable":true,"href":"https:\/\/marktxxl.de\/markt\/wp-json\/wp\/v2\/product_brand?post=27815"},{"taxonomy":"product_cat","embeddable":true,"href":"https:\/\/marktxxl.de\/markt\/wp-json\/wp\/v2\/product_cat?post=27815"},{"taxonomy":"product_tag","embeddable":true,"href":"https:\/\/marktxxl.de\/markt\/wp-json\/wp\/v2\/product_tag?post=27815"}],"curies":[{"name":"wp","href":"https:\/\/api.w.org\/{rel}","templated":true}]}}