{"id":27734,"date":"2021-09-12T21:39:04","date_gmt":"2021-09-12T19:39:04","guid":{"rendered":"https:\/\/marktxxl.de\/markt\/produkt\/simba-6315876392-disney-minnie-maus-ringrassel-bunt-14cm-ab-den-ersten-lebensmonaten-geeignet-babyspielzeug-rassel-micky-mouse\/"},"modified":"2023-04-11T01:36:26","modified_gmt":"2023-04-10T23:36:26","slug":"simba-6315876392-disney-minnie-maus-ringrassel-bunt-14cm-ab-den-ersten-lebensmonaten-geeignet-babyspielzeug-rassel-micky-mouse","status":"publish","type":"product","link":"https:\/\/marktxxl.de\/markt\/produkt\/simba-6315876392-disney-minnie-maus-ringrassel-bunt-14cm-ab-den-ersten-lebensmonaten-geeignet-babyspielzeug-rassel-micky-mouse\/","title":{"rendered":"Simba 6315876392 &#8211; Disney Minnie Maus Ringrassel, bunt, 14cm, ab den ersten Lebensmonaten geeignet, Babyspielzeug\u2026"},"content":{"rendered":"<p>Disney Minnie Ringrassel &#8211; Die niedliche Ringrassel im Minnie Maus Design ist das perfekte erste Spielzeug f\u00fcr Babys ab den ersten Monaten und in Rosa-Blau gehalten.<br \/>\nSuperweich &#8211; Der Kopf von Minnie besteht aus superweichem und flauschigem Pl\u00fcschmaterial. Damit ist die Rassel nicht nur zum Spielen sondern auch zum Kuscheln und Einschlafen ideal geeignet.<br \/>\nTraining f\u00fcrs Geh\u00f6r und mehr &#8211; Durch Sch\u00fctteln der Rassel bewegen sich die B\u00e4lle im Ringinneren. Das Ger\u00e4usch zieht die Aufmerksamkeit des Kindes auf sich und stimuliert dessen H\u00f6rwahrnehmung. Die vern\u00e4hten Schlaufen und Knoten regen zum Spielen und Experimentieren an.<br \/>\nPerfektes Geschenk &#8211; Die 14 cm kleine Minnie Maus Rassel ist als kuscheliger Freund und erstes Spielzeug das ideale Geschenk f\u00fcr Neugeborene.<br \/>\nSimba &#8211; Elefantenstarker Spielspa\u00df! Im Zentrum der Produktentwicklung steht die Begeisterung der Kinder. F\u00fcr Jungen und M\u00e4dchen, Klein und Gro\u00df. Kinder sollen Spa\u00df haben und gef\u00f6rdert werden.<br \/>\n<div class=\"main-cross-sell\" data-asin=\"B07NH1SL7D\">\n\n\t<div class=\"WooZone-cross-sell-loader\">\n\t\t<div>\n\t\t\t<div id=\"floatingBarsG\">\n\t\t\t\t<div class=\"blockG\" id=\"rotateG_01\"><\/div>\n\t\t\t\t<div class=\"blockG\" id=\"rotateG_02\"><\/div>\n\t\t\t\t<div class=\"blockG\" id=\"rotateG_03\"><\/div>\n\t\t\t\t<div class=\"blockG\" id=\"rotateG_04\"><\/div>\n\t\t\t\t<div class=\"blockG\" id=\"rotateG_05\"><\/div>\n\t\t\t\t<div class=\"blockG\" id=\"rotateG_06\"><\/div>\n\t\t\t\t<div class=\"blockG\" id=\"rotateG_07\"><\/div>\n\t\t\t\t<div class=\"blockG\" id=\"rotateG_08\"><\/div>\n\t\t\t<\/div>\n\t\t\t<div class=\"WooZone-cross-sell-loader-text\"><\/div>\n\t\t<\/div>\n\t<\/div>\n\n\t\t\n<\/div>\n<div style=\"clear:both;\"><\/div><\/p>\n","protected":false},"excerpt":{"rendered":"<p>Disney Minnie Ringrassel &#8211; Die niedliche Ringrassel im Minnie Maus Design ist das perfekte erste Spielzeug f\u00fcr Babys ab den ersten Monaten und in Rosa-Blau gehalten.<br \/>\nSuperweich &#8211; Der Kopf von Minnie besteht aus superweichem und flauschigem Pl\u00fcschmaterial. Damit ist die Rassel nicht nur zum Spielen sondern auch zum Kuscheln und Einschlafen ideal geeignet.<br \/>\nTraining f\u00fcrs Geh\u00f6r und mehr &#8211; Durch Sch\u00fctteln der Rassel bewegen sich die B\u00e4lle im Ringinneren. Das Ger\u00e4usch zieht die Aufmerksamkeit des Kindes auf sich und stimuliert dessen H\u00f6rwahrnehmung. Die vern\u00e4hten Schlaufen und Knoten regen zum Spielen und Experimentieren an.<\/p>\n","protected":false},"featured_media":27735,"comment_status":"open","ping_status":"closed","template":"","meta":[],"product_brand":[],"product_cat":[21,8879],"product_tag":[],"class_list":{"0":"post-27734","1":"product","2":"type-product","3":"status-publish","4":"has-post-thumbnail","6":"product_cat-baby","7":"product_cat-baby-kleinkindspielzeug-baby","8":"pa_binding-spielzeug","9":"pa_brand-simba","10":"pa_height-7-87401574-zoll","11":"pa_length-2-362204722-zoll","12":"pa_manufacturer-simba-toys","13":"pa_model-12809","14":"pa_warranty-2-jahre-herstellergarantie","15":"pa_weight-0-11904962148-pfund","16":"pa_width-5-905511805-zoll","18":"first","19":"instock","20":"shipping-taxable","21":"purchasable","22":"product-type-simple","23":"customify-col","24":"product-has-gallery"},"yoast_head":"<!-- This site is optimized with the Yoast SEO plugin v27.3 - https:\/\/yoast.com\/product\/yoast-seo-wordpress\/ -->\n<title>Simba 6315876392 - Disney Minnie Maus Ringrassel, bunt, 14cm, ab den ersten Lebensmonaten geeignet, Babyspielzeug\u2026 - Markt-XXL<\/title>\n<meta name=\"description\" content=\"Markt-XXL Simba 6315876392 - Disney Minnie Maus Ringrassel, bunt, 14cm, ab den ersten Lebensmonaten geeignet, Babyspielzeug\u2026\" \/>\n<meta name=\"robots\" content=\"index, follow, max-snippet:-1, max-image-preview:large, max-video-preview:-1\" \/>\n<link rel=\"canonical\" href=\"https:\/\/marktxxl.de\/markt\/produkt\/simba-6315876392-disney-minnie-maus-ringrassel-bunt-14cm-ab-den-ersten-lebensmonaten-geeignet-babyspielzeug-rassel-micky-mouse\/\" \/>\n<meta property=\"og:locale\" content=\"de_DE\" \/>\n<meta property=\"og:type\" content=\"article\" \/>\n<meta property=\"og:title\" content=\"Simba 6315876392 - Disney Minnie Maus Ringrassel, bunt, 14cm, ab den ersten Lebensmonaten geeignet, Babyspielzeug\u2026 - Markt-XXL\" \/>\n<meta property=\"og:description\" content=\"Markt-XXL Simba 6315876392 - Disney Minnie Maus Ringrassel, bunt, 14cm, ab den ersten Lebensmonaten geeignet, Babyspielzeug\u2026\" \/>\n<meta property=\"og:url\" content=\"https:\/\/marktxxl.de\/markt\/produkt\/simba-6315876392-disney-minnie-maus-ringrassel-bunt-14cm-ab-den-ersten-lebensmonaten-geeignet-babyspielzeug-rassel-micky-mouse\/\" \/>\n<meta property=\"og:site_name\" content=\"Markt-XXL\" \/>\n<meta property=\"article:modified_time\" content=\"2023-04-10T23:36:26+00:00\" \/>\n<meta property=\"og:image\" content=\"https:\/\/m.media-amazon.com\/images\/I\/41ifwqYs79L._SL500_.jpg\" \/>\n\t<meta property=\"og:image:width\" content=\"445\" \/>\n\t<meta property=\"og:image:height\" content=\"500\" \/>\n\t<meta property=\"og:image:type\" content=\"image\/jpeg\" \/>\n<meta name=\"twitter:card\" content=\"summary_large_image\" \/>\n<meta name=\"twitter:label1\" content=\"Gesch\u00e4tzte Lesezeit\" \/>\n\t<meta name=\"twitter:data1\" content=\"1\u00a0Minute\" \/>\n<script type=\"application\/ld+json\" class=\"yoast-schema-graph\">{\"@context\":\"https:\\\/\\\/schema.org\",\"@graph\":[{\"@type\":\"WebPage\",\"@id\":\"https:\\\/\\\/marktxxl.de\\\/markt\\\/produkt\\\/simba-6315876392-disney-minnie-maus-ringrassel-bunt-14cm-ab-den-ersten-lebensmonaten-geeignet-babyspielzeug-rassel-micky-mouse\\\/\",\"url\":\"https:\\\/\\\/marktxxl.de\\\/markt\\\/produkt\\\/simba-6315876392-disney-minnie-maus-ringrassel-bunt-14cm-ab-den-ersten-lebensmonaten-geeignet-babyspielzeug-rassel-micky-mouse\\\/\",\"name\":\"Simba 6315876392 - Disney Minnie Maus Ringrassel, bunt, 14cm, ab den ersten Lebensmonaten geeignet, Babyspielzeug\u2026 - Markt-XXL\",\"isPartOf\":{\"@id\":\"https:\\\/\\\/marktxxl.de\\\/markt\\\/#website\"},\"primaryImageOfPage\":{\"@id\":\"https:\\\/\\\/marktxxl.de\\\/markt\\\/produkt\\\/simba-6315876392-disney-minnie-maus-ringrassel-bunt-14cm-ab-den-ersten-lebensmonaten-geeignet-babyspielzeug-rassel-micky-mouse\\\/#primaryimage\"},\"image\":{\"@id\":\"https:\\\/\\\/marktxxl.de\\\/markt\\\/produkt\\\/simba-6315876392-disney-minnie-maus-ringrassel-bunt-14cm-ab-den-ersten-lebensmonaten-geeignet-babyspielzeug-rassel-micky-mouse\\\/#primaryimage\"},\"thumbnailUrl\":\"https:\\\/\\\/m.media-amazon.com\\\/images\\\/I\\\/41ifwqYs79L._SL500_.jpg\",\"datePublished\":\"2021-09-12T19:39:04+00:00\",\"dateModified\":\"2023-04-10T23:36:26+00:00\",\"description\":\"Markt-XXL Simba 6315876392 - Disney Minnie Maus Ringrassel, bunt, 14cm, ab den ersten Lebensmonaten geeignet, Babyspielzeug\u2026\",\"breadcrumb\":{\"@id\":\"https:\\\/\\\/marktxxl.de\\\/markt\\\/produkt\\\/simba-6315876392-disney-minnie-maus-ringrassel-bunt-14cm-ab-den-ersten-lebensmonaten-geeignet-babyspielzeug-rassel-micky-mouse\\\/#breadcrumb\"},\"inLanguage\":\"de\",\"potentialAction\":[{\"@type\":\"ReadAction\",\"target\":[\"https:\\\/\\\/marktxxl.de\\\/markt\\\/produkt\\\/simba-6315876392-disney-minnie-maus-ringrassel-bunt-14cm-ab-den-ersten-lebensmonaten-geeignet-babyspielzeug-rassel-micky-mouse\\\/\"]}]},{\"@type\":\"ImageObject\",\"inLanguage\":\"de\",\"@id\":\"https:\\\/\\\/marktxxl.de\\\/markt\\\/produkt\\\/simba-6315876392-disney-minnie-maus-ringrassel-bunt-14cm-ab-den-ersten-lebensmonaten-geeignet-babyspielzeug-rassel-micky-mouse\\\/#primaryimage\",\"url\":\"https:\\\/\\\/m.media-amazon.com\\\/images\\\/I\\\/41ifwqYs79L._SL500_.jpg\",\"contentUrl\":\"https:\\\/\\\/m.media-amazon.com\\\/images\\\/I\\\/41ifwqYs79L._SL500_.jpg\",\"width\":445,\"height\":500},{\"@type\":\"BreadcrumbList\",\"@id\":\"https:\\\/\\\/marktxxl.de\\\/markt\\\/produkt\\\/simba-6315876392-disney-minnie-maus-ringrassel-bunt-14cm-ab-den-ersten-lebensmonaten-geeignet-babyspielzeug-rassel-micky-mouse\\\/#breadcrumb\",\"itemListElement\":[{\"@type\":\"ListItem\",\"position\":1,\"name\":\"Startseite\",\"item\":\"https:\\\/\\\/marktxxl.de\\\/markt\\\/\"},{\"@type\":\"ListItem\",\"position\":2,\"name\":\"Markt\",\"item\":\"https:\\\/\\\/marktxxl.de\\\/markt\\\/\"},{\"@type\":\"ListItem\",\"position\":3,\"name\":\"Simba 6315876392 &#8211; Disney Minnie Maus Ringrassel, bunt, 14cm, ab den ersten Lebensmonaten geeignet, Babyspielzeug\u2026\"}]},{\"@type\":\"WebSite\",\"@id\":\"https:\\\/\\\/marktxxl.de\\\/markt\\\/#website\",\"url\":\"https:\\\/\\\/marktxxl.de\\\/markt\\\/\",\"name\":\"Markt-XXL\",\"description\":\"Ihr Markt Online\",\"publisher\":{\"@id\":\"https:\\\/\\\/marktxxl.de\\\/markt\\\/#organization\"},\"potentialAction\":[{\"@type\":\"SearchAction\",\"target\":{\"@type\":\"EntryPoint\",\"urlTemplate\":\"https:\\\/\\\/marktxxl.de\\\/markt\\\/?s={search_term_string}\"},\"query-input\":{\"@type\":\"PropertyValueSpecification\",\"valueRequired\":true,\"valueName\":\"search_term_string\"}}],\"inLanguage\":\"de\"},{\"@type\":\"Organization\",\"@id\":\"https:\\\/\\\/marktxxl.de\\\/markt\\\/#organization\",\"name\":\"Markt-XXL\",\"url\":\"https:\\\/\\\/marktxxl.de\\\/markt\\\/\",\"logo\":{\"@type\":\"ImageObject\",\"inLanguage\":\"de\",\"@id\":\"https:\\\/\\\/marktxxl.de\\\/markt\\\/#\\\/schema\\\/logo\\\/image\\\/\",\"url\":\"https:\\\/\\\/marktxxl.de\\\/markt\\\/wp-content\\\/uploads\\\/sites\\\/3\\\/2020\\\/12\\\/logo.png\",\"contentUrl\":\"https:\\\/\\\/marktxxl.de\\\/markt\\\/wp-content\\\/uploads\\\/sites\\\/3\\\/2020\\\/12\\\/logo.png\",\"width\":200,\"height\":70,\"caption\":\"Markt-XXL\"},\"image\":{\"@id\":\"https:\\\/\\\/marktxxl.de\\\/markt\\\/#\\\/schema\\\/logo\\\/image\\\/\"}}]}<\/script>\n<!-- \/ Yoast SEO plugin. -->","yoast_head_json":{"title":"Simba 6315876392 - Disney Minnie Maus Ringrassel, bunt, 14cm, ab den ersten Lebensmonaten geeignet, Babyspielzeug\u2026 - Markt-XXL","description":"Markt-XXL Simba 6315876392 - Disney Minnie Maus Ringrassel, bunt, 14cm, ab den ersten Lebensmonaten geeignet, Babyspielzeug\u2026","robots":{"index":"index","follow":"follow","max-snippet":"max-snippet:-1","max-image-preview":"max-image-preview:large","max-video-preview":"max-video-preview:-1"},"canonical":"https:\/\/marktxxl.de\/markt\/produkt\/simba-6315876392-disney-minnie-maus-ringrassel-bunt-14cm-ab-den-ersten-lebensmonaten-geeignet-babyspielzeug-rassel-micky-mouse\/","og_locale":"de_DE","og_type":"article","og_title":"Simba 6315876392 - Disney Minnie Maus Ringrassel, bunt, 14cm, ab den ersten Lebensmonaten geeignet, Babyspielzeug\u2026 - Markt-XXL","og_description":"Markt-XXL Simba 6315876392 - Disney Minnie Maus Ringrassel, bunt, 14cm, ab den ersten Lebensmonaten geeignet, Babyspielzeug\u2026","og_url":"https:\/\/marktxxl.de\/markt\/produkt\/simba-6315876392-disney-minnie-maus-ringrassel-bunt-14cm-ab-den-ersten-lebensmonaten-geeignet-babyspielzeug-rassel-micky-mouse\/","og_site_name":"Markt-XXL","article_modified_time":"2023-04-10T23:36:26+00:00","og_image":[{"width":445,"height":500,"url":"https:\/\/m.media-amazon.com\/images\/I\/41ifwqYs79L._SL500_.jpg","type":"image\/jpeg"}],"twitter_card":"summary_large_image","twitter_misc":{"Gesch\u00e4tzte Lesezeit":"1\u00a0Minute"},"schema":{"@context":"https:\/\/schema.org","@graph":[{"@type":"WebPage","@id":"https:\/\/marktxxl.de\/markt\/produkt\/simba-6315876392-disney-minnie-maus-ringrassel-bunt-14cm-ab-den-ersten-lebensmonaten-geeignet-babyspielzeug-rassel-micky-mouse\/","url":"https:\/\/marktxxl.de\/markt\/produkt\/simba-6315876392-disney-minnie-maus-ringrassel-bunt-14cm-ab-den-ersten-lebensmonaten-geeignet-babyspielzeug-rassel-micky-mouse\/","name":"Simba 6315876392 - Disney Minnie Maus Ringrassel, bunt, 14cm, ab den ersten Lebensmonaten geeignet, Babyspielzeug\u2026 - Markt-XXL","isPartOf":{"@id":"https:\/\/marktxxl.de\/markt\/#website"},"primaryImageOfPage":{"@id":"https:\/\/marktxxl.de\/markt\/produkt\/simba-6315876392-disney-minnie-maus-ringrassel-bunt-14cm-ab-den-ersten-lebensmonaten-geeignet-babyspielzeug-rassel-micky-mouse\/#primaryimage"},"image":{"@id":"https:\/\/marktxxl.de\/markt\/produkt\/simba-6315876392-disney-minnie-maus-ringrassel-bunt-14cm-ab-den-ersten-lebensmonaten-geeignet-babyspielzeug-rassel-micky-mouse\/#primaryimage"},"thumbnailUrl":"https:\/\/m.media-amazon.com\/images\/I\/41ifwqYs79L._SL500_.jpg","datePublished":"2021-09-12T19:39:04+00:00","dateModified":"2023-04-10T23:36:26+00:00","description":"Markt-XXL Simba 6315876392 - Disney Minnie Maus Ringrassel, bunt, 14cm, ab den ersten Lebensmonaten geeignet, Babyspielzeug\u2026","breadcrumb":{"@id":"https:\/\/marktxxl.de\/markt\/produkt\/simba-6315876392-disney-minnie-maus-ringrassel-bunt-14cm-ab-den-ersten-lebensmonaten-geeignet-babyspielzeug-rassel-micky-mouse\/#breadcrumb"},"inLanguage":"de","potentialAction":[{"@type":"ReadAction","target":["https:\/\/marktxxl.de\/markt\/produkt\/simba-6315876392-disney-minnie-maus-ringrassel-bunt-14cm-ab-den-ersten-lebensmonaten-geeignet-babyspielzeug-rassel-micky-mouse\/"]}]},{"@type":"ImageObject","inLanguage":"de","@id":"https:\/\/marktxxl.de\/markt\/produkt\/simba-6315876392-disney-minnie-maus-ringrassel-bunt-14cm-ab-den-ersten-lebensmonaten-geeignet-babyspielzeug-rassel-micky-mouse\/#primaryimage","url":"https:\/\/m.media-amazon.com\/images\/I\/41ifwqYs79L._SL500_.jpg","contentUrl":"https:\/\/m.media-amazon.com\/images\/I\/41ifwqYs79L._SL500_.jpg","width":445,"height":500},{"@type":"BreadcrumbList","@id":"https:\/\/marktxxl.de\/markt\/produkt\/simba-6315876392-disney-minnie-maus-ringrassel-bunt-14cm-ab-den-ersten-lebensmonaten-geeignet-babyspielzeug-rassel-micky-mouse\/#breadcrumb","itemListElement":[{"@type":"ListItem","position":1,"name":"Startseite","item":"https:\/\/marktxxl.de\/markt\/"},{"@type":"ListItem","position":2,"name":"Markt","item":"https:\/\/marktxxl.de\/markt\/"},{"@type":"ListItem","position":3,"name":"Simba 6315876392 &#8211; Disney Minnie Maus Ringrassel, bunt, 14cm, ab den ersten Lebensmonaten geeignet, Babyspielzeug\u2026"}]},{"@type":"WebSite","@id":"https:\/\/marktxxl.de\/markt\/#website","url":"https:\/\/marktxxl.de\/markt\/","name":"Markt-XXL","description":"Ihr Markt Online","publisher":{"@id":"https:\/\/marktxxl.de\/markt\/#organization"},"potentialAction":[{"@type":"SearchAction","target":{"@type":"EntryPoint","urlTemplate":"https:\/\/marktxxl.de\/markt\/?s={search_term_string}"},"query-input":{"@type":"PropertyValueSpecification","valueRequired":true,"valueName":"search_term_string"}}],"inLanguage":"de"},{"@type":"Organization","@id":"https:\/\/marktxxl.de\/markt\/#organization","name":"Markt-XXL","url":"https:\/\/marktxxl.de\/markt\/","logo":{"@type":"ImageObject","inLanguage":"de","@id":"https:\/\/marktxxl.de\/markt\/#\/schema\/logo\/image\/","url":"https:\/\/marktxxl.de\/markt\/wp-content\/uploads\/sites\/3\/2020\/12\/logo.png","contentUrl":"https:\/\/marktxxl.de\/markt\/wp-content\/uploads\/sites\/3\/2020\/12\/logo.png","width":200,"height":70,"caption":"Markt-XXL"},"image":{"@id":"https:\/\/marktxxl.de\/markt\/#\/schema\/logo\/image\/"}}]}},"_links":{"self":[{"href":"https:\/\/marktxxl.de\/markt\/wp-json\/wp\/v2\/product\/27734","targetHints":{"allow":["GET"]}}],"collection":[{"href":"https:\/\/marktxxl.de\/markt\/wp-json\/wp\/v2\/product"}],"about":[{"href":"https:\/\/marktxxl.de\/markt\/wp-json\/wp\/v2\/types\/product"}],"replies":[{"embeddable":true,"href":"https:\/\/marktxxl.de\/markt\/wp-json\/wp\/v2\/comments?post=27734"}],"wp:featuredmedia":[{"embeddable":true,"href":"https:\/\/marktxxl.de\/markt\/wp-json\/wp\/v2\/media\/27735"}],"wp:attachment":[{"href":"https:\/\/marktxxl.de\/markt\/wp-json\/wp\/v2\/media?parent=27734"}],"wp:term":[{"taxonomy":"product_brand","embeddable":true,"href":"https:\/\/marktxxl.de\/markt\/wp-json\/wp\/v2\/product_brand?post=27734"},{"taxonomy":"product_cat","embeddable":true,"href":"https:\/\/marktxxl.de\/markt\/wp-json\/wp\/v2\/product_cat?post=27734"},{"taxonomy":"product_tag","embeddable":true,"href":"https:\/\/marktxxl.de\/markt\/wp-json\/wp\/v2\/product_tag?post=27734"}],"curies":[{"name":"wp","href":"https:\/\/api.w.org\/{rel}","templated":true}]}}