{"id":27686,"date":"2021-09-12T21:39:00","date_gmt":"2021-09-12T19:39:00","guid":{"rendered":"https:\/\/marktxxl.de\/markt\/produkt\/bibs-baby-schnuller-bpa-frei-naturkautschuk-hergestellt-in-daenemark-2-stueck\/"},"modified":"2023-04-10T01:21:37","modified_gmt":"2023-04-09T23:21:37","slug":"bibs-baby-schnuller-bpa-frei-naturkautschuk-hergestellt-in-daenemark-2-stueck","status":"publish","type":"product","link":"https:\/\/marktxxl.de\/markt\/produkt\/bibs-baby-schnuller-bpa-frei-naturkautschuk-hergestellt-in-daenemark-2-stueck\/","title":{"rendered":"Bibs Baby-Schnuller, BPA-frei, Naturkautschuk, hergestellt in D\u00e4nemark, 2 St\u00fcck"},"content":{"rendered":"<p>Ein Favorit f\u00fcr M\u00fctter und Babys seit \u00fcber vierzig Jahren, der Baby-Schnuller aus Naturkautschuk von Bibs erm\u00f6glicht es Ihrem Kind, sich selbst zu beruhigen, indem es das instinktive Saugbed\u00fcrfnis auf die nat\u00fcrliche Weise stillt, indem es sowohl die Form als auch die weiche Textur der Mutterbrust nachahmt. Ihr klassisches Aussehen f\u00e4ngt einen zeitlosen und eleganten Look ein.<br \/>\nPflegehinweise: Sterilisieren Sie jeden Schnuller vor dem Gebrauch, indem Sie kochendes Wasser dar\u00fcber gie\u00dfen, das restliche Wasser herausdr\u00fccken und f\u00fcr 4\u20136 Stunden trocknen lassen. F\u00fcr eine optimale Hygienepraxis sollten Schnuller nur 2\u20133 Monate verwendet werden. Verwenden Sie keinen Schnuller, der Farbver\u00e4nderungen oder Unregelm\u00e4\u00dfigkeiten zeigt, obwohl die Brustwarzengr\u00f6\u00dfe sich mit der Verwendung nat\u00fcrlich ausdehnen kann.<br \/>\n<div class=\"main-cross-sell\" data-asin=\"B07FWRSSDD\">\n\n\t<div class=\"WooZone-cross-sell-loader\">\n\t\t<div>\n\t\t\t<div id=\"floatingBarsG\">\n\t\t\t\t<div class=\"blockG\" id=\"rotateG_01\"><\/div>\n\t\t\t\t<div class=\"blockG\" id=\"rotateG_02\"><\/div>\n\t\t\t\t<div class=\"blockG\" id=\"rotateG_03\"><\/div>\n\t\t\t\t<div class=\"blockG\" id=\"rotateG_04\"><\/div>\n\t\t\t\t<div class=\"blockG\" id=\"rotateG_05\"><\/div>\n\t\t\t\t<div class=\"blockG\" id=\"rotateG_06\"><\/div>\n\t\t\t\t<div class=\"blockG\" id=\"rotateG_07\"><\/div>\n\t\t\t\t<div class=\"blockG\" id=\"rotateG_08\"><\/div>\n\t\t\t<\/div>\n\t\t\t<div class=\"WooZone-cross-sell-loader-text\"><\/div>\n\t\t<\/div>\n\t<\/div>\n\n\t\t\n<\/div>\n<div style=\"clear:both;\"><\/div><\/p>\n","protected":false},"excerpt":{"rendered":"<p>Ein Favorit f\u00fcr M\u00fctter und Babys seit \u00fcber vierzig Jahren, der Baby-Schnuller aus Naturkautschuk von Bibs erm\u00f6glicht es Ihrem Kind, sich selbst zu beruhigen, indem es das instinktive Saugbed\u00fcrfnis auf die nat\u00fcrliche Weise stillt, indem es sowohl die Form als auch die weiche Textur der Mutterbrust nachahmt. Ihr klassisches Aussehen f\u00e4ngt einen zeitlosen und eleganten Look ein.<br \/>\nPflegehinweise: Sterilisieren Sie jeden Schnuller vor dem Gebrauch, indem Sie kochendes Wasser dar\u00fcber gie\u00dfen, das restliche Wasser herausdr\u00fccken und f\u00fcr 4\u20136 Stunden trocknen lassen. F\u00fcr eine optimale Hygienepraxis sollten Schnuller nur 2\u20133 Monate verwendet werden. Verwenden Sie keinen Schnuller, der Farbver\u00e4nderungen oder Unregelm\u00e4\u00dfigkeiten zeigt, obwohl die Brustwarzengr\u00f6\u00dfe sich mit der Verwendung nat\u00fcrlich ausdehnen kann.<\/p>\n","protected":false},"featured_media":27687,"comment_status":"open","ping_status":"closed","template":"","meta":[],"product_brand":[],"product_cat":[21,9329,9362],"product_tag":[],"class_list":{"0":"post-27686","1":"product","2":"type-product","3":"status-publish","4":"has-post-thumbnail","6":"product_cat-baby","7":"product_cat-kinderwagen-buggys-zubehoer-baby","8":"product_cat-schnuller-beissringe-baby","9":"pa_binding-babyartikel","10":"pa_binding-unbekannter-einband","11":"pa_brand-bibs","12":"pa_color-blush-vanilla","13":"pa_manufacturer-bibs","14":"pa_model-bb-8997","15":"pa_model-cu110289","16":"pa_size-groesse-2-6-18-monate","17":"pa_weight-0-0220462262-pfund","19":"first","20":"instock","21":"shipping-taxable","22":"purchasable","23":"product-type-simple","24":"customify-col","25":"product-has-gallery"},"yoast_head":"<!-- This site is optimized with the Yoast SEO plugin v27.4 - https:\/\/yoast.com\/product\/yoast-seo-wordpress\/ -->\n<title>Bibs Baby-Schnuller, BPA-frei, Naturkautschuk, hergestellt in D\u00e4nemark, 2 St\u00fcck - Markt-XXL<\/title>\n<meta name=\"description\" content=\"Markt-XXL Bibs Baby-Schnuller, BPA-frei, Naturkautschuk, hergestellt in D\u00e4nemark, 2 St\u00fcck\" \/>\n<meta name=\"robots\" content=\"index, follow, max-snippet:-1, max-image-preview:large, max-video-preview:-1\" \/>\n<link rel=\"canonical\" href=\"https:\/\/marktxxl.de\/markt\/produkt\/bibs-baby-schnuller-bpa-frei-naturkautschuk-hergestellt-in-daenemark-2-stueck\/\" \/>\n<meta property=\"og:locale\" content=\"de_DE\" \/>\n<meta property=\"og:type\" content=\"article\" \/>\n<meta property=\"og:title\" content=\"Bibs Baby-Schnuller, BPA-frei, Naturkautschuk, hergestellt in D\u00e4nemark, 2 St\u00fcck - Markt-XXL\" \/>\n<meta property=\"og:description\" content=\"Markt-XXL Bibs Baby-Schnuller, BPA-frei, Naturkautschuk, hergestellt in D\u00e4nemark, 2 St\u00fcck\" \/>\n<meta property=\"og:url\" content=\"https:\/\/marktxxl.de\/markt\/produkt\/bibs-baby-schnuller-bpa-frei-naturkautschuk-hergestellt-in-daenemark-2-stueck\/\" \/>\n<meta property=\"og:site_name\" content=\"Markt-XXL\" \/>\n<meta property=\"article:modified_time\" content=\"2023-04-09T23:21:37+00:00\" \/>\n<meta property=\"og:image\" content=\"https:\/\/m.media-amazon.com\/images\/I\/31v2W3-3ilL._SL500_.jpg\" \/>\n\t<meta property=\"og:image:width\" content=\"500\" \/>\n\t<meta property=\"og:image:height\" content=\"500\" \/>\n\t<meta property=\"og:image:type\" content=\"image\/jpeg\" \/>\n<meta name=\"twitter:card\" content=\"summary_large_image\" \/>\n<meta name=\"twitter:label1\" content=\"Gesch\u00e4tzte Lesezeit\" \/>\n\t<meta name=\"twitter:data1\" content=\"1\u00a0Minute\" \/>\n<script type=\"application\/ld+json\" class=\"yoast-schema-graph\">{\"@context\":\"https:\\\/\\\/schema.org\",\"@graph\":[{\"@type\":\"WebPage\",\"@id\":\"https:\\\/\\\/marktxxl.de\\\/markt\\\/produkt\\\/bibs-baby-schnuller-bpa-frei-naturkautschuk-hergestellt-in-daenemark-2-stueck\\\/\",\"url\":\"https:\\\/\\\/marktxxl.de\\\/markt\\\/produkt\\\/bibs-baby-schnuller-bpa-frei-naturkautschuk-hergestellt-in-daenemark-2-stueck\\\/\",\"name\":\"Bibs Baby-Schnuller, BPA-frei, Naturkautschuk, hergestellt in D\u00e4nemark, 2 St\u00fcck - Markt-XXL\",\"isPartOf\":{\"@id\":\"https:\\\/\\\/marktxxl.de\\\/markt\\\/#website\"},\"primaryImageOfPage\":{\"@id\":\"https:\\\/\\\/marktxxl.de\\\/markt\\\/produkt\\\/bibs-baby-schnuller-bpa-frei-naturkautschuk-hergestellt-in-daenemark-2-stueck\\\/#primaryimage\"},\"image\":{\"@id\":\"https:\\\/\\\/marktxxl.de\\\/markt\\\/produkt\\\/bibs-baby-schnuller-bpa-frei-naturkautschuk-hergestellt-in-daenemark-2-stueck\\\/#primaryimage\"},\"thumbnailUrl\":\"https:\\\/\\\/m.media-amazon.com\\\/images\\\/I\\\/31v2W3-3ilL._SL500_.jpg\",\"datePublished\":\"2021-09-12T19:39:00+00:00\",\"dateModified\":\"2023-04-09T23:21:37+00:00\",\"description\":\"Markt-XXL Bibs Baby-Schnuller, BPA-frei, Naturkautschuk, hergestellt in D\u00e4nemark, 2 St\u00fcck\",\"breadcrumb\":{\"@id\":\"https:\\\/\\\/marktxxl.de\\\/markt\\\/produkt\\\/bibs-baby-schnuller-bpa-frei-naturkautschuk-hergestellt-in-daenemark-2-stueck\\\/#breadcrumb\"},\"inLanguage\":\"de\",\"potentialAction\":[{\"@type\":\"ReadAction\",\"target\":[\"https:\\\/\\\/marktxxl.de\\\/markt\\\/produkt\\\/bibs-baby-schnuller-bpa-frei-naturkautschuk-hergestellt-in-daenemark-2-stueck\\\/\"]}]},{\"@type\":\"ImageObject\",\"inLanguage\":\"de\",\"@id\":\"https:\\\/\\\/marktxxl.de\\\/markt\\\/produkt\\\/bibs-baby-schnuller-bpa-frei-naturkautschuk-hergestellt-in-daenemark-2-stueck\\\/#primaryimage\",\"url\":\"https:\\\/\\\/m.media-amazon.com\\\/images\\\/I\\\/31v2W3-3ilL._SL500_.jpg\",\"contentUrl\":\"https:\\\/\\\/m.media-amazon.com\\\/images\\\/I\\\/31v2W3-3ilL._SL500_.jpg\",\"width\":500,\"height\":500},{\"@type\":\"BreadcrumbList\",\"@id\":\"https:\\\/\\\/marktxxl.de\\\/markt\\\/produkt\\\/bibs-baby-schnuller-bpa-frei-naturkautschuk-hergestellt-in-daenemark-2-stueck\\\/#breadcrumb\",\"itemListElement\":[{\"@type\":\"ListItem\",\"position\":1,\"name\":\"Startseite\",\"item\":\"https:\\\/\\\/marktxxl.de\\\/markt\\\/\"},{\"@type\":\"ListItem\",\"position\":2,\"name\":\"Markt\",\"item\":\"https:\\\/\\\/marktxxl.de\\\/markt\\\/\"},{\"@type\":\"ListItem\",\"position\":3,\"name\":\"Bibs Baby-Schnuller, BPA-frei, Naturkautschuk, hergestellt in D\u00e4nemark, 2 St\u00fcck\"}]},{\"@type\":\"WebSite\",\"@id\":\"https:\\\/\\\/marktxxl.de\\\/markt\\\/#website\",\"url\":\"https:\\\/\\\/marktxxl.de\\\/markt\\\/\",\"name\":\"Markt-XXL\",\"description\":\"Ihr Markt Online\",\"publisher\":{\"@id\":\"https:\\\/\\\/marktxxl.de\\\/markt\\\/#organization\"},\"potentialAction\":[{\"@type\":\"SearchAction\",\"target\":{\"@type\":\"EntryPoint\",\"urlTemplate\":\"https:\\\/\\\/marktxxl.de\\\/markt\\\/?s={search_term_string}\"},\"query-input\":{\"@type\":\"PropertyValueSpecification\",\"valueRequired\":true,\"valueName\":\"search_term_string\"}}],\"inLanguage\":\"de\"},{\"@type\":\"Organization\",\"@id\":\"https:\\\/\\\/marktxxl.de\\\/markt\\\/#organization\",\"name\":\"Markt-XXL\",\"url\":\"https:\\\/\\\/marktxxl.de\\\/markt\\\/\",\"logo\":{\"@type\":\"ImageObject\",\"inLanguage\":\"de\",\"@id\":\"https:\\\/\\\/marktxxl.de\\\/markt\\\/#\\\/schema\\\/logo\\\/image\\\/\",\"url\":\"https:\\\/\\\/marktxxl.de\\\/markt\\\/wp-content\\\/uploads\\\/sites\\\/3\\\/2020\\\/12\\\/logo.png\",\"contentUrl\":\"https:\\\/\\\/marktxxl.de\\\/markt\\\/wp-content\\\/uploads\\\/sites\\\/3\\\/2020\\\/12\\\/logo.png\",\"width\":200,\"height\":70,\"caption\":\"Markt-XXL\"},\"image\":{\"@id\":\"https:\\\/\\\/marktxxl.de\\\/markt\\\/#\\\/schema\\\/logo\\\/image\\\/\"}}]}<\/script>\n<!-- \/ Yoast SEO plugin. -->","yoast_head_json":{"title":"Bibs Baby-Schnuller, BPA-frei, Naturkautschuk, hergestellt in D\u00e4nemark, 2 St\u00fcck - Markt-XXL","description":"Markt-XXL Bibs Baby-Schnuller, BPA-frei, Naturkautschuk, hergestellt in D\u00e4nemark, 2 St\u00fcck","robots":{"index":"index","follow":"follow","max-snippet":"max-snippet:-1","max-image-preview":"max-image-preview:large","max-video-preview":"max-video-preview:-1"},"canonical":"https:\/\/marktxxl.de\/markt\/produkt\/bibs-baby-schnuller-bpa-frei-naturkautschuk-hergestellt-in-daenemark-2-stueck\/","og_locale":"de_DE","og_type":"article","og_title":"Bibs Baby-Schnuller, BPA-frei, Naturkautschuk, hergestellt in D\u00e4nemark, 2 St\u00fcck - Markt-XXL","og_description":"Markt-XXL Bibs Baby-Schnuller, BPA-frei, Naturkautschuk, hergestellt in D\u00e4nemark, 2 St\u00fcck","og_url":"https:\/\/marktxxl.de\/markt\/produkt\/bibs-baby-schnuller-bpa-frei-naturkautschuk-hergestellt-in-daenemark-2-stueck\/","og_site_name":"Markt-XXL","article_modified_time":"2023-04-09T23:21:37+00:00","og_image":[{"width":500,"height":500,"url":"https:\/\/m.media-amazon.com\/images\/I\/31v2W3-3ilL._SL500_.jpg","type":"image\/jpeg"}],"twitter_card":"summary_large_image","twitter_misc":{"Gesch\u00e4tzte Lesezeit":"1\u00a0Minute"},"schema":{"@context":"https:\/\/schema.org","@graph":[{"@type":"WebPage","@id":"https:\/\/marktxxl.de\/markt\/produkt\/bibs-baby-schnuller-bpa-frei-naturkautschuk-hergestellt-in-daenemark-2-stueck\/","url":"https:\/\/marktxxl.de\/markt\/produkt\/bibs-baby-schnuller-bpa-frei-naturkautschuk-hergestellt-in-daenemark-2-stueck\/","name":"Bibs Baby-Schnuller, BPA-frei, Naturkautschuk, hergestellt in D\u00e4nemark, 2 St\u00fcck - Markt-XXL","isPartOf":{"@id":"https:\/\/marktxxl.de\/markt\/#website"},"primaryImageOfPage":{"@id":"https:\/\/marktxxl.de\/markt\/produkt\/bibs-baby-schnuller-bpa-frei-naturkautschuk-hergestellt-in-daenemark-2-stueck\/#primaryimage"},"image":{"@id":"https:\/\/marktxxl.de\/markt\/produkt\/bibs-baby-schnuller-bpa-frei-naturkautschuk-hergestellt-in-daenemark-2-stueck\/#primaryimage"},"thumbnailUrl":"https:\/\/m.media-amazon.com\/images\/I\/31v2W3-3ilL._SL500_.jpg","datePublished":"2021-09-12T19:39:00+00:00","dateModified":"2023-04-09T23:21:37+00:00","description":"Markt-XXL Bibs Baby-Schnuller, BPA-frei, Naturkautschuk, hergestellt in D\u00e4nemark, 2 St\u00fcck","breadcrumb":{"@id":"https:\/\/marktxxl.de\/markt\/produkt\/bibs-baby-schnuller-bpa-frei-naturkautschuk-hergestellt-in-daenemark-2-stueck\/#breadcrumb"},"inLanguage":"de","potentialAction":[{"@type":"ReadAction","target":["https:\/\/marktxxl.de\/markt\/produkt\/bibs-baby-schnuller-bpa-frei-naturkautschuk-hergestellt-in-daenemark-2-stueck\/"]}]},{"@type":"ImageObject","inLanguage":"de","@id":"https:\/\/marktxxl.de\/markt\/produkt\/bibs-baby-schnuller-bpa-frei-naturkautschuk-hergestellt-in-daenemark-2-stueck\/#primaryimage","url":"https:\/\/m.media-amazon.com\/images\/I\/31v2W3-3ilL._SL500_.jpg","contentUrl":"https:\/\/m.media-amazon.com\/images\/I\/31v2W3-3ilL._SL500_.jpg","width":500,"height":500},{"@type":"BreadcrumbList","@id":"https:\/\/marktxxl.de\/markt\/produkt\/bibs-baby-schnuller-bpa-frei-naturkautschuk-hergestellt-in-daenemark-2-stueck\/#breadcrumb","itemListElement":[{"@type":"ListItem","position":1,"name":"Startseite","item":"https:\/\/marktxxl.de\/markt\/"},{"@type":"ListItem","position":2,"name":"Markt","item":"https:\/\/marktxxl.de\/markt\/"},{"@type":"ListItem","position":3,"name":"Bibs Baby-Schnuller, BPA-frei, Naturkautschuk, hergestellt in D\u00e4nemark, 2 St\u00fcck"}]},{"@type":"WebSite","@id":"https:\/\/marktxxl.de\/markt\/#website","url":"https:\/\/marktxxl.de\/markt\/","name":"Markt-XXL","description":"Ihr Markt Online","publisher":{"@id":"https:\/\/marktxxl.de\/markt\/#organization"},"potentialAction":[{"@type":"SearchAction","target":{"@type":"EntryPoint","urlTemplate":"https:\/\/marktxxl.de\/markt\/?s={search_term_string}"},"query-input":{"@type":"PropertyValueSpecification","valueRequired":true,"valueName":"search_term_string"}}],"inLanguage":"de"},{"@type":"Organization","@id":"https:\/\/marktxxl.de\/markt\/#organization","name":"Markt-XXL","url":"https:\/\/marktxxl.de\/markt\/","logo":{"@type":"ImageObject","inLanguage":"de","@id":"https:\/\/marktxxl.de\/markt\/#\/schema\/logo\/image\/","url":"https:\/\/marktxxl.de\/markt\/wp-content\/uploads\/sites\/3\/2020\/12\/logo.png","contentUrl":"https:\/\/marktxxl.de\/markt\/wp-content\/uploads\/sites\/3\/2020\/12\/logo.png","width":200,"height":70,"caption":"Markt-XXL"},"image":{"@id":"https:\/\/marktxxl.de\/markt\/#\/schema\/logo\/image\/"}}]}},"_links":{"self":[{"href":"https:\/\/marktxxl.de\/markt\/wp-json\/wp\/v2\/product\/27686","targetHints":{"allow":["GET"]}}],"collection":[{"href":"https:\/\/marktxxl.de\/markt\/wp-json\/wp\/v2\/product"}],"about":[{"href":"https:\/\/marktxxl.de\/markt\/wp-json\/wp\/v2\/types\/product"}],"replies":[{"embeddable":true,"href":"https:\/\/marktxxl.de\/markt\/wp-json\/wp\/v2\/comments?post=27686"}],"wp:featuredmedia":[{"embeddable":true,"href":"https:\/\/marktxxl.de\/markt\/wp-json\/wp\/v2\/media\/27687"}],"wp:attachment":[{"href":"https:\/\/marktxxl.de\/markt\/wp-json\/wp\/v2\/media?parent=27686"}],"wp:term":[{"taxonomy":"product_brand","embeddable":true,"href":"https:\/\/marktxxl.de\/markt\/wp-json\/wp\/v2\/product_brand?post=27686"},{"taxonomy":"product_cat","embeddable":true,"href":"https:\/\/marktxxl.de\/markt\/wp-json\/wp\/v2\/product_cat?post=27686"},{"taxonomy":"product_tag","embeddable":true,"href":"https:\/\/marktxxl.de\/markt\/wp-json\/wp\/v2\/product_tag?post=27686"}],"curies":[{"name":"wp","href":"https:\/\/api.w.org\/{rel}","templated":true}]}}