{"id":27537,"date":"2021-09-12T21:36:08","date_gmt":"2021-09-12T19:36:08","guid":{"rendered":"https:\/\/marktxxl.de\/markt\/produkt\/extra-grosses-lammfell-lanabest-xxl-unser-bestseller-medizinisches-merino-schaffell-in-premium-qualitaet-in-deutschland-hergestellt-fabrikfrisch-hautfreundlich-30-grad-waschbar-groesse-ca\/"},"modified":"2023-04-10T01:21:33","modified_gmt":"2023-04-09T23:21:33","slug":"extra-grosses-lammfell-lanabest-xxl-unser-bestseller-medizinisches-merino-schaffell-in-premium-qualitaet-in-deutschland-hergestellt-fabrikfrisch-hautfreundlich-30-grad-waschbar-groesse-ca","status":"publish","type":"product","link":"https:\/\/marktxxl.de\/markt\/produkt\/extra-grosses-lammfell-lanabest-xxl-unser-bestseller-medizinisches-merino-schaffell-in-premium-qualitaet-in-deutschland-hergestellt-fabrikfrisch-hautfreundlich-30-grad-waschbar-groesse-ca\/","title":{"rendered":"extra gro\u00dfes Lammfell LANABEST XXL medizinisches Merino Schaffell in Premium-Qualit\u00e4t. In Deutschland hergestellt\u2026"},"content":{"rendered":"<p>LANABEST, extra-gro\u00dfes medizinisches Lammfell in Premium Qualit\u00e4t. Deutsche Spitzen-Qualit\u00e4t. Chromfrei &amp; \u00d6ko-Tex zertifiziert<br \/>\nGeruchsarm! Bei der Herstellung verwenden wir nur umweltschonende und hautfreundliche Waschmittel und wir verwenden keine chemischen Geruchsvernichter. Da unser Merino Lammfell ein Naturprodukt ist, wird es in kurzer Zeit den Umgebungsgeruch annehmen. Das ist f\u00fcr Kinder und Erwachsene besser als jeder chemische Geruchsvernichter. LANABEST Premium, Qualit\u00e4t, der Sie vertrauen k\u00f6nnen!<br \/>\nwaschbar bei 30\u00b0C. Chromfreie, sogenannte medizinische Gerbung<br \/>\nDichtes, stabiles Fell auch f\u00fcr Erwachsene. Geschoren auf 3cm f\u00fcr besten Liegekomfort, eine optimale Druckentlastung und einzigartig gute Klimaeigenschaften: nat\u00fcrlich w\u00e4rmend und Muskel-entspannend im Winter und frisch im Sommer<br \/>\nAls Baby-Lammfell, als Bettfell f\u00fcr Kinder und Jugendliche zum besseren Schlafen oder als beliebtes Hausmittel zum Schutz vor Druckgeschw\u00fcren, bei Schlafst\u00f6rungen, bei R\u00fcckenschmerzen<br \/>\n<div class=\"main-cross-sell\" data-asin=\"B00JVZYIA8\">\n\n\t<div class=\"WooZone-cross-sell-loader\">\n\t\t<div>\n\t\t\t<div id=\"floatingBarsG\">\n\t\t\t\t<div class=\"blockG\" id=\"rotateG_01\"><\/div>\n\t\t\t\t<div class=\"blockG\" id=\"rotateG_02\"><\/div>\n\t\t\t\t<div class=\"blockG\" id=\"rotateG_03\"><\/div>\n\t\t\t\t<div class=\"blockG\" id=\"rotateG_04\"><\/div>\n\t\t\t\t<div class=\"blockG\" id=\"rotateG_05\"><\/div>\n\t\t\t\t<div class=\"blockG\" id=\"rotateG_06\"><\/div>\n\t\t\t\t<div class=\"blockG\" id=\"rotateG_07\"><\/div>\n\t\t\t\t<div class=\"blockG\" id=\"rotateG_08\"><\/div>\n\t\t\t<\/div>\n\t\t\t<div class=\"WooZone-cross-sell-loader-text\"><\/div>\n\t\t<\/div>\n\t<\/div>\n\n\t\t\n<\/div>\n<div style=\"clear:both;\"><\/div><\/p>\n","protected":false},"excerpt":{"rendered":"<p>LANABEST, extra-gro\u00dfes medizinisches Lammfell in Premium Qualit\u00e4t. Deutsche Spitzen-Qualit\u00e4t. Chromfrei &amp; \u00d6ko-Tex zertifiziert<br \/>\nGeruchsarm! Bei der Herstellung verwenden wir nur umweltschonende und hautfreundliche Waschmittel und wir verwenden keine chemischen Geruchsvernichter. Da unser Merino Lammfell ein Naturprodukt ist, wird es in kurzer Zeit den Umgebungsgeruch annehmen. Das ist f\u00fcr Kinder und Erwachsene besser als jeder chemische Geruchsvernichter. LANABEST Premium, Qualit\u00e4t, der Sie vertrauen k\u00f6nnen!<br \/>\nwaschbar bei 30\u00b0C. Chromfreie, sogenannte medizinische Gerbung<\/p>\n","protected":false},"featured_media":27538,"comment_status":"open","ping_status":"closed","template":"","meta":[],"product_brand":[],"product_cat":[21,9329],"product_tag":[],"class_list":{"0":"post-27537","1":"product","2":"type-product","3":"status-publish","4":"has-post-thumbnail","6":"product_cat-baby","7":"product_cat-kinderwagen-buggys-zubehoer-baby","8":"pa_binding-babyartikel","9":"pa_brand-lanamed","10":"pa_color-gelblich-naturfarbe-bei-medizinischer-gerbung","11":"pa_height-1-181102361-zoll","12":"pa_length-41-338582635-zoll","13":"pa_manufacturer-lanamed","14":"pa_model-medizinisches-lammfell-ca-100-cm","15":"pa_size-laenge-ca-100-cm-breite-ca-50-60-cm","16":"pa_width-25-590551155-zoll","18":"first","19":"instock","20":"shipping-taxable","21":"purchasable","22":"product-type-simple","23":"customify-col","24":"product-has-gallery"},"yoast_head":"<!-- This site is optimized with the Yoast SEO plugin v27.4 - https:\/\/yoast.com\/product\/yoast-seo-wordpress\/ -->\n<title>extra gro\u00dfes Lammfell LANABEST XXL medizinisches Merino Schaffell in Premium-Qualit\u00e4t. In Deutschland hergestellt\u2026 - Markt-XXL<\/title>\n<meta name=\"description\" content=\"Markt-XXL extra gro\u00dfes Lammfell LANABEST XXL medizinisches Merino Schaffell in Premium-Qualit\u00e4t. In Deutschland hergestellt\u2026\" \/>\n<meta name=\"robots\" content=\"index, follow, max-snippet:-1, max-image-preview:large, max-video-preview:-1\" \/>\n<link rel=\"canonical\" href=\"https:\/\/marktxxl.de\/markt\/produkt\/extra-grosses-lammfell-lanabest-xxl-unser-bestseller-medizinisches-merino-schaffell-in-premium-qualitaet-in-deutschland-hergestellt-fabrikfrisch-hautfreundlich-30-grad-waschbar-groesse-ca\/\" \/>\n<meta property=\"og:locale\" content=\"de_DE\" \/>\n<meta property=\"og:type\" content=\"article\" \/>\n<meta property=\"og:title\" content=\"extra gro\u00dfes Lammfell LANABEST XXL medizinisches Merino Schaffell in Premium-Qualit\u00e4t. In Deutschland hergestellt\u2026 - Markt-XXL\" \/>\n<meta property=\"og:description\" content=\"Markt-XXL extra gro\u00dfes Lammfell LANABEST XXL medizinisches Merino Schaffell in Premium-Qualit\u00e4t. In Deutschland hergestellt\u2026\" \/>\n<meta property=\"og:url\" content=\"https:\/\/marktxxl.de\/markt\/produkt\/extra-grosses-lammfell-lanabest-xxl-unser-bestseller-medizinisches-merino-schaffell-in-premium-qualitaet-in-deutschland-hergestellt-fabrikfrisch-hautfreundlich-30-grad-waschbar-groesse-ca\/\" \/>\n<meta property=\"og:site_name\" content=\"Markt-XXL\" \/>\n<meta property=\"article:modified_time\" content=\"2023-04-09T23:21:33+00:00\" \/>\n<meta property=\"og:image\" content=\"https:\/\/m.media-amazon.com\/images\/I\/418nVkOcfCL._SL500_.jpg\" \/>\n\t<meta property=\"og:image:width\" content=\"500\" \/>\n\t<meta property=\"og:image:height\" content=\"350\" \/>\n\t<meta property=\"og:image:type\" content=\"image\/jpeg\" \/>\n<meta name=\"twitter:card\" content=\"summary_large_image\" \/>\n<meta name=\"twitter:label1\" content=\"Gesch\u00e4tzte Lesezeit\" \/>\n\t<meta name=\"twitter:data1\" content=\"1\u00a0Minute\" \/>\n<script type=\"application\/ld+json\" class=\"yoast-schema-graph\">{\"@context\":\"https:\\\/\\\/schema.org\",\"@graph\":[{\"@type\":\"WebPage\",\"@id\":\"https:\\\/\\\/marktxxl.de\\\/markt\\\/produkt\\\/extra-grosses-lammfell-lanabest-xxl-unser-bestseller-medizinisches-merino-schaffell-in-premium-qualitaet-in-deutschland-hergestellt-fabrikfrisch-hautfreundlich-30-grad-waschbar-groesse-ca\\\/\",\"url\":\"https:\\\/\\\/marktxxl.de\\\/markt\\\/produkt\\\/extra-grosses-lammfell-lanabest-xxl-unser-bestseller-medizinisches-merino-schaffell-in-premium-qualitaet-in-deutschland-hergestellt-fabrikfrisch-hautfreundlich-30-grad-waschbar-groesse-ca\\\/\",\"name\":\"extra gro\u00dfes Lammfell LANABEST XXL medizinisches Merino Schaffell in Premium-Qualit\u00e4t. In Deutschland hergestellt\u2026 - Markt-XXL\",\"isPartOf\":{\"@id\":\"https:\\\/\\\/marktxxl.de\\\/markt\\\/#website\"},\"primaryImageOfPage\":{\"@id\":\"https:\\\/\\\/marktxxl.de\\\/markt\\\/produkt\\\/extra-grosses-lammfell-lanabest-xxl-unser-bestseller-medizinisches-merino-schaffell-in-premium-qualitaet-in-deutschland-hergestellt-fabrikfrisch-hautfreundlich-30-grad-waschbar-groesse-ca\\\/#primaryimage\"},\"image\":{\"@id\":\"https:\\\/\\\/marktxxl.de\\\/markt\\\/produkt\\\/extra-grosses-lammfell-lanabest-xxl-unser-bestseller-medizinisches-merino-schaffell-in-premium-qualitaet-in-deutschland-hergestellt-fabrikfrisch-hautfreundlich-30-grad-waschbar-groesse-ca\\\/#primaryimage\"},\"thumbnailUrl\":\"https:\\\/\\\/m.media-amazon.com\\\/images\\\/I\\\/418nVkOcfCL._SL500_.jpg\",\"datePublished\":\"2021-09-12T19:36:08+00:00\",\"dateModified\":\"2023-04-09T23:21:33+00:00\",\"description\":\"Markt-XXL extra gro\u00dfes Lammfell LANABEST XXL medizinisches Merino Schaffell in Premium-Qualit\u00e4t. In Deutschland hergestellt\u2026\",\"breadcrumb\":{\"@id\":\"https:\\\/\\\/marktxxl.de\\\/markt\\\/produkt\\\/extra-grosses-lammfell-lanabest-xxl-unser-bestseller-medizinisches-merino-schaffell-in-premium-qualitaet-in-deutschland-hergestellt-fabrikfrisch-hautfreundlich-30-grad-waschbar-groesse-ca\\\/#breadcrumb\"},\"inLanguage\":\"de\",\"potentialAction\":[{\"@type\":\"ReadAction\",\"target\":[\"https:\\\/\\\/marktxxl.de\\\/markt\\\/produkt\\\/extra-grosses-lammfell-lanabest-xxl-unser-bestseller-medizinisches-merino-schaffell-in-premium-qualitaet-in-deutschland-hergestellt-fabrikfrisch-hautfreundlich-30-grad-waschbar-groesse-ca\\\/\"]}]},{\"@type\":\"ImageObject\",\"inLanguage\":\"de\",\"@id\":\"https:\\\/\\\/marktxxl.de\\\/markt\\\/produkt\\\/extra-grosses-lammfell-lanabest-xxl-unser-bestseller-medizinisches-merino-schaffell-in-premium-qualitaet-in-deutschland-hergestellt-fabrikfrisch-hautfreundlich-30-grad-waschbar-groesse-ca\\\/#primaryimage\",\"url\":\"https:\\\/\\\/m.media-amazon.com\\\/images\\\/I\\\/418nVkOcfCL._SL500_.jpg\",\"contentUrl\":\"https:\\\/\\\/m.media-amazon.com\\\/images\\\/I\\\/418nVkOcfCL._SL500_.jpg\",\"width\":500,\"height\":350},{\"@type\":\"BreadcrumbList\",\"@id\":\"https:\\\/\\\/marktxxl.de\\\/markt\\\/produkt\\\/extra-grosses-lammfell-lanabest-xxl-unser-bestseller-medizinisches-merino-schaffell-in-premium-qualitaet-in-deutschland-hergestellt-fabrikfrisch-hautfreundlich-30-grad-waschbar-groesse-ca\\\/#breadcrumb\",\"itemListElement\":[{\"@type\":\"ListItem\",\"position\":1,\"name\":\"Startseite\",\"item\":\"https:\\\/\\\/marktxxl.de\\\/markt\\\/\"},{\"@type\":\"ListItem\",\"position\":2,\"name\":\"Markt\",\"item\":\"https:\\\/\\\/marktxxl.de\\\/markt\\\/\"},{\"@type\":\"ListItem\",\"position\":3,\"name\":\"extra gro\u00dfes Lammfell LANABEST XXL medizinisches Merino Schaffell in Premium-Qualit\u00e4t. In Deutschland hergestellt\u2026\"}]},{\"@type\":\"WebSite\",\"@id\":\"https:\\\/\\\/marktxxl.de\\\/markt\\\/#website\",\"url\":\"https:\\\/\\\/marktxxl.de\\\/markt\\\/\",\"name\":\"Markt-XXL\",\"description\":\"Ihr Markt Online\",\"publisher\":{\"@id\":\"https:\\\/\\\/marktxxl.de\\\/markt\\\/#organization\"},\"potentialAction\":[{\"@type\":\"SearchAction\",\"target\":{\"@type\":\"EntryPoint\",\"urlTemplate\":\"https:\\\/\\\/marktxxl.de\\\/markt\\\/?s={search_term_string}\"},\"query-input\":{\"@type\":\"PropertyValueSpecification\",\"valueRequired\":true,\"valueName\":\"search_term_string\"}}],\"inLanguage\":\"de\"},{\"@type\":\"Organization\",\"@id\":\"https:\\\/\\\/marktxxl.de\\\/markt\\\/#organization\",\"name\":\"Markt-XXL\",\"url\":\"https:\\\/\\\/marktxxl.de\\\/markt\\\/\",\"logo\":{\"@type\":\"ImageObject\",\"inLanguage\":\"de\",\"@id\":\"https:\\\/\\\/marktxxl.de\\\/markt\\\/#\\\/schema\\\/logo\\\/image\\\/\",\"url\":\"https:\\\/\\\/marktxxl.de\\\/markt\\\/wp-content\\\/uploads\\\/sites\\\/3\\\/2020\\\/12\\\/logo.png\",\"contentUrl\":\"https:\\\/\\\/marktxxl.de\\\/markt\\\/wp-content\\\/uploads\\\/sites\\\/3\\\/2020\\\/12\\\/logo.png\",\"width\":200,\"height\":70,\"caption\":\"Markt-XXL\"},\"image\":{\"@id\":\"https:\\\/\\\/marktxxl.de\\\/markt\\\/#\\\/schema\\\/logo\\\/image\\\/\"}}]}<\/script>\n<!-- \/ Yoast SEO plugin. -->","yoast_head_json":{"title":"extra gro\u00dfes Lammfell LANABEST XXL medizinisches Merino Schaffell in Premium-Qualit\u00e4t. In Deutschland hergestellt\u2026 - Markt-XXL","description":"Markt-XXL extra gro\u00dfes Lammfell LANABEST XXL medizinisches Merino Schaffell in Premium-Qualit\u00e4t. In Deutschland hergestellt\u2026","robots":{"index":"index","follow":"follow","max-snippet":"max-snippet:-1","max-image-preview":"max-image-preview:large","max-video-preview":"max-video-preview:-1"},"canonical":"https:\/\/marktxxl.de\/markt\/produkt\/extra-grosses-lammfell-lanabest-xxl-unser-bestseller-medizinisches-merino-schaffell-in-premium-qualitaet-in-deutschland-hergestellt-fabrikfrisch-hautfreundlich-30-grad-waschbar-groesse-ca\/","og_locale":"de_DE","og_type":"article","og_title":"extra gro\u00dfes Lammfell LANABEST XXL medizinisches Merino Schaffell in Premium-Qualit\u00e4t. In Deutschland hergestellt\u2026 - Markt-XXL","og_description":"Markt-XXL extra gro\u00dfes Lammfell LANABEST XXL medizinisches Merino Schaffell in Premium-Qualit\u00e4t. In Deutschland hergestellt\u2026","og_url":"https:\/\/marktxxl.de\/markt\/produkt\/extra-grosses-lammfell-lanabest-xxl-unser-bestseller-medizinisches-merino-schaffell-in-premium-qualitaet-in-deutschland-hergestellt-fabrikfrisch-hautfreundlich-30-grad-waschbar-groesse-ca\/","og_site_name":"Markt-XXL","article_modified_time":"2023-04-09T23:21:33+00:00","og_image":[{"width":500,"height":350,"url":"https:\/\/m.media-amazon.com\/images\/I\/418nVkOcfCL._SL500_.jpg","type":"image\/jpeg"}],"twitter_card":"summary_large_image","twitter_misc":{"Gesch\u00e4tzte Lesezeit":"1\u00a0Minute"},"schema":{"@context":"https:\/\/schema.org","@graph":[{"@type":"WebPage","@id":"https:\/\/marktxxl.de\/markt\/produkt\/extra-grosses-lammfell-lanabest-xxl-unser-bestseller-medizinisches-merino-schaffell-in-premium-qualitaet-in-deutschland-hergestellt-fabrikfrisch-hautfreundlich-30-grad-waschbar-groesse-ca\/","url":"https:\/\/marktxxl.de\/markt\/produkt\/extra-grosses-lammfell-lanabest-xxl-unser-bestseller-medizinisches-merino-schaffell-in-premium-qualitaet-in-deutschland-hergestellt-fabrikfrisch-hautfreundlich-30-grad-waschbar-groesse-ca\/","name":"extra gro\u00dfes Lammfell LANABEST XXL medizinisches Merino Schaffell in Premium-Qualit\u00e4t. In Deutschland hergestellt\u2026 - Markt-XXL","isPartOf":{"@id":"https:\/\/marktxxl.de\/markt\/#website"},"primaryImageOfPage":{"@id":"https:\/\/marktxxl.de\/markt\/produkt\/extra-grosses-lammfell-lanabest-xxl-unser-bestseller-medizinisches-merino-schaffell-in-premium-qualitaet-in-deutschland-hergestellt-fabrikfrisch-hautfreundlich-30-grad-waschbar-groesse-ca\/#primaryimage"},"image":{"@id":"https:\/\/marktxxl.de\/markt\/produkt\/extra-grosses-lammfell-lanabest-xxl-unser-bestseller-medizinisches-merino-schaffell-in-premium-qualitaet-in-deutschland-hergestellt-fabrikfrisch-hautfreundlich-30-grad-waschbar-groesse-ca\/#primaryimage"},"thumbnailUrl":"https:\/\/m.media-amazon.com\/images\/I\/418nVkOcfCL._SL500_.jpg","datePublished":"2021-09-12T19:36:08+00:00","dateModified":"2023-04-09T23:21:33+00:00","description":"Markt-XXL extra gro\u00dfes Lammfell LANABEST XXL medizinisches Merino Schaffell in Premium-Qualit\u00e4t. In Deutschland hergestellt\u2026","breadcrumb":{"@id":"https:\/\/marktxxl.de\/markt\/produkt\/extra-grosses-lammfell-lanabest-xxl-unser-bestseller-medizinisches-merino-schaffell-in-premium-qualitaet-in-deutschland-hergestellt-fabrikfrisch-hautfreundlich-30-grad-waschbar-groesse-ca\/#breadcrumb"},"inLanguage":"de","potentialAction":[{"@type":"ReadAction","target":["https:\/\/marktxxl.de\/markt\/produkt\/extra-grosses-lammfell-lanabest-xxl-unser-bestseller-medizinisches-merino-schaffell-in-premium-qualitaet-in-deutschland-hergestellt-fabrikfrisch-hautfreundlich-30-grad-waschbar-groesse-ca\/"]}]},{"@type":"ImageObject","inLanguage":"de","@id":"https:\/\/marktxxl.de\/markt\/produkt\/extra-grosses-lammfell-lanabest-xxl-unser-bestseller-medizinisches-merino-schaffell-in-premium-qualitaet-in-deutschland-hergestellt-fabrikfrisch-hautfreundlich-30-grad-waschbar-groesse-ca\/#primaryimage","url":"https:\/\/m.media-amazon.com\/images\/I\/418nVkOcfCL._SL500_.jpg","contentUrl":"https:\/\/m.media-amazon.com\/images\/I\/418nVkOcfCL._SL500_.jpg","width":500,"height":350},{"@type":"BreadcrumbList","@id":"https:\/\/marktxxl.de\/markt\/produkt\/extra-grosses-lammfell-lanabest-xxl-unser-bestseller-medizinisches-merino-schaffell-in-premium-qualitaet-in-deutschland-hergestellt-fabrikfrisch-hautfreundlich-30-grad-waschbar-groesse-ca\/#breadcrumb","itemListElement":[{"@type":"ListItem","position":1,"name":"Startseite","item":"https:\/\/marktxxl.de\/markt\/"},{"@type":"ListItem","position":2,"name":"Markt","item":"https:\/\/marktxxl.de\/markt\/"},{"@type":"ListItem","position":3,"name":"extra gro\u00dfes Lammfell LANABEST XXL medizinisches Merino Schaffell in Premium-Qualit\u00e4t. In Deutschland hergestellt\u2026"}]},{"@type":"WebSite","@id":"https:\/\/marktxxl.de\/markt\/#website","url":"https:\/\/marktxxl.de\/markt\/","name":"Markt-XXL","description":"Ihr Markt Online","publisher":{"@id":"https:\/\/marktxxl.de\/markt\/#organization"},"potentialAction":[{"@type":"SearchAction","target":{"@type":"EntryPoint","urlTemplate":"https:\/\/marktxxl.de\/markt\/?s={search_term_string}"},"query-input":{"@type":"PropertyValueSpecification","valueRequired":true,"valueName":"search_term_string"}}],"inLanguage":"de"},{"@type":"Organization","@id":"https:\/\/marktxxl.de\/markt\/#organization","name":"Markt-XXL","url":"https:\/\/marktxxl.de\/markt\/","logo":{"@type":"ImageObject","inLanguage":"de","@id":"https:\/\/marktxxl.de\/markt\/#\/schema\/logo\/image\/","url":"https:\/\/marktxxl.de\/markt\/wp-content\/uploads\/sites\/3\/2020\/12\/logo.png","contentUrl":"https:\/\/marktxxl.de\/markt\/wp-content\/uploads\/sites\/3\/2020\/12\/logo.png","width":200,"height":70,"caption":"Markt-XXL"},"image":{"@id":"https:\/\/marktxxl.de\/markt\/#\/schema\/logo\/image\/"}}]}},"_links":{"self":[{"href":"https:\/\/marktxxl.de\/markt\/wp-json\/wp\/v2\/product\/27537","targetHints":{"allow":["GET"]}}],"collection":[{"href":"https:\/\/marktxxl.de\/markt\/wp-json\/wp\/v2\/product"}],"about":[{"href":"https:\/\/marktxxl.de\/markt\/wp-json\/wp\/v2\/types\/product"}],"replies":[{"embeddable":true,"href":"https:\/\/marktxxl.de\/markt\/wp-json\/wp\/v2\/comments?post=27537"}],"wp:featuredmedia":[{"embeddable":true,"href":"https:\/\/marktxxl.de\/markt\/wp-json\/wp\/v2\/media\/27538"}],"wp:attachment":[{"href":"https:\/\/marktxxl.de\/markt\/wp-json\/wp\/v2\/media?parent=27537"}],"wp:term":[{"taxonomy":"product_brand","embeddable":true,"href":"https:\/\/marktxxl.de\/markt\/wp-json\/wp\/v2\/product_brand?post=27537"},{"taxonomy":"product_cat","embeddable":true,"href":"https:\/\/marktxxl.de\/markt\/wp-json\/wp\/v2\/product_cat?post=27537"},{"taxonomy":"product_tag","embeddable":true,"href":"https:\/\/marktxxl.de\/markt\/wp-json\/wp\/v2\/product_tag?post=27537"}],"curies":[{"name":"wp","href":"https:\/\/api.w.org\/{rel}","templated":true}]}}