{"id":27532,"date":"2021-09-12T21:36:07","date_gmt":"2021-09-12T19:36:07","guid":{"rendered":"https:\/\/marktxxl.de\/markt\/produkt\/nici-46090-eule-oscar-10cm-schluesselanhaenge-kopf-drehbar-flauschiges-plueschtier-mit-schluesselring-braun-blau\/"},"modified":"2023-04-10T01:21:32","modified_gmt":"2023-04-09T23:21:32","slug":"nici-46090-eule-oscar-10cm-schluesselanhaenge-kopf-drehbar-flauschiges-plueschtier-mit-schluesselring-braun-blau","status":"publish","type":"product","link":"https:\/\/marktxxl.de\/markt\/produkt\/nici-46090-eule-oscar-10cm-schluesselanhaenge-kopf-drehbar-flauschiges-plueschtier-mit-schluesselring-braun-blau\/","title":{"rendered":"NICI 46090 Eule Oscar 10cm Schl\u00fcsselanh\u00e4nge, Kopf drehbar, Flauschiges Pl\u00fcschtier mit Schl\u00fcsselring, braun\/blau"},"content":{"rendered":"<p>Die kleine Eule ist mit ihrem kecken orangen Schnabel und den blau gestreiften F\u00fc\u00dfchen ein toller Begleiter f\u00fcr jeden Schl\u00fcsselbund, an der Tasche oder am Rucksack. Als besonderes Highlight ist Oscars Kopf wie bei einer echten Eule drehbar. Au\u00dferdem machen die kleinen Fl\u00fcgel und der beige farbene flauschige Bauch Oscar zu einem besonders beliebten NICI Schl\u00fcsselanh\u00e4nger.<br \/>\nThe Owlson \u2013 Die neue Eulenkollektion von NICI. Die allseits beliebte Eule Oscar bekommt eine neue Freundin! Die creme-farbene Owluna mit den rosa F\u00fc\u00dfchen gibt bestimmt eine tolle Begleiterin f\u00fcr Oscar ab.<br \/>\nIdeales Geschenk f\u00fcr Kinder, Jugendliche und alle Kuscheltierliebhaber. Mit NICI bereitet das Schenken noch mehr Freude!<br \/>\nKuschelig weich &#8211; hergestellt aus super weichem NICI Pl\u00fcschmaterial in bester NICI Qualit\u00e4t.<br \/>\nHierf\u00fcr steht NICI &#8211; jedes einzelne Produkt wird mit viel Liebe designt. Wir verwenden f\u00fcr unsere Kuscheltiere und Geschenkartikel ausschlie\u00dflich hochwertige Materialien. NICI sorgt f\u00fcr Kuschelgl\u00fcck und zaubert jedem ein L\u00e4cheln ins Gesicht.<br \/>\n<div class=\"main-cross-sell\" data-asin=\"B0853SHZ9T\">\n\n\t<div class=\"WooZone-cross-sell-loader\">\n\t\t<div>\n\t\t\t<div id=\"floatingBarsG\">\n\t\t\t\t<div class=\"blockG\" id=\"rotateG_01\"><\/div>\n\t\t\t\t<div class=\"blockG\" id=\"rotateG_02\"><\/div>\n\t\t\t\t<div class=\"blockG\" id=\"rotateG_03\"><\/div>\n\t\t\t\t<div class=\"blockG\" id=\"rotateG_04\"><\/div>\n\t\t\t\t<div class=\"blockG\" id=\"rotateG_05\"><\/div>\n\t\t\t\t<div class=\"blockG\" id=\"rotateG_06\"><\/div>\n\t\t\t\t<div class=\"blockG\" id=\"rotateG_07\"><\/div>\n\t\t\t\t<div class=\"blockG\" id=\"rotateG_08\"><\/div>\n\t\t\t<\/div>\n\t\t\t<div class=\"WooZone-cross-sell-loader-text\"><\/div>\n\t\t<\/div>\n\t<\/div>\n\n\t\t\n<\/div>\n<div style=\"clear:both;\"><\/div><\/p>\n","protected":false},"excerpt":{"rendered":"<p>Die kleine Eule ist mit ihrem kecken orangen Schnabel und den blau gestreiften F\u00fc\u00dfchen ein toller Begleiter f\u00fcr jeden Schl\u00fcsselbund, an der Tasche oder am Rucksack. Als besonderes Highlight ist Oscars Kopf wie bei einer echten Eule drehbar. Au\u00dferdem machen die kleinen Fl\u00fcgel und der beige farbene flauschige Bauch Oscar zu einem besonders beliebten NICI Schl\u00fcsselanh\u00e4nger.<br \/>\nThe Owlson \u2013 Die neue Eulenkollektion von NICI. Die allseits beliebte Eule Oscar bekommt eine neue Freundin! Die creme-farbene Owluna mit den rosa F\u00fc\u00dfchen gibt bestimmt eine tolle Begleiterin f\u00fcr Oscar ab.<br \/>\nIdeales Geschenk f\u00fcr Kinder, Jugendliche und alle Kuscheltierliebhaber. Mit NICI bereitet das Schenken noch mehr Freude!<\/p>\n","protected":false},"featured_media":27533,"comment_status":"open","ping_status":"closed","template":"","meta":[],"product_brand":[],"product_cat":[21,9329],"product_tag":[],"class_list":{"0":"post-27532","1":"product","2":"type-product","3":"status-publish","4":"has-post-thumbnail","6":"product_cat-baby","7":"product_cat-kinderwagen-buggys-zubehoer-baby","8":"pa_binding-spielzeug","9":"pa_brand-nici","10":"pa_color-braun-blau","11":"pa_height-3-93700787-zoll","12":"pa_length-0-zoll","13":"pa_manufacturer-nici-gmbh","14":"pa_model-12724","15":"pa_warranty-2-jahre-bei-sachgemaesser-behandlung","16":"pa_width-2-5590551155-zoll","18":"first","19":"instock","20":"shipping-taxable","21":"purchasable","22":"product-type-simple","23":"customify-col","24":"product-has-gallery"},"yoast_head":"<!-- This site is optimized with the Yoast SEO plugin v27.4 - https:\/\/yoast.com\/product\/yoast-seo-wordpress\/ -->\n<title>NICI 46090 Eule Oscar 10cm Schl\u00fcsselanh\u00e4nge, Kopf drehbar, Flauschiges Pl\u00fcschtier mit Schl\u00fcsselring, braun\/blau - Markt-XXL<\/title>\n<meta name=\"description\" content=\"Markt-XXL NICI 46090 Eule Oscar 10cm Schl\u00fcsselanh\u00e4nge, Kopf drehbar, Flauschiges Pl\u00fcschtier mit Schl\u00fcsselring, braun\/blau\" \/>\n<meta name=\"robots\" content=\"index, follow, max-snippet:-1, max-image-preview:large, max-video-preview:-1\" \/>\n<link rel=\"canonical\" href=\"https:\/\/marktxxl.de\/markt\/produkt\/nici-46090-eule-oscar-10cm-schluesselanhaenge-kopf-drehbar-flauschiges-plueschtier-mit-schluesselring-braun-blau\/\" \/>\n<meta property=\"og:locale\" content=\"de_DE\" \/>\n<meta property=\"og:type\" content=\"article\" \/>\n<meta property=\"og:title\" content=\"NICI 46090 Eule Oscar 10cm Schl\u00fcsselanh\u00e4nge, Kopf drehbar, Flauschiges Pl\u00fcschtier mit Schl\u00fcsselring, braun\/blau - Markt-XXL\" \/>\n<meta property=\"og:description\" content=\"Markt-XXL NICI 46090 Eule Oscar 10cm Schl\u00fcsselanh\u00e4nge, Kopf drehbar, Flauschiges Pl\u00fcschtier mit Schl\u00fcsselring, braun\/blau\" \/>\n<meta property=\"og:url\" content=\"https:\/\/marktxxl.de\/markt\/produkt\/nici-46090-eule-oscar-10cm-schluesselanhaenge-kopf-drehbar-flauschiges-plueschtier-mit-schluesselring-braun-blau\/\" \/>\n<meta property=\"og:site_name\" content=\"Markt-XXL\" \/>\n<meta property=\"article:modified_time\" content=\"2023-04-09T23:21:32+00:00\" \/>\n<meta property=\"og:image\" content=\"https:\/\/m.media-amazon.com\/images\/I\/31JMTI-g-vL._SL500_.jpg\" \/>\n\t<meta property=\"og:image:width\" content=\"357\" \/>\n\t<meta property=\"og:image:height\" content=\"500\" \/>\n\t<meta property=\"og:image:type\" content=\"image\/jpeg\" \/>\n<meta name=\"twitter:card\" content=\"summary_large_image\" \/>\n<meta name=\"twitter:label1\" content=\"Gesch\u00e4tzte Lesezeit\" \/>\n\t<meta name=\"twitter:data1\" content=\"1\u00a0Minute\" \/>\n<script type=\"application\/ld+json\" class=\"yoast-schema-graph\">{\"@context\":\"https:\\\/\\\/schema.org\",\"@graph\":[{\"@type\":\"WebPage\",\"@id\":\"https:\\\/\\\/marktxxl.de\\\/markt\\\/produkt\\\/nici-46090-eule-oscar-10cm-schluesselanhaenge-kopf-drehbar-flauschiges-plueschtier-mit-schluesselring-braun-blau\\\/\",\"url\":\"https:\\\/\\\/marktxxl.de\\\/markt\\\/produkt\\\/nici-46090-eule-oscar-10cm-schluesselanhaenge-kopf-drehbar-flauschiges-plueschtier-mit-schluesselring-braun-blau\\\/\",\"name\":\"NICI 46090 Eule Oscar 10cm Schl\u00fcsselanh\u00e4nge, Kopf drehbar, Flauschiges Pl\u00fcschtier mit Schl\u00fcsselring, braun\\\/blau - Markt-XXL\",\"isPartOf\":{\"@id\":\"https:\\\/\\\/marktxxl.de\\\/markt\\\/#website\"},\"primaryImageOfPage\":{\"@id\":\"https:\\\/\\\/marktxxl.de\\\/markt\\\/produkt\\\/nici-46090-eule-oscar-10cm-schluesselanhaenge-kopf-drehbar-flauschiges-plueschtier-mit-schluesselring-braun-blau\\\/#primaryimage\"},\"image\":{\"@id\":\"https:\\\/\\\/marktxxl.de\\\/markt\\\/produkt\\\/nici-46090-eule-oscar-10cm-schluesselanhaenge-kopf-drehbar-flauschiges-plueschtier-mit-schluesselring-braun-blau\\\/#primaryimage\"},\"thumbnailUrl\":\"https:\\\/\\\/m.media-amazon.com\\\/images\\\/I\\\/31JMTI-g-vL._SL500_.jpg\",\"datePublished\":\"2021-09-12T19:36:07+00:00\",\"dateModified\":\"2023-04-09T23:21:32+00:00\",\"description\":\"Markt-XXL NICI 46090 Eule Oscar 10cm Schl\u00fcsselanh\u00e4nge, Kopf drehbar, Flauschiges Pl\u00fcschtier mit Schl\u00fcsselring, braun\\\/blau\",\"breadcrumb\":{\"@id\":\"https:\\\/\\\/marktxxl.de\\\/markt\\\/produkt\\\/nici-46090-eule-oscar-10cm-schluesselanhaenge-kopf-drehbar-flauschiges-plueschtier-mit-schluesselring-braun-blau\\\/#breadcrumb\"},\"inLanguage\":\"de\",\"potentialAction\":[{\"@type\":\"ReadAction\",\"target\":[\"https:\\\/\\\/marktxxl.de\\\/markt\\\/produkt\\\/nici-46090-eule-oscar-10cm-schluesselanhaenge-kopf-drehbar-flauschiges-plueschtier-mit-schluesselring-braun-blau\\\/\"]}]},{\"@type\":\"ImageObject\",\"inLanguage\":\"de\",\"@id\":\"https:\\\/\\\/marktxxl.de\\\/markt\\\/produkt\\\/nici-46090-eule-oscar-10cm-schluesselanhaenge-kopf-drehbar-flauschiges-plueschtier-mit-schluesselring-braun-blau\\\/#primaryimage\",\"url\":\"https:\\\/\\\/m.media-amazon.com\\\/images\\\/I\\\/31JMTI-g-vL._SL500_.jpg\",\"contentUrl\":\"https:\\\/\\\/m.media-amazon.com\\\/images\\\/I\\\/31JMTI-g-vL._SL500_.jpg\",\"width\":357,\"height\":500},{\"@type\":\"BreadcrumbList\",\"@id\":\"https:\\\/\\\/marktxxl.de\\\/markt\\\/produkt\\\/nici-46090-eule-oscar-10cm-schluesselanhaenge-kopf-drehbar-flauschiges-plueschtier-mit-schluesselring-braun-blau\\\/#breadcrumb\",\"itemListElement\":[{\"@type\":\"ListItem\",\"position\":1,\"name\":\"Startseite\",\"item\":\"https:\\\/\\\/marktxxl.de\\\/markt\\\/\"},{\"@type\":\"ListItem\",\"position\":2,\"name\":\"Markt\",\"item\":\"https:\\\/\\\/marktxxl.de\\\/markt\\\/\"},{\"@type\":\"ListItem\",\"position\":3,\"name\":\"NICI 46090 Eule Oscar 10cm Schl\u00fcsselanh\u00e4nge, Kopf drehbar, Flauschiges Pl\u00fcschtier mit Schl\u00fcsselring, braun\\\/blau\"}]},{\"@type\":\"WebSite\",\"@id\":\"https:\\\/\\\/marktxxl.de\\\/markt\\\/#website\",\"url\":\"https:\\\/\\\/marktxxl.de\\\/markt\\\/\",\"name\":\"Markt-XXL\",\"description\":\"Ihr Markt Online\",\"publisher\":{\"@id\":\"https:\\\/\\\/marktxxl.de\\\/markt\\\/#organization\"},\"potentialAction\":[{\"@type\":\"SearchAction\",\"target\":{\"@type\":\"EntryPoint\",\"urlTemplate\":\"https:\\\/\\\/marktxxl.de\\\/markt\\\/?s={search_term_string}\"},\"query-input\":{\"@type\":\"PropertyValueSpecification\",\"valueRequired\":true,\"valueName\":\"search_term_string\"}}],\"inLanguage\":\"de\"},{\"@type\":\"Organization\",\"@id\":\"https:\\\/\\\/marktxxl.de\\\/markt\\\/#organization\",\"name\":\"Markt-XXL\",\"url\":\"https:\\\/\\\/marktxxl.de\\\/markt\\\/\",\"logo\":{\"@type\":\"ImageObject\",\"inLanguage\":\"de\",\"@id\":\"https:\\\/\\\/marktxxl.de\\\/markt\\\/#\\\/schema\\\/logo\\\/image\\\/\",\"url\":\"https:\\\/\\\/marktxxl.de\\\/markt\\\/wp-content\\\/uploads\\\/sites\\\/3\\\/2020\\\/12\\\/logo.png\",\"contentUrl\":\"https:\\\/\\\/marktxxl.de\\\/markt\\\/wp-content\\\/uploads\\\/sites\\\/3\\\/2020\\\/12\\\/logo.png\",\"width\":200,\"height\":70,\"caption\":\"Markt-XXL\"},\"image\":{\"@id\":\"https:\\\/\\\/marktxxl.de\\\/markt\\\/#\\\/schema\\\/logo\\\/image\\\/\"}}]}<\/script>\n<!-- \/ Yoast SEO plugin. -->","yoast_head_json":{"title":"NICI 46090 Eule Oscar 10cm Schl\u00fcsselanh\u00e4nge, Kopf drehbar, Flauschiges Pl\u00fcschtier mit Schl\u00fcsselring, braun\/blau - Markt-XXL","description":"Markt-XXL NICI 46090 Eule Oscar 10cm Schl\u00fcsselanh\u00e4nge, Kopf drehbar, Flauschiges Pl\u00fcschtier mit Schl\u00fcsselring, braun\/blau","robots":{"index":"index","follow":"follow","max-snippet":"max-snippet:-1","max-image-preview":"max-image-preview:large","max-video-preview":"max-video-preview:-1"},"canonical":"https:\/\/marktxxl.de\/markt\/produkt\/nici-46090-eule-oscar-10cm-schluesselanhaenge-kopf-drehbar-flauschiges-plueschtier-mit-schluesselring-braun-blau\/","og_locale":"de_DE","og_type":"article","og_title":"NICI 46090 Eule Oscar 10cm Schl\u00fcsselanh\u00e4nge, Kopf drehbar, Flauschiges Pl\u00fcschtier mit Schl\u00fcsselring, braun\/blau - Markt-XXL","og_description":"Markt-XXL NICI 46090 Eule Oscar 10cm Schl\u00fcsselanh\u00e4nge, Kopf drehbar, Flauschiges Pl\u00fcschtier mit Schl\u00fcsselring, braun\/blau","og_url":"https:\/\/marktxxl.de\/markt\/produkt\/nici-46090-eule-oscar-10cm-schluesselanhaenge-kopf-drehbar-flauschiges-plueschtier-mit-schluesselring-braun-blau\/","og_site_name":"Markt-XXL","article_modified_time":"2023-04-09T23:21:32+00:00","og_image":[{"width":357,"height":500,"url":"https:\/\/m.media-amazon.com\/images\/I\/31JMTI-g-vL._SL500_.jpg","type":"image\/jpeg"}],"twitter_card":"summary_large_image","twitter_misc":{"Gesch\u00e4tzte Lesezeit":"1\u00a0Minute"},"schema":{"@context":"https:\/\/schema.org","@graph":[{"@type":"WebPage","@id":"https:\/\/marktxxl.de\/markt\/produkt\/nici-46090-eule-oscar-10cm-schluesselanhaenge-kopf-drehbar-flauschiges-plueschtier-mit-schluesselring-braun-blau\/","url":"https:\/\/marktxxl.de\/markt\/produkt\/nici-46090-eule-oscar-10cm-schluesselanhaenge-kopf-drehbar-flauschiges-plueschtier-mit-schluesselring-braun-blau\/","name":"NICI 46090 Eule Oscar 10cm Schl\u00fcsselanh\u00e4nge, Kopf drehbar, Flauschiges Pl\u00fcschtier mit Schl\u00fcsselring, braun\/blau - Markt-XXL","isPartOf":{"@id":"https:\/\/marktxxl.de\/markt\/#website"},"primaryImageOfPage":{"@id":"https:\/\/marktxxl.de\/markt\/produkt\/nici-46090-eule-oscar-10cm-schluesselanhaenge-kopf-drehbar-flauschiges-plueschtier-mit-schluesselring-braun-blau\/#primaryimage"},"image":{"@id":"https:\/\/marktxxl.de\/markt\/produkt\/nici-46090-eule-oscar-10cm-schluesselanhaenge-kopf-drehbar-flauschiges-plueschtier-mit-schluesselring-braun-blau\/#primaryimage"},"thumbnailUrl":"https:\/\/m.media-amazon.com\/images\/I\/31JMTI-g-vL._SL500_.jpg","datePublished":"2021-09-12T19:36:07+00:00","dateModified":"2023-04-09T23:21:32+00:00","description":"Markt-XXL NICI 46090 Eule Oscar 10cm Schl\u00fcsselanh\u00e4nge, Kopf drehbar, Flauschiges Pl\u00fcschtier mit Schl\u00fcsselring, braun\/blau","breadcrumb":{"@id":"https:\/\/marktxxl.de\/markt\/produkt\/nici-46090-eule-oscar-10cm-schluesselanhaenge-kopf-drehbar-flauschiges-plueschtier-mit-schluesselring-braun-blau\/#breadcrumb"},"inLanguage":"de","potentialAction":[{"@type":"ReadAction","target":["https:\/\/marktxxl.de\/markt\/produkt\/nici-46090-eule-oscar-10cm-schluesselanhaenge-kopf-drehbar-flauschiges-plueschtier-mit-schluesselring-braun-blau\/"]}]},{"@type":"ImageObject","inLanguage":"de","@id":"https:\/\/marktxxl.de\/markt\/produkt\/nici-46090-eule-oscar-10cm-schluesselanhaenge-kopf-drehbar-flauschiges-plueschtier-mit-schluesselring-braun-blau\/#primaryimage","url":"https:\/\/m.media-amazon.com\/images\/I\/31JMTI-g-vL._SL500_.jpg","contentUrl":"https:\/\/m.media-amazon.com\/images\/I\/31JMTI-g-vL._SL500_.jpg","width":357,"height":500},{"@type":"BreadcrumbList","@id":"https:\/\/marktxxl.de\/markt\/produkt\/nici-46090-eule-oscar-10cm-schluesselanhaenge-kopf-drehbar-flauschiges-plueschtier-mit-schluesselring-braun-blau\/#breadcrumb","itemListElement":[{"@type":"ListItem","position":1,"name":"Startseite","item":"https:\/\/marktxxl.de\/markt\/"},{"@type":"ListItem","position":2,"name":"Markt","item":"https:\/\/marktxxl.de\/markt\/"},{"@type":"ListItem","position":3,"name":"NICI 46090 Eule Oscar 10cm Schl\u00fcsselanh\u00e4nge, Kopf drehbar, Flauschiges Pl\u00fcschtier mit Schl\u00fcsselring, braun\/blau"}]},{"@type":"WebSite","@id":"https:\/\/marktxxl.de\/markt\/#website","url":"https:\/\/marktxxl.de\/markt\/","name":"Markt-XXL","description":"Ihr Markt Online","publisher":{"@id":"https:\/\/marktxxl.de\/markt\/#organization"},"potentialAction":[{"@type":"SearchAction","target":{"@type":"EntryPoint","urlTemplate":"https:\/\/marktxxl.de\/markt\/?s={search_term_string}"},"query-input":{"@type":"PropertyValueSpecification","valueRequired":true,"valueName":"search_term_string"}}],"inLanguage":"de"},{"@type":"Organization","@id":"https:\/\/marktxxl.de\/markt\/#organization","name":"Markt-XXL","url":"https:\/\/marktxxl.de\/markt\/","logo":{"@type":"ImageObject","inLanguage":"de","@id":"https:\/\/marktxxl.de\/markt\/#\/schema\/logo\/image\/","url":"https:\/\/marktxxl.de\/markt\/wp-content\/uploads\/sites\/3\/2020\/12\/logo.png","contentUrl":"https:\/\/marktxxl.de\/markt\/wp-content\/uploads\/sites\/3\/2020\/12\/logo.png","width":200,"height":70,"caption":"Markt-XXL"},"image":{"@id":"https:\/\/marktxxl.de\/markt\/#\/schema\/logo\/image\/"}}]}},"_links":{"self":[{"href":"https:\/\/marktxxl.de\/markt\/wp-json\/wp\/v2\/product\/27532","targetHints":{"allow":["GET"]}}],"collection":[{"href":"https:\/\/marktxxl.de\/markt\/wp-json\/wp\/v2\/product"}],"about":[{"href":"https:\/\/marktxxl.de\/markt\/wp-json\/wp\/v2\/types\/product"}],"replies":[{"embeddable":true,"href":"https:\/\/marktxxl.de\/markt\/wp-json\/wp\/v2\/comments?post=27532"}],"wp:featuredmedia":[{"embeddable":true,"href":"https:\/\/marktxxl.de\/markt\/wp-json\/wp\/v2\/media\/27533"}],"wp:attachment":[{"href":"https:\/\/marktxxl.de\/markt\/wp-json\/wp\/v2\/media?parent=27532"}],"wp:term":[{"taxonomy":"product_brand","embeddable":true,"href":"https:\/\/marktxxl.de\/markt\/wp-json\/wp\/v2\/product_brand?post=27532"},{"taxonomy":"product_cat","embeddable":true,"href":"https:\/\/marktxxl.de\/markt\/wp-json\/wp\/v2\/product_cat?post=27532"},{"taxonomy":"product_tag","embeddable":true,"href":"https:\/\/marktxxl.de\/markt\/wp-json\/wp\/v2\/product_tag?post=27532"}],"curies":[{"name":"wp","href":"https:\/\/api.w.org\/{rel}","templated":true}]}}