{"id":27520,"date":"2021-09-12T21:36:06","date_gmt":"2021-09-12T19:36:06","guid":{"rendered":"https:\/\/marktxxl.de\/markt\/produkt\/hot-wheels-monster-trucks-ultimatives-chaos-die-cast-fahrzeuge-im-massstab-164-12er-pack-ggc63\/"},"modified":"2023-04-10T01:21:32","modified_gmt":"2023-04-09T23:21:32","slug":"hot-wheels-monster-trucks-ultimatives-chaos-die-cast-fahrzeuge-im-massstab-164-12er-pack-ggc63","status":"publish","type":"product","link":"https:\/\/marktxxl.de\/markt\/produkt\/hot-wheels-monster-trucks-ultimatives-chaos-die-cast-fahrzeuge-im-massstab-164-12er-pack-ggc63\/","title":{"rendered":"Hot Wheels GGC61 &#8211; Monster Trucks Ultimatives Chaos Die-Cast-Fahrzeuge im Ma\u00dfstab 1:64 12er-Pack, Spielzeug f\u00fcr Kinder\u2026"},"content":{"rendered":"<p>Mit den Monster Trucks Die-Cast 12er-Packs kann die Crash-Action nach dem Auspacken sofort losgehen<br \/>\n\u200bDie klassischen Monster Trucks mit ihren RIESIGEN Reifen sorgen f\u00fcr fantasievolle Spielm\u00f6glichkeiten<br \/>\nJeder Truck enth\u00e4lt Details zu Name, Truck-Typ, St\u00e4rke und individueller Crash-Power f\u00fcr Spa\u00df an immer neuen Geschichten<br \/>\nDie Trucks im Ma\u00dfstab 1:64 lassen sich problemlos \u00fcberallhin mitnehmen<br \/>\nMit diesen 12 sorgf\u00e4ltig ausgew\u00e4hlten Modellen k\u00f6nnen Kinder ganz einfach ihre eigene Sammluing starten<br \/>\nWarum hat dieses Produkte eine \u2018reduzierte Verpackung\u2018? Wir haben intensiv daran gearbeitet die Menge an unn\u00f6tigem Material und Luftraum in unserer langanhaltenden Verpackung zu reduzieren um damit Abfall und Emission zu minimieren<br \/>\n<div class=\"main-cross-sell\" data-asin=\"B07HMF1KCL\">\n\n\t<div class=\"WooZone-cross-sell-loader\">\n\t\t<div>\n\t\t\t<div id=\"floatingBarsG\">\n\t\t\t\t<div class=\"blockG\" id=\"rotateG_01\"><\/div>\n\t\t\t\t<div class=\"blockG\" id=\"rotateG_02\"><\/div>\n\t\t\t\t<div class=\"blockG\" id=\"rotateG_03\"><\/div>\n\t\t\t\t<div class=\"blockG\" id=\"rotateG_04\"><\/div>\n\t\t\t\t<div class=\"blockG\" id=\"rotateG_05\"><\/div>\n\t\t\t\t<div class=\"blockG\" id=\"rotateG_06\"><\/div>\n\t\t\t\t<div class=\"blockG\" id=\"rotateG_07\"><\/div>\n\t\t\t\t<div class=\"blockG\" id=\"rotateG_08\"><\/div>\n\t\t\t<\/div>\n\t\t\t<div class=\"WooZone-cross-sell-loader-text\"><\/div>\n\t\t<\/div>\n\t<\/div>\n\n\t\t\n<\/div>\n<div style=\"clear:both;\"><\/div><\/p>\n","protected":false},"excerpt":{"rendered":"<p>Mit den Monster Trucks Die-Cast 12er-Packs kann die Crash-Action nach dem Auspacken sofort losgehen<br \/>\n\u200bDie klassischen Monster Trucks mit ihren RIESIGEN Reifen sorgen f\u00fcr fantasievolle Spielm\u00f6glichkeiten<br \/>\nJeder Truck enth\u00e4lt Details zu Name, Truck-Typ, St\u00e4rke und individueller Crash-Power f\u00fcr Spa\u00df an immer neuen Geschichten<\/p>\n","protected":false},"featured_media":27521,"comment_status":"open","ping_status":"closed","template":"","meta":[],"product_brand":[],"product_cat":[21,8879],"product_tag":[],"class_list":{"0":"post-27520","1":"product","2":"type-product","3":"status-publish","4":"has-post-thumbnail","6":"product_cat-baby","7":"product_cat-baby-kleinkindspielzeug-baby","8":"pa_binding-spielzeug","9":"pa_brand-hot-wheels","10":"pa_height-2-95-zoll","11":"pa_languages-veroeffentlicht-niederlaendisch-handbuch-englisch","12":"pa_length-13-86-zoll","13":"pa_manufacturer-mattel-gmbh","14":"pa_model-ggc61","15":"pa_warranty-2-jahre-herstellergarantie","16":"pa_weight-0-220462262-pfund","17":"pa_width-15-16-zoll","19":"first","20":"instock","21":"shipping-taxable","22":"purchasable","23":"product-type-simple","24":"customify-col","25":"product-has-gallery"},"yoast_head":"<!-- This site is optimized with the Yoast SEO plugin v27.4 - https:\/\/yoast.com\/product\/yoast-seo-wordpress\/ -->\n<title>Hot Wheels GGC61 - Monster Trucks Ultimatives Chaos Die-Cast-Fahrzeuge im Ma\u00dfstab 1:64 12er-Pack, Spielzeug f\u00fcr Kinder\u2026 - Markt-XXL<\/title>\n<meta name=\"description\" content=\"Markt-XXL Hot Wheels GGC61 - Monster Trucks Ultimatives Chaos Die-Cast-Fahrzeuge im Ma\u00dfstab 1:64 12er-Pack, Spielzeug f\u00fcr Kinder\u2026\" \/>\n<meta name=\"robots\" content=\"index, follow, max-snippet:-1, max-image-preview:large, max-video-preview:-1\" \/>\n<link rel=\"canonical\" href=\"https:\/\/marktxxl.de\/markt\/produkt\/hot-wheels-monster-trucks-ultimatives-chaos-die-cast-fahrzeuge-im-massstab-164-12er-pack-ggc63\/\" \/>\n<meta property=\"og:locale\" content=\"de_DE\" \/>\n<meta property=\"og:type\" content=\"article\" \/>\n<meta property=\"og:title\" content=\"Hot Wheels GGC61 - Monster Trucks Ultimatives Chaos Die-Cast-Fahrzeuge im Ma\u00dfstab 1:64 12er-Pack, Spielzeug f\u00fcr Kinder\u2026 - Markt-XXL\" \/>\n<meta property=\"og:description\" content=\"Markt-XXL Hot Wheels GGC61 - Monster Trucks Ultimatives Chaos Die-Cast-Fahrzeuge im Ma\u00dfstab 1:64 12er-Pack, Spielzeug f\u00fcr Kinder\u2026\" \/>\n<meta property=\"og:url\" content=\"https:\/\/marktxxl.de\/markt\/produkt\/hot-wheels-monster-trucks-ultimatives-chaos-die-cast-fahrzeuge-im-massstab-164-12er-pack-ggc63\/\" \/>\n<meta property=\"og:site_name\" content=\"Markt-XXL\" \/>\n<meta property=\"article:modified_time\" content=\"2023-04-09T23:21:32+00:00\" \/>\n<meta property=\"og:image\" content=\"https:\/\/m.media-amazon.com\/images\/I\/51Jf7qwYEDS._SL500_.jpg\" \/>\n\t<meta property=\"og:image:width\" content=\"500\" \/>\n\t<meta property=\"og:image:height\" content=\"500\" \/>\n\t<meta property=\"og:image:type\" content=\"image\/jpeg\" \/>\n<meta name=\"twitter:card\" content=\"summary_large_image\" \/>\n<meta name=\"twitter:label1\" content=\"Gesch\u00e4tzte Lesezeit\" \/>\n\t<meta name=\"twitter:data1\" content=\"1\u00a0Minute\" \/>\n<script type=\"application\/ld+json\" class=\"yoast-schema-graph\">{\"@context\":\"https:\\\/\\\/schema.org\",\"@graph\":[{\"@type\":\"WebPage\",\"@id\":\"https:\\\/\\\/marktxxl.de\\\/markt\\\/produkt\\\/hot-wheels-monster-trucks-ultimatives-chaos-die-cast-fahrzeuge-im-massstab-164-12er-pack-ggc63\\\/\",\"url\":\"https:\\\/\\\/marktxxl.de\\\/markt\\\/produkt\\\/hot-wheels-monster-trucks-ultimatives-chaos-die-cast-fahrzeuge-im-massstab-164-12er-pack-ggc63\\\/\",\"name\":\"Hot Wheels GGC61 - Monster Trucks Ultimatives Chaos Die-Cast-Fahrzeuge im Ma\u00dfstab 1:64 12er-Pack, Spielzeug f\u00fcr Kinder\u2026 - Markt-XXL\",\"isPartOf\":{\"@id\":\"https:\\\/\\\/marktxxl.de\\\/markt\\\/#website\"},\"primaryImageOfPage\":{\"@id\":\"https:\\\/\\\/marktxxl.de\\\/markt\\\/produkt\\\/hot-wheels-monster-trucks-ultimatives-chaos-die-cast-fahrzeuge-im-massstab-164-12er-pack-ggc63\\\/#primaryimage\"},\"image\":{\"@id\":\"https:\\\/\\\/marktxxl.de\\\/markt\\\/produkt\\\/hot-wheels-monster-trucks-ultimatives-chaos-die-cast-fahrzeuge-im-massstab-164-12er-pack-ggc63\\\/#primaryimage\"},\"thumbnailUrl\":\"https:\\\/\\\/m.media-amazon.com\\\/images\\\/I\\\/51Jf7qwYEDS._SL500_.jpg\",\"datePublished\":\"2021-09-12T19:36:06+00:00\",\"dateModified\":\"2023-04-09T23:21:32+00:00\",\"description\":\"Markt-XXL Hot Wheels GGC61 - Monster Trucks Ultimatives Chaos Die-Cast-Fahrzeuge im Ma\u00dfstab 1:64 12er-Pack, Spielzeug f\u00fcr Kinder\u2026\",\"breadcrumb\":{\"@id\":\"https:\\\/\\\/marktxxl.de\\\/markt\\\/produkt\\\/hot-wheels-monster-trucks-ultimatives-chaos-die-cast-fahrzeuge-im-massstab-164-12er-pack-ggc63\\\/#breadcrumb\"},\"inLanguage\":\"de\",\"potentialAction\":[{\"@type\":\"ReadAction\",\"target\":[\"https:\\\/\\\/marktxxl.de\\\/markt\\\/produkt\\\/hot-wheels-monster-trucks-ultimatives-chaos-die-cast-fahrzeuge-im-massstab-164-12er-pack-ggc63\\\/\"]}]},{\"@type\":\"ImageObject\",\"inLanguage\":\"de\",\"@id\":\"https:\\\/\\\/marktxxl.de\\\/markt\\\/produkt\\\/hot-wheels-monster-trucks-ultimatives-chaos-die-cast-fahrzeuge-im-massstab-164-12er-pack-ggc63\\\/#primaryimage\",\"url\":\"https:\\\/\\\/m.media-amazon.com\\\/images\\\/I\\\/51Jf7qwYEDS._SL500_.jpg\",\"contentUrl\":\"https:\\\/\\\/m.media-amazon.com\\\/images\\\/I\\\/51Jf7qwYEDS._SL500_.jpg\",\"width\":500,\"height\":500},{\"@type\":\"BreadcrumbList\",\"@id\":\"https:\\\/\\\/marktxxl.de\\\/markt\\\/produkt\\\/hot-wheels-monster-trucks-ultimatives-chaos-die-cast-fahrzeuge-im-massstab-164-12er-pack-ggc63\\\/#breadcrumb\",\"itemListElement\":[{\"@type\":\"ListItem\",\"position\":1,\"name\":\"Startseite\",\"item\":\"https:\\\/\\\/marktxxl.de\\\/markt\\\/\"},{\"@type\":\"ListItem\",\"position\":2,\"name\":\"Markt\",\"item\":\"https:\\\/\\\/marktxxl.de\\\/markt\\\/\"},{\"@type\":\"ListItem\",\"position\":3,\"name\":\"Hot Wheels GGC61 &#8211; Monster Trucks Ultimatives Chaos Die-Cast-Fahrzeuge im Ma\u00dfstab 1:64 12er-Pack, Spielzeug f\u00fcr Kinder\u2026\"}]},{\"@type\":\"WebSite\",\"@id\":\"https:\\\/\\\/marktxxl.de\\\/markt\\\/#website\",\"url\":\"https:\\\/\\\/marktxxl.de\\\/markt\\\/\",\"name\":\"Markt-XXL\",\"description\":\"Ihr Markt Online\",\"publisher\":{\"@id\":\"https:\\\/\\\/marktxxl.de\\\/markt\\\/#organization\"},\"potentialAction\":[{\"@type\":\"SearchAction\",\"target\":{\"@type\":\"EntryPoint\",\"urlTemplate\":\"https:\\\/\\\/marktxxl.de\\\/markt\\\/?s={search_term_string}\"},\"query-input\":{\"@type\":\"PropertyValueSpecification\",\"valueRequired\":true,\"valueName\":\"search_term_string\"}}],\"inLanguage\":\"de\"},{\"@type\":\"Organization\",\"@id\":\"https:\\\/\\\/marktxxl.de\\\/markt\\\/#organization\",\"name\":\"Markt-XXL\",\"url\":\"https:\\\/\\\/marktxxl.de\\\/markt\\\/\",\"logo\":{\"@type\":\"ImageObject\",\"inLanguage\":\"de\",\"@id\":\"https:\\\/\\\/marktxxl.de\\\/markt\\\/#\\\/schema\\\/logo\\\/image\\\/\",\"url\":\"https:\\\/\\\/marktxxl.de\\\/markt\\\/wp-content\\\/uploads\\\/sites\\\/3\\\/2020\\\/12\\\/logo.png\",\"contentUrl\":\"https:\\\/\\\/marktxxl.de\\\/markt\\\/wp-content\\\/uploads\\\/sites\\\/3\\\/2020\\\/12\\\/logo.png\",\"width\":200,\"height\":70,\"caption\":\"Markt-XXL\"},\"image\":{\"@id\":\"https:\\\/\\\/marktxxl.de\\\/markt\\\/#\\\/schema\\\/logo\\\/image\\\/\"}}]}<\/script>\n<!-- \/ Yoast SEO plugin. -->","yoast_head_json":{"title":"Hot Wheels GGC61 - Monster Trucks Ultimatives Chaos Die-Cast-Fahrzeuge im Ma\u00dfstab 1:64 12er-Pack, Spielzeug f\u00fcr Kinder\u2026 - Markt-XXL","description":"Markt-XXL Hot Wheels GGC61 - Monster Trucks Ultimatives Chaos Die-Cast-Fahrzeuge im Ma\u00dfstab 1:64 12er-Pack, Spielzeug f\u00fcr Kinder\u2026","robots":{"index":"index","follow":"follow","max-snippet":"max-snippet:-1","max-image-preview":"max-image-preview:large","max-video-preview":"max-video-preview:-1"},"canonical":"https:\/\/marktxxl.de\/markt\/produkt\/hot-wheels-monster-trucks-ultimatives-chaos-die-cast-fahrzeuge-im-massstab-164-12er-pack-ggc63\/","og_locale":"de_DE","og_type":"article","og_title":"Hot Wheels GGC61 - Monster Trucks Ultimatives Chaos Die-Cast-Fahrzeuge im Ma\u00dfstab 1:64 12er-Pack, Spielzeug f\u00fcr Kinder\u2026 - Markt-XXL","og_description":"Markt-XXL Hot Wheels GGC61 - Monster Trucks Ultimatives Chaos Die-Cast-Fahrzeuge im Ma\u00dfstab 1:64 12er-Pack, Spielzeug f\u00fcr Kinder\u2026","og_url":"https:\/\/marktxxl.de\/markt\/produkt\/hot-wheels-monster-trucks-ultimatives-chaos-die-cast-fahrzeuge-im-massstab-164-12er-pack-ggc63\/","og_site_name":"Markt-XXL","article_modified_time":"2023-04-09T23:21:32+00:00","og_image":[{"width":500,"height":500,"url":"https:\/\/m.media-amazon.com\/images\/I\/51Jf7qwYEDS._SL500_.jpg","type":"image\/jpeg"}],"twitter_card":"summary_large_image","twitter_misc":{"Gesch\u00e4tzte Lesezeit":"1\u00a0Minute"},"schema":{"@context":"https:\/\/schema.org","@graph":[{"@type":"WebPage","@id":"https:\/\/marktxxl.de\/markt\/produkt\/hot-wheels-monster-trucks-ultimatives-chaos-die-cast-fahrzeuge-im-massstab-164-12er-pack-ggc63\/","url":"https:\/\/marktxxl.de\/markt\/produkt\/hot-wheels-monster-trucks-ultimatives-chaos-die-cast-fahrzeuge-im-massstab-164-12er-pack-ggc63\/","name":"Hot Wheels GGC61 - Monster Trucks Ultimatives Chaos Die-Cast-Fahrzeuge im Ma\u00dfstab 1:64 12er-Pack, Spielzeug f\u00fcr Kinder\u2026 - Markt-XXL","isPartOf":{"@id":"https:\/\/marktxxl.de\/markt\/#website"},"primaryImageOfPage":{"@id":"https:\/\/marktxxl.de\/markt\/produkt\/hot-wheels-monster-trucks-ultimatives-chaos-die-cast-fahrzeuge-im-massstab-164-12er-pack-ggc63\/#primaryimage"},"image":{"@id":"https:\/\/marktxxl.de\/markt\/produkt\/hot-wheels-monster-trucks-ultimatives-chaos-die-cast-fahrzeuge-im-massstab-164-12er-pack-ggc63\/#primaryimage"},"thumbnailUrl":"https:\/\/m.media-amazon.com\/images\/I\/51Jf7qwYEDS._SL500_.jpg","datePublished":"2021-09-12T19:36:06+00:00","dateModified":"2023-04-09T23:21:32+00:00","description":"Markt-XXL Hot Wheels GGC61 - Monster Trucks Ultimatives Chaos Die-Cast-Fahrzeuge im Ma\u00dfstab 1:64 12er-Pack, Spielzeug f\u00fcr Kinder\u2026","breadcrumb":{"@id":"https:\/\/marktxxl.de\/markt\/produkt\/hot-wheels-monster-trucks-ultimatives-chaos-die-cast-fahrzeuge-im-massstab-164-12er-pack-ggc63\/#breadcrumb"},"inLanguage":"de","potentialAction":[{"@type":"ReadAction","target":["https:\/\/marktxxl.de\/markt\/produkt\/hot-wheels-monster-trucks-ultimatives-chaos-die-cast-fahrzeuge-im-massstab-164-12er-pack-ggc63\/"]}]},{"@type":"ImageObject","inLanguage":"de","@id":"https:\/\/marktxxl.de\/markt\/produkt\/hot-wheels-monster-trucks-ultimatives-chaos-die-cast-fahrzeuge-im-massstab-164-12er-pack-ggc63\/#primaryimage","url":"https:\/\/m.media-amazon.com\/images\/I\/51Jf7qwYEDS._SL500_.jpg","contentUrl":"https:\/\/m.media-amazon.com\/images\/I\/51Jf7qwYEDS._SL500_.jpg","width":500,"height":500},{"@type":"BreadcrumbList","@id":"https:\/\/marktxxl.de\/markt\/produkt\/hot-wheels-monster-trucks-ultimatives-chaos-die-cast-fahrzeuge-im-massstab-164-12er-pack-ggc63\/#breadcrumb","itemListElement":[{"@type":"ListItem","position":1,"name":"Startseite","item":"https:\/\/marktxxl.de\/markt\/"},{"@type":"ListItem","position":2,"name":"Markt","item":"https:\/\/marktxxl.de\/markt\/"},{"@type":"ListItem","position":3,"name":"Hot Wheels GGC61 &#8211; Monster Trucks Ultimatives Chaos Die-Cast-Fahrzeuge im Ma\u00dfstab 1:64 12er-Pack, Spielzeug f\u00fcr Kinder\u2026"}]},{"@type":"WebSite","@id":"https:\/\/marktxxl.de\/markt\/#website","url":"https:\/\/marktxxl.de\/markt\/","name":"Markt-XXL","description":"Ihr Markt Online","publisher":{"@id":"https:\/\/marktxxl.de\/markt\/#organization"},"potentialAction":[{"@type":"SearchAction","target":{"@type":"EntryPoint","urlTemplate":"https:\/\/marktxxl.de\/markt\/?s={search_term_string}"},"query-input":{"@type":"PropertyValueSpecification","valueRequired":true,"valueName":"search_term_string"}}],"inLanguage":"de"},{"@type":"Organization","@id":"https:\/\/marktxxl.de\/markt\/#organization","name":"Markt-XXL","url":"https:\/\/marktxxl.de\/markt\/","logo":{"@type":"ImageObject","inLanguage":"de","@id":"https:\/\/marktxxl.de\/markt\/#\/schema\/logo\/image\/","url":"https:\/\/marktxxl.de\/markt\/wp-content\/uploads\/sites\/3\/2020\/12\/logo.png","contentUrl":"https:\/\/marktxxl.de\/markt\/wp-content\/uploads\/sites\/3\/2020\/12\/logo.png","width":200,"height":70,"caption":"Markt-XXL"},"image":{"@id":"https:\/\/marktxxl.de\/markt\/#\/schema\/logo\/image\/"}}]}},"_links":{"self":[{"href":"https:\/\/marktxxl.de\/markt\/wp-json\/wp\/v2\/product\/27520","targetHints":{"allow":["GET"]}}],"collection":[{"href":"https:\/\/marktxxl.de\/markt\/wp-json\/wp\/v2\/product"}],"about":[{"href":"https:\/\/marktxxl.de\/markt\/wp-json\/wp\/v2\/types\/product"}],"replies":[{"embeddable":true,"href":"https:\/\/marktxxl.de\/markt\/wp-json\/wp\/v2\/comments?post=27520"}],"wp:featuredmedia":[{"embeddable":true,"href":"https:\/\/marktxxl.de\/markt\/wp-json\/wp\/v2\/media\/27521"}],"wp:attachment":[{"href":"https:\/\/marktxxl.de\/markt\/wp-json\/wp\/v2\/media?parent=27520"}],"wp:term":[{"taxonomy":"product_brand","embeddable":true,"href":"https:\/\/marktxxl.de\/markt\/wp-json\/wp\/v2\/product_brand?post=27520"},{"taxonomy":"product_cat","embeddable":true,"href":"https:\/\/marktxxl.de\/markt\/wp-json\/wp\/v2\/product_cat?post=27520"},{"taxonomy":"product_tag","embeddable":true,"href":"https:\/\/marktxxl.de\/markt\/wp-json\/wp\/v2\/product_tag?post=27520"}],"curies":[{"name":"wp","href":"https:\/\/api.w.org\/{rel}","templated":true}]}}