{"id":27348,"date":"2021-09-12T21:33:34","date_gmt":"2021-09-12T19:33:34","guid":{"rendered":"https:\/\/marktxxl.de\/markt\/produkt\/disney-jungs-mickey-mouse-farbe-sortiert-design-12-paar-socken-set\/"},"modified":"2023-04-10T01:21:29","modified_gmt":"2023-04-09T23:21:29","slug":"disney-jungs-mickey-mouse-farbe-sortiert-design-12-paar-socken-set","status":"publish","type":"product","link":"https:\/\/marktxxl.de\/markt\/produkt\/disney-jungs-mickey-mouse-farbe-sortiert-design-12-paar-socken-set\/","title":{"rendered":"Disney Jungs Mickey Mouse Farbe sortiert Design 12 Paar Socken-Set"},"content":{"rendered":"<p>\u00e2 &#8230; CUTE, Colourful Designs: 12-pair Babysocken sortierten Bilder von Spa\u00df und liebevolle Mickey Mouse in bunten Motiven von Disney Baby Set mit. \u00e2 &#8230; Erh\u00e4ltlich in 3 Farbkollektionen: Schwarz-Grau-Rot, Grau-Blau-Gelb oder Wei\u00df-Blau-graue Farbe Entw\u00fcrfe.<br \/>\n\u00e2 &#8230; QUALITY: Socken sind aus einer Mischung aus Polyester und Elasthan f\u00fcr eine warme bequeme Passform und dauerhafte Abnutzung gemacht. Paare verf\u00fcgen \u00fcber verschiedene Mickey Bilder mit einem Disney-Logo. \u00e2 &#8230; Pflege: Maschinenw\u00e4sche in kaltem Wasser mit \u00e4hnlichen Farben. Trocknen bei niedriger Temperatur.<br \/>\n\u00e2 &#8230; GR\u00d6SSE: Stretchable Passform f\u00fcr Babys im Alter von 0-24 Monaten und in den Gr\u00f6\u00dfen 0-6 Monate, 6-12 Monate, 12-24 Monate. \u00e2 &#8230; LICENSED: Offiziell lizenziert Disney Baby Mickey Mouse Produkt.<br \/>\n\u00e2 &#8230; MASSE: 0-6M (Schuhgr\u00f6\u00dfe 1-2) &#8211; 3.5 &#8220;(L) x 2,25&#8243; (W) x 2,25&#8221; (Ankle H) \u00e2 &#8230; 6-12 M (Schuhgr\u00f6\u00dfe 3-4) &#8211; 3,75. &#8220;(L) x 2,25&#8243; (B) x 2,75&#8221; (Ankle H). \u00e2 &#8230; 12-24M (Schuhgr\u00f6\u00dfe 5-6) &#8211; 4 &#8220;(L) x 2,25&#8243; (W) x 3,25&#8221; (Ankle H).<br \/>\n\u00e2 &#8230; FUN und praktisch: Mit einer Vielzahl von Farben und verspielten Themen, dieser Spa\u00df und bunte Socken werden m\u00fchelos Ihr Babys allt\u00e4gliche Outfits erg\u00e4nzen. Entz\u00fcckende Disney Baby Socken machen gro\u00dfes Zubeh\u00f6r und Babypartygeschenke, die lang anhaltende Erinnerungen liefern.<br \/>\n<div class=\"main-cross-sell\" data-asin=\"B07P5JGNXG\">\n\n\t<div class=\"WooZone-cross-sell-loader\">\n\t\t<div>\n\t\t\t<div id=\"floatingBarsG\">\n\t\t\t\t<div class=\"blockG\" id=\"rotateG_01\"><\/div>\n\t\t\t\t<div class=\"blockG\" id=\"rotateG_02\"><\/div>\n\t\t\t\t<div class=\"blockG\" id=\"rotateG_03\"><\/div>\n\t\t\t\t<div class=\"blockG\" id=\"rotateG_04\"><\/div>\n\t\t\t\t<div class=\"blockG\" id=\"rotateG_05\"><\/div>\n\t\t\t\t<div class=\"blockG\" id=\"rotateG_06\"><\/div>\n\t\t\t\t<div class=\"blockG\" id=\"rotateG_07\"><\/div>\n\t\t\t\t<div class=\"blockG\" id=\"rotateG_08\"><\/div>\n\t\t\t<\/div>\n\t\t\t<div class=\"WooZone-cross-sell-loader-text\"><\/div>\n\t\t<\/div>\n\t<\/div>\n\n\t\t\n<\/div>\n<div style=\"clear:both;\"><\/div><\/p>\n","protected":false},"excerpt":{"rendered":"<p>\u00e2 &#8230; CUTE, Colourful Designs: 12-pair Babysocken sortierten Bilder von Spa\u00df und liebevolle Mickey Mouse in bunten Motiven von Disney Baby Set mit. \u00e2 &#8230; Erh\u00e4ltlich in 3 Farbkollektionen: Schwarz-Grau-Rot, Grau-Blau-Gelb oder Wei\u00df-Blau-graue Farbe Entw\u00fcrfe.<br \/>\n\u00e2 &#8230; QUALITY: Socken sind aus einer Mischung aus Polyester und Elasthan f\u00fcr eine warme bequeme Passform und dauerhafte Abnutzung gemacht. Paare verf\u00fcgen \u00fcber verschiedene Mickey Bilder mit einem Disney-Logo. \u00e2 &#8230; Pflege: Maschinenw\u00e4sche in kaltem Wasser mit \u00e4hnlichen Farben. Trocknen bei niedriger Temperatur.<br \/>\n\u00e2 &#8230; GR\u00d6SSE: Stretchable Passform f\u00fcr Babys im Alter von 0-24 Monaten und in den Gr\u00f6\u00dfen 0-6 Monate, 6-12 Monate, 12-24 Monate. \u00e2 &#8230; LICENSED: Offiziell lizenziert Disney Baby Mickey Mouse Produkt.<\/p>\n","protected":false},"featured_media":27358,"comment_status":"open","ping_status":"closed","template":"","meta":[],"product_brand":[],"product_cat":[21,8913],"product_tag":[],"class_list":{"0":"post-27348","1":"product","2":"type-product","3":"status-publish","4":"has-post-thumbnail","6":"product_cat-baby","7":"product_cat-babybekleidung-baby","8":"pa_brand-disney","9":"pa_farbe-grau-blau-gelb-sammlung","10":"pa_farbe-schwarz-grau-rot-sammlung","11":"pa_farbe-weiss-blau-grau-sammlung","12":"pa_groesse-0-6-monate","13":"pa_groesse-12-24-monate","14":"pa_groesse-6-12-monate","15":"pa_manufacturer-disney","17":"first","18":"instock","19":"shipping-taxable","20":"purchasable","21":"product-type-variable","22":"customify-col","23":"product-has-gallery"},"yoast_head":"<!-- This site is optimized with the Yoast SEO plugin v27.3 - https:\/\/yoast.com\/product\/yoast-seo-wordpress\/ -->\n<title>Disney Jungs Mickey Mouse Farbe sortiert Design 12 Paar Socken-Set - Markt-XXL<\/title>\n<meta name=\"description\" content=\"Markt-XXL Disney Jungs Mickey Mouse Farbe sortiert Design 12 Paar Socken-Set\" \/>\n<meta name=\"robots\" content=\"index, follow, max-snippet:-1, max-image-preview:large, max-video-preview:-1\" \/>\n<link rel=\"canonical\" href=\"https:\/\/marktxxl.de\/markt\/produkt\/disney-jungs-mickey-mouse-farbe-sortiert-design-12-paar-socken-set\/\" \/>\n<meta property=\"og:locale\" content=\"de_DE\" \/>\n<meta property=\"og:type\" content=\"article\" \/>\n<meta property=\"og:title\" content=\"Disney Jungs Mickey Mouse Farbe sortiert Design 12 Paar Socken-Set - Markt-XXL\" \/>\n<meta property=\"og:description\" content=\"Markt-XXL Disney Jungs Mickey Mouse Farbe sortiert Design 12 Paar Socken-Set\" \/>\n<meta property=\"og:url\" content=\"https:\/\/marktxxl.de\/markt\/produkt\/disney-jungs-mickey-mouse-farbe-sortiert-design-12-paar-socken-set\/\" \/>\n<meta property=\"og:site_name\" content=\"Markt-XXL\" \/>\n<meta property=\"article:modified_time\" content=\"2023-04-09T23:21:29+00:00\" \/>\n<meta property=\"og:image\" content=\"https:\/\/m.media-amazon.com\/images\/I\/51wRrE0yNAL._SL500_.jpg\" \/>\n\t<meta property=\"og:image:width\" content=\"400\" \/>\n\t<meta property=\"og:image:height\" content=\"500\" \/>\n\t<meta property=\"og:image:type\" content=\"image\/jpeg\" \/>\n<meta name=\"twitter:card\" content=\"summary_large_image\" \/>\n<meta name=\"twitter:label1\" content=\"Gesch\u00e4tzte Lesezeit\" \/>\n\t<meta name=\"twitter:data1\" content=\"1\u00a0Minute\" \/>\n<script type=\"application\/ld+json\" class=\"yoast-schema-graph\">{\"@context\":\"https:\\\/\\\/schema.org\",\"@graph\":[{\"@type\":\"WebPage\",\"@id\":\"https:\\\/\\\/marktxxl.de\\\/markt\\\/produkt\\\/disney-jungs-mickey-mouse-farbe-sortiert-design-12-paar-socken-set\\\/\",\"url\":\"https:\\\/\\\/marktxxl.de\\\/markt\\\/produkt\\\/disney-jungs-mickey-mouse-farbe-sortiert-design-12-paar-socken-set\\\/\",\"name\":\"Disney Jungs Mickey Mouse Farbe sortiert Design 12 Paar Socken-Set - Markt-XXL\",\"isPartOf\":{\"@id\":\"https:\\\/\\\/marktxxl.de\\\/markt\\\/#website\"},\"primaryImageOfPage\":{\"@id\":\"https:\\\/\\\/marktxxl.de\\\/markt\\\/produkt\\\/disney-jungs-mickey-mouse-farbe-sortiert-design-12-paar-socken-set\\\/#primaryimage\"},\"image\":{\"@id\":\"https:\\\/\\\/marktxxl.de\\\/markt\\\/produkt\\\/disney-jungs-mickey-mouse-farbe-sortiert-design-12-paar-socken-set\\\/#primaryimage\"},\"thumbnailUrl\":\"https:\\\/\\\/m.media-amazon.com\\\/images\\\/I\\\/51wRrE0yNAL._SL500_.jpg\",\"datePublished\":\"2021-09-12T19:33:34+00:00\",\"dateModified\":\"2023-04-09T23:21:29+00:00\",\"description\":\"Markt-XXL Disney Jungs Mickey Mouse Farbe sortiert Design 12 Paar Socken-Set\",\"breadcrumb\":{\"@id\":\"https:\\\/\\\/marktxxl.de\\\/markt\\\/produkt\\\/disney-jungs-mickey-mouse-farbe-sortiert-design-12-paar-socken-set\\\/#breadcrumb\"},\"inLanguage\":\"de\",\"potentialAction\":[{\"@type\":\"ReadAction\",\"target\":[\"https:\\\/\\\/marktxxl.de\\\/markt\\\/produkt\\\/disney-jungs-mickey-mouse-farbe-sortiert-design-12-paar-socken-set\\\/\"]}]},{\"@type\":\"ImageObject\",\"inLanguage\":\"de\",\"@id\":\"https:\\\/\\\/marktxxl.de\\\/markt\\\/produkt\\\/disney-jungs-mickey-mouse-farbe-sortiert-design-12-paar-socken-set\\\/#primaryimage\",\"url\":\"https:\\\/\\\/m.media-amazon.com\\\/images\\\/I\\\/51wRrE0yNAL._SL500_.jpg\",\"contentUrl\":\"https:\\\/\\\/m.media-amazon.com\\\/images\\\/I\\\/51wRrE0yNAL._SL500_.jpg\",\"width\":400,\"height\":500},{\"@type\":\"BreadcrumbList\",\"@id\":\"https:\\\/\\\/marktxxl.de\\\/markt\\\/produkt\\\/disney-jungs-mickey-mouse-farbe-sortiert-design-12-paar-socken-set\\\/#breadcrumb\",\"itemListElement\":[{\"@type\":\"ListItem\",\"position\":1,\"name\":\"Startseite\",\"item\":\"https:\\\/\\\/marktxxl.de\\\/markt\\\/\"},{\"@type\":\"ListItem\",\"position\":2,\"name\":\"Markt\",\"item\":\"https:\\\/\\\/marktxxl.de\\\/markt\\\/\"},{\"@type\":\"ListItem\",\"position\":3,\"name\":\"Disney Jungs Mickey Mouse Farbe sortiert Design 12 Paar Socken-Set\"}]},{\"@type\":\"WebSite\",\"@id\":\"https:\\\/\\\/marktxxl.de\\\/markt\\\/#website\",\"url\":\"https:\\\/\\\/marktxxl.de\\\/markt\\\/\",\"name\":\"Markt-XXL\",\"description\":\"Ihr Markt Online\",\"publisher\":{\"@id\":\"https:\\\/\\\/marktxxl.de\\\/markt\\\/#organization\"},\"potentialAction\":[{\"@type\":\"SearchAction\",\"target\":{\"@type\":\"EntryPoint\",\"urlTemplate\":\"https:\\\/\\\/marktxxl.de\\\/markt\\\/?s={search_term_string}\"},\"query-input\":{\"@type\":\"PropertyValueSpecification\",\"valueRequired\":true,\"valueName\":\"search_term_string\"}}],\"inLanguage\":\"de\"},{\"@type\":\"Organization\",\"@id\":\"https:\\\/\\\/marktxxl.de\\\/markt\\\/#organization\",\"name\":\"Markt-XXL\",\"url\":\"https:\\\/\\\/marktxxl.de\\\/markt\\\/\",\"logo\":{\"@type\":\"ImageObject\",\"inLanguage\":\"de\",\"@id\":\"https:\\\/\\\/marktxxl.de\\\/markt\\\/#\\\/schema\\\/logo\\\/image\\\/\",\"url\":\"https:\\\/\\\/marktxxl.de\\\/markt\\\/wp-content\\\/uploads\\\/sites\\\/3\\\/2020\\\/12\\\/logo.png\",\"contentUrl\":\"https:\\\/\\\/marktxxl.de\\\/markt\\\/wp-content\\\/uploads\\\/sites\\\/3\\\/2020\\\/12\\\/logo.png\",\"width\":200,\"height\":70,\"caption\":\"Markt-XXL\"},\"image\":{\"@id\":\"https:\\\/\\\/marktxxl.de\\\/markt\\\/#\\\/schema\\\/logo\\\/image\\\/\"}}]}<\/script>\n<!-- \/ Yoast SEO plugin. -->","yoast_head_json":{"title":"Disney Jungs Mickey Mouse Farbe sortiert Design 12 Paar Socken-Set - Markt-XXL","description":"Markt-XXL Disney Jungs Mickey Mouse Farbe sortiert Design 12 Paar Socken-Set","robots":{"index":"index","follow":"follow","max-snippet":"max-snippet:-1","max-image-preview":"max-image-preview:large","max-video-preview":"max-video-preview:-1"},"canonical":"https:\/\/marktxxl.de\/markt\/produkt\/disney-jungs-mickey-mouse-farbe-sortiert-design-12-paar-socken-set\/","og_locale":"de_DE","og_type":"article","og_title":"Disney Jungs Mickey Mouse Farbe sortiert Design 12 Paar Socken-Set - Markt-XXL","og_description":"Markt-XXL Disney Jungs Mickey Mouse Farbe sortiert Design 12 Paar Socken-Set","og_url":"https:\/\/marktxxl.de\/markt\/produkt\/disney-jungs-mickey-mouse-farbe-sortiert-design-12-paar-socken-set\/","og_site_name":"Markt-XXL","article_modified_time":"2023-04-09T23:21:29+00:00","og_image":[{"width":400,"height":500,"url":"https:\/\/m.media-amazon.com\/images\/I\/51wRrE0yNAL._SL500_.jpg","type":"image\/jpeg"}],"twitter_card":"summary_large_image","twitter_misc":{"Gesch\u00e4tzte Lesezeit":"1\u00a0Minute"},"schema":{"@context":"https:\/\/schema.org","@graph":[{"@type":"WebPage","@id":"https:\/\/marktxxl.de\/markt\/produkt\/disney-jungs-mickey-mouse-farbe-sortiert-design-12-paar-socken-set\/","url":"https:\/\/marktxxl.de\/markt\/produkt\/disney-jungs-mickey-mouse-farbe-sortiert-design-12-paar-socken-set\/","name":"Disney Jungs Mickey Mouse Farbe sortiert Design 12 Paar Socken-Set - Markt-XXL","isPartOf":{"@id":"https:\/\/marktxxl.de\/markt\/#website"},"primaryImageOfPage":{"@id":"https:\/\/marktxxl.de\/markt\/produkt\/disney-jungs-mickey-mouse-farbe-sortiert-design-12-paar-socken-set\/#primaryimage"},"image":{"@id":"https:\/\/marktxxl.de\/markt\/produkt\/disney-jungs-mickey-mouse-farbe-sortiert-design-12-paar-socken-set\/#primaryimage"},"thumbnailUrl":"https:\/\/m.media-amazon.com\/images\/I\/51wRrE0yNAL._SL500_.jpg","datePublished":"2021-09-12T19:33:34+00:00","dateModified":"2023-04-09T23:21:29+00:00","description":"Markt-XXL Disney Jungs Mickey Mouse Farbe sortiert Design 12 Paar Socken-Set","breadcrumb":{"@id":"https:\/\/marktxxl.de\/markt\/produkt\/disney-jungs-mickey-mouse-farbe-sortiert-design-12-paar-socken-set\/#breadcrumb"},"inLanguage":"de","potentialAction":[{"@type":"ReadAction","target":["https:\/\/marktxxl.de\/markt\/produkt\/disney-jungs-mickey-mouse-farbe-sortiert-design-12-paar-socken-set\/"]}]},{"@type":"ImageObject","inLanguage":"de","@id":"https:\/\/marktxxl.de\/markt\/produkt\/disney-jungs-mickey-mouse-farbe-sortiert-design-12-paar-socken-set\/#primaryimage","url":"https:\/\/m.media-amazon.com\/images\/I\/51wRrE0yNAL._SL500_.jpg","contentUrl":"https:\/\/m.media-amazon.com\/images\/I\/51wRrE0yNAL._SL500_.jpg","width":400,"height":500},{"@type":"BreadcrumbList","@id":"https:\/\/marktxxl.de\/markt\/produkt\/disney-jungs-mickey-mouse-farbe-sortiert-design-12-paar-socken-set\/#breadcrumb","itemListElement":[{"@type":"ListItem","position":1,"name":"Startseite","item":"https:\/\/marktxxl.de\/markt\/"},{"@type":"ListItem","position":2,"name":"Markt","item":"https:\/\/marktxxl.de\/markt\/"},{"@type":"ListItem","position":3,"name":"Disney Jungs Mickey Mouse Farbe sortiert Design 12 Paar Socken-Set"}]},{"@type":"WebSite","@id":"https:\/\/marktxxl.de\/markt\/#website","url":"https:\/\/marktxxl.de\/markt\/","name":"Markt-XXL","description":"Ihr Markt Online","publisher":{"@id":"https:\/\/marktxxl.de\/markt\/#organization"},"potentialAction":[{"@type":"SearchAction","target":{"@type":"EntryPoint","urlTemplate":"https:\/\/marktxxl.de\/markt\/?s={search_term_string}"},"query-input":{"@type":"PropertyValueSpecification","valueRequired":true,"valueName":"search_term_string"}}],"inLanguage":"de"},{"@type":"Organization","@id":"https:\/\/marktxxl.de\/markt\/#organization","name":"Markt-XXL","url":"https:\/\/marktxxl.de\/markt\/","logo":{"@type":"ImageObject","inLanguage":"de","@id":"https:\/\/marktxxl.de\/markt\/#\/schema\/logo\/image\/","url":"https:\/\/marktxxl.de\/markt\/wp-content\/uploads\/sites\/3\/2020\/12\/logo.png","contentUrl":"https:\/\/marktxxl.de\/markt\/wp-content\/uploads\/sites\/3\/2020\/12\/logo.png","width":200,"height":70,"caption":"Markt-XXL"},"image":{"@id":"https:\/\/marktxxl.de\/markt\/#\/schema\/logo\/image\/"}}]}},"_links":{"self":[{"href":"https:\/\/marktxxl.de\/markt\/wp-json\/wp\/v2\/product\/27348","targetHints":{"allow":["GET"]}}],"collection":[{"href":"https:\/\/marktxxl.de\/markt\/wp-json\/wp\/v2\/product"}],"about":[{"href":"https:\/\/marktxxl.de\/markt\/wp-json\/wp\/v2\/types\/product"}],"replies":[{"embeddable":true,"href":"https:\/\/marktxxl.de\/markt\/wp-json\/wp\/v2\/comments?post=27348"}],"wp:featuredmedia":[{"embeddable":true,"href":"https:\/\/marktxxl.de\/markt\/wp-json\/wp\/v2\/media\/27358"}],"wp:attachment":[{"href":"https:\/\/marktxxl.de\/markt\/wp-json\/wp\/v2\/media?parent=27348"}],"wp:term":[{"taxonomy":"product_brand","embeddable":true,"href":"https:\/\/marktxxl.de\/markt\/wp-json\/wp\/v2\/product_brand?post=27348"},{"taxonomy":"product_cat","embeddable":true,"href":"https:\/\/marktxxl.de\/markt\/wp-json\/wp\/v2\/product_cat?post=27348"},{"taxonomy":"product_tag","embeddable":true,"href":"https:\/\/marktxxl.de\/markt\/wp-json\/wp\/v2\/product_tag?post=27348"}],"curies":[{"name":"wp","href":"https:\/\/api.w.org\/{rel}","templated":true}]}}