{"id":27263,"date":"2021-09-12T21:32:12","date_gmt":"2021-09-12T19:32:12","guid":{"rendered":"https:\/\/marktxxl.de\/markt\/produkt\/hipp-fruechte-williams-christ-birnen-mit-apfel-6er-pack-6-x-250-g\/"},"modified":"2023-04-10T01:21:28","modified_gmt":"2023-04-09T23:21:28","slug":"hipp-fruechte-williams-christ-birnen-mit-apfel-6er-pack-6-x-250-g","status":"publish","type":"product","link":"https:\/\/marktxxl.de\/markt\/produkt\/hipp-fruechte-williams-christ-birnen-mit-apfel-6er-pack-6-x-250-g\/","title":{"rendered":"HiPP Fr\u00fcchte Williams-Christ-Birnen mit Apfel, 6er Pack (6 x 250 g)"},"content":{"rendered":"<p>Zu Babys Ern\u00e4hrung geh\u00f6rt Obst als unentbehrlicher Spender von Vitaminen, Mineralstoffen und Spurenelementen<br \/>\nF\u00fcr HiPP werden nur besonders streng kontrollierte Fr\u00fcchte ausgew\u00e4hlt<br \/>\nDie HiPP Fr\u00fcchte sind ideal als Nachspeise oder Zutat zum Brei und schmecken dabei besonders gut<br \/>\nVerwendet werden spezielle Obstsorten, die gen\u00fcgend Zeit zum Reifen hatten und so ganz nat\u00fcrlich ihren vollen Fruchtgeschmack entwickeln konnten \u2013 ohne Zusatz von Aromen und Zucker (Zutaten enthalten von Natur aus Zucker)<br \/>\nOhne Zusatz von Milchprodukten<br \/>\n<div class=\"main-cross-sell\" data-asin=\"B06XTGMZ8M\">\n\n\t<div class=\"WooZone-cross-sell-loader\">\n\t\t<div>\n\t\t\t<div id=\"floatingBarsG\">\n\t\t\t\t<div class=\"blockG\" id=\"rotateG_01\"><\/div>\n\t\t\t\t<div class=\"blockG\" id=\"rotateG_02\"><\/div>\n\t\t\t\t<div class=\"blockG\" id=\"rotateG_03\"><\/div>\n\t\t\t\t<div class=\"blockG\" id=\"rotateG_04\"><\/div>\n\t\t\t\t<div class=\"blockG\" id=\"rotateG_05\"><\/div>\n\t\t\t\t<div class=\"blockG\" id=\"rotateG_06\"><\/div>\n\t\t\t\t<div class=\"blockG\" id=\"rotateG_07\"><\/div>\n\t\t\t\t<div class=\"blockG\" id=\"rotateG_08\"><\/div>\n\t\t\t<\/div>\n\t\t\t<div class=\"WooZone-cross-sell-loader-text\"><\/div>\n\t\t<\/div>\n\t<\/div>\n\n\t\t\n<\/div>\n<div style=\"clear:both;\"><\/div><\/p>\n","protected":false},"excerpt":{"rendered":"<p>Zu Babys Ern\u00e4hrung geh\u00f6rt Obst als unentbehrlicher Spender von Vitaminen, Mineralstoffen und Spurenelementen<br \/>\nF\u00fcr HiPP werden nur besonders streng kontrollierte Fr\u00fcchte ausgew\u00e4hlt<br \/>\nDie HiPP Fr\u00fcchte sind ideal als Nachspeise oder Zutat zum Brei und schmecken dabei besonders gut<\/p>\n","protected":false},"featured_media":27264,"comment_status":"open","ping_status":"closed","template":"","meta":[],"product_brand":[],"product_cat":[21,9216],"product_tag":[],"class_list":{"0":"post-27263","1":"product","2":"type-product","3":"status-publish","4":"has-post-thumbnail","6":"product_cat-baby","7":"product_cat-ernaehrung-stillen-baby","8":"pa_binding-lebensmittel-getraenke","9":"pa_brand-hipp","10":"pa_languages-ingredients-deutsch","11":"pa_manufacturer-hipp-gmbh-co-vertrieb-kg","12":"pa_model-4610-02","13":"pa_size-250-g-6er-pack","14":"pa_weight-1500-gramm","16":"first","17":"instock","18":"shipping-taxable","19":"purchasable","20":"product-type-simple","21":"customify-col","22":"product-has-gallery"},"yoast_head":"<!-- This site is optimized with the Yoast SEO plugin v27.4 - https:\/\/yoast.com\/product\/yoast-seo-wordpress\/ -->\n<title>HiPP Fr\u00fcchte Williams-Christ-Birnen mit Apfel, 6er Pack (6 x 250 g) - Markt-XXL<\/title>\n<meta name=\"description\" content=\"Markt-XXL HiPP Fr\u00fcchte Williams-Christ-Birnen mit Apfel, 6er Pack (6 x 250 g)\" \/>\n<meta name=\"robots\" content=\"index, follow, max-snippet:-1, max-image-preview:large, max-video-preview:-1\" \/>\n<link rel=\"canonical\" href=\"https:\/\/marktxxl.de\/markt\/produkt\/hipp-fruechte-williams-christ-birnen-mit-apfel-6er-pack-6-x-250-g\/\" \/>\n<meta property=\"og:locale\" content=\"de_DE\" \/>\n<meta property=\"og:type\" content=\"article\" \/>\n<meta property=\"og:title\" content=\"HiPP Fr\u00fcchte Williams-Christ-Birnen mit Apfel, 6er Pack (6 x 250 g) - Markt-XXL\" \/>\n<meta property=\"og:description\" content=\"Markt-XXL HiPP Fr\u00fcchte Williams-Christ-Birnen mit Apfel, 6er Pack (6 x 250 g)\" \/>\n<meta property=\"og:url\" content=\"https:\/\/marktxxl.de\/markt\/produkt\/hipp-fruechte-williams-christ-birnen-mit-apfel-6er-pack-6-x-250-g\/\" \/>\n<meta property=\"og:site_name\" content=\"Markt-XXL\" \/>\n<meta property=\"article:modified_time\" content=\"2023-04-09T23:21:28+00:00\" \/>\n<meta property=\"og:image\" content=\"https:\/\/m.media-amazon.com\/images\/I\/41VjH4c2tjL._SL500_.jpg\" \/>\n\t<meta property=\"og:image:width\" content=\"333\" \/>\n\t<meta property=\"og:image:height\" content=\"500\" \/>\n\t<meta property=\"og:image:type\" content=\"image\/jpeg\" \/>\n<meta name=\"twitter:card\" content=\"summary_large_image\" \/>\n<script type=\"application\/ld+json\" class=\"yoast-schema-graph\">{\"@context\":\"https:\\\/\\\/schema.org\",\"@graph\":[{\"@type\":\"WebPage\",\"@id\":\"https:\\\/\\\/marktxxl.de\\\/markt\\\/produkt\\\/hipp-fruechte-williams-christ-birnen-mit-apfel-6er-pack-6-x-250-g\\\/\",\"url\":\"https:\\\/\\\/marktxxl.de\\\/markt\\\/produkt\\\/hipp-fruechte-williams-christ-birnen-mit-apfel-6er-pack-6-x-250-g\\\/\",\"name\":\"HiPP Fr\u00fcchte Williams-Christ-Birnen mit Apfel, 6er Pack (6 x 250 g) - Markt-XXL\",\"isPartOf\":{\"@id\":\"https:\\\/\\\/marktxxl.de\\\/markt\\\/#website\"},\"primaryImageOfPage\":{\"@id\":\"https:\\\/\\\/marktxxl.de\\\/markt\\\/produkt\\\/hipp-fruechte-williams-christ-birnen-mit-apfel-6er-pack-6-x-250-g\\\/#primaryimage\"},\"image\":{\"@id\":\"https:\\\/\\\/marktxxl.de\\\/markt\\\/produkt\\\/hipp-fruechte-williams-christ-birnen-mit-apfel-6er-pack-6-x-250-g\\\/#primaryimage\"},\"thumbnailUrl\":\"https:\\\/\\\/m.media-amazon.com\\\/images\\\/I\\\/41VjH4c2tjL._SL500_.jpg\",\"datePublished\":\"2021-09-12T19:32:12+00:00\",\"dateModified\":\"2023-04-09T23:21:28+00:00\",\"description\":\"Markt-XXL HiPP Fr\u00fcchte Williams-Christ-Birnen mit Apfel, 6er Pack (6 x 250 g)\",\"breadcrumb\":{\"@id\":\"https:\\\/\\\/marktxxl.de\\\/markt\\\/produkt\\\/hipp-fruechte-williams-christ-birnen-mit-apfel-6er-pack-6-x-250-g\\\/#breadcrumb\"},\"inLanguage\":\"de\",\"potentialAction\":[{\"@type\":\"ReadAction\",\"target\":[\"https:\\\/\\\/marktxxl.de\\\/markt\\\/produkt\\\/hipp-fruechte-williams-christ-birnen-mit-apfel-6er-pack-6-x-250-g\\\/\"]}]},{\"@type\":\"ImageObject\",\"inLanguage\":\"de\",\"@id\":\"https:\\\/\\\/marktxxl.de\\\/markt\\\/produkt\\\/hipp-fruechte-williams-christ-birnen-mit-apfel-6er-pack-6-x-250-g\\\/#primaryimage\",\"url\":\"https:\\\/\\\/m.media-amazon.com\\\/images\\\/I\\\/41VjH4c2tjL._SL500_.jpg\",\"contentUrl\":\"https:\\\/\\\/m.media-amazon.com\\\/images\\\/I\\\/41VjH4c2tjL._SL500_.jpg\",\"width\":333,\"height\":500},{\"@type\":\"BreadcrumbList\",\"@id\":\"https:\\\/\\\/marktxxl.de\\\/markt\\\/produkt\\\/hipp-fruechte-williams-christ-birnen-mit-apfel-6er-pack-6-x-250-g\\\/#breadcrumb\",\"itemListElement\":[{\"@type\":\"ListItem\",\"position\":1,\"name\":\"Startseite\",\"item\":\"https:\\\/\\\/marktxxl.de\\\/markt\\\/\"},{\"@type\":\"ListItem\",\"position\":2,\"name\":\"Markt\",\"item\":\"https:\\\/\\\/marktxxl.de\\\/markt\\\/\"},{\"@type\":\"ListItem\",\"position\":3,\"name\":\"HiPP Fr\u00fcchte Williams-Christ-Birnen mit Apfel, 6er Pack (6 x 250 g)\"}]},{\"@type\":\"WebSite\",\"@id\":\"https:\\\/\\\/marktxxl.de\\\/markt\\\/#website\",\"url\":\"https:\\\/\\\/marktxxl.de\\\/markt\\\/\",\"name\":\"Markt-XXL\",\"description\":\"Ihr Markt Online\",\"publisher\":{\"@id\":\"https:\\\/\\\/marktxxl.de\\\/markt\\\/#organization\"},\"potentialAction\":[{\"@type\":\"SearchAction\",\"target\":{\"@type\":\"EntryPoint\",\"urlTemplate\":\"https:\\\/\\\/marktxxl.de\\\/markt\\\/?s={search_term_string}\"},\"query-input\":{\"@type\":\"PropertyValueSpecification\",\"valueRequired\":true,\"valueName\":\"search_term_string\"}}],\"inLanguage\":\"de\"},{\"@type\":\"Organization\",\"@id\":\"https:\\\/\\\/marktxxl.de\\\/markt\\\/#organization\",\"name\":\"Markt-XXL\",\"url\":\"https:\\\/\\\/marktxxl.de\\\/markt\\\/\",\"logo\":{\"@type\":\"ImageObject\",\"inLanguage\":\"de\",\"@id\":\"https:\\\/\\\/marktxxl.de\\\/markt\\\/#\\\/schema\\\/logo\\\/image\\\/\",\"url\":\"https:\\\/\\\/marktxxl.de\\\/markt\\\/wp-content\\\/uploads\\\/sites\\\/3\\\/2020\\\/12\\\/logo.png\",\"contentUrl\":\"https:\\\/\\\/marktxxl.de\\\/markt\\\/wp-content\\\/uploads\\\/sites\\\/3\\\/2020\\\/12\\\/logo.png\",\"width\":200,\"height\":70,\"caption\":\"Markt-XXL\"},\"image\":{\"@id\":\"https:\\\/\\\/marktxxl.de\\\/markt\\\/#\\\/schema\\\/logo\\\/image\\\/\"}}]}<\/script>\n<!-- \/ Yoast SEO plugin. -->","yoast_head_json":{"title":"HiPP Fr\u00fcchte Williams-Christ-Birnen mit Apfel, 6er Pack (6 x 250 g) - Markt-XXL","description":"Markt-XXL HiPP Fr\u00fcchte Williams-Christ-Birnen mit Apfel, 6er Pack (6 x 250 g)","robots":{"index":"index","follow":"follow","max-snippet":"max-snippet:-1","max-image-preview":"max-image-preview:large","max-video-preview":"max-video-preview:-1"},"canonical":"https:\/\/marktxxl.de\/markt\/produkt\/hipp-fruechte-williams-christ-birnen-mit-apfel-6er-pack-6-x-250-g\/","og_locale":"de_DE","og_type":"article","og_title":"HiPP Fr\u00fcchte Williams-Christ-Birnen mit Apfel, 6er Pack (6 x 250 g) - Markt-XXL","og_description":"Markt-XXL HiPP Fr\u00fcchte Williams-Christ-Birnen mit Apfel, 6er Pack (6 x 250 g)","og_url":"https:\/\/marktxxl.de\/markt\/produkt\/hipp-fruechte-williams-christ-birnen-mit-apfel-6er-pack-6-x-250-g\/","og_site_name":"Markt-XXL","article_modified_time":"2023-04-09T23:21:28+00:00","og_image":[{"width":333,"height":500,"url":"https:\/\/m.media-amazon.com\/images\/I\/41VjH4c2tjL._SL500_.jpg","type":"image\/jpeg"}],"twitter_card":"summary_large_image","schema":{"@context":"https:\/\/schema.org","@graph":[{"@type":"WebPage","@id":"https:\/\/marktxxl.de\/markt\/produkt\/hipp-fruechte-williams-christ-birnen-mit-apfel-6er-pack-6-x-250-g\/","url":"https:\/\/marktxxl.de\/markt\/produkt\/hipp-fruechte-williams-christ-birnen-mit-apfel-6er-pack-6-x-250-g\/","name":"HiPP Fr\u00fcchte Williams-Christ-Birnen mit Apfel, 6er Pack (6 x 250 g) - Markt-XXL","isPartOf":{"@id":"https:\/\/marktxxl.de\/markt\/#website"},"primaryImageOfPage":{"@id":"https:\/\/marktxxl.de\/markt\/produkt\/hipp-fruechte-williams-christ-birnen-mit-apfel-6er-pack-6-x-250-g\/#primaryimage"},"image":{"@id":"https:\/\/marktxxl.de\/markt\/produkt\/hipp-fruechte-williams-christ-birnen-mit-apfel-6er-pack-6-x-250-g\/#primaryimage"},"thumbnailUrl":"https:\/\/m.media-amazon.com\/images\/I\/41VjH4c2tjL._SL500_.jpg","datePublished":"2021-09-12T19:32:12+00:00","dateModified":"2023-04-09T23:21:28+00:00","description":"Markt-XXL HiPP Fr\u00fcchte Williams-Christ-Birnen mit Apfel, 6er Pack (6 x 250 g)","breadcrumb":{"@id":"https:\/\/marktxxl.de\/markt\/produkt\/hipp-fruechte-williams-christ-birnen-mit-apfel-6er-pack-6-x-250-g\/#breadcrumb"},"inLanguage":"de","potentialAction":[{"@type":"ReadAction","target":["https:\/\/marktxxl.de\/markt\/produkt\/hipp-fruechte-williams-christ-birnen-mit-apfel-6er-pack-6-x-250-g\/"]}]},{"@type":"ImageObject","inLanguage":"de","@id":"https:\/\/marktxxl.de\/markt\/produkt\/hipp-fruechte-williams-christ-birnen-mit-apfel-6er-pack-6-x-250-g\/#primaryimage","url":"https:\/\/m.media-amazon.com\/images\/I\/41VjH4c2tjL._SL500_.jpg","contentUrl":"https:\/\/m.media-amazon.com\/images\/I\/41VjH4c2tjL._SL500_.jpg","width":333,"height":500},{"@type":"BreadcrumbList","@id":"https:\/\/marktxxl.de\/markt\/produkt\/hipp-fruechte-williams-christ-birnen-mit-apfel-6er-pack-6-x-250-g\/#breadcrumb","itemListElement":[{"@type":"ListItem","position":1,"name":"Startseite","item":"https:\/\/marktxxl.de\/markt\/"},{"@type":"ListItem","position":2,"name":"Markt","item":"https:\/\/marktxxl.de\/markt\/"},{"@type":"ListItem","position":3,"name":"HiPP Fr\u00fcchte Williams-Christ-Birnen mit Apfel, 6er Pack (6 x 250 g)"}]},{"@type":"WebSite","@id":"https:\/\/marktxxl.de\/markt\/#website","url":"https:\/\/marktxxl.de\/markt\/","name":"Markt-XXL","description":"Ihr Markt Online","publisher":{"@id":"https:\/\/marktxxl.de\/markt\/#organization"},"potentialAction":[{"@type":"SearchAction","target":{"@type":"EntryPoint","urlTemplate":"https:\/\/marktxxl.de\/markt\/?s={search_term_string}"},"query-input":{"@type":"PropertyValueSpecification","valueRequired":true,"valueName":"search_term_string"}}],"inLanguage":"de"},{"@type":"Organization","@id":"https:\/\/marktxxl.de\/markt\/#organization","name":"Markt-XXL","url":"https:\/\/marktxxl.de\/markt\/","logo":{"@type":"ImageObject","inLanguage":"de","@id":"https:\/\/marktxxl.de\/markt\/#\/schema\/logo\/image\/","url":"https:\/\/marktxxl.de\/markt\/wp-content\/uploads\/sites\/3\/2020\/12\/logo.png","contentUrl":"https:\/\/marktxxl.de\/markt\/wp-content\/uploads\/sites\/3\/2020\/12\/logo.png","width":200,"height":70,"caption":"Markt-XXL"},"image":{"@id":"https:\/\/marktxxl.de\/markt\/#\/schema\/logo\/image\/"}}]}},"_links":{"self":[{"href":"https:\/\/marktxxl.de\/markt\/wp-json\/wp\/v2\/product\/27263","targetHints":{"allow":["GET"]}}],"collection":[{"href":"https:\/\/marktxxl.de\/markt\/wp-json\/wp\/v2\/product"}],"about":[{"href":"https:\/\/marktxxl.de\/markt\/wp-json\/wp\/v2\/types\/product"}],"replies":[{"embeddable":true,"href":"https:\/\/marktxxl.de\/markt\/wp-json\/wp\/v2\/comments?post=27263"}],"wp:featuredmedia":[{"embeddable":true,"href":"https:\/\/marktxxl.de\/markt\/wp-json\/wp\/v2\/media\/27264"}],"wp:attachment":[{"href":"https:\/\/marktxxl.de\/markt\/wp-json\/wp\/v2\/media?parent=27263"}],"wp:term":[{"taxonomy":"product_brand","embeddable":true,"href":"https:\/\/marktxxl.de\/markt\/wp-json\/wp\/v2\/product_brand?post=27263"},{"taxonomy":"product_cat","embeddable":true,"href":"https:\/\/marktxxl.de\/markt\/wp-json\/wp\/v2\/product_cat?post=27263"},{"taxonomy":"product_tag","embeddable":true,"href":"https:\/\/marktxxl.de\/markt\/wp-json\/wp\/v2\/product_tag?post=27263"}],"curies":[{"name":"wp","href":"https:\/\/api.w.org\/{rel}","templated":true}]}}