{"id":27167,"date":"2021-09-12T21:31:40","date_gmt":"2021-09-12T19:31:40","guid":{"rendered":"https:\/\/marktxxl.de\/markt\/produkt\/boon-lawn-twig-stem-trockengestell-abtropfgestell-3er-set-stylisches-trockengestell-fuer-geschirr-und-besteck-baby-erstausstattung-trockenstaender-fuer-babyflaschen-geschenk-fuer-neugeborene\/"},"modified":"2023-04-10T01:20:55","modified_gmt":"2023-04-09T23:20:55","slug":"boon-lawn-twig-stem-trockengestell-abtropfgestell-3er-set-stylisches-trockengestell-fuer-geschirr-und-besteck-baby-erstausstattung-trockenstaender-fuer-babyflaschen-geschenk-fuer-neugeborene","status":"publish","type":"product","link":"https:\/\/marktxxl.de\/markt\/produkt\/boon-lawn-twig-stem-trockengestell-abtropfgestell-3er-set-stylisches-trockengestell-fuer-geschirr-und-besteck-baby-erstausstattung-trockenstaender-fuer-babyflaschen-geschenk-fuer-neugeborene\/","title":{"rendered":"Boon LAWN&amp; TWIG &amp; STEM Trockengestell, Abtropfgestell 3er Set, Stylisches Trockengestell f\u00fcr Geschirr und Besteck, Baby\u2026"},"content":{"rendered":"<p>PRAKTISCHES DESIGN UND GR\u00d6SSE &#8211; Zweige und Stiele sind perfekt geeignet um Flaschen, als auch kleine Becherteile zu halten. Zudem bietet der Boon Rasen genug Platz, um auch gr\u00e4\u00dfere Gegenst\u00e4nde abzulegen<br \/>\nSTYLISCH UND FUNKTIONAL &#8211; Boon Rasenprodukte und Babyzubeh\u00f6r passen \u00fcberall hinein und k\u00f6nnen Utensilien jeglicher Art aufbewaren, egal ob Flaschen, Schnuller oder Baby-Besteck<br \/>\nKOMPATIBEL MIT ALLEN BOON GRASS PRODUKTEN &#8211; Der Abtropfbeh\u00e4lter eignet sich zum Trocknen f\u00fcr alle Formen und Gr\u00f6\u00dfen \/ Die Babyartikel k\u00f6nnen aufrecht auf dem Gestell platziert werden, w\u00e4hrend das Wasser in die Auffangschale abl\u00e4uft<br \/>\nKINDERLEICHTE REINIGUNG &#8211; Die Auffangschale kann nach dem Trocknen ausgesch\u00fcttet und zusammen mit dem Gras-Einsatz in der Sp\u00fclmaschine gereinigt werden<br \/>\nLIEFERUMFANG &#8211; 1 x Boon LAWN&amp; TWIG &amp; STEM Trockengestell \/ BPA-, Phtalat- und PVC-freies Material in Gr\u00fcn \/ Ma\u00dfe (Verpackung): 343 x 286 x 64 mm mm<br \/>\n<div class=\"main-cross-sell\" data-asin=\"B07YTBP57L\">\n\n\t<div class=\"WooZone-cross-sell-loader\">\n\t\t<div>\n\t\t\t<div id=\"floatingBarsG\">\n\t\t\t\t<div class=\"blockG\" id=\"rotateG_01\"><\/div>\n\t\t\t\t<div class=\"blockG\" id=\"rotateG_02\"><\/div>\n\t\t\t\t<div class=\"blockG\" id=\"rotateG_03\"><\/div>\n\t\t\t\t<div class=\"blockG\" id=\"rotateG_04\"><\/div>\n\t\t\t\t<div class=\"blockG\" id=\"rotateG_05\"><\/div>\n\t\t\t\t<div class=\"blockG\" id=\"rotateG_06\"><\/div>\n\t\t\t\t<div class=\"blockG\" id=\"rotateG_07\"><\/div>\n\t\t\t\t<div class=\"blockG\" id=\"rotateG_08\"><\/div>\n\t\t\t<\/div>\n\t\t\t<div class=\"WooZone-cross-sell-loader-text\"><\/div>\n\t\t<\/div>\n\t<\/div>\n\n\t\t\n<\/div>\n<div style=\"clear:both;\"><\/div><\/p>\n","protected":false},"excerpt":{"rendered":"<p>PRAKTISCHES DESIGN UND GR\u00d6SSE &#8211; Zweige und Stiele sind perfekt geeignet um Flaschen, als auch kleine Becherteile zu halten. Zudem bietet der Boon Rasen genug Platz, um auch gr\u00e4\u00dfere Gegenst\u00e4nde abzulegen<br \/>\nSTYLISCH UND FUNKTIONAL &#8211; Boon Rasenprodukte und Babyzubeh\u00f6r passen \u00fcberall hinein und k\u00f6nnen Utensilien jeglicher Art aufbewaren, egal ob Flaschen, Schnuller oder Baby-Besteck<br \/>\nKOMPATIBEL MIT ALLEN BOON GRASS PRODUKTEN &#8211; Der Abtropfbeh\u00e4lter eignet sich zum Trocknen f\u00fcr alle Formen und Gr\u00f6\u00dfen \/ Die Babyartikel k\u00f6nnen aufrecht auf dem Gestell platziert werden, w\u00e4hrend das Wasser in die Auffangschale abl\u00e4uft<\/p>\n","protected":false},"featured_media":27168,"comment_status":"open","ping_status":"closed","template":"","meta":[],"product_brand":[],"product_cat":[21,9216],"product_tag":[],"class_list":{"0":"post-27167","1":"product","2":"type-product","3":"status-publish","4":"has-post-thumbnail","6":"product_cat-baby","7":"product_cat-ernaehrung-stillen-baby","8":"pa_binding-spielzeug","9":"pa_brand-boon","10":"pa_color-multi","11":"pa_height-2-5-zoll","12":"pa_length-13-55-zoll","13":"pa_manufacturer-boon","14":"pa_model-b11344","15":"pa_size-3-stueck-1er-pack","16":"pa_warranty-keine-garantie","17":"pa_weight-2-5486-pfund","18":"pa_width-11-01-zoll","20":"first","21":"instock","22":"shipping-taxable","23":"purchasable","24":"product-type-simple","25":"customify-col","26":"product-has-gallery"},"yoast_head":"<!-- This site is optimized with the Yoast SEO plugin v27.3 - https:\/\/yoast.com\/product\/yoast-seo-wordpress\/ -->\n<title>Boon LAWN&amp; TWIG &amp; STEM Trockengestell, Abtropfgestell 3er Set, Stylisches Trockengestell f\u00fcr Geschirr und Besteck, Baby\u2026 - Markt-XXL<\/title>\n<meta name=\"description\" content=\"Markt-XXL Boon LAWN&amp; TWIG &amp; STEM Trockengestell, Abtropfgestell 3er Set, Stylisches Trockengestell f\u00fcr Geschirr und Besteck, Baby\u2026\" \/>\n<meta name=\"robots\" content=\"index, follow, max-snippet:-1, max-image-preview:large, max-video-preview:-1\" \/>\n<link rel=\"canonical\" href=\"https:\/\/marktxxl.de\/markt\/produkt\/boon-lawn-twig-stem-trockengestell-abtropfgestell-3er-set-stylisches-trockengestell-fuer-geschirr-und-besteck-baby-erstausstattung-trockenstaender-fuer-babyflaschen-geschenk-fuer-neugeborene\/\" \/>\n<meta property=\"og:locale\" content=\"de_DE\" \/>\n<meta property=\"og:type\" content=\"article\" \/>\n<meta property=\"og:title\" content=\"Boon LAWN&amp; TWIG &amp; STEM Trockengestell, Abtropfgestell 3er Set, Stylisches Trockengestell f\u00fcr Geschirr und Besteck, Baby\u2026 - Markt-XXL\" \/>\n<meta property=\"og:description\" content=\"Markt-XXL Boon LAWN&amp; TWIG &amp; STEM Trockengestell, Abtropfgestell 3er Set, Stylisches Trockengestell f\u00fcr Geschirr und Besteck, Baby\u2026\" \/>\n<meta property=\"og:url\" content=\"https:\/\/marktxxl.de\/markt\/produkt\/boon-lawn-twig-stem-trockengestell-abtropfgestell-3er-set-stylisches-trockengestell-fuer-geschirr-und-besteck-baby-erstausstattung-trockenstaender-fuer-babyflaschen-geschenk-fuer-neugeborene\/\" \/>\n<meta property=\"og:site_name\" content=\"Markt-XXL\" \/>\n<meta property=\"article:modified_time\" content=\"2023-04-09T23:20:55+00:00\" \/>\n<meta property=\"og:image\" content=\"https:\/\/m.media-amazon.com\/images\/I\/51R7VCRWmHS._SL500_.jpg\" \/>\n\t<meta property=\"og:image:width\" content=\"500\" \/>\n\t<meta property=\"og:image:height\" content=\"466\" \/>\n\t<meta property=\"og:image:type\" content=\"image\/jpeg\" \/>\n<meta name=\"twitter:card\" content=\"summary_large_image\" \/>\n<meta name=\"twitter:label1\" content=\"Gesch\u00e4tzte Lesezeit\" \/>\n\t<meta name=\"twitter:data1\" content=\"1\u00a0Minute\" \/>\n<script type=\"application\/ld+json\" class=\"yoast-schema-graph\">{\"@context\":\"https:\\\/\\\/schema.org\",\"@graph\":[{\"@type\":\"WebPage\",\"@id\":\"https:\\\/\\\/marktxxl.de\\\/markt\\\/produkt\\\/boon-lawn-twig-stem-trockengestell-abtropfgestell-3er-set-stylisches-trockengestell-fuer-geschirr-und-besteck-baby-erstausstattung-trockenstaender-fuer-babyflaschen-geschenk-fuer-neugeborene\\\/\",\"url\":\"https:\\\/\\\/marktxxl.de\\\/markt\\\/produkt\\\/boon-lawn-twig-stem-trockengestell-abtropfgestell-3er-set-stylisches-trockengestell-fuer-geschirr-und-besteck-baby-erstausstattung-trockenstaender-fuer-babyflaschen-geschenk-fuer-neugeborene\\\/\",\"name\":\"Boon LAWN&amp; TWIG &amp; STEM Trockengestell, Abtropfgestell 3er Set, Stylisches Trockengestell f\u00fcr Geschirr und Besteck, Baby\u2026 - Markt-XXL\",\"isPartOf\":{\"@id\":\"https:\\\/\\\/marktxxl.de\\\/markt\\\/#website\"},\"primaryImageOfPage\":{\"@id\":\"https:\\\/\\\/marktxxl.de\\\/markt\\\/produkt\\\/boon-lawn-twig-stem-trockengestell-abtropfgestell-3er-set-stylisches-trockengestell-fuer-geschirr-und-besteck-baby-erstausstattung-trockenstaender-fuer-babyflaschen-geschenk-fuer-neugeborene\\\/#primaryimage\"},\"image\":{\"@id\":\"https:\\\/\\\/marktxxl.de\\\/markt\\\/produkt\\\/boon-lawn-twig-stem-trockengestell-abtropfgestell-3er-set-stylisches-trockengestell-fuer-geschirr-und-besteck-baby-erstausstattung-trockenstaender-fuer-babyflaschen-geschenk-fuer-neugeborene\\\/#primaryimage\"},\"thumbnailUrl\":\"https:\\\/\\\/m.media-amazon.com\\\/images\\\/I\\\/51R7VCRWmHS._SL500_.jpg\",\"datePublished\":\"2021-09-12T19:31:40+00:00\",\"dateModified\":\"2023-04-09T23:20:55+00:00\",\"description\":\"Markt-XXL Boon LAWN&amp; TWIG &amp; STEM Trockengestell, Abtropfgestell 3er Set, Stylisches Trockengestell f\u00fcr Geschirr und Besteck, Baby\u2026\",\"breadcrumb\":{\"@id\":\"https:\\\/\\\/marktxxl.de\\\/markt\\\/produkt\\\/boon-lawn-twig-stem-trockengestell-abtropfgestell-3er-set-stylisches-trockengestell-fuer-geschirr-und-besteck-baby-erstausstattung-trockenstaender-fuer-babyflaschen-geschenk-fuer-neugeborene\\\/#breadcrumb\"},\"inLanguage\":\"de\",\"potentialAction\":[{\"@type\":\"ReadAction\",\"target\":[\"https:\\\/\\\/marktxxl.de\\\/markt\\\/produkt\\\/boon-lawn-twig-stem-trockengestell-abtropfgestell-3er-set-stylisches-trockengestell-fuer-geschirr-und-besteck-baby-erstausstattung-trockenstaender-fuer-babyflaschen-geschenk-fuer-neugeborene\\\/\"]}]},{\"@type\":\"ImageObject\",\"inLanguage\":\"de\",\"@id\":\"https:\\\/\\\/marktxxl.de\\\/markt\\\/produkt\\\/boon-lawn-twig-stem-trockengestell-abtropfgestell-3er-set-stylisches-trockengestell-fuer-geschirr-und-besteck-baby-erstausstattung-trockenstaender-fuer-babyflaschen-geschenk-fuer-neugeborene\\\/#primaryimage\",\"url\":\"https:\\\/\\\/m.media-amazon.com\\\/images\\\/I\\\/51R7VCRWmHS._SL500_.jpg\",\"contentUrl\":\"https:\\\/\\\/m.media-amazon.com\\\/images\\\/I\\\/51R7VCRWmHS._SL500_.jpg\",\"width\":500,\"height\":466},{\"@type\":\"BreadcrumbList\",\"@id\":\"https:\\\/\\\/marktxxl.de\\\/markt\\\/produkt\\\/boon-lawn-twig-stem-trockengestell-abtropfgestell-3er-set-stylisches-trockengestell-fuer-geschirr-und-besteck-baby-erstausstattung-trockenstaender-fuer-babyflaschen-geschenk-fuer-neugeborene\\\/#breadcrumb\",\"itemListElement\":[{\"@type\":\"ListItem\",\"position\":1,\"name\":\"Startseite\",\"item\":\"https:\\\/\\\/marktxxl.de\\\/markt\\\/\"},{\"@type\":\"ListItem\",\"position\":2,\"name\":\"Markt\",\"item\":\"https:\\\/\\\/marktxxl.de\\\/markt\\\/\"},{\"@type\":\"ListItem\",\"position\":3,\"name\":\"Boon LAWN&amp; TWIG &amp; STEM Trockengestell, Abtropfgestell 3er Set, Stylisches Trockengestell f\u00fcr Geschirr und Besteck, Baby\u2026\"}]},{\"@type\":\"WebSite\",\"@id\":\"https:\\\/\\\/marktxxl.de\\\/markt\\\/#website\",\"url\":\"https:\\\/\\\/marktxxl.de\\\/markt\\\/\",\"name\":\"Markt-XXL\",\"description\":\"Ihr Markt Online\",\"publisher\":{\"@id\":\"https:\\\/\\\/marktxxl.de\\\/markt\\\/#organization\"},\"potentialAction\":[{\"@type\":\"SearchAction\",\"target\":{\"@type\":\"EntryPoint\",\"urlTemplate\":\"https:\\\/\\\/marktxxl.de\\\/markt\\\/?s={search_term_string}\"},\"query-input\":{\"@type\":\"PropertyValueSpecification\",\"valueRequired\":true,\"valueName\":\"search_term_string\"}}],\"inLanguage\":\"de\"},{\"@type\":\"Organization\",\"@id\":\"https:\\\/\\\/marktxxl.de\\\/markt\\\/#organization\",\"name\":\"Markt-XXL\",\"url\":\"https:\\\/\\\/marktxxl.de\\\/markt\\\/\",\"logo\":{\"@type\":\"ImageObject\",\"inLanguage\":\"de\",\"@id\":\"https:\\\/\\\/marktxxl.de\\\/markt\\\/#\\\/schema\\\/logo\\\/image\\\/\",\"url\":\"https:\\\/\\\/marktxxl.de\\\/markt\\\/wp-content\\\/uploads\\\/sites\\\/3\\\/2020\\\/12\\\/logo.png\",\"contentUrl\":\"https:\\\/\\\/marktxxl.de\\\/markt\\\/wp-content\\\/uploads\\\/sites\\\/3\\\/2020\\\/12\\\/logo.png\",\"width\":200,\"height\":70,\"caption\":\"Markt-XXL\"},\"image\":{\"@id\":\"https:\\\/\\\/marktxxl.de\\\/markt\\\/#\\\/schema\\\/logo\\\/image\\\/\"}}]}<\/script>\n<!-- \/ Yoast SEO plugin. -->","yoast_head_json":{"title":"Boon LAWN&amp; TWIG &amp; STEM Trockengestell, Abtropfgestell 3er Set, Stylisches Trockengestell f\u00fcr Geschirr und Besteck, Baby\u2026 - Markt-XXL","description":"Markt-XXL Boon LAWN&amp; TWIG &amp; STEM Trockengestell, Abtropfgestell 3er Set, Stylisches Trockengestell f\u00fcr Geschirr und Besteck, Baby\u2026","robots":{"index":"index","follow":"follow","max-snippet":"max-snippet:-1","max-image-preview":"max-image-preview:large","max-video-preview":"max-video-preview:-1"},"canonical":"https:\/\/marktxxl.de\/markt\/produkt\/boon-lawn-twig-stem-trockengestell-abtropfgestell-3er-set-stylisches-trockengestell-fuer-geschirr-und-besteck-baby-erstausstattung-trockenstaender-fuer-babyflaschen-geschenk-fuer-neugeborene\/","og_locale":"de_DE","og_type":"article","og_title":"Boon LAWN&amp; TWIG &amp; STEM Trockengestell, Abtropfgestell 3er Set, Stylisches Trockengestell f\u00fcr Geschirr und Besteck, Baby\u2026 - Markt-XXL","og_description":"Markt-XXL Boon LAWN&amp; TWIG &amp; STEM Trockengestell, Abtropfgestell 3er Set, Stylisches Trockengestell f\u00fcr Geschirr und Besteck, Baby\u2026","og_url":"https:\/\/marktxxl.de\/markt\/produkt\/boon-lawn-twig-stem-trockengestell-abtropfgestell-3er-set-stylisches-trockengestell-fuer-geschirr-und-besteck-baby-erstausstattung-trockenstaender-fuer-babyflaschen-geschenk-fuer-neugeborene\/","og_site_name":"Markt-XXL","article_modified_time":"2023-04-09T23:20:55+00:00","og_image":[{"width":500,"height":466,"url":"https:\/\/m.media-amazon.com\/images\/I\/51R7VCRWmHS._SL500_.jpg","type":"image\/jpeg"}],"twitter_card":"summary_large_image","twitter_misc":{"Gesch\u00e4tzte Lesezeit":"1\u00a0Minute"},"schema":{"@context":"https:\/\/schema.org","@graph":[{"@type":"WebPage","@id":"https:\/\/marktxxl.de\/markt\/produkt\/boon-lawn-twig-stem-trockengestell-abtropfgestell-3er-set-stylisches-trockengestell-fuer-geschirr-und-besteck-baby-erstausstattung-trockenstaender-fuer-babyflaschen-geschenk-fuer-neugeborene\/","url":"https:\/\/marktxxl.de\/markt\/produkt\/boon-lawn-twig-stem-trockengestell-abtropfgestell-3er-set-stylisches-trockengestell-fuer-geschirr-und-besteck-baby-erstausstattung-trockenstaender-fuer-babyflaschen-geschenk-fuer-neugeborene\/","name":"Boon LAWN&amp; TWIG &amp; STEM Trockengestell, Abtropfgestell 3er Set, Stylisches Trockengestell f\u00fcr Geschirr und Besteck, Baby\u2026 - Markt-XXL","isPartOf":{"@id":"https:\/\/marktxxl.de\/markt\/#website"},"primaryImageOfPage":{"@id":"https:\/\/marktxxl.de\/markt\/produkt\/boon-lawn-twig-stem-trockengestell-abtropfgestell-3er-set-stylisches-trockengestell-fuer-geschirr-und-besteck-baby-erstausstattung-trockenstaender-fuer-babyflaschen-geschenk-fuer-neugeborene\/#primaryimage"},"image":{"@id":"https:\/\/marktxxl.de\/markt\/produkt\/boon-lawn-twig-stem-trockengestell-abtropfgestell-3er-set-stylisches-trockengestell-fuer-geschirr-und-besteck-baby-erstausstattung-trockenstaender-fuer-babyflaschen-geschenk-fuer-neugeborene\/#primaryimage"},"thumbnailUrl":"https:\/\/m.media-amazon.com\/images\/I\/51R7VCRWmHS._SL500_.jpg","datePublished":"2021-09-12T19:31:40+00:00","dateModified":"2023-04-09T23:20:55+00:00","description":"Markt-XXL Boon LAWN&amp; TWIG &amp; STEM Trockengestell, Abtropfgestell 3er Set, Stylisches Trockengestell f\u00fcr Geschirr und Besteck, Baby\u2026","breadcrumb":{"@id":"https:\/\/marktxxl.de\/markt\/produkt\/boon-lawn-twig-stem-trockengestell-abtropfgestell-3er-set-stylisches-trockengestell-fuer-geschirr-und-besteck-baby-erstausstattung-trockenstaender-fuer-babyflaschen-geschenk-fuer-neugeborene\/#breadcrumb"},"inLanguage":"de","potentialAction":[{"@type":"ReadAction","target":["https:\/\/marktxxl.de\/markt\/produkt\/boon-lawn-twig-stem-trockengestell-abtropfgestell-3er-set-stylisches-trockengestell-fuer-geschirr-und-besteck-baby-erstausstattung-trockenstaender-fuer-babyflaschen-geschenk-fuer-neugeborene\/"]}]},{"@type":"ImageObject","inLanguage":"de","@id":"https:\/\/marktxxl.de\/markt\/produkt\/boon-lawn-twig-stem-trockengestell-abtropfgestell-3er-set-stylisches-trockengestell-fuer-geschirr-und-besteck-baby-erstausstattung-trockenstaender-fuer-babyflaschen-geschenk-fuer-neugeborene\/#primaryimage","url":"https:\/\/m.media-amazon.com\/images\/I\/51R7VCRWmHS._SL500_.jpg","contentUrl":"https:\/\/m.media-amazon.com\/images\/I\/51R7VCRWmHS._SL500_.jpg","width":500,"height":466},{"@type":"BreadcrumbList","@id":"https:\/\/marktxxl.de\/markt\/produkt\/boon-lawn-twig-stem-trockengestell-abtropfgestell-3er-set-stylisches-trockengestell-fuer-geschirr-und-besteck-baby-erstausstattung-trockenstaender-fuer-babyflaschen-geschenk-fuer-neugeborene\/#breadcrumb","itemListElement":[{"@type":"ListItem","position":1,"name":"Startseite","item":"https:\/\/marktxxl.de\/markt\/"},{"@type":"ListItem","position":2,"name":"Markt","item":"https:\/\/marktxxl.de\/markt\/"},{"@type":"ListItem","position":3,"name":"Boon LAWN&amp; TWIG &amp; STEM Trockengestell, Abtropfgestell 3er Set, Stylisches Trockengestell f\u00fcr Geschirr und Besteck, Baby\u2026"}]},{"@type":"WebSite","@id":"https:\/\/marktxxl.de\/markt\/#website","url":"https:\/\/marktxxl.de\/markt\/","name":"Markt-XXL","description":"Ihr Markt Online","publisher":{"@id":"https:\/\/marktxxl.de\/markt\/#organization"},"potentialAction":[{"@type":"SearchAction","target":{"@type":"EntryPoint","urlTemplate":"https:\/\/marktxxl.de\/markt\/?s={search_term_string}"},"query-input":{"@type":"PropertyValueSpecification","valueRequired":true,"valueName":"search_term_string"}}],"inLanguage":"de"},{"@type":"Organization","@id":"https:\/\/marktxxl.de\/markt\/#organization","name":"Markt-XXL","url":"https:\/\/marktxxl.de\/markt\/","logo":{"@type":"ImageObject","inLanguage":"de","@id":"https:\/\/marktxxl.de\/markt\/#\/schema\/logo\/image\/","url":"https:\/\/marktxxl.de\/markt\/wp-content\/uploads\/sites\/3\/2020\/12\/logo.png","contentUrl":"https:\/\/marktxxl.de\/markt\/wp-content\/uploads\/sites\/3\/2020\/12\/logo.png","width":200,"height":70,"caption":"Markt-XXL"},"image":{"@id":"https:\/\/marktxxl.de\/markt\/#\/schema\/logo\/image\/"}}]}},"_links":{"self":[{"href":"https:\/\/marktxxl.de\/markt\/wp-json\/wp\/v2\/product\/27167","targetHints":{"allow":["GET"]}}],"collection":[{"href":"https:\/\/marktxxl.de\/markt\/wp-json\/wp\/v2\/product"}],"about":[{"href":"https:\/\/marktxxl.de\/markt\/wp-json\/wp\/v2\/types\/product"}],"replies":[{"embeddable":true,"href":"https:\/\/marktxxl.de\/markt\/wp-json\/wp\/v2\/comments?post=27167"}],"wp:featuredmedia":[{"embeddable":true,"href":"https:\/\/marktxxl.de\/markt\/wp-json\/wp\/v2\/media\/27168"}],"wp:attachment":[{"href":"https:\/\/marktxxl.de\/markt\/wp-json\/wp\/v2\/media?parent=27167"}],"wp:term":[{"taxonomy":"product_brand","embeddable":true,"href":"https:\/\/marktxxl.de\/markt\/wp-json\/wp\/v2\/product_brand?post=27167"},{"taxonomy":"product_cat","embeddable":true,"href":"https:\/\/marktxxl.de\/markt\/wp-json\/wp\/v2\/product_cat?post=27167"},{"taxonomy":"product_tag","embeddable":true,"href":"https:\/\/marktxxl.de\/markt\/wp-json\/wp\/v2\/product_tag?post=27167"}],"curies":[{"name":"wp","href":"https:\/\/api.w.org\/{rel}","templated":true}]}}