{"id":26958,"date":"2021-09-12T21:28:10","date_gmt":"2021-09-12T19:28:10","guid":{"rendered":"https:\/\/marktxxl.de\/markt\/produkt\/ruckeli-basic-slim-babytrage-fullbuckle-50-56-98-cm\/"},"modified":"2023-04-10T01:20:53","modified_gmt":"2023-04-09T23:20:53","slug":"ruckeli-basic-slim-babytrage-fullbuckle-50-56-98-cm","status":"publish","type":"product","link":"https:\/\/marktxxl.de\/markt\/produkt\/ruckeli-basic-slim-babytrage-fullbuckle-50-56-98-cm\/","title":{"rendered":"Ruckeli Basic Slim Babytrage | Fullbuckle | 50\/56-98 cm"},"content":{"rendered":"<p>Geeignet ab Geburt f\u00fcr Babys ab ca. Gr\u00f6\u00dfe 50\/56 cm und Kleinkinder bis ca. Gr\u00f6\u00dfe 98, das hei\u00dft ab 3,5 kg bis 20 kg. o Du kannst Dein Baby zu Dir gewandt vor dem Bauch, auf der Seite und auf dem R\u00fccken tragen.<br \/>\nDie flachen aber gepolsterten Schultertr\u00e4ger teilen sich, so dass sie gleichzeitig parallel und gekreuzt verlaufen. Dieses optimiert die Gewichtsverteilung, erleichtert Dir das Anlegen der Tragehilfe und Du hast dadurch die M\u00f6glichkeit die Schultertr\u00e4ger entweder gerade wie bei einem Wanderrucksack mit Brustgurt oder gekreuzt auf Deinem R\u00fccken zu tragen. Das bedeutet Entlastung f\u00fcr Deinen R\u00fccken und ein bequemes Tragen auch unter einer Jacke oder einem zus\u00e4tzlichen Rucksack.<br \/>\nDurch das stufenlose Mitwachsen des R\u00fcckenteils in der H\u00f6he und des Stegs in der Breite, kannst Du die Trage optimal auf die Gr\u00f6\u00dfe Deines Kindes einstellen. Dann nur drei Schnallen schlie\u00dfen und entsprechend festziehen und Du kannst sicher und bequem Tragen<br \/>\nEingerollt und in sich verstaut, bildet die Ruckeli Trage mit ihrem breiten Bauchgurt einen praktischen H\u00fcftsitz, wenn Dein Tragling zum Entdecker geworden ist und gerne Hop-on Hop-off machen m\u00f6chte.<br \/>\nAus 100 % Bio-Baumwolle und einem separat waschbaren Windelbereich.<br \/>\n<div class=\"main-cross-sell\" data-asin=\"B08W8MC6RK\">\n\n\t<div class=\"WooZone-cross-sell-loader\">\n\t\t<div>\n\t\t\t<div id=\"floatingBarsG\">\n\t\t\t\t<div class=\"blockG\" id=\"rotateG_01\"><\/div>\n\t\t\t\t<div class=\"blockG\" id=\"rotateG_02\"><\/div>\n\t\t\t\t<div class=\"blockG\" id=\"rotateG_03\"><\/div>\n\t\t\t\t<div class=\"blockG\" id=\"rotateG_04\"><\/div>\n\t\t\t\t<div class=\"blockG\" id=\"rotateG_05\"><\/div>\n\t\t\t\t<div class=\"blockG\" id=\"rotateG_06\"><\/div>\n\t\t\t\t<div class=\"blockG\" id=\"rotateG_07\"><\/div>\n\t\t\t\t<div class=\"blockG\" id=\"rotateG_08\"><\/div>\n\t\t\t<\/div>\n\t\t\t<div class=\"WooZone-cross-sell-loader-text\"><\/div>\n\t\t<\/div>\n\t<\/div>\n\n\t\t\n<\/div>\n<div style=\"clear:both;\"><\/div><\/p>\n","protected":false},"excerpt":{"rendered":"<p>Geeignet ab Geburt f\u00fcr Babys ab ca. Gr\u00f6\u00dfe 50\/56 cm und Kleinkinder bis ca. Gr\u00f6\u00dfe 98, das hei\u00dft ab 3,5 kg bis 20 kg. o Du kannst Dein Baby zu Dir gewandt vor dem Bauch, auf der Seite und auf dem R\u00fccken tragen.<br \/>\nDie flachen aber gepolsterten Schultertr\u00e4ger teilen sich, so dass sie gleichzeitig parallel und gekreuzt verlaufen. Dieses optimiert die Gewichtsverteilung, erleichtert Dir das Anlegen der Tragehilfe und Du hast dadurch die M\u00f6glichkeit die Schultertr\u00e4ger entweder gerade wie bei einem Wanderrucksack mit Brustgurt oder gekreuzt auf Deinem R\u00fccken zu tragen. Das bedeutet Entlastung f\u00fcr Deinen R\u00fccken und ein bequemes Tragen auch unter einer Jacke oder einem zus\u00e4tzlichen Rucksack.<br \/>\nDurch das stufenlose Mitwachsen des R\u00fcckenteils in der H\u00f6he und des Stegs in der Breite, kannst Du die Trage optimal auf die Gr\u00f6\u00dfe Deines Kindes einstellen. Dann nur drei Schnallen schlie\u00dfen und entsprechend festziehen und Du kannst sicher und bequem Tragen<\/p>\n","protected":false},"featured_media":26966,"comment_status":"open","ping_status":"closed","template":"","meta":[],"product_brand":[],"product_cat":[21,9074],"product_tag":[],"class_list":{"0":"post-26958","1":"product","2":"type-product","3":"status-publish","4":"has-post-thumbnail","6":"product_cat-baby","7":"product_cat-babytragen-baby","8":"pa_brand-ruckeli","9":"pa_farbe-blue-grey","10":"pa_farbe-blueberry","11":"pa_farbe-gently-grey","12":"pa_farbe-lagoon","13":"pa_farbe-light-taupe","14":"pa_farbe-quetzal-green","15":"pa_farbe-red-pear","16":"pa_manufacturer-berlin-baby-gmbh","18":"first","19":"instock","20":"shipping-taxable","21":"purchasable","22":"product-type-variable","23":"customify-col","24":"product-has-gallery"},"yoast_head":"<!-- This site is optimized with the Yoast SEO plugin v27.3 - https:\/\/yoast.com\/product\/yoast-seo-wordpress\/ -->\n<title>Ruckeli Basic Slim Babytrage | Fullbuckle | 50\/56-98 cm - Markt-XXL<\/title>\n<meta name=\"description\" content=\"Markt-XXL Ruckeli Basic Slim Babytrage | Fullbuckle | 50\/56-98 cm\" \/>\n<meta name=\"robots\" content=\"index, follow, max-snippet:-1, max-image-preview:large, max-video-preview:-1\" \/>\n<link rel=\"canonical\" href=\"https:\/\/marktxxl.de\/markt\/produkt\/ruckeli-basic-slim-babytrage-fullbuckle-50-56-98-cm\/\" \/>\n<meta property=\"og:locale\" content=\"de_DE\" \/>\n<meta property=\"og:type\" content=\"article\" \/>\n<meta property=\"og:title\" content=\"Ruckeli Basic Slim Babytrage | Fullbuckle | 50\/56-98 cm - Markt-XXL\" \/>\n<meta property=\"og:description\" content=\"Markt-XXL Ruckeli Basic Slim Babytrage | Fullbuckle | 50\/56-98 cm\" \/>\n<meta property=\"og:url\" content=\"https:\/\/marktxxl.de\/markt\/produkt\/ruckeli-basic-slim-babytrage-fullbuckle-50-56-98-cm\/\" \/>\n<meta property=\"og:site_name\" content=\"Markt-XXL\" \/>\n<meta property=\"article:modified_time\" content=\"2023-04-09T23:20:53+00:00\" \/>\n<meta property=\"og:image\" content=\"https:\/\/m.media-amazon.com\/images\/I\/41ZvGyEsLCL._SL500_.jpg\" \/>\n\t<meta property=\"og:image:width\" content=\"500\" \/>\n\t<meta property=\"og:image:height\" content=\"500\" \/>\n\t<meta property=\"og:image:type\" content=\"image\/jpeg\" \/>\n<meta name=\"twitter:card\" content=\"summary_large_image\" \/>\n<meta name=\"twitter:label1\" content=\"Gesch\u00e4tzte Lesezeit\" \/>\n\t<meta name=\"twitter:data1\" content=\"1\u00a0Minute\" \/>\n<script type=\"application\/ld+json\" class=\"yoast-schema-graph\">{\"@context\":\"https:\\\/\\\/schema.org\",\"@graph\":[{\"@type\":\"WebPage\",\"@id\":\"https:\\\/\\\/marktxxl.de\\\/markt\\\/produkt\\\/ruckeli-basic-slim-babytrage-fullbuckle-50-56-98-cm\\\/\",\"url\":\"https:\\\/\\\/marktxxl.de\\\/markt\\\/produkt\\\/ruckeli-basic-slim-babytrage-fullbuckle-50-56-98-cm\\\/\",\"name\":\"Ruckeli Basic Slim Babytrage | Fullbuckle | 50\\\/56-98 cm - Markt-XXL\",\"isPartOf\":{\"@id\":\"https:\\\/\\\/marktxxl.de\\\/markt\\\/#website\"},\"primaryImageOfPage\":{\"@id\":\"https:\\\/\\\/marktxxl.de\\\/markt\\\/produkt\\\/ruckeli-basic-slim-babytrage-fullbuckle-50-56-98-cm\\\/#primaryimage\"},\"image\":{\"@id\":\"https:\\\/\\\/marktxxl.de\\\/markt\\\/produkt\\\/ruckeli-basic-slim-babytrage-fullbuckle-50-56-98-cm\\\/#primaryimage\"},\"thumbnailUrl\":\"https:\\\/\\\/m.media-amazon.com\\\/images\\\/I\\\/41ZvGyEsLCL._SL500_.jpg\",\"datePublished\":\"2021-09-12T19:28:10+00:00\",\"dateModified\":\"2023-04-09T23:20:53+00:00\",\"description\":\"Markt-XXL Ruckeli Basic Slim Babytrage | Fullbuckle | 50\\\/56-98 cm\",\"breadcrumb\":{\"@id\":\"https:\\\/\\\/marktxxl.de\\\/markt\\\/produkt\\\/ruckeli-basic-slim-babytrage-fullbuckle-50-56-98-cm\\\/#breadcrumb\"},\"inLanguage\":\"de\",\"potentialAction\":[{\"@type\":\"ReadAction\",\"target\":[\"https:\\\/\\\/marktxxl.de\\\/markt\\\/produkt\\\/ruckeli-basic-slim-babytrage-fullbuckle-50-56-98-cm\\\/\"]}]},{\"@type\":\"ImageObject\",\"inLanguage\":\"de\",\"@id\":\"https:\\\/\\\/marktxxl.de\\\/markt\\\/produkt\\\/ruckeli-basic-slim-babytrage-fullbuckle-50-56-98-cm\\\/#primaryimage\",\"url\":\"https:\\\/\\\/m.media-amazon.com\\\/images\\\/I\\\/41ZvGyEsLCL._SL500_.jpg\",\"contentUrl\":\"https:\\\/\\\/m.media-amazon.com\\\/images\\\/I\\\/41ZvGyEsLCL._SL500_.jpg\",\"width\":500,\"height\":500},{\"@type\":\"BreadcrumbList\",\"@id\":\"https:\\\/\\\/marktxxl.de\\\/markt\\\/produkt\\\/ruckeli-basic-slim-babytrage-fullbuckle-50-56-98-cm\\\/#breadcrumb\",\"itemListElement\":[{\"@type\":\"ListItem\",\"position\":1,\"name\":\"Startseite\",\"item\":\"https:\\\/\\\/marktxxl.de\\\/markt\\\/\"},{\"@type\":\"ListItem\",\"position\":2,\"name\":\"Markt\",\"item\":\"https:\\\/\\\/marktxxl.de\\\/markt\\\/\"},{\"@type\":\"ListItem\",\"position\":3,\"name\":\"Ruckeli Basic Slim Babytrage | Fullbuckle | 50\\\/56-98 cm\"}]},{\"@type\":\"WebSite\",\"@id\":\"https:\\\/\\\/marktxxl.de\\\/markt\\\/#website\",\"url\":\"https:\\\/\\\/marktxxl.de\\\/markt\\\/\",\"name\":\"Markt-XXL\",\"description\":\"Ihr Markt Online\",\"publisher\":{\"@id\":\"https:\\\/\\\/marktxxl.de\\\/markt\\\/#organization\"},\"potentialAction\":[{\"@type\":\"SearchAction\",\"target\":{\"@type\":\"EntryPoint\",\"urlTemplate\":\"https:\\\/\\\/marktxxl.de\\\/markt\\\/?s={search_term_string}\"},\"query-input\":{\"@type\":\"PropertyValueSpecification\",\"valueRequired\":true,\"valueName\":\"search_term_string\"}}],\"inLanguage\":\"de\"},{\"@type\":\"Organization\",\"@id\":\"https:\\\/\\\/marktxxl.de\\\/markt\\\/#organization\",\"name\":\"Markt-XXL\",\"url\":\"https:\\\/\\\/marktxxl.de\\\/markt\\\/\",\"logo\":{\"@type\":\"ImageObject\",\"inLanguage\":\"de\",\"@id\":\"https:\\\/\\\/marktxxl.de\\\/markt\\\/#\\\/schema\\\/logo\\\/image\\\/\",\"url\":\"https:\\\/\\\/marktxxl.de\\\/markt\\\/wp-content\\\/uploads\\\/sites\\\/3\\\/2020\\\/12\\\/logo.png\",\"contentUrl\":\"https:\\\/\\\/marktxxl.de\\\/markt\\\/wp-content\\\/uploads\\\/sites\\\/3\\\/2020\\\/12\\\/logo.png\",\"width\":200,\"height\":70,\"caption\":\"Markt-XXL\"},\"image\":{\"@id\":\"https:\\\/\\\/marktxxl.de\\\/markt\\\/#\\\/schema\\\/logo\\\/image\\\/\"}}]}<\/script>\n<!-- \/ Yoast SEO plugin. -->","yoast_head_json":{"title":"Ruckeli Basic Slim Babytrage | Fullbuckle | 50\/56-98 cm - Markt-XXL","description":"Markt-XXL Ruckeli Basic Slim Babytrage | Fullbuckle | 50\/56-98 cm","robots":{"index":"index","follow":"follow","max-snippet":"max-snippet:-1","max-image-preview":"max-image-preview:large","max-video-preview":"max-video-preview:-1"},"canonical":"https:\/\/marktxxl.de\/markt\/produkt\/ruckeli-basic-slim-babytrage-fullbuckle-50-56-98-cm\/","og_locale":"de_DE","og_type":"article","og_title":"Ruckeli Basic Slim Babytrage | Fullbuckle | 50\/56-98 cm - Markt-XXL","og_description":"Markt-XXL Ruckeli Basic Slim Babytrage | Fullbuckle | 50\/56-98 cm","og_url":"https:\/\/marktxxl.de\/markt\/produkt\/ruckeli-basic-slim-babytrage-fullbuckle-50-56-98-cm\/","og_site_name":"Markt-XXL","article_modified_time":"2023-04-09T23:20:53+00:00","og_image":[{"width":500,"height":500,"url":"https:\/\/m.media-amazon.com\/images\/I\/41ZvGyEsLCL._SL500_.jpg","type":"image\/jpeg"}],"twitter_card":"summary_large_image","twitter_misc":{"Gesch\u00e4tzte Lesezeit":"1\u00a0Minute"},"schema":{"@context":"https:\/\/schema.org","@graph":[{"@type":"WebPage","@id":"https:\/\/marktxxl.de\/markt\/produkt\/ruckeli-basic-slim-babytrage-fullbuckle-50-56-98-cm\/","url":"https:\/\/marktxxl.de\/markt\/produkt\/ruckeli-basic-slim-babytrage-fullbuckle-50-56-98-cm\/","name":"Ruckeli Basic Slim Babytrage | Fullbuckle | 50\/56-98 cm - Markt-XXL","isPartOf":{"@id":"https:\/\/marktxxl.de\/markt\/#website"},"primaryImageOfPage":{"@id":"https:\/\/marktxxl.de\/markt\/produkt\/ruckeli-basic-slim-babytrage-fullbuckle-50-56-98-cm\/#primaryimage"},"image":{"@id":"https:\/\/marktxxl.de\/markt\/produkt\/ruckeli-basic-slim-babytrage-fullbuckle-50-56-98-cm\/#primaryimage"},"thumbnailUrl":"https:\/\/m.media-amazon.com\/images\/I\/41ZvGyEsLCL._SL500_.jpg","datePublished":"2021-09-12T19:28:10+00:00","dateModified":"2023-04-09T23:20:53+00:00","description":"Markt-XXL Ruckeli Basic Slim Babytrage | Fullbuckle | 50\/56-98 cm","breadcrumb":{"@id":"https:\/\/marktxxl.de\/markt\/produkt\/ruckeli-basic-slim-babytrage-fullbuckle-50-56-98-cm\/#breadcrumb"},"inLanguage":"de","potentialAction":[{"@type":"ReadAction","target":["https:\/\/marktxxl.de\/markt\/produkt\/ruckeli-basic-slim-babytrage-fullbuckle-50-56-98-cm\/"]}]},{"@type":"ImageObject","inLanguage":"de","@id":"https:\/\/marktxxl.de\/markt\/produkt\/ruckeli-basic-slim-babytrage-fullbuckle-50-56-98-cm\/#primaryimage","url":"https:\/\/m.media-amazon.com\/images\/I\/41ZvGyEsLCL._SL500_.jpg","contentUrl":"https:\/\/m.media-amazon.com\/images\/I\/41ZvGyEsLCL._SL500_.jpg","width":500,"height":500},{"@type":"BreadcrumbList","@id":"https:\/\/marktxxl.de\/markt\/produkt\/ruckeli-basic-slim-babytrage-fullbuckle-50-56-98-cm\/#breadcrumb","itemListElement":[{"@type":"ListItem","position":1,"name":"Startseite","item":"https:\/\/marktxxl.de\/markt\/"},{"@type":"ListItem","position":2,"name":"Markt","item":"https:\/\/marktxxl.de\/markt\/"},{"@type":"ListItem","position":3,"name":"Ruckeli Basic Slim Babytrage | Fullbuckle | 50\/56-98 cm"}]},{"@type":"WebSite","@id":"https:\/\/marktxxl.de\/markt\/#website","url":"https:\/\/marktxxl.de\/markt\/","name":"Markt-XXL","description":"Ihr Markt Online","publisher":{"@id":"https:\/\/marktxxl.de\/markt\/#organization"},"potentialAction":[{"@type":"SearchAction","target":{"@type":"EntryPoint","urlTemplate":"https:\/\/marktxxl.de\/markt\/?s={search_term_string}"},"query-input":{"@type":"PropertyValueSpecification","valueRequired":true,"valueName":"search_term_string"}}],"inLanguage":"de"},{"@type":"Organization","@id":"https:\/\/marktxxl.de\/markt\/#organization","name":"Markt-XXL","url":"https:\/\/marktxxl.de\/markt\/","logo":{"@type":"ImageObject","inLanguage":"de","@id":"https:\/\/marktxxl.de\/markt\/#\/schema\/logo\/image\/","url":"https:\/\/marktxxl.de\/markt\/wp-content\/uploads\/sites\/3\/2020\/12\/logo.png","contentUrl":"https:\/\/marktxxl.de\/markt\/wp-content\/uploads\/sites\/3\/2020\/12\/logo.png","width":200,"height":70,"caption":"Markt-XXL"},"image":{"@id":"https:\/\/marktxxl.de\/markt\/#\/schema\/logo\/image\/"}}]}},"_links":{"self":[{"href":"https:\/\/marktxxl.de\/markt\/wp-json\/wp\/v2\/product\/26958","targetHints":{"allow":["GET"]}}],"collection":[{"href":"https:\/\/marktxxl.de\/markt\/wp-json\/wp\/v2\/product"}],"about":[{"href":"https:\/\/marktxxl.de\/markt\/wp-json\/wp\/v2\/types\/product"}],"replies":[{"embeddable":true,"href":"https:\/\/marktxxl.de\/markt\/wp-json\/wp\/v2\/comments?post=26958"}],"wp:featuredmedia":[{"embeddable":true,"href":"https:\/\/marktxxl.de\/markt\/wp-json\/wp\/v2\/media\/26966"}],"wp:attachment":[{"href":"https:\/\/marktxxl.de\/markt\/wp-json\/wp\/v2\/media?parent=26958"}],"wp:term":[{"taxonomy":"product_brand","embeddable":true,"href":"https:\/\/marktxxl.de\/markt\/wp-json\/wp\/v2\/product_brand?post=26958"},{"taxonomy":"product_cat","embeddable":true,"href":"https:\/\/marktxxl.de\/markt\/wp-json\/wp\/v2\/product_cat?post=26958"},{"taxonomy":"product_tag","embeddable":true,"href":"https:\/\/marktxxl.de\/markt\/wp-json\/wp\/v2\/product_tag?post=26958"}],"curies":[{"name":"wp","href":"https:\/\/api.w.org\/{rel}","templated":true}]}}