{"id":26316,"date":"2021-09-12T21:15:03","date_gmt":"2021-09-12T19:15:03","guid":{"rendered":"https:\/\/marktxxl.de\/markt\/produkt\/lego-10933-duplo-grosse-baustelle-mit-licht-und-ton-fahrzeuge-mit-push-und-go-motor-spielzeug-fuer-kinder-im-alter-von-2-5-jahren\/"},"modified":"2023-04-11T01:33:41","modified_gmt":"2023-04-10T23:33:41","slug":"lego-10933-duplo-grosse-baustelle-mit-licht-und-ton-fahrzeuge-mit-push-und-go-motor-spielzeug-fuer-kinder-im-alter-von-2-5-jahren","status":"publish","type":"product","link":"https:\/\/marktxxl.de\/markt\/produkt\/lego-10933-duplo-grosse-baustelle-mit-licht-und-ton-fahrzeuge-mit-push-und-go-motor-spielzeug-fuer-kinder-im-alter-von-2-5-jahren\/","title":{"rendered":"LEGO 10933 DUPLO Gro\u00dfe Baustelle"},"content":{"rendered":"<p>Das LEGO DUPLO Bauspielzeug \u201eGro\u00dfe Baustelle mit Licht und Ton\u201c (10933) stellt eine betriebsame Gro\u00dfbaustelle mit vielen starken Baufahrzeugen, tollen Aktivit\u00e4ten und verschiedenen Figuren dar, die zu Rollenspielen inspirieren und die Entwicklung f\u00f6rdern<br \/>\nEnth\u00e4lt 5 Figuren in modernen Outfits und 5 Fahrzeuge \u2013 einen gro\u00dfen Bulldozer, einen Mini-Bulldozer, einen Kipplaster, einen Radlader und einen Kran \u2013 mit coolen Funktionen. Es gibt zum Beispiel einen Push-and-Go-R\u00fcckziehmotor, Licht, Ton und eine funktionierende Seilwinde<br \/>\nLicht und Ton erwecken die betriebsame Baustelle zum Leben, wenn Kinder das Toilettenh\u00e4uschen mit dem Kran in Position hieven, Baustoffe anliefern und Schutt von der Stra\u00dfe r\u00e4umen. Und am Hotdogstand l\u00e4sst sich wunderbar Mittagspause machen!<br \/>\nWer das beste Geschenk f\u00fcr die wachsenden Bed\u00fcrfnisse eines Kleinkindes sucht, liegt mit dieser detailreichen Spielzeug-Baustelle genau richtig, denn dieses Set enth\u00e4lt alles, was sich kleine Bauarbeiter ab 2 Jahren w\u00fcnschen, um ein aktives Spielvergn\u00fcgen mit einem funktionst\u00fcchtigen Radlader zu erleben<br \/>\nDas Hauptgeb\u00e4ude ist mit dem daran befestigten Kran 40 cm hoch, 20 cm breit und 25 cm tief und inspiriert zu einem fantasievollen Spielerlebnis. Daf\u00fcr sorgen neben dem gro\u00dfen Ma\u00dfstab die enthaltenen Teile, die sich von kleinen H\u00e4nden perfekt greifen und platzieren lassen<br \/>\nAls Antrieb f\u00fcr besten Spielspa\u00df reicht die Fantasie der Kinder. F\u00fcr Licht und Ton sorgen dagegen 3 LR41-Knopfzellen sowie 3 LR44 Knopfzellen, die im Set enthalten sind<br \/>\nEinfache Bauanleitungen liegen bei, damit Eltern und Kinder sofort nach dem Auspacken bauen, spielen und sich an jeder Funktion in diesem vielseitigen Spielset erfreuen k\u00f6nnen<br \/>\nLEGO DUPLO Spielsets enthalten vertraute Kulissen, lustige Figuren und kleinkindgerechte Teile, um Kinder ab 2 Jahren bestm\u00f6glich zu unterhalten, besch\u00e4ftigen und inspirieren<br \/>\nLEGO DUPLO Bausets erf\u00fcllen die h\u00f6chsten Branchenstandards, damit kleine Finger die Steine leicht greifen, zusammenstecken und wieder trennen k\u00f6nnen \u2013 und das bereits seit 1969<br \/>\nBei der LEGO Gruppe werden die Steine und Teile, aus denen die LEGO DUPLO Spielsets bestehen, strengen Fall-, Hitze-, Druck- und Torsionstests unterzogen und gr\u00fcndlich analysiert, damit die Spielzeuge der kleinen Baumeister den h\u00f6chsten globalen Sicherheitsstandards entsprechen<br \/>\n<div class=\"main-cross-sell\" data-asin=\"B0813QZTLP\">\n\n\t<div class=\"WooZone-cross-sell-loader\">\n\t\t<div>\n\t\t\t<div id=\"floatingBarsG\">\n\t\t\t\t<div class=\"blockG\" id=\"rotateG_01\"><\/div>\n\t\t\t\t<div class=\"blockG\" id=\"rotateG_02\"><\/div>\n\t\t\t\t<div class=\"blockG\" id=\"rotateG_03\"><\/div>\n\t\t\t\t<div class=\"blockG\" id=\"rotateG_04\"><\/div>\n\t\t\t\t<div class=\"blockG\" id=\"rotateG_05\"><\/div>\n\t\t\t\t<div class=\"blockG\" id=\"rotateG_06\"><\/div>\n\t\t\t\t<div class=\"blockG\" id=\"rotateG_07\"><\/div>\n\t\t\t\t<div class=\"blockG\" id=\"rotateG_08\"><\/div>\n\t\t\t<\/div>\n\t\t\t<div class=\"WooZone-cross-sell-loader-text\"><\/div>\n\t\t<\/div>\n\t<\/div>\n\n\t\t\n<\/div>\n<div style=\"clear:both;\"><\/div><\/p>\n","protected":false},"excerpt":{"rendered":"<p>Das LEGO DUPLO Bauspielzeug \u201eGro\u00dfe Baustelle mit Licht und Ton\u201c (10933) stellt eine betriebsame Gro\u00dfbaustelle mit vielen starken Baufahrzeugen, tollen Aktivit\u00e4ten und verschiedenen Figuren dar, die zu Rollenspielen inspirieren und die Entwicklung f\u00f6rdern<br \/>\nEnth\u00e4lt 5 Figuren in modernen Outfits und 5 Fahrzeuge \u2013 einen gro\u00dfen Bulldozer, einen Mini-Bulldozer, einen Kipplaster, einen Radlader und einen Kran \u2013 mit coolen Funktionen. Es gibt zum Beispiel einen Push-and-Go-R\u00fcckziehmotor, Licht, Ton und eine funktionierende Seilwinde<br \/>\nLicht und Ton erwecken die betriebsame Baustelle zum Leben, wenn Kinder das Toilettenh\u00e4uschen mit dem Kran in Position hieven, Baustoffe anliefern und Schutt von der Stra\u00dfe r\u00e4umen. Und am Hotdogstand l\u00e4sst sich wunderbar Mittagspause machen!<\/p>\n","protected":false},"featured_media":26317,"comment_status":"open","ping_status":"closed","template":"","meta":[],"product_brand":[],"product_cat":[21,8879],"product_tag":[],"class_list":{"0":"post-26316","1":"product","2":"type-product","3":"status-publish","4":"has-post-thumbnail","6":"product_cat-baby","7":"product_cat-baby-kleinkindspielzeug-baby","8":"pa_binding-spielzeug","9":"pa_brand-lego","10":"pa_color-mehrfarben","11":"pa_height-18-897637776-zoll","12":"pa_languages-handbuch-englisch","13":"pa_length-4-8818897588-zoll","14":"pa_manufacturer-lego","15":"pa_model-12276","16":"pa_weight-5-23818334512-pfund","17":"pa_width-22-9133858034-zoll","19":"first","20":"instock","21":"shipping-taxable","22":"purchasable","23":"product-type-simple","24":"customify-col","25":"product-has-gallery"},"yoast_head":"<!-- This site is optimized with the Yoast SEO plugin v27.4 - https:\/\/yoast.com\/product\/yoast-seo-wordpress\/ -->\n<title>LEGO 10933 DUPLO Gro\u00dfe Baustelle - Markt-XXL<\/title>\n<meta name=\"description\" content=\"Markt-XXL LEGO 10933 DUPLO Gro\u00dfe Baustelle\" \/>\n<meta name=\"robots\" content=\"index, follow, max-snippet:-1, max-image-preview:large, max-video-preview:-1\" \/>\n<link rel=\"canonical\" href=\"https:\/\/marktxxl.de\/markt\/produkt\/lego-10933-duplo-grosse-baustelle-mit-licht-und-ton-fahrzeuge-mit-push-und-go-motor-spielzeug-fuer-kinder-im-alter-von-2-5-jahren\/\" \/>\n<meta property=\"og:locale\" content=\"de_DE\" \/>\n<meta property=\"og:type\" content=\"article\" \/>\n<meta property=\"og:title\" content=\"LEGO 10933 DUPLO Gro\u00dfe Baustelle - Markt-XXL\" \/>\n<meta property=\"og:description\" content=\"Markt-XXL LEGO 10933 DUPLO Gro\u00dfe Baustelle\" \/>\n<meta property=\"og:url\" content=\"https:\/\/marktxxl.de\/markt\/produkt\/lego-10933-duplo-grosse-baustelle-mit-licht-und-ton-fahrzeuge-mit-push-und-go-motor-spielzeug-fuer-kinder-im-alter-von-2-5-jahren\/\" \/>\n<meta property=\"og:site_name\" content=\"Markt-XXL\" \/>\n<meta property=\"article:modified_time\" content=\"2023-04-10T23:33:41+00:00\" \/>\n<meta property=\"og:image\" content=\"https:\/\/m.media-amazon.com\/images\/I\/51kXgdy0RRS._SL500_.jpg\" \/>\n\t<meta property=\"og:image:width\" content=\"500\" \/>\n\t<meta property=\"og:image:height\" content=\"500\" \/>\n\t<meta property=\"og:image:type\" content=\"image\/jpeg\" \/>\n<meta name=\"twitter:card\" content=\"summary_large_image\" \/>\n<meta name=\"twitter:label1\" content=\"Gesch\u00e4tzte Lesezeit\" \/>\n\t<meta name=\"twitter:data1\" content=\"2\u00a0Minuten\" \/>\n<script type=\"application\/ld+json\" class=\"yoast-schema-graph\">{\"@context\":\"https:\\\/\\\/schema.org\",\"@graph\":[{\"@type\":\"WebPage\",\"@id\":\"https:\\\/\\\/marktxxl.de\\\/markt\\\/produkt\\\/lego-10933-duplo-grosse-baustelle-mit-licht-und-ton-fahrzeuge-mit-push-und-go-motor-spielzeug-fuer-kinder-im-alter-von-2-5-jahren\\\/\",\"url\":\"https:\\\/\\\/marktxxl.de\\\/markt\\\/produkt\\\/lego-10933-duplo-grosse-baustelle-mit-licht-und-ton-fahrzeuge-mit-push-und-go-motor-spielzeug-fuer-kinder-im-alter-von-2-5-jahren\\\/\",\"name\":\"LEGO 10933 DUPLO Gro\u00dfe Baustelle - Markt-XXL\",\"isPartOf\":{\"@id\":\"https:\\\/\\\/marktxxl.de\\\/markt\\\/#website\"},\"primaryImageOfPage\":{\"@id\":\"https:\\\/\\\/marktxxl.de\\\/markt\\\/produkt\\\/lego-10933-duplo-grosse-baustelle-mit-licht-und-ton-fahrzeuge-mit-push-und-go-motor-spielzeug-fuer-kinder-im-alter-von-2-5-jahren\\\/#primaryimage\"},\"image\":{\"@id\":\"https:\\\/\\\/marktxxl.de\\\/markt\\\/produkt\\\/lego-10933-duplo-grosse-baustelle-mit-licht-und-ton-fahrzeuge-mit-push-und-go-motor-spielzeug-fuer-kinder-im-alter-von-2-5-jahren\\\/#primaryimage\"},\"thumbnailUrl\":\"https:\\\/\\\/m.media-amazon.com\\\/images\\\/I\\\/51kXgdy0RRS._SL500_.jpg\",\"datePublished\":\"2021-09-12T19:15:03+00:00\",\"dateModified\":\"2023-04-10T23:33:41+00:00\",\"description\":\"Markt-XXL LEGO 10933 DUPLO Gro\u00dfe Baustelle\",\"breadcrumb\":{\"@id\":\"https:\\\/\\\/marktxxl.de\\\/markt\\\/produkt\\\/lego-10933-duplo-grosse-baustelle-mit-licht-und-ton-fahrzeuge-mit-push-und-go-motor-spielzeug-fuer-kinder-im-alter-von-2-5-jahren\\\/#breadcrumb\"},\"inLanguage\":\"de\",\"potentialAction\":[{\"@type\":\"ReadAction\",\"target\":[\"https:\\\/\\\/marktxxl.de\\\/markt\\\/produkt\\\/lego-10933-duplo-grosse-baustelle-mit-licht-und-ton-fahrzeuge-mit-push-und-go-motor-spielzeug-fuer-kinder-im-alter-von-2-5-jahren\\\/\"]}]},{\"@type\":\"ImageObject\",\"inLanguage\":\"de\",\"@id\":\"https:\\\/\\\/marktxxl.de\\\/markt\\\/produkt\\\/lego-10933-duplo-grosse-baustelle-mit-licht-und-ton-fahrzeuge-mit-push-und-go-motor-spielzeug-fuer-kinder-im-alter-von-2-5-jahren\\\/#primaryimage\",\"url\":\"https:\\\/\\\/m.media-amazon.com\\\/images\\\/I\\\/51kXgdy0RRS._SL500_.jpg\",\"contentUrl\":\"https:\\\/\\\/m.media-amazon.com\\\/images\\\/I\\\/51kXgdy0RRS._SL500_.jpg\",\"width\":500,\"height\":500},{\"@type\":\"BreadcrumbList\",\"@id\":\"https:\\\/\\\/marktxxl.de\\\/markt\\\/produkt\\\/lego-10933-duplo-grosse-baustelle-mit-licht-und-ton-fahrzeuge-mit-push-und-go-motor-spielzeug-fuer-kinder-im-alter-von-2-5-jahren\\\/#breadcrumb\",\"itemListElement\":[{\"@type\":\"ListItem\",\"position\":1,\"name\":\"Startseite\",\"item\":\"https:\\\/\\\/marktxxl.de\\\/markt\\\/\"},{\"@type\":\"ListItem\",\"position\":2,\"name\":\"Markt\",\"item\":\"https:\\\/\\\/marktxxl.de\\\/markt\\\/\"},{\"@type\":\"ListItem\",\"position\":3,\"name\":\"LEGO 10933 DUPLO Gro\u00dfe Baustelle\"}]},{\"@type\":\"WebSite\",\"@id\":\"https:\\\/\\\/marktxxl.de\\\/markt\\\/#website\",\"url\":\"https:\\\/\\\/marktxxl.de\\\/markt\\\/\",\"name\":\"Markt-XXL\",\"description\":\"Ihr Markt Online\",\"publisher\":{\"@id\":\"https:\\\/\\\/marktxxl.de\\\/markt\\\/#organization\"},\"potentialAction\":[{\"@type\":\"SearchAction\",\"target\":{\"@type\":\"EntryPoint\",\"urlTemplate\":\"https:\\\/\\\/marktxxl.de\\\/markt\\\/?s={search_term_string}\"},\"query-input\":{\"@type\":\"PropertyValueSpecification\",\"valueRequired\":true,\"valueName\":\"search_term_string\"}}],\"inLanguage\":\"de\"},{\"@type\":\"Organization\",\"@id\":\"https:\\\/\\\/marktxxl.de\\\/markt\\\/#organization\",\"name\":\"Markt-XXL\",\"url\":\"https:\\\/\\\/marktxxl.de\\\/markt\\\/\",\"logo\":{\"@type\":\"ImageObject\",\"inLanguage\":\"de\",\"@id\":\"https:\\\/\\\/marktxxl.de\\\/markt\\\/#\\\/schema\\\/logo\\\/image\\\/\",\"url\":\"https:\\\/\\\/marktxxl.de\\\/markt\\\/wp-content\\\/uploads\\\/sites\\\/3\\\/2020\\\/12\\\/logo.png\",\"contentUrl\":\"https:\\\/\\\/marktxxl.de\\\/markt\\\/wp-content\\\/uploads\\\/sites\\\/3\\\/2020\\\/12\\\/logo.png\",\"width\":200,\"height\":70,\"caption\":\"Markt-XXL\"},\"image\":{\"@id\":\"https:\\\/\\\/marktxxl.de\\\/markt\\\/#\\\/schema\\\/logo\\\/image\\\/\"}}]}<\/script>\n<!-- \/ Yoast SEO plugin. -->","yoast_head_json":{"title":"LEGO 10933 DUPLO Gro\u00dfe Baustelle - Markt-XXL","description":"Markt-XXL LEGO 10933 DUPLO Gro\u00dfe Baustelle","robots":{"index":"index","follow":"follow","max-snippet":"max-snippet:-1","max-image-preview":"max-image-preview:large","max-video-preview":"max-video-preview:-1"},"canonical":"https:\/\/marktxxl.de\/markt\/produkt\/lego-10933-duplo-grosse-baustelle-mit-licht-und-ton-fahrzeuge-mit-push-und-go-motor-spielzeug-fuer-kinder-im-alter-von-2-5-jahren\/","og_locale":"de_DE","og_type":"article","og_title":"LEGO 10933 DUPLO Gro\u00dfe Baustelle - Markt-XXL","og_description":"Markt-XXL LEGO 10933 DUPLO Gro\u00dfe Baustelle","og_url":"https:\/\/marktxxl.de\/markt\/produkt\/lego-10933-duplo-grosse-baustelle-mit-licht-und-ton-fahrzeuge-mit-push-und-go-motor-spielzeug-fuer-kinder-im-alter-von-2-5-jahren\/","og_site_name":"Markt-XXL","article_modified_time":"2023-04-10T23:33:41+00:00","og_image":[{"width":500,"height":500,"url":"https:\/\/m.media-amazon.com\/images\/I\/51kXgdy0RRS._SL500_.jpg","type":"image\/jpeg"}],"twitter_card":"summary_large_image","twitter_misc":{"Gesch\u00e4tzte Lesezeit":"2\u00a0Minuten"},"schema":{"@context":"https:\/\/schema.org","@graph":[{"@type":"WebPage","@id":"https:\/\/marktxxl.de\/markt\/produkt\/lego-10933-duplo-grosse-baustelle-mit-licht-und-ton-fahrzeuge-mit-push-und-go-motor-spielzeug-fuer-kinder-im-alter-von-2-5-jahren\/","url":"https:\/\/marktxxl.de\/markt\/produkt\/lego-10933-duplo-grosse-baustelle-mit-licht-und-ton-fahrzeuge-mit-push-und-go-motor-spielzeug-fuer-kinder-im-alter-von-2-5-jahren\/","name":"LEGO 10933 DUPLO Gro\u00dfe Baustelle - Markt-XXL","isPartOf":{"@id":"https:\/\/marktxxl.de\/markt\/#website"},"primaryImageOfPage":{"@id":"https:\/\/marktxxl.de\/markt\/produkt\/lego-10933-duplo-grosse-baustelle-mit-licht-und-ton-fahrzeuge-mit-push-und-go-motor-spielzeug-fuer-kinder-im-alter-von-2-5-jahren\/#primaryimage"},"image":{"@id":"https:\/\/marktxxl.de\/markt\/produkt\/lego-10933-duplo-grosse-baustelle-mit-licht-und-ton-fahrzeuge-mit-push-und-go-motor-spielzeug-fuer-kinder-im-alter-von-2-5-jahren\/#primaryimage"},"thumbnailUrl":"https:\/\/m.media-amazon.com\/images\/I\/51kXgdy0RRS._SL500_.jpg","datePublished":"2021-09-12T19:15:03+00:00","dateModified":"2023-04-10T23:33:41+00:00","description":"Markt-XXL LEGO 10933 DUPLO Gro\u00dfe Baustelle","breadcrumb":{"@id":"https:\/\/marktxxl.de\/markt\/produkt\/lego-10933-duplo-grosse-baustelle-mit-licht-und-ton-fahrzeuge-mit-push-und-go-motor-spielzeug-fuer-kinder-im-alter-von-2-5-jahren\/#breadcrumb"},"inLanguage":"de","potentialAction":[{"@type":"ReadAction","target":["https:\/\/marktxxl.de\/markt\/produkt\/lego-10933-duplo-grosse-baustelle-mit-licht-und-ton-fahrzeuge-mit-push-und-go-motor-spielzeug-fuer-kinder-im-alter-von-2-5-jahren\/"]}]},{"@type":"ImageObject","inLanguage":"de","@id":"https:\/\/marktxxl.de\/markt\/produkt\/lego-10933-duplo-grosse-baustelle-mit-licht-und-ton-fahrzeuge-mit-push-und-go-motor-spielzeug-fuer-kinder-im-alter-von-2-5-jahren\/#primaryimage","url":"https:\/\/m.media-amazon.com\/images\/I\/51kXgdy0RRS._SL500_.jpg","contentUrl":"https:\/\/m.media-amazon.com\/images\/I\/51kXgdy0RRS._SL500_.jpg","width":500,"height":500},{"@type":"BreadcrumbList","@id":"https:\/\/marktxxl.de\/markt\/produkt\/lego-10933-duplo-grosse-baustelle-mit-licht-und-ton-fahrzeuge-mit-push-und-go-motor-spielzeug-fuer-kinder-im-alter-von-2-5-jahren\/#breadcrumb","itemListElement":[{"@type":"ListItem","position":1,"name":"Startseite","item":"https:\/\/marktxxl.de\/markt\/"},{"@type":"ListItem","position":2,"name":"Markt","item":"https:\/\/marktxxl.de\/markt\/"},{"@type":"ListItem","position":3,"name":"LEGO 10933 DUPLO Gro\u00dfe Baustelle"}]},{"@type":"WebSite","@id":"https:\/\/marktxxl.de\/markt\/#website","url":"https:\/\/marktxxl.de\/markt\/","name":"Markt-XXL","description":"Ihr Markt Online","publisher":{"@id":"https:\/\/marktxxl.de\/markt\/#organization"},"potentialAction":[{"@type":"SearchAction","target":{"@type":"EntryPoint","urlTemplate":"https:\/\/marktxxl.de\/markt\/?s={search_term_string}"},"query-input":{"@type":"PropertyValueSpecification","valueRequired":true,"valueName":"search_term_string"}}],"inLanguage":"de"},{"@type":"Organization","@id":"https:\/\/marktxxl.de\/markt\/#organization","name":"Markt-XXL","url":"https:\/\/marktxxl.de\/markt\/","logo":{"@type":"ImageObject","inLanguage":"de","@id":"https:\/\/marktxxl.de\/markt\/#\/schema\/logo\/image\/","url":"https:\/\/marktxxl.de\/markt\/wp-content\/uploads\/sites\/3\/2020\/12\/logo.png","contentUrl":"https:\/\/marktxxl.de\/markt\/wp-content\/uploads\/sites\/3\/2020\/12\/logo.png","width":200,"height":70,"caption":"Markt-XXL"},"image":{"@id":"https:\/\/marktxxl.de\/markt\/#\/schema\/logo\/image\/"}}]}},"_links":{"self":[{"href":"https:\/\/marktxxl.de\/markt\/wp-json\/wp\/v2\/product\/26316","targetHints":{"allow":["GET"]}}],"collection":[{"href":"https:\/\/marktxxl.de\/markt\/wp-json\/wp\/v2\/product"}],"about":[{"href":"https:\/\/marktxxl.de\/markt\/wp-json\/wp\/v2\/types\/product"}],"replies":[{"embeddable":true,"href":"https:\/\/marktxxl.de\/markt\/wp-json\/wp\/v2\/comments?post=26316"}],"wp:featuredmedia":[{"embeddable":true,"href":"https:\/\/marktxxl.de\/markt\/wp-json\/wp\/v2\/media\/26317"}],"wp:attachment":[{"href":"https:\/\/marktxxl.de\/markt\/wp-json\/wp\/v2\/media?parent=26316"}],"wp:term":[{"taxonomy":"product_brand","embeddable":true,"href":"https:\/\/marktxxl.de\/markt\/wp-json\/wp\/v2\/product_brand?post=26316"},{"taxonomy":"product_cat","embeddable":true,"href":"https:\/\/marktxxl.de\/markt\/wp-json\/wp\/v2\/product_cat?post=26316"},{"taxonomy":"product_tag","embeddable":true,"href":"https:\/\/marktxxl.de\/markt\/wp-json\/wp\/v2\/product_tag?post=26316"}],"curies":[{"name":"wp","href":"https:\/\/api.w.org\/{rel}","templated":true}]}}