{"id":26264,"date":"2021-09-12T21:14:57","date_gmt":"2021-09-12T19:14:57","guid":{"rendered":"https:\/\/marktxxl.de\/markt\/produkt\/tonies-hoerfigur-kreativ-tonie-fuer-die-toniebox\/"},"modified":"2023-04-11T01:33:41","modified_gmt":"2023-04-10T23:33:41","slug":"tonies-hoerfigur-kreativ-tonie-fuer-die-toniebox","status":"publish","type":"product","link":"https:\/\/marktxxl.de\/markt\/produkt\/tonies-hoerfigur-kreativ-tonie-fuer-die-toniebox\/","title":{"rendered":"tonies 02-0005 H\u00f6rfiguren f\u00fcr Toniebox &#8211; Kreativ Indianerin &#8211; ca. 90 Minuten Speicher f\u00fcr Deine Musik, Geschichten\u2026"},"content":{"rendered":"<p>Egal ob am Lagerfeuer oder auf der Pirsch<br \/>\nUnsere Indianerin trifft stets den richtigen Ton f\u00fcr die unerh\u00f6rtesten Geschichten aus den Weiten deiner Fantasie.<br \/>\nAlle Inhalte des Kreativ-Tonies k\u00f6nnen mit einem kostenlosen Toniecloud Kundenkonto verwaltet werden. Der Kreativ-Tonie bietet 90 Minuten Spielzeit f\u00fcr eigene H\u00f6rabenteuer oder Musik.<br \/>\nH\u00f6rerlebnisse nach deinem Geschmack: Die Kreativ-Tonies sind frei bespielbar und warten nur darauf, deine Geschichte erz\u00e4hlen zu k\u00f6nnen. Deinen kreativen M\u00f6glichkeiten sind keine Grenzen gesetzt.<br \/>\nJeder Tonie ist mit viel Liebe entworfen, handbemalt und dennoch robust genug f\u00fcr gro\u00dfen Spielspa\u00df auf und abseits der Toniebox. Magnetisch haftet er an der Toniebox und erz\u00e4hlt dir seine Geschichte.<br \/>\n<div class=\"main-cross-sell\" data-asin=\"B081P2JJ94\">\n\n\t<div class=\"WooZone-cross-sell-loader\">\n\t\t<div>\n\t\t\t<div id=\"floatingBarsG\">\n\t\t\t\t<div class=\"blockG\" id=\"rotateG_01\"><\/div>\n\t\t\t\t<div class=\"blockG\" id=\"rotateG_02\"><\/div>\n\t\t\t\t<div class=\"blockG\" id=\"rotateG_03\"><\/div>\n\t\t\t\t<div class=\"blockG\" id=\"rotateG_04\"><\/div>\n\t\t\t\t<div class=\"blockG\" id=\"rotateG_05\"><\/div>\n\t\t\t\t<div class=\"blockG\" id=\"rotateG_06\"><\/div>\n\t\t\t\t<div class=\"blockG\" id=\"rotateG_07\"><\/div>\n\t\t\t\t<div class=\"blockG\" id=\"rotateG_08\"><\/div>\n\t\t\t<\/div>\n\t\t\t<div class=\"WooZone-cross-sell-loader-text\"><\/div>\n\t\t<\/div>\n\t<\/div>\n\n\t\t\n<\/div>\n<div style=\"clear:both;\"><\/div><\/p>\n","protected":false},"excerpt":{"rendered":"<p>Egal ob am Lagerfeuer oder auf der Pirsch<br \/>\nUnsere Indianerin trifft stets den richtigen Ton f\u00fcr die unerh\u00f6rtesten Geschichten aus den Weiten deiner Fantasie.<br \/>\nAlle Inhalte des Kreativ-Tonies k\u00f6nnen mit einem kostenlosen Toniecloud Kundenkonto verwaltet werden. Der Kreativ-Tonie bietet 90 Minuten Spielzeit f\u00fcr eigene H\u00f6rabenteuer oder Musik.<\/p>\n","protected":false},"featured_media":26272,"comment_status":"open","ping_status":"closed","template":"","meta":[],"product_brand":[],"product_cat":[21,8879],"product_tag":[],"class_list":{"0":"post-26264","1":"product","2":"type-product","3":"status-publish","4":"has-post-thumbnail","6":"product_cat-baby","7":"product_cat-baby-kleinkindspielzeug-baby","8":"pa_binding-spielzeug","9":"pa_farbe-baby-maedchen","10":"pa_farbe-einhorn","11":"pa_farbe-indianerin","12":"pa_farbe-meerjungfrau","13":"pa_farbe-prinzessin","14":"pa_farbe-saengerin","15":"pa_farbe-superheld-maedchen","17":"first","18":"instock","19":"shipping-taxable","20":"purchasable","21":"product-type-simple","22":"customify-col","23":"product-has-gallery"},"yoast_head":"<!-- This site is optimized with the Yoast SEO plugin v27.3 - https:\/\/yoast.com\/product\/yoast-seo-wordpress\/ -->\n<title>tonies 02-0005 H\u00f6rfiguren f\u00fcr Toniebox - Kreativ Indianerin - ca. 90 Minuten Speicher f\u00fcr Deine Musik, Geschichten\u2026 - Markt-XXL<\/title>\n<meta name=\"description\" content=\"Markt-XXL tonies 02-0005 H\u00f6rfiguren f\u00fcr Toniebox - Kreativ Indianerin - ca. 90 Minuten Speicher f\u00fcr Deine Musik, Geschichten\u2026\" \/>\n<meta name=\"robots\" content=\"index, follow, max-snippet:-1, max-image-preview:large, max-video-preview:-1\" \/>\n<link rel=\"canonical\" href=\"https:\/\/marktxxl.de\/markt\/produkt\/tonies-hoerfigur-kreativ-tonie-fuer-die-toniebox\/\" \/>\n<meta property=\"og:locale\" content=\"de_DE\" \/>\n<meta property=\"og:type\" content=\"article\" \/>\n<meta property=\"og:title\" content=\"tonies 02-0005 H\u00f6rfiguren f\u00fcr Toniebox - Kreativ Indianerin - ca. 90 Minuten Speicher f\u00fcr Deine Musik, Geschichten\u2026 - Markt-XXL\" \/>\n<meta property=\"og:description\" content=\"Markt-XXL tonies 02-0005 H\u00f6rfiguren f\u00fcr Toniebox - Kreativ Indianerin - ca. 90 Minuten Speicher f\u00fcr Deine Musik, Geschichten\u2026\" \/>\n<meta property=\"og:url\" content=\"https:\/\/marktxxl.de\/markt\/produkt\/tonies-hoerfigur-kreativ-tonie-fuer-die-toniebox\/\" \/>\n<meta property=\"og:site_name\" content=\"Markt-XXL\" \/>\n<meta property=\"article:modified_time\" content=\"2023-04-10T23:33:41+00:00\" \/>\n<meta property=\"og:image\" content=\"https:\/\/m.media-amazon.com\/images\/I\/4191f8bOsEL._SL500_.jpg\" \/>\n\t<meta property=\"og:image:width\" content=\"500\" \/>\n\t<meta property=\"og:image:height\" content=\"500\" \/>\n\t<meta property=\"og:image:type\" content=\"image\/jpeg\" \/>\n<meta name=\"twitter:card\" content=\"summary_large_image\" \/>\n<meta name=\"twitter:label1\" content=\"Gesch\u00e4tzte Lesezeit\" \/>\n\t<meta name=\"twitter:data1\" content=\"1\u00a0Minute\" \/>\n<script type=\"application\/ld+json\" class=\"yoast-schema-graph\">{\"@context\":\"https:\\\/\\\/schema.org\",\"@graph\":[{\"@type\":\"WebPage\",\"@id\":\"https:\\\/\\\/marktxxl.de\\\/markt\\\/produkt\\\/tonies-hoerfigur-kreativ-tonie-fuer-die-toniebox\\\/\",\"url\":\"https:\\\/\\\/marktxxl.de\\\/markt\\\/produkt\\\/tonies-hoerfigur-kreativ-tonie-fuer-die-toniebox\\\/\",\"name\":\"tonies 02-0005 H\u00f6rfiguren f\u00fcr Toniebox - Kreativ Indianerin - ca. 90 Minuten Speicher f\u00fcr Deine Musik, Geschichten\u2026 - Markt-XXL\",\"isPartOf\":{\"@id\":\"https:\\\/\\\/marktxxl.de\\\/markt\\\/#website\"},\"primaryImageOfPage\":{\"@id\":\"https:\\\/\\\/marktxxl.de\\\/markt\\\/produkt\\\/tonies-hoerfigur-kreativ-tonie-fuer-die-toniebox\\\/#primaryimage\"},\"image\":{\"@id\":\"https:\\\/\\\/marktxxl.de\\\/markt\\\/produkt\\\/tonies-hoerfigur-kreativ-tonie-fuer-die-toniebox\\\/#primaryimage\"},\"thumbnailUrl\":\"https:\\\/\\\/m.media-amazon.com\\\/images\\\/I\\\/4191f8bOsEL._SL500_.jpg\",\"datePublished\":\"2021-09-12T19:14:57+00:00\",\"dateModified\":\"2023-04-10T23:33:41+00:00\",\"description\":\"Markt-XXL tonies 02-0005 H\u00f6rfiguren f\u00fcr Toniebox - Kreativ Indianerin - ca. 90 Minuten Speicher f\u00fcr Deine Musik, Geschichten\u2026\",\"breadcrumb\":{\"@id\":\"https:\\\/\\\/marktxxl.de\\\/markt\\\/produkt\\\/tonies-hoerfigur-kreativ-tonie-fuer-die-toniebox\\\/#breadcrumb\"},\"inLanguage\":\"de\",\"potentialAction\":[{\"@type\":\"ReadAction\",\"target\":[\"https:\\\/\\\/marktxxl.de\\\/markt\\\/produkt\\\/tonies-hoerfigur-kreativ-tonie-fuer-die-toniebox\\\/\"]}]},{\"@type\":\"ImageObject\",\"inLanguage\":\"de\",\"@id\":\"https:\\\/\\\/marktxxl.de\\\/markt\\\/produkt\\\/tonies-hoerfigur-kreativ-tonie-fuer-die-toniebox\\\/#primaryimage\",\"url\":\"https:\\\/\\\/m.media-amazon.com\\\/images\\\/I\\\/4191f8bOsEL._SL500_.jpg\",\"contentUrl\":\"https:\\\/\\\/m.media-amazon.com\\\/images\\\/I\\\/4191f8bOsEL._SL500_.jpg\",\"width\":500,\"height\":500},{\"@type\":\"BreadcrumbList\",\"@id\":\"https:\\\/\\\/marktxxl.de\\\/markt\\\/produkt\\\/tonies-hoerfigur-kreativ-tonie-fuer-die-toniebox\\\/#breadcrumb\",\"itemListElement\":[{\"@type\":\"ListItem\",\"position\":1,\"name\":\"Startseite\",\"item\":\"https:\\\/\\\/marktxxl.de\\\/markt\\\/\"},{\"@type\":\"ListItem\",\"position\":2,\"name\":\"Markt\",\"item\":\"https:\\\/\\\/marktxxl.de\\\/markt\\\/\"},{\"@type\":\"ListItem\",\"position\":3,\"name\":\"tonies 02-0005 H\u00f6rfiguren f\u00fcr Toniebox &#8211; Kreativ Indianerin &#8211; ca. 90 Minuten Speicher f\u00fcr Deine Musik, Geschichten\u2026\"}]},{\"@type\":\"WebSite\",\"@id\":\"https:\\\/\\\/marktxxl.de\\\/markt\\\/#website\",\"url\":\"https:\\\/\\\/marktxxl.de\\\/markt\\\/\",\"name\":\"Markt-XXL\",\"description\":\"Ihr Markt Online\",\"publisher\":{\"@id\":\"https:\\\/\\\/marktxxl.de\\\/markt\\\/#organization\"},\"potentialAction\":[{\"@type\":\"SearchAction\",\"target\":{\"@type\":\"EntryPoint\",\"urlTemplate\":\"https:\\\/\\\/marktxxl.de\\\/markt\\\/?s={search_term_string}\"},\"query-input\":{\"@type\":\"PropertyValueSpecification\",\"valueRequired\":true,\"valueName\":\"search_term_string\"}}],\"inLanguage\":\"de\"},{\"@type\":\"Organization\",\"@id\":\"https:\\\/\\\/marktxxl.de\\\/markt\\\/#organization\",\"name\":\"Markt-XXL\",\"url\":\"https:\\\/\\\/marktxxl.de\\\/markt\\\/\",\"logo\":{\"@type\":\"ImageObject\",\"inLanguage\":\"de\",\"@id\":\"https:\\\/\\\/marktxxl.de\\\/markt\\\/#\\\/schema\\\/logo\\\/image\\\/\",\"url\":\"https:\\\/\\\/marktxxl.de\\\/markt\\\/wp-content\\\/uploads\\\/sites\\\/3\\\/2020\\\/12\\\/logo.png\",\"contentUrl\":\"https:\\\/\\\/marktxxl.de\\\/markt\\\/wp-content\\\/uploads\\\/sites\\\/3\\\/2020\\\/12\\\/logo.png\",\"width\":200,\"height\":70,\"caption\":\"Markt-XXL\"},\"image\":{\"@id\":\"https:\\\/\\\/marktxxl.de\\\/markt\\\/#\\\/schema\\\/logo\\\/image\\\/\"}}]}<\/script>\n<!-- \/ Yoast SEO plugin. -->","yoast_head_json":{"title":"tonies 02-0005 H\u00f6rfiguren f\u00fcr Toniebox - Kreativ Indianerin - ca. 90 Minuten Speicher f\u00fcr Deine Musik, Geschichten\u2026 - Markt-XXL","description":"Markt-XXL tonies 02-0005 H\u00f6rfiguren f\u00fcr Toniebox - Kreativ Indianerin - ca. 90 Minuten Speicher f\u00fcr Deine Musik, Geschichten\u2026","robots":{"index":"index","follow":"follow","max-snippet":"max-snippet:-1","max-image-preview":"max-image-preview:large","max-video-preview":"max-video-preview:-1"},"canonical":"https:\/\/marktxxl.de\/markt\/produkt\/tonies-hoerfigur-kreativ-tonie-fuer-die-toniebox\/","og_locale":"de_DE","og_type":"article","og_title":"tonies 02-0005 H\u00f6rfiguren f\u00fcr Toniebox - Kreativ Indianerin - ca. 90 Minuten Speicher f\u00fcr Deine Musik, Geschichten\u2026 - Markt-XXL","og_description":"Markt-XXL tonies 02-0005 H\u00f6rfiguren f\u00fcr Toniebox - Kreativ Indianerin - ca. 90 Minuten Speicher f\u00fcr Deine Musik, Geschichten\u2026","og_url":"https:\/\/marktxxl.de\/markt\/produkt\/tonies-hoerfigur-kreativ-tonie-fuer-die-toniebox\/","og_site_name":"Markt-XXL","article_modified_time":"2023-04-10T23:33:41+00:00","og_image":[{"width":500,"height":500,"url":"https:\/\/m.media-amazon.com\/images\/I\/4191f8bOsEL._SL500_.jpg","type":"image\/jpeg"}],"twitter_card":"summary_large_image","twitter_misc":{"Gesch\u00e4tzte Lesezeit":"1\u00a0Minute"},"schema":{"@context":"https:\/\/schema.org","@graph":[{"@type":"WebPage","@id":"https:\/\/marktxxl.de\/markt\/produkt\/tonies-hoerfigur-kreativ-tonie-fuer-die-toniebox\/","url":"https:\/\/marktxxl.de\/markt\/produkt\/tonies-hoerfigur-kreativ-tonie-fuer-die-toniebox\/","name":"tonies 02-0005 H\u00f6rfiguren f\u00fcr Toniebox - Kreativ Indianerin - ca. 90 Minuten Speicher f\u00fcr Deine Musik, Geschichten\u2026 - Markt-XXL","isPartOf":{"@id":"https:\/\/marktxxl.de\/markt\/#website"},"primaryImageOfPage":{"@id":"https:\/\/marktxxl.de\/markt\/produkt\/tonies-hoerfigur-kreativ-tonie-fuer-die-toniebox\/#primaryimage"},"image":{"@id":"https:\/\/marktxxl.de\/markt\/produkt\/tonies-hoerfigur-kreativ-tonie-fuer-die-toniebox\/#primaryimage"},"thumbnailUrl":"https:\/\/m.media-amazon.com\/images\/I\/4191f8bOsEL._SL500_.jpg","datePublished":"2021-09-12T19:14:57+00:00","dateModified":"2023-04-10T23:33:41+00:00","description":"Markt-XXL tonies 02-0005 H\u00f6rfiguren f\u00fcr Toniebox - Kreativ Indianerin - ca. 90 Minuten Speicher f\u00fcr Deine Musik, Geschichten\u2026","breadcrumb":{"@id":"https:\/\/marktxxl.de\/markt\/produkt\/tonies-hoerfigur-kreativ-tonie-fuer-die-toniebox\/#breadcrumb"},"inLanguage":"de","potentialAction":[{"@type":"ReadAction","target":["https:\/\/marktxxl.de\/markt\/produkt\/tonies-hoerfigur-kreativ-tonie-fuer-die-toniebox\/"]}]},{"@type":"ImageObject","inLanguage":"de","@id":"https:\/\/marktxxl.de\/markt\/produkt\/tonies-hoerfigur-kreativ-tonie-fuer-die-toniebox\/#primaryimage","url":"https:\/\/m.media-amazon.com\/images\/I\/4191f8bOsEL._SL500_.jpg","contentUrl":"https:\/\/m.media-amazon.com\/images\/I\/4191f8bOsEL._SL500_.jpg","width":500,"height":500},{"@type":"BreadcrumbList","@id":"https:\/\/marktxxl.de\/markt\/produkt\/tonies-hoerfigur-kreativ-tonie-fuer-die-toniebox\/#breadcrumb","itemListElement":[{"@type":"ListItem","position":1,"name":"Startseite","item":"https:\/\/marktxxl.de\/markt\/"},{"@type":"ListItem","position":2,"name":"Markt","item":"https:\/\/marktxxl.de\/markt\/"},{"@type":"ListItem","position":3,"name":"tonies 02-0005 H\u00f6rfiguren f\u00fcr Toniebox &#8211; Kreativ Indianerin &#8211; ca. 90 Minuten Speicher f\u00fcr Deine Musik, Geschichten\u2026"}]},{"@type":"WebSite","@id":"https:\/\/marktxxl.de\/markt\/#website","url":"https:\/\/marktxxl.de\/markt\/","name":"Markt-XXL","description":"Ihr Markt Online","publisher":{"@id":"https:\/\/marktxxl.de\/markt\/#organization"},"potentialAction":[{"@type":"SearchAction","target":{"@type":"EntryPoint","urlTemplate":"https:\/\/marktxxl.de\/markt\/?s={search_term_string}"},"query-input":{"@type":"PropertyValueSpecification","valueRequired":true,"valueName":"search_term_string"}}],"inLanguage":"de"},{"@type":"Organization","@id":"https:\/\/marktxxl.de\/markt\/#organization","name":"Markt-XXL","url":"https:\/\/marktxxl.de\/markt\/","logo":{"@type":"ImageObject","inLanguage":"de","@id":"https:\/\/marktxxl.de\/markt\/#\/schema\/logo\/image\/","url":"https:\/\/marktxxl.de\/markt\/wp-content\/uploads\/sites\/3\/2020\/12\/logo.png","contentUrl":"https:\/\/marktxxl.de\/markt\/wp-content\/uploads\/sites\/3\/2020\/12\/logo.png","width":200,"height":70,"caption":"Markt-XXL"},"image":{"@id":"https:\/\/marktxxl.de\/markt\/#\/schema\/logo\/image\/"}}]}},"_links":{"self":[{"href":"https:\/\/marktxxl.de\/markt\/wp-json\/wp\/v2\/product\/26264","targetHints":{"allow":["GET"]}}],"collection":[{"href":"https:\/\/marktxxl.de\/markt\/wp-json\/wp\/v2\/product"}],"about":[{"href":"https:\/\/marktxxl.de\/markt\/wp-json\/wp\/v2\/types\/product"}],"replies":[{"embeddable":true,"href":"https:\/\/marktxxl.de\/markt\/wp-json\/wp\/v2\/comments?post=26264"}],"wp:featuredmedia":[{"embeddable":true,"href":"https:\/\/marktxxl.de\/markt\/wp-json\/wp\/v2\/media\/26272"}],"wp:attachment":[{"href":"https:\/\/marktxxl.de\/markt\/wp-json\/wp\/v2\/media?parent=26264"}],"wp:term":[{"taxonomy":"product_brand","embeddable":true,"href":"https:\/\/marktxxl.de\/markt\/wp-json\/wp\/v2\/product_brand?post=26264"},{"taxonomy":"product_cat","embeddable":true,"href":"https:\/\/marktxxl.de\/markt\/wp-json\/wp\/v2\/product_cat?post=26264"},{"taxonomy":"product_tag","embeddable":true,"href":"https:\/\/marktxxl.de\/markt\/wp-json\/wp\/v2\/product_tag?post=26264"}],"curies":[{"name":"wp","href":"https:\/\/api.w.org\/{rel}","templated":true}]}}