{"id":26207,"date":"2021-09-12T21:13:47","date_gmt":"2021-09-12T19:13:47","guid":{"rendered":"https:\/\/marktxxl.de\/markt\/produkt\/decowall-dw-2001-pesci-tropicali-dellacquerello-adesivi-da-parete-decorazioni-stickers-murali-soggiorno-asilo-nido-camera-letto-per-bambini-decalcomanie\/"},"modified":"2023-04-11T01:33:40","modified_gmt":"2023-04-10T23:33:40","slug":"decowall-dw-2001-pesci-tropicali-dellacquerello-adesivi-da-parete-decorazioni-stickers-murali-soggiorno-asilo-nido-camera-letto-per-bambini-decalcomanie","status":"publish","type":"product","link":"https:\/\/marktxxl.de\/markt\/produkt\/decowall-dw-2001-pesci-tropicali-dellacquerello-adesivi-da-parete-decorazioni-stickers-murali-soggiorno-asilo-nido-camera-letto-per-bambini-decalcomanie\/","title":{"rendered":"DECOWALL DW-2001 Aquarell tropischer Fisch Wandtattoo Wandsticker Wandaufkleber Wanddeko f\u00fcr Wohnzimmer Schlafzimmer\u2026"},"content":{"rendered":"<p>?LERNEN UND SPIELEN \u2013 Spielen ist die beliebteste Lernmethode unseres Gehirns. Decowall-Aufkleber sind nicht nur ein gro\u00dfartiges lehrreiches Werkzeug, sondern auch eine unterhaltsame Art und Weise, Ihr Zimmer zu dekorieren.<br \/>\n?F\u00dcGEN SIE FARBEN OHNE MALEREI HINZU \u2013 Dekorieren Sie Ihr Zimmer sofort. Bringen Sie Farbe und Leben in Ihr Zimmer, ohne m\u00fchsames Malen und Reinigen.<br \/>\n?ZUM SELBERMACHEN &amp; EINFACHES ABZIEHEN UND AUFKLEBEN \u2013 Kleben Sie Ihre Abziehbilder schnell auf, ohne ein Durcheinander zu verursachen. Zeit f\u00fcr eine Ver\u00e4nderung? Einfach entfernen und neu positionieren, ohne klebrige R\u00fcckst\u00e4nde an der Wand zu hinterlassen.<br \/>\n?HOHE QUALIT\u00c4T, DESIGN DER ILLUSTRATOREN VON DECOWALL \u2013 Alle unsere Aufkleber werden sorgf\u00e4ltig von unserem Team talentierter K\u00fcnstler entworfen und in bester Qualit\u00e4t zu erschwinglichen Preisen hergestellt.<br \/>\n?ABMESSUNGEN &#8211; 4 Bl\u00e4tter \u00e0 50cm(w) x 25cm(h) (19.7&#8243; x 9.8&#8243;)<br \/>\n<div class=\"main-cross-sell\" data-asin=\"B089Y34K1F\">\n\n\t<div class=\"WooZone-cross-sell-loader\">\n\t\t<div>\n\t\t\t<div id=\"floatingBarsG\">\n\t\t\t\t<div class=\"blockG\" id=\"rotateG_01\"><\/div>\n\t\t\t\t<div class=\"blockG\" id=\"rotateG_02\"><\/div>\n\t\t\t\t<div class=\"blockG\" id=\"rotateG_03\"><\/div>\n\t\t\t\t<div class=\"blockG\" id=\"rotateG_04\"><\/div>\n\t\t\t\t<div class=\"blockG\" id=\"rotateG_05\"><\/div>\n\t\t\t\t<div class=\"blockG\" id=\"rotateG_06\"><\/div>\n\t\t\t\t<div class=\"blockG\" id=\"rotateG_07\"><\/div>\n\t\t\t\t<div class=\"blockG\" id=\"rotateG_08\"><\/div>\n\t\t\t<\/div>\n\t\t\t<div class=\"WooZone-cross-sell-loader-text\"><\/div>\n\t\t<\/div>\n\t<\/div>\n\n\t\t\n<\/div>\n<div style=\"clear:both;\"><\/div><\/p>\n","protected":false},"excerpt":{"rendered":"<p>?LERNEN UND SPIELEN \u2013 Spielen ist die beliebteste Lernmethode unseres Gehirns. Decowall-Aufkleber sind nicht nur ein gro\u00dfartiges lehrreiches Werkzeug, sondern auch eine unterhaltsame Art und Weise, Ihr Zimmer zu dekorieren.<br \/>\n?F\u00dcGEN SIE FARBEN OHNE MALEREI HINZU \u2013 Dekorieren Sie Ihr Zimmer sofort. Bringen Sie Farbe und Leben in Ihr Zimmer, ohne m\u00fchsames Malen und Reinigen.<br \/>\n?ZUM SELBERMACHEN &amp; EINFACHES ABZIEHEN UND AUFKLEBEN \u2013 Kleben Sie Ihre Abziehbilder schnell auf, ohne ein Durcheinander zu verursachen. Zeit f\u00fcr eine Ver\u00e4nderung? Einfach entfernen und neu positionieren, ohne klebrige R\u00fcckst\u00e4nde an der Wand zu hinterlassen.<\/p>\n","protected":false},"featured_media":26208,"comment_status":"open","ping_status":"closed","template":"","meta":[],"product_brand":[],"product_cat":[21,8825],"product_tag":[],"class_list":{"0":"post-26207","1":"product","2":"type-product","3":"status-publish","4":"has-post-thumbnail","6":"product_cat-baby","7":"product_cat-baby-kleinkinderzimmer-baby","8":"pa_brand-decowall","9":"pa_brand-thames-hudson","10":"pa_manufacturer-decowall","12":"first","13":"instock","14":"shipping-taxable","15":"purchasable","16":"product-type-simple","17":"customify-col","18":"product-has-gallery"},"yoast_head":"<!-- This site is optimized with the Yoast SEO plugin v27.3 - https:\/\/yoast.com\/product\/yoast-seo-wordpress\/ -->\n<title>DECOWALL DW-2001 Aquarell tropischer Fisch Wandtattoo Wandsticker Wandaufkleber Wanddeko f\u00fcr Wohnzimmer Schlafzimmer\u2026 - Markt-XXL<\/title>\n<meta name=\"description\" content=\"Markt-XXL DECOWALL DW-2001 Aquarell tropischer Fisch Wandtattoo Wandsticker Wandaufkleber Wanddeko f\u00fcr Wohnzimmer Schlafzimmer\u2026\" \/>\n<meta name=\"robots\" content=\"index, follow, max-snippet:-1, max-image-preview:large, max-video-preview:-1\" \/>\n<link rel=\"canonical\" href=\"https:\/\/marktxxl.de\/markt\/produkt\/decowall-dw-2001-pesci-tropicali-dellacquerello-adesivi-da-parete-decorazioni-stickers-murali-soggiorno-asilo-nido-camera-letto-per-bambini-decalcomanie\/\" \/>\n<meta property=\"og:locale\" content=\"de_DE\" \/>\n<meta property=\"og:type\" content=\"article\" \/>\n<meta property=\"og:title\" content=\"DECOWALL DW-2001 Aquarell tropischer Fisch Wandtattoo Wandsticker Wandaufkleber Wanddeko f\u00fcr Wohnzimmer Schlafzimmer\u2026 - Markt-XXL\" \/>\n<meta property=\"og:description\" content=\"Markt-XXL DECOWALL DW-2001 Aquarell tropischer Fisch Wandtattoo Wandsticker Wandaufkleber Wanddeko f\u00fcr Wohnzimmer Schlafzimmer\u2026\" \/>\n<meta property=\"og:url\" content=\"https:\/\/marktxxl.de\/markt\/produkt\/decowall-dw-2001-pesci-tropicali-dellacquerello-adesivi-da-parete-decorazioni-stickers-murali-soggiorno-asilo-nido-camera-letto-per-bambini-decalcomanie\/\" \/>\n<meta property=\"og:site_name\" content=\"Markt-XXL\" \/>\n<meta property=\"article:modified_time\" content=\"2023-04-10T23:33:40+00:00\" \/>\n<meta property=\"og:image\" content=\"https:\/\/m.media-amazon.com\/images\/I\/51At4fH0JDS._SL500_.jpg\" \/>\n\t<meta property=\"og:image:width\" content=\"500\" \/>\n\t<meta property=\"og:image:height\" content=\"500\" \/>\n\t<meta property=\"og:image:type\" content=\"image\/jpeg\" \/>\n<meta name=\"twitter:card\" content=\"summary_large_image\" \/>\n<meta name=\"twitter:label1\" content=\"Gesch\u00e4tzte Lesezeit\" \/>\n\t<meta name=\"twitter:data1\" content=\"1\u00a0Minute\" \/>\n<script type=\"application\/ld+json\" class=\"yoast-schema-graph\">{\"@context\":\"https:\\\/\\\/schema.org\",\"@graph\":[{\"@type\":\"WebPage\",\"@id\":\"https:\\\/\\\/marktxxl.de\\\/markt\\\/produkt\\\/decowall-dw-2001-pesci-tropicali-dellacquerello-adesivi-da-parete-decorazioni-stickers-murali-soggiorno-asilo-nido-camera-letto-per-bambini-decalcomanie\\\/\",\"url\":\"https:\\\/\\\/marktxxl.de\\\/markt\\\/produkt\\\/decowall-dw-2001-pesci-tropicali-dellacquerello-adesivi-da-parete-decorazioni-stickers-murali-soggiorno-asilo-nido-camera-letto-per-bambini-decalcomanie\\\/\",\"name\":\"DECOWALL DW-2001 Aquarell tropischer Fisch Wandtattoo Wandsticker Wandaufkleber Wanddeko f\u00fcr Wohnzimmer Schlafzimmer\u2026 - Markt-XXL\",\"isPartOf\":{\"@id\":\"https:\\\/\\\/marktxxl.de\\\/markt\\\/#website\"},\"primaryImageOfPage\":{\"@id\":\"https:\\\/\\\/marktxxl.de\\\/markt\\\/produkt\\\/decowall-dw-2001-pesci-tropicali-dellacquerello-adesivi-da-parete-decorazioni-stickers-murali-soggiorno-asilo-nido-camera-letto-per-bambini-decalcomanie\\\/#primaryimage\"},\"image\":{\"@id\":\"https:\\\/\\\/marktxxl.de\\\/markt\\\/produkt\\\/decowall-dw-2001-pesci-tropicali-dellacquerello-adesivi-da-parete-decorazioni-stickers-murali-soggiorno-asilo-nido-camera-letto-per-bambini-decalcomanie\\\/#primaryimage\"},\"thumbnailUrl\":\"https:\\\/\\\/m.media-amazon.com\\\/images\\\/I\\\/51At4fH0JDS._SL500_.jpg\",\"datePublished\":\"2021-09-12T19:13:47+00:00\",\"dateModified\":\"2023-04-10T23:33:40+00:00\",\"description\":\"Markt-XXL DECOWALL DW-2001 Aquarell tropischer Fisch Wandtattoo Wandsticker Wandaufkleber Wanddeko f\u00fcr Wohnzimmer Schlafzimmer\u2026\",\"breadcrumb\":{\"@id\":\"https:\\\/\\\/marktxxl.de\\\/markt\\\/produkt\\\/decowall-dw-2001-pesci-tropicali-dellacquerello-adesivi-da-parete-decorazioni-stickers-murali-soggiorno-asilo-nido-camera-letto-per-bambini-decalcomanie\\\/#breadcrumb\"},\"inLanguage\":\"de\",\"potentialAction\":[{\"@type\":\"ReadAction\",\"target\":[\"https:\\\/\\\/marktxxl.de\\\/markt\\\/produkt\\\/decowall-dw-2001-pesci-tropicali-dellacquerello-adesivi-da-parete-decorazioni-stickers-murali-soggiorno-asilo-nido-camera-letto-per-bambini-decalcomanie\\\/\"]}]},{\"@type\":\"ImageObject\",\"inLanguage\":\"de\",\"@id\":\"https:\\\/\\\/marktxxl.de\\\/markt\\\/produkt\\\/decowall-dw-2001-pesci-tropicali-dellacquerello-adesivi-da-parete-decorazioni-stickers-murali-soggiorno-asilo-nido-camera-letto-per-bambini-decalcomanie\\\/#primaryimage\",\"url\":\"https:\\\/\\\/m.media-amazon.com\\\/images\\\/I\\\/51At4fH0JDS._SL500_.jpg\",\"contentUrl\":\"https:\\\/\\\/m.media-amazon.com\\\/images\\\/I\\\/51At4fH0JDS._SL500_.jpg\",\"width\":500,\"height\":500},{\"@type\":\"BreadcrumbList\",\"@id\":\"https:\\\/\\\/marktxxl.de\\\/markt\\\/produkt\\\/decowall-dw-2001-pesci-tropicali-dellacquerello-adesivi-da-parete-decorazioni-stickers-murali-soggiorno-asilo-nido-camera-letto-per-bambini-decalcomanie\\\/#breadcrumb\",\"itemListElement\":[{\"@type\":\"ListItem\",\"position\":1,\"name\":\"Startseite\",\"item\":\"https:\\\/\\\/marktxxl.de\\\/markt\\\/\"},{\"@type\":\"ListItem\",\"position\":2,\"name\":\"Markt\",\"item\":\"https:\\\/\\\/marktxxl.de\\\/markt\\\/\"},{\"@type\":\"ListItem\",\"position\":3,\"name\":\"DECOWALL DW-2001 Aquarell tropischer Fisch Wandtattoo Wandsticker Wandaufkleber Wanddeko f\u00fcr Wohnzimmer Schlafzimmer\u2026\"}]},{\"@type\":\"WebSite\",\"@id\":\"https:\\\/\\\/marktxxl.de\\\/markt\\\/#website\",\"url\":\"https:\\\/\\\/marktxxl.de\\\/markt\\\/\",\"name\":\"Markt-XXL\",\"description\":\"Ihr Markt Online\",\"publisher\":{\"@id\":\"https:\\\/\\\/marktxxl.de\\\/markt\\\/#organization\"},\"potentialAction\":[{\"@type\":\"SearchAction\",\"target\":{\"@type\":\"EntryPoint\",\"urlTemplate\":\"https:\\\/\\\/marktxxl.de\\\/markt\\\/?s={search_term_string}\"},\"query-input\":{\"@type\":\"PropertyValueSpecification\",\"valueRequired\":true,\"valueName\":\"search_term_string\"}}],\"inLanguage\":\"de\"},{\"@type\":\"Organization\",\"@id\":\"https:\\\/\\\/marktxxl.de\\\/markt\\\/#organization\",\"name\":\"Markt-XXL\",\"url\":\"https:\\\/\\\/marktxxl.de\\\/markt\\\/\",\"logo\":{\"@type\":\"ImageObject\",\"inLanguage\":\"de\",\"@id\":\"https:\\\/\\\/marktxxl.de\\\/markt\\\/#\\\/schema\\\/logo\\\/image\\\/\",\"url\":\"https:\\\/\\\/marktxxl.de\\\/markt\\\/wp-content\\\/uploads\\\/sites\\\/3\\\/2020\\\/12\\\/logo.png\",\"contentUrl\":\"https:\\\/\\\/marktxxl.de\\\/markt\\\/wp-content\\\/uploads\\\/sites\\\/3\\\/2020\\\/12\\\/logo.png\",\"width\":200,\"height\":70,\"caption\":\"Markt-XXL\"},\"image\":{\"@id\":\"https:\\\/\\\/marktxxl.de\\\/markt\\\/#\\\/schema\\\/logo\\\/image\\\/\"}}]}<\/script>\n<!-- \/ Yoast SEO plugin. -->","yoast_head_json":{"title":"DECOWALL DW-2001 Aquarell tropischer Fisch Wandtattoo Wandsticker Wandaufkleber Wanddeko f\u00fcr Wohnzimmer Schlafzimmer\u2026 - Markt-XXL","description":"Markt-XXL DECOWALL DW-2001 Aquarell tropischer Fisch Wandtattoo Wandsticker Wandaufkleber Wanddeko f\u00fcr Wohnzimmer Schlafzimmer\u2026","robots":{"index":"index","follow":"follow","max-snippet":"max-snippet:-1","max-image-preview":"max-image-preview:large","max-video-preview":"max-video-preview:-1"},"canonical":"https:\/\/marktxxl.de\/markt\/produkt\/decowall-dw-2001-pesci-tropicali-dellacquerello-adesivi-da-parete-decorazioni-stickers-murali-soggiorno-asilo-nido-camera-letto-per-bambini-decalcomanie\/","og_locale":"de_DE","og_type":"article","og_title":"DECOWALL DW-2001 Aquarell tropischer Fisch Wandtattoo Wandsticker Wandaufkleber Wanddeko f\u00fcr Wohnzimmer Schlafzimmer\u2026 - Markt-XXL","og_description":"Markt-XXL DECOWALL DW-2001 Aquarell tropischer Fisch Wandtattoo Wandsticker Wandaufkleber Wanddeko f\u00fcr Wohnzimmer Schlafzimmer\u2026","og_url":"https:\/\/marktxxl.de\/markt\/produkt\/decowall-dw-2001-pesci-tropicali-dellacquerello-adesivi-da-parete-decorazioni-stickers-murali-soggiorno-asilo-nido-camera-letto-per-bambini-decalcomanie\/","og_site_name":"Markt-XXL","article_modified_time":"2023-04-10T23:33:40+00:00","og_image":[{"width":500,"height":500,"url":"https:\/\/m.media-amazon.com\/images\/I\/51At4fH0JDS._SL500_.jpg","type":"image\/jpeg"}],"twitter_card":"summary_large_image","twitter_misc":{"Gesch\u00e4tzte Lesezeit":"1\u00a0Minute"},"schema":{"@context":"https:\/\/schema.org","@graph":[{"@type":"WebPage","@id":"https:\/\/marktxxl.de\/markt\/produkt\/decowall-dw-2001-pesci-tropicali-dellacquerello-adesivi-da-parete-decorazioni-stickers-murali-soggiorno-asilo-nido-camera-letto-per-bambini-decalcomanie\/","url":"https:\/\/marktxxl.de\/markt\/produkt\/decowall-dw-2001-pesci-tropicali-dellacquerello-adesivi-da-parete-decorazioni-stickers-murali-soggiorno-asilo-nido-camera-letto-per-bambini-decalcomanie\/","name":"DECOWALL DW-2001 Aquarell tropischer Fisch Wandtattoo Wandsticker Wandaufkleber Wanddeko f\u00fcr Wohnzimmer Schlafzimmer\u2026 - Markt-XXL","isPartOf":{"@id":"https:\/\/marktxxl.de\/markt\/#website"},"primaryImageOfPage":{"@id":"https:\/\/marktxxl.de\/markt\/produkt\/decowall-dw-2001-pesci-tropicali-dellacquerello-adesivi-da-parete-decorazioni-stickers-murali-soggiorno-asilo-nido-camera-letto-per-bambini-decalcomanie\/#primaryimage"},"image":{"@id":"https:\/\/marktxxl.de\/markt\/produkt\/decowall-dw-2001-pesci-tropicali-dellacquerello-adesivi-da-parete-decorazioni-stickers-murali-soggiorno-asilo-nido-camera-letto-per-bambini-decalcomanie\/#primaryimage"},"thumbnailUrl":"https:\/\/m.media-amazon.com\/images\/I\/51At4fH0JDS._SL500_.jpg","datePublished":"2021-09-12T19:13:47+00:00","dateModified":"2023-04-10T23:33:40+00:00","description":"Markt-XXL DECOWALL DW-2001 Aquarell tropischer Fisch Wandtattoo Wandsticker Wandaufkleber Wanddeko f\u00fcr Wohnzimmer Schlafzimmer\u2026","breadcrumb":{"@id":"https:\/\/marktxxl.de\/markt\/produkt\/decowall-dw-2001-pesci-tropicali-dellacquerello-adesivi-da-parete-decorazioni-stickers-murali-soggiorno-asilo-nido-camera-letto-per-bambini-decalcomanie\/#breadcrumb"},"inLanguage":"de","potentialAction":[{"@type":"ReadAction","target":["https:\/\/marktxxl.de\/markt\/produkt\/decowall-dw-2001-pesci-tropicali-dellacquerello-adesivi-da-parete-decorazioni-stickers-murali-soggiorno-asilo-nido-camera-letto-per-bambini-decalcomanie\/"]}]},{"@type":"ImageObject","inLanguage":"de","@id":"https:\/\/marktxxl.de\/markt\/produkt\/decowall-dw-2001-pesci-tropicali-dellacquerello-adesivi-da-parete-decorazioni-stickers-murali-soggiorno-asilo-nido-camera-letto-per-bambini-decalcomanie\/#primaryimage","url":"https:\/\/m.media-amazon.com\/images\/I\/51At4fH0JDS._SL500_.jpg","contentUrl":"https:\/\/m.media-amazon.com\/images\/I\/51At4fH0JDS._SL500_.jpg","width":500,"height":500},{"@type":"BreadcrumbList","@id":"https:\/\/marktxxl.de\/markt\/produkt\/decowall-dw-2001-pesci-tropicali-dellacquerello-adesivi-da-parete-decorazioni-stickers-murali-soggiorno-asilo-nido-camera-letto-per-bambini-decalcomanie\/#breadcrumb","itemListElement":[{"@type":"ListItem","position":1,"name":"Startseite","item":"https:\/\/marktxxl.de\/markt\/"},{"@type":"ListItem","position":2,"name":"Markt","item":"https:\/\/marktxxl.de\/markt\/"},{"@type":"ListItem","position":3,"name":"DECOWALL DW-2001 Aquarell tropischer Fisch Wandtattoo Wandsticker Wandaufkleber Wanddeko f\u00fcr Wohnzimmer Schlafzimmer\u2026"}]},{"@type":"WebSite","@id":"https:\/\/marktxxl.de\/markt\/#website","url":"https:\/\/marktxxl.de\/markt\/","name":"Markt-XXL","description":"Ihr Markt Online","publisher":{"@id":"https:\/\/marktxxl.de\/markt\/#organization"},"potentialAction":[{"@type":"SearchAction","target":{"@type":"EntryPoint","urlTemplate":"https:\/\/marktxxl.de\/markt\/?s={search_term_string}"},"query-input":{"@type":"PropertyValueSpecification","valueRequired":true,"valueName":"search_term_string"}}],"inLanguage":"de"},{"@type":"Organization","@id":"https:\/\/marktxxl.de\/markt\/#organization","name":"Markt-XXL","url":"https:\/\/marktxxl.de\/markt\/","logo":{"@type":"ImageObject","inLanguage":"de","@id":"https:\/\/marktxxl.de\/markt\/#\/schema\/logo\/image\/","url":"https:\/\/marktxxl.de\/markt\/wp-content\/uploads\/sites\/3\/2020\/12\/logo.png","contentUrl":"https:\/\/marktxxl.de\/markt\/wp-content\/uploads\/sites\/3\/2020\/12\/logo.png","width":200,"height":70,"caption":"Markt-XXL"},"image":{"@id":"https:\/\/marktxxl.de\/markt\/#\/schema\/logo\/image\/"}}]}},"_links":{"self":[{"href":"https:\/\/marktxxl.de\/markt\/wp-json\/wp\/v2\/product\/26207","targetHints":{"allow":["GET"]}}],"collection":[{"href":"https:\/\/marktxxl.de\/markt\/wp-json\/wp\/v2\/product"}],"about":[{"href":"https:\/\/marktxxl.de\/markt\/wp-json\/wp\/v2\/types\/product"}],"replies":[{"embeddable":true,"href":"https:\/\/marktxxl.de\/markt\/wp-json\/wp\/v2\/comments?post=26207"}],"wp:featuredmedia":[{"embeddable":true,"href":"https:\/\/marktxxl.de\/markt\/wp-json\/wp\/v2\/media\/26208"}],"wp:attachment":[{"href":"https:\/\/marktxxl.de\/markt\/wp-json\/wp\/v2\/media?parent=26207"}],"wp:term":[{"taxonomy":"product_brand","embeddable":true,"href":"https:\/\/marktxxl.de\/markt\/wp-json\/wp\/v2\/product_brand?post=26207"},{"taxonomy":"product_cat","embeddable":true,"href":"https:\/\/marktxxl.de\/markt\/wp-json\/wp\/v2\/product_cat?post=26207"},{"taxonomy":"product_tag","embeddable":true,"href":"https:\/\/marktxxl.de\/markt\/wp-json\/wp\/v2\/product_tag?post=26207"}],"curies":[{"name":"wp","href":"https:\/\/api.w.org\/{rel}","templated":true}]}}