{"id":26052,"date":"2021-09-12T21:12:28","date_gmt":"2021-09-12T19:12:28","guid":{"rendered":"https:\/\/marktxxl.de\/markt\/produkt\/babyaufkleber-mit-name-wunschtext-motiv-146-16-cm-20-farben-und-11-schriftarten-waehlbar\/"},"modified":"2023-04-11T01:33:37","modified_gmt":"2023-04-10T23:33:37","slug":"babyaufkleber-mit-name-wunschtext-motiv-146-16-cm-20-farben-und-11-schriftarten-waehlbar","status":"publish","type":"product","link":"https:\/\/marktxxl.de\/markt\/produkt\/babyaufkleber-mit-name-wunschtext-motiv-146-16-cm-20-farben-und-11-schriftarten-waehlbar\/","title":{"rendered":"SUATK mit Name\/Wunschtext &#8211; Motiv 146 (16 cm) L"},"content":{"rendered":"<p>Individuell f\u00fcr Sie angefertigter Baby-Aufkleber f\u00fcrs Auto in 16 cm Gr\u00f6\u00dfe mit Babyname\/Wunschtext<br \/>\nSie erhalten innerhalb eines Werktages nach dem Kauf eine E-Mail mit einem Link, \u00fcber den Sie Ihre Wunschdaten (Name, Farbe, Schriftart) eingeben k\u00f6nnen.<br \/>\nSchauen Sie einen Werktag nach dem Kauf in Ihr E-Mail-Postfach (evtl. auch im Junk\/Spam-Ordner) oder hier auf Amazon in Ihre Nachrichten (Mein Konto\/Message Center)<br \/>\nErhalten wir keine Angaben zu Farbe und\/oder Schriftart, erhalten Sie den Aufkleber in wei\u00df mit Schriftart 1 zum Aufkleben von au\u00dfen.<br \/>\n11 Schriftarten und 20 Farben zur Auswahl (\u00fcber unseren Link, s.o.), Babyname\/Wunschtext steht unter dem Motiv<br \/>\n<div class=\"main-cross-sell\" data-asin=\"B001R064QG\">\n\n\t<div class=\"WooZone-cross-sell-loader\">\n\t\t<div>\n\t\t\t<div id=\"floatingBarsG\">\n\t\t\t\t<div class=\"blockG\" id=\"rotateG_01\"><\/div>\n\t\t\t\t<div class=\"blockG\" id=\"rotateG_02\"><\/div>\n\t\t\t\t<div class=\"blockG\" id=\"rotateG_03\"><\/div>\n\t\t\t\t<div class=\"blockG\" id=\"rotateG_04\"><\/div>\n\t\t\t\t<div class=\"blockG\" id=\"rotateG_05\"><\/div>\n\t\t\t\t<div class=\"blockG\" id=\"rotateG_06\"><\/div>\n\t\t\t\t<div class=\"blockG\" id=\"rotateG_07\"><\/div>\n\t\t\t\t<div class=\"blockG\" id=\"rotateG_08\"><\/div>\n\t\t\t<\/div>\n\t\t\t<div class=\"WooZone-cross-sell-loader-text\"><\/div>\n\t\t<\/div>\n\t<\/div>\n\n\t\t\n<\/div>\n<div style=\"clear:both;\"><\/div><\/p>\n","protected":false},"excerpt":{"rendered":"<p>Individuell f\u00fcr Sie angefertigter Baby-Aufkleber f\u00fcrs Auto in 16 cm Gr\u00f6\u00dfe mit Babyname\/Wunschtext<br \/>\nSie erhalten innerhalb eines Werktages nach dem Kauf eine E-Mail mit einem Link, \u00fcber den Sie Ihre Wunschdaten (Name, Farbe, Schriftart) eingeben k\u00f6nnen.<br \/>\nSchauen Sie einen Werktag nach dem Kauf in Ihr E-Mail-Postfach (evtl. auch im Junk\/Spam-Ordner) oder hier auf Amazon in Ihre Nachrichten (Mein Konto\/Message Center)<\/p>\n","protected":false},"featured_media":26053,"comment_status":"open","ping_status":"closed","template":"","meta":[],"product_brand":[],"product_cat":[8765,21],"product_tag":[],"class_list":{"0":"post-26052","1":"product","2":"type-product","3":"status-publish","4":"has-post-thumbnail","6":"product_cat-autositze-zubehoer-baby","7":"product_cat-baby","8":"pa_binding-babyartikel","9":"pa_brand-my-baby-shop","10":"pa_manufacturer-my-baby-shop","11":"pa_size-1-stueck-1er-pack","13":"first","14":"instock","15":"shipping-taxable","16":"purchasable","17":"product-type-simple","18":"customify-col","19":"product-has-gallery"},"yoast_head":"<!-- This site is optimized with the Yoast SEO plugin v27.3 - https:\/\/yoast.com\/product\/yoast-seo-wordpress\/ -->\n<title>SUATK mit Name\/Wunschtext - Motiv 146 (16 cm) L - Markt-XXL<\/title>\n<meta name=\"description\" content=\"Markt-XXL SUATK mit Name\/Wunschtext - Motiv 146 (16 cm) L\" \/>\n<meta name=\"robots\" content=\"index, follow, max-snippet:-1, max-image-preview:large, max-video-preview:-1\" \/>\n<link rel=\"canonical\" href=\"https:\/\/marktxxl.de\/markt\/produkt\/babyaufkleber-mit-name-wunschtext-motiv-146-16-cm-20-farben-und-11-schriftarten-waehlbar\/\" \/>\n<meta property=\"og:locale\" content=\"de_DE\" \/>\n<meta property=\"og:type\" content=\"article\" \/>\n<meta property=\"og:title\" content=\"SUATK mit Name\/Wunschtext - Motiv 146 (16 cm) L - Markt-XXL\" \/>\n<meta property=\"og:description\" content=\"Markt-XXL SUATK mit Name\/Wunschtext - Motiv 146 (16 cm) L\" \/>\n<meta property=\"og:url\" content=\"https:\/\/marktxxl.de\/markt\/produkt\/babyaufkleber-mit-name-wunschtext-motiv-146-16-cm-20-farben-und-11-schriftarten-waehlbar\/\" \/>\n<meta property=\"og:site_name\" content=\"Markt-XXL\" \/>\n<meta property=\"article:modified_time\" content=\"2023-04-10T23:33:37+00:00\" \/>\n<meta property=\"og:image\" content=\"https:\/\/m.media-amazon.com\/images\/I\/31gmzjbuuqL._SL500_.jpg\" \/>\n\t<meta property=\"og:image:width\" content=\"148\" \/>\n\t<meta property=\"og:image:height\" content=\"148\" \/>\n\t<meta property=\"og:image:type\" content=\"image\/jpeg\" \/>\n<meta name=\"twitter:card\" content=\"summary_large_image\" \/>\n<meta name=\"twitter:label1\" content=\"Gesch\u00e4tzte Lesezeit\" \/>\n\t<meta name=\"twitter:data1\" content=\"1\u00a0Minute\" \/>\n<script type=\"application\/ld+json\" class=\"yoast-schema-graph\">{\"@context\":\"https:\\\/\\\/schema.org\",\"@graph\":[{\"@type\":\"WebPage\",\"@id\":\"https:\\\/\\\/marktxxl.de\\\/markt\\\/produkt\\\/babyaufkleber-mit-name-wunschtext-motiv-146-16-cm-20-farben-und-11-schriftarten-waehlbar\\\/\",\"url\":\"https:\\\/\\\/marktxxl.de\\\/markt\\\/produkt\\\/babyaufkleber-mit-name-wunschtext-motiv-146-16-cm-20-farben-und-11-schriftarten-waehlbar\\\/\",\"name\":\"SUATK mit Name\\\/Wunschtext - Motiv 146 (16 cm) L - Markt-XXL\",\"isPartOf\":{\"@id\":\"https:\\\/\\\/marktxxl.de\\\/markt\\\/#website\"},\"primaryImageOfPage\":{\"@id\":\"https:\\\/\\\/marktxxl.de\\\/markt\\\/produkt\\\/babyaufkleber-mit-name-wunschtext-motiv-146-16-cm-20-farben-und-11-schriftarten-waehlbar\\\/#primaryimage\"},\"image\":{\"@id\":\"https:\\\/\\\/marktxxl.de\\\/markt\\\/produkt\\\/babyaufkleber-mit-name-wunschtext-motiv-146-16-cm-20-farben-und-11-schriftarten-waehlbar\\\/#primaryimage\"},\"thumbnailUrl\":\"https:\\\/\\\/m.media-amazon.com\\\/images\\\/I\\\/31gmzjbuuqL._SL500_.jpg\",\"datePublished\":\"2021-09-12T19:12:28+00:00\",\"dateModified\":\"2023-04-10T23:33:37+00:00\",\"description\":\"Markt-XXL SUATK mit Name\\\/Wunschtext - Motiv 146 (16 cm) L\",\"breadcrumb\":{\"@id\":\"https:\\\/\\\/marktxxl.de\\\/markt\\\/produkt\\\/babyaufkleber-mit-name-wunschtext-motiv-146-16-cm-20-farben-und-11-schriftarten-waehlbar\\\/#breadcrumb\"},\"inLanguage\":\"de\",\"potentialAction\":[{\"@type\":\"ReadAction\",\"target\":[\"https:\\\/\\\/marktxxl.de\\\/markt\\\/produkt\\\/babyaufkleber-mit-name-wunschtext-motiv-146-16-cm-20-farben-und-11-schriftarten-waehlbar\\\/\"]}]},{\"@type\":\"ImageObject\",\"inLanguage\":\"de\",\"@id\":\"https:\\\/\\\/marktxxl.de\\\/markt\\\/produkt\\\/babyaufkleber-mit-name-wunschtext-motiv-146-16-cm-20-farben-und-11-schriftarten-waehlbar\\\/#primaryimage\",\"url\":\"https:\\\/\\\/m.media-amazon.com\\\/images\\\/I\\\/31gmzjbuuqL._SL500_.jpg\",\"contentUrl\":\"https:\\\/\\\/m.media-amazon.com\\\/images\\\/I\\\/31gmzjbuuqL._SL500_.jpg\",\"width\":148,\"height\":148},{\"@type\":\"BreadcrumbList\",\"@id\":\"https:\\\/\\\/marktxxl.de\\\/markt\\\/produkt\\\/babyaufkleber-mit-name-wunschtext-motiv-146-16-cm-20-farben-und-11-schriftarten-waehlbar\\\/#breadcrumb\",\"itemListElement\":[{\"@type\":\"ListItem\",\"position\":1,\"name\":\"Startseite\",\"item\":\"https:\\\/\\\/marktxxl.de\\\/markt\\\/\"},{\"@type\":\"ListItem\",\"position\":2,\"name\":\"Markt\",\"item\":\"https:\\\/\\\/marktxxl.de\\\/markt\\\/\"},{\"@type\":\"ListItem\",\"position\":3,\"name\":\"SUATK mit Name\\\/Wunschtext &#8211; Motiv 146 (16 cm) L\"}]},{\"@type\":\"WebSite\",\"@id\":\"https:\\\/\\\/marktxxl.de\\\/markt\\\/#website\",\"url\":\"https:\\\/\\\/marktxxl.de\\\/markt\\\/\",\"name\":\"Markt-XXL\",\"description\":\"Ihr Markt Online\",\"publisher\":{\"@id\":\"https:\\\/\\\/marktxxl.de\\\/markt\\\/#organization\"},\"potentialAction\":[{\"@type\":\"SearchAction\",\"target\":{\"@type\":\"EntryPoint\",\"urlTemplate\":\"https:\\\/\\\/marktxxl.de\\\/markt\\\/?s={search_term_string}\"},\"query-input\":{\"@type\":\"PropertyValueSpecification\",\"valueRequired\":true,\"valueName\":\"search_term_string\"}}],\"inLanguage\":\"de\"},{\"@type\":\"Organization\",\"@id\":\"https:\\\/\\\/marktxxl.de\\\/markt\\\/#organization\",\"name\":\"Markt-XXL\",\"url\":\"https:\\\/\\\/marktxxl.de\\\/markt\\\/\",\"logo\":{\"@type\":\"ImageObject\",\"inLanguage\":\"de\",\"@id\":\"https:\\\/\\\/marktxxl.de\\\/markt\\\/#\\\/schema\\\/logo\\\/image\\\/\",\"url\":\"https:\\\/\\\/marktxxl.de\\\/markt\\\/wp-content\\\/uploads\\\/sites\\\/3\\\/2020\\\/12\\\/logo.png\",\"contentUrl\":\"https:\\\/\\\/marktxxl.de\\\/markt\\\/wp-content\\\/uploads\\\/sites\\\/3\\\/2020\\\/12\\\/logo.png\",\"width\":200,\"height\":70,\"caption\":\"Markt-XXL\"},\"image\":{\"@id\":\"https:\\\/\\\/marktxxl.de\\\/markt\\\/#\\\/schema\\\/logo\\\/image\\\/\"}}]}<\/script>\n<!-- \/ Yoast SEO plugin. -->","yoast_head_json":{"title":"SUATK mit Name\/Wunschtext - Motiv 146 (16 cm) L - Markt-XXL","description":"Markt-XXL SUATK mit Name\/Wunschtext - Motiv 146 (16 cm) L","robots":{"index":"index","follow":"follow","max-snippet":"max-snippet:-1","max-image-preview":"max-image-preview:large","max-video-preview":"max-video-preview:-1"},"canonical":"https:\/\/marktxxl.de\/markt\/produkt\/babyaufkleber-mit-name-wunschtext-motiv-146-16-cm-20-farben-und-11-schriftarten-waehlbar\/","og_locale":"de_DE","og_type":"article","og_title":"SUATK mit Name\/Wunschtext - Motiv 146 (16 cm) L - Markt-XXL","og_description":"Markt-XXL SUATK mit Name\/Wunschtext - Motiv 146 (16 cm) L","og_url":"https:\/\/marktxxl.de\/markt\/produkt\/babyaufkleber-mit-name-wunschtext-motiv-146-16-cm-20-farben-und-11-schriftarten-waehlbar\/","og_site_name":"Markt-XXL","article_modified_time":"2023-04-10T23:33:37+00:00","og_image":[{"width":148,"height":148,"url":"https:\/\/m.media-amazon.com\/images\/I\/31gmzjbuuqL._SL500_.jpg","type":"image\/jpeg"}],"twitter_card":"summary_large_image","twitter_misc":{"Gesch\u00e4tzte Lesezeit":"1\u00a0Minute"},"schema":{"@context":"https:\/\/schema.org","@graph":[{"@type":"WebPage","@id":"https:\/\/marktxxl.de\/markt\/produkt\/babyaufkleber-mit-name-wunschtext-motiv-146-16-cm-20-farben-und-11-schriftarten-waehlbar\/","url":"https:\/\/marktxxl.de\/markt\/produkt\/babyaufkleber-mit-name-wunschtext-motiv-146-16-cm-20-farben-und-11-schriftarten-waehlbar\/","name":"SUATK mit Name\/Wunschtext - Motiv 146 (16 cm) L - Markt-XXL","isPartOf":{"@id":"https:\/\/marktxxl.de\/markt\/#website"},"primaryImageOfPage":{"@id":"https:\/\/marktxxl.de\/markt\/produkt\/babyaufkleber-mit-name-wunschtext-motiv-146-16-cm-20-farben-und-11-schriftarten-waehlbar\/#primaryimage"},"image":{"@id":"https:\/\/marktxxl.de\/markt\/produkt\/babyaufkleber-mit-name-wunschtext-motiv-146-16-cm-20-farben-und-11-schriftarten-waehlbar\/#primaryimage"},"thumbnailUrl":"https:\/\/m.media-amazon.com\/images\/I\/31gmzjbuuqL._SL500_.jpg","datePublished":"2021-09-12T19:12:28+00:00","dateModified":"2023-04-10T23:33:37+00:00","description":"Markt-XXL SUATK mit Name\/Wunschtext - Motiv 146 (16 cm) L","breadcrumb":{"@id":"https:\/\/marktxxl.de\/markt\/produkt\/babyaufkleber-mit-name-wunschtext-motiv-146-16-cm-20-farben-und-11-schriftarten-waehlbar\/#breadcrumb"},"inLanguage":"de","potentialAction":[{"@type":"ReadAction","target":["https:\/\/marktxxl.de\/markt\/produkt\/babyaufkleber-mit-name-wunschtext-motiv-146-16-cm-20-farben-und-11-schriftarten-waehlbar\/"]}]},{"@type":"ImageObject","inLanguage":"de","@id":"https:\/\/marktxxl.de\/markt\/produkt\/babyaufkleber-mit-name-wunschtext-motiv-146-16-cm-20-farben-und-11-schriftarten-waehlbar\/#primaryimage","url":"https:\/\/m.media-amazon.com\/images\/I\/31gmzjbuuqL._SL500_.jpg","contentUrl":"https:\/\/m.media-amazon.com\/images\/I\/31gmzjbuuqL._SL500_.jpg","width":148,"height":148},{"@type":"BreadcrumbList","@id":"https:\/\/marktxxl.de\/markt\/produkt\/babyaufkleber-mit-name-wunschtext-motiv-146-16-cm-20-farben-und-11-schriftarten-waehlbar\/#breadcrumb","itemListElement":[{"@type":"ListItem","position":1,"name":"Startseite","item":"https:\/\/marktxxl.de\/markt\/"},{"@type":"ListItem","position":2,"name":"Markt","item":"https:\/\/marktxxl.de\/markt\/"},{"@type":"ListItem","position":3,"name":"SUATK mit Name\/Wunschtext &#8211; Motiv 146 (16 cm) L"}]},{"@type":"WebSite","@id":"https:\/\/marktxxl.de\/markt\/#website","url":"https:\/\/marktxxl.de\/markt\/","name":"Markt-XXL","description":"Ihr Markt Online","publisher":{"@id":"https:\/\/marktxxl.de\/markt\/#organization"},"potentialAction":[{"@type":"SearchAction","target":{"@type":"EntryPoint","urlTemplate":"https:\/\/marktxxl.de\/markt\/?s={search_term_string}"},"query-input":{"@type":"PropertyValueSpecification","valueRequired":true,"valueName":"search_term_string"}}],"inLanguage":"de"},{"@type":"Organization","@id":"https:\/\/marktxxl.de\/markt\/#organization","name":"Markt-XXL","url":"https:\/\/marktxxl.de\/markt\/","logo":{"@type":"ImageObject","inLanguage":"de","@id":"https:\/\/marktxxl.de\/markt\/#\/schema\/logo\/image\/","url":"https:\/\/marktxxl.de\/markt\/wp-content\/uploads\/sites\/3\/2020\/12\/logo.png","contentUrl":"https:\/\/marktxxl.de\/markt\/wp-content\/uploads\/sites\/3\/2020\/12\/logo.png","width":200,"height":70,"caption":"Markt-XXL"},"image":{"@id":"https:\/\/marktxxl.de\/markt\/#\/schema\/logo\/image\/"}}]}},"_links":{"self":[{"href":"https:\/\/marktxxl.de\/markt\/wp-json\/wp\/v2\/product\/26052","targetHints":{"allow":["GET"]}}],"collection":[{"href":"https:\/\/marktxxl.de\/markt\/wp-json\/wp\/v2\/product"}],"about":[{"href":"https:\/\/marktxxl.de\/markt\/wp-json\/wp\/v2\/types\/product"}],"replies":[{"embeddable":true,"href":"https:\/\/marktxxl.de\/markt\/wp-json\/wp\/v2\/comments?post=26052"}],"wp:featuredmedia":[{"embeddable":true,"href":"https:\/\/marktxxl.de\/markt\/wp-json\/wp\/v2\/media\/26053"}],"wp:attachment":[{"href":"https:\/\/marktxxl.de\/markt\/wp-json\/wp\/v2\/media?parent=26052"}],"wp:term":[{"taxonomy":"product_brand","embeddable":true,"href":"https:\/\/marktxxl.de\/markt\/wp-json\/wp\/v2\/product_brand?post=26052"},{"taxonomy":"product_cat","embeddable":true,"href":"https:\/\/marktxxl.de\/markt\/wp-json\/wp\/v2\/product_cat?post=26052"},{"taxonomy":"product_tag","embeddable":true,"href":"https:\/\/marktxxl.de\/markt\/wp-json\/wp\/v2\/product_tag?post=26052"}],"curies":[{"name":"wp","href":"https:\/\/api.w.org\/{rel}","templated":true}]}}