{"id":25983,"date":"2021-09-12T21:12:14","date_gmt":"2021-09-12T19:12:14","guid":{"rendered":"https:\/\/marktxxl.de\/markt\/produkt\/autositzschoner-kindersitz-autositzauflage-kindersitzunterlage-rutschfeste-unterlage-isofix-passende-autositzschoner-wasserdicht-600d-pvc-leder-schutzunterlage-fuer-universale-autos-snawowo\/"},"modified":"2023-04-11T01:33:36","modified_gmt":"2023-04-10T23:33:36","slug":"autositzschoner-kindersitz-autositzauflage-kindersitzunterlage-rutschfeste-unterlage-isofix-passende-autositzschoner-wasserdicht-600d-pvc-leder-schutzunterlage-fuer-universale-autos-snawowo","status":"publish","type":"product","link":"https:\/\/marktxxl.de\/markt\/produkt\/autositzschoner-kindersitz-autositzauflage-kindersitzunterlage-rutschfeste-unterlage-isofix-passende-autositzschoner-wasserdicht-600d-pvc-leder-schutzunterlage-fuer-universale-autos-snawowo\/","title":{"rendered":"SNAWOWO Autositzschoner Kindersitz Autositzauflage Kindersitzunterlage rutschfeste Unterlage ISOFIX passende\u2026"},"content":{"rendered":"<p>Vollst\u00e4ndiger Schutz f\u00fcr den Autositz: Der Schutzauflage mit dickem Polster kann wegen des Kinderautositzes oder der Haustiere den Autositz vor Eindr\u00fccken, Kratzern, Versch\u00fctten und Schmutz sowie Flecken sch\u00fctzen. Der Autositzschoner Leder ist passend wie ein Sitzbezug f\u00fcr Haustier zu verwenden.<br \/>\nRutschfestes Design-Den Kindern Sicherheit zu bieten: Dreifaches Sicherheitsdesign, um den Kindersitz fest zu halten: 1)Ein Anti-Rutsch Material auf der R\u00fcckseite 2)Eine Einstecklasche steht zur Verf\u00fcgung, um die Autositzunterlage an dem Autositz fest zu behalten.3)Haltbarer PVC Leder mit verst\u00e4rkten Ecken sch\u00fctzt davor, dass der Kindesitz w\u00e4hrend des Autofahren rutscht oder gleitet.<br \/>\nWasserabweisend und einfach zu reinigen: Die Autositzerh\u00f6hung stellt aus hochwertigem wasserdichtem 600D Oxford Gewebe her und l\u00e4sst sich leicht reinigen&#8211;Den Schmutz einfach mit eimen feuchten Tuch abzuwischen.<br \/>\nEinfach zu installieren:Der Fahrersitz Schonbezug sollte unter einem Kindersitz verwendet werden und er passt zu universalen Autos wie LKW, Vans und SUVs. Mit verstelltbarem Gurt l\u00e4sst er sich schnell an irgendeinem Auto einzusetzen,das an der Kopfst\u00fctze befestigt ist.<br \/>\nPassend zu allen Sitzen: Der Auto Sitzschoner hat zwei L\u00f6cher f\u00fcr ISOFIX. Die Schutzunterlage auf einzigartiges einteiliges Design passt allen Autos. Tiefe Seitenslots nimmt Anchor und Sicherheitsgurte auf.<br \/>\n<div class=\"main-cross-sell\" data-asin=\"B07DDBJ6K9\">\n\n\t<div class=\"WooZone-cross-sell-loader\">\n\t\t<div>\n\t\t\t<div id=\"floatingBarsG\">\n\t\t\t\t<div class=\"blockG\" id=\"rotateG_01\"><\/div>\n\t\t\t\t<div class=\"blockG\" id=\"rotateG_02\"><\/div>\n\t\t\t\t<div class=\"blockG\" id=\"rotateG_03\"><\/div>\n\t\t\t\t<div class=\"blockG\" id=\"rotateG_04\"><\/div>\n\t\t\t\t<div class=\"blockG\" id=\"rotateG_05\"><\/div>\n\t\t\t\t<div class=\"blockG\" id=\"rotateG_06\"><\/div>\n\t\t\t\t<div class=\"blockG\" id=\"rotateG_07\"><\/div>\n\t\t\t\t<div class=\"blockG\" id=\"rotateG_08\"><\/div>\n\t\t\t<\/div>\n\t\t\t<div class=\"WooZone-cross-sell-loader-text\"><\/div>\n\t\t<\/div>\n\t<\/div>\n\n\t\t\n<\/div>\n<div style=\"clear:both;\"><\/div><\/p>\n","protected":false},"excerpt":{"rendered":"<p>Vollst\u00e4ndiger Schutz f\u00fcr den Autositz: Der Schutzauflage mit dickem Polster kann wegen des Kinderautositzes oder der Haustiere den Autositz vor Eindr\u00fccken, Kratzern, Versch\u00fctten und Schmutz sowie Flecken sch\u00fctzen. Der Autositzschoner Leder ist passend wie ein Sitzbezug f\u00fcr Haustier zu verwenden.<br \/>\nRutschfestes Design-Den Kindern Sicherheit zu bieten: Dreifaches Sicherheitsdesign, um den Kindersitz fest zu halten: 1)Ein Anti-Rutsch Material auf der R\u00fcckseite 2)Eine Einstecklasche steht zur Verf\u00fcgung, um die Autositzunterlage an dem Autositz fest zu behalten.3)Haltbarer PVC Leder mit verst\u00e4rkten Ecken sch\u00fctzt davor, dass der Kindesitz w\u00e4hrend des Autofahren rutscht oder gleitet.<br \/>\nWasserabweisend und einfach zu reinigen: Die Autositzerh\u00f6hung stellt aus hochwertigem wasserdichtem 600D Oxford Gewebe her und l\u00e4sst sich leicht reinigen&#8211;Den Schmutz einfach mit eimen feuchten Tuch abzuwischen.<\/p>\n","protected":false},"featured_media":25984,"comment_status":"open","ping_status":"closed","template":"","meta":[],"product_brand":[],"product_cat":[8765,21],"product_tag":[],"class_list":{"0":"post-25983","1":"product","2":"type-product","3":"status-publish","4":"has-post-thumbnail","6":"product_cat-autositze-zubehoer-baby","7":"product_cat-baby","8":"pa_binding-babyartikel","9":"pa_brand-snawowo","10":"pa_manufacturer-snawowo","11":"pa_size-1-stueck-1er-pack","13":"first","14":"instock","15":"shipping-taxable","16":"purchasable","17":"product-type-simple","18":"customify-col","19":"product-has-gallery"},"yoast_head":"<!-- This site is optimized with the Yoast SEO plugin v27.3 - https:\/\/yoast.com\/product\/yoast-seo-wordpress\/ -->\n<title>SNAWOWO Autositzschoner Kindersitz Autositzauflage Kindersitzunterlage rutschfeste Unterlage ISOFIX passende\u2026 - Markt-XXL<\/title>\n<meta name=\"description\" content=\"Markt-XXL SNAWOWO Autositzschoner Kindersitz Autositzauflage Kindersitzunterlage rutschfeste Unterlage ISOFIX passende\u2026\" \/>\n<meta name=\"robots\" content=\"index, follow, max-snippet:-1, max-image-preview:large, max-video-preview:-1\" \/>\n<link rel=\"canonical\" href=\"https:\/\/marktxxl.de\/markt\/produkt\/autositzschoner-kindersitz-autositzauflage-kindersitzunterlage-rutschfeste-unterlage-isofix-passende-autositzschoner-wasserdicht-600d-pvc-leder-schutzunterlage-fuer-universale-autos-snawowo\/\" \/>\n<meta property=\"og:locale\" content=\"de_DE\" \/>\n<meta property=\"og:type\" content=\"article\" \/>\n<meta property=\"og:title\" content=\"SNAWOWO Autositzschoner Kindersitz Autositzauflage Kindersitzunterlage rutschfeste Unterlage ISOFIX passende\u2026 - Markt-XXL\" \/>\n<meta property=\"og:description\" content=\"Markt-XXL SNAWOWO Autositzschoner Kindersitz Autositzauflage Kindersitzunterlage rutschfeste Unterlage ISOFIX passende\u2026\" \/>\n<meta property=\"og:url\" content=\"https:\/\/marktxxl.de\/markt\/produkt\/autositzschoner-kindersitz-autositzauflage-kindersitzunterlage-rutschfeste-unterlage-isofix-passende-autositzschoner-wasserdicht-600d-pvc-leder-schutzunterlage-fuer-universale-autos-snawowo\/\" \/>\n<meta property=\"og:site_name\" content=\"Markt-XXL\" \/>\n<meta property=\"article:modified_time\" content=\"2023-04-10T23:33:36+00:00\" \/>\n<meta property=\"og:image\" content=\"https:\/\/m.media-amazon.com\/images\/I\/41cUvB5qrVL._SL500_.jpg\" \/>\n\t<meta property=\"og:image:width\" content=\"500\" \/>\n\t<meta property=\"og:image:height\" content=\"500\" \/>\n\t<meta property=\"og:image:type\" content=\"image\/jpeg\" \/>\n<meta name=\"twitter:card\" content=\"summary_large_image\" \/>\n<meta name=\"twitter:label1\" content=\"Gesch\u00e4tzte Lesezeit\" \/>\n\t<meta name=\"twitter:data1\" content=\"1\u00a0Minute\" \/>\n<script type=\"application\/ld+json\" class=\"yoast-schema-graph\">{\"@context\":\"https:\\\/\\\/schema.org\",\"@graph\":[{\"@type\":\"WebPage\",\"@id\":\"https:\\\/\\\/marktxxl.de\\\/markt\\\/produkt\\\/autositzschoner-kindersitz-autositzauflage-kindersitzunterlage-rutschfeste-unterlage-isofix-passende-autositzschoner-wasserdicht-600d-pvc-leder-schutzunterlage-fuer-universale-autos-snawowo\\\/\",\"url\":\"https:\\\/\\\/marktxxl.de\\\/markt\\\/produkt\\\/autositzschoner-kindersitz-autositzauflage-kindersitzunterlage-rutschfeste-unterlage-isofix-passende-autositzschoner-wasserdicht-600d-pvc-leder-schutzunterlage-fuer-universale-autos-snawowo\\\/\",\"name\":\"SNAWOWO Autositzschoner Kindersitz Autositzauflage Kindersitzunterlage rutschfeste Unterlage ISOFIX passende\u2026 - Markt-XXL\",\"isPartOf\":{\"@id\":\"https:\\\/\\\/marktxxl.de\\\/markt\\\/#website\"},\"primaryImageOfPage\":{\"@id\":\"https:\\\/\\\/marktxxl.de\\\/markt\\\/produkt\\\/autositzschoner-kindersitz-autositzauflage-kindersitzunterlage-rutschfeste-unterlage-isofix-passende-autositzschoner-wasserdicht-600d-pvc-leder-schutzunterlage-fuer-universale-autos-snawowo\\\/#primaryimage\"},\"image\":{\"@id\":\"https:\\\/\\\/marktxxl.de\\\/markt\\\/produkt\\\/autositzschoner-kindersitz-autositzauflage-kindersitzunterlage-rutschfeste-unterlage-isofix-passende-autositzschoner-wasserdicht-600d-pvc-leder-schutzunterlage-fuer-universale-autos-snawowo\\\/#primaryimage\"},\"thumbnailUrl\":\"https:\\\/\\\/m.media-amazon.com\\\/images\\\/I\\\/41cUvB5qrVL._SL500_.jpg\",\"datePublished\":\"2021-09-12T19:12:14+00:00\",\"dateModified\":\"2023-04-10T23:33:36+00:00\",\"description\":\"Markt-XXL SNAWOWO Autositzschoner Kindersitz Autositzauflage Kindersitzunterlage rutschfeste Unterlage ISOFIX passende\u2026\",\"breadcrumb\":{\"@id\":\"https:\\\/\\\/marktxxl.de\\\/markt\\\/produkt\\\/autositzschoner-kindersitz-autositzauflage-kindersitzunterlage-rutschfeste-unterlage-isofix-passende-autositzschoner-wasserdicht-600d-pvc-leder-schutzunterlage-fuer-universale-autos-snawowo\\\/#breadcrumb\"},\"inLanguage\":\"de\",\"potentialAction\":[{\"@type\":\"ReadAction\",\"target\":[\"https:\\\/\\\/marktxxl.de\\\/markt\\\/produkt\\\/autositzschoner-kindersitz-autositzauflage-kindersitzunterlage-rutschfeste-unterlage-isofix-passende-autositzschoner-wasserdicht-600d-pvc-leder-schutzunterlage-fuer-universale-autos-snawowo\\\/\"]}]},{\"@type\":\"ImageObject\",\"inLanguage\":\"de\",\"@id\":\"https:\\\/\\\/marktxxl.de\\\/markt\\\/produkt\\\/autositzschoner-kindersitz-autositzauflage-kindersitzunterlage-rutschfeste-unterlage-isofix-passende-autositzschoner-wasserdicht-600d-pvc-leder-schutzunterlage-fuer-universale-autos-snawowo\\\/#primaryimage\",\"url\":\"https:\\\/\\\/m.media-amazon.com\\\/images\\\/I\\\/41cUvB5qrVL._SL500_.jpg\",\"contentUrl\":\"https:\\\/\\\/m.media-amazon.com\\\/images\\\/I\\\/41cUvB5qrVL._SL500_.jpg\",\"width\":500,\"height\":500},{\"@type\":\"BreadcrumbList\",\"@id\":\"https:\\\/\\\/marktxxl.de\\\/markt\\\/produkt\\\/autositzschoner-kindersitz-autositzauflage-kindersitzunterlage-rutschfeste-unterlage-isofix-passende-autositzschoner-wasserdicht-600d-pvc-leder-schutzunterlage-fuer-universale-autos-snawowo\\\/#breadcrumb\",\"itemListElement\":[{\"@type\":\"ListItem\",\"position\":1,\"name\":\"Startseite\",\"item\":\"https:\\\/\\\/marktxxl.de\\\/markt\\\/\"},{\"@type\":\"ListItem\",\"position\":2,\"name\":\"Markt\",\"item\":\"https:\\\/\\\/marktxxl.de\\\/markt\\\/\"},{\"@type\":\"ListItem\",\"position\":3,\"name\":\"SNAWOWO Autositzschoner Kindersitz Autositzauflage Kindersitzunterlage rutschfeste Unterlage ISOFIX passende\u2026\"}]},{\"@type\":\"WebSite\",\"@id\":\"https:\\\/\\\/marktxxl.de\\\/markt\\\/#website\",\"url\":\"https:\\\/\\\/marktxxl.de\\\/markt\\\/\",\"name\":\"Markt-XXL\",\"description\":\"Ihr Markt Online\",\"publisher\":{\"@id\":\"https:\\\/\\\/marktxxl.de\\\/markt\\\/#organization\"},\"potentialAction\":[{\"@type\":\"SearchAction\",\"target\":{\"@type\":\"EntryPoint\",\"urlTemplate\":\"https:\\\/\\\/marktxxl.de\\\/markt\\\/?s={search_term_string}\"},\"query-input\":{\"@type\":\"PropertyValueSpecification\",\"valueRequired\":true,\"valueName\":\"search_term_string\"}}],\"inLanguage\":\"de\"},{\"@type\":\"Organization\",\"@id\":\"https:\\\/\\\/marktxxl.de\\\/markt\\\/#organization\",\"name\":\"Markt-XXL\",\"url\":\"https:\\\/\\\/marktxxl.de\\\/markt\\\/\",\"logo\":{\"@type\":\"ImageObject\",\"inLanguage\":\"de\",\"@id\":\"https:\\\/\\\/marktxxl.de\\\/markt\\\/#\\\/schema\\\/logo\\\/image\\\/\",\"url\":\"https:\\\/\\\/marktxxl.de\\\/markt\\\/wp-content\\\/uploads\\\/sites\\\/3\\\/2020\\\/12\\\/logo.png\",\"contentUrl\":\"https:\\\/\\\/marktxxl.de\\\/markt\\\/wp-content\\\/uploads\\\/sites\\\/3\\\/2020\\\/12\\\/logo.png\",\"width\":200,\"height\":70,\"caption\":\"Markt-XXL\"},\"image\":{\"@id\":\"https:\\\/\\\/marktxxl.de\\\/markt\\\/#\\\/schema\\\/logo\\\/image\\\/\"}}]}<\/script>\n<!-- \/ Yoast SEO plugin. -->","yoast_head_json":{"title":"SNAWOWO Autositzschoner Kindersitz Autositzauflage Kindersitzunterlage rutschfeste Unterlage ISOFIX passende\u2026 - Markt-XXL","description":"Markt-XXL SNAWOWO Autositzschoner Kindersitz Autositzauflage Kindersitzunterlage rutschfeste Unterlage ISOFIX passende\u2026","robots":{"index":"index","follow":"follow","max-snippet":"max-snippet:-1","max-image-preview":"max-image-preview:large","max-video-preview":"max-video-preview:-1"},"canonical":"https:\/\/marktxxl.de\/markt\/produkt\/autositzschoner-kindersitz-autositzauflage-kindersitzunterlage-rutschfeste-unterlage-isofix-passende-autositzschoner-wasserdicht-600d-pvc-leder-schutzunterlage-fuer-universale-autos-snawowo\/","og_locale":"de_DE","og_type":"article","og_title":"SNAWOWO Autositzschoner Kindersitz Autositzauflage Kindersitzunterlage rutschfeste Unterlage ISOFIX passende\u2026 - Markt-XXL","og_description":"Markt-XXL SNAWOWO Autositzschoner Kindersitz Autositzauflage Kindersitzunterlage rutschfeste Unterlage ISOFIX passende\u2026","og_url":"https:\/\/marktxxl.de\/markt\/produkt\/autositzschoner-kindersitz-autositzauflage-kindersitzunterlage-rutschfeste-unterlage-isofix-passende-autositzschoner-wasserdicht-600d-pvc-leder-schutzunterlage-fuer-universale-autos-snawowo\/","og_site_name":"Markt-XXL","article_modified_time":"2023-04-10T23:33:36+00:00","og_image":[{"width":500,"height":500,"url":"https:\/\/m.media-amazon.com\/images\/I\/41cUvB5qrVL._SL500_.jpg","type":"image\/jpeg"}],"twitter_card":"summary_large_image","twitter_misc":{"Gesch\u00e4tzte Lesezeit":"1\u00a0Minute"},"schema":{"@context":"https:\/\/schema.org","@graph":[{"@type":"WebPage","@id":"https:\/\/marktxxl.de\/markt\/produkt\/autositzschoner-kindersitz-autositzauflage-kindersitzunterlage-rutschfeste-unterlage-isofix-passende-autositzschoner-wasserdicht-600d-pvc-leder-schutzunterlage-fuer-universale-autos-snawowo\/","url":"https:\/\/marktxxl.de\/markt\/produkt\/autositzschoner-kindersitz-autositzauflage-kindersitzunterlage-rutschfeste-unterlage-isofix-passende-autositzschoner-wasserdicht-600d-pvc-leder-schutzunterlage-fuer-universale-autos-snawowo\/","name":"SNAWOWO Autositzschoner Kindersitz Autositzauflage Kindersitzunterlage rutschfeste Unterlage ISOFIX passende\u2026 - Markt-XXL","isPartOf":{"@id":"https:\/\/marktxxl.de\/markt\/#website"},"primaryImageOfPage":{"@id":"https:\/\/marktxxl.de\/markt\/produkt\/autositzschoner-kindersitz-autositzauflage-kindersitzunterlage-rutschfeste-unterlage-isofix-passende-autositzschoner-wasserdicht-600d-pvc-leder-schutzunterlage-fuer-universale-autos-snawowo\/#primaryimage"},"image":{"@id":"https:\/\/marktxxl.de\/markt\/produkt\/autositzschoner-kindersitz-autositzauflage-kindersitzunterlage-rutschfeste-unterlage-isofix-passende-autositzschoner-wasserdicht-600d-pvc-leder-schutzunterlage-fuer-universale-autos-snawowo\/#primaryimage"},"thumbnailUrl":"https:\/\/m.media-amazon.com\/images\/I\/41cUvB5qrVL._SL500_.jpg","datePublished":"2021-09-12T19:12:14+00:00","dateModified":"2023-04-10T23:33:36+00:00","description":"Markt-XXL SNAWOWO Autositzschoner Kindersitz Autositzauflage Kindersitzunterlage rutschfeste Unterlage ISOFIX passende\u2026","breadcrumb":{"@id":"https:\/\/marktxxl.de\/markt\/produkt\/autositzschoner-kindersitz-autositzauflage-kindersitzunterlage-rutschfeste-unterlage-isofix-passende-autositzschoner-wasserdicht-600d-pvc-leder-schutzunterlage-fuer-universale-autos-snawowo\/#breadcrumb"},"inLanguage":"de","potentialAction":[{"@type":"ReadAction","target":["https:\/\/marktxxl.de\/markt\/produkt\/autositzschoner-kindersitz-autositzauflage-kindersitzunterlage-rutschfeste-unterlage-isofix-passende-autositzschoner-wasserdicht-600d-pvc-leder-schutzunterlage-fuer-universale-autos-snawowo\/"]}]},{"@type":"ImageObject","inLanguage":"de","@id":"https:\/\/marktxxl.de\/markt\/produkt\/autositzschoner-kindersitz-autositzauflage-kindersitzunterlage-rutschfeste-unterlage-isofix-passende-autositzschoner-wasserdicht-600d-pvc-leder-schutzunterlage-fuer-universale-autos-snawowo\/#primaryimage","url":"https:\/\/m.media-amazon.com\/images\/I\/41cUvB5qrVL._SL500_.jpg","contentUrl":"https:\/\/m.media-amazon.com\/images\/I\/41cUvB5qrVL._SL500_.jpg","width":500,"height":500},{"@type":"BreadcrumbList","@id":"https:\/\/marktxxl.de\/markt\/produkt\/autositzschoner-kindersitz-autositzauflage-kindersitzunterlage-rutschfeste-unterlage-isofix-passende-autositzschoner-wasserdicht-600d-pvc-leder-schutzunterlage-fuer-universale-autos-snawowo\/#breadcrumb","itemListElement":[{"@type":"ListItem","position":1,"name":"Startseite","item":"https:\/\/marktxxl.de\/markt\/"},{"@type":"ListItem","position":2,"name":"Markt","item":"https:\/\/marktxxl.de\/markt\/"},{"@type":"ListItem","position":3,"name":"SNAWOWO Autositzschoner Kindersitz Autositzauflage Kindersitzunterlage rutschfeste Unterlage ISOFIX passende\u2026"}]},{"@type":"WebSite","@id":"https:\/\/marktxxl.de\/markt\/#website","url":"https:\/\/marktxxl.de\/markt\/","name":"Markt-XXL","description":"Ihr Markt Online","publisher":{"@id":"https:\/\/marktxxl.de\/markt\/#organization"},"potentialAction":[{"@type":"SearchAction","target":{"@type":"EntryPoint","urlTemplate":"https:\/\/marktxxl.de\/markt\/?s={search_term_string}"},"query-input":{"@type":"PropertyValueSpecification","valueRequired":true,"valueName":"search_term_string"}}],"inLanguage":"de"},{"@type":"Organization","@id":"https:\/\/marktxxl.de\/markt\/#organization","name":"Markt-XXL","url":"https:\/\/marktxxl.de\/markt\/","logo":{"@type":"ImageObject","inLanguage":"de","@id":"https:\/\/marktxxl.de\/markt\/#\/schema\/logo\/image\/","url":"https:\/\/marktxxl.de\/markt\/wp-content\/uploads\/sites\/3\/2020\/12\/logo.png","contentUrl":"https:\/\/marktxxl.de\/markt\/wp-content\/uploads\/sites\/3\/2020\/12\/logo.png","width":200,"height":70,"caption":"Markt-XXL"},"image":{"@id":"https:\/\/marktxxl.de\/markt\/#\/schema\/logo\/image\/"}}]}},"_links":{"self":[{"href":"https:\/\/marktxxl.de\/markt\/wp-json\/wp\/v2\/product\/25983","targetHints":{"allow":["GET"]}}],"collection":[{"href":"https:\/\/marktxxl.de\/markt\/wp-json\/wp\/v2\/product"}],"about":[{"href":"https:\/\/marktxxl.de\/markt\/wp-json\/wp\/v2\/types\/product"}],"replies":[{"embeddable":true,"href":"https:\/\/marktxxl.de\/markt\/wp-json\/wp\/v2\/comments?post=25983"}],"wp:featuredmedia":[{"embeddable":true,"href":"https:\/\/marktxxl.de\/markt\/wp-json\/wp\/v2\/media\/25984"}],"wp:attachment":[{"href":"https:\/\/marktxxl.de\/markt\/wp-json\/wp\/v2\/media?parent=25983"}],"wp:term":[{"taxonomy":"product_brand","embeddable":true,"href":"https:\/\/marktxxl.de\/markt\/wp-json\/wp\/v2\/product_brand?post=25983"},{"taxonomy":"product_cat","embeddable":true,"href":"https:\/\/marktxxl.de\/markt\/wp-json\/wp\/v2\/product_cat?post=25983"},{"taxonomy":"product_tag","embeddable":true,"href":"https:\/\/marktxxl.de\/markt\/wp-json\/wp\/v2\/product_tag?post=25983"}],"curies":[{"name":"wp","href":"https:\/\/api.w.org\/{rel}","templated":true}]}}