{"id":225872,"date":"2024-07-28T21:32:09","date_gmt":"2024-07-28T19:32:09","guid":{"rendered":"https:\/\/marktxxl.de\/markt\/produkt\/rena-chris-edelstahl-gua-sha-und-akupunktur-stift-manuelle-reflexzonenmassage-werkzeug-zur-linderung-von-muskelverspannungen-und-schmerzen-mit-reflexzonenmassage-tabelle\/"},"modified":"2024-07-28T21:32:09","modified_gmt":"2024-07-28T19:32:09","slug":"rena-chris-edelstahl-gua-sha-und-akupunktur-stift-manuelle-reflexzonenmassage-werkzeug-zur-linderung-von-muskelverspannungen-und-schmerzen-mit-reflexzonenmassage-tabelle","status":"publish","type":"product","link":"https:\/\/marktxxl.de\/markt\/produkt\/rena-chris-edelstahl-gua-sha-und-akupunktur-stift-manuelle-reflexzonenmassage-werkzeug-zur-linderung-von-muskelverspannungen-und-schmerzen-mit-reflexzonenmassage-tabelle\/","title":{"rendered":"Rena Chris Edelstahl Gua Sha und Akupunktur-Stift, manuelle Reflexzonenmassage Werkzeug zur Linderung von Muskelverspannungen und Schmerzen mit Reflexzonenmassage Tabelle"},"content":{"rendered":"<p>[Mit dem manuellen Akupunkturstift k\u00f6nnen Sie eine Tiefengewebsmassage genie\u00dfen. Eine wirksame Akupressur kann Verspannungen und Muskelschmerzen lindern und helfen, die K\u00f6rperfunktionen zu regulieren und auszugleichen. *Wir haben f\u00fcr Sie eine ausf\u00fchrliche Anleitung zur Anwendung der Reflexzonenmassage vorbereitet, die Ihnen die Anwendung erleichtert.<br \/>\n[Gua Sha ist eine therapeutische Therapie der traditionellen chinesischen Medizin, die zur Verbesserung des allgemeinen Wohlbefindens, der Lymphdrainage und der Durchblutung beitr\u00e4gt. Das Gua Sha-Werkzeug von Rena Chris aus rostfreiem Stahl soll Ihnen helfen, sich vitaler und ges\u00fcnder zu f\u00fchlen.<br \/>\n[Die Reflexologie-Werkzeuge sind aus hochwertigem Edelstahl gefertigt und haben eine hochglanzpolierte Oberfl\u00e4che f\u00fcr ein glattes, hautfreundliches Gef\u00fchl. Das Design des Akupunkturstifts mit zwei Spitzen kann eine Vielzahl von Massageanforderungen erf\u00fcllen. Die rutschfeste Gewindekonstruktion und die ausgepr\u00e4gte gebogene Form machen das Gleiten und Dr\u00fccken bequemer und m\u00fcheloser.<br \/>\n[Die manuellen Massagewerkzeuge werden in einer eleganten Geschenkbox pr\u00e4sentiert. Die hervorragende Verarbeitung und die exquisite Verpackung machen es zum perfekten Weihnachtsgeschenk f\u00fcr Ihre Liebsten.<br \/>\n[Was Sie bekommen] Ihre Bestellung enth\u00e4lt manuelle Akupunktur Stift *1, Edelstahl Gua Sha Werkzeug *1, Bedienungsanleitung *1, Reinigungstuch *1. Wir bieten einen 30-t\u00e4gigen R\u00fcckgabe- und Umtauschservice, wenn Sie Qualit\u00e4tsprobleme haben. Bitte seien Sie versichert, dass wir unsere Produkte und unsere Kunden zu unterst\u00fctzen.<br \/>\n<div class=\"main-cross-sell\" data-asin=\"B0CKVR77S4\">\n\n\t<div class=\"WooZone-cross-sell-loader\">\n\t\t<div>\n\t\t\t<div id=\"floatingBarsG\">\n\t\t\t\t<div class=\"blockG\" id=\"rotateG_01\"><\/div>\n\t\t\t\t<div class=\"blockG\" id=\"rotateG_02\"><\/div>\n\t\t\t\t<div class=\"blockG\" id=\"rotateG_03\"><\/div>\n\t\t\t\t<div class=\"blockG\" id=\"rotateG_04\"><\/div>\n\t\t\t\t<div class=\"blockG\" id=\"rotateG_05\"><\/div>\n\t\t\t\t<div class=\"blockG\" id=\"rotateG_06\"><\/div>\n\t\t\t\t<div class=\"blockG\" id=\"rotateG_07\"><\/div>\n\t\t\t\t<div class=\"blockG\" id=\"rotateG_08\"><\/div>\n\t\t\t<\/div>\n\t\t\t<div class=\"WooZone-cross-sell-loader-text\"><\/div>\n\t\t<\/div>\n\t<\/div>\n\n\t\t\n<\/div>\n<div style=\"clear:both;\"><\/div><\/p>\n","protected":false},"excerpt":{"rendered":"<p>[Mit dem manuellen Akupunkturstift k\u00f6nnen Sie eine Tiefengewebsmassage genie\u00dfen. Eine wirksame Akupressur kann Verspannungen und Muskelschmerzen lindern und helfen, die K\u00f6rperfunktionen zu regulieren und auszugleichen. *Wir haben f\u00fcr Sie eine ausf\u00fchrliche Anleitung zur Anwendung der Reflexzonenmassage vorbereitet, die Ihnen die Anwendung erleichtert.<br \/>\n[Gua Sha ist eine therapeutische Therapie der traditionellen chinesischen Medizin, die zur Verbesserung des allgemeinen Wohlbefindens, der Lymphdrainage und der Durchblutung beitr\u00e4gt. Das Gua Sha-Werkzeug von Rena Chris aus rostfreiem Stahl soll Ihnen helfen, sich vitaler und ges\u00fcnder zu f\u00fchlen.<br \/>\n[Die Reflexologie-Werkzeuge sind aus hochwertigem Edelstahl gefertigt und haben eine hochglanzpolierte Oberfl\u00e4che f\u00fcr ein glattes, hautfreundliches Gef\u00fchl. Das Design des Akupunkturstifts mit zwei Spitzen kann eine Vielzahl von Massageanforderungen erf\u00fcllen. Die rutschfeste Gewindekonstruktion und die ausgepr\u00e4gte gebogene Form machen das Gleiten und Dr\u00fccken bequemer und m\u00fcheloser.<\/p>\n","protected":false},"featured_media":225873,"comment_status":"open","ping_status":"closed","template":"","meta":[],"product_brand":[],"product_cat":[566,6496],"product_tag":[],"class_list":{"0":"post-225872","1":"product","2":"type-product","3":"status-publish","4":"has-post-thumbnail","6":"product_cat-drogerie-koerperpflege","7":"product_cat-wellness","8":"pa_binding-badartikel","9":"pa_brand-rena-chris","10":"pa_color-silver","11":"pa_height-0-67-zoll","12":"pa_length-4-72-zoll","13":"pa_manufacturer-rena-chris","14":"pa_model-b0ckvr77s4","15":"pa_weight-0-4739938633-pfund","16":"pa_width-2-76-zoll","18":"first","19":"instock","20":"shipping-taxable","21":"purchasable","22":"product-type-simple","23":"customify-col","24":"product-has-gallery"},"yoast_head":"<!-- This site is optimized with the Yoast SEO plugin v27.3 - https:\/\/yoast.com\/product\/yoast-seo-wordpress\/ -->\n<title>Rena Chris Edelstahl Gua Sha und Akupunktur-Stift, manuelle Reflexzonenmassage Werkzeug zur Linderung von Muskelverspannungen und Schmerzen mit Reflexzonenmassage Tabelle - Markt-XXL<\/title>\n<meta name=\"description\" content=\"Markt-XXL Rena Chris Edelstahl Gua Sha und Akupunktur-Stift, manuelle Reflexzonenmassage Werkzeug zur Linderung von Muskelverspannungen und Schmerzen mit Reflexzonenmassage Tabelle\" \/>\n<meta name=\"robots\" content=\"index, follow, max-snippet:-1, max-image-preview:large, max-video-preview:-1\" \/>\n<link rel=\"canonical\" href=\"https:\/\/marktxxl.de\/markt\/produkt\/rena-chris-edelstahl-gua-sha-und-akupunktur-stift-manuelle-reflexzonenmassage-werkzeug-zur-linderung-von-muskelverspannungen-und-schmerzen-mit-reflexzonenmassage-tabelle\/\" \/>\n<meta property=\"og:locale\" content=\"de_DE\" \/>\n<meta property=\"og:type\" content=\"article\" \/>\n<meta property=\"og:title\" content=\"Rena Chris Edelstahl Gua Sha und Akupunktur-Stift, manuelle Reflexzonenmassage Werkzeug zur Linderung von Muskelverspannungen und Schmerzen mit Reflexzonenmassage Tabelle - Markt-XXL\" \/>\n<meta property=\"og:description\" content=\"Markt-XXL Rena Chris Edelstahl Gua Sha und Akupunktur-Stift, manuelle Reflexzonenmassage Werkzeug zur Linderung von Muskelverspannungen und Schmerzen mit Reflexzonenmassage Tabelle\" \/>\n<meta property=\"og:url\" content=\"https:\/\/marktxxl.de\/markt\/produkt\/rena-chris-edelstahl-gua-sha-und-akupunktur-stift-manuelle-reflexzonenmassage-werkzeug-zur-linderung-von-muskelverspannungen-und-schmerzen-mit-reflexzonenmassage-tabelle\/\" \/>\n<meta property=\"og:site_name\" content=\"Markt-XXL\" \/>\n<meta name=\"twitter:card\" content=\"summary_large_image\" \/>\n<meta name=\"twitter:label1\" content=\"Gesch\u00e4tzte Lesezeit\" \/>\n\t<meta name=\"twitter:data1\" content=\"1\u00a0Minute\" \/>\n<script type=\"application\/ld+json\" class=\"yoast-schema-graph\">{\"@context\":\"https:\\\/\\\/schema.org\",\"@graph\":[{\"@type\":\"WebPage\",\"@id\":\"https:\\\/\\\/marktxxl.de\\\/markt\\\/produkt\\\/rena-chris-edelstahl-gua-sha-und-akupunktur-stift-manuelle-reflexzonenmassage-werkzeug-zur-linderung-von-muskelverspannungen-und-schmerzen-mit-reflexzonenmassage-tabelle\\\/\",\"url\":\"https:\\\/\\\/marktxxl.de\\\/markt\\\/produkt\\\/rena-chris-edelstahl-gua-sha-und-akupunktur-stift-manuelle-reflexzonenmassage-werkzeug-zur-linderung-von-muskelverspannungen-und-schmerzen-mit-reflexzonenmassage-tabelle\\\/\",\"name\":\"Rena Chris Edelstahl Gua Sha und Akupunktur-Stift, manuelle Reflexzonenmassage Werkzeug zur Linderung von Muskelverspannungen und Schmerzen mit Reflexzonenmassage Tabelle - Markt-XXL\",\"isPartOf\":{\"@id\":\"https:\\\/\\\/marktxxl.de\\\/markt\\\/#website\"},\"primaryImageOfPage\":{\"@id\":\"https:\\\/\\\/marktxxl.de\\\/markt\\\/produkt\\\/rena-chris-edelstahl-gua-sha-und-akupunktur-stift-manuelle-reflexzonenmassage-werkzeug-zur-linderung-von-muskelverspannungen-und-schmerzen-mit-reflexzonenmassage-tabelle\\\/#primaryimage\"},\"image\":{\"@id\":\"https:\\\/\\\/marktxxl.de\\\/markt\\\/produkt\\\/rena-chris-edelstahl-gua-sha-und-akupunktur-stift-manuelle-reflexzonenmassage-werkzeug-zur-linderung-von-muskelverspannungen-und-schmerzen-mit-reflexzonenmassage-tabelle\\\/#primaryimage\"},\"thumbnailUrl\":\"https:\\\/\\\/m.media-amazon.com\\\/images\\\/I\\\/41oeqLlTfpL._SL500_.jpg\",\"datePublished\":\"2024-07-28T19:32:09+00:00\",\"description\":\"Markt-XXL Rena Chris Edelstahl Gua Sha und Akupunktur-Stift, manuelle Reflexzonenmassage Werkzeug zur Linderung von Muskelverspannungen und Schmerzen mit Reflexzonenmassage Tabelle\",\"breadcrumb\":{\"@id\":\"https:\\\/\\\/marktxxl.de\\\/markt\\\/produkt\\\/rena-chris-edelstahl-gua-sha-und-akupunktur-stift-manuelle-reflexzonenmassage-werkzeug-zur-linderung-von-muskelverspannungen-und-schmerzen-mit-reflexzonenmassage-tabelle\\\/#breadcrumb\"},\"inLanguage\":\"de\",\"potentialAction\":[{\"@type\":\"ReadAction\",\"target\":[\"https:\\\/\\\/marktxxl.de\\\/markt\\\/produkt\\\/rena-chris-edelstahl-gua-sha-und-akupunktur-stift-manuelle-reflexzonenmassage-werkzeug-zur-linderung-von-muskelverspannungen-und-schmerzen-mit-reflexzonenmassage-tabelle\\\/\"]}]},{\"@type\":\"ImageObject\",\"inLanguage\":\"de\",\"@id\":\"https:\\\/\\\/marktxxl.de\\\/markt\\\/produkt\\\/rena-chris-edelstahl-gua-sha-und-akupunktur-stift-manuelle-reflexzonenmassage-werkzeug-zur-linderung-von-muskelverspannungen-und-schmerzen-mit-reflexzonenmassage-tabelle\\\/#primaryimage\",\"url\":\"https:\\\/\\\/m.media-amazon.com\\\/images\\\/I\\\/41oeqLlTfpL._SL500_.jpg\",\"contentUrl\":\"https:\\\/\\\/m.media-amazon.com\\\/images\\\/I\\\/41oeqLlTfpL._SL500_.jpg\",\"width\":500,\"height\":500},{\"@type\":\"BreadcrumbList\",\"@id\":\"https:\\\/\\\/marktxxl.de\\\/markt\\\/produkt\\\/rena-chris-edelstahl-gua-sha-und-akupunktur-stift-manuelle-reflexzonenmassage-werkzeug-zur-linderung-von-muskelverspannungen-und-schmerzen-mit-reflexzonenmassage-tabelle\\\/#breadcrumb\",\"itemListElement\":[{\"@type\":\"ListItem\",\"position\":1,\"name\":\"Startseite\",\"item\":\"https:\\\/\\\/marktxxl.de\\\/markt\\\/\"},{\"@type\":\"ListItem\",\"position\":2,\"name\":\"Markt\",\"item\":\"https:\\\/\\\/marktxxl.de\\\/markt\\\/\"},{\"@type\":\"ListItem\",\"position\":3,\"name\":\"Rena Chris Edelstahl Gua Sha und Akupunktur-Stift, manuelle Reflexzonenmassage Werkzeug zur Linderung von Muskelverspannungen und Schmerzen mit Reflexzonenmassage Tabelle\"}]},{\"@type\":\"WebSite\",\"@id\":\"https:\\\/\\\/marktxxl.de\\\/markt\\\/#website\",\"url\":\"https:\\\/\\\/marktxxl.de\\\/markt\\\/\",\"name\":\"Markt-XXL\",\"description\":\"Ihr Markt Online\",\"publisher\":{\"@id\":\"https:\\\/\\\/marktxxl.de\\\/markt\\\/#organization\"},\"potentialAction\":[{\"@type\":\"SearchAction\",\"target\":{\"@type\":\"EntryPoint\",\"urlTemplate\":\"https:\\\/\\\/marktxxl.de\\\/markt\\\/?s={search_term_string}\"},\"query-input\":{\"@type\":\"PropertyValueSpecification\",\"valueRequired\":true,\"valueName\":\"search_term_string\"}}],\"inLanguage\":\"de\"},{\"@type\":\"Organization\",\"@id\":\"https:\\\/\\\/marktxxl.de\\\/markt\\\/#organization\",\"name\":\"Markt-XXL\",\"url\":\"https:\\\/\\\/marktxxl.de\\\/markt\\\/\",\"logo\":{\"@type\":\"ImageObject\",\"inLanguage\":\"de\",\"@id\":\"https:\\\/\\\/marktxxl.de\\\/markt\\\/#\\\/schema\\\/logo\\\/image\\\/\",\"url\":\"https:\\\/\\\/marktxxl.de\\\/markt\\\/wp-content\\\/uploads\\\/sites\\\/3\\\/2020\\\/12\\\/logo.png\",\"contentUrl\":\"https:\\\/\\\/marktxxl.de\\\/markt\\\/wp-content\\\/uploads\\\/sites\\\/3\\\/2020\\\/12\\\/logo.png\",\"width\":200,\"height\":70,\"caption\":\"Markt-XXL\"},\"image\":{\"@id\":\"https:\\\/\\\/marktxxl.de\\\/markt\\\/#\\\/schema\\\/logo\\\/image\\\/\"}}]}<\/script>\n<!-- \/ Yoast SEO plugin. -->","yoast_head_json":{"title":"Rena Chris Edelstahl Gua Sha und Akupunktur-Stift, manuelle Reflexzonenmassage Werkzeug zur Linderung von Muskelverspannungen und Schmerzen mit Reflexzonenmassage Tabelle - Markt-XXL","description":"Markt-XXL Rena Chris Edelstahl Gua Sha und Akupunktur-Stift, manuelle Reflexzonenmassage Werkzeug zur Linderung von Muskelverspannungen und Schmerzen mit Reflexzonenmassage Tabelle","robots":{"index":"index","follow":"follow","max-snippet":"max-snippet:-1","max-image-preview":"max-image-preview:large","max-video-preview":"max-video-preview:-1"},"canonical":"https:\/\/marktxxl.de\/markt\/produkt\/rena-chris-edelstahl-gua-sha-und-akupunktur-stift-manuelle-reflexzonenmassage-werkzeug-zur-linderung-von-muskelverspannungen-und-schmerzen-mit-reflexzonenmassage-tabelle\/","og_locale":"de_DE","og_type":"article","og_title":"Rena Chris Edelstahl Gua Sha und Akupunktur-Stift, manuelle Reflexzonenmassage Werkzeug zur Linderung von Muskelverspannungen und Schmerzen mit Reflexzonenmassage Tabelle - Markt-XXL","og_description":"Markt-XXL Rena Chris Edelstahl Gua Sha und Akupunktur-Stift, manuelle Reflexzonenmassage Werkzeug zur Linderung von Muskelverspannungen und Schmerzen mit Reflexzonenmassage Tabelle","og_url":"https:\/\/marktxxl.de\/markt\/produkt\/rena-chris-edelstahl-gua-sha-und-akupunktur-stift-manuelle-reflexzonenmassage-werkzeug-zur-linderung-von-muskelverspannungen-und-schmerzen-mit-reflexzonenmassage-tabelle\/","og_site_name":"Markt-XXL","twitter_card":"summary_large_image","twitter_misc":{"Gesch\u00e4tzte Lesezeit":"1\u00a0Minute"},"schema":{"@context":"https:\/\/schema.org","@graph":[{"@type":"WebPage","@id":"https:\/\/marktxxl.de\/markt\/produkt\/rena-chris-edelstahl-gua-sha-und-akupunktur-stift-manuelle-reflexzonenmassage-werkzeug-zur-linderung-von-muskelverspannungen-und-schmerzen-mit-reflexzonenmassage-tabelle\/","url":"https:\/\/marktxxl.de\/markt\/produkt\/rena-chris-edelstahl-gua-sha-und-akupunktur-stift-manuelle-reflexzonenmassage-werkzeug-zur-linderung-von-muskelverspannungen-und-schmerzen-mit-reflexzonenmassage-tabelle\/","name":"Rena Chris Edelstahl Gua Sha und Akupunktur-Stift, manuelle Reflexzonenmassage Werkzeug zur Linderung von Muskelverspannungen und Schmerzen mit Reflexzonenmassage Tabelle - Markt-XXL","isPartOf":{"@id":"https:\/\/marktxxl.de\/markt\/#website"},"primaryImageOfPage":{"@id":"https:\/\/marktxxl.de\/markt\/produkt\/rena-chris-edelstahl-gua-sha-und-akupunktur-stift-manuelle-reflexzonenmassage-werkzeug-zur-linderung-von-muskelverspannungen-und-schmerzen-mit-reflexzonenmassage-tabelle\/#primaryimage"},"image":{"@id":"https:\/\/marktxxl.de\/markt\/produkt\/rena-chris-edelstahl-gua-sha-und-akupunktur-stift-manuelle-reflexzonenmassage-werkzeug-zur-linderung-von-muskelverspannungen-und-schmerzen-mit-reflexzonenmassage-tabelle\/#primaryimage"},"thumbnailUrl":"https:\/\/m.media-amazon.com\/images\/I\/41oeqLlTfpL._SL500_.jpg","datePublished":"2024-07-28T19:32:09+00:00","description":"Markt-XXL Rena Chris Edelstahl Gua Sha und Akupunktur-Stift, manuelle Reflexzonenmassage Werkzeug zur Linderung von Muskelverspannungen und Schmerzen mit Reflexzonenmassage Tabelle","breadcrumb":{"@id":"https:\/\/marktxxl.de\/markt\/produkt\/rena-chris-edelstahl-gua-sha-und-akupunktur-stift-manuelle-reflexzonenmassage-werkzeug-zur-linderung-von-muskelverspannungen-und-schmerzen-mit-reflexzonenmassage-tabelle\/#breadcrumb"},"inLanguage":"de","potentialAction":[{"@type":"ReadAction","target":["https:\/\/marktxxl.de\/markt\/produkt\/rena-chris-edelstahl-gua-sha-und-akupunktur-stift-manuelle-reflexzonenmassage-werkzeug-zur-linderung-von-muskelverspannungen-und-schmerzen-mit-reflexzonenmassage-tabelle\/"]}]},{"@type":"ImageObject","inLanguage":"de","@id":"https:\/\/marktxxl.de\/markt\/produkt\/rena-chris-edelstahl-gua-sha-und-akupunktur-stift-manuelle-reflexzonenmassage-werkzeug-zur-linderung-von-muskelverspannungen-und-schmerzen-mit-reflexzonenmassage-tabelle\/#primaryimage","url":"https:\/\/m.media-amazon.com\/images\/I\/41oeqLlTfpL._SL500_.jpg","contentUrl":"https:\/\/m.media-amazon.com\/images\/I\/41oeqLlTfpL._SL500_.jpg","width":500,"height":500},{"@type":"BreadcrumbList","@id":"https:\/\/marktxxl.de\/markt\/produkt\/rena-chris-edelstahl-gua-sha-und-akupunktur-stift-manuelle-reflexzonenmassage-werkzeug-zur-linderung-von-muskelverspannungen-und-schmerzen-mit-reflexzonenmassage-tabelle\/#breadcrumb","itemListElement":[{"@type":"ListItem","position":1,"name":"Startseite","item":"https:\/\/marktxxl.de\/markt\/"},{"@type":"ListItem","position":2,"name":"Markt","item":"https:\/\/marktxxl.de\/markt\/"},{"@type":"ListItem","position":3,"name":"Rena Chris Edelstahl Gua Sha und Akupunktur-Stift, manuelle Reflexzonenmassage Werkzeug zur Linderung von Muskelverspannungen und Schmerzen mit Reflexzonenmassage Tabelle"}]},{"@type":"WebSite","@id":"https:\/\/marktxxl.de\/markt\/#website","url":"https:\/\/marktxxl.de\/markt\/","name":"Markt-XXL","description":"Ihr Markt Online","publisher":{"@id":"https:\/\/marktxxl.de\/markt\/#organization"},"potentialAction":[{"@type":"SearchAction","target":{"@type":"EntryPoint","urlTemplate":"https:\/\/marktxxl.de\/markt\/?s={search_term_string}"},"query-input":{"@type":"PropertyValueSpecification","valueRequired":true,"valueName":"search_term_string"}}],"inLanguage":"de"},{"@type":"Organization","@id":"https:\/\/marktxxl.de\/markt\/#organization","name":"Markt-XXL","url":"https:\/\/marktxxl.de\/markt\/","logo":{"@type":"ImageObject","inLanguage":"de","@id":"https:\/\/marktxxl.de\/markt\/#\/schema\/logo\/image\/","url":"https:\/\/marktxxl.de\/markt\/wp-content\/uploads\/sites\/3\/2020\/12\/logo.png","contentUrl":"https:\/\/marktxxl.de\/markt\/wp-content\/uploads\/sites\/3\/2020\/12\/logo.png","width":200,"height":70,"caption":"Markt-XXL"},"image":{"@id":"https:\/\/marktxxl.de\/markt\/#\/schema\/logo\/image\/"}}]}},"_links":{"self":[{"href":"https:\/\/marktxxl.de\/markt\/wp-json\/wp\/v2\/product\/225872","targetHints":{"allow":["GET"]}}],"collection":[{"href":"https:\/\/marktxxl.de\/markt\/wp-json\/wp\/v2\/product"}],"about":[{"href":"https:\/\/marktxxl.de\/markt\/wp-json\/wp\/v2\/types\/product"}],"replies":[{"embeddable":true,"href":"https:\/\/marktxxl.de\/markt\/wp-json\/wp\/v2\/comments?post=225872"}],"wp:featuredmedia":[{"embeddable":true,"href":"https:\/\/marktxxl.de\/markt\/wp-json\/wp\/v2\/media\/225873"}],"wp:attachment":[{"href":"https:\/\/marktxxl.de\/markt\/wp-json\/wp\/v2\/media?parent=225872"}],"wp:term":[{"taxonomy":"product_brand","embeddable":true,"href":"https:\/\/marktxxl.de\/markt\/wp-json\/wp\/v2\/product_brand?post=225872"},{"taxonomy":"product_cat","embeddable":true,"href":"https:\/\/marktxxl.de\/markt\/wp-json\/wp\/v2\/product_cat?post=225872"},{"taxonomy":"product_tag","embeddable":true,"href":"https:\/\/marktxxl.de\/markt\/wp-json\/wp\/v2\/product_tag?post=225872"}],"curies":[{"name":"wp","href":"https:\/\/api.w.org\/{rel}","templated":true}]}}