{"id":225806,"date":"2024-07-28T21:30:12","date_gmt":"2024-07-28T19:30:12","guid":{"rendered":"https:\/\/marktxxl.de\/markt\/produkt\/kitsch-gua-sha-gesichtswerkzeug-gesichtsmassagegeraet-edelstahl-gua-sha-werkzeug-guasha-board-massagewerkzeuge-schaber-ideal-fuer-falten-und-dunkle-flecken\/"},"modified":"2024-07-28T21:30:12","modified_gmt":"2024-07-28T19:30:12","slug":"kitsch-gua-sha-gesichtswerkzeug-gesichtsmassagegeraet-edelstahl-gua-sha-werkzeug-guasha-board-massagewerkzeuge-schaber-ideal-fuer-falten-und-dunkle-flecken","status":"publish","type":"product","link":"https:\/\/marktxxl.de\/markt\/produkt\/kitsch-gua-sha-gesichtswerkzeug-gesichtsmassagegeraet-edelstahl-gua-sha-werkzeug-guasha-board-massagewerkzeuge-schaber-ideal-fuer-falten-und-dunkle-flecken\/","title":{"rendered":"Kitsch Gua Sha Gesichtswerkzeug, Gesichtsmassageger\u00e4t, Edelstahl Gua Sha Werkzeug, GuaSha Board, Massagewerkzeuge, Schaber, ideal f\u00fcr Falten und dunkle Flecken"},"content":{"rendered":"<p>Traditionelles Osterwerkzeug: Gua Sha ist ein traditionelles \u00f6stliches Werkzeug, das seit Jahrhunderten verwendet wird, um Ihre Haut am ganzen K\u00f6rper zu streicheln und zu gl\u00e4tten.<br \/>\nAnwendungen: Verwenden Sie das Gua Sha auf Ihrem Gesicht, Hals, Armen oder jedem anderen Problembereich, um Ihre Haut zu verbessern, es kann bei Falten, Schwellungen und dunklen Flecken helfen, indem es Ihre Haut stimuliert.<br \/>\nPerfektes Design: Dieser Gua Sha hat die perfekte Form, um sich jeder Form an Ihrem K\u00f6rper anzupassen. Hergestellt aus Edelstahl macht es zum perfekten Material, um sauber zu halten<br \/>\nEinfach zu bedienen: Beginnen Sie mit einem sauberen Bereich und tragen Sie alle \u00d6le, Lotionen oder Feuchtigkeitscreme auf, damit der Gua Sha \u00fcber Ihre Haut gleitet. Leicht andr\u00fccken und \u00fcber die gew\u00fcnschten Stellen gleiten. Sie k\u00f6nnen es auch in Ihren K\u00fchlschrank legen, der Edelstahl h\u00e4lt die k\u00fchlere Temperatur, um Schwellungen und R\u00f6tungen auf der Haut zu reduzieren.<br \/>\nKitsch ist ein selbstfinanziertes, frauenbesitztes Unternehmen. Alle Kitsch Produkte werden mit Liebe in Los Angeles, Kalifornien, entworfen.<br \/>\n<div class=\"main-cross-sell\" data-asin=\"B09RQ9GLDJ\">\n\n\t<div class=\"WooZone-cross-sell-loader\">\n\t\t<div>\n\t\t\t<div id=\"floatingBarsG\">\n\t\t\t\t<div class=\"blockG\" id=\"rotateG_01\"><\/div>\n\t\t\t\t<div class=\"blockG\" id=\"rotateG_02\"><\/div>\n\t\t\t\t<div class=\"blockG\" id=\"rotateG_03\"><\/div>\n\t\t\t\t<div class=\"blockG\" id=\"rotateG_04\"><\/div>\n\t\t\t\t<div class=\"blockG\" id=\"rotateG_05\"><\/div>\n\t\t\t\t<div class=\"blockG\" id=\"rotateG_06\"><\/div>\n\t\t\t\t<div class=\"blockG\" id=\"rotateG_07\"><\/div>\n\t\t\t\t<div class=\"blockG\" id=\"rotateG_08\"><\/div>\n\t\t\t<\/div>\n\t\t\t<div class=\"WooZone-cross-sell-loader-text\"><\/div>\n\t\t<\/div>\n\t<\/div>\n\n\t\t\n<\/div>\n<div style=\"clear:both;\"><\/div><\/p>\n","protected":false},"excerpt":{"rendered":"<p>Traditionelles Osterwerkzeug: Gua Sha ist ein traditionelles \u00f6stliches Werkzeug, das seit Jahrhunderten verwendet wird, um Ihre Haut am ganzen K\u00f6rper zu streicheln und zu gl\u00e4tten.<br \/>\nAnwendungen: Verwenden Sie das Gua Sha auf Ihrem Gesicht, Hals, Armen oder jedem anderen Problembereich, um Ihre Haut zu verbessern, es kann bei Falten, Schwellungen und dunklen Flecken helfen, indem es Ihre Haut stimuliert.<br \/>\nPerfektes Design: Dieser Gua Sha hat die perfekte Form, um sich jeder Form an Ihrem K\u00f6rper anzupassen. Hergestellt aus Edelstahl macht es zum perfekten Material, um sauber zu halten<\/p>\n","protected":false},"featured_media":225807,"comment_status":"open","ping_status":"closed","template":"","meta":[],"product_brand":[],"product_cat":[566,6496],"product_tag":[],"class_list":{"0":"post-225806","1":"product","2":"type-product","3":"status-publish","4":"has-post-thumbnail","6":"product_cat-drogerie-koerperpflege","7":"product_cat-wellness","8":"pa_binding-badartikel","9":"pa_brand-kitsch","10":"pa_height-0-13-zoll","11":"pa_length-3-3-zoll","12":"pa_manufacturer-kitsch","13":"pa_model-56515","14":"pa_size-1-ea","15":"pa_weight-0-19625-pounds","16":"pa_width-2-4-zoll","18":"first","19":"instock","20":"shipping-taxable","21":"purchasable","22":"product-type-simple","23":"customify-col","24":"product-has-gallery"},"yoast_head":"<!-- This site is optimized with the Yoast SEO plugin v27.4 - https:\/\/yoast.com\/product\/yoast-seo-wordpress\/ -->\n<title>Kitsch Gua Sha Gesichtswerkzeug, Gesichtsmassageger\u00e4t, Edelstahl Gua Sha Werkzeug, GuaSha Board, Massagewerkzeuge, Schaber, ideal f\u00fcr Falten und dunkle Flecken - Markt-XXL<\/title>\n<meta name=\"description\" content=\"Markt-XXL Kitsch Gua Sha Gesichtswerkzeug, Gesichtsmassageger\u00e4t, Edelstahl Gua Sha Werkzeug, GuaSha Board, Massagewerkzeuge, Schaber, ideal f\u00fcr Falten und dunkle Flecken\" \/>\n<meta name=\"robots\" content=\"index, follow, max-snippet:-1, max-image-preview:large, max-video-preview:-1\" \/>\n<link rel=\"canonical\" href=\"https:\/\/marktxxl.de\/markt\/produkt\/kitsch-gua-sha-gesichtswerkzeug-gesichtsmassagegeraet-edelstahl-gua-sha-werkzeug-guasha-board-massagewerkzeuge-schaber-ideal-fuer-falten-und-dunkle-flecken\/\" \/>\n<meta property=\"og:locale\" content=\"de_DE\" \/>\n<meta property=\"og:type\" content=\"article\" \/>\n<meta property=\"og:title\" content=\"Kitsch Gua Sha Gesichtswerkzeug, Gesichtsmassageger\u00e4t, Edelstahl Gua Sha Werkzeug, GuaSha Board, Massagewerkzeuge, Schaber, ideal f\u00fcr Falten und dunkle Flecken - Markt-XXL\" \/>\n<meta property=\"og:description\" content=\"Markt-XXL Kitsch Gua Sha Gesichtswerkzeug, Gesichtsmassageger\u00e4t, Edelstahl Gua Sha Werkzeug, GuaSha Board, Massagewerkzeuge, Schaber, ideal f\u00fcr Falten und dunkle Flecken\" \/>\n<meta property=\"og:url\" content=\"https:\/\/marktxxl.de\/markt\/produkt\/kitsch-gua-sha-gesichtswerkzeug-gesichtsmassagegeraet-edelstahl-gua-sha-werkzeug-guasha-board-massagewerkzeuge-schaber-ideal-fuer-falten-und-dunkle-flecken\/\" \/>\n<meta property=\"og:site_name\" content=\"Markt-XXL\" \/>\n<meta name=\"twitter:card\" content=\"summary_large_image\" \/>\n<meta name=\"twitter:label1\" content=\"Gesch\u00e4tzte Lesezeit\" \/>\n\t<meta name=\"twitter:data1\" content=\"1\u00a0Minute\" \/>\n<script type=\"application\/ld+json\" class=\"yoast-schema-graph\">{\"@context\":\"https:\\\/\\\/schema.org\",\"@graph\":[{\"@type\":\"WebPage\",\"@id\":\"https:\\\/\\\/marktxxl.de\\\/markt\\\/produkt\\\/kitsch-gua-sha-gesichtswerkzeug-gesichtsmassagegeraet-edelstahl-gua-sha-werkzeug-guasha-board-massagewerkzeuge-schaber-ideal-fuer-falten-und-dunkle-flecken\\\/\",\"url\":\"https:\\\/\\\/marktxxl.de\\\/markt\\\/produkt\\\/kitsch-gua-sha-gesichtswerkzeug-gesichtsmassagegeraet-edelstahl-gua-sha-werkzeug-guasha-board-massagewerkzeuge-schaber-ideal-fuer-falten-und-dunkle-flecken\\\/\",\"name\":\"Kitsch Gua Sha Gesichtswerkzeug, Gesichtsmassageger\u00e4t, Edelstahl Gua Sha Werkzeug, GuaSha Board, Massagewerkzeuge, Schaber, ideal f\u00fcr Falten und dunkle Flecken - Markt-XXL\",\"isPartOf\":{\"@id\":\"https:\\\/\\\/marktxxl.de\\\/markt\\\/#website\"},\"primaryImageOfPage\":{\"@id\":\"https:\\\/\\\/marktxxl.de\\\/markt\\\/produkt\\\/kitsch-gua-sha-gesichtswerkzeug-gesichtsmassagegeraet-edelstahl-gua-sha-werkzeug-guasha-board-massagewerkzeuge-schaber-ideal-fuer-falten-und-dunkle-flecken\\\/#primaryimage\"},\"image\":{\"@id\":\"https:\\\/\\\/marktxxl.de\\\/markt\\\/produkt\\\/kitsch-gua-sha-gesichtswerkzeug-gesichtsmassagegeraet-edelstahl-gua-sha-werkzeug-guasha-board-massagewerkzeuge-schaber-ideal-fuer-falten-und-dunkle-flecken\\\/#primaryimage\"},\"thumbnailUrl\":\"https:\\\/\\\/m.media-amazon.com\\\/images\\\/I\\\/31sCU5J7dRL._SL500_.jpg\",\"datePublished\":\"2024-07-28T19:30:12+00:00\",\"description\":\"Markt-XXL Kitsch Gua Sha Gesichtswerkzeug, Gesichtsmassageger\u00e4t, Edelstahl Gua Sha Werkzeug, GuaSha Board, Massagewerkzeuge, Schaber, ideal f\u00fcr Falten und dunkle Flecken\",\"breadcrumb\":{\"@id\":\"https:\\\/\\\/marktxxl.de\\\/markt\\\/produkt\\\/kitsch-gua-sha-gesichtswerkzeug-gesichtsmassagegeraet-edelstahl-gua-sha-werkzeug-guasha-board-massagewerkzeuge-schaber-ideal-fuer-falten-und-dunkle-flecken\\\/#breadcrumb\"},\"inLanguage\":\"de\",\"potentialAction\":[{\"@type\":\"ReadAction\",\"target\":[\"https:\\\/\\\/marktxxl.de\\\/markt\\\/produkt\\\/kitsch-gua-sha-gesichtswerkzeug-gesichtsmassagegeraet-edelstahl-gua-sha-werkzeug-guasha-board-massagewerkzeuge-schaber-ideal-fuer-falten-und-dunkle-flecken\\\/\"]}]},{\"@type\":\"ImageObject\",\"inLanguage\":\"de\",\"@id\":\"https:\\\/\\\/marktxxl.de\\\/markt\\\/produkt\\\/kitsch-gua-sha-gesichtswerkzeug-gesichtsmassagegeraet-edelstahl-gua-sha-werkzeug-guasha-board-massagewerkzeuge-schaber-ideal-fuer-falten-und-dunkle-flecken\\\/#primaryimage\",\"url\":\"https:\\\/\\\/m.media-amazon.com\\\/images\\\/I\\\/31sCU5J7dRL._SL500_.jpg\",\"contentUrl\":\"https:\\\/\\\/m.media-amazon.com\\\/images\\\/I\\\/31sCU5J7dRL._SL500_.jpg\",\"width\":400,\"height\":500},{\"@type\":\"BreadcrumbList\",\"@id\":\"https:\\\/\\\/marktxxl.de\\\/markt\\\/produkt\\\/kitsch-gua-sha-gesichtswerkzeug-gesichtsmassagegeraet-edelstahl-gua-sha-werkzeug-guasha-board-massagewerkzeuge-schaber-ideal-fuer-falten-und-dunkle-flecken\\\/#breadcrumb\",\"itemListElement\":[{\"@type\":\"ListItem\",\"position\":1,\"name\":\"Startseite\",\"item\":\"https:\\\/\\\/marktxxl.de\\\/markt\\\/\"},{\"@type\":\"ListItem\",\"position\":2,\"name\":\"Markt\",\"item\":\"https:\\\/\\\/marktxxl.de\\\/markt\\\/\"},{\"@type\":\"ListItem\",\"position\":3,\"name\":\"Kitsch Gua Sha Gesichtswerkzeug, Gesichtsmassageger\u00e4t, Edelstahl Gua Sha Werkzeug, GuaSha Board, Massagewerkzeuge, Schaber, ideal f\u00fcr Falten und dunkle Flecken\"}]},{\"@type\":\"WebSite\",\"@id\":\"https:\\\/\\\/marktxxl.de\\\/markt\\\/#website\",\"url\":\"https:\\\/\\\/marktxxl.de\\\/markt\\\/\",\"name\":\"Markt-XXL\",\"description\":\"Ihr Markt Online\",\"publisher\":{\"@id\":\"https:\\\/\\\/marktxxl.de\\\/markt\\\/#organization\"},\"potentialAction\":[{\"@type\":\"SearchAction\",\"target\":{\"@type\":\"EntryPoint\",\"urlTemplate\":\"https:\\\/\\\/marktxxl.de\\\/markt\\\/?s={search_term_string}\"},\"query-input\":{\"@type\":\"PropertyValueSpecification\",\"valueRequired\":true,\"valueName\":\"search_term_string\"}}],\"inLanguage\":\"de\"},{\"@type\":\"Organization\",\"@id\":\"https:\\\/\\\/marktxxl.de\\\/markt\\\/#organization\",\"name\":\"Markt-XXL\",\"url\":\"https:\\\/\\\/marktxxl.de\\\/markt\\\/\",\"logo\":{\"@type\":\"ImageObject\",\"inLanguage\":\"de\",\"@id\":\"https:\\\/\\\/marktxxl.de\\\/markt\\\/#\\\/schema\\\/logo\\\/image\\\/\",\"url\":\"https:\\\/\\\/marktxxl.de\\\/markt\\\/wp-content\\\/uploads\\\/sites\\\/3\\\/2020\\\/12\\\/logo.png\",\"contentUrl\":\"https:\\\/\\\/marktxxl.de\\\/markt\\\/wp-content\\\/uploads\\\/sites\\\/3\\\/2020\\\/12\\\/logo.png\",\"width\":200,\"height\":70,\"caption\":\"Markt-XXL\"},\"image\":{\"@id\":\"https:\\\/\\\/marktxxl.de\\\/markt\\\/#\\\/schema\\\/logo\\\/image\\\/\"}}]}<\/script>\n<!-- \/ Yoast SEO plugin. -->","yoast_head_json":{"title":"Kitsch Gua Sha Gesichtswerkzeug, Gesichtsmassageger\u00e4t, Edelstahl Gua Sha Werkzeug, GuaSha Board, Massagewerkzeuge, Schaber, ideal f\u00fcr Falten und dunkle Flecken - Markt-XXL","description":"Markt-XXL Kitsch Gua Sha Gesichtswerkzeug, Gesichtsmassageger\u00e4t, Edelstahl Gua Sha Werkzeug, GuaSha Board, Massagewerkzeuge, Schaber, ideal f\u00fcr Falten und dunkle Flecken","robots":{"index":"index","follow":"follow","max-snippet":"max-snippet:-1","max-image-preview":"max-image-preview:large","max-video-preview":"max-video-preview:-1"},"canonical":"https:\/\/marktxxl.de\/markt\/produkt\/kitsch-gua-sha-gesichtswerkzeug-gesichtsmassagegeraet-edelstahl-gua-sha-werkzeug-guasha-board-massagewerkzeuge-schaber-ideal-fuer-falten-und-dunkle-flecken\/","og_locale":"de_DE","og_type":"article","og_title":"Kitsch Gua Sha Gesichtswerkzeug, Gesichtsmassageger\u00e4t, Edelstahl Gua Sha Werkzeug, GuaSha Board, Massagewerkzeuge, Schaber, ideal f\u00fcr Falten und dunkle Flecken - Markt-XXL","og_description":"Markt-XXL Kitsch Gua Sha Gesichtswerkzeug, Gesichtsmassageger\u00e4t, Edelstahl Gua Sha Werkzeug, GuaSha Board, Massagewerkzeuge, Schaber, ideal f\u00fcr Falten und dunkle Flecken","og_url":"https:\/\/marktxxl.de\/markt\/produkt\/kitsch-gua-sha-gesichtswerkzeug-gesichtsmassagegeraet-edelstahl-gua-sha-werkzeug-guasha-board-massagewerkzeuge-schaber-ideal-fuer-falten-und-dunkle-flecken\/","og_site_name":"Markt-XXL","twitter_card":"summary_large_image","twitter_misc":{"Gesch\u00e4tzte Lesezeit":"1\u00a0Minute"},"schema":{"@context":"https:\/\/schema.org","@graph":[{"@type":"WebPage","@id":"https:\/\/marktxxl.de\/markt\/produkt\/kitsch-gua-sha-gesichtswerkzeug-gesichtsmassagegeraet-edelstahl-gua-sha-werkzeug-guasha-board-massagewerkzeuge-schaber-ideal-fuer-falten-und-dunkle-flecken\/","url":"https:\/\/marktxxl.de\/markt\/produkt\/kitsch-gua-sha-gesichtswerkzeug-gesichtsmassagegeraet-edelstahl-gua-sha-werkzeug-guasha-board-massagewerkzeuge-schaber-ideal-fuer-falten-und-dunkle-flecken\/","name":"Kitsch Gua Sha Gesichtswerkzeug, Gesichtsmassageger\u00e4t, Edelstahl Gua Sha Werkzeug, GuaSha Board, Massagewerkzeuge, Schaber, ideal f\u00fcr Falten und dunkle Flecken - Markt-XXL","isPartOf":{"@id":"https:\/\/marktxxl.de\/markt\/#website"},"primaryImageOfPage":{"@id":"https:\/\/marktxxl.de\/markt\/produkt\/kitsch-gua-sha-gesichtswerkzeug-gesichtsmassagegeraet-edelstahl-gua-sha-werkzeug-guasha-board-massagewerkzeuge-schaber-ideal-fuer-falten-und-dunkle-flecken\/#primaryimage"},"image":{"@id":"https:\/\/marktxxl.de\/markt\/produkt\/kitsch-gua-sha-gesichtswerkzeug-gesichtsmassagegeraet-edelstahl-gua-sha-werkzeug-guasha-board-massagewerkzeuge-schaber-ideal-fuer-falten-und-dunkle-flecken\/#primaryimage"},"thumbnailUrl":"https:\/\/m.media-amazon.com\/images\/I\/31sCU5J7dRL._SL500_.jpg","datePublished":"2024-07-28T19:30:12+00:00","description":"Markt-XXL Kitsch Gua Sha Gesichtswerkzeug, Gesichtsmassageger\u00e4t, Edelstahl Gua Sha Werkzeug, GuaSha Board, Massagewerkzeuge, Schaber, ideal f\u00fcr Falten und dunkle Flecken","breadcrumb":{"@id":"https:\/\/marktxxl.de\/markt\/produkt\/kitsch-gua-sha-gesichtswerkzeug-gesichtsmassagegeraet-edelstahl-gua-sha-werkzeug-guasha-board-massagewerkzeuge-schaber-ideal-fuer-falten-und-dunkle-flecken\/#breadcrumb"},"inLanguage":"de","potentialAction":[{"@type":"ReadAction","target":["https:\/\/marktxxl.de\/markt\/produkt\/kitsch-gua-sha-gesichtswerkzeug-gesichtsmassagegeraet-edelstahl-gua-sha-werkzeug-guasha-board-massagewerkzeuge-schaber-ideal-fuer-falten-und-dunkle-flecken\/"]}]},{"@type":"ImageObject","inLanguage":"de","@id":"https:\/\/marktxxl.de\/markt\/produkt\/kitsch-gua-sha-gesichtswerkzeug-gesichtsmassagegeraet-edelstahl-gua-sha-werkzeug-guasha-board-massagewerkzeuge-schaber-ideal-fuer-falten-und-dunkle-flecken\/#primaryimage","url":"https:\/\/m.media-amazon.com\/images\/I\/31sCU5J7dRL._SL500_.jpg","contentUrl":"https:\/\/m.media-amazon.com\/images\/I\/31sCU5J7dRL._SL500_.jpg","width":400,"height":500},{"@type":"BreadcrumbList","@id":"https:\/\/marktxxl.de\/markt\/produkt\/kitsch-gua-sha-gesichtswerkzeug-gesichtsmassagegeraet-edelstahl-gua-sha-werkzeug-guasha-board-massagewerkzeuge-schaber-ideal-fuer-falten-und-dunkle-flecken\/#breadcrumb","itemListElement":[{"@type":"ListItem","position":1,"name":"Startseite","item":"https:\/\/marktxxl.de\/markt\/"},{"@type":"ListItem","position":2,"name":"Markt","item":"https:\/\/marktxxl.de\/markt\/"},{"@type":"ListItem","position":3,"name":"Kitsch Gua Sha Gesichtswerkzeug, Gesichtsmassageger\u00e4t, Edelstahl Gua Sha Werkzeug, GuaSha Board, Massagewerkzeuge, Schaber, ideal f\u00fcr Falten und dunkle Flecken"}]},{"@type":"WebSite","@id":"https:\/\/marktxxl.de\/markt\/#website","url":"https:\/\/marktxxl.de\/markt\/","name":"Markt-XXL","description":"Ihr Markt Online","publisher":{"@id":"https:\/\/marktxxl.de\/markt\/#organization"},"potentialAction":[{"@type":"SearchAction","target":{"@type":"EntryPoint","urlTemplate":"https:\/\/marktxxl.de\/markt\/?s={search_term_string}"},"query-input":{"@type":"PropertyValueSpecification","valueRequired":true,"valueName":"search_term_string"}}],"inLanguage":"de"},{"@type":"Organization","@id":"https:\/\/marktxxl.de\/markt\/#organization","name":"Markt-XXL","url":"https:\/\/marktxxl.de\/markt\/","logo":{"@type":"ImageObject","inLanguage":"de","@id":"https:\/\/marktxxl.de\/markt\/#\/schema\/logo\/image\/","url":"https:\/\/marktxxl.de\/markt\/wp-content\/uploads\/sites\/3\/2020\/12\/logo.png","contentUrl":"https:\/\/marktxxl.de\/markt\/wp-content\/uploads\/sites\/3\/2020\/12\/logo.png","width":200,"height":70,"caption":"Markt-XXL"},"image":{"@id":"https:\/\/marktxxl.de\/markt\/#\/schema\/logo\/image\/"}}]}},"_links":{"self":[{"href":"https:\/\/marktxxl.de\/markt\/wp-json\/wp\/v2\/product\/225806","targetHints":{"allow":["GET"]}}],"collection":[{"href":"https:\/\/marktxxl.de\/markt\/wp-json\/wp\/v2\/product"}],"about":[{"href":"https:\/\/marktxxl.de\/markt\/wp-json\/wp\/v2\/types\/product"}],"replies":[{"embeddable":true,"href":"https:\/\/marktxxl.de\/markt\/wp-json\/wp\/v2\/comments?post=225806"}],"wp:featuredmedia":[{"embeddable":true,"href":"https:\/\/marktxxl.de\/markt\/wp-json\/wp\/v2\/media\/225807"}],"wp:attachment":[{"href":"https:\/\/marktxxl.de\/markt\/wp-json\/wp\/v2\/media?parent=225806"}],"wp:term":[{"taxonomy":"product_brand","embeddable":true,"href":"https:\/\/marktxxl.de\/markt\/wp-json\/wp\/v2\/product_brand?post=225806"},{"taxonomy":"product_cat","embeddable":true,"href":"https:\/\/marktxxl.de\/markt\/wp-json\/wp\/v2\/product_cat?post=225806"},{"taxonomy":"product_tag","embeddable":true,"href":"https:\/\/marktxxl.de\/markt\/wp-json\/wp\/v2\/product_tag?post=225806"}],"curies":[{"name":"wp","href":"https:\/\/api.w.org\/{rel}","templated":true}]}}