{"id":225783,"date":"2024-07-28T21:29:51","date_gmt":"2024-07-28T19:29:51","guid":{"rendered":"https:\/\/marktxxl.de\/markt\/produkt\/flohsamenschalen-1-kg-2x500g-natuerliche-ballaststoffe-von-der-gruenen-essenz-flohsamenschalen-gemahlen-vegan-low-carb-ballaststoffreich-ohne-zusaetze-ersatz-fuer-mehl-in-keto-diaet\/"},"modified":"2024-07-28T21:29:51","modified_gmt":"2024-07-28T19:29:51","slug":"flohsamenschalen-1-kg-2x500g-natuerliche-ballaststoffe-von-der-gruenen-essenz-flohsamenschalen-gemahlen-vegan-low-carb-ballaststoffreich-ohne-zusaetze-ersatz-fuer-mehl-in-keto-diaet","status":"publish","type":"product","link":"https:\/\/marktxxl.de\/markt\/produkt\/flohsamenschalen-1-kg-2x500g-natuerliche-ballaststoffe-von-der-gruenen-essenz-flohsamenschalen-gemahlen-vegan-low-carb-ballaststoffreich-ohne-zusaetze-ersatz-fuer-mehl-in-keto-diaet\/","title":{"rendered":"Flohsamenschalen 1 kg (2X500g) &#8211; nat\u00fcrliche Ballaststoffe von der Gr\u00fcnen Essenz &#8211; Flohsamenschalen gemahlen &#8211; vegan &#8211; Low Carb &#8211; Ballaststoffreich &#8211; ohne Zus\u00e4tze &#8211; Ersatz f\u00fcr Mehl in Keto-Di\u00e4t"},"content":{"rendered":"<p>\u2b50\ufe0fWIE FUNKTIONIEREN DIE FLOHSAMENSCHALEN?? Flohsamenschalen Pulver sind eine ideale Quelle f\u00fcr nat\u00fcrliche Ballaststoffe (68 g\/100 g). In Verbindung mit Wasser beginnt es zu quellen. Steigert das S\u00e4ttigungsgef\u00fchl und verhindert unn\u00f6tiges Naschen zwischen den Mahlzeiten. Die Schale bildet bei Kontakt mit Wasser ein geschmacksneutrales Gel, \u00e4hnlich wie Chiasamen oder Leinsamen.<br \/>\n\u2b50\ufe0fWIE MAN BALLASTSTOFFE IN FORM VON FLOHSAMENSCHALEN ZU SICH NIMMT? Die empfohlene Dosis betr\u00e4gt etwa 7 Teel\u00f6ffel pro Tag (aufgeteilt in 2-3 Portionen). Gie\u00dfen Sie die Fl\u00fcssigkeit \u00fcber die Schalen (min. 200 ml) und trinken Sie es direkt. Es wird empfohlen, w\u00e4hrend der Einnahme von nat\u00fcrlichen Ballaststoffen etwa 2 l Wasser pro Tag zu trinken.<br \/>\n\u2b50\ufe0fZUTATEN: 100% Flohsamenschalen<br \/>\n\u2b50PRAKTISCHE UND STABILE VERPACKUNG Alle pflanzlichen Rohstoffe, Cerealien, Mehle, Kr\u00e4uter, Tees, Trockenfr\u00fcchte und Gem\u00fcse, die wir in unserem Naturkostladen anbieten, sind in hochwertigen Doypacks verpackt.<br \/>\n\u2b50 LESS WASTE: NUR Recycelte F\u00fcllstoffe | OHNE Luftpolsterfolie | Klebeb\u00e4nder aus Papier | NUR Pappkartons | Elektronische Quittungen | Von Hand verpackt.<br \/>\n<div class=\"main-cross-sell\" data-asin=\"B0CQPPBGWB\">\n\n\t<div class=\"WooZone-cross-sell-loader\">\n\t\t<div>\n\t\t\t<div id=\"floatingBarsG\">\n\t\t\t\t<div class=\"blockG\" id=\"rotateG_01\"><\/div>\n\t\t\t\t<div class=\"blockG\" id=\"rotateG_02\"><\/div>\n\t\t\t\t<div class=\"blockG\" id=\"rotateG_03\"><\/div>\n\t\t\t\t<div class=\"blockG\" id=\"rotateG_04\"><\/div>\n\t\t\t\t<div class=\"blockG\" id=\"rotateG_05\"><\/div>\n\t\t\t\t<div class=\"blockG\" id=\"rotateG_06\"><\/div>\n\t\t\t\t<div class=\"blockG\" id=\"rotateG_07\"><\/div>\n\t\t\t\t<div class=\"blockG\" id=\"rotateG_08\"><\/div>\n\t\t\t<\/div>\n\t\t\t<div class=\"WooZone-cross-sell-loader-text\"><\/div>\n\t\t<\/div>\n\t<\/div>\n\n\t\t\n<\/div>\n<div style=\"clear:both;\"><\/div><\/p>\n","protected":false},"excerpt":{"rendered":"<p>\u2b50\ufe0fWIE FUNKTIONIEREN DIE FLOHSAMENSCHALEN?? Flohsamenschalen Pulver sind eine ideale Quelle f\u00fcr nat\u00fcrliche Ballaststoffe (68 g\/100 g). In Verbindung mit Wasser beginnt es zu quellen. Steigert das S\u00e4ttigungsgef\u00fchl und verhindert unn\u00f6tiges Naschen zwischen den Mahlzeiten. Die Schale bildet bei Kontakt mit Wasser ein geschmacksneutrales Gel, \u00e4hnlich wie Chiasamen oder Leinsamen.<br \/>\n\u2b50\ufe0fWIE MAN BALLASTSTOFFE IN FORM VON FLOHSAMENSCHALEN ZU SICH NIMMT? Die empfohlene Dosis betr\u00e4gt etwa 7 Teel\u00f6ffel pro Tag (aufgeteilt in 2-3 Portionen). Gie\u00dfen Sie die Fl\u00fcssigkeit \u00fcber die Schalen (min. 200 ml) und trinken Sie es direkt. Es wird empfohlen, w\u00e4hrend der Einnahme von nat\u00fcrlichen Ballaststoffen etwa 2 l Wasser pro Tag zu trinken.<br \/>\n\u2b50\ufe0fZUTATEN: 100% Flohsamenschalen<\/p>\n","protected":false},"featured_media":225784,"comment_status":"open","ping_status":"closed","template":"","meta":[],"product_brand":[],"product_cat":[566,6375],"product_tag":[],"class_list":{"0":"post-225783","1":"product","2":"type-product","3":"status-publish","4":"has-post-thumbnail","6":"product_cat-drogerie-koerperpflege","7":"product_cat-vitamine-mineralien-ergaenzungsmittel","8":"pa_brand-green-essence","9":"pa_languages-unbekannt-deutsch","10":"pa_manufacturer-green-essence","11":"pa_size-1-kg-1er-pack","12":"pa_weight-2-20462262-pounds","14":"first","15":"instock","16":"shipping-taxable","17":"purchasable","18":"product-type-simple","19":"customify-col","20":"product-has-gallery"},"yoast_head":"<!-- This site is optimized with the Yoast SEO plugin v27.3 - https:\/\/yoast.com\/product\/yoast-seo-wordpress\/ -->\n<title>Flohsamenschalen 1 kg (2X500g) - nat\u00fcrliche Ballaststoffe von der Gr\u00fcnen Essenz - Flohsamenschalen gemahlen - vegan - Low Carb - Ballaststoffreich - ohne Zus\u00e4tze - Ersatz f\u00fcr Mehl in Keto-Di\u00e4t - Markt-XXL<\/title>\n<meta name=\"description\" content=\"Markt-XXL Flohsamenschalen 1 kg (2X500g) - nat\u00fcrliche Ballaststoffe von der Gr\u00fcnen Essenz - Flohsamenschalen gemahlen - vegan - Low Carb - Ballaststoffreich - ohne Zus\u00e4tze - Ersatz f\u00fcr Mehl in Keto-Di\u00e4t\" \/>\n<meta name=\"robots\" content=\"index, follow, max-snippet:-1, max-image-preview:large, max-video-preview:-1\" \/>\n<link rel=\"canonical\" href=\"https:\/\/marktxxl.de\/markt\/produkt\/flohsamenschalen-1-kg-2x500g-natuerliche-ballaststoffe-von-der-gruenen-essenz-flohsamenschalen-gemahlen-vegan-low-carb-ballaststoffreich-ohne-zusaetze-ersatz-fuer-mehl-in-keto-diaet\/\" \/>\n<meta property=\"og:locale\" content=\"de_DE\" \/>\n<meta property=\"og:type\" content=\"article\" \/>\n<meta property=\"og:title\" content=\"Flohsamenschalen 1 kg (2X500g) - nat\u00fcrliche Ballaststoffe von der Gr\u00fcnen Essenz - Flohsamenschalen gemahlen - vegan - Low Carb - Ballaststoffreich - ohne Zus\u00e4tze - Ersatz f\u00fcr Mehl in Keto-Di\u00e4t - Markt-XXL\" \/>\n<meta property=\"og:description\" content=\"Markt-XXL Flohsamenschalen 1 kg (2X500g) - nat\u00fcrliche Ballaststoffe von der Gr\u00fcnen Essenz - Flohsamenschalen gemahlen - vegan - Low Carb - Ballaststoffreich - ohne Zus\u00e4tze - Ersatz f\u00fcr Mehl in Keto-Di\u00e4t\" \/>\n<meta property=\"og:url\" content=\"https:\/\/marktxxl.de\/markt\/produkt\/flohsamenschalen-1-kg-2x500g-natuerliche-ballaststoffe-von-der-gruenen-essenz-flohsamenschalen-gemahlen-vegan-low-carb-ballaststoffreich-ohne-zusaetze-ersatz-fuer-mehl-in-keto-diaet\/\" \/>\n<meta property=\"og:site_name\" content=\"Markt-XXL\" \/>\n<meta name=\"twitter:card\" content=\"summary_large_image\" \/>\n<meta name=\"twitter:label1\" content=\"Gesch\u00e4tzte Lesezeit\" \/>\n\t<meta name=\"twitter:data1\" content=\"1\u00a0Minute\" \/>\n<script type=\"application\/ld+json\" class=\"yoast-schema-graph\">{\"@context\":\"https:\\\/\\\/schema.org\",\"@graph\":[{\"@type\":\"WebPage\",\"@id\":\"https:\\\/\\\/marktxxl.de\\\/markt\\\/produkt\\\/flohsamenschalen-1-kg-2x500g-natuerliche-ballaststoffe-von-der-gruenen-essenz-flohsamenschalen-gemahlen-vegan-low-carb-ballaststoffreich-ohne-zusaetze-ersatz-fuer-mehl-in-keto-diaet\\\/\",\"url\":\"https:\\\/\\\/marktxxl.de\\\/markt\\\/produkt\\\/flohsamenschalen-1-kg-2x500g-natuerliche-ballaststoffe-von-der-gruenen-essenz-flohsamenschalen-gemahlen-vegan-low-carb-ballaststoffreich-ohne-zusaetze-ersatz-fuer-mehl-in-keto-diaet\\\/\",\"name\":\"Flohsamenschalen 1 kg (2X500g) - nat\u00fcrliche Ballaststoffe von der Gr\u00fcnen Essenz - Flohsamenschalen gemahlen - vegan - Low Carb - Ballaststoffreich - ohne Zus\u00e4tze - Ersatz f\u00fcr Mehl in Keto-Di\u00e4t - Markt-XXL\",\"isPartOf\":{\"@id\":\"https:\\\/\\\/marktxxl.de\\\/markt\\\/#website\"},\"primaryImageOfPage\":{\"@id\":\"https:\\\/\\\/marktxxl.de\\\/markt\\\/produkt\\\/flohsamenschalen-1-kg-2x500g-natuerliche-ballaststoffe-von-der-gruenen-essenz-flohsamenschalen-gemahlen-vegan-low-carb-ballaststoffreich-ohne-zusaetze-ersatz-fuer-mehl-in-keto-diaet\\\/#primaryimage\"},\"image\":{\"@id\":\"https:\\\/\\\/marktxxl.de\\\/markt\\\/produkt\\\/flohsamenschalen-1-kg-2x500g-natuerliche-ballaststoffe-von-der-gruenen-essenz-flohsamenschalen-gemahlen-vegan-low-carb-ballaststoffreich-ohne-zusaetze-ersatz-fuer-mehl-in-keto-diaet\\\/#primaryimage\"},\"thumbnailUrl\":\"https:\\\/\\\/m.media-amazon.com\\\/images\\\/I\\\/317Ibt8dLtL._SL500_.jpg\",\"datePublished\":\"2024-07-28T19:29:51+00:00\",\"description\":\"Markt-XXL Flohsamenschalen 1 kg (2X500g) - nat\u00fcrliche Ballaststoffe von der Gr\u00fcnen Essenz - Flohsamenschalen gemahlen - vegan - Low Carb - Ballaststoffreich - ohne Zus\u00e4tze - Ersatz f\u00fcr Mehl in Keto-Di\u00e4t\",\"breadcrumb\":{\"@id\":\"https:\\\/\\\/marktxxl.de\\\/markt\\\/produkt\\\/flohsamenschalen-1-kg-2x500g-natuerliche-ballaststoffe-von-der-gruenen-essenz-flohsamenschalen-gemahlen-vegan-low-carb-ballaststoffreich-ohne-zusaetze-ersatz-fuer-mehl-in-keto-diaet\\\/#breadcrumb\"},\"inLanguage\":\"de\",\"potentialAction\":[{\"@type\":\"ReadAction\",\"target\":[\"https:\\\/\\\/marktxxl.de\\\/markt\\\/produkt\\\/flohsamenschalen-1-kg-2x500g-natuerliche-ballaststoffe-von-der-gruenen-essenz-flohsamenschalen-gemahlen-vegan-low-carb-ballaststoffreich-ohne-zusaetze-ersatz-fuer-mehl-in-keto-diaet\\\/\"]}]},{\"@type\":\"ImageObject\",\"inLanguage\":\"de\",\"@id\":\"https:\\\/\\\/marktxxl.de\\\/markt\\\/produkt\\\/flohsamenschalen-1-kg-2x500g-natuerliche-ballaststoffe-von-der-gruenen-essenz-flohsamenschalen-gemahlen-vegan-low-carb-ballaststoffreich-ohne-zusaetze-ersatz-fuer-mehl-in-keto-diaet\\\/#primaryimage\",\"url\":\"https:\\\/\\\/m.media-amazon.com\\\/images\\\/I\\\/317Ibt8dLtL._SL500_.jpg\",\"contentUrl\":\"https:\\\/\\\/m.media-amazon.com\\\/images\\\/I\\\/317Ibt8dLtL._SL500_.jpg\",\"width\":400,\"height\":500},{\"@type\":\"BreadcrumbList\",\"@id\":\"https:\\\/\\\/marktxxl.de\\\/markt\\\/produkt\\\/flohsamenschalen-1-kg-2x500g-natuerliche-ballaststoffe-von-der-gruenen-essenz-flohsamenschalen-gemahlen-vegan-low-carb-ballaststoffreich-ohne-zusaetze-ersatz-fuer-mehl-in-keto-diaet\\\/#breadcrumb\",\"itemListElement\":[{\"@type\":\"ListItem\",\"position\":1,\"name\":\"Startseite\",\"item\":\"https:\\\/\\\/marktxxl.de\\\/markt\\\/\"},{\"@type\":\"ListItem\",\"position\":2,\"name\":\"Markt\",\"item\":\"https:\\\/\\\/marktxxl.de\\\/markt\\\/\"},{\"@type\":\"ListItem\",\"position\":3,\"name\":\"Flohsamenschalen 1 kg (2X500g) &#8211; nat\u00fcrliche Ballaststoffe von der Gr\u00fcnen Essenz &#8211; Flohsamenschalen gemahlen &#8211; vegan &#8211; Low Carb &#8211; Ballaststoffreich &#8211; ohne Zus\u00e4tze &#8211; Ersatz f\u00fcr Mehl in Keto-Di\u00e4t\"}]},{\"@type\":\"WebSite\",\"@id\":\"https:\\\/\\\/marktxxl.de\\\/markt\\\/#website\",\"url\":\"https:\\\/\\\/marktxxl.de\\\/markt\\\/\",\"name\":\"Markt-XXL\",\"description\":\"Ihr Markt Online\",\"publisher\":{\"@id\":\"https:\\\/\\\/marktxxl.de\\\/markt\\\/#organization\"},\"potentialAction\":[{\"@type\":\"SearchAction\",\"target\":{\"@type\":\"EntryPoint\",\"urlTemplate\":\"https:\\\/\\\/marktxxl.de\\\/markt\\\/?s={search_term_string}\"},\"query-input\":{\"@type\":\"PropertyValueSpecification\",\"valueRequired\":true,\"valueName\":\"search_term_string\"}}],\"inLanguage\":\"de\"},{\"@type\":\"Organization\",\"@id\":\"https:\\\/\\\/marktxxl.de\\\/markt\\\/#organization\",\"name\":\"Markt-XXL\",\"url\":\"https:\\\/\\\/marktxxl.de\\\/markt\\\/\",\"logo\":{\"@type\":\"ImageObject\",\"inLanguage\":\"de\",\"@id\":\"https:\\\/\\\/marktxxl.de\\\/markt\\\/#\\\/schema\\\/logo\\\/image\\\/\",\"url\":\"https:\\\/\\\/marktxxl.de\\\/markt\\\/wp-content\\\/uploads\\\/sites\\\/3\\\/2020\\\/12\\\/logo.png\",\"contentUrl\":\"https:\\\/\\\/marktxxl.de\\\/markt\\\/wp-content\\\/uploads\\\/sites\\\/3\\\/2020\\\/12\\\/logo.png\",\"width\":200,\"height\":70,\"caption\":\"Markt-XXL\"},\"image\":{\"@id\":\"https:\\\/\\\/marktxxl.de\\\/markt\\\/#\\\/schema\\\/logo\\\/image\\\/\"}}]}<\/script>\n<!-- \/ Yoast SEO plugin. -->","yoast_head_json":{"title":"Flohsamenschalen 1 kg (2X500g) - nat\u00fcrliche Ballaststoffe von der Gr\u00fcnen Essenz - Flohsamenschalen gemahlen - vegan - Low Carb - Ballaststoffreich - ohne Zus\u00e4tze - Ersatz f\u00fcr Mehl in Keto-Di\u00e4t - Markt-XXL","description":"Markt-XXL Flohsamenschalen 1 kg (2X500g) - nat\u00fcrliche Ballaststoffe von der Gr\u00fcnen Essenz - Flohsamenschalen gemahlen - vegan - Low Carb - Ballaststoffreich - ohne Zus\u00e4tze - Ersatz f\u00fcr Mehl in Keto-Di\u00e4t","robots":{"index":"index","follow":"follow","max-snippet":"max-snippet:-1","max-image-preview":"max-image-preview:large","max-video-preview":"max-video-preview:-1"},"canonical":"https:\/\/marktxxl.de\/markt\/produkt\/flohsamenschalen-1-kg-2x500g-natuerliche-ballaststoffe-von-der-gruenen-essenz-flohsamenschalen-gemahlen-vegan-low-carb-ballaststoffreich-ohne-zusaetze-ersatz-fuer-mehl-in-keto-diaet\/","og_locale":"de_DE","og_type":"article","og_title":"Flohsamenschalen 1 kg (2X500g) - nat\u00fcrliche Ballaststoffe von der Gr\u00fcnen Essenz - Flohsamenschalen gemahlen - vegan - Low Carb - Ballaststoffreich - ohne Zus\u00e4tze - Ersatz f\u00fcr Mehl in Keto-Di\u00e4t - Markt-XXL","og_description":"Markt-XXL Flohsamenschalen 1 kg (2X500g) - nat\u00fcrliche Ballaststoffe von der Gr\u00fcnen Essenz - Flohsamenschalen gemahlen - vegan - Low Carb - Ballaststoffreich - ohne Zus\u00e4tze - Ersatz f\u00fcr Mehl in Keto-Di\u00e4t","og_url":"https:\/\/marktxxl.de\/markt\/produkt\/flohsamenschalen-1-kg-2x500g-natuerliche-ballaststoffe-von-der-gruenen-essenz-flohsamenschalen-gemahlen-vegan-low-carb-ballaststoffreich-ohne-zusaetze-ersatz-fuer-mehl-in-keto-diaet\/","og_site_name":"Markt-XXL","twitter_card":"summary_large_image","twitter_misc":{"Gesch\u00e4tzte Lesezeit":"1\u00a0Minute"},"schema":{"@context":"https:\/\/schema.org","@graph":[{"@type":"WebPage","@id":"https:\/\/marktxxl.de\/markt\/produkt\/flohsamenschalen-1-kg-2x500g-natuerliche-ballaststoffe-von-der-gruenen-essenz-flohsamenschalen-gemahlen-vegan-low-carb-ballaststoffreich-ohne-zusaetze-ersatz-fuer-mehl-in-keto-diaet\/","url":"https:\/\/marktxxl.de\/markt\/produkt\/flohsamenschalen-1-kg-2x500g-natuerliche-ballaststoffe-von-der-gruenen-essenz-flohsamenschalen-gemahlen-vegan-low-carb-ballaststoffreich-ohne-zusaetze-ersatz-fuer-mehl-in-keto-diaet\/","name":"Flohsamenschalen 1 kg (2X500g) - nat\u00fcrliche Ballaststoffe von der Gr\u00fcnen Essenz - Flohsamenschalen gemahlen - vegan - Low Carb - Ballaststoffreich - ohne Zus\u00e4tze - Ersatz f\u00fcr Mehl in Keto-Di\u00e4t - Markt-XXL","isPartOf":{"@id":"https:\/\/marktxxl.de\/markt\/#website"},"primaryImageOfPage":{"@id":"https:\/\/marktxxl.de\/markt\/produkt\/flohsamenschalen-1-kg-2x500g-natuerliche-ballaststoffe-von-der-gruenen-essenz-flohsamenschalen-gemahlen-vegan-low-carb-ballaststoffreich-ohne-zusaetze-ersatz-fuer-mehl-in-keto-diaet\/#primaryimage"},"image":{"@id":"https:\/\/marktxxl.de\/markt\/produkt\/flohsamenschalen-1-kg-2x500g-natuerliche-ballaststoffe-von-der-gruenen-essenz-flohsamenschalen-gemahlen-vegan-low-carb-ballaststoffreich-ohne-zusaetze-ersatz-fuer-mehl-in-keto-diaet\/#primaryimage"},"thumbnailUrl":"https:\/\/m.media-amazon.com\/images\/I\/317Ibt8dLtL._SL500_.jpg","datePublished":"2024-07-28T19:29:51+00:00","description":"Markt-XXL Flohsamenschalen 1 kg (2X500g) - nat\u00fcrliche Ballaststoffe von der Gr\u00fcnen Essenz - Flohsamenschalen gemahlen - vegan - Low Carb - Ballaststoffreich - ohne Zus\u00e4tze - Ersatz f\u00fcr Mehl in Keto-Di\u00e4t","breadcrumb":{"@id":"https:\/\/marktxxl.de\/markt\/produkt\/flohsamenschalen-1-kg-2x500g-natuerliche-ballaststoffe-von-der-gruenen-essenz-flohsamenschalen-gemahlen-vegan-low-carb-ballaststoffreich-ohne-zusaetze-ersatz-fuer-mehl-in-keto-diaet\/#breadcrumb"},"inLanguage":"de","potentialAction":[{"@type":"ReadAction","target":["https:\/\/marktxxl.de\/markt\/produkt\/flohsamenschalen-1-kg-2x500g-natuerliche-ballaststoffe-von-der-gruenen-essenz-flohsamenschalen-gemahlen-vegan-low-carb-ballaststoffreich-ohne-zusaetze-ersatz-fuer-mehl-in-keto-diaet\/"]}]},{"@type":"ImageObject","inLanguage":"de","@id":"https:\/\/marktxxl.de\/markt\/produkt\/flohsamenschalen-1-kg-2x500g-natuerliche-ballaststoffe-von-der-gruenen-essenz-flohsamenschalen-gemahlen-vegan-low-carb-ballaststoffreich-ohne-zusaetze-ersatz-fuer-mehl-in-keto-diaet\/#primaryimage","url":"https:\/\/m.media-amazon.com\/images\/I\/317Ibt8dLtL._SL500_.jpg","contentUrl":"https:\/\/m.media-amazon.com\/images\/I\/317Ibt8dLtL._SL500_.jpg","width":400,"height":500},{"@type":"BreadcrumbList","@id":"https:\/\/marktxxl.de\/markt\/produkt\/flohsamenschalen-1-kg-2x500g-natuerliche-ballaststoffe-von-der-gruenen-essenz-flohsamenschalen-gemahlen-vegan-low-carb-ballaststoffreich-ohne-zusaetze-ersatz-fuer-mehl-in-keto-diaet\/#breadcrumb","itemListElement":[{"@type":"ListItem","position":1,"name":"Startseite","item":"https:\/\/marktxxl.de\/markt\/"},{"@type":"ListItem","position":2,"name":"Markt","item":"https:\/\/marktxxl.de\/markt\/"},{"@type":"ListItem","position":3,"name":"Flohsamenschalen 1 kg (2X500g) &#8211; nat\u00fcrliche Ballaststoffe von der Gr\u00fcnen Essenz &#8211; Flohsamenschalen gemahlen &#8211; vegan &#8211; Low Carb &#8211; Ballaststoffreich &#8211; ohne Zus\u00e4tze &#8211; Ersatz f\u00fcr Mehl in Keto-Di\u00e4t"}]},{"@type":"WebSite","@id":"https:\/\/marktxxl.de\/markt\/#website","url":"https:\/\/marktxxl.de\/markt\/","name":"Markt-XXL","description":"Ihr Markt Online","publisher":{"@id":"https:\/\/marktxxl.de\/markt\/#organization"},"potentialAction":[{"@type":"SearchAction","target":{"@type":"EntryPoint","urlTemplate":"https:\/\/marktxxl.de\/markt\/?s={search_term_string}"},"query-input":{"@type":"PropertyValueSpecification","valueRequired":true,"valueName":"search_term_string"}}],"inLanguage":"de"},{"@type":"Organization","@id":"https:\/\/marktxxl.de\/markt\/#organization","name":"Markt-XXL","url":"https:\/\/marktxxl.de\/markt\/","logo":{"@type":"ImageObject","inLanguage":"de","@id":"https:\/\/marktxxl.de\/markt\/#\/schema\/logo\/image\/","url":"https:\/\/marktxxl.de\/markt\/wp-content\/uploads\/sites\/3\/2020\/12\/logo.png","contentUrl":"https:\/\/marktxxl.de\/markt\/wp-content\/uploads\/sites\/3\/2020\/12\/logo.png","width":200,"height":70,"caption":"Markt-XXL"},"image":{"@id":"https:\/\/marktxxl.de\/markt\/#\/schema\/logo\/image\/"}}]}},"_links":{"self":[{"href":"https:\/\/marktxxl.de\/markt\/wp-json\/wp\/v2\/product\/225783","targetHints":{"allow":["GET"]}}],"collection":[{"href":"https:\/\/marktxxl.de\/markt\/wp-json\/wp\/v2\/product"}],"about":[{"href":"https:\/\/marktxxl.de\/markt\/wp-json\/wp\/v2\/types\/product"}],"replies":[{"embeddable":true,"href":"https:\/\/marktxxl.de\/markt\/wp-json\/wp\/v2\/comments?post=225783"}],"wp:featuredmedia":[{"embeddable":true,"href":"https:\/\/marktxxl.de\/markt\/wp-json\/wp\/v2\/media\/225784"}],"wp:attachment":[{"href":"https:\/\/marktxxl.de\/markt\/wp-json\/wp\/v2\/media?parent=225783"}],"wp:term":[{"taxonomy":"product_brand","embeddable":true,"href":"https:\/\/marktxxl.de\/markt\/wp-json\/wp\/v2\/product_brand?post=225783"},{"taxonomy":"product_cat","embeddable":true,"href":"https:\/\/marktxxl.de\/markt\/wp-json\/wp\/v2\/product_cat?post=225783"},{"taxonomy":"product_tag","embeddable":true,"href":"https:\/\/marktxxl.de\/markt\/wp-json\/wp\/v2\/product_tag?post=225783"}],"curies":[{"name":"wp","href":"https:\/\/api.w.org\/{rel}","templated":true}]}}