{"id":225768,"date":"2024-07-28T21:29:38","date_gmt":"2024-07-28T19:29:38","guid":{"rendered":"https:\/\/marktxxl.de\/markt\/produkt\/trace-minerals-liquid-zinc-quercetin-25-mg-zinc-200-mg-quercetin-supports-normal-immune-and-cardiovascular-function-natural-orange-mango-flavor-32-servings-16-fl-oz\/"},"modified":"2024-07-28T21:29:38","modified_gmt":"2024-07-28T19:29:38","slug":"trace-minerals-liquid-zinc-quercetin-25-mg-zinc-200-mg-quercetin-supports-normal-immune-and-cardiovascular-function-natural-orange-mango-flavor-32-servings-16-fl-oz","status":"publish","type":"product","link":"https:\/\/marktxxl.de\/markt\/produkt\/trace-minerals-liquid-zinc-quercetin-25-mg-zinc-200-mg-quercetin-supports-normal-immune-and-cardiovascular-function-natural-orange-mango-flavor-32-servings-16-fl-oz\/","title":{"rendered":"Trace Minerals | Liquid Zinc + Quercetin | 25 mg Zinc, 200 mg Quercetin | Supports Normal Immune and Cardiovascular Function | Natural Orange Mango Flavor | 32 Servings, 16 fl oz"},"content":{"rendered":"<p>ERLEBEN SIE DIE VORTEILE von Trace Minerals Liquid Zinc + Quercetin! Unterst\u00fctzen Sie den normalen S\u00e4ure-Basen-Stoffwechsel, die kognitive Funktion, die DNA-Synthese, den Vitamin-A-Stoffwechsel und die Funktion des Immunsystems, um Ihr gesamtes Wohlbefinden zu steigern.<br \/>\nEntfesseln Sie das Potenzial von Trace Minerals Liquid Zinc + Quercetin! Erh\u00f6hen Sie Ihre Gesundheit mit der Unterst\u00fctzung eines normalen S\u00e4ure-Basen-Stoffwechsels, der kognitiven Funktion, der DNA-Synthese, des Vitamin-A-Stoffwechsels und der Funktion des Immunsystems.<br \/>\nVERST\u00c4RKEN SIE IHR WOHLBEFINDEN mit Trace Minerals Liquid Zinc + Quercetin! F\u00f6rdern Sie den normalen S\u00e4ure-Basen-Stoffwechsel, die kognitive Funktion, die DNA-Synthese, den Vitamin-A-Stoffwechsel und die Funktion des Immunsystems f\u00fcr einen ganzheitlichen Ansatz f\u00fcr Ihre Gesundheit.<br \/>\nEntdecken Sie Ausgeglichenheit und Vitalit\u00e4t mit Trace Minerals Liquid Zinc + Quercetin! Unterst\u00fctzen Sie den normalen S\u00e4ure-Basen-Stoffwechsel, die kognitive Funktion, die DNA-Synthese, den Vitamin-A-Stoffwechsel und die Funktion des Immunsystems f\u00fcr ein ges\u00fcnderes Selbst.<br \/>\n<div class=\"main-cross-sell\" data-asin=\"B09V2YBVMZ\">\n\n\t<div class=\"WooZone-cross-sell-loader\">\n\t\t<div>\n\t\t\t<div id=\"floatingBarsG\">\n\t\t\t\t<div class=\"blockG\" id=\"rotateG_01\"><\/div>\n\t\t\t\t<div class=\"blockG\" id=\"rotateG_02\"><\/div>\n\t\t\t\t<div class=\"blockG\" id=\"rotateG_03\"><\/div>\n\t\t\t\t<div class=\"blockG\" id=\"rotateG_04\"><\/div>\n\t\t\t\t<div class=\"blockG\" id=\"rotateG_05\"><\/div>\n\t\t\t\t<div class=\"blockG\" id=\"rotateG_06\"><\/div>\n\t\t\t\t<div class=\"blockG\" id=\"rotateG_07\"><\/div>\n\t\t\t\t<div class=\"blockG\" id=\"rotateG_08\"><\/div>\n\t\t\t<\/div>\n\t\t\t<div class=\"WooZone-cross-sell-loader-text\"><\/div>\n\t\t<\/div>\n\t<\/div>\n\n\t\t\n<\/div>\n<div style=\"clear:both;\"><\/div><\/p>\n","protected":false},"excerpt":{"rendered":"<p>ERLEBEN SIE DIE VORTEILE von Trace Minerals Liquid Zinc + Quercetin! Unterst\u00fctzen Sie den normalen S\u00e4ure-Basen-Stoffwechsel, die kognitive Funktion, die DNA-Synthese, den Vitamin-A-Stoffwechsel und die Funktion des Immunsystems, um Ihr gesamtes Wohlbefinden zu steigern.<br \/>\nEntfesseln Sie das Potenzial von Trace Minerals Liquid Zinc + Quercetin! Erh\u00f6hen Sie Ihre Gesundheit mit der Unterst\u00fctzung eines normalen S\u00e4ure-Basen-Stoffwechsels, der kognitiven Funktion, der DNA-Synthese, des Vitamin-A-Stoffwechsels und der Funktion des Immunsystems.<br \/>\nVERST\u00c4RKEN SIE IHR WOHLBEFINDEN mit Trace Minerals Liquid Zinc + Quercetin! F\u00f6rdern Sie den normalen S\u00e4ure-Basen-Stoffwechsel, die kognitive Funktion, die DNA-Synthese, den Vitamin-A-Stoffwechsel und die Funktion des Immunsystems f\u00fcr einen ganzheitlichen Ansatz f\u00fcr Ihre Gesundheit.<\/p>\n","protected":false},"featured_media":225769,"comment_status":"open","ping_status":"closed","template":"","meta":[],"product_brand":[],"product_cat":[566,6375],"product_tag":[],"class_list":{"0":"post-225768","1":"product","2":"type-product","3":"status-publish","4":"has-post-thumbnail","6":"product_cat-drogerie-koerperpflege","7":"product_cat-vitamine-mineralien-ergaenzungsmittel","8":"pa_brand-trace-minerals","9":"pa_height-6-5-zoll","10":"pa_length-3-zoll","11":"pa_manufacturer-trace-minerals","12":"pa_size-473-ml-1er-pack","13":"pa_weight-1-35-pounds","14":"pa_width-3-zoll","16":"first","17":"instock","18":"shipping-taxable","19":"purchasable","20":"product-type-simple","21":"customify-col","22":"product-has-gallery"},"yoast_head":"<!-- This site is optimized with the Yoast SEO plugin v27.3 - https:\/\/yoast.com\/product\/yoast-seo-wordpress\/ -->\n<title>Trace Minerals | Liquid Zinc + Quercetin | 25 mg Zinc, 200 mg Quercetin | Supports Normal Immune and Cardiovascular Function | Natural Orange Mango Flavor | 32 Servings, 16 fl oz - Markt-XXL<\/title>\n<meta name=\"description\" content=\"Markt-XXL Trace Minerals | Liquid Zinc + Quercetin | 25 mg Zinc, 200 mg Quercetin | Supports Normal Immune and Cardiovascular Function | Natural Orange Mango Flavor | 32 Servings, 16 fl oz\" \/>\n<meta name=\"robots\" content=\"index, follow, max-snippet:-1, max-image-preview:large, max-video-preview:-1\" \/>\n<link rel=\"canonical\" href=\"https:\/\/marktxxl.de\/markt\/produkt\/trace-minerals-liquid-zinc-quercetin-25-mg-zinc-200-mg-quercetin-supports-normal-immune-and-cardiovascular-function-natural-orange-mango-flavor-32-servings-16-fl-oz\/\" \/>\n<meta property=\"og:locale\" content=\"de_DE\" \/>\n<meta property=\"og:type\" content=\"article\" \/>\n<meta property=\"og:title\" content=\"Trace Minerals | Liquid Zinc + Quercetin | 25 mg Zinc, 200 mg Quercetin | Supports Normal Immune and Cardiovascular Function | Natural Orange Mango Flavor | 32 Servings, 16 fl oz - Markt-XXL\" \/>\n<meta property=\"og:description\" content=\"Markt-XXL Trace Minerals | Liquid Zinc + Quercetin | 25 mg Zinc, 200 mg Quercetin | Supports Normal Immune and Cardiovascular Function | Natural Orange Mango Flavor | 32 Servings, 16 fl oz\" \/>\n<meta property=\"og:url\" content=\"https:\/\/marktxxl.de\/markt\/produkt\/trace-minerals-liquid-zinc-quercetin-25-mg-zinc-200-mg-quercetin-supports-normal-immune-and-cardiovascular-function-natural-orange-mango-flavor-32-servings-16-fl-oz\/\" \/>\n<meta property=\"og:site_name\" content=\"Markt-XXL\" \/>\n<meta name=\"twitter:card\" content=\"summary_large_image\" \/>\n<meta name=\"twitter:label1\" content=\"Gesch\u00e4tzte Lesezeit\" \/>\n\t<meta name=\"twitter:data1\" content=\"1\u00a0Minute\" \/>\n<script type=\"application\/ld+json\" class=\"yoast-schema-graph\">{\"@context\":\"https:\\\/\\\/schema.org\",\"@graph\":[{\"@type\":\"WebPage\",\"@id\":\"https:\\\/\\\/marktxxl.de\\\/markt\\\/produkt\\\/trace-minerals-liquid-zinc-quercetin-25-mg-zinc-200-mg-quercetin-supports-normal-immune-and-cardiovascular-function-natural-orange-mango-flavor-32-servings-16-fl-oz\\\/\",\"url\":\"https:\\\/\\\/marktxxl.de\\\/markt\\\/produkt\\\/trace-minerals-liquid-zinc-quercetin-25-mg-zinc-200-mg-quercetin-supports-normal-immune-and-cardiovascular-function-natural-orange-mango-flavor-32-servings-16-fl-oz\\\/\",\"name\":\"Trace Minerals | Liquid Zinc + Quercetin | 25 mg Zinc, 200 mg Quercetin | Supports Normal Immune and Cardiovascular Function | Natural Orange Mango Flavor | 32 Servings, 16 fl oz - Markt-XXL\",\"isPartOf\":{\"@id\":\"https:\\\/\\\/marktxxl.de\\\/markt\\\/#website\"},\"primaryImageOfPage\":{\"@id\":\"https:\\\/\\\/marktxxl.de\\\/markt\\\/produkt\\\/trace-minerals-liquid-zinc-quercetin-25-mg-zinc-200-mg-quercetin-supports-normal-immune-and-cardiovascular-function-natural-orange-mango-flavor-32-servings-16-fl-oz\\\/#primaryimage\"},\"image\":{\"@id\":\"https:\\\/\\\/marktxxl.de\\\/markt\\\/produkt\\\/trace-minerals-liquid-zinc-quercetin-25-mg-zinc-200-mg-quercetin-supports-normal-immune-and-cardiovascular-function-natural-orange-mango-flavor-32-servings-16-fl-oz\\\/#primaryimage\"},\"thumbnailUrl\":\"https:\\\/\\\/m.media-amazon.com\\\/images\\\/I\\\/41Pl-yCyxcL._SL500_.jpg\",\"datePublished\":\"2024-07-28T19:29:38+00:00\",\"description\":\"Markt-XXL Trace Minerals | Liquid Zinc + Quercetin | 25 mg Zinc, 200 mg Quercetin | Supports Normal Immune and Cardiovascular Function | Natural Orange Mango Flavor | 32 Servings, 16 fl oz\",\"breadcrumb\":{\"@id\":\"https:\\\/\\\/marktxxl.de\\\/markt\\\/produkt\\\/trace-minerals-liquid-zinc-quercetin-25-mg-zinc-200-mg-quercetin-supports-normal-immune-and-cardiovascular-function-natural-orange-mango-flavor-32-servings-16-fl-oz\\\/#breadcrumb\"},\"inLanguage\":\"de\",\"potentialAction\":[{\"@type\":\"ReadAction\",\"target\":[\"https:\\\/\\\/marktxxl.de\\\/markt\\\/produkt\\\/trace-minerals-liquid-zinc-quercetin-25-mg-zinc-200-mg-quercetin-supports-normal-immune-and-cardiovascular-function-natural-orange-mango-flavor-32-servings-16-fl-oz\\\/\"]}]},{\"@type\":\"ImageObject\",\"inLanguage\":\"de\",\"@id\":\"https:\\\/\\\/marktxxl.de\\\/markt\\\/produkt\\\/trace-minerals-liquid-zinc-quercetin-25-mg-zinc-200-mg-quercetin-supports-normal-immune-and-cardiovascular-function-natural-orange-mango-flavor-32-servings-16-fl-oz\\\/#primaryimage\",\"url\":\"https:\\\/\\\/m.media-amazon.com\\\/images\\\/I\\\/41Pl-yCyxcL._SL500_.jpg\",\"contentUrl\":\"https:\\\/\\\/m.media-amazon.com\\\/images\\\/I\\\/41Pl-yCyxcL._SL500_.jpg\",\"width\":500,\"height\":500},{\"@type\":\"BreadcrumbList\",\"@id\":\"https:\\\/\\\/marktxxl.de\\\/markt\\\/produkt\\\/trace-minerals-liquid-zinc-quercetin-25-mg-zinc-200-mg-quercetin-supports-normal-immune-and-cardiovascular-function-natural-orange-mango-flavor-32-servings-16-fl-oz\\\/#breadcrumb\",\"itemListElement\":[{\"@type\":\"ListItem\",\"position\":1,\"name\":\"Startseite\",\"item\":\"https:\\\/\\\/marktxxl.de\\\/markt\\\/\"},{\"@type\":\"ListItem\",\"position\":2,\"name\":\"Markt\",\"item\":\"https:\\\/\\\/marktxxl.de\\\/markt\\\/\"},{\"@type\":\"ListItem\",\"position\":3,\"name\":\"Trace Minerals | Liquid Zinc + Quercetin | 25 mg Zinc, 200 mg Quercetin | Supports Normal Immune and Cardiovascular Function | Natural Orange Mango Flavor | 32 Servings, 16 fl oz\"}]},{\"@type\":\"WebSite\",\"@id\":\"https:\\\/\\\/marktxxl.de\\\/markt\\\/#website\",\"url\":\"https:\\\/\\\/marktxxl.de\\\/markt\\\/\",\"name\":\"Markt-XXL\",\"description\":\"Ihr Markt Online\",\"publisher\":{\"@id\":\"https:\\\/\\\/marktxxl.de\\\/markt\\\/#organization\"},\"potentialAction\":[{\"@type\":\"SearchAction\",\"target\":{\"@type\":\"EntryPoint\",\"urlTemplate\":\"https:\\\/\\\/marktxxl.de\\\/markt\\\/?s={search_term_string}\"},\"query-input\":{\"@type\":\"PropertyValueSpecification\",\"valueRequired\":true,\"valueName\":\"search_term_string\"}}],\"inLanguage\":\"de\"},{\"@type\":\"Organization\",\"@id\":\"https:\\\/\\\/marktxxl.de\\\/markt\\\/#organization\",\"name\":\"Markt-XXL\",\"url\":\"https:\\\/\\\/marktxxl.de\\\/markt\\\/\",\"logo\":{\"@type\":\"ImageObject\",\"inLanguage\":\"de\",\"@id\":\"https:\\\/\\\/marktxxl.de\\\/markt\\\/#\\\/schema\\\/logo\\\/image\\\/\",\"url\":\"https:\\\/\\\/marktxxl.de\\\/markt\\\/wp-content\\\/uploads\\\/sites\\\/3\\\/2020\\\/12\\\/logo.png\",\"contentUrl\":\"https:\\\/\\\/marktxxl.de\\\/markt\\\/wp-content\\\/uploads\\\/sites\\\/3\\\/2020\\\/12\\\/logo.png\",\"width\":200,\"height\":70,\"caption\":\"Markt-XXL\"},\"image\":{\"@id\":\"https:\\\/\\\/marktxxl.de\\\/markt\\\/#\\\/schema\\\/logo\\\/image\\\/\"}}]}<\/script>\n<!-- \/ Yoast SEO plugin. -->","yoast_head_json":{"title":"Trace Minerals | Liquid Zinc + Quercetin | 25 mg Zinc, 200 mg Quercetin | Supports Normal Immune and Cardiovascular Function | Natural Orange Mango Flavor | 32 Servings, 16 fl oz - Markt-XXL","description":"Markt-XXL Trace Minerals | Liquid Zinc + Quercetin | 25 mg Zinc, 200 mg Quercetin | Supports Normal Immune and Cardiovascular Function | Natural Orange Mango Flavor | 32 Servings, 16 fl oz","robots":{"index":"index","follow":"follow","max-snippet":"max-snippet:-1","max-image-preview":"max-image-preview:large","max-video-preview":"max-video-preview:-1"},"canonical":"https:\/\/marktxxl.de\/markt\/produkt\/trace-minerals-liquid-zinc-quercetin-25-mg-zinc-200-mg-quercetin-supports-normal-immune-and-cardiovascular-function-natural-orange-mango-flavor-32-servings-16-fl-oz\/","og_locale":"de_DE","og_type":"article","og_title":"Trace Minerals | Liquid Zinc + Quercetin | 25 mg Zinc, 200 mg Quercetin | Supports Normal Immune and Cardiovascular Function | Natural Orange Mango Flavor | 32 Servings, 16 fl oz - Markt-XXL","og_description":"Markt-XXL Trace Minerals | Liquid Zinc + Quercetin | 25 mg Zinc, 200 mg Quercetin | Supports Normal Immune and Cardiovascular Function | Natural Orange Mango Flavor | 32 Servings, 16 fl oz","og_url":"https:\/\/marktxxl.de\/markt\/produkt\/trace-minerals-liquid-zinc-quercetin-25-mg-zinc-200-mg-quercetin-supports-normal-immune-and-cardiovascular-function-natural-orange-mango-flavor-32-servings-16-fl-oz\/","og_site_name":"Markt-XXL","twitter_card":"summary_large_image","twitter_misc":{"Gesch\u00e4tzte Lesezeit":"1\u00a0Minute"},"schema":{"@context":"https:\/\/schema.org","@graph":[{"@type":"WebPage","@id":"https:\/\/marktxxl.de\/markt\/produkt\/trace-minerals-liquid-zinc-quercetin-25-mg-zinc-200-mg-quercetin-supports-normal-immune-and-cardiovascular-function-natural-orange-mango-flavor-32-servings-16-fl-oz\/","url":"https:\/\/marktxxl.de\/markt\/produkt\/trace-minerals-liquid-zinc-quercetin-25-mg-zinc-200-mg-quercetin-supports-normal-immune-and-cardiovascular-function-natural-orange-mango-flavor-32-servings-16-fl-oz\/","name":"Trace Minerals | Liquid Zinc + Quercetin | 25 mg Zinc, 200 mg Quercetin | Supports Normal Immune and Cardiovascular Function | Natural Orange Mango Flavor | 32 Servings, 16 fl oz - Markt-XXL","isPartOf":{"@id":"https:\/\/marktxxl.de\/markt\/#website"},"primaryImageOfPage":{"@id":"https:\/\/marktxxl.de\/markt\/produkt\/trace-minerals-liquid-zinc-quercetin-25-mg-zinc-200-mg-quercetin-supports-normal-immune-and-cardiovascular-function-natural-orange-mango-flavor-32-servings-16-fl-oz\/#primaryimage"},"image":{"@id":"https:\/\/marktxxl.de\/markt\/produkt\/trace-minerals-liquid-zinc-quercetin-25-mg-zinc-200-mg-quercetin-supports-normal-immune-and-cardiovascular-function-natural-orange-mango-flavor-32-servings-16-fl-oz\/#primaryimage"},"thumbnailUrl":"https:\/\/m.media-amazon.com\/images\/I\/41Pl-yCyxcL._SL500_.jpg","datePublished":"2024-07-28T19:29:38+00:00","description":"Markt-XXL Trace Minerals | Liquid Zinc + Quercetin | 25 mg Zinc, 200 mg Quercetin | Supports Normal Immune and Cardiovascular Function | Natural Orange Mango Flavor | 32 Servings, 16 fl oz","breadcrumb":{"@id":"https:\/\/marktxxl.de\/markt\/produkt\/trace-minerals-liquid-zinc-quercetin-25-mg-zinc-200-mg-quercetin-supports-normal-immune-and-cardiovascular-function-natural-orange-mango-flavor-32-servings-16-fl-oz\/#breadcrumb"},"inLanguage":"de","potentialAction":[{"@type":"ReadAction","target":["https:\/\/marktxxl.de\/markt\/produkt\/trace-minerals-liquid-zinc-quercetin-25-mg-zinc-200-mg-quercetin-supports-normal-immune-and-cardiovascular-function-natural-orange-mango-flavor-32-servings-16-fl-oz\/"]}]},{"@type":"ImageObject","inLanguage":"de","@id":"https:\/\/marktxxl.de\/markt\/produkt\/trace-minerals-liquid-zinc-quercetin-25-mg-zinc-200-mg-quercetin-supports-normal-immune-and-cardiovascular-function-natural-orange-mango-flavor-32-servings-16-fl-oz\/#primaryimage","url":"https:\/\/m.media-amazon.com\/images\/I\/41Pl-yCyxcL._SL500_.jpg","contentUrl":"https:\/\/m.media-amazon.com\/images\/I\/41Pl-yCyxcL._SL500_.jpg","width":500,"height":500},{"@type":"BreadcrumbList","@id":"https:\/\/marktxxl.de\/markt\/produkt\/trace-minerals-liquid-zinc-quercetin-25-mg-zinc-200-mg-quercetin-supports-normal-immune-and-cardiovascular-function-natural-orange-mango-flavor-32-servings-16-fl-oz\/#breadcrumb","itemListElement":[{"@type":"ListItem","position":1,"name":"Startseite","item":"https:\/\/marktxxl.de\/markt\/"},{"@type":"ListItem","position":2,"name":"Markt","item":"https:\/\/marktxxl.de\/markt\/"},{"@type":"ListItem","position":3,"name":"Trace Minerals | Liquid Zinc + Quercetin | 25 mg Zinc, 200 mg Quercetin | Supports Normal Immune and Cardiovascular Function | Natural Orange Mango Flavor | 32 Servings, 16 fl oz"}]},{"@type":"WebSite","@id":"https:\/\/marktxxl.de\/markt\/#website","url":"https:\/\/marktxxl.de\/markt\/","name":"Markt-XXL","description":"Ihr Markt Online","publisher":{"@id":"https:\/\/marktxxl.de\/markt\/#organization"},"potentialAction":[{"@type":"SearchAction","target":{"@type":"EntryPoint","urlTemplate":"https:\/\/marktxxl.de\/markt\/?s={search_term_string}"},"query-input":{"@type":"PropertyValueSpecification","valueRequired":true,"valueName":"search_term_string"}}],"inLanguage":"de"},{"@type":"Organization","@id":"https:\/\/marktxxl.de\/markt\/#organization","name":"Markt-XXL","url":"https:\/\/marktxxl.de\/markt\/","logo":{"@type":"ImageObject","inLanguage":"de","@id":"https:\/\/marktxxl.de\/markt\/#\/schema\/logo\/image\/","url":"https:\/\/marktxxl.de\/markt\/wp-content\/uploads\/sites\/3\/2020\/12\/logo.png","contentUrl":"https:\/\/marktxxl.de\/markt\/wp-content\/uploads\/sites\/3\/2020\/12\/logo.png","width":200,"height":70,"caption":"Markt-XXL"},"image":{"@id":"https:\/\/marktxxl.de\/markt\/#\/schema\/logo\/image\/"}}]}},"_links":{"self":[{"href":"https:\/\/marktxxl.de\/markt\/wp-json\/wp\/v2\/product\/225768","targetHints":{"allow":["GET"]}}],"collection":[{"href":"https:\/\/marktxxl.de\/markt\/wp-json\/wp\/v2\/product"}],"about":[{"href":"https:\/\/marktxxl.de\/markt\/wp-json\/wp\/v2\/types\/product"}],"replies":[{"embeddable":true,"href":"https:\/\/marktxxl.de\/markt\/wp-json\/wp\/v2\/comments?post=225768"}],"wp:featuredmedia":[{"embeddable":true,"href":"https:\/\/marktxxl.de\/markt\/wp-json\/wp\/v2\/media\/225769"}],"wp:attachment":[{"href":"https:\/\/marktxxl.de\/markt\/wp-json\/wp\/v2\/media?parent=225768"}],"wp:term":[{"taxonomy":"product_brand","embeddable":true,"href":"https:\/\/marktxxl.de\/markt\/wp-json\/wp\/v2\/product_brand?post=225768"},{"taxonomy":"product_cat","embeddable":true,"href":"https:\/\/marktxxl.de\/markt\/wp-json\/wp\/v2\/product_cat?post=225768"},{"taxonomy":"product_tag","embeddable":true,"href":"https:\/\/marktxxl.de\/markt\/wp-json\/wp\/v2\/product_tag?post=225768"}],"curies":[{"name":"wp","href":"https:\/\/api.w.org\/{rel}","templated":true}]}}