{"id":225760,"date":"2024-07-28T21:26:19","date_gmt":"2024-07-28T19:26:19","guid":{"rendered":"https:\/\/marktxxl.de\/markt\/produkt\/biotin-selen-zink-tabletten-fuer-haut-haare-naegel-365-vegane-tabletten-fuer-1-jahr-haar-vitamine-fuer-haarwachstum-biotin-zink-selen-hochdosiert-laborgeprueft-nutravita\/"},"modified":"2024-07-28T21:26:19","modified_gmt":"2024-07-28T19:26:19","slug":"biotin-selen-zink-tabletten-fuer-haut-haare-naegel-365-vegane-tabletten-fuer-1-jahr-haar-vitamine-fuer-haarwachstum-biotin-zink-selen-hochdosiert-laborgeprueft-nutravita","status":"publish","type":"product","link":"https:\/\/marktxxl.de\/markt\/produkt\/biotin-selen-zink-tabletten-fuer-haut-haare-naegel-365-vegane-tabletten-fuer-1-jahr-haar-vitamine-fuer-haarwachstum-biotin-zink-selen-hochdosiert-laborgeprueft-nutravita\/","title":{"rendered":"Biotin + Selen + Zink Tabletten f\u00fcr Haut, Haare &amp; N\u00e4gel &#8211; 365 vegane Tabletten f\u00fcr 1 Jahr &#8211; Haar Vitamine f\u00fcr Haarwachstum &#8211; Biotin Zink Selen Hochdosiert &#8211; Laborgepr\u00fcft &#8211; Nutravita"},"content":{"rendered":"<p>\ud83d\udc69\u200d\ud83d\udd2c \ud83d\udc68\u200d\ud83d\udd2c WARUM NUTRAVITA&#8217;S BIOTIN &#8211; Unsere hochwirksamen Tabletten enthalten 5.000mcg Biotin, 10mg Zink (aus Zinkcitrat) und 55ug Selen pro Tagesdosis von 1 leicht zu schluckenden Tablette. Die speziell formulierte Kombination von Inhaltsstoffen bietet mehrere gesundheitliche Vorteile, einschlie\u00dflich der Erhaltung normaler Haare und Haut, aber Biotin tr\u00e4gt auch zu einem normal funktionierenden Nervensystem und einem normalen energiereichen Stoffwechsel bei. Die Verpackung kann variieren.<br \/>\n\ud83d\udc85 UNTERST\u00dcTZT HAARE, HAUT UND N\u00c4GEL &#8211; Unsere veganen Tabletten bieten gro\u00dfartige Vorteile und sind die ultimative Erg\u00e4nzung f\u00fcr Ihre Haare, Haut und N\u00e4gel. Biotin tr\u00e4gt zur Aufrechterhaltung normaler Haare und Haut bei, Zink tr\u00e4gt zur Aufrechterhaltung normaler Haut, Haare und N\u00e4gel bei und Selen tr\u00e4gt zur Aufrechterhaltung normaler Haare und N\u00e4gel bei (alle Angaben sind von der EFSA &#8211; Europ\u00e4ische Beh\u00f6rde f\u00fcr Lebensmittelsicherheit &#8211; best\u00e4tigt).<br \/>\n\ud83d\udcb2 \ud83d\udc8c HERVORRAGENDES PREIS-LEISTUNGS-VERH\u00c4LTNIS &amp; BEQUEME LIEFERUNG &#8211; Unser Biotin-Haarwuchs-Erg\u00e4nzungskomplex ist flach verpackt, was im Vergleich zu herk\u00f6mmlichen Biotin-Tabletten in Flaschen einen kosteng\u00fcnstigen Versand und eine kosteng\u00fcnstige Lagerung erm\u00f6glicht. Diese Einsparungen geben wir an Sie weiter, um uns auf die Erforschung erstklassiger Haut-, Nagel- und Haarvitamine f\u00fcr Frauen und M\u00e4nner zu konzentrieren. Dank unserer innovativen Verpackung liefern wir Ihnen hochwertige Haarerg\u00e4nzungsmittel direkt in Ihren Briefkasten, un\u00fcbertroffen preiswert und bequem.<br \/>\n\u267b\ufe0f WENIGER PLASTIK, WENIGER ABFALL &#8211; Unser Nachhaltigkeitsengagement erstreckt sich auf die Minimierung von Plastikverbrauch und -abfall. Durch Investitionen in hochwertige, ethische Verpackungsmaterialien f\u00fcr unsere Biotin-Haarvitamine zeigen wir unser Umweltbewusstsein. Das Erreichen des &#8220;Netto-Null&#8221;-Status erfordert fortlaufende Bem\u00fchungen, denen wir uns durch Investitionen in nachhaltige Praktiken und verantwortungsvolle Beschaffung widmen.<br \/>\n\ud83c\udf3f VEGANE &amp; VEGETARISCHE BIOTIN-TABLETTEN &#8211; FREI VON GRAUSAMKEIT, NIEDRIGER KOHLENSTOFF-FUSSABDRUCK &#8211; Unser Biotin-Nahrungserg\u00e4nzungsmittel ist die ideale Wahl f\u00fcr alle, die ein hochwertiges, wissenschaftlich gepr\u00fcftes britisches Produkt zu einem erschwinglichen Preis suchen. Jede Packung enth\u00e4lt 365 leicht zu schluckende vegane Tabletten f\u00fcr einen Jahresvorrat. Hergestellt in einer britischen Einrichtung mit strengen Produktionsstandards, garantieren wir die Qualit\u00e4t dieser Tabletten.<br \/>\n<div class=\"main-cross-sell\" data-asin=\"B0CTQXFZFL\">\n\n\t<div class=\"WooZone-cross-sell-loader\">\n\t\t<div>\n\t\t\t<div id=\"floatingBarsG\">\n\t\t\t\t<div class=\"blockG\" id=\"rotateG_01\"><\/div>\n\t\t\t\t<div class=\"blockG\" id=\"rotateG_02\"><\/div>\n\t\t\t\t<div class=\"blockG\" id=\"rotateG_03\"><\/div>\n\t\t\t\t<div class=\"blockG\" id=\"rotateG_04\"><\/div>\n\t\t\t\t<div class=\"blockG\" id=\"rotateG_05\"><\/div>\n\t\t\t\t<div class=\"blockG\" id=\"rotateG_06\"><\/div>\n\t\t\t\t<div class=\"blockG\" id=\"rotateG_07\"><\/div>\n\t\t\t\t<div class=\"blockG\" id=\"rotateG_08\"><\/div>\n\t\t\t<\/div>\n\t\t\t<div class=\"WooZone-cross-sell-loader-text\"><\/div>\n\t\t<\/div>\n\t<\/div>\n\n\t\t\n<\/div>\n<div style=\"clear:both;\"><\/div><\/p>\n","protected":false},"excerpt":{"rendered":"<p>\ud83d\udc69\u200d\ud83d\udd2c \ud83d\udc68\u200d\ud83d\udd2c WARUM NUTRAVITA&#8217;S BIOTIN &#8211; Unsere hochwirksamen Tabletten enthalten 5.000mcg Biotin, 10mg Zink (aus Zinkcitrat) und 55ug Selen pro Tagesdosis von 1 leicht zu schluckenden Tablette. Die speziell formulierte Kombination von Inhaltsstoffen bietet mehrere gesundheitliche Vorteile, einschlie\u00dflich der Erhaltung normaler Haare und Haut, aber Biotin tr\u00e4gt auch zu einem normal funktionierenden Nervensystem und einem normalen energiereichen Stoffwechsel bei. Die Verpackung kann variieren.<br \/>\n\ud83d\udc85 UNTERST\u00dcTZT HAARE, HAUT UND N\u00c4GEL &#8211; Unsere veganen Tabletten bieten gro\u00dfartige Vorteile und sind die ultimative Erg\u00e4nzung f\u00fcr Ihre Haare, Haut und N\u00e4gel. Biotin tr\u00e4gt zur Aufrechterhaltung normaler Haare und Haut bei, Zink tr\u00e4gt zur Aufrechterhaltung normaler Haut, Haare und N\u00e4gel bei und Selen tr\u00e4gt zur Aufrechterhaltung normaler Haare und N\u00e4gel bei (alle Angaben sind von der EFSA &#8211; Europ\u00e4ische Beh\u00f6rde f\u00fcr Lebensmittelsicherheit &#8211; best\u00e4tigt).<br \/>\n\ud83d\udcb2 \ud83d\udc8c HERVORRAGENDES PREIS-LEISTUNGS-VERH\u00c4LTNIS &amp; BEQUEME LIEFERUNG &#8211; Unser Biotin-Haarwuchs-Erg\u00e4nzungskomplex ist flach verpackt, was im Vergleich zu herk\u00f6mmlichen Biotin-Tabletten in Flaschen einen kosteng\u00fcnstigen Versand und eine kosteng\u00fcnstige Lagerung erm\u00f6glicht. Diese Einsparungen geben wir an Sie weiter, um uns auf die Erforschung erstklassiger Haut-, Nagel- und Haarvitamine f\u00fcr Frauen und M\u00e4nner zu konzentrieren. Dank unserer innovativen Verpackung liefern wir Ihnen hochwertige Haarerg\u00e4nzungsmittel direkt in Ihren Briefkasten, un\u00fcbertroffen preiswert und bequem.<\/p>\n","protected":false},"featured_media":225761,"comment_status":"open","ping_status":"closed","template":"","meta":[],"product_brand":[],"product_cat":[566,6375],"product_tag":[],"class_list":{"0":"post-225760","1":"product","2":"type-product","3":"status-publish","4":"has-post-thumbnail","6":"product_cat-drogerie-koerperpflege","7":"product_cat-vitamine-mineralien-ergaenzungsmittel","8":"pa_brand-nutravita","9":"pa_manufacturer-nutravita","10":"pa_size-365-stueck-1er-pack","11":"pa_weight-2-2e-5-pounds","13":"first","14":"instock","15":"shipping-taxable","16":"purchasable","17":"product-type-simple","18":"customify-col","19":"product-has-gallery"},"yoast_head":"<!-- This site is optimized with the Yoast SEO plugin v27.3 - https:\/\/yoast.com\/product\/yoast-seo-wordpress\/ -->\n<title>Biotin + Selen + Zink Tabletten f\u00fcr Haut, Haare &amp; N\u00e4gel - 365 vegane Tabletten f\u00fcr 1 Jahr - Haar Vitamine f\u00fcr Haarwachstum - Biotin Zink Selen Hochdosiert - Laborgepr\u00fcft - Nutravita - Markt-XXL<\/title>\n<meta name=\"description\" content=\"Markt-XXL Biotin + Selen + Zink Tabletten f\u00fcr Haut, Haare &amp; N\u00e4gel - 365 vegane Tabletten f\u00fcr 1 Jahr - Haar Vitamine f\u00fcr Haarwachstum - Biotin Zink Selen Hochdosiert - Laborgepr\u00fcft - Nutravita\" \/>\n<meta name=\"robots\" content=\"index, follow, max-snippet:-1, max-image-preview:large, max-video-preview:-1\" \/>\n<link rel=\"canonical\" href=\"https:\/\/marktxxl.de\/markt\/produkt\/biotin-selen-zink-tabletten-fuer-haut-haare-naegel-365-vegane-tabletten-fuer-1-jahr-haar-vitamine-fuer-haarwachstum-biotin-zink-selen-hochdosiert-laborgeprueft-nutravita\/\" \/>\n<meta property=\"og:locale\" content=\"de_DE\" \/>\n<meta property=\"og:type\" content=\"article\" \/>\n<meta property=\"og:title\" content=\"Biotin + Selen + Zink Tabletten f\u00fcr Haut, Haare &amp; N\u00e4gel - 365 vegane Tabletten f\u00fcr 1 Jahr - Haar Vitamine f\u00fcr Haarwachstum - Biotin Zink Selen Hochdosiert - Laborgepr\u00fcft - Nutravita - Markt-XXL\" \/>\n<meta property=\"og:description\" content=\"Markt-XXL Biotin + Selen + Zink Tabletten f\u00fcr Haut, Haare &amp; N\u00e4gel - 365 vegane Tabletten f\u00fcr 1 Jahr - Haar Vitamine f\u00fcr Haarwachstum - Biotin Zink Selen Hochdosiert - Laborgepr\u00fcft - Nutravita\" \/>\n<meta property=\"og:url\" content=\"https:\/\/marktxxl.de\/markt\/produkt\/biotin-selen-zink-tabletten-fuer-haut-haare-naegel-365-vegane-tabletten-fuer-1-jahr-haar-vitamine-fuer-haarwachstum-biotin-zink-selen-hochdosiert-laborgeprueft-nutravita\/\" \/>\n<meta property=\"og:site_name\" content=\"Markt-XXL\" \/>\n<meta name=\"twitter:card\" content=\"summary_large_image\" \/>\n<meta name=\"twitter:label1\" content=\"Gesch\u00e4tzte Lesezeit\" \/>\n\t<meta name=\"twitter:data1\" content=\"2\u00a0Minuten\" \/>\n<script type=\"application\/ld+json\" class=\"yoast-schema-graph\">{\"@context\":\"https:\\\/\\\/schema.org\",\"@graph\":[{\"@type\":\"WebPage\",\"@id\":\"https:\\\/\\\/marktxxl.de\\\/markt\\\/produkt\\\/biotin-selen-zink-tabletten-fuer-haut-haare-naegel-365-vegane-tabletten-fuer-1-jahr-haar-vitamine-fuer-haarwachstum-biotin-zink-selen-hochdosiert-laborgeprueft-nutravita\\\/\",\"url\":\"https:\\\/\\\/marktxxl.de\\\/markt\\\/produkt\\\/biotin-selen-zink-tabletten-fuer-haut-haare-naegel-365-vegane-tabletten-fuer-1-jahr-haar-vitamine-fuer-haarwachstum-biotin-zink-selen-hochdosiert-laborgeprueft-nutravita\\\/\",\"name\":\"Biotin + Selen + Zink Tabletten f\u00fcr Haut, Haare &amp; N\u00e4gel - 365 vegane Tabletten f\u00fcr 1 Jahr - Haar Vitamine f\u00fcr Haarwachstum - Biotin Zink Selen Hochdosiert - Laborgepr\u00fcft - Nutravita - Markt-XXL\",\"isPartOf\":{\"@id\":\"https:\\\/\\\/marktxxl.de\\\/markt\\\/#website\"},\"primaryImageOfPage\":{\"@id\":\"https:\\\/\\\/marktxxl.de\\\/markt\\\/produkt\\\/biotin-selen-zink-tabletten-fuer-haut-haare-naegel-365-vegane-tabletten-fuer-1-jahr-haar-vitamine-fuer-haarwachstum-biotin-zink-selen-hochdosiert-laborgeprueft-nutravita\\\/#primaryimage\"},\"image\":{\"@id\":\"https:\\\/\\\/marktxxl.de\\\/markt\\\/produkt\\\/biotin-selen-zink-tabletten-fuer-haut-haare-naegel-365-vegane-tabletten-fuer-1-jahr-haar-vitamine-fuer-haarwachstum-biotin-zink-selen-hochdosiert-laborgeprueft-nutravita\\\/#primaryimage\"},\"thumbnailUrl\":\"https:\\\/\\\/m.media-amazon.com\\\/images\\\/I\\\/41gYeNPTZ8L._SL500_.jpg\",\"datePublished\":\"2024-07-28T19:26:19+00:00\",\"description\":\"Markt-XXL Biotin + Selen + Zink Tabletten f\u00fcr Haut, Haare &amp; N\u00e4gel - 365 vegane Tabletten f\u00fcr 1 Jahr - Haar Vitamine f\u00fcr Haarwachstum - Biotin Zink Selen Hochdosiert - Laborgepr\u00fcft - Nutravita\",\"breadcrumb\":{\"@id\":\"https:\\\/\\\/marktxxl.de\\\/markt\\\/produkt\\\/biotin-selen-zink-tabletten-fuer-haut-haare-naegel-365-vegane-tabletten-fuer-1-jahr-haar-vitamine-fuer-haarwachstum-biotin-zink-selen-hochdosiert-laborgeprueft-nutravita\\\/#breadcrumb\"},\"inLanguage\":\"de\",\"potentialAction\":[{\"@type\":\"ReadAction\",\"target\":[\"https:\\\/\\\/marktxxl.de\\\/markt\\\/produkt\\\/biotin-selen-zink-tabletten-fuer-haut-haare-naegel-365-vegane-tabletten-fuer-1-jahr-haar-vitamine-fuer-haarwachstum-biotin-zink-selen-hochdosiert-laborgeprueft-nutravita\\\/\"]}]},{\"@type\":\"ImageObject\",\"inLanguage\":\"de\",\"@id\":\"https:\\\/\\\/marktxxl.de\\\/markt\\\/produkt\\\/biotin-selen-zink-tabletten-fuer-haut-haare-naegel-365-vegane-tabletten-fuer-1-jahr-haar-vitamine-fuer-haarwachstum-biotin-zink-selen-hochdosiert-laborgeprueft-nutravita\\\/#primaryimage\",\"url\":\"https:\\\/\\\/m.media-amazon.com\\\/images\\\/I\\\/41gYeNPTZ8L._SL500_.jpg\",\"contentUrl\":\"https:\\\/\\\/m.media-amazon.com\\\/images\\\/I\\\/41gYeNPTZ8L._SL500_.jpg\",\"width\":500,\"height\":500},{\"@type\":\"BreadcrumbList\",\"@id\":\"https:\\\/\\\/marktxxl.de\\\/markt\\\/produkt\\\/biotin-selen-zink-tabletten-fuer-haut-haare-naegel-365-vegane-tabletten-fuer-1-jahr-haar-vitamine-fuer-haarwachstum-biotin-zink-selen-hochdosiert-laborgeprueft-nutravita\\\/#breadcrumb\",\"itemListElement\":[{\"@type\":\"ListItem\",\"position\":1,\"name\":\"Startseite\",\"item\":\"https:\\\/\\\/marktxxl.de\\\/markt\\\/\"},{\"@type\":\"ListItem\",\"position\":2,\"name\":\"Markt\",\"item\":\"https:\\\/\\\/marktxxl.de\\\/markt\\\/\"},{\"@type\":\"ListItem\",\"position\":3,\"name\":\"Biotin + Selen + Zink Tabletten f\u00fcr Haut, Haare &amp; N\u00e4gel &#8211; 365 vegane Tabletten f\u00fcr 1 Jahr &#8211; Haar Vitamine f\u00fcr Haarwachstum &#8211; Biotin Zink Selen Hochdosiert &#8211; Laborgepr\u00fcft &#8211; Nutravita\"}]},{\"@type\":\"WebSite\",\"@id\":\"https:\\\/\\\/marktxxl.de\\\/markt\\\/#website\",\"url\":\"https:\\\/\\\/marktxxl.de\\\/markt\\\/\",\"name\":\"Markt-XXL\",\"description\":\"Ihr Markt Online\",\"publisher\":{\"@id\":\"https:\\\/\\\/marktxxl.de\\\/markt\\\/#organization\"},\"potentialAction\":[{\"@type\":\"SearchAction\",\"target\":{\"@type\":\"EntryPoint\",\"urlTemplate\":\"https:\\\/\\\/marktxxl.de\\\/markt\\\/?s={search_term_string}\"},\"query-input\":{\"@type\":\"PropertyValueSpecification\",\"valueRequired\":true,\"valueName\":\"search_term_string\"}}],\"inLanguage\":\"de\"},{\"@type\":\"Organization\",\"@id\":\"https:\\\/\\\/marktxxl.de\\\/markt\\\/#organization\",\"name\":\"Markt-XXL\",\"url\":\"https:\\\/\\\/marktxxl.de\\\/markt\\\/\",\"logo\":{\"@type\":\"ImageObject\",\"inLanguage\":\"de\",\"@id\":\"https:\\\/\\\/marktxxl.de\\\/markt\\\/#\\\/schema\\\/logo\\\/image\\\/\",\"url\":\"https:\\\/\\\/marktxxl.de\\\/markt\\\/wp-content\\\/uploads\\\/sites\\\/3\\\/2020\\\/12\\\/logo.png\",\"contentUrl\":\"https:\\\/\\\/marktxxl.de\\\/markt\\\/wp-content\\\/uploads\\\/sites\\\/3\\\/2020\\\/12\\\/logo.png\",\"width\":200,\"height\":70,\"caption\":\"Markt-XXL\"},\"image\":{\"@id\":\"https:\\\/\\\/marktxxl.de\\\/markt\\\/#\\\/schema\\\/logo\\\/image\\\/\"}}]}<\/script>\n<!-- \/ Yoast SEO plugin. -->","yoast_head_json":{"title":"Biotin + Selen + Zink Tabletten f\u00fcr Haut, Haare &amp; N\u00e4gel - 365 vegane Tabletten f\u00fcr 1 Jahr - Haar Vitamine f\u00fcr Haarwachstum - Biotin Zink Selen Hochdosiert - Laborgepr\u00fcft - Nutravita - Markt-XXL","description":"Markt-XXL Biotin + Selen + Zink Tabletten f\u00fcr Haut, Haare &amp; N\u00e4gel - 365 vegane Tabletten f\u00fcr 1 Jahr - Haar Vitamine f\u00fcr Haarwachstum - Biotin Zink Selen Hochdosiert - Laborgepr\u00fcft - Nutravita","robots":{"index":"index","follow":"follow","max-snippet":"max-snippet:-1","max-image-preview":"max-image-preview:large","max-video-preview":"max-video-preview:-1"},"canonical":"https:\/\/marktxxl.de\/markt\/produkt\/biotin-selen-zink-tabletten-fuer-haut-haare-naegel-365-vegane-tabletten-fuer-1-jahr-haar-vitamine-fuer-haarwachstum-biotin-zink-selen-hochdosiert-laborgeprueft-nutravita\/","og_locale":"de_DE","og_type":"article","og_title":"Biotin + Selen + Zink Tabletten f\u00fcr Haut, Haare &amp; N\u00e4gel - 365 vegane Tabletten f\u00fcr 1 Jahr - Haar Vitamine f\u00fcr Haarwachstum - Biotin Zink Selen Hochdosiert - Laborgepr\u00fcft - Nutravita - Markt-XXL","og_description":"Markt-XXL Biotin + Selen + Zink Tabletten f\u00fcr Haut, Haare &amp; N\u00e4gel - 365 vegane Tabletten f\u00fcr 1 Jahr - Haar Vitamine f\u00fcr Haarwachstum - Biotin Zink Selen Hochdosiert - Laborgepr\u00fcft - Nutravita","og_url":"https:\/\/marktxxl.de\/markt\/produkt\/biotin-selen-zink-tabletten-fuer-haut-haare-naegel-365-vegane-tabletten-fuer-1-jahr-haar-vitamine-fuer-haarwachstum-biotin-zink-selen-hochdosiert-laborgeprueft-nutravita\/","og_site_name":"Markt-XXL","twitter_card":"summary_large_image","twitter_misc":{"Gesch\u00e4tzte Lesezeit":"2\u00a0Minuten"},"schema":{"@context":"https:\/\/schema.org","@graph":[{"@type":"WebPage","@id":"https:\/\/marktxxl.de\/markt\/produkt\/biotin-selen-zink-tabletten-fuer-haut-haare-naegel-365-vegane-tabletten-fuer-1-jahr-haar-vitamine-fuer-haarwachstum-biotin-zink-selen-hochdosiert-laborgeprueft-nutravita\/","url":"https:\/\/marktxxl.de\/markt\/produkt\/biotin-selen-zink-tabletten-fuer-haut-haare-naegel-365-vegane-tabletten-fuer-1-jahr-haar-vitamine-fuer-haarwachstum-biotin-zink-selen-hochdosiert-laborgeprueft-nutravita\/","name":"Biotin + Selen + Zink Tabletten f\u00fcr Haut, Haare &amp; N\u00e4gel - 365 vegane Tabletten f\u00fcr 1 Jahr - Haar Vitamine f\u00fcr Haarwachstum - Biotin Zink Selen Hochdosiert - Laborgepr\u00fcft - Nutravita - Markt-XXL","isPartOf":{"@id":"https:\/\/marktxxl.de\/markt\/#website"},"primaryImageOfPage":{"@id":"https:\/\/marktxxl.de\/markt\/produkt\/biotin-selen-zink-tabletten-fuer-haut-haare-naegel-365-vegane-tabletten-fuer-1-jahr-haar-vitamine-fuer-haarwachstum-biotin-zink-selen-hochdosiert-laborgeprueft-nutravita\/#primaryimage"},"image":{"@id":"https:\/\/marktxxl.de\/markt\/produkt\/biotin-selen-zink-tabletten-fuer-haut-haare-naegel-365-vegane-tabletten-fuer-1-jahr-haar-vitamine-fuer-haarwachstum-biotin-zink-selen-hochdosiert-laborgeprueft-nutravita\/#primaryimage"},"thumbnailUrl":"https:\/\/m.media-amazon.com\/images\/I\/41gYeNPTZ8L._SL500_.jpg","datePublished":"2024-07-28T19:26:19+00:00","description":"Markt-XXL Biotin + Selen + Zink Tabletten f\u00fcr Haut, Haare &amp; N\u00e4gel - 365 vegane Tabletten f\u00fcr 1 Jahr - Haar Vitamine f\u00fcr Haarwachstum - Biotin Zink Selen Hochdosiert - Laborgepr\u00fcft - Nutravita","breadcrumb":{"@id":"https:\/\/marktxxl.de\/markt\/produkt\/biotin-selen-zink-tabletten-fuer-haut-haare-naegel-365-vegane-tabletten-fuer-1-jahr-haar-vitamine-fuer-haarwachstum-biotin-zink-selen-hochdosiert-laborgeprueft-nutravita\/#breadcrumb"},"inLanguage":"de","potentialAction":[{"@type":"ReadAction","target":["https:\/\/marktxxl.de\/markt\/produkt\/biotin-selen-zink-tabletten-fuer-haut-haare-naegel-365-vegane-tabletten-fuer-1-jahr-haar-vitamine-fuer-haarwachstum-biotin-zink-selen-hochdosiert-laborgeprueft-nutravita\/"]}]},{"@type":"ImageObject","inLanguage":"de","@id":"https:\/\/marktxxl.de\/markt\/produkt\/biotin-selen-zink-tabletten-fuer-haut-haare-naegel-365-vegane-tabletten-fuer-1-jahr-haar-vitamine-fuer-haarwachstum-biotin-zink-selen-hochdosiert-laborgeprueft-nutravita\/#primaryimage","url":"https:\/\/m.media-amazon.com\/images\/I\/41gYeNPTZ8L._SL500_.jpg","contentUrl":"https:\/\/m.media-amazon.com\/images\/I\/41gYeNPTZ8L._SL500_.jpg","width":500,"height":500},{"@type":"BreadcrumbList","@id":"https:\/\/marktxxl.de\/markt\/produkt\/biotin-selen-zink-tabletten-fuer-haut-haare-naegel-365-vegane-tabletten-fuer-1-jahr-haar-vitamine-fuer-haarwachstum-biotin-zink-selen-hochdosiert-laborgeprueft-nutravita\/#breadcrumb","itemListElement":[{"@type":"ListItem","position":1,"name":"Startseite","item":"https:\/\/marktxxl.de\/markt\/"},{"@type":"ListItem","position":2,"name":"Markt","item":"https:\/\/marktxxl.de\/markt\/"},{"@type":"ListItem","position":3,"name":"Biotin + Selen + Zink Tabletten f\u00fcr Haut, Haare &amp; N\u00e4gel &#8211; 365 vegane Tabletten f\u00fcr 1 Jahr &#8211; Haar Vitamine f\u00fcr Haarwachstum &#8211; Biotin Zink Selen Hochdosiert &#8211; Laborgepr\u00fcft &#8211; Nutravita"}]},{"@type":"WebSite","@id":"https:\/\/marktxxl.de\/markt\/#website","url":"https:\/\/marktxxl.de\/markt\/","name":"Markt-XXL","description":"Ihr Markt Online","publisher":{"@id":"https:\/\/marktxxl.de\/markt\/#organization"},"potentialAction":[{"@type":"SearchAction","target":{"@type":"EntryPoint","urlTemplate":"https:\/\/marktxxl.de\/markt\/?s={search_term_string}"},"query-input":{"@type":"PropertyValueSpecification","valueRequired":true,"valueName":"search_term_string"}}],"inLanguage":"de"},{"@type":"Organization","@id":"https:\/\/marktxxl.de\/markt\/#organization","name":"Markt-XXL","url":"https:\/\/marktxxl.de\/markt\/","logo":{"@type":"ImageObject","inLanguage":"de","@id":"https:\/\/marktxxl.de\/markt\/#\/schema\/logo\/image\/","url":"https:\/\/marktxxl.de\/markt\/wp-content\/uploads\/sites\/3\/2020\/12\/logo.png","contentUrl":"https:\/\/marktxxl.de\/markt\/wp-content\/uploads\/sites\/3\/2020\/12\/logo.png","width":200,"height":70,"caption":"Markt-XXL"},"image":{"@id":"https:\/\/marktxxl.de\/markt\/#\/schema\/logo\/image\/"}}]}},"_links":{"self":[{"href":"https:\/\/marktxxl.de\/markt\/wp-json\/wp\/v2\/product\/225760","targetHints":{"allow":["GET"]}}],"collection":[{"href":"https:\/\/marktxxl.de\/markt\/wp-json\/wp\/v2\/product"}],"about":[{"href":"https:\/\/marktxxl.de\/markt\/wp-json\/wp\/v2\/types\/product"}],"replies":[{"embeddable":true,"href":"https:\/\/marktxxl.de\/markt\/wp-json\/wp\/v2\/comments?post=225760"}],"wp:featuredmedia":[{"embeddable":true,"href":"https:\/\/marktxxl.de\/markt\/wp-json\/wp\/v2\/media\/225761"}],"wp:attachment":[{"href":"https:\/\/marktxxl.de\/markt\/wp-json\/wp\/v2\/media?parent=225760"}],"wp:term":[{"taxonomy":"product_brand","embeddable":true,"href":"https:\/\/marktxxl.de\/markt\/wp-json\/wp\/v2\/product_brand?post=225760"},{"taxonomy":"product_cat","embeddable":true,"href":"https:\/\/marktxxl.de\/markt\/wp-json\/wp\/v2\/product_cat?post=225760"},{"taxonomy":"product_tag","embeddable":true,"href":"https:\/\/marktxxl.de\/markt\/wp-json\/wp\/v2\/product_tag?post=225760"}],"curies":[{"name":"wp","href":"https:\/\/api.w.org\/{rel}","templated":true}]}}