{"id":225631,"date":"2024-07-28T21:19:54","date_gmt":"2024-07-28T19:19:54","guid":{"rendered":"https:\/\/marktxxl.de\/markt\/produkt\/aegyptisches-radiaesthesie-pendel-thot-mit-zeuge-pendel-esoterik-orakel-pendel-geobiologie-stimmungsmann-reise-magnetisierer-anthisches-messing-37-gr\/"},"modified":"2024-07-28T21:19:54","modified_gmt":"2024-07-28T19:19:54","slug":"aegyptisches-radiaesthesie-pendel-thot-mit-zeuge-pendel-esoterik-orakel-pendel-geobiologie-stimmungsmann-reise-magnetisierer-anthisches-messing-37-gr","status":"publish","type":"product","link":"https:\/\/marktxxl.de\/markt\/produkt\/aegyptisches-radiaesthesie-pendel-thot-mit-zeuge-pendel-esoterik-orakel-pendel-geobiologie-stimmungsmann-reise-magnetisierer-anthisches-messing-37-gr\/","title":{"rendered":"\u00c4gyptisches Radi\u00e4sthesie-Pendel THOT mit Zeuge &#8211; Pendel Esoterik\/Orakel Pendel \u2013 Geobiologie, Stimmungsmann, Reise, Magnetisierer \u2013 Anthisches Messing \u2013 37 Gr"},"content":{"rendered":"<p>\ud83e\uddd9 \u00c4GYTPISCHES PENDEL aus Anthisches Messing, mit schwarzem Aufbewahrungsbeutel. Er l\u00e4sst sich abschrauben, um kleine Gegenst\u00e4nde einzuf\u00fchren und so Ihre Suche zu erweitern.<br \/>\n\ud83d\udd0e PENDEL ESOTERIK ideales f\u00fcr alle Arten der Radi\u00e4sthesiearbeit : Magnetisierer, Suche nach Gegenst\u00e4nden oder Personen, Erdstrahlen, Astrologie. Es eignet sich sowohl f\u00fcr Anf\u00e4nger als auch f\u00fcr Profis.<br \/>\n\ud83d\udc9d Pendelgewicht: 37g \u2013 Kettenl\u00e4nge: 18cm \u2013 Material: Messing \u2013 Farbe: Schwarz<br \/>\n\ud83c\udf40\u00d6KOLOGIE UND BIODIVERSIT\u00c4T : Mit dem Kauf dieses Produkts tun Sie etwas Gutes ! Unser Team von Enthusiasten, die sehr sensibel f\u00fcr Umweltfragen sind, hat sich verpflichtet, einen Teil des Gewinns f\u00fcr den SCHUTZ DER BIENEN zu spenden, den Tieren, die laut Earthwatch Institute f\u00fcr unser \u00dcberleben am wichtigsten sind.<br \/>\n\ud83d\udc8c ZUFRIEDENHEITSGARANTIE ODER GELD ZUR\u00dcCK: Unsere Pendeluhren haben eine lebenslange Garantie. Wenn Sie Fragen oder Probleme haben, kontaktieren Sie uns bitte per E-Mail, damit wir Ihnen helfen k\u00f6nnen. Wir antworten normalerweise innerhalb weniger Stunden, das verspreche ich Ihnen!<br \/>\n<div class=\"main-cross-sell\" data-asin=\"B0BVW6RS43\">\n\n\t<div class=\"WooZone-cross-sell-loader\">\n\t\t<div>\n\t\t\t<div id=\"floatingBarsG\">\n\t\t\t\t<div class=\"blockG\" id=\"rotateG_01\"><\/div>\n\t\t\t\t<div class=\"blockG\" id=\"rotateG_02\"><\/div>\n\t\t\t\t<div class=\"blockG\" id=\"rotateG_03\"><\/div>\n\t\t\t\t<div class=\"blockG\" id=\"rotateG_04\"><\/div>\n\t\t\t\t<div class=\"blockG\" id=\"rotateG_05\"><\/div>\n\t\t\t\t<div class=\"blockG\" id=\"rotateG_06\"><\/div>\n\t\t\t\t<div class=\"blockG\" id=\"rotateG_07\"><\/div>\n\t\t\t\t<div class=\"blockG\" id=\"rotateG_08\"><\/div>\n\t\t\t<\/div>\n\t\t\t<div class=\"WooZone-cross-sell-loader-text\"><\/div>\n\t\t<\/div>\n\t<\/div>\n\n\t\t\n<\/div>\n<div style=\"clear:both;\"><\/div><\/p>\n","protected":false},"excerpt":{"rendered":"<p>\ud83e\uddd9 \u00c4GYTPISCHES PENDEL aus Anthisches Messing, mit schwarzem Aufbewahrungsbeutel. Er l\u00e4sst sich abschrauben, um kleine Gegenst\u00e4nde einzuf\u00fchren und so Ihre Suche zu erweitern.<br \/>\n\ud83d\udd0e PENDEL ESOTERIK ideales f\u00fcr alle Arten der Radi\u00e4sthesiearbeit : Magnetisierer, Suche nach Gegenst\u00e4nden oder Personen, Erdstrahlen, Astrologie. Es eignet sich sowohl f\u00fcr Anf\u00e4nger als auch f\u00fcr Profis.<br \/>\n\ud83d\udc9d Pendelgewicht: 37g \u2013 Kettenl\u00e4nge: 18cm \u2013 Material: Messing \u2013 Farbe: Schwarz<\/p>\n","protected":false},"featured_media":225632,"comment_status":"open","ping_status":"closed","template":"","meta":[],"product_brand":[],"product_cat":[566,6496],"product_tag":[],"class_list":{"0":"post-225631","1":"product","2":"type-product","3":"status-publish","4":"has-post-thumbnail","6":"product_cat-drogerie-koerperpflege","7":"product_cat-wellness","8":"pa_brand-majestics","9":"pa_color-schwarz","10":"pa_manufacturer-majestics","11":"pa_weight-0-0661386786-pounds","13":"first","14":"instock","15":"shipping-taxable","16":"purchasable","17":"product-type-simple","18":"customify-col","19":"product-has-gallery"},"yoast_head":"<!-- This site is optimized with the Yoast SEO plugin v27.4 - https:\/\/yoast.com\/product\/yoast-seo-wordpress\/ -->\n<title>\u00c4gyptisches Radi\u00e4sthesie-Pendel THOT mit Zeuge - Pendel Esoterik\/Orakel Pendel \u2013 Geobiologie, Stimmungsmann, Reise, Magnetisierer \u2013 Anthisches Messing \u2013 37 Gr - Markt-XXL<\/title>\n<meta name=\"description\" content=\"Markt-XXL \u00c4gyptisches Radi\u00e4sthesie-Pendel THOT mit Zeuge - Pendel Esoterik\/Orakel Pendel \u2013 Geobiologie, Stimmungsmann, Reise, Magnetisierer \u2013 Anthisches Messing \u2013 37 Gr\" \/>\n<meta name=\"robots\" content=\"index, follow, max-snippet:-1, max-image-preview:large, max-video-preview:-1\" \/>\n<link rel=\"canonical\" href=\"https:\/\/marktxxl.de\/markt\/produkt\/aegyptisches-radiaesthesie-pendel-thot-mit-zeuge-pendel-esoterik-orakel-pendel-geobiologie-stimmungsmann-reise-magnetisierer-anthisches-messing-37-gr\/\" \/>\n<meta property=\"og:locale\" content=\"de_DE\" \/>\n<meta property=\"og:type\" content=\"article\" \/>\n<meta property=\"og:title\" content=\"\u00c4gyptisches Radi\u00e4sthesie-Pendel THOT mit Zeuge - Pendel Esoterik\/Orakel Pendel \u2013 Geobiologie, Stimmungsmann, Reise, Magnetisierer \u2013 Anthisches Messing \u2013 37 Gr - Markt-XXL\" \/>\n<meta property=\"og:description\" content=\"Markt-XXL \u00c4gyptisches Radi\u00e4sthesie-Pendel THOT mit Zeuge - Pendel Esoterik\/Orakel Pendel \u2013 Geobiologie, Stimmungsmann, Reise, Magnetisierer \u2013 Anthisches Messing \u2013 37 Gr\" \/>\n<meta property=\"og:url\" content=\"https:\/\/marktxxl.de\/markt\/produkt\/aegyptisches-radiaesthesie-pendel-thot-mit-zeuge-pendel-esoterik-orakel-pendel-geobiologie-stimmungsmann-reise-magnetisierer-anthisches-messing-37-gr\/\" \/>\n<meta property=\"og:site_name\" content=\"Markt-XXL\" \/>\n<meta name=\"twitter:card\" content=\"summary_large_image\" \/>\n<meta name=\"twitter:label1\" content=\"Gesch\u00e4tzte Lesezeit\" \/>\n\t<meta name=\"twitter:data1\" content=\"1\u00a0Minute\" \/>\n<script type=\"application\/ld+json\" class=\"yoast-schema-graph\">{\"@context\":\"https:\\\/\\\/schema.org\",\"@graph\":[{\"@type\":\"WebPage\",\"@id\":\"https:\\\/\\\/marktxxl.de\\\/markt\\\/produkt\\\/aegyptisches-radiaesthesie-pendel-thot-mit-zeuge-pendel-esoterik-orakel-pendel-geobiologie-stimmungsmann-reise-magnetisierer-anthisches-messing-37-gr\\\/\",\"url\":\"https:\\\/\\\/marktxxl.de\\\/markt\\\/produkt\\\/aegyptisches-radiaesthesie-pendel-thot-mit-zeuge-pendel-esoterik-orakel-pendel-geobiologie-stimmungsmann-reise-magnetisierer-anthisches-messing-37-gr\\\/\",\"name\":\"\u00c4gyptisches Radi\u00e4sthesie-Pendel THOT mit Zeuge - Pendel Esoterik\\\/Orakel Pendel \u2013 Geobiologie, Stimmungsmann, Reise, Magnetisierer \u2013 Anthisches Messing \u2013 37 Gr - Markt-XXL\",\"isPartOf\":{\"@id\":\"https:\\\/\\\/marktxxl.de\\\/markt\\\/#website\"},\"primaryImageOfPage\":{\"@id\":\"https:\\\/\\\/marktxxl.de\\\/markt\\\/produkt\\\/aegyptisches-radiaesthesie-pendel-thot-mit-zeuge-pendel-esoterik-orakel-pendel-geobiologie-stimmungsmann-reise-magnetisierer-anthisches-messing-37-gr\\\/#primaryimage\"},\"image\":{\"@id\":\"https:\\\/\\\/marktxxl.de\\\/markt\\\/produkt\\\/aegyptisches-radiaesthesie-pendel-thot-mit-zeuge-pendel-esoterik-orakel-pendel-geobiologie-stimmungsmann-reise-magnetisierer-anthisches-messing-37-gr\\\/#primaryimage\"},\"thumbnailUrl\":\"https:\\\/\\\/m.media-amazon.com\\\/images\\\/I\\\/51iOqduGPpL._SL500_.jpg\",\"datePublished\":\"2024-07-28T19:19:54+00:00\",\"description\":\"Markt-XXL \u00c4gyptisches Radi\u00e4sthesie-Pendel THOT mit Zeuge - Pendel Esoterik\\\/Orakel Pendel \u2013 Geobiologie, Stimmungsmann, Reise, Magnetisierer \u2013 Anthisches Messing \u2013 37 Gr\",\"breadcrumb\":{\"@id\":\"https:\\\/\\\/marktxxl.de\\\/markt\\\/produkt\\\/aegyptisches-radiaesthesie-pendel-thot-mit-zeuge-pendel-esoterik-orakel-pendel-geobiologie-stimmungsmann-reise-magnetisierer-anthisches-messing-37-gr\\\/#breadcrumb\"},\"inLanguage\":\"de\",\"potentialAction\":[{\"@type\":\"ReadAction\",\"target\":[\"https:\\\/\\\/marktxxl.de\\\/markt\\\/produkt\\\/aegyptisches-radiaesthesie-pendel-thot-mit-zeuge-pendel-esoterik-orakel-pendel-geobiologie-stimmungsmann-reise-magnetisierer-anthisches-messing-37-gr\\\/\"]}]},{\"@type\":\"ImageObject\",\"inLanguage\":\"de\",\"@id\":\"https:\\\/\\\/marktxxl.de\\\/markt\\\/produkt\\\/aegyptisches-radiaesthesie-pendel-thot-mit-zeuge-pendel-esoterik-orakel-pendel-geobiologie-stimmungsmann-reise-magnetisierer-anthisches-messing-37-gr\\\/#primaryimage\",\"url\":\"https:\\\/\\\/m.media-amazon.com\\\/images\\\/I\\\/51iOqduGPpL._SL500_.jpg\",\"contentUrl\":\"https:\\\/\\\/m.media-amazon.com\\\/images\\\/I\\\/51iOqduGPpL._SL500_.jpg\",\"width\":500,\"height\":500},{\"@type\":\"BreadcrumbList\",\"@id\":\"https:\\\/\\\/marktxxl.de\\\/markt\\\/produkt\\\/aegyptisches-radiaesthesie-pendel-thot-mit-zeuge-pendel-esoterik-orakel-pendel-geobiologie-stimmungsmann-reise-magnetisierer-anthisches-messing-37-gr\\\/#breadcrumb\",\"itemListElement\":[{\"@type\":\"ListItem\",\"position\":1,\"name\":\"Startseite\",\"item\":\"https:\\\/\\\/marktxxl.de\\\/markt\\\/\"},{\"@type\":\"ListItem\",\"position\":2,\"name\":\"Markt\",\"item\":\"https:\\\/\\\/marktxxl.de\\\/markt\\\/\"},{\"@type\":\"ListItem\",\"position\":3,\"name\":\"\u00c4gyptisches Radi\u00e4sthesie-Pendel THOT mit Zeuge &#8211; Pendel Esoterik\\\/Orakel Pendel \u2013 Geobiologie, Stimmungsmann, Reise, Magnetisierer \u2013 Anthisches Messing \u2013 37 Gr\"}]},{\"@type\":\"WebSite\",\"@id\":\"https:\\\/\\\/marktxxl.de\\\/markt\\\/#website\",\"url\":\"https:\\\/\\\/marktxxl.de\\\/markt\\\/\",\"name\":\"Markt-XXL\",\"description\":\"Ihr Markt Online\",\"publisher\":{\"@id\":\"https:\\\/\\\/marktxxl.de\\\/markt\\\/#organization\"},\"potentialAction\":[{\"@type\":\"SearchAction\",\"target\":{\"@type\":\"EntryPoint\",\"urlTemplate\":\"https:\\\/\\\/marktxxl.de\\\/markt\\\/?s={search_term_string}\"},\"query-input\":{\"@type\":\"PropertyValueSpecification\",\"valueRequired\":true,\"valueName\":\"search_term_string\"}}],\"inLanguage\":\"de\"},{\"@type\":\"Organization\",\"@id\":\"https:\\\/\\\/marktxxl.de\\\/markt\\\/#organization\",\"name\":\"Markt-XXL\",\"url\":\"https:\\\/\\\/marktxxl.de\\\/markt\\\/\",\"logo\":{\"@type\":\"ImageObject\",\"inLanguage\":\"de\",\"@id\":\"https:\\\/\\\/marktxxl.de\\\/markt\\\/#\\\/schema\\\/logo\\\/image\\\/\",\"url\":\"https:\\\/\\\/marktxxl.de\\\/markt\\\/wp-content\\\/uploads\\\/sites\\\/3\\\/2020\\\/12\\\/logo.png\",\"contentUrl\":\"https:\\\/\\\/marktxxl.de\\\/markt\\\/wp-content\\\/uploads\\\/sites\\\/3\\\/2020\\\/12\\\/logo.png\",\"width\":200,\"height\":70,\"caption\":\"Markt-XXL\"},\"image\":{\"@id\":\"https:\\\/\\\/marktxxl.de\\\/markt\\\/#\\\/schema\\\/logo\\\/image\\\/\"}}]}<\/script>\n<!-- \/ Yoast SEO plugin. -->","yoast_head_json":{"title":"\u00c4gyptisches Radi\u00e4sthesie-Pendel THOT mit Zeuge - Pendel Esoterik\/Orakel Pendel \u2013 Geobiologie, Stimmungsmann, Reise, Magnetisierer \u2013 Anthisches Messing \u2013 37 Gr - Markt-XXL","description":"Markt-XXL \u00c4gyptisches Radi\u00e4sthesie-Pendel THOT mit Zeuge - Pendel Esoterik\/Orakel Pendel \u2013 Geobiologie, Stimmungsmann, Reise, Magnetisierer \u2013 Anthisches Messing \u2013 37 Gr","robots":{"index":"index","follow":"follow","max-snippet":"max-snippet:-1","max-image-preview":"max-image-preview:large","max-video-preview":"max-video-preview:-1"},"canonical":"https:\/\/marktxxl.de\/markt\/produkt\/aegyptisches-radiaesthesie-pendel-thot-mit-zeuge-pendel-esoterik-orakel-pendel-geobiologie-stimmungsmann-reise-magnetisierer-anthisches-messing-37-gr\/","og_locale":"de_DE","og_type":"article","og_title":"\u00c4gyptisches Radi\u00e4sthesie-Pendel THOT mit Zeuge - Pendel Esoterik\/Orakel Pendel \u2013 Geobiologie, Stimmungsmann, Reise, Magnetisierer \u2013 Anthisches Messing \u2013 37 Gr - Markt-XXL","og_description":"Markt-XXL \u00c4gyptisches Radi\u00e4sthesie-Pendel THOT mit Zeuge - Pendel Esoterik\/Orakel Pendel \u2013 Geobiologie, Stimmungsmann, Reise, Magnetisierer \u2013 Anthisches Messing \u2013 37 Gr","og_url":"https:\/\/marktxxl.de\/markt\/produkt\/aegyptisches-radiaesthesie-pendel-thot-mit-zeuge-pendel-esoterik-orakel-pendel-geobiologie-stimmungsmann-reise-magnetisierer-anthisches-messing-37-gr\/","og_site_name":"Markt-XXL","twitter_card":"summary_large_image","twitter_misc":{"Gesch\u00e4tzte Lesezeit":"1\u00a0Minute"},"schema":{"@context":"https:\/\/schema.org","@graph":[{"@type":"WebPage","@id":"https:\/\/marktxxl.de\/markt\/produkt\/aegyptisches-radiaesthesie-pendel-thot-mit-zeuge-pendel-esoterik-orakel-pendel-geobiologie-stimmungsmann-reise-magnetisierer-anthisches-messing-37-gr\/","url":"https:\/\/marktxxl.de\/markt\/produkt\/aegyptisches-radiaesthesie-pendel-thot-mit-zeuge-pendel-esoterik-orakel-pendel-geobiologie-stimmungsmann-reise-magnetisierer-anthisches-messing-37-gr\/","name":"\u00c4gyptisches Radi\u00e4sthesie-Pendel THOT mit Zeuge - Pendel Esoterik\/Orakel Pendel \u2013 Geobiologie, Stimmungsmann, Reise, Magnetisierer \u2013 Anthisches Messing \u2013 37 Gr - Markt-XXL","isPartOf":{"@id":"https:\/\/marktxxl.de\/markt\/#website"},"primaryImageOfPage":{"@id":"https:\/\/marktxxl.de\/markt\/produkt\/aegyptisches-radiaesthesie-pendel-thot-mit-zeuge-pendel-esoterik-orakel-pendel-geobiologie-stimmungsmann-reise-magnetisierer-anthisches-messing-37-gr\/#primaryimage"},"image":{"@id":"https:\/\/marktxxl.de\/markt\/produkt\/aegyptisches-radiaesthesie-pendel-thot-mit-zeuge-pendel-esoterik-orakel-pendel-geobiologie-stimmungsmann-reise-magnetisierer-anthisches-messing-37-gr\/#primaryimage"},"thumbnailUrl":"https:\/\/m.media-amazon.com\/images\/I\/51iOqduGPpL._SL500_.jpg","datePublished":"2024-07-28T19:19:54+00:00","description":"Markt-XXL \u00c4gyptisches Radi\u00e4sthesie-Pendel THOT mit Zeuge - Pendel Esoterik\/Orakel Pendel \u2013 Geobiologie, Stimmungsmann, Reise, Magnetisierer \u2013 Anthisches Messing \u2013 37 Gr","breadcrumb":{"@id":"https:\/\/marktxxl.de\/markt\/produkt\/aegyptisches-radiaesthesie-pendel-thot-mit-zeuge-pendel-esoterik-orakel-pendel-geobiologie-stimmungsmann-reise-magnetisierer-anthisches-messing-37-gr\/#breadcrumb"},"inLanguage":"de","potentialAction":[{"@type":"ReadAction","target":["https:\/\/marktxxl.de\/markt\/produkt\/aegyptisches-radiaesthesie-pendel-thot-mit-zeuge-pendel-esoterik-orakel-pendel-geobiologie-stimmungsmann-reise-magnetisierer-anthisches-messing-37-gr\/"]}]},{"@type":"ImageObject","inLanguage":"de","@id":"https:\/\/marktxxl.de\/markt\/produkt\/aegyptisches-radiaesthesie-pendel-thot-mit-zeuge-pendel-esoterik-orakel-pendel-geobiologie-stimmungsmann-reise-magnetisierer-anthisches-messing-37-gr\/#primaryimage","url":"https:\/\/m.media-amazon.com\/images\/I\/51iOqduGPpL._SL500_.jpg","contentUrl":"https:\/\/m.media-amazon.com\/images\/I\/51iOqduGPpL._SL500_.jpg","width":500,"height":500},{"@type":"BreadcrumbList","@id":"https:\/\/marktxxl.de\/markt\/produkt\/aegyptisches-radiaesthesie-pendel-thot-mit-zeuge-pendel-esoterik-orakel-pendel-geobiologie-stimmungsmann-reise-magnetisierer-anthisches-messing-37-gr\/#breadcrumb","itemListElement":[{"@type":"ListItem","position":1,"name":"Startseite","item":"https:\/\/marktxxl.de\/markt\/"},{"@type":"ListItem","position":2,"name":"Markt","item":"https:\/\/marktxxl.de\/markt\/"},{"@type":"ListItem","position":3,"name":"\u00c4gyptisches Radi\u00e4sthesie-Pendel THOT mit Zeuge &#8211; Pendel Esoterik\/Orakel Pendel \u2013 Geobiologie, Stimmungsmann, Reise, Magnetisierer \u2013 Anthisches Messing \u2013 37 Gr"}]},{"@type":"WebSite","@id":"https:\/\/marktxxl.de\/markt\/#website","url":"https:\/\/marktxxl.de\/markt\/","name":"Markt-XXL","description":"Ihr Markt Online","publisher":{"@id":"https:\/\/marktxxl.de\/markt\/#organization"},"potentialAction":[{"@type":"SearchAction","target":{"@type":"EntryPoint","urlTemplate":"https:\/\/marktxxl.de\/markt\/?s={search_term_string}"},"query-input":{"@type":"PropertyValueSpecification","valueRequired":true,"valueName":"search_term_string"}}],"inLanguage":"de"},{"@type":"Organization","@id":"https:\/\/marktxxl.de\/markt\/#organization","name":"Markt-XXL","url":"https:\/\/marktxxl.de\/markt\/","logo":{"@type":"ImageObject","inLanguage":"de","@id":"https:\/\/marktxxl.de\/markt\/#\/schema\/logo\/image\/","url":"https:\/\/marktxxl.de\/markt\/wp-content\/uploads\/sites\/3\/2020\/12\/logo.png","contentUrl":"https:\/\/marktxxl.de\/markt\/wp-content\/uploads\/sites\/3\/2020\/12\/logo.png","width":200,"height":70,"caption":"Markt-XXL"},"image":{"@id":"https:\/\/marktxxl.de\/markt\/#\/schema\/logo\/image\/"}}]}},"_links":{"self":[{"href":"https:\/\/marktxxl.de\/markt\/wp-json\/wp\/v2\/product\/225631","targetHints":{"allow":["GET"]}}],"collection":[{"href":"https:\/\/marktxxl.de\/markt\/wp-json\/wp\/v2\/product"}],"about":[{"href":"https:\/\/marktxxl.de\/markt\/wp-json\/wp\/v2\/types\/product"}],"replies":[{"embeddable":true,"href":"https:\/\/marktxxl.de\/markt\/wp-json\/wp\/v2\/comments?post=225631"}],"wp:featuredmedia":[{"embeddable":true,"href":"https:\/\/marktxxl.de\/markt\/wp-json\/wp\/v2\/media\/225632"}],"wp:attachment":[{"href":"https:\/\/marktxxl.de\/markt\/wp-json\/wp\/v2\/media?parent=225631"}],"wp:term":[{"taxonomy":"product_brand","embeddable":true,"href":"https:\/\/marktxxl.de\/markt\/wp-json\/wp\/v2\/product_brand?post=225631"},{"taxonomy":"product_cat","embeddable":true,"href":"https:\/\/marktxxl.de\/markt\/wp-json\/wp\/v2\/product_cat?post=225631"},{"taxonomy":"product_tag","embeddable":true,"href":"https:\/\/marktxxl.de\/markt\/wp-json\/wp\/v2\/product_tag?post=225631"}],"curies":[{"name":"wp","href":"https:\/\/api.w.org\/{rel}","templated":true}]}}