{"id":225619,"date":"2024-07-28T21:19:40","date_gmt":"2024-07-28T19:19:40","guid":{"rendered":"https:\/\/marktxxl.de\/markt\/produkt\/einfuehrungspreis-100-bio-pfefferminzoel-natuerlich-pur-aetherisches-oel-minzoel-foerdert-das-haarwachstum-haaroel-bei-haarausfall-aromatherapie-lindert-kopfschme\/"},"modified":"2024-07-28T21:19:40","modified_gmt":"2024-07-28T19:19:40","slug":"einfuehrungspreis-100-bio-pfefferminzoel-natuerlich-pur-aetherisches-oel-minzoel-foerdert-das-haarwachstum-haaroel-bei-haarausfall-aromatherapie-lindert-kopfschme","status":"publish","type":"product","link":"https:\/\/marktxxl.de\/markt\/produkt\/einfuehrungspreis-100-bio-pfefferminzoel-natuerlich-pur-aetherisches-oel-minzoel-foerdert-das-haarwachstum-haaroel-bei-haarausfall-aromatherapie-lindert-kopfschme\/","title":{"rendered":"EINF\u00dcHRUNGSPREIS \u2013 100% BIO PFEFFERMINZ\u00d6L | Nat\u00fcrlich &amp; Pur &#8211; \u00c4therisches \u00d6l | Minz\u00f6l &#8211; F\u00f6rdert das Haarwachstum \u2013 Haar\u00f6l bei Haarausfall | Aromatherapie &#8211; Lindert Kopfschmerzen | Therapeutisches \u00d6l"},"content":{"rendered":"<p>\u2705100% BIO Pfefferminz\u00f6l \u2013 Wir von Soena Naturals geh\u00f6ren zu einer der wenigen Marken die zur Herstellung von Pfefferminz\u00f6l ausschlie\u00dflich Pfefferminzbl\u00e4tter aus kontrolliert biologischem Anbau verwenden. Zur T\u00e4uschung werben viele Marken deshalb leider mit \u201eNat\u00fcrlich\u201c jedoch nicht mit \u201cBIO\u201c. Ihr BIO-Vorteil: 1. Sie sch\u00fctzen sich vor Kontakt mit Schadstoffen! 2. Sie sch\u00fctzen die Umwelt.<br \/>\n\u2705 BIO &#8211; VEGAN &#8211; OHNE TIERVERSUCHE \u2013 Unsere Bio Pfefferminz\u00f6l wurden zu 100% BIOLOGISCH angebaut. Zudem ist unser Pfefferminz\u00f6l nicht nur VEGAN und FREI VON TIERVERSUCHEN, sondern auch FREI von ALKOHOl, FREI von KONSERVIERUNGSSTOFFEN, FREI von DUFTSTOFFEN, FREI von MICROPLASTIK und FREI von PARABENEN<br \/>\n\u2705 PURES &amp; NATURREINES VOLLSPEKTRUM\u00d6L &#8211; Da reines Bio Pfefferminz\u00f6l sehr teuer ist, mischen andere Hersteller zu ihrem Pfefferminz\u00f6l, g\u00fcnstigere \u00d6le hinzu. Achten Sie deshalb auf die Zutatenliste. Es darf nur 1 Inhaltstoff auf der INCI-Liste stehen: Mentha Piperita Oil.<br \/>\n\u2705 UMWELTFREUNDLICH &#8211; Wir verwenden weitestgehend RECYCELBARE BRAUNGLASFLASCHEN &#8211; NACHHALTIGE VERPACKUNGSMATERIALIEN (FSC Zertifiziert) &#8211; VERMEIDEN BEIPACKZETTEL<br \/>\n\u2705 100% SOENA NATURALS ZUFRIEDENHEITSVERSPRECHEN \u2013 Da wir von unseren Produkten so \u00fcberzeugt sind, f\u00e4llt es uns nicht schwer Ihnen zu garantieren den vollen Kaufpreis zur\u00fcck zu erstatten, falls Sie unerwartet nicht zufrieden sein sollten.<br \/>\n<div class=\"main-cross-sell\" data-asin=\"B0CMDMX43B\">\n\n\t<div class=\"WooZone-cross-sell-loader\">\n\t\t<div>\n\t\t\t<div id=\"floatingBarsG\">\n\t\t\t\t<div class=\"blockG\" id=\"rotateG_01\"><\/div>\n\t\t\t\t<div class=\"blockG\" id=\"rotateG_02\"><\/div>\n\t\t\t\t<div class=\"blockG\" id=\"rotateG_03\"><\/div>\n\t\t\t\t<div class=\"blockG\" id=\"rotateG_04\"><\/div>\n\t\t\t\t<div class=\"blockG\" id=\"rotateG_05\"><\/div>\n\t\t\t\t<div class=\"blockG\" id=\"rotateG_06\"><\/div>\n\t\t\t\t<div class=\"blockG\" id=\"rotateG_07\"><\/div>\n\t\t\t\t<div class=\"blockG\" id=\"rotateG_08\"><\/div>\n\t\t\t<\/div>\n\t\t\t<div class=\"WooZone-cross-sell-loader-text\"><\/div>\n\t\t<\/div>\n\t<\/div>\n\n\t\t\n<\/div>\n<div style=\"clear:both;\"><\/div><\/p>\n","protected":false},"excerpt":{"rendered":"<p>\u2705100% BIO Pfefferminz\u00f6l \u2013 Wir von Soena Naturals geh\u00f6ren zu einer der wenigen Marken die zur Herstellung von Pfefferminz\u00f6l ausschlie\u00dflich Pfefferminzbl\u00e4tter aus kontrolliert biologischem Anbau verwenden. Zur T\u00e4uschung werben viele Marken deshalb leider mit \u201eNat\u00fcrlich\u201c jedoch nicht mit \u201cBIO\u201c. Ihr BIO-Vorteil: 1. Sie sch\u00fctzen sich vor Kontakt mit Schadstoffen! 2. Sie sch\u00fctzen die Umwelt.<br \/>\n\u2705 BIO &#8211; VEGAN &#8211; OHNE TIERVERSUCHE \u2013 Unsere Bio Pfefferminz\u00f6l wurden zu 100% BIOLOGISCH angebaut. Zudem ist unser Pfefferminz\u00f6l nicht nur VEGAN und FREI VON TIERVERSUCHEN, sondern auch FREI von ALKOHOl, FREI von KONSERVIERUNGSSTOFFEN, FREI von DUFTSTOFFEN, FREI von MICROPLASTIK und FREI von PARABENEN<br \/>\n\u2705 PURES &amp; NATURREINES VOLLSPEKTRUM\u00d6L &#8211; Da reines Bio Pfefferminz\u00f6l sehr teuer ist, mischen andere Hersteller zu ihrem Pfefferminz\u00f6l, g\u00fcnstigere \u00d6le hinzu. Achten Sie deshalb auf die Zutatenliste. Es darf nur 1 Inhaltstoff auf der INCI-Liste stehen: Mentha Piperita Oil.<\/p>\n","protected":false},"featured_media":225620,"comment_status":"open","ping_status":"closed","template":"","meta":[],"product_brand":[],"product_cat":[566,6496],"product_tag":[],"class_list":{"0":"post-225619","1":"product","2":"type-product","3":"status-publish","4":"has-post-thumbnail","6":"product_cat-drogerie-koerperpflege","7":"product_cat-wellness","8":"pa_brand-soena","9":"pa_height-4-7244-zoll","10":"pa_length-1-515745-zoll","11":"pa_manufacturer-soena","12":"pa_size-30-ml-1er-pack","13":"pa_width-1-515745-zoll","15":"first","16":"instock","17":"sale","18":"shipping-taxable","19":"purchasable","20":"product-type-simple","21":"customify-col","22":"product-has-gallery"},"yoast_head":"<!-- This site is optimized with the Yoast SEO plugin v27.3 - https:\/\/yoast.com\/product\/yoast-seo-wordpress\/ -->\n<title>EINF\u00dcHRUNGSPREIS \u2013 100% BIO PFEFFERMINZ\u00d6L | Nat\u00fcrlich &amp; Pur - \u00c4therisches \u00d6l | Minz\u00f6l - F\u00f6rdert das Haarwachstum \u2013 Haar\u00f6l bei Haarausfall | Aromatherapie - Lindert Kopfschmerzen | Therapeutisches \u00d6l - Markt-XXL<\/title>\n<meta name=\"description\" content=\"Markt-XXL EINF\u00dcHRUNGSPREIS \u2013 100% BIO PFEFFERMINZ\u00d6L | Nat\u00fcrlich &amp; Pur - \u00c4therisches \u00d6l | Minz\u00f6l - F\u00f6rdert das Haarwachstum \u2013 Haar\u00f6l bei Haarausfall | Aromatherapie - Lindert Kopfschmerzen | Therapeutisches \u00d6l\" \/>\n<meta name=\"robots\" content=\"index, follow, max-snippet:-1, max-image-preview:large, max-video-preview:-1\" \/>\n<link rel=\"canonical\" href=\"https:\/\/marktxxl.de\/markt\/produkt\/einfuehrungspreis-100-bio-pfefferminzoel-natuerlich-pur-aetherisches-oel-minzoel-foerdert-das-haarwachstum-haaroel-bei-haarausfall-aromatherapie-lindert-kopfschme\/\" \/>\n<meta property=\"og:locale\" content=\"de_DE\" \/>\n<meta property=\"og:type\" content=\"article\" \/>\n<meta property=\"og:title\" content=\"EINF\u00dcHRUNGSPREIS \u2013 100% BIO PFEFFERMINZ\u00d6L | Nat\u00fcrlich &amp; Pur - \u00c4therisches \u00d6l | Minz\u00f6l - F\u00f6rdert das Haarwachstum \u2013 Haar\u00f6l bei Haarausfall | Aromatherapie - Lindert Kopfschmerzen | Therapeutisches \u00d6l - Markt-XXL\" \/>\n<meta property=\"og:description\" content=\"Markt-XXL EINF\u00dcHRUNGSPREIS \u2013 100% BIO PFEFFERMINZ\u00d6L | Nat\u00fcrlich &amp; Pur - \u00c4therisches \u00d6l | Minz\u00f6l - F\u00f6rdert das Haarwachstum \u2013 Haar\u00f6l bei Haarausfall | Aromatherapie - Lindert Kopfschmerzen | Therapeutisches \u00d6l\" \/>\n<meta property=\"og:url\" content=\"https:\/\/marktxxl.de\/markt\/produkt\/einfuehrungspreis-100-bio-pfefferminzoel-natuerlich-pur-aetherisches-oel-minzoel-foerdert-das-haarwachstum-haaroel-bei-haarausfall-aromatherapie-lindert-kopfschme\/\" \/>\n<meta property=\"og:site_name\" content=\"Markt-XXL\" \/>\n<meta name=\"twitter:card\" content=\"summary_large_image\" \/>\n<meta name=\"twitter:label1\" content=\"Gesch\u00e4tzte Lesezeit\" \/>\n\t<meta name=\"twitter:data1\" content=\"1\u00a0Minute\" \/>\n<script type=\"application\/ld+json\" class=\"yoast-schema-graph\">{\"@context\":\"https:\\\/\\\/schema.org\",\"@graph\":[{\"@type\":\"WebPage\",\"@id\":\"https:\\\/\\\/marktxxl.de\\\/markt\\\/produkt\\\/einfuehrungspreis-100-bio-pfefferminzoel-natuerlich-pur-aetherisches-oel-minzoel-foerdert-das-haarwachstum-haaroel-bei-haarausfall-aromatherapie-lindert-kopfschme\\\/\",\"url\":\"https:\\\/\\\/marktxxl.de\\\/markt\\\/produkt\\\/einfuehrungspreis-100-bio-pfefferminzoel-natuerlich-pur-aetherisches-oel-minzoel-foerdert-das-haarwachstum-haaroel-bei-haarausfall-aromatherapie-lindert-kopfschme\\\/\",\"name\":\"EINF\u00dcHRUNGSPREIS \u2013 100% BIO PFEFFERMINZ\u00d6L | Nat\u00fcrlich &amp; Pur - \u00c4therisches \u00d6l | Minz\u00f6l - F\u00f6rdert das Haarwachstum \u2013 Haar\u00f6l bei Haarausfall | Aromatherapie - Lindert Kopfschmerzen | Therapeutisches \u00d6l - Markt-XXL\",\"isPartOf\":{\"@id\":\"https:\\\/\\\/marktxxl.de\\\/markt\\\/#website\"},\"primaryImageOfPage\":{\"@id\":\"https:\\\/\\\/marktxxl.de\\\/markt\\\/produkt\\\/einfuehrungspreis-100-bio-pfefferminzoel-natuerlich-pur-aetherisches-oel-minzoel-foerdert-das-haarwachstum-haaroel-bei-haarausfall-aromatherapie-lindert-kopfschme\\\/#primaryimage\"},\"image\":{\"@id\":\"https:\\\/\\\/marktxxl.de\\\/markt\\\/produkt\\\/einfuehrungspreis-100-bio-pfefferminzoel-natuerlich-pur-aetherisches-oel-minzoel-foerdert-das-haarwachstum-haaroel-bei-haarausfall-aromatherapie-lindert-kopfschme\\\/#primaryimage\"},\"thumbnailUrl\":\"https:\\\/\\\/m.media-amazon.com\\\/images\\\/I\\\/41FyuYHfjvL._SL500_.jpg\",\"datePublished\":\"2024-07-28T19:19:40+00:00\",\"description\":\"Markt-XXL EINF\u00dcHRUNGSPREIS \u2013 100% BIO PFEFFERMINZ\u00d6L | Nat\u00fcrlich &amp; Pur - \u00c4therisches \u00d6l | Minz\u00f6l - F\u00f6rdert das Haarwachstum \u2013 Haar\u00f6l bei Haarausfall | Aromatherapie - Lindert Kopfschmerzen | Therapeutisches \u00d6l\",\"breadcrumb\":{\"@id\":\"https:\\\/\\\/marktxxl.de\\\/markt\\\/produkt\\\/einfuehrungspreis-100-bio-pfefferminzoel-natuerlich-pur-aetherisches-oel-minzoel-foerdert-das-haarwachstum-haaroel-bei-haarausfall-aromatherapie-lindert-kopfschme\\\/#breadcrumb\"},\"inLanguage\":\"de\",\"potentialAction\":[{\"@type\":\"ReadAction\",\"target\":[\"https:\\\/\\\/marktxxl.de\\\/markt\\\/produkt\\\/einfuehrungspreis-100-bio-pfefferminzoel-natuerlich-pur-aetherisches-oel-minzoel-foerdert-das-haarwachstum-haaroel-bei-haarausfall-aromatherapie-lindert-kopfschme\\\/\"]}]},{\"@type\":\"ImageObject\",\"inLanguage\":\"de\",\"@id\":\"https:\\\/\\\/marktxxl.de\\\/markt\\\/produkt\\\/einfuehrungspreis-100-bio-pfefferminzoel-natuerlich-pur-aetherisches-oel-minzoel-foerdert-das-haarwachstum-haaroel-bei-haarausfall-aromatherapie-lindert-kopfschme\\\/#primaryimage\",\"url\":\"https:\\\/\\\/m.media-amazon.com\\\/images\\\/I\\\/41FyuYHfjvL._SL500_.jpg\",\"contentUrl\":\"https:\\\/\\\/m.media-amazon.com\\\/images\\\/I\\\/41FyuYHfjvL._SL500_.jpg\",\"width\":325,\"height\":500},{\"@type\":\"BreadcrumbList\",\"@id\":\"https:\\\/\\\/marktxxl.de\\\/markt\\\/produkt\\\/einfuehrungspreis-100-bio-pfefferminzoel-natuerlich-pur-aetherisches-oel-minzoel-foerdert-das-haarwachstum-haaroel-bei-haarausfall-aromatherapie-lindert-kopfschme\\\/#breadcrumb\",\"itemListElement\":[{\"@type\":\"ListItem\",\"position\":1,\"name\":\"Startseite\",\"item\":\"https:\\\/\\\/marktxxl.de\\\/markt\\\/\"},{\"@type\":\"ListItem\",\"position\":2,\"name\":\"Markt\",\"item\":\"https:\\\/\\\/marktxxl.de\\\/markt\\\/\"},{\"@type\":\"ListItem\",\"position\":3,\"name\":\"EINF\u00dcHRUNGSPREIS \u2013 100% BIO PFEFFERMINZ\u00d6L | Nat\u00fcrlich &amp; Pur &#8211; \u00c4therisches \u00d6l | Minz\u00f6l &#8211; F\u00f6rdert das Haarwachstum \u2013 Haar\u00f6l bei Haarausfall | Aromatherapie &#8211; Lindert Kopfschmerzen | Therapeutisches \u00d6l\"}]},{\"@type\":\"WebSite\",\"@id\":\"https:\\\/\\\/marktxxl.de\\\/markt\\\/#website\",\"url\":\"https:\\\/\\\/marktxxl.de\\\/markt\\\/\",\"name\":\"Markt-XXL\",\"description\":\"Ihr Markt Online\",\"publisher\":{\"@id\":\"https:\\\/\\\/marktxxl.de\\\/markt\\\/#organization\"},\"potentialAction\":[{\"@type\":\"SearchAction\",\"target\":{\"@type\":\"EntryPoint\",\"urlTemplate\":\"https:\\\/\\\/marktxxl.de\\\/markt\\\/?s={search_term_string}\"},\"query-input\":{\"@type\":\"PropertyValueSpecification\",\"valueRequired\":true,\"valueName\":\"search_term_string\"}}],\"inLanguage\":\"de\"},{\"@type\":\"Organization\",\"@id\":\"https:\\\/\\\/marktxxl.de\\\/markt\\\/#organization\",\"name\":\"Markt-XXL\",\"url\":\"https:\\\/\\\/marktxxl.de\\\/markt\\\/\",\"logo\":{\"@type\":\"ImageObject\",\"inLanguage\":\"de\",\"@id\":\"https:\\\/\\\/marktxxl.de\\\/markt\\\/#\\\/schema\\\/logo\\\/image\\\/\",\"url\":\"https:\\\/\\\/marktxxl.de\\\/markt\\\/wp-content\\\/uploads\\\/sites\\\/3\\\/2020\\\/12\\\/logo.png\",\"contentUrl\":\"https:\\\/\\\/marktxxl.de\\\/markt\\\/wp-content\\\/uploads\\\/sites\\\/3\\\/2020\\\/12\\\/logo.png\",\"width\":200,\"height\":70,\"caption\":\"Markt-XXL\"},\"image\":{\"@id\":\"https:\\\/\\\/marktxxl.de\\\/markt\\\/#\\\/schema\\\/logo\\\/image\\\/\"}}]}<\/script>\n<!-- \/ Yoast SEO plugin. -->","yoast_head_json":{"title":"EINF\u00dcHRUNGSPREIS \u2013 100% BIO PFEFFERMINZ\u00d6L | Nat\u00fcrlich &amp; Pur - \u00c4therisches \u00d6l | Minz\u00f6l - F\u00f6rdert das Haarwachstum \u2013 Haar\u00f6l bei Haarausfall | Aromatherapie - Lindert Kopfschmerzen | Therapeutisches \u00d6l - Markt-XXL","description":"Markt-XXL EINF\u00dcHRUNGSPREIS \u2013 100% BIO PFEFFERMINZ\u00d6L | Nat\u00fcrlich &amp; Pur - \u00c4therisches \u00d6l | Minz\u00f6l - F\u00f6rdert das Haarwachstum \u2013 Haar\u00f6l bei Haarausfall | Aromatherapie - Lindert Kopfschmerzen | Therapeutisches \u00d6l","robots":{"index":"index","follow":"follow","max-snippet":"max-snippet:-1","max-image-preview":"max-image-preview:large","max-video-preview":"max-video-preview:-1"},"canonical":"https:\/\/marktxxl.de\/markt\/produkt\/einfuehrungspreis-100-bio-pfefferminzoel-natuerlich-pur-aetherisches-oel-minzoel-foerdert-das-haarwachstum-haaroel-bei-haarausfall-aromatherapie-lindert-kopfschme\/","og_locale":"de_DE","og_type":"article","og_title":"EINF\u00dcHRUNGSPREIS \u2013 100% BIO PFEFFERMINZ\u00d6L | Nat\u00fcrlich &amp; Pur - \u00c4therisches \u00d6l | Minz\u00f6l - F\u00f6rdert das Haarwachstum \u2013 Haar\u00f6l bei Haarausfall | Aromatherapie - Lindert Kopfschmerzen | Therapeutisches \u00d6l - Markt-XXL","og_description":"Markt-XXL EINF\u00dcHRUNGSPREIS \u2013 100% BIO PFEFFERMINZ\u00d6L | Nat\u00fcrlich &amp; Pur - \u00c4therisches \u00d6l | Minz\u00f6l - F\u00f6rdert das Haarwachstum \u2013 Haar\u00f6l bei Haarausfall | Aromatherapie - Lindert Kopfschmerzen | Therapeutisches \u00d6l","og_url":"https:\/\/marktxxl.de\/markt\/produkt\/einfuehrungspreis-100-bio-pfefferminzoel-natuerlich-pur-aetherisches-oel-minzoel-foerdert-das-haarwachstum-haaroel-bei-haarausfall-aromatherapie-lindert-kopfschme\/","og_site_name":"Markt-XXL","twitter_card":"summary_large_image","twitter_misc":{"Gesch\u00e4tzte Lesezeit":"1\u00a0Minute"},"schema":{"@context":"https:\/\/schema.org","@graph":[{"@type":"WebPage","@id":"https:\/\/marktxxl.de\/markt\/produkt\/einfuehrungspreis-100-bio-pfefferminzoel-natuerlich-pur-aetherisches-oel-minzoel-foerdert-das-haarwachstum-haaroel-bei-haarausfall-aromatherapie-lindert-kopfschme\/","url":"https:\/\/marktxxl.de\/markt\/produkt\/einfuehrungspreis-100-bio-pfefferminzoel-natuerlich-pur-aetherisches-oel-minzoel-foerdert-das-haarwachstum-haaroel-bei-haarausfall-aromatherapie-lindert-kopfschme\/","name":"EINF\u00dcHRUNGSPREIS \u2013 100% BIO PFEFFERMINZ\u00d6L | Nat\u00fcrlich &amp; Pur - \u00c4therisches \u00d6l | Minz\u00f6l - F\u00f6rdert das Haarwachstum \u2013 Haar\u00f6l bei Haarausfall | Aromatherapie - Lindert Kopfschmerzen | Therapeutisches \u00d6l - Markt-XXL","isPartOf":{"@id":"https:\/\/marktxxl.de\/markt\/#website"},"primaryImageOfPage":{"@id":"https:\/\/marktxxl.de\/markt\/produkt\/einfuehrungspreis-100-bio-pfefferminzoel-natuerlich-pur-aetherisches-oel-minzoel-foerdert-das-haarwachstum-haaroel-bei-haarausfall-aromatherapie-lindert-kopfschme\/#primaryimage"},"image":{"@id":"https:\/\/marktxxl.de\/markt\/produkt\/einfuehrungspreis-100-bio-pfefferminzoel-natuerlich-pur-aetherisches-oel-minzoel-foerdert-das-haarwachstum-haaroel-bei-haarausfall-aromatherapie-lindert-kopfschme\/#primaryimage"},"thumbnailUrl":"https:\/\/m.media-amazon.com\/images\/I\/41FyuYHfjvL._SL500_.jpg","datePublished":"2024-07-28T19:19:40+00:00","description":"Markt-XXL EINF\u00dcHRUNGSPREIS \u2013 100% BIO PFEFFERMINZ\u00d6L | Nat\u00fcrlich &amp; Pur - \u00c4therisches \u00d6l | Minz\u00f6l - F\u00f6rdert das Haarwachstum \u2013 Haar\u00f6l bei Haarausfall | Aromatherapie - Lindert Kopfschmerzen | Therapeutisches \u00d6l","breadcrumb":{"@id":"https:\/\/marktxxl.de\/markt\/produkt\/einfuehrungspreis-100-bio-pfefferminzoel-natuerlich-pur-aetherisches-oel-minzoel-foerdert-das-haarwachstum-haaroel-bei-haarausfall-aromatherapie-lindert-kopfschme\/#breadcrumb"},"inLanguage":"de","potentialAction":[{"@type":"ReadAction","target":["https:\/\/marktxxl.de\/markt\/produkt\/einfuehrungspreis-100-bio-pfefferminzoel-natuerlich-pur-aetherisches-oel-minzoel-foerdert-das-haarwachstum-haaroel-bei-haarausfall-aromatherapie-lindert-kopfschme\/"]}]},{"@type":"ImageObject","inLanguage":"de","@id":"https:\/\/marktxxl.de\/markt\/produkt\/einfuehrungspreis-100-bio-pfefferminzoel-natuerlich-pur-aetherisches-oel-minzoel-foerdert-das-haarwachstum-haaroel-bei-haarausfall-aromatherapie-lindert-kopfschme\/#primaryimage","url":"https:\/\/m.media-amazon.com\/images\/I\/41FyuYHfjvL._SL500_.jpg","contentUrl":"https:\/\/m.media-amazon.com\/images\/I\/41FyuYHfjvL._SL500_.jpg","width":325,"height":500},{"@type":"BreadcrumbList","@id":"https:\/\/marktxxl.de\/markt\/produkt\/einfuehrungspreis-100-bio-pfefferminzoel-natuerlich-pur-aetherisches-oel-minzoel-foerdert-das-haarwachstum-haaroel-bei-haarausfall-aromatherapie-lindert-kopfschme\/#breadcrumb","itemListElement":[{"@type":"ListItem","position":1,"name":"Startseite","item":"https:\/\/marktxxl.de\/markt\/"},{"@type":"ListItem","position":2,"name":"Markt","item":"https:\/\/marktxxl.de\/markt\/"},{"@type":"ListItem","position":3,"name":"EINF\u00dcHRUNGSPREIS \u2013 100% BIO PFEFFERMINZ\u00d6L | Nat\u00fcrlich &amp; Pur &#8211; \u00c4therisches \u00d6l | Minz\u00f6l &#8211; F\u00f6rdert das Haarwachstum \u2013 Haar\u00f6l bei Haarausfall | Aromatherapie &#8211; Lindert Kopfschmerzen | Therapeutisches \u00d6l"}]},{"@type":"WebSite","@id":"https:\/\/marktxxl.de\/markt\/#website","url":"https:\/\/marktxxl.de\/markt\/","name":"Markt-XXL","description":"Ihr Markt Online","publisher":{"@id":"https:\/\/marktxxl.de\/markt\/#organization"},"potentialAction":[{"@type":"SearchAction","target":{"@type":"EntryPoint","urlTemplate":"https:\/\/marktxxl.de\/markt\/?s={search_term_string}"},"query-input":{"@type":"PropertyValueSpecification","valueRequired":true,"valueName":"search_term_string"}}],"inLanguage":"de"},{"@type":"Organization","@id":"https:\/\/marktxxl.de\/markt\/#organization","name":"Markt-XXL","url":"https:\/\/marktxxl.de\/markt\/","logo":{"@type":"ImageObject","inLanguage":"de","@id":"https:\/\/marktxxl.de\/markt\/#\/schema\/logo\/image\/","url":"https:\/\/marktxxl.de\/markt\/wp-content\/uploads\/sites\/3\/2020\/12\/logo.png","contentUrl":"https:\/\/marktxxl.de\/markt\/wp-content\/uploads\/sites\/3\/2020\/12\/logo.png","width":200,"height":70,"caption":"Markt-XXL"},"image":{"@id":"https:\/\/marktxxl.de\/markt\/#\/schema\/logo\/image\/"}}]}},"_links":{"self":[{"href":"https:\/\/marktxxl.de\/markt\/wp-json\/wp\/v2\/product\/225619","targetHints":{"allow":["GET"]}}],"collection":[{"href":"https:\/\/marktxxl.de\/markt\/wp-json\/wp\/v2\/product"}],"about":[{"href":"https:\/\/marktxxl.de\/markt\/wp-json\/wp\/v2\/types\/product"}],"replies":[{"embeddable":true,"href":"https:\/\/marktxxl.de\/markt\/wp-json\/wp\/v2\/comments?post=225619"}],"wp:featuredmedia":[{"embeddable":true,"href":"https:\/\/marktxxl.de\/markt\/wp-json\/wp\/v2\/media\/225620"}],"wp:attachment":[{"href":"https:\/\/marktxxl.de\/markt\/wp-json\/wp\/v2\/media?parent=225619"}],"wp:term":[{"taxonomy":"product_brand","embeddable":true,"href":"https:\/\/marktxxl.de\/markt\/wp-json\/wp\/v2\/product_brand?post=225619"},{"taxonomy":"product_cat","embeddable":true,"href":"https:\/\/marktxxl.de\/markt\/wp-json\/wp\/v2\/product_cat?post=225619"},{"taxonomy":"product_tag","embeddable":true,"href":"https:\/\/marktxxl.de\/markt\/wp-json\/wp\/v2\/product_tag?post=225619"}],"curies":[{"name":"wp","href":"https:\/\/api.w.org\/{rel}","templated":true}]}}