{"id":225604,"date":"2024-07-28T21:19:20","date_gmt":"2024-07-28T19:19:20","guid":{"rendered":"https:\/\/marktxxl.de\/markt\/produkt\/alpen-herz-zirbenoel-30ml-3-x-10ml-100-naturrein-aetherisches-zirbelkieferoel-aus-oesterreich-fuer-duftoel-raumduft-duftlampe-zirbenwuerfel-aroma-diffuser-zirbe-lufterfrischer-zirbelkiefer-oel\/"},"modified":"2024-07-28T21:19:20","modified_gmt":"2024-07-28T19:19:20","slug":"alpen-herz-zirbenoel-30ml-3-x-10ml-100-naturrein-aetherisches-zirbelkieferoel-aus-oesterreich-fuer-duftoel-raumduft-duftlampe-zirbenwuerfel-aroma-diffuser-zirbe-lufterfrischer-zirbelkiefer-oel","status":"publish","type":"product","link":"https:\/\/marktxxl.de\/markt\/produkt\/alpen-herz-zirbenoel-30ml-3-x-10ml-100-naturrein-aetherisches-zirbelkieferoel-aus-oesterreich-fuer-duftoel-raumduft-duftlampe-zirbenwuerfel-aroma-diffuser-zirbe-lufterfrischer-zirbelkiefer-oel\/","title":{"rendered":"ALPEN HERZ Zirben\u00f6l 30ml (3 x 10ml) &#8211; 100% naturrein, \u00e4therisches Zirbelkiefer\u00f6l aus \u00d6sterreich f\u00fcr Duft\u00f6l Raumduft Duftlampe Zirbenw\u00fcrfel Aroma Diffuser Zirbe Lufterfrischer Zirbelkiefer \u00d6l"},"content":{"rendered":"<p>\ud83c\udfd4\ufe0f ERLEBE DEN DUFT DER ALPEN &#8211; Unser \u00e4therisches Zirben\u00f6l Set aus 30ml (3 x 10 ml ) bringt das unverwechselbare Duft\u00f6l der Zirbe in dein Zuhause und einen Hauch von Tirol in jeden Raum.<br \/>\n\ud83c\udf3f100% NATUR REIN &#8211; Hol dir die Kraft der Alpen in die eigenen vier W\u00e4nde, unsere \u00e4therischen Arven\u00f6l werden aus den Nadeln und Zweigen der Zirbe durch schonende Wasserdampfdestillation gewonnen.<br \/>\n\ud83e\uddd8\u200d\u2640\ufe0fVIELSEITIGE ANWENDUNG &#8211; Unser Zirben \u00d6l eignet sich hervorragend f\u00fcr den Einsatz in der Aromatherapie, als Raumduft, Duft\u00f6l Lampe, Zirben\u00f6l f\u00fcr Kissen , Aroma diffuser Zirbenholz, Zirbenw\u00fcrfel, Duft\u00f6l Auto, Duftlampe Teelicht, Sauna, Saunaaufguss Zirbe, Zirben, Kamin, Zirbenkugel, Ofen, W\u00e4rmekabine, Infrarotsauna, Infrarotkabine, Dampfdusche, Zirbenkissen, Zirben Holz, Duftspender, nachhaltige Geschenke, Zirbensp\u00e4ne, Zirbenl\u00fcfter, Diffusor, Difuser, Zirbenlampe<br \/>\n\ud83d\udc68\u200d\ud83d\udc69\u200d\ud83d\udc67\u200d\ud83d\udc66 FAMILIENBETRIEB &#8211; Wir sind ein kleiner Familienbetrieb, der gro\u00dfen Wert auf Qualit\u00e4t und die lange Tradition unserer Region legt. Wir sind stolz darauf, authentische und nachhaltige Produkte aus Zirbenholz anbieten zu k\u00f6nnen.<br \/>\n\ud83c\udf81 HOCHWERTIGE VERPACKUNG &#8211; Unser Zirben\u00f6l wird in einer einzigartigen Verpackung geliefert, die jedes Zirbelkiefer\u00f6l zu einem nachhaltigen Geschenk macht und schont die Umwelt und sch\u00fctzt es w\u00e4hrend des Transports.<br \/>\n\ud83c\udf31 Dank Deiner wertvollen Unterst\u00fctzung k\u00f6nnen wir gemeinsam einen Baum pflanzen. 1x\ud83c\udf76 Zirben\u00f6l = 1x\ud83c\udf32Baum<br \/>\n<div class=\"main-cross-sell\" data-asin=\"B07Z1G4WFN\">\n\n\t<div class=\"WooZone-cross-sell-loader\">\n\t\t<div>\n\t\t\t<div id=\"floatingBarsG\">\n\t\t\t\t<div class=\"blockG\" id=\"rotateG_01\"><\/div>\n\t\t\t\t<div class=\"blockG\" id=\"rotateG_02\"><\/div>\n\t\t\t\t<div class=\"blockG\" id=\"rotateG_03\"><\/div>\n\t\t\t\t<div class=\"blockG\" id=\"rotateG_04\"><\/div>\n\t\t\t\t<div class=\"blockG\" id=\"rotateG_05\"><\/div>\n\t\t\t\t<div class=\"blockG\" id=\"rotateG_06\"><\/div>\n\t\t\t\t<div class=\"blockG\" id=\"rotateG_07\"><\/div>\n\t\t\t\t<div class=\"blockG\" id=\"rotateG_08\"><\/div>\n\t\t\t<\/div>\n\t\t\t<div class=\"WooZone-cross-sell-loader-text\"><\/div>\n\t\t<\/div>\n\t<\/div>\n\n\t\t\n<\/div>\n<div style=\"clear:both;\"><\/div><\/p>\n","protected":false},"excerpt":{"rendered":"<p>\ud83c\udfd4\ufe0f ERLEBE DEN DUFT DER ALPEN &#8211; Unser \u00e4therisches Zirben\u00f6l Set aus 30ml (3 x 10 ml ) bringt das unverwechselbare Duft\u00f6l der Zirbe in dein Zuhause und einen Hauch von Tirol in jeden Raum.<br \/>\n\ud83c\udf3f100% NATUR REIN &#8211; Hol dir die Kraft der Alpen in die eigenen vier W\u00e4nde, unsere \u00e4therischen Arven\u00f6l werden aus den Nadeln und Zweigen der Zirbe durch schonende Wasserdampfdestillation gewonnen.<br \/>\n\ud83e\uddd8\u200d\u2640\ufe0fVIELSEITIGE ANWENDUNG &#8211; Unser Zirben \u00d6l eignet sich hervorragend f\u00fcr den Einsatz in der Aromatherapie, als Raumduft, Duft\u00f6l Lampe, Zirben\u00f6l f\u00fcr Kissen , Aroma diffuser Zirbenholz, Zirbenw\u00fcrfel, Duft\u00f6l Auto, Duftlampe Teelicht, Sauna, Saunaaufguss Zirbe, Zirben, Kamin, Zirbenkugel, Ofen, W\u00e4rmekabine, Infrarotsauna, Infrarotkabine, Dampfdusche, Zirbenkissen, Zirben Holz, Duftspender, nachhaltige Geschenke, Zirbensp\u00e4ne, Zirbenl\u00fcfter, Diffusor, Difuser, Zirbenlampe<\/p>\n","protected":false},"featured_media":225605,"comment_status":"open","ping_status":"closed","template":"","meta":[],"product_brand":[],"product_cat":[566,6496],"product_tag":[],"class_list":{"0":"post-225604","1":"product","2":"type-product","3":"status-publish","4":"has-post-thumbnail","6":"product_cat-drogerie-koerperpflege","7":"product_cat-wellness","8":"pa_brand-north-west","9":"pa_color-zirbeloel","10":"pa_height-2-7559-zoll","11":"pa_languages-unbekannt-deutsch-unbekannt-deutsch-unbekannt-deutsch-unbekannt-deutsch-unbekannt-deutsch","12":"pa_length-0-98425-zoll","13":"pa_manufacturer-alpenherz","14":"pa_model-ah-0014-zoe10-3","15":"pa_size-10-ml-3er-pack","16":"pa_weight-0-2976240537-pfund","17":"pa_width-0-98425-zoll","19":"first","20":"instock","21":"shipping-taxable","22":"purchasable","23":"product-type-simple","24":"customify-col","25":"product-has-gallery"},"yoast_head":"<!-- This site is optimized with the Yoast SEO plugin v27.3 - https:\/\/yoast.com\/product\/yoast-seo-wordpress\/ -->\n<title>ALPEN HERZ Zirben\u00f6l 30ml (3 x 10ml) - 100% naturrein, \u00e4therisches Zirbelkiefer\u00f6l aus \u00d6sterreich f\u00fcr Duft\u00f6l Raumduft Duftlampe Zirbenw\u00fcrfel Aroma Diffuser Zirbe Lufterfrischer Zirbelkiefer \u00d6l - Markt-XXL<\/title>\n<meta name=\"description\" content=\"Markt-XXL ALPEN HERZ Zirben\u00f6l 30ml (3 x 10ml) - 100% naturrein, \u00e4therisches Zirbelkiefer\u00f6l aus \u00d6sterreich f\u00fcr Duft\u00f6l Raumduft Duftlampe Zirbenw\u00fcrfel Aroma Diffuser Zirbe Lufterfrischer Zirbelkiefer \u00d6l\" \/>\n<meta name=\"robots\" content=\"index, follow, max-snippet:-1, max-image-preview:large, max-video-preview:-1\" \/>\n<link rel=\"canonical\" href=\"https:\/\/marktxxl.de\/markt\/produkt\/alpen-herz-zirbenoel-30ml-3-x-10ml-100-naturrein-aetherisches-zirbelkieferoel-aus-oesterreich-fuer-duftoel-raumduft-duftlampe-zirbenwuerfel-aroma-diffuser-zirbe-lufterfrischer-zirbelkiefer-oel\/\" \/>\n<meta property=\"og:locale\" content=\"de_DE\" \/>\n<meta property=\"og:type\" content=\"article\" \/>\n<meta property=\"og:title\" content=\"ALPEN HERZ Zirben\u00f6l 30ml (3 x 10ml) - 100% naturrein, \u00e4therisches Zirbelkiefer\u00f6l aus \u00d6sterreich f\u00fcr Duft\u00f6l Raumduft Duftlampe Zirbenw\u00fcrfel Aroma Diffuser Zirbe Lufterfrischer Zirbelkiefer \u00d6l - Markt-XXL\" \/>\n<meta property=\"og:description\" content=\"Markt-XXL ALPEN HERZ Zirben\u00f6l 30ml (3 x 10ml) - 100% naturrein, \u00e4therisches Zirbelkiefer\u00f6l aus \u00d6sterreich f\u00fcr Duft\u00f6l Raumduft Duftlampe Zirbenw\u00fcrfel Aroma Diffuser Zirbe Lufterfrischer Zirbelkiefer \u00d6l\" \/>\n<meta property=\"og:url\" content=\"https:\/\/marktxxl.de\/markt\/produkt\/alpen-herz-zirbenoel-30ml-3-x-10ml-100-naturrein-aetherisches-zirbelkieferoel-aus-oesterreich-fuer-duftoel-raumduft-duftlampe-zirbenwuerfel-aroma-diffuser-zirbe-lufterfrischer-zirbelkiefer-oel\/\" \/>\n<meta property=\"og:site_name\" content=\"Markt-XXL\" \/>\n<meta name=\"twitter:card\" content=\"summary_large_image\" \/>\n<meta name=\"twitter:label1\" content=\"Gesch\u00e4tzte Lesezeit\" \/>\n\t<meta name=\"twitter:data1\" content=\"1\u00a0Minute\" \/>\n<script type=\"application\/ld+json\" class=\"yoast-schema-graph\">{\"@context\":\"https:\\\/\\\/schema.org\",\"@graph\":[{\"@type\":\"WebPage\",\"@id\":\"https:\\\/\\\/marktxxl.de\\\/markt\\\/produkt\\\/alpen-herz-zirbenoel-30ml-3-x-10ml-100-naturrein-aetherisches-zirbelkieferoel-aus-oesterreich-fuer-duftoel-raumduft-duftlampe-zirbenwuerfel-aroma-diffuser-zirbe-lufterfrischer-zirbelkiefer-oel\\\/\",\"url\":\"https:\\\/\\\/marktxxl.de\\\/markt\\\/produkt\\\/alpen-herz-zirbenoel-30ml-3-x-10ml-100-naturrein-aetherisches-zirbelkieferoel-aus-oesterreich-fuer-duftoel-raumduft-duftlampe-zirbenwuerfel-aroma-diffuser-zirbe-lufterfrischer-zirbelkiefer-oel\\\/\",\"name\":\"ALPEN HERZ Zirben\u00f6l 30ml (3 x 10ml) - 100% naturrein, \u00e4therisches Zirbelkiefer\u00f6l aus \u00d6sterreich f\u00fcr Duft\u00f6l Raumduft Duftlampe Zirbenw\u00fcrfel Aroma Diffuser Zirbe Lufterfrischer Zirbelkiefer \u00d6l - Markt-XXL\",\"isPartOf\":{\"@id\":\"https:\\\/\\\/marktxxl.de\\\/markt\\\/#website\"},\"primaryImageOfPage\":{\"@id\":\"https:\\\/\\\/marktxxl.de\\\/markt\\\/produkt\\\/alpen-herz-zirbenoel-30ml-3-x-10ml-100-naturrein-aetherisches-zirbelkieferoel-aus-oesterreich-fuer-duftoel-raumduft-duftlampe-zirbenwuerfel-aroma-diffuser-zirbe-lufterfrischer-zirbelkiefer-oel\\\/#primaryimage\"},\"image\":{\"@id\":\"https:\\\/\\\/marktxxl.de\\\/markt\\\/produkt\\\/alpen-herz-zirbenoel-30ml-3-x-10ml-100-naturrein-aetherisches-zirbelkieferoel-aus-oesterreich-fuer-duftoel-raumduft-duftlampe-zirbenwuerfel-aroma-diffuser-zirbe-lufterfrischer-zirbelkiefer-oel\\\/#primaryimage\"},\"thumbnailUrl\":\"https:\\\/\\\/m.media-amazon.com\\\/images\\\/I\\\/51gMrYfGFML._SL500_.jpg\",\"datePublished\":\"2024-07-28T19:19:20+00:00\",\"description\":\"Markt-XXL ALPEN HERZ Zirben\u00f6l 30ml (3 x 10ml) - 100% naturrein, \u00e4therisches Zirbelkiefer\u00f6l aus \u00d6sterreich f\u00fcr Duft\u00f6l Raumduft Duftlampe Zirbenw\u00fcrfel Aroma Diffuser Zirbe Lufterfrischer Zirbelkiefer \u00d6l\",\"breadcrumb\":{\"@id\":\"https:\\\/\\\/marktxxl.de\\\/markt\\\/produkt\\\/alpen-herz-zirbenoel-30ml-3-x-10ml-100-naturrein-aetherisches-zirbelkieferoel-aus-oesterreich-fuer-duftoel-raumduft-duftlampe-zirbenwuerfel-aroma-diffuser-zirbe-lufterfrischer-zirbelkiefer-oel\\\/#breadcrumb\"},\"inLanguage\":\"de\",\"potentialAction\":[{\"@type\":\"ReadAction\",\"target\":[\"https:\\\/\\\/marktxxl.de\\\/markt\\\/produkt\\\/alpen-herz-zirbenoel-30ml-3-x-10ml-100-naturrein-aetherisches-zirbelkieferoel-aus-oesterreich-fuer-duftoel-raumduft-duftlampe-zirbenwuerfel-aroma-diffuser-zirbe-lufterfrischer-zirbelkiefer-oel\\\/\"]}]},{\"@type\":\"ImageObject\",\"inLanguage\":\"de\",\"@id\":\"https:\\\/\\\/marktxxl.de\\\/markt\\\/produkt\\\/alpen-herz-zirbenoel-30ml-3-x-10ml-100-naturrein-aetherisches-zirbelkieferoel-aus-oesterreich-fuer-duftoel-raumduft-duftlampe-zirbenwuerfel-aroma-diffuser-zirbe-lufterfrischer-zirbelkiefer-oel\\\/#primaryimage\",\"url\":\"https:\\\/\\\/m.media-amazon.com\\\/images\\\/I\\\/51gMrYfGFML._SL500_.jpg\",\"contentUrl\":\"https:\\\/\\\/m.media-amazon.com\\\/images\\\/I\\\/51gMrYfGFML._SL500_.jpg\",\"width\":500,\"height\":500},{\"@type\":\"BreadcrumbList\",\"@id\":\"https:\\\/\\\/marktxxl.de\\\/markt\\\/produkt\\\/alpen-herz-zirbenoel-30ml-3-x-10ml-100-naturrein-aetherisches-zirbelkieferoel-aus-oesterreich-fuer-duftoel-raumduft-duftlampe-zirbenwuerfel-aroma-diffuser-zirbe-lufterfrischer-zirbelkiefer-oel\\\/#breadcrumb\",\"itemListElement\":[{\"@type\":\"ListItem\",\"position\":1,\"name\":\"Startseite\",\"item\":\"https:\\\/\\\/marktxxl.de\\\/markt\\\/\"},{\"@type\":\"ListItem\",\"position\":2,\"name\":\"Markt\",\"item\":\"https:\\\/\\\/marktxxl.de\\\/markt\\\/\"},{\"@type\":\"ListItem\",\"position\":3,\"name\":\"ALPEN HERZ Zirben\u00f6l 30ml (3 x 10ml) &#8211; 100% naturrein, \u00e4therisches Zirbelkiefer\u00f6l aus \u00d6sterreich f\u00fcr Duft\u00f6l Raumduft Duftlampe Zirbenw\u00fcrfel Aroma Diffuser Zirbe Lufterfrischer Zirbelkiefer \u00d6l\"}]},{\"@type\":\"WebSite\",\"@id\":\"https:\\\/\\\/marktxxl.de\\\/markt\\\/#website\",\"url\":\"https:\\\/\\\/marktxxl.de\\\/markt\\\/\",\"name\":\"Markt-XXL\",\"description\":\"Ihr Markt Online\",\"publisher\":{\"@id\":\"https:\\\/\\\/marktxxl.de\\\/markt\\\/#organization\"},\"potentialAction\":[{\"@type\":\"SearchAction\",\"target\":{\"@type\":\"EntryPoint\",\"urlTemplate\":\"https:\\\/\\\/marktxxl.de\\\/markt\\\/?s={search_term_string}\"},\"query-input\":{\"@type\":\"PropertyValueSpecification\",\"valueRequired\":true,\"valueName\":\"search_term_string\"}}],\"inLanguage\":\"de\"},{\"@type\":\"Organization\",\"@id\":\"https:\\\/\\\/marktxxl.de\\\/markt\\\/#organization\",\"name\":\"Markt-XXL\",\"url\":\"https:\\\/\\\/marktxxl.de\\\/markt\\\/\",\"logo\":{\"@type\":\"ImageObject\",\"inLanguage\":\"de\",\"@id\":\"https:\\\/\\\/marktxxl.de\\\/markt\\\/#\\\/schema\\\/logo\\\/image\\\/\",\"url\":\"https:\\\/\\\/marktxxl.de\\\/markt\\\/wp-content\\\/uploads\\\/sites\\\/3\\\/2020\\\/12\\\/logo.png\",\"contentUrl\":\"https:\\\/\\\/marktxxl.de\\\/markt\\\/wp-content\\\/uploads\\\/sites\\\/3\\\/2020\\\/12\\\/logo.png\",\"width\":200,\"height\":70,\"caption\":\"Markt-XXL\"},\"image\":{\"@id\":\"https:\\\/\\\/marktxxl.de\\\/markt\\\/#\\\/schema\\\/logo\\\/image\\\/\"}}]}<\/script>\n<!-- \/ Yoast SEO plugin. -->","yoast_head_json":{"title":"ALPEN HERZ Zirben\u00f6l 30ml (3 x 10ml) - 100% naturrein, \u00e4therisches Zirbelkiefer\u00f6l aus \u00d6sterreich f\u00fcr Duft\u00f6l Raumduft Duftlampe Zirbenw\u00fcrfel Aroma Diffuser Zirbe Lufterfrischer Zirbelkiefer \u00d6l - Markt-XXL","description":"Markt-XXL ALPEN HERZ Zirben\u00f6l 30ml (3 x 10ml) - 100% naturrein, \u00e4therisches Zirbelkiefer\u00f6l aus \u00d6sterreich f\u00fcr Duft\u00f6l Raumduft Duftlampe Zirbenw\u00fcrfel Aroma Diffuser Zirbe Lufterfrischer Zirbelkiefer \u00d6l","robots":{"index":"index","follow":"follow","max-snippet":"max-snippet:-1","max-image-preview":"max-image-preview:large","max-video-preview":"max-video-preview:-1"},"canonical":"https:\/\/marktxxl.de\/markt\/produkt\/alpen-herz-zirbenoel-30ml-3-x-10ml-100-naturrein-aetherisches-zirbelkieferoel-aus-oesterreich-fuer-duftoel-raumduft-duftlampe-zirbenwuerfel-aroma-diffuser-zirbe-lufterfrischer-zirbelkiefer-oel\/","og_locale":"de_DE","og_type":"article","og_title":"ALPEN HERZ Zirben\u00f6l 30ml (3 x 10ml) - 100% naturrein, \u00e4therisches Zirbelkiefer\u00f6l aus \u00d6sterreich f\u00fcr Duft\u00f6l Raumduft Duftlampe Zirbenw\u00fcrfel Aroma Diffuser Zirbe Lufterfrischer Zirbelkiefer \u00d6l - Markt-XXL","og_description":"Markt-XXL ALPEN HERZ Zirben\u00f6l 30ml (3 x 10ml) - 100% naturrein, \u00e4therisches Zirbelkiefer\u00f6l aus \u00d6sterreich f\u00fcr Duft\u00f6l Raumduft Duftlampe Zirbenw\u00fcrfel Aroma Diffuser Zirbe Lufterfrischer Zirbelkiefer \u00d6l","og_url":"https:\/\/marktxxl.de\/markt\/produkt\/alpen-herz-zirbenoel-30ml-3-x-10ml-100-naturrein-aetherisches-zirbelkieferoel-aus-oesterreich-fuer-duftoel-raumduft-duftlampe-zirbenwuerfel-aroma-diffuser-zirbe-lufterfrischer-zirbelkiefer-oel\/","og_site_name":"Markt-XXL","twitter_card":"summary_large_image","twitter_misc":{"Gesch\u00e4tzte Lesezeit":"1\u00a0Minute"},"schema":{"@context":"https:\/\/schema.org","@graph":[{"@type":"WebPage","@id":"https:\/\/marktxxl.de\/markt\/produkt\/alpen-herz-zirbenoel-30ml-3-x-10ml-100-naturrein-aetherisches-zirbelkieferoel-aus-oesterreich-fuer-duftoel-raumduft-duftlampe-zirbenwuerfel-aroma-diffuser-zirbe-lufterfrischer-zirbelkiefer-oel\/","url":"https:\/\/marktxxl.de\/markt\/produkt\/alpen-herz-zirbenoel-30ml-3-x-10ml-100-naturrein-aetherisches-zirbelkieferoel-aus-oesterreich-fuer-duftoel-raumduft-duftlampe-zirbenwuerfel-aroma-diffuser-zirbe-lufterfrischer-zirbelkiefer-oel\/","name":"ALPEN HERZ Zirben\u00f6l 30ml (3 x 10ml) - 100% naturrein, \u00e4therisches Zirbelkiefer\u00f6l aus \u00d6sterreich f\u00fcr Duft\u00f6l Raumduft Duftlampe Zirbenw\u00fcrfel Aroma Diffuser Zirbe Lufterfrischer Zirbelkiefer \u00d6l - Markt-XXL","isPartOf":{"@id":"https:\/\/marktxxl.de\/markt\/#website"},"primaryImageOfPage":{"@id":"https:\/\/marktxxl.de\/markt\/produkt\/alpen-herz-zirbenoel-30ml-3-x-10ml-100-naturrein-aetherisches-zirbelkieferoel-aus-oesterreich-fuer-duftoel-raumduft-duftlampe-zirbenwuerfel-aroma-diffuser-zirbe-lufterfrischer-zirbelkiefer-oel\/#primaryimage"},"image":{"@id":"https:\/\/marktxxl.de\/markt\/produkt\/alpen-herz-zirbenoel-30ml-3-x-10ml-100-naturrein-aetherisches-zirbelkieferoel-aus-oesterreich-fuer-duftoel-raumduft-duftlampe-zirbenwuerfel-aroma-diffuser-zirbe-lufterfrischer-zirbelkiefer-oel\/#primaryimage"},"thumbnailUrl":"https:\/\/m.media-amazon.com\/images\/I\/51gMrYfGFML._SL500_.jpg","datePublished":"2024-07-28T19:19:20+00:00","description":"Markt-XXL ALPEN HERZ Zirben\u00f6l 30ml (3 x 10ml) - 100% naturrein, \u00e4therisches Zirbelkiefer\u00f6l aus \u00d6sterreich f\u00fcr Duft\u00f6l Raumduft Duftlampe Zirbenw\u00fcrfel Aroma Diffuser Zirbe Lufterfrischer Zirbelkiefer \u00d6l","breadcrumb":{"@id":"https:\/\/marktxxl.de\/markt\/produkt\/alpen-herz-zirbenoel-30ml-3-x-10ml-100-naturrein-aetherisches-zirbelkieferoel-aus-oesterreich-fuer-duftoel-raumduft-duftlampe-zirbenwuerfel-aroma-diffuser-zirbe-lufterfrischer-zirbelkiefer-oel\/#breadcrumb"},"inLanguage":"de","potentialAction":[{"@type":"ReadAction","target":["https:\/\/marktxxl.de\/markt\/produkt\/alpen-herz-zirbenoel-30ml-3-x-10ml-100-naturrein-aetherisches-zirbelkieferoel-aus-oesterreich-fuer-duftoel-raumduft-duftlampe-zirbenwuerfel-aroma-diffuser-zirbe-lufterfrischer-zirbelkiefer-oel\/"]}]},{"@type":"ImageObject","inLanguage":"de","@id":"https:\/\/marktxxl.de\/markt\/produkt\/alpen-herz-zirbenoel-30ml-3-x-10ml-100-naturrein-aetherisches-zirbelkieferoel-aus-oesterreich-fuer-duftoel-raumduft-duftlampe-zirbenwuerfel-aroma-diffuser-zirbe-lufterfrischer-zirbelkiefer-oel\/#primaryimage","url":"https:\/\/m.media-amazon.com\/images\/I\/51gMrYfGFML._SL500_.jpg","contentUrl":"https:\/\/m.media-amazon.com\/images\/I\/51gMrYfGFML._SL500_.jpg","width":500,"height":500},{"@type":"BreadcrumbList","@id":"https:\/\/marktxxl.de\/markt\/produkt\/alpen-herz-zirbenoel-30ml-3-x-10ml-100-naturrein-aetherisches-zirbelkieferoel-aus-oesterreich-fuer-duftoel-raumduft-duftlampe-zirbenwuerfel-aroma-diffuser-zirbe-lufterfrischer-zirbelkiefer-oel\/#breadcrumb","itemListElement":[{"@type":"ListItem","position":1,"name":"Startseite","item":"https:\/\/marktxxl.de\/markt\/"},{"@type":"ListItem","position":2,"name":"Markt","item":"https:\/\/marktxxl.de\/markt\/"},{"@type":"ListItem","position":3,"name":"ALPEN HERZ Zirben\u00f6l 30ml (3 x 10ml) &#8211; 100% naturrein, \u00e4therisches Zirbelkiefer\u00f6l aus \u00d6sterreich f\u00fcr Duft\u00f6l Raumduft Duftlampe Zirbenw\u00fcrfel Aroma Diffuser Zirbe Lufterfrischer Zirbelkiefer \u00d6l"}]},{"@type":"WebSite","@id":"https:\/\/marktxxl.de\/markt\/#website","url":"https:\/\/marktxxl.de\/markt\/","name":"Markt-XXL","description":"Ihr Markt Online","publisher":{"@id":"https:\/\/marktxxl.de\/markt\/#organization"},"potentialAction":[{"@type":"SearchAction","target":{"@type":"EntryPoint","urlTemplate":"https:\/\/marktxxl.de\/markt\/?s={search_term_string}"},"query-input":{"@type":"PropertyValueSpecification","valueRequired":true,"valueName":"search_term_string"}}],"inLanguage":"de"},{"@type":"Organization","@id":"https:\/\/marktxxl.de\/markt\/#organization","name":"Markt-XXL","url":"https:\/\/marktxxl.de\/markt\/","logo":{"@type":"ImageObject","inLanguage":"de","@id":"https:\/\/marktxxl.de\/markt\/#\/schema\/logo\/image\/","url":"https:\/\/marktxxl.de\/markt\/wp-content\/uploads\/sites\/3\/2020\/12\/logo.png","contentUrl":"https:\/\/marktxxl.de\/markt\/wp-content\/uploads\/sites\/3\/2020\/12\/logo.png","width":200,"height":70,"caption":"Markt-XXL"},"image":{"@id":"https:\/\/marktxxl.de\/markt\/#\/schema\/logo\/image\/"}}]}},"_links":{"self":[{"href":"https:\/\/marktxxl.de\/markt\/wp-json\/wp\/v2\/product\/225604","targetHints":{"allow":["GET"]}}],"collection":[{"href":"https:\/\/marktxxl.de\/markt\/wp-json\/wp\/v2\/product"}],"about":[{"href":"https:\/\/marktxxl.de\/markt\/wp-json\/wp\/v2\/types\/product"}],"replies":[{"embeddable":true,"href":"https:\/\/marktxxl.de\/markt\/wp-json\/wp\/v2\/comments?post=225604"}],"wp:featuredmedia":[{"embeddable":true,"href":"https:\/\/marktxxl.de\/markt\/wp-json\/wp\/v2\/media\/225605"}],"wp:attachment":[{"href":"https:\/\/marktxxl.de\/markt\/wp-json\/wp\/v2\/media?parent=225604"}],"wp:term":[{"taxonomy":"product_brand","embeddable":true,"href":"https:\/\/marktxxl.de\/markt\/wp-json\/wp\/v2\/product_brand?post=225604"},{"taxonomy":"product_cat","embeddable":true,"href":"https:\/\/marktxxl.de\/markt\/wp-json\/wp\/v2\/product_cat?post=225604"},{"taxonomy":"product_tag","embeddable":true,"href":"https:\/\/marktxxl.de\/markt\/wp-json\/wp\/v2\/product_tag?post=225604"}],"curies":[{"name":"wp","href":"https:\/\/api.w.org\/{rel}","templated":true}]}}