{"id":225562,"date":"2024-07-28T21:14:08","date_gmt":"2024-07-28T19:14:08","guid":{"rendered":"https:\/\/marktxxl.de\/markt\/produkt\/rena-chris-gua-sha-facial-tool-face-roller-set-guasha-tool-und-gesichtsroller-aus-metall-premium-edelstahl-gesichtsmassagegeraete-fuer-die-taegliche-hautpflege-schwellungen-koerpermassage\/"},"modified":"2024-07-28T21:14:08","modified_gmt":"2024-07-28T19:14:08","slug":"rena-chris-gua-sha-facial-tool-face-roller-set-guasha-tool-und-gesichtsroller-aus-metall-premium-edelstahl-gesichtsmassagegeraete-fuer-die-taegliche-hautpflege-schwellungen-koerpermassage","status":"publish","type":"product","link":"https:\/\/marktxxl.de\/markt\/produkt\/rena-chris-gua-sha-facial-tool-face-roller-set-guasha-tool-und-gesichtsroller-aus-metall-premium-edelstahl-gesichtsmassagegeraete-fuer-die-taegliche-hautpflege-schwellungen-koerpermassage\/","title":{"rendered":"Rena Chris Gua Sha Facial Tool &amp; Face Roller Set, Guasha Tool und Gesichtsroller aus Metall [Premium-Edelstahl] Gesichtsmassageger\u00e4te f\u00fcr die t\u00e4gliche Hautpflege, Schwellungen, K\u00f6rpermassage"},"content":{"rendered":"<p>[Der Rena Chris Gesichtsroller aus Edelstahl k\u00fchlt und entspannt die Haut, reduziert Schwellungen im Gesicht, verfeinert die Poren und f\u00f6rdert die Elastizit\u00e4t und Vitalit\u00e4t der Haut. Integrieren Sie ihn in Ihre t\u00e4gliche Hautpflegeroutine, um Ihrer Haut ein helles, strahlendes Aussehen zu verleihen.<br \/>\n[Gua Sha Facial Tool] Rena Chris Edelstahl Gua Sha Tool ist entworfen, um das allgemeine Wohlbefinden Ihres K\u00f6rpers zu verbessern, verbessern Lymphdrainage und Blut Fl\u00fcssigkeiten, formen Sie Ihr Gesicht. Machen Sie weniger gestresst, mehr konzentriert, strahlend aussehen, f\u00fchlen sich energisch und gesund.<br \/>\n[Warum Edelstahl] Die Gesichts-Gua-Sha-Werkzeuge und -Roller von Rena Chris sind aus 100% hochwertigem Edelstahl gefertigt. Edelstahl hat eine glatte, porenfreie Oberfl\u00e4che, die f\u00fcr die meisten Hauttypen geeignet ist und selbstk\u00fchlend ist, um Schwellungen zu reduzieren. Au\u00dferdem ist er schwer genug, um verspannte Muskeln zu massieren. Diese Massageger\u00e4te sind langlebig und gehen nie kaputt.<br \/>\n(Das ideale Geschenk) Exquisite Geschenkverpackung. Rena Chris&#8217; Face Roller &amp; Gua Sha Set ist das perfekte Geschenk f\u00fcr Weihnachten, Geburtstage, Muttertag, Valentinstag und Thanksgiving. Dies ist ein sehr wertvolles Geschenk, das nicht vergessen werden wird.<br \/>\n[Was Sie erhalten] Edelstahl Gesichtsroller *1, Edelstahl Gua Sha Board *1, Bedienungsanleitung *1, Reinigungstuch *1, exquisite Geschenkverpackung. 24\/7 professionellen und problemlosen Kundenservice. Bitte seien Sie versichert, dass wir unsere Produkte und unsere Kunden unterst\u00fctzen.<br \/>\n<div class=\"main-cross-sell\" data-asin=\"B0CFV9FFMH\">\n\n\t<div class=\"WooZone-cross-sell-loader\">\n\t\t<div>\n\t\t\t<div id=\"floatingBarsG\">\n\t\t\t\t<div class=\"blockG\" id=\"rotateG_01\"><\/div>\n\t\t\t\t<div class=\"blockG\" id=\"rotateG_02\"><\/div>\n\t\t\t\t<div class=\"blockG\" id=\"rotateG_03\"><\/div>\n\t\t\t\t<div class=\"blockG\" id=\"rotateG_04\"><\/div>\n\t\t\t\t<div class=\"blockG\" id=\"rotateG_05\"><\/div>\n\t\t\t\t<div class=\"blockG\" id=\"rotateG_06\"><\/div>\n\t\t\t\t<div class=\"blockG\" id=\"rotateG_07\"><\/div>\n\t\t\t\t<div class=\"blockG\" id=\"rotateG_08\"><\/div>\n\t\t\t<\/div>\n\t\t\t<div class=\"WooZone-cross-sell-loader-text\"><\/div>\n\t\t<\/div>\n\t<\/div>\n\n\t\t\n<\/div>\n<div style=\"clear:both;\"><\/div><\/p>\n","protected":false},"excerpt":{"rendered":"<p>[Der Rena Chris Gesichtsroller aus Edelstahl k\u00fchlt und entspannt die Haut, reduziert Schwellungen im Gesicht, verfeinert die Poren und f\u00f6rdert die Elastizit\u00e4t und Vitalit\u00e4t der Haut. Integrieren Sie ihn in Ihre t\u00e4gliche Hautpflegeroutine, um Ihrer Haut ein helles, strahlendes Aussehen zu verleihen.<br \/>\n[Gua Sha Facial Tool] Rena Chris Edelstahl Gua Sha Tool ist entworfen, um das allgemeine Wohlbefinden Ihres K\u00f6rpers zu verbessern, verbessern Lymphdrainage und Blut Fl\u00fcssigkeiten, formen Sie Ihr Gesicht. Machen Sie weniger gestresst, mehr konzentriert, strahlend aussehen, f\u00fchlen sich energisch und gesund.<br \/>\n[Warum Edelstahl] Die Gesichts-Gua-Sha-Werkzeuge und -Roller von Rena Chris sind aus 100% hochwertigem Edelstahl gefertigt. Edelstahl hat eine glatte, porenfreie Oberfl\u00e4che, die f\u00fcr die meisten Hauttypen geeignet ist und selbstk\u00fchlend ist, um Schwellungen zu reduzieren. Au\u00dferdem ist er schwer genug, um verspannte Muskeln zu massieren. Diese Massageger\u00e4te sind langlebig und gehen nie kaputt.<\/p>\n","protected":false},"featured_media":225563,"comment_status":"open","ping_status":"closed","template":"","meta":[],"product_brand":[],"product_cat":[566,6496],"product_tag":[],"class_list":{"0":"post-225562","1":"product","2":"type-product","3":"status-publish","4":"has-post-thumbnail","6":"product_cat-drogerie-koerperpflege","7":"product_cat-wellness","8":"pa_binding-unbekannter-einband","9":"pa_brand-busch-jaeger-3","10":"pa_brand-rena-chris","11":"pa_height-1-0629921249-zoll","12":"pa_length-7-086614166-zoll","13":"pa_manufacturer-rena-chirs","14":"pa_weight-0-9038952742-pounds","15":"pa_width-4-724409444-zoll","17":"first","18":"instock","19":"shipping-taxable","20":"purchasable","21":"product-type-simple","22":"customify-col","23":"product-has-gallery"},"yoast_head":"<!-- This site is optimized with the Yoast SEO plugin v27.4 - https:\/\/yoast.com\/product\/yoast-seo-wordpress\/ -->\n<title>Rena Chris Gua Sha Facial Tool &amp; Face Roller Set, Guasha Tool und Gesichtsroller aus Metall [Premium-Edelstahl] Gesichtsmassageger\u00e4te f\u00fcr die t\u00e4gliche Hautpflege, Schwellungen, K\u00f6rpermassage - Markt-XXL<\/title>\n<meta name=\"description\" content=\"Markt-XXL Rena Chris Gua Sha Facial Tool &amp; Face Roller Set, Guasha Tool und Gesichtsroller aus Metall [Premium-Edelstahl] Gesichtsmassageger\u00e4te f\u00fcr die t\u00e4gliche Hautpflege, Schwellungen, K\u00f6rpermassage\" \/>\n<meta name=\"robots\" content=\"index, follow, max-snippet:-1, max-image-preview:large, max-video-preview:-1\" \/>\n<link rel=\"canonical\" href=\"https:\/\/marktxxl.de\/markt\/produkt\/rena-chris-gua-sha-facial-tool-face-roller-set-guasha-tool-und-gesichtsroller-aus-metall-premium-edelstahl-gesichtsmassagegeraete-fuer-die-taegliche-hautpflege-schwellungen-koerpermassage\/\" \/>\n<meta property=\"og:locale\" content=\"de_DE\" \/>\n<meta property=\"og:type\" content=\"article\" \/>\n<meta property=\"og:title\" content=\"Rena Chris Gua Sha Facial Tool &amp; Face Roller Set, Guasha Tool und Gesichtsroller aus Metall [Premium-Edelstahl] Gesichtsmassageger\u00e4te f\u00fcr die t\u00e4gliche Hautpflege, Schwellungen, K\u00f6rpermassage - Markt-XXL\" \/>\n<meta property=\"og:description\" content=\"Markt-XXL Rena Chris Gua Sha Facial Tool &amp; Face Roller Set, Guasha Tool und Gesichtsroller aus Metall [Premium-Edelstahl] Gesichtsmassageger\u00e4te f\u00fcr die t\u00e4gliche Hautpflege, Schwellungen, K\u00f6rpermassage\" \/>\n<meta property=\"og:url\" content=\"https:\/\/marktxxl.de\/markt\/produkt\/rena-chris-gua-sha-facial-tool-face-roller-set-guasha-tool-und-gesichtsroller-aus-metall-premium-edelstahl-gesichtsmassagegeraete-fuer-die-taegliche-hautpflege-schwellungen-koerpermassage\/\" \/>\n<meta property=\"og:site_name\" content=\"Markt-XXL\" \/>\n<meta name=\"twitter:card\" content=\"summary_large_image\" \/>\n<meta name=\"twitter:label1\" content=\"Gesch\u00e4tzte Lesezeit\" \/>\n\t<meta name=\"twitter:data1\" content=\"1\u00a0Minute\" \/>\n<script type=\"application\/ld+json\" class=\"yoast-schema-graph\">{\"@context\":\"https:\\\/\\\/schema.org\",\"@graph\":[{\"@type\":\"WebPage\",\"@id\":\"https:\\\/\\\/marktxxl.de\\\/markt\\\/produkt\\\/rena-chris-gua-sha-facial-tool-face-roller-set-guasha-tool-und-gesichtsroller-aus-metall-premium-edelstahl-gesichtsmassagegeraete-fuer-die-taegliche-hautpflege-schwellungen-koerpermassage\\\/\",\"url\":\"https:\\\/\\\/marktxxl.de\\\/markt\\\/produkt\\\/rena-chris-gua-sha-facial-tool-face-roller-set-guasha-tool-und-gesichtsroller-aus-metall-premium-edelstahl-gesichtsmassagegeraete-fuer-die-taegliche-hautpflege-schwellungen-koerpermassage\\\/\",\"name\":\"Rena Chris Gua Sha Facial Tool &amp; Face Roller Set, Guasha Tool und Gesichtsroller aus Metall [Premium-Edelstahl] Gesichtsmassageger\u00e4te f\u00fcr die t\u00e4gliche Hautpflege, Schwellungen, K\u00f6rpermassage - Markt-XXL\",\"isPartOf\":{\"@id\":\"https:\\\/\\\/marktxxl.de\\\/markt\\\/#website\"},\"primaryImageOfPage\":{\"@id\":\"https:\\\/\\\/marktxxl.de\\\/markt\\\/produkt\\\/rena-chris-gua-sha-facial-tool-face-roller-set-guasha-tool-und-gesichtsroller-aus-metall-premium-edelstahl-gesichtsmassagegeraete-fuer-die-taegliche-hautpflege-schwellungen-koerpermassage\\\/#primaryimage\"},\"image\":{\"@id\":\"https:\\\/\\\/marktxxl.de\\\/markt\\\/produkt\\\/rena-chris-gua-sha-facial-tool-face-roller-set-guasha-tool-und-gesichtsroller-aus-metall-premium-edelstahl-gesichtsmassagegeraete-fuer-die-taegliche-hautpflege-schwellungen-koerpermassage\\\/#primaryimage\"},\"thumbnailUrl\":\"https:\\\/\\\/m.media-amazon.com\\\/images\\\/I\\\/41oOCF4q1NL._SL500_.jpg\",\"datePublished\":\"2024-07-28T19:14:08+00:00\",\"description\":\"Markt-XXL Rena Chris Gua Sha Facial Tool &amp; Face Roller Set, Guasha Tool und Gesichtsroller aus Metall [Premium-Edelstahl] Gesichtsmassageger\u00e4te f\u00fcr die t\u00e4gliche Hautpflege, Schwellungen, K\u00f6rpermassage\",\"breadcrumb\":{\"@id\":\"https:\\\/\\\/marktxxl.de\\\/markt\\\/produkt\\\/rena-chris-gua-sha-facial-tool-face-roller-set-guasha-tool-und-gesichtsroller-aus-metall-premium-edelstahl-gesichtsmassagegeraete-fuer-die-taegliche-hautpflege-schwellungen-koerpermassage\\\/#breadcrumb\"},\"inLanguage\":\"de\",\"potentialAction\":[{\"@type\":\"ReadAction\",\"target\":[\"https:\\\/\\\/marktxxl.de\\\/markt\\\/produkt\\\/rena-chris-gua-sha-facial-tool-face-roller-set-guasha-tool-und-gesichtsroller-aus-metall-premium-edelstahl-gesichtsmassagegeraete-fuer-die-taegliche-hautpflege-schwellungen-koerpermassage\\\/\"]}]},{\"@type\":\"ImageObject\",\"inLanguage\":\"de\",\"@id\":\"https:\\\/\\\/marktxxl.de\\\/markt\\\/produkt\\\/rena-chris-gua-sha-facial-tool-face-roller-set-guasha-tool-und-gesichtsroller-aus-metall-premium-edelstahl-gesichtsmassagegeraete-fuer-die-taegliche-hautpflege-schwellungen-koerpermassage\\\/#primaryimage\",\"url\":\"https:\\\/\\\/m.media-amazon.com\\\/images\\\/I\\\/41oOCF4q1NL._SL500_.jpg\",\"contentUrl\":\"https:\\\/\\\/m.media-amazon.com\\\/images\\\/I\\\/41oOCF4q1NL._SL500_.jpg\",\"width\":500,\"height\":500},{\"@type\":\"BreadcrumbList\",\"@id\":\"https:\\\/\\\/marktxxl.de\\\/markt\\\/produkt\\\/rena-chris-gua-sha-facial-tool-face-roller-set-guasha-tool-und-gesichtsroller-aus-metall-premium-edelstahl-gesichtsmassagegeraete-fuer-die-taegliche-hautpflege-schwellungen-koerpermassage\\\/#breadcrumb\",\"itemListElement\":[{\"@type\":\"ListItem\",\"position\":1,\"name\":\"Startseite\",\"item\":\"https:\\\/\\\/marktxxl.de\\\/markt\\\/\"},{\"@type\":\"ListItem\",\"position\":2,\"name\":\"Markt\",\"item\":\"https:\\\/\\\/marktxxl.de\\\/markt\\\/\"},{\"@type\":\"ListItem\",\"position\":3,\"name\":\"Rena Chris Gua Sha Facial Tool &amp; Face Roller Set, Guasha Tool und Gesichtsroller aus Metall [Premium-Edelstahl] Gesichtsmassageger\u00e4te f\u00fcr die t\u00e4gliche Hautpflege, Schwellungen, K\u00f6rpermassage\"}]},{\"@type\":\"WebSite\",\"@id\":\"https:\\\/\\\/marktxxl.de\\\/markt\\\/#website\",\"url\":\"https:\\\/\\\/marktxxl.de\\\/markt\\\/\",\"name\":\"Markt-XXL\",\"description\":\"Ihr Markt Online\",\"publisher\":{\"@id\":\"https:\\\/\\\/marktxxl.de\\\/markt\\\/#organization\"},\"potentialAction\":[{\"@type\":\"SearchAction\",\"target\":{\"@type\":\"EntryPoint\",\"urlTemplate\":\"https:\\\/\\\/marktxxl.de\\\/markt\\\/?s={search_term_string}\"},\"query-input\":{\"@type\":\"PropertyValueSpecification\",\"valueRequired\":true,\"valueName\":\"search_term_string\"}}],\"inLanguage\":\"de\"},{\"@type\":\"Organization\",\"@id\":\"https:\\\/\\\/marktxxl.de\\\/markt\\\/#organization\",\"name\":\"Markt-XXL\",\"url\":\"https:\\\/\\\/marktxxl.de\\\/markt\\\/\",\"logo\":{\"@type\":\"ImageObject\",\"inLanguage\":\"de\",\"@id\":\"https:\\\/\\\/marktxxl.de\\\/markt\\\/#\\\/schema\\\/logo\\\/image\\\/\",\"url\":\"https:\\\/\\\/marktxxl.de\\\/markt\\\/wp-content\\\/uploads\\\/sites\\\/3\\\/2020\\\/12\\\/logo.png\",\"contentUrl\":\"https:\\\/\\\/marktxxl.de\\\/markt\\\/wp-content\\\/uploads\\\/sites\\\/3\\\/2020\\\/12\\\/logo.png\",\"width\":200,\"height\":70,\"caption\":\"Markt-XXL\"},\"image\":{\"@id\":\"https:\\\/\\\/marktxxl.de\\\/markt\\\/#\\\/schema\\\/logo\\\/image\\\/\"}}]}<\/script>\n<!-- \/ Yoast SEO plugin. -->","yoast_head_json":{"title":"Rena Chris Gua Sha Facial Tool &amp; Face Roller Set, Guasha Tool und Gesichtsroller aus Metall [Premium-Edelstahl] Gesichtsmassageger\u00e4te f\u00fcr die t\u00e4gliche Hautpflege, Schwellungen, K\u00f6rpermassage - Markt-XXL","description":"Markt-XXL Rena Chris Gua Sha Facial Tool &amp; Face Roller Set, Guasha Tool und Gesichtsroller aus Metall [Premium-Edelstahl] Gesichtsmassageger\u00e4te f\u00fcr die t\u00e4gliche Hautpflege, Schwellungen, K\u00f6rpermassage","robots":{"index":"index","follow":"follow","max-snippet":"max-snippet:-1","max-image-preview":"max-image-preview:large","max-video-preview":"max-video-preview:-1"},"canonical":"https:\/\/marktxxl.de\/markt\/produkt\/rena-chris-gua-sha-facial-tool-face-roller-set-guasha-tool-und-gesichtsroller-aus-metall-premium-edelstahl-gesichtsmassagegeraete-fuer-die-taegliche-hautpflege-schwellungen-koerpermassage\/","og_locale":"de_DE","og_type":"article","og_title":"Rena Chris Gua Sha Facial Tool &amp; Face Roller Set, Guasha Tool und Gesichtsroller aus Metall [Premium-Edelstahl] Gesichtsmassageger\u00e4te f\u00fcr die t\u00e4gliche Hautpflege, Schwellungen, K\u00f6rpermassage - Markt-XXL","og_description":"Markt-XXL Rena Chris Gua Sha Facial Tool &amp; Face Roller Set, Guasha Tool und Gesichtsroller aus Metall [Premium-Edelstahl] Gesichtsmassageger\u00e4te f\u00fcr die t\u00e4gliche Hautpflege, Schwellungen, K\u00f6rpermassage","og_url":"https:\/\/marktxxl.de\/markt\/produkt\/rena-chris-gua-sha-facial-tool-face-roller-set-guasha-tool-und-gesichtsroller-aus-metall-premium-edelstahl-gesichtsmassagegeraete-fuer-die-taegliche-hautpflege-schwellungen-koerpermassage\/","og_site_name":"Markt-XXL","twitter_card":"summary_large_image","twitter_misc":{"Gesch\u00e4tzte Lesezeit":"1\u00a0Minute"},"schema":{"@context":"https:\/\/schema.org","@graph":[{"@type":"WebPage","@id":"https:\/\/marktxxl.de\/markt\/produkt\/rena-chris-gua-sha-facial-tool-face-roller-set-guasha-tool-und-gesichtsroller-aus-metall-premium-edelstahl-gesichtsmassagegeraete-fuer-die-taegliche-hautpflege-schwellungen-koerpermassage\/","url":"https:\/\/marktxxl.de\/markt\/produkt\/rena-chris-gua-sha-facial-tool-face-roller-set-guasha-tool-und-gesichtsroller-aus-metall-premium-edelstahl-gesichtsmassagegeraete-fuer-die-taegliche-hautpflege-schwellungen-koerpermassage\/","name":"Rena Chris Gua Sha Facial Tool &amp; Face Roller Set, Guasha Tool und Gesichtsroller aus Metall [Premium-Edelstahl] Gesichtsmassageger\u00e4te f\u00fcr die t\u00e4gliche Hautpflege, Schwellungen, K\u00f6rpermassage - Markt-XXL","isPartOf":{"@id":"https:\/\/marktxxl.de\/markt\/#website"},"primaryImageOfPage":{"@id":"https:\/\/marktxxl.de\/markt\/produkt\/rena-chris-gua-sha-facial-tool-face-roller-set-guasha-tool-und-gesichtsroller-aus-metall-premium-edelstahl-gesichtsmassagegeraete-fuer-die-taegliche-hautpflege-schwellungen-koerpermassage\/#primaryimage"},"image":{"@id":"https:\/\/marktxxl.de\/markt\/produkt\/rena-chris-gua-sha-facial-tool-face-roller-set-guasha-tool-und-gesichtsroller-aus-metall-premium-edelstahl-gesichtsmassagegeraete-fuer-die-taegliche-hautpflege-schwellungen-koerpermassage\/#primaryimage"},"thumbnailUrl":"https:\/\/m.media-amazon.com\/images\/I\/41oOCF4q1NL._SL500_.jpg","datePublished":"2024-07-28T19:14:08+00:00","description":"Markt-XXL Rena Chris Gua Sha Facial Tool &amp; Face Roller Set, Guasha Tool und Gesichtsroller aus Metall [Premium-Edelstahl] Gesichtsmassageger\u00e4te f\u00fcr die t\u00e4gliche Hautpflege, Schwellungen, K\u00f6rpermassage","breadcrumb":{"@id":"https:\/\/marktxxl.de\/markt\/produkt\/rena-chris-gua-sha-facial-tool-face-roller-set-guasha-tool-und-gesichtsroller-aus-metall-premium-edelstahl-gesichtsmassagegeraete-fuer-die-taegliche-hautpflege-schwellungen-koerpermassage\/#breadcrumb"},"inLanguage":"de","potentialAction":[{"@type":"ReadAction","target":["https:\/\/marktxxl.de\/markt\/produkt\/rena-chris-gua-sha-facial-tool-face-roller-set-guasha-tool-und-gesichtsroller-aus-metall-premium-edelstahl-gesichtsmassagegeraete-fuer-die-taegliche-hautpflege-schwellungen-koerpermassage\/"]}]},{"@type":"ImageObject","inLanguage":"de","@id":"https:\/\/marktxxl.de\/markt\/produkt\/rena-chris-gua-sha-facial-tool-face-roller-set-guasha-tool-und-gesichtsroller-aus-metall-premium-edelstahl-gesichtsmassagegeraete-fuer-die-taegliche-hautpflege-schwellungen-koerpermassage\/#primaryimage","url":"https:\/\/m.media-amazon.com\/images\/I\/41oOCF4q1NL._SL500_.jpg","contentUrl":"https:\/\/m.media-amazon.com\/images\/I\/41oOCF4q1NL._SL500_.jpg","width":500,"height":500},{"@type":"BreadcrumbList","@id":"https:\/\/marktxxl.de\/markt\/produkt\/rena-chris-gua-sha-facial-tool-face-roller-set-guasha-tool-und-gesichtsroller-aus-metall-premium-edelstahl-gesichtsmassagegeraete-fuer-die-taegliche-hautpflege-schwellungen-koerpermassage\/#breadcrumb","itemListElement":[{"@type":"ListItem","position":1,"name":"Startseite","item":"https:\/\/marktxxl.de\/markt\/"},{"@type":"ListItem","position":2,"name":"Markt","item":"https:\/\/marktxxl.de\/markt\/"},{"@type":"ListItem","position":3,"name":"Rena Chris Gua Sha Facial Tool &amp; Face Roller Set, Guasha Tool und Gesichtsroller aus Metall [Premium-Edelstahl] Gesichtsmassageger\u00e4te f\u00fcr die t\u00e4gliche Hautpflege, Schwellungen, K\u00f6rpermassage"}]},{"@type":"WebSite","@id":"https:\/\/marktxxl.de\/markt\/#website","url":"https:\/\/marktxxl.de\/markt\/","name":"Markt-XXL","description":"Ihr Markt Online","publisher":{"@id":"https:\/\/marktxxl.de\/markt\/#organization"},"potentialAction":[{"@type":"SearchAction","target":{"@type":"EntryPoint","urlTemplate":"https:\/\/marktxxl.de\/markt\/?s={search_term_string}"},"query-input":{"@type":"PropertyValueSpecification","valueRequired":true,"valueName":"search_term_string"}}],"inLanguage":"de"},{"@type":"Organization","@id":"https:\/\/marktxxl.de\/markt\/#organization","name":"Markt-XXL","url":"https:\/\/marktxxl.de\/markt\/","logo":{"@type":"ImageObject","inLanguage":"de","@id":"https:\/\/marktxxl.de\/markt\/#\/schema\/logo\/image\/","url":"https:\/\/marktxxl.de\/markt\/wp-content\/uploads\/sites\/3\/2020\/12\/logo.png","contentUrl":"https:\/\/marktxxl.de\/markt\/wp-content\/uploads\/sites\/3\/2020\/12\/logo.png","width":200,"height":70,"caption":"Markt-XXL"},"image":{"@id":"https:\/\/marktxxl.de\/markt\/#\/schema\/logo\/image\/"}}]}},"_links":{"self":[{"href":"https:\/\/marktxxl.de\/markt\/wp-json\/wp\/v2\/product\/225562","targetHints":{"allow":["GET"]}}],"collection":[{"href":"https:\/\/marktxxl.de\/markt\/wp-json\/wp\/v2\/product"}],"about":[{"href":"https:\/\/marktxxl.de\/markt\/wp-json\/wp\/v2\/types\/product"}],"replies":[{"embeddable":true,"href":"https:\/\/marktxxl.de\/markt\/wp-json\/wp\/v2\/comments?post=225562"}],"wp:featuredmedia":[{"embeddable":true,"href":"https:\/\/marktxxl.de\/markt\/wp-json\/wp\/v2\/media\/225563"}],"wp:attachment":[{"href":"https:\/\/marktxxl.de\/markt\/wp-json\/wp\/v2\/media?parent=225562"}],"wp:term":[{"taxonomy":"product_brand","embeddable":true,"href":"https:\/\/marktxxl.de\/markt\/wp-json\/wp\/v2\/product_brand?post=225562"},{"taxonomy":"product_cat","embeddable":true,"href":"https:\/\/marktxxl.de\/markt\/wp-json\/wp\/v2\/product_cat?post=225562"},{"taxonomy":"product_tag","embeddable":true,"href":"https:\/\/marktxxl.de\/markt\/wp-json\/wp\/v2\/product_tag?post=225562"}],"curies":[{"name":"wp","href":"https:\/\/api.w.org\/{rel}","templated":true}]}}