{"id":225528,"date":"2024-07-28T21:13:34","date_gmt":"2024-07-28T19:13:34","guid":{"rendered":"https:\/\/marktxxl.de\/markt\/produkt\/nature-love-folsaeure-quatrefolic-180-tabletten-400-%ce%bcg-pro-tablette-kinderwunsch-und-schwangerschaft-hochdosiert-vegan-laborgeprueft-in-deu\/"},"modified":"2024-07-28T21:13:34","modified_gmt":"2024-07-28T19:13:34","slug":"nature-love-folsaeure-quatrefolic-180-tabletten-400-%ce%bcg-pro-tablette-kinderwunsch-und-schwangerschaft-hochdosiert-vegan-laborgeprueft-in-deu","status":"publish","type":"product","link":"https:\/\/marktxxl.de\/markt\/produkt\/nature-love-folsaeure-quatrefolic-180-tabletten-400-%ce%bcg-pro-tablette-kinderwunsch-und-schwangerschaft-hochdosiert-vegan-laborgeprueft-in-deu\/","title":{"rendered":"NATURE LOVE\u00ae Fols\u00e4ure Quatrefolic\u00ae \u2013 180 Tabletten \u2013 400 \u03bcg pro Tablette \u2013 Kinderwunsch und Schwangerschaft* \u2013 hochdosiert, vegan, laborgepr\u00fcft, in Deutschland produziert"},"content":{"rendered":"<p>DEIN ERSTER SCHRITT: F\u00fcr den Kinderwunsch und werdende Mamas ist Fols\u00e4ure unverzichtbar.* Deshalb gibt&#8217;s das wertvolle Vitamin hier in seiner besten Form: 5MTHF-Glucosamin Quatrefolic. Hoch bioverf\u00fcgbar und hochdosiert mit 400 \u00b5g t\u00e4glich, juhu!<br \/>\nMEHR GUTES F\u00dcR EUCH: Kinderkriegen liegt in unserer Natur \u2013 genau wie die Auswahl der besten N\u00e4hr- und Inhaltsstoffe. Deshalb verwenden wir in unseren 180 Tabletten pro Packung nur nat\u00fcrliche Akazienfaser anstelle der sonst \u00fcblichen Cellulose. Yay!<br \/>\nNULL UNN\u00d6TIGES: Unsere Fols\u00e4ure Tabletten sind vegan, gluten- und laktosefrei und kommen ohne Gentechnik sowie unn\u00f6tige Zus\u00e4tze aus. Genau so, wie wir es lieben. F\u00fcr das Nat\u00fcrlichste der Welt: dich.<br \/>\nGANZHEITLICHER EFFEKT: *Folat tr\u00e4gt zum Wachstum des m\u00fctterlichen Gewebes w\u00e4hrend der Schwangerschaft bei und hat eine Funktion bei der Zellteilung.<br \/>\nNATURE LOVE QUALIT\u00c4T: Nichts liegt uns mehr am Herzen als dein Wohlbefinden. Deshalb pr\u00fcfen wir jede einzelne Charge und legen die Pr\u00fcfberichte f\u00fcr dich offen. Die Untersuchungsbescheinigung findest du \u00fcbrigens unter \u201eProduktleitf\u00e4den und Dokumente\u201c. Gut? Finden wir auch.<br \/>\nWITH LOOOVE: Schon mal dar\u00fcber nachgedacht, dass dein K\u00f6rper, dein ganzes Wesen nat\u00fcrlich ist? Und hey, es gibt doch nichts Sch\u00f6neres, als genau das an sich selbst zu lieben, oder? Daher achten wir auf m\u00f6glichst naturnahe Inhaltsstoffe und Rezepturen.<br \/>\n<div class=\"main-cross-sell\" data-asin=\"B0B46GQ3Y7\">\n\n\t<div class=\"WooZone-cross-sell-loader\">\n\t\t<div>\n\t\t\t<div id=\"floatingBarsG\">\n\t\t\t\t<div class=\"blockG\" id=\"rotateG_01\"><\/div>\n\t\t\t\t<div class=\"blockG\" id=\"rotateG_02\"><\/div>\n\t\t\t\t<div class=\"blockG\" id=\"rotateG_03\"><\/div>\n\t\t\t\t<div class=\"blockG\" id=\"rotateG_04\"><\/div>\n\t\t\t\t<div class=\"blockG\" id=\"rotateG_05\"><\/div>\n\t\t\t\t<div class=\"blockG\" id=\"rotateG_06\"><\/div>\n\t\t\t\t<div class=\"blockG\" id=\"rotateG_07\"><\/div>\n\t\t\t\t<div class=\"blockG\" id=\"rotateG_08\"><\/div>\n\t\t\t<\/div>\n\t\t\t<div class=\"WooZone-cross-sell-loader-text\"><\/div>\n\t\t<\/div>\n\t<\/div>\n\n\t\t\n<\/div>\n<div style=\"clear:both;\"><\/div><\/p>\n","protected":false},"excerpt":{"rendered":"<p>DEIN ERSTER SCHRITT: F\u00fcr den Kinderwunsch und werdende Mamas ist Fols\u00e4ure unverzichtbar.* Deshalb gibt&#8217;s das wertvolle Vitamin hier in seiner besten Form: 5MTHF-Glucosamin Quatrefolic. Hoch bioverf\u00fcgbar und hochdosiert mit 400 \u00b5g t\u00e4glich, juhu!<br \/>\nMEHR GUTES F\u00dcR EUCH: Kinderkriegen liegt in unserer Natur \u2013 genau wie die Auswahl der besten N\u00e4hr- und Inhaltsstoffe. Deshalb verwenden wir in unseren 180 Tabletten pro Packung nur nat\u00fcrliche Akazienfaser anstelle der sonst \u00fcblichen Cellulose. Yay!<br \/>\nNULL UNN\u00d6TIGES: Unsere Fols\u00e4ure Tabletten sind vegan, gluten- und laktosefrei und kommen ohne Gentechnik sowie unn\u00f6tige Zus\u00e4tze aus. Genau so, wie wir es lieben. F\u00fcr das Nat\u00fcrlichste der Welt: dich.<\/p>\n","protected":false},"featured_media":225529,"comment_status":"open","ping_status":"closed","template":"","meta":[],"product_brand":[],"product_cat":[566,6375],"product_tag":[],"class_list":{"0":"post-225528","1":"product","2":"type-product","3":"status-publish","4":"has-post-thumbnail","6":"product_cat-drogerie-koerperpflege","7":"product_cat-vitamine-mineralien-ergaenzungsmittel","8":"pa_brand-nature-love","9":"pa_manufacturer-tauron-ventures-gmbh","10":"pa_size-33-g-1er-pack","11":"pa_weight-0-07275254646-pounds","13":"first","14":"instock","15":"sale","16":"shipping-taxable","17":"purchasable","18":"product-type-simple","19":"customify-col","20":"product-has-gallery"},"yoast_head":"<!-- This site is optimized with the Yoast SEO plugin v27.4 - https:\/\/yoast.com\/product\/yoast-seo-wordpress\/ -->\n<title>NATURE LOVE\u00ae Fols\u00e4ure Quatrefolic\u00ae \u2013 180 Tabletten \u2013 400 \u03bcg pro Tablette \u2013 Kinderwunsch und Schwangerschaft* \u2013 hochdosiert, vegan, laborgepr\u00fcft, in Deutschland produziert - Markt-XXL<\/title>\n<meta name=\"description\" content=\"Markt-XXL NATURE LOVE\u00ae Fols\u00e4ure Quatrefolic\u00ae \u2013 180 Tabletten \u2013 400 \u03bcg pro Tablette \u2013 Kinderwunsch und Schwangerschaft* \u2013 hochdosiert, vegan, laborgepr\u00fcft, in Deutschland produziert\" \/>\n<meta name=\"robots\" content=\"index, follow, max-snippet:-1, max-image-preview:large, max-video-preview:-1\" \/>\n<link rel=\"canonical\" href=\"https:\/\/marktxxl.de\/markt\/produkt\/nature-love-folsaeure-quatrefolic-180-tabletten-400-\u03bcg-pro-tablette-kinderwunsch-und-schwangerschaft-hochdosiert-vegan-laborgeprueft-in-deu\/\" \/>\n<meta property=\"og:locale\" content=\"de_DE\" \/>\n<meta property=\"og:type\" content=\"article\" \/>\n<meta property=\"og:title\" content=\"NATURE LOVE\u00ae Fols\u00e4ure Quatrefolic\u00ae \u2013 180 Tabletten \u2013 400 \u03bcg pro Tablette \u2013 Kinderwunsch und Schwangerschaft* \u2013 hochdosiert, vegan, laborgepr\u00fcft, in Deutschland produziert - Markt-XXL\" \/>\n<meta property=\"og:description\" content=\"Markt-XXL NATURE LOVE\u00ae Fols\u00e4ure Quatrefolic\u00ae \u2013 180 Tabletten \u2013 400 \u03bcg pro Tablette \u2013 Kinderwunsch und Schwangerschaft* \u2013 hochdosiert, vegan, laborgepr\u00fcft, in Deutschland produziert\" \/>\n<meta property=\"og:url\" content=\"https:\/\/marktxxl.de\/markt\/produkt\/nature-love-folsaeure-quatrefolic-180-tabletten-400-\u03bcg-pro-tablette-kinderwunsch-und-schwangerschaft-hochdosiert-vegan-laborgeprueft-in-deu\/\" \/>\n<meta property=\"og:site_name\" content=\"Markt-XXL\" \/>\n<meta name=\"twitter:card\" content=\"summary_large_image\" \/>\n<meta name=\"twitter:label1\" content=\"Gesch\u00e4tzte Lesezeit\" \/>\n\t<meta name=\"twitter:data1\" content=\"1\u00a0Minute\" \/>\n<script type=\"application\/ld+json\" class=\"yoast-schema-graph\">{\"@context\":\"https:\\\/\\\/schema.org\",\"@graph\":[{\"@type\":\"WebPage\",\"@id\":\"https:\\\/\\\/marktxxl.de\\\/markt\\\/produkt\\\/nature-love-folsaeure-quatrefolic-180-tabletten-400-%ce%bcg-pro-tablette-kinderwunsch-und-schwangerschaft-hochdosiert-vegan-laborgeprueft-in-deu\\\/\",\"url\":\"https:\\\/\\\/marktxxl.de\\\/markt\\\/produkt\\\/nature-love-folsaeure-quatrefolic-180-tabletten-400-%ce%bcg-pro-tablette-kinderwunsch-und-schwangerschaft-hochdosiert-vegan-laborgeprueft-in-deu\\\/\",\"name\":\"NATURE LOVE\u00ae Fols\u00e4ure Quatrefolic\u00ae \u2013 180 Tabletten \u2013 400 \u03bcg pro Tablette \u2013 Kinderwunsch und Schwangerschaft* \u2013 hochdosiert, vegan, laborgepr\u00fcft, in Deutschland produziert - Markt-XXL\",\"isPartOf\":{\"@id\":\"https:\\\/\\\/marktxxl.de\\\/markt\\\/#website\"},\"primaryImageOfPage\":{\"@id\":\"https:\\\/\\\/marktxxl.de\\\/markt\\\/produkt\\\/nature-love-folsaeure-quatrefolic-180-tabletten-400-%ce%bcg-pro-tablette-kinderwunsch-und-schwangerschaft-hochdosiert-vegan-laborgeprueft-in-deu\\\/#primaryimage\"},\"image\":{\"@id\":\"https:\\\/\\\/marktxxl.de\\\/markt\\\/produkt\\\/nature-love-folsaeure-quatrefolic-180-tabletten-400-%ce%bcg-pro-tablette-kinderwunsch-und-schwangerschaft-hochdosiert-vegan-laborgeprueft-in-deu\\\/#primaryimage\"},\"thumbnailUrl\":\"https:\\\/\\\/m.media-amazon.com\\\/images\\\/I\\\/41srS9QyYuL._SL500_.jpg\",\"datePublished\":\"2024-07-28T19:13:34+00:00\",\"description\":\"Markt-XXL NATURE LOVE\u00ae Fols\u00e4ure Quatrefolic\u00ae \u2013 180 Tabletten \u2013 400 \u03bcg pro Tablette \u2013 Kinderwunsch und Schwangerschaft* \u2013 hochdosiert, vegan, laborgepr\u00fcft, in Deutschland produziert\",\"breadcrumb\":{\"@id\":\"https:\\\/\\\/marktxxl.de\\\/markt\\\/produkt\\\/nature-love-folsaeure-quatrefolic-180-tabletten-400-%ce%bcg-pro-tablette-kinderwunsch-und-schwangerschaft-hochdosiert-vegan-laborgeprueft-in-deu\\\/#breadcrumb\"},\"inLanguage\":\"de\",\"potentialAction\":[{\"@type\":\"ReadAction\",\"target\":[\"https:\\\/\\\/marktxxl.de\\\/markt\\\/produkt\\\/nature-love-folsaeure-quatrefolic-180-tabletten-400-%ce%bcg-pro-tablette-kinderwunsch-und-schwangerschaft-hochdosiert-vegan-laborgeprueft-in-deu\\\/\"]}]},{\"@type\":\"ImageObject\",\"inLanguage\":\"de\",\"@id\":\"https:\\\/\\\/marktxxl.de\\\/markt\\\/produkt\\\/nature-love-folsaeure-quatrefolic-180-tabletten-400-%ce%bcg-pro-tablette-kinderwunsch-und-schwangerschaft-hochdosiert-vegan-laborgeprueft-in-deu\\\/#primaryimage\",\"url\":\"https:\\\/\\\/m.media-amazon.com\\\/images\\\/I\\\/41srS9QyYuL._SL500_.jpg\",\"contentUrl\":\"https:\\\/\\\/m.media-amazon.com\\\/images\\\/I\\\/41srS9QyYuL._SL500_.jpg\",\"width\":500,\"height\":500},{\"@type\":\"BreadcrumbList\",\"@id\":\"https:\\\/\\\/marktxxl.de\\\/markt\\\/produkt\\\/nature-love-folsaeure-quatrefolic-180-tabletten-400-%ce%bcg-pro-tablette-kinderwunsch-und-schwangerschaft-hochdosiert-vegan-laborgeprueft-in-deu\\\/#breadcrumb\",\"itemListElement\":[{\"@type\":\"ListItem\",\"position\":1,\"name\":\"Startseite\",\"item\":\"https:\\\/\\\/marktxxl.de\\\/markt\\\/\"},{\"@type\":\"ListItem\",\"position\":2,\"name\":\"Markt\",\"item\":\"https:\\\/\\\/marktxxl.de\\\/markt\\\/\"},{\"@type\":\"ListItem\",\"position\":3,\"name\":\"NATURE LOVE\u00ae Fols\u00e4ure Quatrefolic\u00ae \u2013 180 Tabletten \u2013 400 \u03bcg pro Tablette \u2013 Kinderwunsch und Schwangerschaft* \u2013 hochdosiert, vegan, laborgepr\u00fcft, in Deutschland produziert\"}]},{\"@type\":\"WebSite\",\"@id\":\"https:\\\/\\\/marktxxl.de\\\/markt\\\/#website\",\"url\":\"https:\\\/\\\/marktxxl.de\\\/markt\\\/\",\"name\":\"Markt-XXL\",\"description\":\"Ihr Markt Online\",\"publisher\":{\"@id\":\"https:\\\/\\\/marktxxl.de\\\/markt\\\/#organization\"},\"potentialAction\":[{\"@type\":\"SearchAction\",\"target\":{\"@type\":\"EntryPoint\",\"urlTemplate\":\"https:\\\/\\\/marktxxl.de\\\/markt\\\/?s={search_term_string}\"},\"query-input\":{\"@type\":\"PropertyValueSpecification\",\"valueRequired\":true,\"valueName\":\"search_term_string\"}}],\"inLanguage\":\"de\"},{\"@type\":\"Organization\",\"@id\":\"https:\\\/\\\/marktxxl.de\\\/markt\\\/#organization\",\"name\":\"Markt-XXL\",\"url\":\"https:\\\/\\\/marktxxl.de\\\/markt\\\/\",\"logo\":{\"@type\":\"ImageObject\",\"inLanguage\":\"de\",\"@id\":\"https:\\\/\\\/marktxxl.de\\\/markt\\\/#\\\/schema\\\/logo\\\/image\\\/\",\"url\":\"https:\\\/\\\/marktxxl.de\\\/markt\\\/wp-content\\\/uploads\\\/sites\\\/3\\\/2020\\\/12\\\/logo.png\",\"contentUrl\":\"https:\\\/\\\/marktxxl.de\\\/markt\\\/wp-content\\\/uploads\\\/sites\\\/3\\\/2020\\\/12\\\/logo.png\",\"width\":200,\"height\":70,\"caption\":\"Markt-XXL\"},\"image\":{\"@id\":\"https:\\\/\\\/marktxxl.de\\\/markt\\\/#\\\/schema\\\/logo\\\/image\\\/\"}}]}<\/script>\n<!-- \/ Yoast SEO plugin. -->","yoast_head_json":{"title":"NATURE LOVE\u00ae Fols\u00e4ure Quatrefolic\u00ae \u2013 180 Tabletten \u2013 400 \u03bcg pro Tablette \u2013 Kinderwunsch und Schwangerschaft* \u2013 hochdosiert, vegan, laborgepr\u00fcft, in Deutschland produziert - Markt-XXL","description":"Markt-XXL NATURE LOVE\u00ae Fols\u00e4ure Quatrefolic\u00ae \u2013 180 Tabletten \u2013 400 \u03bcg pro Tablette \u2013 Kinderwunsch und Schwangerschaft* \u2013 hochdosiert, vegan, laborgepr\u00fcft, in Deutschland produziert","robots":{"index":"index","follow":"follow","max-snippet":"max-snippet:-1","max-image-preview":"max-image-preview:large","max-video-preview":"max-video-preview:-1"},"canonical":"https:\/\/marktxxl.de\/markt\/produkt\/nature-love-folsaeure-quatrefolic-180-tabletten-400-\u03bcg-pro-tablette-kinderwunsch-und-schwangerschaft-hochdosiert-vegan-laborgeprueft-in-deu\/","og_locale":"de_DE","og_type":"article","og_title":"NATURE LOVE\u00ae Fols\u00e4ure Quatrefolic\u00ae \u2013 180 Tabletten \u2013 400 \u03bcg pro Tablette \u2013 Kinderwunsch und Schwangerschaft* \u2013 hochdosiert, vegan, laborgepr\u00fcft, in Deutschland produziert - Markt-XXL","og_description":"Markt-XXL NATURE LOVE\u00ae Fols\u00e4ure Quatrefolic\u00ae \u2013 180 Tabletten \u2013 400 \u03bcg pro Tablette \u2013 Kinderwunsch und Schwangerschaft* \u2013 hochdosiert, vegan, laborgepr\u00fcft, in Deutschland produziert","og_url":"https:\/\/marktxxl.de\/markt\/produkt\/nature-love-folsaeure-quatrefolic-180-tabletten-400-\u03bcg-pro-tablette-kinderwunsch-und-schwangerschaft-hochdosiert-vegan-laborgeprueft-in-deu\/","og_site_name":"Markt-XXL","twitter_card":"summary_large_image","twitter_misc":{"Gesch\u00e4tzte Lesezeit":"1\u00a0Minute"},"schema":{"@context":"https:\/\/schema.org","@graph":[{"@type":"WebPage","@id":"https:\/\/marktxxl.de\/markt\/produkt\/nature-love-folsaeure-quatrefolic-180-tabletten-400-%ce%bcg-pro-tablette-kinderwunsch-und-schwangerschaft-hochdosiert-vegan-laborgeprueft-in-deu\/","url":"https:\/\/marktxxl.de\/markt\/produkt\/nature-love-folsaeure-quatrefolic-180-tabletten-400-%ce%bcg-pro-tablette-kinderwunsch-und-schwangerschaft-hochdosiert-vegan-laborgeprueft-in-deu\/","name":"NATURE LOVE\u00ae Fols\u00e4ure Quatrefolic\u00ae \u2013 180 Tabletten \u2013 400 \u03bcg pro Tablette \u2013 Kinderwunsch und Schwangerschaft* \u2013 hochdosiert, vegan, laborgepr\u00fcft, in Deutschland produziert - Markt-XXL","isPartOf":{"@id":"https:\/\/marktxxl.de\/markt\/#website"},"primaryImageOfPage":{"@id":"https:\/\/marktxxl.de\/markt\/produkt\/nature-love-folsaeure-quatrefolic-180-tabletten-400-%ce%bcg-pro-tablette-kinderwunsch-und-schwangerschaft-hochdosiert-vegan-laborgeprueft-in-deu\/#primaryimage"},"image":{"@id":"https:\/\/marktxxl.de\/markt\/produkt\/nature-love-folsaeure-quatrefolic-180-tabletten-400-%ce%bcg-pro-tablette-kinderwunsch-und-schwangerschaft-hochdosiert-vegan-laborgeprueft-in-deu\/#primaryimage"},"thumbnailUrl":"https:\/\/m.media-amazon.com\/images\/I\/41srS9QyYuL._SL500_.jpg","datePublished":"2024-07-28T19:13:34+00:00","description":"Markt-XXL NATURE LOVE\u00ae Fols\u00e4ure Quatrefolic\u00ae \u2013 180 Tabletten \u2013 400 \u03bcg pro Tablette \u2013 Kinderwunsch und Schwangerschaft* \u2013 hochdosiert, vegan, laborgepr\u00fcft, in Deutschland produziert","breadcrumb":{"@id":"https:\/\/marktxxl.de\/markt\/produkt\/nature-love-folsaeure-quatrefolic-180-tabletten-400-%ce%bcg-pro-tablette-kinderwunsch-und-schwangerschaft-hochdosiert-vegan-laborgeprueft-in-deu\/#breadcrumb"},"inLanguage":"de","potentialAction":[{"@type":"ReadAction","target":["https:\/\/marktxxl.de\/markt\/produkt\/nature-love-folsaeure-quatrefolic-180-tabletten-400-%ce%bcg-pro-tablette-kinderwunsch-und-schwangerschaft-hochdosiert-vegan-laborgeprueft-in-deu\/"]}]},{"@type":"ImageObject","inLanguage":"de","@id":"https:\/\/marktxxl.de\/markt\/produkt\/nature-love-folsaeure-quatrefolic-180-tabletten-400-%ce%bcg-pro-tablette-kinderwunsch-und-schwangerschaft-hochdosiert-vegan-laborgeprueft-in-deu\/#primaryimage","url":"https:\/\/m.media-amazon.com\/images\/I\/41srS9QyYuL._SL500_.jpg","contentUrl":"https:\/\/m.media-amazon.com\/images\/I\/41srS9QyYuL._SL500_.jpg","width":500,"height":500},{"@type":"BreadcrumbList","@id":"https:\/\/marktxxl.de\/markt\/produkt\/nature-love-folsaeure-quatrefolic-180-tabletten-400-%ce%bcg-pro-tablette-kinderwunsch-und-schwangerschaft-hochdosiert-vegan-laborgeprueft-in-deu\/#breadcrumb","itemListElement":[{"@type":"ListItem","position":1,"name":"Startseite","item":"https:\/\/marktxxl.de\/markt\/"},{"@type":"ListItem","position":2,"name":"Markt","item":"https:\/\/marktxxl.de\/markt\/"},{"@type":"ListItem","position":3,"name":"NATURE LOVE\u00ae Fols\u00e4ure Quatrefolic\u00ae \u2013 180 Tabletten \u2013 400 \u03bcg pro Tablette \u2013 Kinderwunsch und Schwangerschaft* \u2013 hochdosiert, vegan, laborgepr\u00fcft, in Deutschland produziert"}]},{"@type":"WebSite","@id":"https:\/\/marktxxl.de\/markt\/#website","url":"https:\/\/marktxxl.de\/markt\/","name":"Markt-XXL","description":"Ihr Markt Online","publisher":{"@id":"https:\/\/marktxxl.de\/markt\/#organization"},"potentialAction":[{"@type":"SearchAction","target":{"@type":"EntryPoint","urlTemplate":"https:\/\/marktxxl.de\/markt\/?s={search_term_string}"},"query-input":{"@type":"PropertyValueSpecification","valueRequired":true,"valueName":"search_term_string"}}],"inLanguage":"de"},{"@type":"Organization","@id":"https:\/\/marktxxl.de\/markt\/#organization","name":"Markt-XXL","url":"https:\/\/marktxxl.de\/markt\/","logo":{"@type":"ImageObject","inLanguage":"de","@id":"https:\/\/marktxxl.de\/markt\/#\/schema\/logo\/image\/","url":"https:\/\/marktxxl.de\/markt\/wp-content\/uploads\/sites\/3\/2020\/12\/logo.png","contentUrl":"https:\/\/marktxxl.de\/markt\/wp-content\/uploads\/sites\/3\/2020\/12\/logo.png","width":200,"height":70,"caption":"Markt-XXL"},"image":{"@id":"https:\/\/marktxxl.de\/markt\/#\/schema\/logo\/image\/"}}]}},"_links":{"self":[{"href":"https:\/\/marktxxl.de\/markt\/wp-json\/wp\/v2\/product\/225528","targetHints":{"allow":["GET"]}}],"collection":[{"href":"https:\/\/marktxxl.de\/markt\/wp-json\/wp\/v2\/product"}],"about":[{"href":"https:\/\/marktxxl.de\/markt\/wp-json\/wp\/v2\/types\/product"}],"replies":[{"embeddable":true,"href":"https:\/\/marktxxl.de\/markt\/wp-json\/wp\/v2\/comments?post=225528"}],"wp:featuredmedia":[{"embeddable":true,"href":"https:\/\/marktxxl.de\/markt\/wp-json\/wp\/v2\/media\/225529"}],"wp:attachment":[{"href":"https:\/\/marktxxl.de\/markt\/wp-json\/wp\/v2\/media?parent=225528"}],"wp:term":[{"taxonomy":"product_brand","embeddable":true,"href":"https:\/\/marktxxl.de\/markt\/wp-json\/wp\/v2\/product_brand?post=225528"},{"taxonomy":"product_cat","embeddable":true,"href":"https:\/\/marktxxl.de\/markt\/wp-json\/wp\/v2\/product_cat?post=225528"},{"taxonomy":"product_tag","embeddable":true,"href":"https:\/\/marktxxl.de\/markt\/wp-json\/wp\/v2\/product_tag?post=225528"}],"curies":[{"name":"wp","href":"https:\/\/api.w.org\/{rel}","templated":true}]}}