{"id":225467,"date":"2024-07-28T21:10:01","date_gmt":"2024-07-28T19:10:01","guid":{"rendered":"https:\/\/marktxxl.de\/markt\/produkt\/mylee-wachs-silikon-glas-wachserhitzer-topf-wachswaermer-liner-container-fuer-weiches-warmes-wachs-oder-harte-streifenlose-wachsperlen\/"},"modified":"2024-07-28T21:10:01","modified_gmt":"2024-07-28T19:10:01","slug":"mylee-wachs-silikon-glas-wachserhitzer-topf-wachswaermer-liner-container-fuer-weiches-warmes-wachs-oder-harte-streifenlose-wachsperlen","status":"publish","type":"product","link":"https:\/\/marktxxl.de\/markt\/produkt\/mylee-wachs-silikon-glas-wachserhitzer-topf-wachswaermer-liner-container-fuer-weiches-warmes-wachs-oder-harte-streifenlose-wachsperlen\/","title":{"rendered":"Mylee Wachs-Silikon-Glas, Wachserhitzer-Topf, Wachsw\u00e4rmer Liner Container f\u00fcr weiches warmes Wachs oder harte streifenlose Wachsperlen"},"content":{"rendered":"<p>Einfach zu reinigen &#8211; Sag Adieu zu klebrigen Aufr\u00e4umversuchen nach der Waxing Behandlung. Dieses Silikongef\u00e4\u00df mit unserer SimpleCleanse Technologie macht die Reinigung zum Kinderspiel, denn Du kannst das \u00fcbriggebliebene Wachs nach dem Abk\u00fchlen einfach aus dem Beh\u00e4lter sch\u00e4len<br \/>\nGro\u00dfe Kompatibilit\u00e4t &#8211; Das Gef\u00e4\u00df wurde so designt, dass es mit den meisten handels\u00fcblichen Wachsw\u00e4rmern kompatibel ist, inklusive unseres Mylee Digital Wax Heater. Es wurde speziell f\u00fcr den Gebrauch mit Hartwachsperlen entwickelt, und damit Du das Waxinggef\u00e4\u00df auch gleich als Messbecher f\u00fcr die gew\u00fcnschte Menge Wachs benutzen kannst, hat es auch praktische Markierungen an der Seite. Somit wird deine Waxing Routine gleich einfacher und effizienter als je zuvor<br \/>\nWiederverwendbar &#8211; Da der Messbeh\u00e4lter aus Silikon hergestellt ist, kann \u00fcbriggebliebenes Wax einfach herausgesch\u00e4lt uns sp\u00e4ter wiederverwendet werden. Dadurch sparst Du nicht nur Geld, Du verschwendest auch weniger Produkt und reduzierst unn\u00f6tigen M\u00fcll. Dadurch ist das Gef\u00e4\u00df auch eine nachhaltigere Wahl<br \/>\nBest\u00e4ndig &#8211; Dieses langlebige Gef\u00e4\u00df wird aus qualitativ hochwertigem Silikon gefertigt. Seine widerstandsf\u00e4hige Struktur und Materialien garantieren eine zuverl\u00e4ssige und langfristige L\u00f6sung f\u00fcr Deine Waxing-Bed\u00fcrfnisse und machen es zu einer wertvollen Investition<br \/>\nHygienisch &#8211; Dieser Antihaft Messbecher wurde so konzipiert, dass er auch ohne aufw\u00e4ndiges Sterilisieren zwischen einzelnen Behandlungen problemlos benutzt werden kann<br \/>\n<div class=\"main-cross-sell\" data-asin=\"B0CMXYWRK8\">\n\n\t<div class=\"WooZone-cross-sell-loader\">\n\t\t<div>\n\t\t\t<div id=\"floatingBarsG\">\n\t\t\t\t<div class=\"blockG\" id=\"rotateG_01\"><\/div>\n\t\t\t\t<div class=\"blockG\" id=\"rotateG_02\"><\/div>\n\t\t\t\t<div class=\"blockG\" id=\"rotateG_03\"><\/div>\n\t\t\t\t<div class=\"blockG\" id=\"rotateG_04\"><\/div>\n\t\t\t\t<div class=\"blockG\" id=\"rotateG_05\"><\/div>\n\t\t\t\t<div class=\"blockG\" id=\"rotateG_06\"><\/div>\n\t\t\t\t<div class=\"blockG\" id=\"rotateG_07\"><\/div>\n\t\t\t\t<div class=\"blockG\" id=\"rotateG_08\"><\/div>\n\t\t\t<\/div>\n\t\t\t<div class=\"WooZone-cross-sell-loader-text\"><\/div>\n\t\t<\/div>\n\t<\/div>\n\n\t\t\n<\/div>\n<div style=\"clear:both;\"><\/div><\/p>\n","protected":false},"excerpt":{"rendered":"<p>Einfach zu reinigen &#8211; Sag Adieu zu klebrigen Aufr\u00e4umversuchen nach der Waxing Behandlung. Dieses Silikongef\u00e4\u00df mit unserer SimpleCleanse Technologie macht die Reinigung zum Kinderspiel, denn Du kannst das \u00fcbriggebliebene Wachs nach dem Abk\u00fchlen einfach aus dem Beh\u00e4lter sch\u00e4len<br \/>\nGro\u00dfe Kompatibilit\u00e4t &#8211; Das Gef\u00e4\u00df wurde so designt, dass es mit den meisten handels\u00fcblichen Wachsw\u00e4rmern kompatibel ist, inklusive unseres Mylee Digital Wax Heater. Es wurde speziell f\u00fcr den Gebrauch mit Hartwachsperlen entwickelt, und damit Du das Waxinggef\u00e4\u00df auch gleich als Messbecher f\u00fcr die gew\u00fcnschte Menge Wachs benutzen kannst, hat es auch praktische Markierungen an der Seite. Somit wird deine Waxing Routine gleich einfacher und effizienter als je zuvor<br \/>\nWiederverwendbar &#8211; Da der Messbeh\u00e4lter aus Silikon hergestellt ist, kann \u00fcbriggebliebenes Wax einfach herausgesch\u00e4lt uns sp\u00e4ter wiederverwendet werden. Dadurch sparst Du nicht nur Geld, Du verschwendest auch weniger Produkt und reduzierst unn\u00f6tigen M\u00fcll. Dadurch ist das Gef\u00e4\u00df auch eine nachhaltigere Wahl<\/p>\n","protected":false},"featured_media":225468,"comment_status":"open","ping_status":"closed","template":"","meta":[],"product_brand":[],"product_cat":[566,6190],"product_tag":[],"class_list":{"0":"post-225467","1":"product","2":"type-product","3":"status-publish","4":"has-post-thumbnail","6":"product_cat-drogerie-koerperpflege","7":"product_cat-rasur-enthaarung","8":"pa_binding-misc","9":"pa_brand-mylee","10":"pa_manufacturer-mylee","12":"first","13":"instock","14":"shipping-taxable","15":"purchasable","16":"product-type-simple","17":"customify-col","18":"product-has-gallery"},"yoast_head":"<!-- This site is optimized with the Yoast SEO plugin v27.4 - https:\/\/yoast.com\/product\/yoast-seo-wordpress\/ -->\n<title>Mylee Wachs-Silikon-Glas, Wachserhitzer-Topf, Wachsw\u00e4rmer Liner Container f\u00fcr weiches warmes Wachs oder harte streifenlose Wachsperlen - Markt-XXL<\/title>\n<meta name=\"description\" content=\"Markt-XXL Mylee Wachs-Silikon-Glas, Wachserhitzer-Topf, Wachsw\u00e4rmer Liner Container f\u00fcr weiches warmes Wachs oder harte streifenlose Wachsperlen\" \/>\n<meta name=\"robots\" content=\"index, follow, max-snippet:-1, max-image-preview:large, max-video-preview:-1\" \/>\n<link rel=\"canonical\" href=\"https:\/\/marktxxl.de\/markt\/produkt\/mylee-wachs-silikon-glas-wachserhitzer-topf-wachswaermer-liner-container-fuer-weiches-warmes-wachs-oder-harte-streifenlose-wachsperlen\/\" \/>\n<meta property=\"og:locale\" content=\"de_DE\" \/>\n<meta property=\"og:type\" content=\"article\" \/>\n<meta property=\"og:title\" content=\"Mylee Wachs-Silikon-Glas, Wachserhitzer-Topf, Wachsw\u00e4rmer Liner Container f\u00fcr weiches warmes Wachs oder harte streifenlose Wachsperlen - Markt-XXL\" \/>\n<meta property=\"og:description\" content=\"Markt-XXL Mylee Wachs-Silikon-Glas, Wachserhitzer-Topf, Wachsw\u00e4rmer Liner Container f\u00fcr weiches warmes Wachs oder harte streifenlose Wachsperlen\" \/>\n<meta property=\"og:url\" content=\"https:\/\/marktxxl.de\/markt\/produkt\/mylee-wachs-silikon-glas-wachserhitzer-topf-wachswaermer-liner-container-fuer-weiches-warmes-wachs-oder-harte-streifenlose-wachsperlen\/\" \/>\n<meta property=\"og:site_name\" content=\"Markt-XXL\" \/>\n<meta name=\"twitter:card\" content=\"summary_large_image\" \/>\n<meta name=\"twitter:label1\" content=\"Gesch\u00e4tzte Lesezeit\" \/>\n\t<meta name=\"twitter:data1\" content=\"1\u00a0Minute\" \/>\n<script type=\"application\/ld+json\" class=\"yoast-schema-graph\">{\"@context\":\"https:\\\/\\\/schema.org\",\"@graph\":[{\"@type\":\"WebPage\",\"@id\":\"https:\\\/\\\/marktxxl.de\\\/markt\\\/produkt\\\/mylee-wachs-silikon-glas-wachserhitzer-topf-wachswaermer-liner-container-fuer-weiches-warmes-wachs-oder-harte-streifenlose-wachsperlen\\\/\",\"url\":\"https:\\\/\\\/marktxxl.de\\\/markt\\\/produkt\\\/mylee-wachs-silikon-glas-wachserhitzer-topf-wachswaermer-liner-container-fuer-weiches-warmes-wachs-oder-harte-streifenlose-wachsperlen\\\/\",\"name\":\"Mylee Wachs-Silikon-Glas, Wachserhitzer-Topf, Wachsw\u00e4rmer Liner Container f\u00fcr weiches warmes Wachs oder harte streifenlose Wachsperlen - Markt-XXL\",\"isPartOf\":{\"@id\":\"https:\\\/\\\/marktxxl.de\\\/markt\\\/#website\"},\"primaryImageOfPage\":{\"@id\":\"https:\\\/\\\/marktxxl.de\\\/markt\\\/produkt\\\/mylee-wachs-silikon-glas-wachserhitzer-topf-wachswaermer-liner-container-fuer-weiches-warmes-wachs-oder-harte-streifenlose-wachsperlen\\\/#primaryimage\"},\"image\":{\"@id\":\"https:\\\/\\\/marktxxl.de\\\/markt\\\/produkt\\\/mylee-wachs-silikon-glas-wachserhitzer-topf-wachswaermer-liner-container-fuer-weiches-warmes-wachs-oder-harte-streifenlose-wachsperlen\\\/#primaryimage\"},\"thumbnailUrl\":\"https:\\\/\\\/m.media-amazon.com\\\/images\\\/I\\\/41cHDboV1sL._SL500_.jpg\",\"datePublished\":\"2024-07-28T19:10:01+00:00\",\"description\":\"Markt-XXL Mylee Wachs-Silikon-Glas, Wachserhitzer-Topf, Wachsw\u00e4rmer Liner Container f\u00fcr weiches warmes Wachs oder harte streifenlose Wachsperlen\",\"breadcrumb\":{\"@id\":\"https:\\\/\\\/marktxxl.de\\\/markt\\\/produkt\\\/mylee-wachs-silikon-glas-wachserhitzer-topf-wachswaermer-liner-container-fuer-weiches-warmes-wachs-oder-harte-streifenlose-wachsperlen\\\/#breadcrumb\"},\"inLanguage\":\"de\",\"potentialAction\":[{\"@type\":\"ReadAction\",\"target\":[\"https:\\\/\\\/marktxxl.de\\\/markt\\\/produkt\\\/mylee-wachs-silikon-glas-wachserhitzer-topf-wachswaermer-liner-container-fuer-weiches-warmes-wachs-oder-harte-streifenlose-wachsperlen\\\/\"]}]},{\"@type\":\"ImageObject\",\"inLanguage\":\"de\",\"@id\":\"https:\\\/\\\/marktxxl.de\\\/markt\\\/produkt\\\/mylee-wachs-silikon-glas-wachserhitzer-topf-wachswaermer-liner-container-fuer-weiches-warmes-wachs-oder-harte-streifenlose-wachsperlen\\\/#primaryimage\",\"url\":\"https:\\\/\\\/m.media-amazon.com\\\/images\\\/I\\\/41cHDboV1sL._SL500_.jpg\",\"contentUrl\":\"https:\\\/\\\/m.media-amazon.com\\\/images\\\/I\\\/41cHDboV1sL._SL500_.jpg\",\"width\":500,\"height\":500},{\"@type\":\"BreadcrumbList\",\"@id\":\"https:\\\/\\\/marktxxl.de\\\/markt\\\/produkt\\\/mylee-wachs-silikon-glas-wachserhitzer-topf-wachswaermer-liner-container-fuer-weiches-warmes-wachs-oder-harte-streifenlose-wachsperlen\\\/#breadcrumb\",\"itemListElement\":[{\"@type\":\"ListItem\",\"position\":1,\"name\":\"Startseite\",\"item\":\"https:\\\/\\\/marktxxl.de\\\/markt\\\/\"},{\"@type\":\"ListItem\",\"position\":2,\"name\":\"Markt\",\"item\":\"https:\\\/\\\/marktxxl.de\\\/markt\\\/\"},{\"@type\":\"ListItem\",\"position\":3,\"name\":\"Mylee Wachs-Silikon-Glas, Wachserhitzer-Topf, Wachsw\u00e4rmer Liner Container f\u00fcr weiches warmes Wachs oder harte streifenlose Wachsperlen\"}]},{\"@type\":\"WebSite\",\"@id\":\"https:\\\/\\\/marktxxl.de\\\/markt\\\/#website\",\"url\":\"https:\\\/\\\/marktxxl.de\\\/markt\\\/\",\"name\":\"Markt-XXL\",\"description\":\"Ihr Markt Online\",\"publisher\":{\"@id\":\"https:\\\/\\\/marktxxl.de\\\/markt\\\/#organization\"},\"potentialAction\":[{\"@type\":\"SearchAction\",\"target\":{\"@type\":\"EntryPoint\",\"urlTemplate\":\"https:\\\/\\\/marktxxl.de\\\/markt\\\/?s={search_term_string}\"},\"query-input\":{\"@type\":\"PropertyValueSpecification\",\"valueRequired\":true,\"valueName\":\"search_term_string\"}}],\"inLanguage\":\"de\"},{\"@type\":\"Organization\",\"@id\":\"https:\\\/\\\/marktxxl.de\\\/markt\\\/#organization\",\"name\":\"Markt-XXL\",\"url\":\"https:\\\/\\\/marktxxl.de\\\/markt\\\/\",\"logo\":{\"@type\":\"ImageObject\",\"inLanguage\":\"de\",\"@id\":\"https:\\\/\\\/marktxxl.de\\\/markt\\\/#\\\/schema\\\/logo\\\/image\\\/\",\"url\":\"https:\\\/\\\/marktxxl.de\\\/markt\\\/wp-content\\\/uploads\\\/sites\\\/3\\\/2020\\\/12\\\/logo.png\",\"contentUrl\":\"https:\\\/\\\/marktxxl.de\\\/markt\\\/wp-content\\\/uploads\\\/sites\\\/3\\\/2020\\\/12\\\/logo.png\",\"width\":200,\"height\":70,\"caption\":\"Markt-XXL\"},\"image\":{\"@id\":\"https:\\\/\\\/marktxxl.de\\\/markt\\\/#\\\/schema\\\/logo\\\/image\\\/\"}}]}<\/script>\n<!-- \/ Yoast SEO plugin. -->","yoast_head_json":{"title":"Mylee Wachs-Silikon-Glas, Wachserhitzer-Topf, Wachsw\u00e4rmer Liner Container f\u00fcr weiches warmes Wachs oder harte streifenlose Wachsperlen - Markt-XXL","description":"Markt-XXL Mylee Wachs-Silikon-Glas, Wachserhitzer-Topf, Wachsw\u00e4rmer Liner Container f\u00fcr weiches warmes Wachs oder harte streifenlose Wachsperlen","robots":{"index":"index","follow":"follow","max-snippet":"max-snippet:-1","max-image-preview":"max-image-preview:large","max-video-preview":"max-video-preview:-1"},"canonical":"https:\/\/marktxxl.de\/markt\/produkt\/mylee-wachs-silikon-glas-wachserhitzer-topf-wachswaermer-liner-container-fuer-weiches-warmes-wachs-oder-harte-streifenlose-wachsperlen\/","og_locale":"de_DE","og_type":"article","og_title":"Mylee Wachs-Silikon-Glas, Wachserhitzer-Topf, Wachsw\u00e4rmer Liner Container f\u00fcr weiches warmes Wachs oder harte streifenlose Wachsperlen - Markt-XXL","og_description":"Markt-XXL Mylee Wachs-Silikon-Glas, Wachserhitzer-Topf, Wachsw\u00e4rmer Liner Container f\u00fcr weiches warmes Wachs oder harte streifenlose Wachsperlen","og_url":"https:\/\/marktxxl.de\/markt\/produkt\/mylee-wachs-silikon-glas-wachserhitzer-topf-wachswaermer-liner-container-fuer-weiches-warmes-wachs-oder-harte-streifenlose-wachsperlen\/","og_site_name":"Markt-XXL","twitter_card":"summary_large_image","twitter_misc":{"Gesch\u00e4tzte Lesezeit":"1\u00a0Minute"},"schema":{"@context":"https:\/\/schema.org","@graph":[{"@type":"WebPage","@id":"https:\/\/marktxxl.de\/markt\/produkt\/mylee-wachs-silikon-glas-wachserhitzer-topf-wachswaermer-liner-container-fuer-weiches-warmes-wachs-oder-harte-streifenlose-wachsperlen\/","url":"https:\/\/marktxxl.de\/markt\/produkt\/mylee-wachs-silikon-glas-wachserhitzer-topf-wachswaermer-liner-container-fuer-weiches-warmes-wachs-oder-harte-streifenlose-wachsperlen\/","name":"Mylee Wachs-Silikon-Glas, Wachserhitzer-Topf, Wachsw\u00e4rmer Liner Container f\u00fcr weiches warmes Wachs oder harte streifenlose Wachsperlen - Markt-XXL","isPartOf":{"@id":"https:\/\/marktxxl.de\/markt\/#website"},"primaryImageOfPage":{"@id":"https:\/\/marktxxl.de\/markt\/produkt\/mylee-wachs-silikon-glas-wachserhitzer-topf-wachswaermer-liner-container-fuer-weiches-warmes-wachs-oder-harte-streifenlose-wachsperlen\/#primaryimage"},"image":{"@id":"https:\/\/marktxxl.de\/markt\/produkt\/mylee-wachs-silikon-glas-wachserhitzer-topf-wachswaermer-liner-container-fuer-weiches-warmes-wachs-oder-harte-streifenlose-wachsperlen\/#primaryimage"},"thumbnailUrl":"https:\/\/m.media-amazon.com\/images\/I\/41cHDboV1sL._SL500_.jpg","datePublished":"2024-07-28T19:10:01+00:00","description":"Markt-XXL Mylee Wachs-Silikon-Glas, Wachserhitzer-Topf, Wachsw\u00e4rmer Liner Container f\u00fcr weiches warmes Wachs oder harte streifenlose Wachsperlen","breadcrumb":{"@id":"https:\/\/marktxxl.de\/markt\/produkt\/mylee-wachs-silikon-glas-wachserhitzer-topf-wachswaermer-liner-container-fuer-weiches-warmes-wachs-oder-harte-streifenlose-wachsperlen\/#breadcrumb"},"inLanguage":"de","potentialAction":[{"@type":"ReadAction","target":["https:\/\/marktxxl.de\/markt\/produkt\/mylee-wachs-silikon-glas-wachserhitzer-topf-wachswaermer-liner-container-fuer-weiches-warmes-wachs-oder-harte-streifenlose-wachsperlen\/"]}]},{"@type":"ImageObject","inLanguage":"de","@id":"https:\/\/marktxxl.de\/markt\/produkt\/mylee-wachs-silikon-glas-wachserhitzer-topf-wachswaermer-liner-container-fuer-weiches-warmes-wachs-oder-harte-streifenlose-wachsperlen\/#primaryimage","url":"https:\/\/m.media-amazon.com\/images\/I\/41cHDboV1sL._SL500_.jpg","contentUrl":"https:\/\/m.media-amazon.com\/images\/I\/41cHDboV1sL._SL500_.jpg","width":500,"height":500},{"@type":"BreadcrumbList","@id":"https:\/\/marktxxl.de\/markt\/produkt\/mylee-wachs-silikon-glas-wachserhitzer-topf-wachswaermer-liner-container-fuer-weiches-warmes-wachs-oder-harte-streifenlose-wachsperlen\/#breadcrumb","itemListElement":[{"@type":"ListItem","position":1,"name":"Startseite","item":"https:\/\/marktxxl.de\/markt\/"},{"@type":"ListItem","position":2,"name":"Markt","item":"https:\/\/marktxxl.de\/markt\/"},{"@type":"ListItem","position":3,"name":"Mylee Wachs-Silikon-Glas, Wachserhitzer-Topf, Wachsw\u00e4rmer Liner Container f\u00fcr weiches warmes Wachs oder harte streifenlose Wachsperlen"}]},{"@type":"WebSite","@id":"https:\/\/marktxxl.de\/markt\/#website","url":"https:\/\/marktxxl.de\/markt\/","name":"Markt-XXL","description":"Ihr Markt Online","publisher":{"@id":"https:\/\/marktxxl.de\/markt\/#organization"},"potentialAction":[{"@type":"SearchAction","target":{"@type":"EntryPoint","urlTemplate":"https:\/\/marktxxl.de\/markt\/?s={search_term_string}"},"query-input":{"@type":"PropertyValueSpecification","valueRequired":true,"valueName":"search_term_string"}}],"inLanguage":"de"},{"@type":"Organization","@id":"https:\/\/marktxxl.de\/markt\/#organization","name":"Markt-XXL","url":"https:\/\/marktxxl.de\/markt\/","logo":{"@type":"ImageObject","inLanguage":"de","@id":"https:\/\/marktxxl.de\/markt\/#\/schema\/logo\/image\/","url":"https:\/\/marktxxl.de\/markt\/wp-content\/uploads\/sites\/3\/2020\/12\/logo.png","contentUrl":"https:\/\/marktxxl.de\/markt\/wp-content\/uploads\/sites\/3\/2020\/12\/logo.png","width":200,"height":70,"caption":"Markt-XXL"},"image":{"@id":"https:\/\/marktxxl.de\/markt\/#\/schema\/logo\/image\/"}}]}},"_links":{"self":[{"href":"https:\/\/marktxxl.de\/markt\/wp-json\/wp\/v2\/product\/225467","targetHints":{"allow":["GET"]}}],"collection":[{"href":"https:\/\/marktxxl.de\/markt\/wp-json\/wp\/v2\/product"}],"about":[{"href":"https:\/\/marktxxl.de\/markt\/wp-json\/wp\/v2\/types\/product"}],"replies":[{"embeddable":true,"href":"https:\/\/marktxxl.de\/markt\/wp-json\/wp\/v2\/comments?post=225467"}],"wp:featuredmedia":[{"embeddable":true,"href":"https:\/\/marktxxl.de\/markt\/wp-json\/wp\/v2\/media\/225468"}],"wp:attachment":[{"href":"https:\/\/marktxxl.de\/markt\/wp-json\/wp\/v2\/media?parent=225467"}],"wp:term":[{"taxonomy":"product_brand","embeddable":true,"href":"https:\/\/marktxxl.de\/markt\/wp-json\/wp\/v2\/product_brand?post=225467"},{"taxonomy":"product_cat","embeddable":true,"href":"https:\/\/marktxxl.de\/markt\/wp-json\/wp\/v2\/product_cat?post=225467"},{"taxonomy":"product_tag","embeddable":true,"href":"https:\/\/marktxxl.de\/markt\/wp-json\/wp\/v2\/product_tag?post=225467"}],"curies":[{"name":"wp","href":"https:\/\/api.w.org\/{rel}","templated":true}]}}