{"id":225370,"date":"2024-07-28T21:04:05","date_gmt":"2024-07-28T19:04:05","guid":{"rendered":"https:\/\/marktxxl.de\/markt\/produkt\/nasenhaartrimmer-wiederaufladbare-kabellose-ohr-augenbrauen-trimmen-werkzeug-dual-edge-blades\/"},"modified":"2024-07-28T21:04:05","modified_gmt":"2024-07-28T19:04:05","slug":"nasenhaartrimmer-wiederaufladbare-kabellose-ohr-augenbrauen-trimmen-werkzeug-dual-edge-blades","status":"publish","type":"product","link":"https:\/\/marktxxl.de\/markt\/produkt\/nasenhaartrimmer-wiederaufladbare-kabellose-ohr-augenbrauen-trimmen-werkzeug-dual-edge-blades\/","title":{"rendered":"Nasenhaartrimmer, wiederaufladbare kabellose Ohr Augenbrauen Trimmen Werkzeug Dual Edge Blades"},"content":{"rendered":"<p>Pr\u00e4zises Trimmwerkzeug: Der Nasenhaartrimmer verwendet ein um 360 Grad drehbares System aus zweischneidigen Klingen mit einem Schutz aus rostfreiem Stahl f\u00fcr eine sanfte, pr\u00e4zise und sichere Haarentfernung ohne schmerzhaftes oder unangenehmes Ziehen.<br \/>\nTyp-C-Ladeanschluss: Sie k\u00f6nnen den Trimmer unabh\u00e4ngig von Ihrem Land mit einem 5V-Adapter verwenden (Adapter nicht im Lieferumfang enthalten).<br \/>\nLeicht zu reinigen: Der Kopf ist abnehmbar und waschbar, mit Reinigungsb\u00fcrste, leicht zu entfernen Haarr\u00fcckst\u00e4nde. Nasenhaartrimmer kann direkt unter flie\u00dfendem Wasser absp\u00fclen. Hinweis: Bitte vor der Installation trocknen, um Rost zu vermeiden.<br \/>\nAnzeigelampe: Der Bildschirm zeigt die Leistung des Nasenhaartrimmers an, wenn Sie ihn einschalten. Wenn die Leistung unter 20 f\u00e4llt, empfehlen wir Ihnen, das Ger\u00e4t zu laden.<br \/>\nAls Geschenk f\u00fcr Familie und Freunde: Eine bessere Wahl. Professionelle After-Sales-Team, wenn Sie irgendwelche Probleme haben, kontaktieren Sie uns bitte per E-Mail, um das Problem so schnell wie m\u00f6glich zu l\u00f6sen.<br \/>\n<div class=\"main-cross-sell\" data-asin=\"B0C1J6Z9JD\">\n\n\t<div class=\"WooZone-cross-sell-loader\">\n\t\t<div>\n\t\t\t<div id=\"floatingBarsG\">\n\t\t\t\t<div class=\"blockG\" id=\"rotateG_01\"><\/div>\n\t\t\t\t<div class=\"blockG\" id=\"rotateG_02\"><\/div>\n\t\t\t\t<div class=\"blockG\" id=\"rotateG_03\"><\/div>\n\t\t\t\t<div class=\"blockG\" id=\"rotateG_04\"><\/div>\n\t\t\t\t<div class=\"blockG\" id=\"rotateG_05\"><\/div>\n\t\t\t\t<div class=\"blockG\" id=\"rotateG_06\"><\/div>\n\t\t\t\t<div class=\"blockG\" id=\"rotateG_07\"><\/div>\n\t\t\t\t<div class=\"blockG\" id=\"rotateG_08\"><\/div>\n\t\t\t<\/div>\n\t\t\t<div class=\"WooZone-cross-sell-loader-text\"><\/div>\n\t\t<\/div>\n\t<\/div>\n\n\t\t\n<\/div>\n<div style=\"clear:both;\"><\/div><\/p>\n","protected":false},"excerpt":{"rendered":"<p>Pr\u00e4zises Trimmwerkzeug: Der Nasenhaartrimmer verwendet ein um 360 Grad drehbares System aus zweischneidigen Klingen mit einem Schutz aus rostfreiem Stahl f\u00fcr eine sanfte, pr\u00e4zise und sichere Haarentfernung ohne schmerzhaftes oder unangenehmes Ziehen.<br \/>\nTyp-C-Ladeanschluss: Sie k\u00f6nnen den Trimmer unabh\u00e4ngig von Ihrem Land mit einem 5V-Adapter verwenden (Adapter nicht im Lieferumfang enthalten).<br \/>\nLeicht zu reinigen: Der Kopf ist abnehmbar und waschbar, mit Reinigungsb\u00fcrste, leicht zu entfernen Haarr\u00fcckst\u00e4nde. Nasenhaartrimmer kann direkt unter flie\u00dfendem Wasser absp\u00fclen. Hinweis: Bitte vor der Installation trocknen, um Rost zu vermeiden.<\/p>\n","protected":false},"featured_media":225371,"comment_status":"open","ping_status":"closed","template":"","meta":[],"product_brand":[],"product_cat":[566,6190],"product_tag":[],"class_list":{"0":"post-225370","1":"product","2":"type-product","3":"status-publish","4":"has-post-thumbnail","6":"product_cat-drogerie-koerperpflege","7":"product_cat-rasur-enthaarung","8":"pa_brand-smity","9":"pa_manufacturer-smity","10":"pa_model-smity","12":"first","13":"instock","14":"shipping-taxable","15":"product-type-simple","16":"customify-col","17":"product-has-gallery"},"yoast_head":"<!-- This site is optimized with the Yoast SEO plugin v27.4 - https:\/\/yoast.com\/product\/yoast-seo-wordpress\/ -->\n<title>Nasenhaartrimmer, wiederaufladbare kabellose Ohr Augenbrauen Trimmen Werkzeug Dual Edge Blades - Markt-XXL<\/title>\n<meta name=\"description\" content=\"Markt-XXL Nasenhaartrimmer, wiederaufladbare kabellose Ohr Augenbrauen Trimmen Werkzeug Dual Edge Blades\" \/>\n<meta name=\"robots\" content=\"index, follow, max-snippet:-1, max-image-preview:large, max-video-preview:-1\" \/>\n<link rel=\"canonical\" href=\"https:\/\/marktxxl.de\/markt\/produkt\/nasenhaartrimmer-wiederaufladbare-kabellose-ohr-augenbrauen-trimmen-werkzeug-dual-edge-blades\/\" \/>\n<meta property=\"og:locale\" content=\"de_DE\" \/>\n<meta property=\"og:type\" content=\"article\" \/>\n<meta property=\"og:title\" content=\"Nasenhaartrimmer, wiederaufladbare kabellose Ohr Augenbrauen Trimmen Werkzeug Dual Edge Blades - Markt-XXL\" \/>\n<meta property=\"og:description\" content=\"Markt-XXL Nasenhaartrimmer, wiederaufladbare kabellose Ohr Augenbrauen Trimmen Werkzeug Dual Edge Blades\" \/>\n<meta property=\"og:url\" content=\"https:\/\/marktxxl.de\/markt\/produkt\/nasenhaartrimmer-wiederaufladbare-kabellose-ohr-augenbrauen-trimmen-werkzeug-dual-edge-blades\/\" \/>\n<meta property=\"og:site_name\" content=\"Markt-XXL\" \/>\n<meta name=\"twitter:card\" content=\"summary_large_image\" \/>\n<meta name=\"twitter:label1\" content=\"Gesch\u00e4tzte Lesezeit\" \/>\n\t<meta name=\"twitter:data1\" content=\"1\u00a0Minute\" \/>\n<script type=\"application\/ld+json\" class=\"yoast-schema-graph\">{\"@context\":\"https:\\\/\\\/schema.org\",\"@graph\":[{\"@type\":\"WebPage\",\"@id\":\"https:\\\/\\\/marktxxl.de\\\/markt\\\/produkt\\\/nasenhaartrimmer-wiederaufladbare-kabellose-ohr-augenbrauen-trimmen-werkzeug-dual-edge-blades\\\/\",\"url\":\"https:\\\/\\\/marktxxl.de\\\/markt\\\/produkt\\\/nasenhaartrimmer-wiederaufladbare-kabellose-ohr-augenbrauen-trimmen-werkzeug-dual-edge-blades\\\/\",\"name\":\"Nasenhaartrimmer, wiederaufladbare kabellose Ohr Augenbrauen Trimmen Werkzeug Dual Edge Blades - Markt-XXL\",\"isPartOf\":{\"@id\":\"https:\\\/\\\/marktxxl.de\\\/markt\\\/#website\"},\"primaryImageOfPage\":{\"@id\":\"https:\\\/\\\/marktxxl.de\\\/markt\\\/produkt\\\/nasenhaartrimmer-wiederaufladbare-kabellose-ohr-augenbrauen-trimmen-werkzeug-dual-edge-blades\\\/#primaryimage\"},\"image\":{\"@id\":\"https:\\\/\\\/marktxxl.de\\\/markt\\\/produkt\\\/nasenhaartrimmer-wiederaufladbare-kabellose-ohr-augenbrauen-trimmen-werkzeug-dual-edge-blades\\\/#primaryimage\"},\"thumbnailUrl\":\"https:\\\/\\\/m.media-amazon.com\\\/images\\\/I\\\/21g-ny0WgkL._SL500_.jpg\",\"datePublished\":\"2024-07-28T19:04:05+00:00\",\"description\":\"Markt-XXL Nasenhaartrimmer, wiederaufladbare kabellose Ohr Augenbrauen Trimmen Werkzeug Dual Edge Blades\",\"breadcrumb\":{\"@id\":\"https:\\\/\\\/marktxxl.de\\\/markt\\\/produkt\\\/nasenhaartrimmer-wiederaufladbare-kabellose-ohr-augenbrauen-trimmen-werkzeug-dual-edge-blades\\\/#breadcrumb\"},\"inLanguage\":\"de\",\"potentialAction\":[{\"@type\":\"ReadAction\",\"target\":[\"https:\\\/\\\/marktxxl.de\\\/markt\\\/produkt\\\/nasenhaartrimmer-wiederaufladbare-kabellose-ohr-augenbrauen-trimmen-werkzeug-dual-edge-blades\\\/\"]}]},{\"@type\":\"ImageObject\",\"inLanguage\":\"de\",\"@id\":\"https:\\\/\\\/marktxxl.de\\\/markt\\\/produkt\\\/nasenhaartrimmer-wiederaufladbare-kabellose-ohr-augenbrauen-trimmen-werkzeug-dual-edge-blades\\\/#primaryimage\",\"url\":\"https:\\\/\\\/m.media-amazon.com\\\/images\\\/I\\\/21g-ny0WgkL._SL500_.jpg\",\"contentUrl\":\"https:\\\/\\\/m.media-amazon.com\\\/images\\\/I\\\/21g-ny0WgkL._SL500_.jpg\",\"width\":500,\"height\":500},{\"@type\":\"BreadcrumbList\",\"@id\":\"https:\\\/\\\/marktxxl.de\\\/markt\\\/produkt\\\/nasenhaartrimmer-wiederaufladbare-kabellose-ohr-augenbrauen-trimmen-werkzeug-dual-edge-blades\\\/#breadcrumb\",\"itemListElement\":[{\"@type\":\"ListItem\",\"position\":1,\"name\":\"Startseite\",\"item\":\"https:\\\/\\\/marktxxl.de\\\/markt\\\/\"},{\"@type\":\"ListItem\",\"position\":2,\"name\":\"Markt\",\"item\":\"https:\\\/\\\/marktxxl.de\\\/markt\\\/\"},{\"@type\":\"ListItem\",\"position\":3,\"name\":\"Nasenhaartrimmer, wiederaufladbare kabellose Ohr Augenbrauen Trimmen Werkzeug Dual Edge Blades\"}]},{\"@type\":\"WebSite\",\"@id\":\"https:\\\/\\\/marktxxl.de\\\/markt\\\/#website\",\"url\":\"https:\\\/\\\/marktxxl.de\\\/markt\\\/\",\"name\":\"Markt-XXL\",\"description\":\"Ihr Markt Online\",\"publisher\":{\"@id\":\"https:\\\/\\\/marktxxl.de\\\/markt\\\/#organization\"},\"potentialAction\":[{\"@type\":\"SearchAction\",\"target\":{\"@type\":\"EntryPoint\",\"urlTemplate\":\"https:\\\/\\\/marktxxl.de\\\/markt\\\/?s={search_term_string}\"},\"query-input\":{\"@type\":\"PropertyValueSpecification\",\"valueRequired\":true,\"valueName\":\"search_term_string\"}}],\"inLanguage\":\"de\"},{\"@type\":\"Organization\",\"@id\":\"https:\\\/\\\/marktxxl.de\\\/markt\\\/#organization\",\"name\":\"Markt-XXL\",\"url\":\"https:\\\/\\\/marktxxl.de\\\/markt\\\/\",\"logo\":{\"@type\":\"ImageObject\",\"inLanguage\":\"de\",\"@id\":\"https:\\\/\\\/marktxxl.de\\\/markt\\\/#\\\/schema\\\/logo\\\/image\\\/\",\"url\":\"https:\\\/\\\/marktxxl.de\\\/markt\\\/wp-content\\\/uploads\\\/sites\\\/3\\\/2020\\\/12\\\/logo.png\",\"contentUrl\":\"https:\\\/\\\/marktxxl.de\\\/markt\\\/wp-content\\\/uploads\\\/sites\\\/3\\\/2020\\\/12\\\/logo.png\",\"width\":200,\"height\":70,\"caption\":\"Markt-XXL\"},\"image\":{\"@id\":\"https:\\\/\\\/marktxxl.de\\\/markt\\\/#\\\/schema\\\/logo\\\/image\\\/\"}}]}<\/script>\n<!-- \/ Yoast SEO plugin. -->","yoast_head_json":{"title":"Nasenhaartrimmer, wiederaufladbare kabellose Ohr Augenbrauen Trimmen Werkzeug Dual Edge Blades - Markt-XXL","description":"Markt-XXL Nasenhaartrimmer, wiederaufladbare kabellose Ohr Augenbrauen Trimmen Werkzeug Dual Edge Blades","robots":{"index":"index","follow":"follow","max-snippet":"max-snippet:-1","max-image-preview":"max-image-preview:large","max-video-preview":"max-video-preview:-1"},"canonical":"https:\/\/marktxxl.de\/markt\/produkt\/nasenhaartrimmer-wiederaufladbare-kabellose-ohr-augenbrauen-trimmen-werkzeug-dual-edge-blades\/","og_locale":"de_DE","og_type":"article","og_title":"Nasenhaartrimmer, wiederaufladbare kabellose Ohr Augenbrauen Trimmen Werkzeug Dual Edge Blades - Markt-XXL","og_description":"Markt-XXL Nasenhaartrimmer, wiederaufladbare kabellose Ohr Augenbrauen Trimmen Werkzeug Dual Edge Blades","og_url":"https:\/\/marktxxl.de\/markt\/produkt\/nasenhaartrimmer-wiederaufladbare-kabellose-ohr-augenbrauen-trimmen-werkzeug-dual-edge-blades\/","og_site_name":"Markt-XXL","twitter_card":"summary_large_image","twitter_misc":{"Gesch\u00e4tzte Lesezeit":"1\u00a0Minute"},"schema":{"@context":"https:\/\/schema.org","@graph":[{"@type":"WebPage","@id":"https:\/\/marktxxl.de\/markt\/produkt\/nasenhaartrimmer-wiederaufladbare-kabellose-ohr-augenbrauen-trimmen-werkzeug-dual-edge-blades\/","url":"https:\/\/marktxxl.de\/markt\/produkt\/nasenhaartrimmer-wiederaufladbare-kabellose-ohr-augenbrauen-trimmen-werkzeug-dual-edge-blades\/","name":"Nasenhaartrimmer, wiederaufladbare kabellose Ohr Augenbrauen Trimmen Werkzeug Dual Edge Blades - Markt-XXL","isPartOf":{"@id":"https:\/\/marktxxl.de\/markt\/#website"},"primaryImageOfPage":{"@id":"https:\/\/marktxxl.de\/markt\/produkt\/nasenhaartrimmer-wiederaufladbare-kabellose-ohr-augenbrauen-trimmen-werkzeug-dual-edge-blades\/#primaryimage"},"image":{"@id":"https:\/\/marktxxl.de\/markt\/produkt\/nasenhaartrimmer-wiederaufladbare-kabellose-ohr-augenbrauen-trimmen-werkzeug-dual-edge-blades\/#primaryimage"},"thumbnailUrl":"https:\/\/m.media-amazon.com\/images\/I\/21g-ny0WgkL._SL500_.jpg","datePublished":"2024-07-28T19:04:05+00:00","description":"Markt-XXL Nasenhaartrimmer, wiederaufladbare kabellose Ohr Augenbrauen Trimmen Werkzeug Dual Edge Blades","breadcrumb":{"@id":"https:\/\/marktxxl.de\/markt\/produkt\/nasenhaartrimmer-wiederaufladbare-kabellose-ohr-augenbrauen-trimmen-werkzeug-dual-edge-blades\/#breadcrumb"},"inLanguage":"de","potentialAction":[{"@type":"ReadAction","target":["https:\/\/marktxxl.de\/markt\/produkt\/nasenhaartrimmer-wiederaufladbare-kabellose-ohr-augenbrauen-trimmen-werkzeug-dual-edge-blades\/"]}]},{"@type":"ImageObject","inLanguage":"de","@id":"https:\/\/marktxxl.de\/markt\/produkt\/nasenhaartrimmer-wiederaufladbare-kabellose-ohr-augenbrauen-trimmen-werkzeug-dual-edge-blades\/#primaryimage","url":"https:\/\/m.media-amazon.com\/images\/I\/21g-ny0WgkL._SL500_.jpg","contentUrl":"https:\/\/m.media-amazon.com\/images\/I\/21g-ny0WgkL._SL500_.jpg","width":500,"height":500},{"@type":"BreadcrumbList","@id":"https:\/\/marktxxl.de\/markt\/produkt\/nasenhaartrimmer-wiederaufladbare-kabellose-ohr-augenbrauen-trimmen-werkzeug-dual-edge-blades\/#breadcrumb","itemListElement":[{"@type":"ListItem","position":1,"name":"Startseite","item":"https:\/\/marktxxl.de\/markt\/"},{"@type":"ListItem","position":2,"name":"Markt","item":"https:\/\/marktxxl.de\/markt\/"},{"@type":"ListItem","position":3,"name":"Nasenhaartrimmer, wiederaufladbare kabellose Ohr Augenbrauen Trimmen Werkzeug Dual Edge Blades"}]},{"@type":"WebSite","@id":"https:\/\/marktxxl.de\/markt\/#website","url":"https:\/\/marktxxl.de\/markt\/","name":"Markt-XXL","description":"Ihr Markt Online","publisher":{"@id":"https:\/\/marktxxl.de\/markt\/#organization"},"potentialAction":[{"@type":"SearchAction","target":{"@type":"EntryPoint","urlTemplate":"https:\/\/marktxxl.de\/markt\/?s={search_term_string}"},"query-input":{"@type":"PropertyValueSpecification","valueRequired":true,"valueName":"search_term_string"}}],"inLanguage":"de"},{"@type":"Organization","@id":"https:\/\/marktxxl.de\/markt\/#organization","name":"Markt-XXL","url":"https:\/\/marktxxl.de\/markt\/","logo":{"@type":"ImageObject","inLanguage":"de","@id":"https:\/\/marktxxl.de\/markt\/#\/schema\/logo\/image\/","url":"https:\/\/marktxxl.de\/markt\/wp-content\/uploads\/sites\/3\/2020\/12\/logo.png","contentUrl":"https:\/\/marktxxl.de\/markt\/wp-content\/uploads\/sites\/3\/2020\/12\/logo.png","width":200,"height":70,"caption":"Markt-XXL"},"image":{"@id":"https:\/\/marktxxl.de\/markt\/#\/schema\/logo\/image\/"}}]}},"_links":{"self":[{"href":"https:\/\/marktxxl.de\/markt\/wp-json\/wp\/v2\/product\/225370","targetHints":{"allow":["GET"]}}],"collection":[{"href":"https:\/\/marktxxl.de\/markt\/wp-json\/wp\/v2\/product"}],"about":[{"href":"https:\/\/marktxxl.de\/markt\/wp-json\/wp\/v2\/types\/product"}],"replies":[{"embeddable":true,"href":"https:\/\/marktxxl.de\/markt\/wp-json\/wp\/v2\/comments?post=225370"}],"wp:featuredmedia":[{"embeddable":true,"href":"https:\/\/marktxxl.de\/markt\/wp-json\/wp\/v2\/media\/225371"}],"wp:attachment":[{"href":"https:\/\/marktxxl.de\/markt\/wp-json\/wp\/v2\/media?parent=225370"}],"wp:term":[{"taxonomy":"product_brand","embeddable":true,"href":"https:\/\/marktxxl.de\/markt\/wp-json\/wp\/v2\/product_brand?post=225370"},{"taxonomy":"product_cat","embeddable":true,"href":"https:\/\/marktxxl.de\/markt\/wp-json\/wp\/v2\/product_cat?post=225370"},{"taxonomy":"product_tag","embeddable":true,"href":"https:\/\/marktxxl.de\/markt\/wp-json\/wp\/v2\/product_tag?post=225370"}],"curies":[{"name":"wp","href":"https:\/\/api.w.org\/{rel}","templated":true}]}}