{"id":225320,"date":"2024-07-28T20:59:27","date_gmt":"2024-07-28T18:59:27","guid":{"rendered":"https:\/\/marktxxl.de\/markt\/produkt\/smart-brn-90-vegane-kapseln-fuer-schnellere-brn-vorteile-natuerliche-formulierung-sicher-mit-lang-anhaltender-wirkung-mit-glucomannan-und-chrom\/"},"modified":"2024-07-28T20:59:27","modified_gmt":"2024-07-28T18:59:27","slug":"smart-brn-90-vegane-kapseln-fuer-schnellere-brn-vorteile-natuerliche-formulierung-sicher-mit-lang-anhaltender-wirkung-mit-glucomannan-und-chrom","status":"publish","type":"product","link":"https:\/\/marktxxl.de\/markt\/produkt\/smart-brn-90-vegane-kapseln-fuer-schnellere-brn-vorteile-natuerliche-formulierung-sicher-mit-lang-anhaltender-wirkung-mit-glucomannan-und-chrom\/","title":{"rendered":"Smart BRN. 90 Vegane Kapseln f\u00fcr schnellere BRN-Vorteile. Nat\u00fcrliche Formulierung, sicher mit lang anhaltender Wirkung. Mit Glucomannan und Chrom."},"content":{"rendered":"<p>\u2714\ufe0f Pflanzliche Formel: Enth\u00e4lt keine Gelatine und tierischen Bestandteile.<br \/>\n\u2714\ufe0f 90 Kapseln pro Packung: F\u00fcr einen praktischen 15-Tages-Vorrat.<br \/>\n\u2714\ufe0f Durch Labortests gepr\u00fcft: Die Zertifizierung gew\u00e4hrleistet ein sicheres und zuverl\u00e4ssiges Produkt.<br \/>\n\u2714\ufe0f Frei von unn\u00f6tigen Zusatzstoffen: Gluten, Zucker, S\u00fc\u00dfstoffen, Hefe und Laktose sind nicht enthalten.<br \/>\n\u2714\ufe0f Die Ergebnisse k\u00f6nnen variieren: Die gew\u00fcnschten Ergebnisse k\u00f6nnen zwar schneller erreicht werden, aber die individuellen Erfahrungen k\u00f6nnen von Kunde zu Kunde variieren.<br \/>\n<div class=\"main-cross-sell\" data-asin=\"B0CT3LX2V9\">\n\n\t<div class=\"WooZone-cross-sell-loader\">\n\t\t<div>\n\t\t\t<div id=\"floatingBarsG\">\n\t\t\t\t<div class=\"blockG\" id=\"rotateG_01\"><\/div>\n\t\t\t\t<div class=\"blockG\" id=\"rotateG_02\"><\/div>\n\t\t\t\t<div class=\"blockG\" id=\"rotateG_03\"><\/div>\n\t\t\t\t<div class=\"blockG\" id=\"rotateG_04\"><\/div>\n\t\t\t\t<div class=\"blockG\" id=\"rotateG_05\"><\/div>\n\t\t\t\t<div class=\"blockG\" id=\"rotateG_06\"><\/div>\n\t\t\t\t<div class=\"blockG\" id=\"rotateG_07\"><\/div>\n\t\t\t\t<div class=\"blockG\" id=\"rotateG_08\"><\/div>\n\t\t\t<\/div>\n\t\t\t<div class=\"WooZone-cross-sell-loader-text\"><\/div>\n\t\t<\/div>\n\t<\/div>\n\n\t\t\n<\/div>\n<div style=\"clear:both;\"><\/div><\/p>\n","protected":false},"excerpt":{"rendered":"<p>\u2714\ufe0f Pflanzliche Formel: Enth\u00e4lt keine Gelatine und tierischen Bestandteile.<br \/>\n\u2714\ufe0f 90 Kapseln pro Packung: F\u00fcr einen praktischen 15-Tages-Vorrat.<br \/>\n\u2714\ufe0f Durch Labortests gepr\u00fcft: Die Zertifizierung gew\u00e4hrleistet ein sicheres und zuverl\u00e4ssiges Produkt.<\/p>\n","protected":false},"featured_media":225321,"comment_status":"open","ping_status":"closed","template":"","meta":[],"product_brand":[],"product_cat":[566,6104],"product_tag":[],"class_list":{"0":"post-225320","1":"product","2":"type-product","3":"status-publish","4":"has-post-thumbnail","6":"product_cat-drogerie-koerperpflege","7":"product_cat-nahrungsergaenzung","8":"pa_brand-vox-pharmaceutica","9":"pa_manufacturer-vox-pharmaceutica","11":"first","12":"instock","13":"shipping-taxable","14":"product-type-simple","15":"customify-col","16":"product-has-gallery"},"yoast_head":"<!-- This site is optimized with the Yoast SEO plugin v27.4 - https:\/\/yoast.com\/product\/yoast-seo-wordpress\/ -->\n<title>Smart BRN. 90 Vegane Kapseln f\u00fcr schnellere BRN-Vorteile. Nat\u00fcrliche Formulierung, sicher mit lang anhaltender Wirkung. Mit Glucomannan und Chrom. - Markt-XXL<\/title>\n<meta name=\"description\" content=\"Markt-XXL Smart BRN. 90 Vegane Kapseln f\u00fcr schnellere BRN-Vorteile. Nat\u00fcrliche Formulierung, sicher mit lang anhaltender Wirkung. Mit Glucomannan und Chrom.\" \/>\n<meta name=\"robots\" content=\"index, follow, max-snippet:-1, max-image-preview:large, max-video-preview:-1\" \/>\n<link rel=\"canonical\" href=\"https:\/\/marktxxl.de\/markt\/produkt\/smart-brn-90-vegane-kapseln-fuer-schnellere-brn-vorteile-natuerliche-formulierung-sicher-mit-lang-anhaltender-wirkung-mit-glucomannan-und-chrom\/\" \/>\n<meta property=\"og:locale\" content=\"de_DE\" \/>\n<meta property=\"og:type\" content=\"article\" \/>\n<meta property=\"og:title\" content=\"Smart BRN. 90 Vegane Kapseln f\u00fcr schnellere BRN-Vorteile. Nat\u00fcrliche Formulierung, sicher mit lang anhaltender Wirkung. Mit Glucomannan und Chrom. - Markt-XXL\" \/>\n<meta property=\"og:description\" content=\"Markt-XXL Smart BRN. 90 Vegane Kapseln f\u00fcr schnellere BRN-Vorteile. Nat\u00fcrliche Formulierung, sicher mit lang anhaltender Wirkung. Mit Glucomannan und Chrom.\" \/>\n<meta property=\"og:url\" content=\"https:\/\/marktxxl.de\/markt\/produkt\/smart-brn-90-vegane-kapseln-fuer-schnellere-brn-vorteile-natuerliche-formulierung-sicher-mit-lang-anhaltender-wirkung-mit-glucomannan-und-chrom\/\" \/>\n<meta property=\"og:site_name\" content=\"Markt-XXL\" \/>\n<meta name=\"twitter:card\" content=\"summary_large_image\" \/>\n<script type=\"application\/ld+json\" class=\"yoast-schema-graph\">{\"@context\":\"https:\\\/\\\/schema.org\",\"@graph\":[{\"@type\":\"WebPage\",\"@id\":\"https:\\\/\\\/marktxxl.de\\\/markt\\\/produkt\\\/smart-brn-90-vegane-kapseln-fuer-schnellere-brn-vorteile-natuerliche-formulierung-sicher-mit-lang-anhaltender-wirkung-mit-glucomannan-und-chrom\\\/\",\"url\":\"https:\\\/\\\/marktxxl.de\\\/markt\\\/produkt\\\/smart-brn-90-vegane-kapseln-fuer-schnellere-brn-vorteile-natuerliche-formulierung-sicher-mit-lang-anhaltender-wirkung-mit-glucomannan-und-chrom\\\/\",\"name\":\"Smart BRN. 90 Vegane Kapseln f\u00fcr schnellere BRN-Vorteile. Nat\u00fcrliche Formulierung, sicher mit lang anhaltender Wirkung. Mit Glucomannan und Chrom. - Markt-XXL\",\"isPartOf\":{\"@id\":\"https:\\\/\\\/marktxxl.de\\\/markt\\\/#website\"},\"primaryImageOfPage\":{\"@id\":\"https:\\\/\\\/marktxxl.de\\\/markt\\\/produkt\\\/smart-brn-90-vegane-kapseln-fuer-schnellere-brn-vorteile-natuerliche-formulierung-sicher-mit-lang-anhaltender-wirkung-mit-glucomannan-und-chrom\\\/#primaryimage\"},\"image\":{\"@id\":\"https:\\\/\\\/marktxxl.de\\\/markt\\\/produkt\\\/smart-brn-90-vegane-kapseln-fuer-schnellere-brn-vorteile-natuerliche-formulierung-sicher-mit-lang-anhaltender-wirkung-mit-glucomannan-und-chrom\\\/#primaryimage\"},\"thumbnailUrl\":\"https:\\\/\\\/m.media-amazon.com\\\/images\\\/I\\\/517a5ho5HCL._SL500_.jpg\",\"datePublished\":\"2024-07-28T18:59:27+00:00\",\"description\":\"Markt-XXL Smart BRN. 90 Vegane Kapseln f\u00fcr schnellere BRN-Vorteile. Nat\u00fcrliche Formulierung, sicher mit lang anhaltender Wirkung. Mit Glucomannan und Chrom.\",\"breadcrumb\":{\"@id\":\"https:\\\/\\\/marktxxl.de\\\/markt\\\/produkt\\\/smart-brn-90-vegane-kapseln-fuer-schnellere-brn-vorteile-natuerliche-formulierung-sicher-mit-lang-anhaltender-wirkung-mit-glucomannan-und-chrom\\\/#breadcrumb\"},\"inLanguage\":\"de\",\"potentialAction\":[{\"@type\":\"ReadAction\",\"target\":[\"https:\\\/\\\/marktxxl.de\\\/markt\\\/produkt\\\/smart-brn-90-vegane-kapseln-fuer-schnellere-brn-vorteile-natuerliche-formulierung-sicher-mit-lang-anhaltender-wirkung-mit-glucomannan-und-chrom\\\/\"]}]},{\"@type\":\"ImageObject\",\"inLanguage\":\"de\",\"@id\":\"https:\\\/\\\/marktxxl.de\\\/markt\\\/produkt\\\/smart-brn-90-vegane-kapseln-fuer-schnellere-brn-vorteile-natuerliche-formulierung-sicher-mit-lang-anhaltender-wirkung-mit-glucomannan-und-chrom\\\/#primaryimage\",\"url\":\"https:\\\/\\\/m.media-amazon.com\\\/images\\\/I\\\/517a5ho5HCL._SL500_.jpg\",\"contentUrl\":\"https:\\\/\\\/m.media-amazon.com\\\/images\\\/I\\\/517a5ho5HCL._SL500_.jpg\",\"width\":500,\"height\":500},{\"@type\":\"BreadcrumbList\",\"@id\":\"https:\\\/\\\/marktxxl.de\\\/markt\\\/produkt\\\/smart-brn-90-vegane-kapseln-fuer-schnellere-brn-vorteile-natuerliche-formulierung-sicher-mit-lang-anhaltender-wirkung-mit-glucomannan-und-chrom\\\/#breadcrumb\",\"itemListElement\":[{\"@type\":\"ListItem\",\"position\":1,\"name\":\"Startseite\",\"item\":\"https:\\\/\\\/marktxxl.de\\\/markt\\\/\"},{\"@type\":\"ListItem\",\"position\":2,\"name\":\"Markt\",\"item\":\"https:\\\/\\\/marktxxl.de\\\/markt\\\/\"},{\"@type\":\"ListItem\",\"position\":3,\"name\":\"Smart BRN. 90 Vegane Kapseln f\u00fcr schnellere BRN-Vorteile. Nat\u00fcrliche Formulierung, sicher mit lang anhaltender Wirkung. Mit Glucomannan und Chrom.\"}]},{\"@type\":\"WebSite\",\"@id\":\"https:\\\/\\\/marktxxl.de\\\/markt\\\/#website\",\"url\":\"https:\\\/\\\/marktxxl.de\\\/markt\\\/\",\"name\":\"Markt-XXL\",\"description\":\"Ihr Markt Online\",\"publisher\":{\"@id\":\"https:\\\/\\\/marktxxl.de\\\/markt\\\/#organization\"},\"potentialAction\":[{\"@type\":\"SearchAction\",\"target\":{\"@type\":\"EntryPoint\",\"urlTemplate\":\"https:\\\/\\\/marktxxl.de\\\/markt\\\/?s={search_term_string}\"},\"query-input\":{\"@type\":\"PropertyValueSpecification\",\"valueRequired\":true,\"valueName\":\"search_term_string\"}}],\"inLanguage\":\"de\"},{\"@type\":\"Organization\",\"@id\":\"https:\\\/\\\/marktxxl.de\\\/markt\\\/#organization\",\"name\":\"Markt-XXL\",\"url\":\"https:\\\/\\\/marktxxl.de\\\/markt\\\/\",\"logo\":{\"@type\":\"ImageObject\",\"inLanguage\":\"de\",\"@id\":\"https:\\\/\\\/marktxxl.de\\\/markt\\\/#\\\/schema\\\/logo\\\/image\\\/\",\"url\":\"https:\\\/\\\/marktxxl.de\\\/markt\\\/wp-content\\\/uploads\\\/sites\\\/3\\\/2020\\\/12\\\/logo.png\",\"contentUrl\":\"https:\\\/\\\/marktxxl.de\\\/markt\\\/wp-content\\\/uploads\\\/sites\\\/3\\\/2020\\\/12\\\/logo.png\",\"width\":200,\"height\":70,\"caption\":\"Markt-XXL\"},\"image\":{\"@id\":\"https:\\\/\\\/marktxxl.de\\\/markt\\\/#\\\/schema\\\/logo\\\/image\\\/\"}}]}<\/script>\n<!-- \/ Yoast SEO plugin. -->","yoast_head_json":{"title":"Smart BRN. 90 Vegane Kapseln f\u00fcr schnellere BRN-Vorteile. Nat\u00fcrliche Formulierung, sicher mit lang anhaltender Wirkung. Mit Glucomannan und Chrom. - Markt-XXL","description":"Markt-XXL Smart BRN. 90 Vegane Kapseln f\u00fcr schnellere BRN-Vorteile. Nat\u00fcrliche Formulierung, sicher mit lang anhaltender Wirkung. Mit Glucomannan und Chrom.","robots":{"index":"index","follow":"follow","max-snippet":"max-snippet:-1","max-image-preview":"max-image-preview:large","max-video-preview":"max-video-preview:-1"},"canonical":"https:\/\/marktxxl.de\/markt\/produkt\/smart-brn-90-vegane-kapseln-fuer-schnellere-brn-vorteile-natuerliche-formulierung-sicher-mit-lang-anhaltender-wirkung-mit-glucomannan-und-chrom\/","og_locale":"de_DE","og_type":"article","og_title":"Smart BRN. 90 Vegane Kapseln f\u00fcr schnellere BRN-Vorteile. Nat\u00fcrliche Formulierung, sicher mit lang anhaltender Wirkung. Mit Glucomannan und Chrom. - Markt-XXL","og_description":"Markt-XXL Smart BRN. 90 Vegane Kapseln f\u00fcr schnellere BRN-Vorteile. Nat\u00fcrliche Formulierung, sicher mit lang anhaltender Wirkung. Mit Glucomannan und Chrom.","og_url":"https:\/\/marktxxl.de\/markt\/produkt\/smart-brn-90-vegane-kapseln-fuer-schnellere-brn-vorteile-natuerliche-formulierung-sicher-mit-lang-anhaltender-wirkung-mit-glucomannan-und-chrom\/","og_site_name":"Markt-XXL","twitter_card":"summary_large_image","schema":{"@context":"https:\/\/schema.org","@graph":[{"@type":"WebPage","@id":"https:\/\/marktxxl.de\/markt\/produkt\/smart-brn-90-vegane-kapseln-fuer-schnellere-brn-vorteile-natuerliche-formulierung-sicher-mit-lang-anhaltender-wirkung-mit-glucomannan-und-chrom\/","url":"https:\/\/marktxxl.de\/markt\/produkt\/smart-brn-90-vegane-kapseln-fuer-schnellere-brn-vorteile-natuerliche-formulierung-sicher-mit-lang-anhaltender-wirkung-mit-glucomannan-und-chrom\/","name":"Smart BRN. 90 Vegane Kapseln f\u00fcr schnellere BRN-Vorteile. Nat\u00fcrliche Formulierung, sicher mit lang anhaltender Wirkung. Mit Glucomannan und Chrom. - Markt-XXL","isPartOf":{"@id":"https:\/\/marktxxl.de\/markt\/#website"},"primaryImageOfPage":{"@id":"https:\/\/marktxxl.de\/markt\/produkt\/smart-brn-90-vegane-kapseln-fuer-schnellere-brn-vorteile-natuerliche-formulierung-sicher-mit-lang-anhaltender-wirkung-mit-glucomannan-und-chrom\/#primaryimage"},"image":{"@id":"https:\/\/marktxxl.de\/markt\/produkt\/smart-brn-90-vegane-kapseln-fuer-schnellere-brn-vorteile-natuerliche-formulierung-sicher-mit-lang-anhaltender-wirkung-mit-glucomannan-und-chrom\/#primaryimage"},"thumbnailUrl":"https:\/\/m.media-amazon.com\/images\/I\/517a5ho5HCL._SL500_.jpg","datePublished":"2024-07-28T18:59:27+00:00","description":"Markt-XXL Smart BRN. 90 Vegane Kapseln f\u00fcr schnellere BRN-Vorteile. Nat\u00fcrliche Formulierung, sicher mit lang anhaltender Wirkung. Mit Glucomannan und Chrom.","breadcrumb":{"@id":"https:\/\/marktxxl.de\/markt\/produkt\/smart-brn-90-vegane-kapseln-fuer-schnellere-brn-vorteile-natuerliche-formulierung-sicher-mit-lang-anhaltender-wirkung-mit-glucomannan-und-chrom\/#breadcrumb"},"inLanguage":"de","potentialAction":[{"@type":"ReadAction","target":["https:\/\/marktxxl.de\/markt\/produkt\/smart-brn-90-vegane-kapseln-fuer-schnellere-brn-vorteile-natuerliche-formulierung-sicher-mit-lang-anhaltender-wirkung-mit-glucomannan-und-chrom\/"]}]},{"@type":"ImageObject","inLanguage":"de","@id":"https:\/\/marktxxl.de\/markt\/produkt\/smart-brn-90-vegane-kapseln-fuer-schnellere-brn-vorteile-natuerliche-formulierung-sicher-mit-lang-anhaltender-wirkung-mit-glucomannan-und-chrom\/#primaryimage","url":"https:\/\/m.media-amazon.com\/images\/I\/517a5ho5HCL._SL500_.jpg","contentUrl":"https:\/\/m.media-amazon.com\/images\/I\/517a5ho5HCL._SL500_.jpg","width":500,"height":500},{"@type":"BreadcrumbList","@id":"https:\/\/marktxxl.de\/markt\/produkt\/smart-brn-90-vegane-kapseln-fuer-schnellere-brn-vorteile-natuerliche-formulierung-sicher-mit-lang-anhaltender-wirkung-mit-glucomannan-und-chrom\/#breadcrumb","itemListElement":[{"@type":"ListItem","position":1,"name":"Startseite","item":"https:\/\/marktxxl.de\/markt\/"},{"@type":"ListItem","position":2,"name":"Markt","item":"https:\/\/marktxxl.de\/markt\/"},{"@type":"ListItem","position":3,"name":"Smart BRN. 90 Vegane Kapseln f\u00fcr schnellere BRN-Vorteile. Nat\u00fcrliche Formulierung, sicher mit lang anhaltender Wirkung. Mit Glucomannan und Chrom."}]},{"@type":"WebSite","@id":"https:\/\/marktxxl.de\/markt\/#website","url":"https:\/\/marktxxl.de\/markt\/","name":"Markt-XXL","description":"Ihr Markt Online","publisher":{"@id":"https:\/\/marktxxl.de\/markt\/#organization"},"potentialAction":[{"@type":"SearchAction","target":{"@type":"EntryPoint","urlTemplate":"https:\/\/marktxxl.de\/markt\/?s={search_term_string}"},"query-input":{"@type":"PropertyValueSpecification","valueRequired":true,"valueName":"search_term_string"}}],"inLanguage":"de"},{"@type":"Organization","@id":"https:\/\/marktxxl.de\/markt\/#organization","name":"Markt-XXL","url":"https:\/\/marktxxl.de\/markt\/","logo":{"@type":"ImageObject","inLanguage":"de","@id":"https:\/\/marktxxl.de\/markt\/#\/schema\/logo\/image\/","url":"https:\/\/marktxxl.de\/markt\/wp-content\/uploads\/sites\/3\/2020\/12\/logo.png","contentUrl":"https:\/\/marktxxl.de\/markt\/wp-content\/uploads\/sites\/3\/2020\/12\/logo.png","width":200,"height":70,"caption":"Markt-XXL"},"image":{"@id":"https:\/\/marktxxl.de\/markt\/#\/schema\/logo\/image\/"}}]}},"_links":{"self":[{"href":"https:\/\/marktxxl.de\/markt\/wp-json\/wp\/v2\/product\/225320","targetHints":{"allow":["GET"]}}],"collection":[{"href":"https:\/\/marktxxl.de\/markt\/wp-json\/wp\/v2\/product"}],"about":[{"href":"https:\/\/marktxxl.de\/markt\/wp-json\/wp\/v2\/types\/product"}],"replies":[{"embeddable":true,"href":"https:\/\/marktxxl.de\/markt\/wp-json\/wp\/v2\/comments?post=225320"}],"wp:featuredmedia":[{"embeddable":true,"href":"https:\/\/marktxxl.de\/markt\/wp-json\/wp\/v2\/media\/225321"}],"wp:attachment":[{"href":"https:\/\/marktxxl.de\/markt\/wp-json\/wp\/v2\/media?parent=225320"}],"wp:term":[{"taxonomy":"product_brand","embeddable":true,"href":"https:\/\/marktxxl.de\/markt\/wp-json\/wp\/v2\/product_brand?post=225320"},{"taxonomy":"product_cat","embeddable":true,"href":"https:\/\/marktxxl.de\/markt\/wp-json\/wp\/v2\/product_cat?post=225320"},{"taxonomy":"product_tag","embeddable":true,"href":"https:\/\/marktxxl.de\/markt\/wp-json\/wp\/v2\/product_tag?post=225320"}],"curies":[{"name":"wp","href":"https:\/\/api.w.org\/{rel}","templated":true}]}}