{"id":225245,"date":"2024-07-28T20:58:30","date_gmt":"2024-07-28T18:58:30","guid":{"rendered":"https:\/\/marktxxl.de\/markt\/produkt\/philips-sonicare-hx9073-65-buerstenkopf-3-stueck-weiss\/"},"modified":"2024-07-28T20:58:30","modified_gmt":"2024-07-28T18:58:30","slug":"philips-sonicare-hx9073-65-buerstenkopf-3-stueck-weiss","status":"publish","type":"product","link":"https:\/\/marktxxl.de\/markt\/produkt\/philips-sonicare-hx9073-65-buerstenkopf-3-stueck-weiss\/","title":{"rendered":"Philips Sonicare HX9073\/65 B\u00fcrstenkopf 3 St\u00fcck wei\u00df"},"content":{"rendered":"<p>Klinisch erwiesenerma\u00dfen bis zu 10-mal mehr Plaqueentfernung (C3), 7-mal ges\u00fcnderes Zahnfleisch (G3), 100 Prozent mehr Flecken in 3 Tagen (W3) als eine Handzahnb\u00fcrste<br \/>\nFlexibles Design: Passt sich den idealen Konturen Ihrer Z\u00e4hne an, um mehr Oberfl\u00e4chenkontakt zu erm\u00f6glichen und Plaque an schwer zug\u00e4nglichen Stellen zu bek\u00e4mpfen<br \/>\nSanft und effektiv: Weiche, dicht gepackte Borsten entfernen Oberfl\u00e4chenflecken und bleichen Ihre Z\u00e4hne auf, w\u00e4hrend gleichzeitig Ihr Zahnfleisch sanft gesch\u00fctzt wird<br \/>\n<div class=\"main-cross-sell\" data-asin=\"B071HQF6D7\">\n\n\t<div class=\"WooZone-cross-sell-loader\">\n\t\t<div>\n\t\t\t<div id=\"floatingBarsG\">\n\t\t\t\t<div class=\"blockG\" id=\"rotateG_01\"><\/div>\n\t\t\t\t<div class=\"blockG\" id=\"rotateG_02\"><\/div>\n\t\t\t\t<div class=\"blockG\" id=\"rotateG_03\"><\/div>\n\t\t\t\t<div class=\"blockG\" id=\"rotateG_04\"><\/div>\n\t\t\t\t<div class=\"blockG\" id=\"rotateG_05\"><\/div>\n\t\t\t\t<div class=\"blockG\" id=\"rotateG_06\"><\/div>\n\t\t\t\t<div class=\"blockG\" id=\"rotateG_07\"><\/div>\n\t\t\t\t<div class=\"blockG\" id=\"rotateG_08\"><\/div>\n\t\t\t<\/div>\n\t\t\t<div class=\"WooZone-cross-sell-loader-text\"><\/div>\n\t\t<\/div>\n\t<\/div>\n\n\t\t\n<\/div>\n<div style=\"clear:both;\"><\/div><\/p>\n","protected":false},"excerpt":{"rendered":"<p>Klinisch erwiesenerma\u00dfen bis zu 10-mal mehr Plaqueentfernung (C3), 7-mal ges\u00fcnderes Zahnfleisch (G3), 100 Prozent mehr Flecken in 3 Tagen (W3) als eine Handzahnb\u00fcrste<br \/>\nFlexibles Design: Passt sich den idealen Konturen Ihrer Z\u00e4hne an, um mehr Oberfl\u00e4chenkontakt zu erm\u00f6glichen und Plaque an schwer zug\u00e4nglichen Stellen zu bek\u00e4mpfen<br \/>\nSanft und effektiv: Weiche, dicht gepackte Borsten entfernen Oberfl\u00e4chenflecken und bleichen Ihre Z\u00e4hne auf, w\u00e4hrend gleichzeitig Ihr Zahnfleisch sanft gesch\u00fctzt wird<\/p>\n","protected":false},"featured_media":225246,"comment_status":"open","ping_status":"closed","template":"","meta":[],"product_brand":[],"product_cat":[566,5981],"product_tag":[],"class_list":{"0":"post-225245","1":"product","2":"type-product","3":"status-publish","4":"has-post-thumbnail","6":"product_cat-drogerie-koerperpflege","7":"product_cat-mund-zahnpflege","8":"pa_binding-badartikel","9":"pa_brand-philips-domestic-appliances","10":"pa_height-8-66-zoll","11":"pa_length-1-22-zoll","12":"pa_manufacturer-philips","13":"pa_model-hx9073-65","14":"pa_size-3-stueck-1er-pack","15":"pa_weight-0-088-pfund","16":"pa_width-2-36-zoll","18":"first","19":"instock","20":"shipping-taxable","21":"purchasable","22":"product-type-simple","23":"customify-col","24":"product-has-gallery"},"yoast_head":"<!-- This site is optimized with the Yoast SEO plugin v27.3 - https:\/\/yoast.com\/product\/yoast-seo-wordpress\/ -->\n<title>Philips Sonicare HX9073\/65 B\u00fcrstenkopf 3 St\u00fcck wei\u00df - Markt-XXL<\/title>\n<meta name=\"description\" content=\"Markt-XXL Philips Sonicare HX9073\/65 B\u00fcrstenkopf 3 St\u00fcck wei\u00df\" \/>\n<meta name=\"robots\" content=\"index, follow, max-snippet:-1, max-image-preview:large, max-video-preview:-1\" \/>\n<link rel=\"canonical\" href=\"https:\/\/marktxxl.de\/markt\/produkt\/philips-sonicare-hx9073-65-buerstenkopf-3-stueck-weiss\/\" \/>\n<meta property=\"og:locale\" content=\"de_DE\" \/>\n<meta property=\"og:type\" content=\"article\" \/>\n<meta property=\"og:title\" content=\"Philips Sonicare HX9073\/65 B\u00fcrstenkopf 3 St\u00fcck wei\u00df - Markt-XXL\" \/>\n<meta property=\"og:description\" content=\"Markt-XXL Philips Sonicare HX9073\/65 B\u00fcrstenkopf 3 St\u00fcck wei\u00df\" \/>\n<meta property=\"og:url\" content=\"https:\/\/marktxxl.de\/markt\/produkt\/philips-sonicare-hx9073-65-buerstenkopf-3-stueck-weiss\/\" \/>\n<meta property=\"og:site_name\" content=\"Markt-XXL\" \/>\n<meta name=\"twitter:card\" content=\"summary_large_image\" \/>\n<script type=\"application\/ld+json\" class=\"yoast-schema-graph\">{\"@context\":\"https:\\\/\\\/schema.org\",\"@graph\":[{\"@type\":\"WebPage\",\"@id\":\"https:\\\/\\\/marktxxl.de\\\/markt\\\/produkt\\\/philips-sonicare-hx9073-65-buerstenkopf-3-stueck-weiss\\\/\",\"url\":\"https:\\\/\\\/marktxxl.de\\\/markt\\\/produkt\\\/philips-sonicare-hx9073-65-buerstenkopf-3-stueck-weiss\\\/\",\"name\":\"Philips Sonicare HX9073\\\/65 B\u00fcrstenkopf 3 St\u00fcck wei\u00df - Markt-XXL\",\"isPartOf\":{\"@id\":\"https:\\\/\\\/marktxxl.de\\\/markt\\\/#website\"},\"primaryImageOfPage\":{\"@id\":\"https:\\\/\\\/marktxxl.de\\\/markt\\\/produkt\\\/philips-sonicare-hx9073-65-buerstenkopf-3-stueck-weiss\\\/#primaryimage\"},\"image\":{\"@id\":\"https:\\\/\\\/marktxxl.de\\\/markt\\\/produkt\\\/philips-sonicare-hx9073-65-buerstenkopf-3-stueck-weiss\\\/#primaryimage\"},\"thumbnailUrl\":\"https:\\\/\\\/m.media-amazon.com\\\/images\\\/I\\\/41KNfndeJ5L._SL500_.jpg\",\"datePublished\":\"2024-07-28T18:58:30+00:00\",\"description\":\"Markt-XXL Philips Sonicare HX9073\\\/65 B\u00fcrstenkopf 3 St\u00fcck wei\u00df\",\"breadcrumb\":{\"@id\":\"https:\\\/\\\/marktxxl.de\\\/markt\\\/produkt\\\/philips-sonicare-hx9073-65-buerstenkopf-3-stueck-weiss\\\/#breadcrumb\"},\"inLanguage\":\"de\",\"potentialAction\":[{\"@type\":\"ReadAction\",\"target\":[\"https:\\\/\\\/marktxxl.de\\\/markt\\\/produkt\\\/philips-sonicare-hx9073-65-buerstenkopf-3-stueck-weiss\\\/\"]}]},{\"@type\":\"ImageObject\",\"inLanguage\":\"de\",\"@id\":\"https:\\\/\\\/marktxxl.de\\\/markt\\\/produkt\\\/philips-sonicare-hx9073-65-buerstenkopf-3-stueck-weiss\\\/#primaryimage\",\"url\":\"https:\\\/\\\/m.media-amazon.com\\\/images\\\/I\\\/41KNfndeJ5L._SL500_.jpg\",\"contentUrl\":\"https:\\\/\\\/m.media-amazon.com\\\/images\\\/I\\\/41KNfndeJ5L._SL500_.jpg\",\"width\":500,\"height\":500},{\"@type\":\"BreadcrumbList\",\"@id\":\"https:\\\/\\\/marktxxl.de\\\/markt\\\/produkt\\\/philips-sonicare-hx9073-65-buerstenkopf-3-stueck-weiss\\\/#breadcrumb\",\"itemListElement\":[{\"@type\":\"ListItem\",\"position\":1,\"name\":\"Startseite\",\"item\":\"https:\\\/\\\/marktxxl.de\\\/markt\\\/\"},{\"@type\":\"ListItem\",\"position\":2,\"name\":\"Markt\",\"item\":\"https:\\\/\\\/marktxxl.de\\\/markt\\\/\"},{\"@type\":\"ListItem\",\"position\":3,\"name\":\"Philips Sonicare HX9073\\\/65 B\u00fcrstenkopf 3 St\u00fcck wei\u00df\"}]},{\"@type\":\"WebSite\",\"@id\":\"https:\\\/\\\/marktxxl.de\\\/markt\\\/#website\",\"url\":\"https:\\\/\\\/marktxxl.de\\\/markt\\\/\",\"name\":\"Markt-XXL\",\"description\":\"Ihr Markt Online\",\"publisher\":{\"@id\":\"https:\\\/\\\/marktxxl.de\\\/markt\\\/#organization\"},\"potentialAction\":[{\"@type\":\"SearchAction\",\"target\":{\"@type\":\"EntryPoint\",\"urlTemplate\":\"https:\\\/\\\/marktxxl.de\\\/markt\\\/?s={search_term_string}\"},\"query-input\":{\"@type\":\"PropertyValueSpecification\",\"valueRequired\":true,\"valueName\":\"search_term_string\"}}],\"inLanguage\":\"de\"},{\"@type\":\"Organization\",\"@id\":\"https:\\\/\\\/marktxxl.de\\\/markt\\\/#organization\",\"name\":\"Markt-XXL\",\"url\":\"https:\\\/\\\/marktxxl.de\\\/markt\\\/\",\"logo\":{\"@type\":\"ImageObject\",\"inLanguage\":\"de\",\"@id\":\"https:\\\/\\\/marktxxl.de\\\/markt\\\/#\\\/schema\\\/logo\\\/image\\\/\",\"url\":\"https:\\\/\\\/marktxxl.de\\\/markt\\\/wp-content\\\/uploads\\\/sites\\\/3\\\/2020\\\/12\\\/logo.png\",\"contentUrl\":\"https:\\\/\\\/marktxxl.de\\\/markt\\\/wp-content\\\/uploads\\\/sites\\\/3\\\/2020\\\/12\\\/logo.png\",\"width\":200,\"height\":70,\"caption\":\"Markt-XXL\"},\"image\":{\"@id\":\"https:\\\/\\\/marktxxl.de\\\/markt\\\/#\\\/schema\\\/logo\\\/image\\\/\"}}]}<\/script>\n<!-- \/ Yoast SEO plugin. -->","yoast_head_json":{"title":"Philips Sonicare HX9073\/65 B\u00fcrstenkopf 3 St\u00fcck wei\u00df - Markt-XXL","description":"Markt-XXL Philips Sonicare HX9073\/65 B\u00fcrstenkopf 3 St\u00fcck wei\u00df","robots":{"index":"index","follow":"follow","max-snippet":"max-snippet:-1","max-image-preview":"max-image-preview:large","max-video-preview":"max-video-preview:-1"},"canonical":"https:\/\/marktxxl.de\/markt\/produkt\/philips-sonicare-hx9073-65-buerstenkopf-3-stueck-weiss\/","og_locale":"de_DE","og_type":"article","og_title":"Philips Sonicare HX9073\/65 B\u00fcrstenkopf 3 St\u00fcck wei\u00df - Markt-XXL","og_description":"Markt-XXL Philips Sonicare HX9073\/65 B\u00fcrstenkopf 3 St\u00fcck wei\u00df","og_url":"https:\/\/marktxxl.de\/markt\/produkt\/philips-sonicare-hx9073-65-buerstenkopf-3-stueck-weiss\/","og_site_name":"Markt-XXL","twitter_card":"summary_large_image","schema":{"@context":"https:\/\/schema.org","@graph":[{"@type":"WebPage","@id":"https:\/\/marktxxl.de\/markt\/produkt\/philips-sonicare-hx9073-65-buerstenkopf-3-stueck-weiss\/","url":"https:\/\/marktxxl.de\/markt\/produkt\/philips-sonicare-hx9073-65-buerstenkopf-3-stueck-weiss\/","name":"Philips Sonicare HX9073\/65 B\u00fcrstenkopf 3 St\u00fcck wei\u00df - Markt-XXL","isPartOf":{"@id":"https:\/\/marktxxl.de\/markt\/#website"},"primaryImageOfPage":{"@id":"https:\/\/marktxxl.de\/markt\/produkt\/philips-sonicare-hx9073-65-buerstenkopf-3-stueck-weiss\/#primaryimage"},"image":{"@id":"https:\/\/marktxxl.de\/markt\/produkt\/philips-sonicare-hx9073-65-buerstenkopf-3-stueck-weiss\/#primaryimage"},"thumbnailUrl":"https:\/\/m.media-amazon.com\/images\/I\/41KNfndeJ5L._SL500_.jpg","datePublished":"2024-07-28T18:58:30+00:00","description":"Markt-XXL Philips Sonicare HX9073\/65 B\u00fcrstenkopf 3 St\u00fcck wei\u00df","breadcrumb":{"@id":"https:\/\/marktxxl.de\/markt\/produkt\/philips-sonicare-hx9073-65-buerstenkopf-3-stueck-weiss\/#breadcrumb"},"inLanguage":"de","potentialAction":[{"@type":"ReadAction","target":["https:\/\/marktxxl.de\/markt\/produkt\/philips-sonicare-hx9073-65-buerstenkopf-3-stueck-weiss\/"]}]},{"@type":"ImageObject","inLanguage":"de","@id":"https:\/\/marktxxl.de\/markt\/produkt\/philips-sonicare-hx9073-65-buerstenkopf-3-stueck-weiss\/#primaryimage","url":"https:\/\/m.media-amazon.com\/images\/I\/41KNfndeJ5L._SL500_.jpg","contentUrl":"https:\/\/m.media-amazon.com\/images\/I\/41KNfndeJ5L._SL500_.jpg","width":500,"height":500},{"@type":"BreadcrumbList","@id":"https:\/\/marktxxl.de\/markt\/produkt\/philips-sonicare-hx9073-65-buerstenkopf-3-stueck-weiss\/#breadcrumb","itemListElement":[{"@type":"ListItem","position":1,"name":"Startseite","item":"https:\/\/marktxxl.de\/markt\/"},{"@type":"ListItem","position":2,"name":"Markt","item":"https:\/\/marktxxl.de\/markt\/"},{"@type":"ListItem","position":3,"name":"Philips Sonicare HX9073\/65 B\u00fcrstenkopf 3 St\u00fcck wei\u00df"}]},{"@type":"WebSite","@id":"https:\/\/marktxxl.de\/markt\/#website","url":"https:\/\/marktxxl.de\/markt\/","name":"Markt-XXL","description":"Ihr Markt Online","publisher":{"@id":"https:\/\/marktxxl.de\/markt\/#organization"},"potentialAction":[{"@type":"SearchAction","target":{"@type":"EntryPoint","urlTemplate":"https:\/\/marktxxl.de\/markt\/?s={search_term_string}"},"query-input":{"@type":"PropertyValueSpecification","valueRequired":true,"valueName":"search_term_string"}}],"inLanguage":"de"},{"@type":"Organization","@id":"https:\/\/marktxxl.de\/markt\/#organization","name":"Markt-XXL","url":"https:\/\/marktxxl.de\/markt\/","logo":{"@type":"ImageObject","inLanguage":"de","@id":"https:\/\/marktxxl.de\/markt\/#\/schema\/logo\/image\/","url":"https:\/\/marktxxl.de\/markt\/wp-content\/uploads\/sites\/3\/2020\/12\/logo.png","contentUrl":"https:\/\/marktxxl.de\/markt\/wp-content\/uploads\/sites\/3\/2020\/12\/logo.png","width":200,"height":70,"caption":"Markt-XXL"},"image":{"@id":"https:\/\/marktxxl.de\/markt\/#\/schema\/logo\/image\/"}}]}},"_links":{"self":[{"href":"https:\/\/marktxxl.de\/markt\/wp-json\/wp\/v2\/product\/225245","targetHints":{"allow":["GET"]}}],"collection":[{"href":"https:\/\/marktxxl.de\/markt\/wp-json\/wp\/v2\/product"}],"about":[{"href":"https:\/\/marktxxl.de\/markt\/wp-json\/wp\/v2\/types\/product"}],"replies":[{"embeddable":true,"href":"https:\/\/marktxxl.de\/markt\/wp-json\/wp\/v2\/comments?post=225245"}],"wp:featuredmedia":[{"embeddable":true,"href":"https:\/\/marktxxl.de\/markt\/wp-json\/wp\/v2\/media\/225246"}],"wp:attachment":[{"href":"https:\/\/marktxxl.de\/markt\/wp-json\/wp\/v2\/media?parent=225245"}],"wp:term":[{"taxonomy":"product_brand","embeddable":true,"href":"https:\/\/marktxxl.de\/markt\/wp-json\/wp\/v2\/product_brand?post=225245"},{"taxonomy":"product_cat","embeddable":true,"href":"https:\/\/marktxxl.de\/markt\/wp-json\/wp\/v2\/product_cat?post=225245"},{"taxonomy":"product_tag","embeddable":true,"href":"https:\/\/marktxxl.de\/markt\/wp-json\/wp\/v2\/product_tag?post=225245"}],"curies":[{"name":"wp","href":"https:\/\/api.w.org\/{rel}","templated":true}]}}