{"id":225201,"date":"2024-07-28T20:55:45","date_gmt":"2024-07-28T18:55:45","guid":{"rendered":"https:\/\/marktxxl.de\/markt\/produkt\/schuelke-octeniderm-1-liter-flasche-hautantiseptikum-pflegendes-desinfektionsmittel-fuer-die-haut-optimale-hautvertraeglichkeit-farbstoff-und-parfuemfrei\/"},"modified":"2024-07-28T20:55:45","modified_gmt":"2024-07-28T18:55:45","slug":"schuelke-octeniderm-1-liter-flasche-hautantiseptikum-pflegendes-desinfektionsmittel-fuer-die-haut-optimale-hautvertraeglichkeit-farbstoff-und-parfuemfrei","status":"publish","type":"product","link":"https:\/\/marktxxl.de\/markt\/produkt\/schuelke-octeniderm-1-liter-flasche-hautantiseptikum-pflegendes-desinfektionsmittel-fuer-die-haut-optimale-hautvertraeglichkeit-farbstoff-und-parfuemfrei\/","title":{"rendered":"Sch\u00fclke octeniderm\u00ae 1 Liter Flasche Hautantiseptikum | Pflegendes Desinfektionsmittel f\u00fcr die Haut | optimale Hautvertr\u00e4glichkeit |farbstoff- und parf\u00fcmfrei"},"content":{"rendered":"<p>OPTIMALE WIRKUNG: Das Sch\u00fclke octeniderm alkoholische Antiseptikum beseitigt Bakterien, Pilze &amp; beh\u00fcllte Viren und sorgt f\u00fcr Sicherheit und Hygiene<br \/>\nSCHNELLE WIRKUNG: Das hautvertr\u00e4gliche Antiseptikum weist ein breites antiseptisches Wirkungsspektrum sowie eine kurze Einwirkzeit auf, um Bakterien und Viren direkt entgegenwirken zu k\u00f6nnen<br \/>\nHAUTVERTR\u00c4GLICHKEIT: Dem Desinfektionsmittel wurden keine Farbstoffe oder Parf\u00fcme beigemischt, um eine optimale Hautvertr\u00e4glichkeit zu garantieren<br \/>\nMEDIZINISCHE DESINFEKTION: Das Antiseptikum findet Anwendung in medizinischen &amp; chirurgischen Bereichen, um die Hygiene bei Untersuchungen oder Operationen zu gew\u00e4hrleisten<br \/>\nAUCH F\u00dcR PRIVATE ANWENDUNG GEEIGNET: Die pflegende Desinfektion ist auch f\u00fcr die private Anwendung geeignet, um Bakterien und Viren keine Chance zu geben<br \/>\n<div class=\"main-cross-sell\" data-asin=\"B003ODGJ4G\">\n\n\t<div class=\"WooZone-cross-sell-loader\">\n\t\t<div>\n\t\t\t<div id=\"floatingBarsG\">\n\t\t\t\t<div class=\"blockG\" id=\"rotateG_01\"><\/div>\n\t\t\t\t<div class=\"blockG\" id=\"rotateG_02\"><\/div>\n\t\t\t\t<div class=\"blockG\" id=\"rotateG_03\"><\/div>\n\t\t\t\t<div class=\"blockG\" id=\"rotateG_04\"><\/div>\n\t\t\t\t<div class=\"blockG\" id=\"rotateG_05\"><\/div>\n\t\t\t\t<div class=\"blockG\" id=\"rotateG_06\"><\/div>\n\t\t\t\t<div class=\"blockG\" id=\"rotateG_07\"><\/div>\n\t\t\t\t<div class=\"blockG\" id=\"rotateG_08\"><\/div>\n\t\t\t<\/div>\n\t\t\t<div class=\"WooZone-cross-sell-loader-text\"><\/div>\n\t\t<\/div>\n\t<\/div>\n\n\t\t\n<\/div>\n<div style=\"clear:both;\"><\/div><\/p>\n","protected":false},"excerpt":{"rendered":"<p>OPTIMALE WIRKUNG: Das Sch\u00fclke octeniderm alkoholische Antiseptikum beseitigt Bakterien, Pilze &amp; beh\u00fcllte Viren und sorgt f\u00fcr Sicherheit und Hygiene<br \/>\nSCHNELLE WIRKUNG: Das hautvertr\u00e4gliche Antiseptikum weist ein breites antiseptisches Wirkungsspektrum sowie eine kurze Einwirkzeit auf, um Bakterien und Viren direkt entgegenwirken zu k\u00f6nnen<br \/>\nHAUTVERTR\u00c4GLICHKEIT: Dem Desinfektionsmittel wurden keine Farbstoffe oder Parf\u00fcme beigemischt, um eine optimale Hautvertr\u00e4glichkeit zu garantieren<\/p>\n","protected":false},"featured_media":225202,"comment_status":"open","ping_status":"closed","template":"","meta":[],"product_brand":[],"product_cat":[566,5908],"product_tag":[],"class_list":{"0":"post-225201","1":"product","2":"type-product","3":"status-publish","4":"has-post-thumbnail","6":"product_cat-drogerie-koerperpflege","7":"product_cat-medizinische-geraete-verbrauchsmaterialien","8":"pa_binding-badartikel","9":"pa_brand-octeniderm","10":"pa_languages-unbekannt-deutsch","11":"pa_manufacturer-schuelke-mayr-gmbh","12":"pa_model-56357","14":"first","15":"instock","16":"sale","17":"shipping-taxable","18":"purchasable","19":"product-type-simple","20":"customify-col","21":"product-has-gallery"},"yoast_head":"<!-- This site is optimized with the Yoast SEO plugin v27.3 - https:\/\/yoast.com\/product\/yoast-seo-wordpress\/ -->\n<title>Sch\u00fclke octeniderm\u00ae 1 Liter Flasche Hautantiseptikum | Pflegendes Desinfektionsmittel f\u00fcr die Haut | optimale Hautvertr\u00e4glichkeit |farbstoff- und parf\u00fcmfrei - Markt-XXL<\/title>\n<meta name=\"description\" content=\"Markt-XXL Sch\u00fclke octeniderm\u00ae 1 Liter Flasche Hautantiseptikum | Pflegendes Desinfektionsmittel f\u00fcr die Haut | optimale Hautvertr\u00e4glichkeit |farbstoff- und parf\u00fcmfrei\" \/>\n<meta name=\"robots\" content=\"index, follow, max-snippet:-1, max-image-preview:large, max-video-preview:-1\" \/>\n<link rel=\"canonical\" href=\"https:\/\/marktxxl.de\/markt\/produkt\/schuelke-octeniderm-1-liter-flasche-hautantiseptikum-pflegendes-desinfektionsmittel-fuer-die-haut-optimale-hautvertraeglichkeit-farbstoff-und-parfuemfrei\/\" \/>\n<meta property=\"og:locale\" content=\"de_DE\" \/>\n<meta property=\"og:type\" content=\"article\" \/>\n<meta property=\"og:title\" content=\"Sch\u00fclke octeniderm\u00ae 1 Liter Flasche Hautantiseptikum | Pflegendes Desinfektionsmittel f\u00fcr die Haut | optimale Hautvertr\u00e4glichkeit |farbstoff- und parf\u00fcmfrei - Markt-XXL\" \/>\n<meta property=\"og:description\" content=\"Markt-XXL Sch\u00fclke octeniderm\u00ae 1 Liter Flasche Hautantiseptikum | Pflegendes Desinfektionsmittel f\u00fcr die Haut | optimale Hautvertr\u00e4glichkeit |farbstoff- und parf\u00fcmfrei\" \/>\n<meta property=\"og:url\" content=\"https:\/\/marktxxl.de\/markt\/produkt\/schuelke-octeniderm-1-liter-flasche-hautantiseptikum-pflegendes-desinfektionsmittel-fuer-die-haut-optimale-hautvertraeglichkeit-farbstoff-und-parfuemfrei\/\" \/>\n<meta property=\"og:site_name\" content=\"Markt-XXL\" \/>\n<meta name=\"twitter:card\" content=\"summary_large_image\" \/>\n<meta name=\"twitter:label1\" content=\"Gesch\u00e4tzte Lesezeit\" \/>\n\t<meta name=\"twitter:data1\" content=\"1\u00a0Minute\" \/>\n<script type=\"application\/ld+json\" class=\"yoast-schema-graph\">{\"@context\":\"https:\\\/\\\/schema.org\",\"@graph\":[{\"@type\":\"WebPage\",\"@id\":\"https:\\\/\\\/marktxxl.de\\\/markt\\\/produkt\\\/schuelke-octeniderm-1-liter-flasche-hautantiseptikum-pflegendes-desinfektionsmittel-fuer-die-haut-optimale-hautvertraeglichkeit-farbstoff-und-parfuemfrei\\\/\",\"url\":\"https:\\\/\\\/marktxxl.de\\\/markt\\\/produkt\\\/schuelke-octeniderm-1-liter-flasche-hautantiseptikum-pflegendes-desinfektionsmittel-fuer-die-haut-optimale-hautvertraeglichkeit-farbstoff-und-parfuemfrei\\\/\",\"name\":\"Sch\u00fclke octeniderm\u00ae 1 Liter Flasche Hautantiseptikum | Pflegendes Desinfektionsmittel f\u00fcr die Haut | optimale Hautvertr\u00e4glichkeit |farbstoff- und parf\u00fcmfrei - Markt-XXL\",\"isPartOf\":{\"@id\":\"https:\\\/\\\/marktxxl.de\\\/markt\\\/#website\"},\"primaryImageOfPage\":{\"@id\":\"https:\\\/\\\/marktxxl.de\\\/markt\\\/produkt\\\/schuelke-octeniderm-1-liter-flasche-hautantiseptikum-pflegendes-desinfektionsmittel-fuer-die-haut-optimale-hautvertraeglichkeit-farbstoff-und-parfuemfrei\\\/#primaryimage\"},\"image\":{\"@id\":\"https:\\\/\\\/marktxxl.de\\\/markt\\\/produkt\\\/schuelke-octeniderm-1-liter-flasche-hautantiseptikum-pflegendes-desinfektionsmittel-fuer-die-haut-optimale-hautvertraeglichkeit-farbstoff-und-parfuemfrei\\\/#primaryimage\"},\"thumbnailUrl\":\"https:\\\/\\\/m.media-amazon.com\\\/images\\\/I\\\/31hgH1AIqVL._SL500_.jpg\",\"datePublished\":\"2024-07-28T18:55:45+00:00\",\"description\":\"Markt-XXL Sch\u00fclke octeniderm\u00ae 1 Liter Flasche Hautantiseptikum | Pflegendes Desinfektionsmittel f\u00fcr die Haut | optimale Hautvertr\u00e4glichkeit |farbstoff- und parf\u00fcmfrei\",\"breadcrumb\":{\"@id\":\"https:\\\/\\\/marktxxl.de\\\/markt\\\/produkt\\\/schuelke-octeniderm-1-liter-flasche-hautantiseptikum-pflegendes-desinfektionsmittel-fuer-die-haut-optimale-hautvertraeglichkeit-farbstoff-und-parfuemfrei\\\/#breadcrumb\"},\"inLanguage\":\"de\",\"potentialAction\":[{\"@type\":\"ReadAction\",\"target\":[\"https:\\\/\\\/marktxxl.de\\\/markt\\\/produkt\\\/schuelke-octeniderm-1-liter-flasche-hautantiseptikum-pflegendes-desinfektionsmittel-fuer-die-haut-optimale-hautvertraeglichkeit-farbstoff-und-parfuemfrei\\\/\"]}]},{\"@type\":\"ImageObject\",\"inLanguage\":\"de\",\"@id\":\"https:\\\/\\\/marktxxl.de\\\/markt\\\/produkt\\\/schuelke-octeniderm-1-liter-flasche-hautantiseptikum-pflegendes-desinfektionsmittel-fuer-die-haut-optimale-hautvertraeglichkeit-farbstoff-und-parfuemfrei\\\/#primaryimage\",\"url\":\"https:\\\/\\\/m.media-amazon.com\\\/images\\\/I\\\/31hgH1AIqVL._SL500_.jpg\",\"contentUrl\":\"https:\\\/\\\/m.media-amazon.com\\\/images\\\/I\\\/31hgH1AIqVL._SL500_.jpg\",\"width\":500,\"height\":500},{\"@type\":\"BreadcrumbList\",\"@id\":\"https:\\\/\\\/marktxxl.de\\\/markt\\\/produkt\\\/schuelke-octeniderm-1-liter-flasche-hautantiseptikum-pflegendes-desinfektionsmittel-fuer-die-haut-optimale-hautvertraeglichkeit-farbstoff-und-parfuemfrei\\\/#breadcrumb\",\"itemListElement\":[{\"@type\":\"ListItem\",\"position\":1,\"name\":\"Startseite\",\"item\":\"https:\\\/\\\/marktxxl.de\\\/markt\\\/\"},{\"@type\":\"ListItem\",\"position\":2,\"name\":\"Markt\",\"item\":\"https:\\\/\\\/marktxxl.de\\\/markt\\\/\"},{\"@type\":\"ListItem\",\"position\":3,\"name\":\"Sch\u00fclke octeniderm\u00ae 1 Liter Flasche Hautantiseptikum | Pflegendes Desinfektionsmittel f\u00fcr die Haut | optimale Hautvertr\u00e4glichkeit |farbstoff- und parf\u00fcmfrei\"}]},{\"@type\":\"WebSite\",\"@id\":\"https:\\\/\\\/marktxxl.de\\\/markt\\\/#website\",\"url\":\"https:\\\/\\\/marktxxl.de\\\/markt\\\/\",\"name\":\"Markt-XXL\",\"description\":\"Ihr Markt Online\",\"publisher\":{\"@id\":\"https:\\\/\\\/marktxxl.de\\\/markt\\\/#organization\"},\"potentialAction\":[{\"@type\":\"SearchAction\",\"target\":{\"@type\":\"EntryPoint\",\"urlTemplate\":\"https:\\\/\\\/marktxxl.de\\\/markt\\\/?s={search_term_string}\"},\"query-input\":{\"@type\":\"PropertyValueSpecification\",\"valueRequired\":true,\"valueName\":\"search_term_string\"}}],\"inLanguage\":\"de\"},{\"@type\":\"Organization\",\"@id\":\"https:\\\/\\\/marktxxl.de\\\/markt\\\/#organization\",\"name\":\"Markt-XXL\",\"url\":\"https:\\\/\\\/marktxxl.de\\\/markt\\\/\",\"logo\":{\"@type\":\"ImageObject\",\"inLanguage\":\"de\",\"@id\":\"https:\\\/\\\/marktxxl.de\\\/markt\\\/#\\\/schema\\\/logo\\\/image\\\/\",\"url\":\"https:\\\/\\\/marktxxl.de\\\/markt\\\/wp-content\\\/uploads\\\/sites\\\/3\\\/2020\\\/12\\\/logo.png\",\"contentUrl\":\"https:\\\/\\\/marktxxl.de\\\/markt\\\/wp-content\\\/uploads\\\/sites\\\/3\\\/2020\\\/12\\\/logo.png\",\"width\":200,\"height\":70,\"caption\":\"Markt-XXL\"},\"image\":{\"@id\":\"https:\\\/\\\/marktxxl.de\\\/markt\\\/#\\\/schema\\\/logo\\\/image\\\/\"}}]}<\/script>\n<!-- \/ Yoast SEO plugin. -->","yoast_head_json":{"title":"Sch\u00fclke octeniderm\u00ae 1 Liter Flasche Hautantiseptikum | Pflegendes Desinfektionsmittel f\u00fcr die Haut | optimale Hautvertr\u00e4glichkeit |farbstoff- und parf\u00fcmfrei - Markt-XXL","description":"Markt-XXL Sch\u00fclke octeniderm\u00ae 1 Liter Flasche Hautantiseptikum | Pflegendes Desinfektionsmittel f\u00fcr die Haut | optimale Hautvertr\u00e4glichkeit |farbstoff- und parf\u00fcmfrei","robots":{"index":"index","follow":"follow","max-snippet":"max-snippet:-1","max-image-preview":"max-image-preview:large","max-video-preview":"max-video-preview:-1"},"canonical":"https:\/\/marktxxl.de\/markt\/produkt\/schuelke-octeniderm-1-liter-flasche-hautantiseptikum-pflegendes-desinfektionsmittel-fuer-die-haut-optimale-hautvertraeglichkeit-farbstoff-und-parfuemfrei\/","og_locale":"de_DE","og_type":"article","og_title":"Sch\u00fclke octeniderm\u00ae 1 Liter Flasche Hautantiseptikum | Pflegendes Desinfektionsmittel f\u00fcr die Haut | optimale Hautvertr\u00e4glichkeit |farbstoff- und parf\u00fcmfrei - Markt-XXL","og_description":"Markt-XXL Sch\u00fclke octeniderm\u00ae 1 Liter Flasche Hautantiseptikum | Pflegendes Desinfektionsmittel f\u00fcr die Haut | optimale Hautvertr\u00e4glichkeit |farbstoff- und parf\u00fcmfrei","og_url":"https:\/\/marktxxl.de\/markt\/produkt\/schuelke-octeniderm-1-liter-flasche-hautantiseptikum-pflegendes-desinfektionsmittel-fuer-die-haut-optimale-hautvertraeglichkeit-farbstoff-und-parfuemfrei\/","og_site_name":"Markt-XXL","twitter_card":"summary_large_image","twitter_misc":{"Gesch\u00e4tzte Lesezeit":"1\u00a0Minute"},"schema":{"@context":"https:\/\/schema.org","@graph":[{"@type":"WebPage","@id":"https:\/\/marktxxl.de\/markt\/produkt\/schuelke-octeniderm-1-liter-flasche-hautantiseptikum-pflegendes-desinfektionsmittel-fuer-die-haut-optimale-hautvertraeglichkeit-farbstoff-und-parfuemfrei\/","url":"https:\/\/marktxxl.de\/markt\/produkt\/schuelke-octeniderm-1-liter-flasche-hautantiseptikum-pflegendes-desinfektionsmittel-fuer-die-haut-optimale-hautvertraeglichkeit-farbstoff-und-parfuemfrei\/","name":"Sch\u00fclke octeniderm\u00ae 1 Liter Flasche Hautantiseptikum | Pflegendes Desinfektionsmittel f\u00fcr die Haut | optimale Hautvertr\u00e4glichkeit |farbstoff- und parf\u00fcmfrei - Markt-XXL","isPartOf":{"@id":"https:\/\/marktxxl.de\/markt\/#website"},"primaryImageOfPage":{"@id":"https:\/\/marktxxl.de\/markt\/produkt\/schuelke-octeniderm-1-liter-flasche-hautantiseptikum-pflegendes-desinfektionsmittel-fuer-die-haut-optimale-hautvertraeglichkeit-farbstoff-und-parfuemfrei\/#primaryimage"},"image":{"@id":"https:\/\/marktxxl.de\/markt\/produkt\/schuelke-octeniderm-1-liter-flasche-hautantiseptikum-pflegendes-desinfektionsmittel-fuer-die-haut-optimale-hautvertraeglichkeit-farbstoff-und-parfuemfrei\/#primaryimage"},"thumbnailUrl":"https:\/\/m.media-amazon.com\/images\/I\/31hgH1AIqVL._SL500_.jpg","datePublished":"2024-07-28T18:55:45+00:00","description":"Markt-XXL Sch\u00fclke octeniderm\u00ae 1 Liter Flasche Hautantiseptikum | Pflegendes Desinfektionsmittel f\u00fcr die Haut | optimale Hautvertr\u00e4glichkeit |farbstoff- und parf\u00fcmfrei","breadcrumb":{"@id":"https:\/\/marktxxl.de\/markt\/produkt\/schuelke-octeniderm-1-liter-flasche-hautantiseptikum-pflegendes-desinfektionsmittel-fuer-die-haut-optimale-hautvertraeglichkeit-farbstoff-und-parfuemfrei\/#breadcrumb"},"inLanguage":"de","potentialAction":[{"@type":"ReadAction","target":["https:\/\/marktxxl.de\/markt\/produkt\/schuelke-octeniderm-1-liter-flasche-hautantiseptikum-pflegendes-desinfektionsmittel-fuer-die-haut-optimale-hautvertraeglichkeit-farbstoff-und-parfuemfrei\/"]}]},{"@type":"ImageObject","inLanguage":"de","@id":"https:\/\/marktxxl.de\/markt\/produkt\/schuelke-octeniderm-1-liter-flasche-hautantiseptikum-pflegendes-desinfektionsmittel-fuer-die-haut-optimale-hautvertraeglichkeit-farbstoff-und-parfuemfrei\/#primaryimage","url":"https:\/\/m.media-amazon.com\/images\/I\/31hgH1AIqVL._SL500_.jpg","contentUrl":"https:\/\/m.media-amazon.com\/images\/I\/31hgH1AIqVL._SL500_.jpg","width":500,"height":500},{"@type":"BreadcrumbList","@id":"https:\/\/marktxxl.de\/markt\/produkt\/schuelke-octeniderm-1-liter-flasche-hautantiseptikum-pflegendes-desinfektionsmittel-fuer-die-haut-optimale-hautvertraeglichkeit-farbstoff-und-parfuemfrei\/#breadcrumb","itemListElement":[{"@type":"ListItem","position":1,"name":"Startseite","item":"https:\/\/marktxxl.de\/markt\/"},{"@type":"ListItem","position":2,"name":"Markt","item":"https:\/\/marktxxl.de\/markt\/"},{"@type":"ListItem","position":3,"name":"Sch\u00fclke octeniderm\u00ae 1 Liter Flasche Hautantiseptikum | Pflegendes Desinfektionsmittel f\u00fcr die Haut | optimale Hautvertr\u00e4glichkeit |farbstoff- und parf\u00fcmfrei"}]},{"@type":"WebSite","@id":"https:\/\/marktxxl.de\/markt\/#website","url":"https:\/\/marktxxl.de\/markt\/","name":"Markt-XXL","description":"Ihr Markt Online","publisher":{"@id":"https:\/\/marktxxl.de\/markt\/#organization"},"potentialAction":[{"@type":"SearchAction","target":{"@type":"EntryPoint","urlTemplate":"https:\/\/marktxxl.de\/markt\/?s={search_term_string}"},"query-input":{"@type":"PropertyValueSpecification","valueRequired":true,"valueName":"search_term_string"}}],"inLanguage":"de"},{"@type":"Organization","@id":"https:\/\/marktxxl.de\/markt\/#organization","name":"Markt-XXL","url":"https:\/\/marktxxl.de\/markt\/","logo":{"@type":"ImageObject","inLanguage":"de","@id":"https:\/\/marktxxl.de\/markt\/#\/schema\/logo\/image\/","url":"https:\/\/marktxxl.de\/markt\/wp-content\/uploads\/sites\/3\/2020\/12\/logo.png","contentUrl":"https:\/\/marktxxl.de\/markt\/wp-content\/uploads\/sites\/3\/2020\/12\/logo.png","width":200,"height":70,"caption":"Markt-XXL"},"image":{"@id":"https:\/\/marktxxl.de\/markt\/#\/schema\/logo\/image\/"}}]}},"_links":{"self":[{"href":"https:\/\/marktxxl.de\/markt\/wp-json\/wp\/v2\/product\/225201","targetHints":{"allow":["GET"]}}],"collection":[{"href":"https:\/\/marktxxl.de\/markt\/wp-json\/wp\/v2\/product"}],"about":[{"href":"https:\/\/marktxxl.de\/markt\/wp-json\/wp\/v2\/types\/product"}],"replies":[{"embeddable":true,"href":"https:\/\/marktxxl.de\/markt\/wp-json\/wp\/v2\/comments?post=225201"}],"wp:featuredmedia":[{"embeddable":true,"href":"https:\/\/marktxxl.de\/markt\/wp-json\/wp\/v2\/media\/225202"}],"wp:attachment":[{"href":"https:\/\/marktxxl.de\/markt\/wp-json\/wp\/v2\/media?parent=225201"}],"wp:term":[{"taxonomy":"product_brand","embeddable":true,"href":"https:\/\/marktxxl.de\/markt\/wp-json\/wp\/v2\/product_brand?post=225201"},{"taxonomy":"product_cat","embeddable":true,"href":"https:\/\/marktxxl.de\/markt\/wp-json\/wp\/v2\/product_cat?post=225201"},{"taxonomy":"product_tag","embeddable":true,"href":"https:\/\/marktxxl.de\/markt\/wp-json\/wp\/v2\/product_tag?post=225201"}],"curies":[{"name":"wp","href":"https:\/\/api.w.org\/{rel}","templated":true}]}}