{"id":225165,"date":"2024-07-28T20:53:10","date_gmt":"2024-07-28T18:53:10","guid":{"rendered":"https:\/\/marktxxl.de\/markt\/produkt\/kfz-verbandstasche-nach-aktueller-norm-2024-inkl-beatmungstuechern-kfz-verbandskasten-europaweit-nutzbar-erste-hilfe-set-verbandkasten-din-131642022-stvo-konform\/"},"modified":"2024-07-28T20:53:10","modified_gmt":"2024-07-28T18:53:10","slug":"kfz-verbandstasche-nach-aktueller-norm-2024-inkl-beatmungstuechern-kfz-verbandskasten-europaweit-nutzbar-erste-hilfe-set-verbandkasten-din-131642022-stvo-konform","status":"publish","type":"product","link":"https:\/\/marktxxl.de\/markt\/produkt\/kfz-verbandstasche-nach-aktueller-norm-2024-inkl-beatmungstuechern-kfz-verbandskasten-europaweit-nutzbar-erste-hilfe-set-verbandkasten-din-131642022-stvo-konform\/","title":{"rendered":"KFZ Verbandstasche nach aktueller Norm 2024 inkl. Beatmungst\u00fcchern &#8211; KFZ Verbandskasten europaweit nutzbar &#8211; Erste Hilfe Set Verbandkasten DIN 13164:2022 (StVO konform)"},"content":{"rendered":"<p>EUROPAWEIT G\u00dcLTIG \u2013 Das Erste Hilfe Set erf\u00fcllt die neueste Norm nach DIN 13164:2022 und ist somit f\u00fcr die gesamte EU im Stra\u00dfenverkehr zugelassen. Flexibel und sorgenfrei Auto fahren mit der KFZ-Verbandtasche f\u00fcr Ihr Auto!<br \/>\nSICHERHEIT &amp; SCHUTZ \u2013 Dank mehrsprachig bebilderter Anleitung f\u00fcr den Erste Hilfe Ernstfall und sauberer Sortierung der Verbandsmaterialien ist man immer bestens vorbereitet. Inkl. 2x Mundschutzmaske &amp; Beatmungstuch f\u00fcr maximalen Schutz.<br \/>\nBU\u00dfGELDER VERMEIDEN \u2013 Ein Verbandskasten mit Norm 2022 ist im Auto nach \u00a735h StVZO Pflicht. Dank neuester Vorschrift 2024 kommen Sie mit dem Autoverbandskasten sorgenfrei durch jede Kontrolle &amp; Panne in der gesamten EU. Immer griffbereit dank kleiner, leicht verstaubarer Tasche.<br \/>\nBESTENS GESCH\u00dcTZT &#8211; Die Inhalte der robusten Autoverbandstasche sind staubgesch\u00fctzt und steril verpackt. Stetige und strenge Qualit\u00e4tskontrollen machen Ihre Autoapotheke zu einem 100% zuverl\u00e4ssigen Wegbegleiter.<br \/>\nPRAKTISCHE KLETTSTREIFEN \u2013 Die Verbandstasche besitzt 2 praktische Klettstreifen zur Befestigung im Auto. Der Inhalt des Autoverbandskasten Neue Norm 2024 ist \u00fcbersichtlich in Folienbeuteln verpackt, wodurch im Notfall der ben\u00f6tigte Artikel schnell gefunden und entnommen werden kann.<br \/>\n<div class=\"main-cross-sell\" data-asin=\"B0CPTBNMHM\">\n\n\t<div class=\"WooZone-cross-sell-loader\">\n\t\t<div>\n\t\t\t<div id=\"floatingBarsG\">\n\t\t\t\t<div class=\"blockG\" id=\"rotateG_01\"><\/div>\n\t\t\t\t<div class=\"blockG\" id=\"rotateG_02\"><\/div>\n\t\t\t\t<div class=\"blockG\" id=\"rotateG_03\"><\/div>\n\t\t\t\t<div class=\"blockG\" id=\"rotateG_04\"><\/div>\n\t\t\t\t<div class=\"blockG\" id=\"rotateG_05\"><\/div>\n\t\t\t\t<div class=\"blockG\" id=\"rotateG_06\"><\/div>\n\t\t\t\t<div class=\"blockG\" id=\"rotateG_07\"><\/div>\n\t\t\t\t<div class=\"blockG\" id=\"rotateG_08\"><\/div>\n\t\t\t<\/div>\n\t\t\t<div class=\"WooZone-cross-sell-loader-text\"><\/div>\n\t\t<\/div>\n\t<\/div>\n\n\t\t\n<\/div>\n<div style=\"clear:both;\"><\/div><\/p>\n","protected":false},"excerpt":{"rendered":"<p>EUROPAWEIT G\u00dcLTIG \u2013 Das Erste Hilfe Set erf\u00fcllt die neueste Norm nach DIN 13164:2022 und ist somit f\u00fcr die gesamte EU im Stra\u00dfenverkehr zugelassen. Flexibel und sorgenfrei Auto fahren mit der KFZ-Verbandtasche f\u00fcr Ihr Auto!<br \/>\nSICHERHEIT &amp; SCHUTZ \u2013 Dank mehrsprachig bebilderter Anleitung f\u00fcr den Erste Hilfe Ernstfall und sauberer Sortierung der Verbandsmaterialien ist man immer bestens vorbereitet. Inkl. 2x Mundschutzmaske &amp; Beatmungstuch f\u00fcr maximalen Schutz.<br \/>\nBU\u00dfGELDER VERMEIDEN \u2013 Ein Verbandskasten mit Norm 2022 ist im Auto nach \u00a735h StVZO Pflicht. Dank neuester Vorschrift 2024 kommen Sie mit dem Autoverbandskasten sorgenfrei durch jede Kontrolle &amp; Panne in der gesamten EU. Immer griffbereit dank kleiner, leicht verstaubarer Tasche.<\/p>\n","protected":false},"featured_media":225166,"comment_status":"open","ping_status":"closed","template":"","meta":[],"product_brand":[],"product_cat":[566,5846],"product_tag":[],"class_list":{"0":"post-225165","1":"product","2":"type-product","3":"status-publish","4":"has-post-thumbnail","6":"product_cat-drogerie-koerperpflege","7":"product_cat-medizin-erste-hilfe","8":"pa_brand-heldenwerk","9":"pa_color-rot","10":"pa_height-2-7165354303-zoll","11":"pa_length-10-0787401472-zoll","12":"pa_manufacturer-gauke","13":"pa_width-5-7480314902-zoll","15":"first","16":"instock","17":"shipping-taxable","18":"purchasable","19":"product-type-simple","20":"customify-col","21":"product-has-gallery"},"yoast_head":"<!-- This site is optimized with the Yoast SEO plugin v27.4 - https:\/\/yoast.com\/product\/yoast-seo-wordpress\/ -->\n<title>KFZ Verbandstasche nach aktueller Norm 2024 inkl. Beatmungst\u00fcchern - KFZ Verbandskasten europaweit nutzbar - Erste Hilfe Set Verbandkasten DIN 13164:2022 (StVO konform) - Markt-XXL<\/title>\n<meta name=\"description\" content=\"Markt-XXL KFZ Verbandstasche nach aktueller Norm 2024 inkl. Beatmungst\u00fcchern - KFZ Verbandskasten europaweit nutzbar - Erste Hilfe Set Verbandkasten DIN 13164:2022 (StVO konform)\" \/>\n<meta name=\"robots\" content=\"index, follow, max-snippet:-1, max-image-preview:large, max-video-preview:-1\" \/>\n<link rel=\"canonical\" href=\"https:\/\/marktxxl.de\/markt\/produkt\/kfz-verbandstasche-nach-aktueller-norm-2024-inkl-beatmungstuechern-kfz-verbandskasten-europaweit-nutzbar-erste-hilfe-set-verbandkasten-din-131642022-stvo-konform\/\" \/>\n<meta property=\"og:locale\" content=\"de_DE\" \/>\n<meta property=\"og:type\" content=\"article\" \/>\n<meta property=\"og:title\" content=\"KFZ Verbandstasche nach aktueller Norm 2024 inkl. Beatmungst\u00fcchern - KFZ Verbandskasten europaweit nutzbar - Erste Hilfe Set Verbandkasten DIN 13164:2022 (StVO konform) - Markt-XXL\" \/>\n<meta property=\"og:description\" content=\"Markt-XXL KFZ Verbandstasche nach aktueller Norm 2024 inkl. Beatmungst\u00fcchern - KFZ Verbandskasten europaweit nutzbar - Erste Hilfe Set Verbandkasten DIN 13164:2022 (StVO konform)\" \/>\n<meta property=\"og:url\" content=\"https:\/\/marktxxl.de\/markt\/produkt\/kfz-verbandstasche-nach-aktueller-norm-2024-inkl-beatmungstuechern-kfz-verbandskasten-europaweit-nutzbar-erste-hilfe-set-verbandkasten-din-131642022-stvo-konform\/\" \/>\n<meta property=\"og:site_name\" content=\"Markt-XXL\" \/>\n<meta name=\"twitter:card\" content=\"summary_large_image\" \/>\n<meta name=\"twitter:label1\" content=\"Gesch\u00e4tzte Lesezeit\" \/>\n\t<meta name=\"twitter:data1\" content=\"1\u00a0Minute\" \/>\n<script type=\"application\/ld+json\" class=\"yoast-schema-graph\">{\"@context\":\"https:\\\/\\\/schema.org\",\"@graph\":[{\"@type\":\"WebPage\",\"@id\":\"https:\\\/\\\/marktxxl.de\\\/markt\\\/produkt\\\/kfz-verbandstasche-nach-aktueller-norm-2024-inkl-beatmungstuechern-kfz-verbandskasten-europaweit-nutzbar-erste-hilfe-set-verbandkasten-din-131642022-stvo-konform\\\/\",\"url\":\"https:\\\/\\\/marktxxl.de\\\/markt\\\/produkt\\\/kfz-verbandstasche-nach-aktueller-norm-2024-inkl-beatmungstuechern-kfz-verbandskasten-europaweit-nutzbar-erste-hilfe-set-verbandkasten-din-131642022-stvo-konform\\\/\",\"name\":\"KFZ Verbandstasche nach aktueller Norm 2024 inkl. Beatmungst\u00fcchern - KFZ Verbandskasten europaweit nutzbar - Erste Hilfe Set Verbandkasten DIN 13164:2022 (StVO konform) - Markt-XXL\",\"isPartOf\":{\"@id\":\"https:\\\/\\\/marktxxl.de\\\/markt\\\/#website\"},\"primaryImageOfPage\":{\"@id\":\"https:\\\/\\\/marktxxl.de\\\/markt\\\/produkt\\\/kfz-verbandstasche-nach-aktueller-norm-2024-inkl-beatmungstuechern-kfz-verbandskasten-europaweit-nutzbar-erste-hilfe-set-verbandkasten-din-131642022-stvo-konform\\\/#primaryimage\"},\"image\":{\"@id\":\"https:\\\/\\\/marktxxl.de\\\/markt\\\/produkt\\\/kfz-verbandstasche-nach-aktueller-norm-2024-inkl-beatmungstuechern-kfz-verbandskasten-europaweit-nutzbar-erste-hilfe-set-verbandkasten-din-131642022-stvo-konform\\\/#primaryimage\"},\"thumbnailUrl\":\"https:\\\/\\\/m.media-amazon.com\\\/images\\\/I\\\/51P0Q7O1oOL._SL500_.jpg\",\"datePublished\":\"2024-07-28T18:53:10+00:00\",\"description\":\"Markt-XXL KFZ Verbandstasche nach aktueller Norm 2024 inkl. Beatmungst\u00fcchern - KFZ Verbandskasten europaweit nutzbar - Erste Hilfe Set Verbandkasten DIN 13164:2022 (StVO konform)\",\"breadcrumb\":{\"@id\":\"https:\\\/\\\/marktxxl.de\\\/markt\\\/produkt\\\/kfz-verbandstasche-nach-aktueller-norm-2024-inkl-beatmungstuechern-kfz-verbandskasten-europaweit-nutzbar-erste-hilfe-set-verbandkasten-din-131642022-stvo-konform\\\/#breadcrumb\"},\"inLanguage\":\"de\",\"potentialAction\":[{\"@type\":\"ReadAction\",\"target\":[\"https:\\\/\\\/marktxxl.de\\\/markt\\\/produkt\\\/kfz-verbandstasche-nach-aktueller-norm-2024-inkl-beatmungstuechern-kfz-verbandskasten-europaweit-nutzbar-erste-hilfe-set-verbandkasten-din-131642022-stvo-konform\\\/\"]}]},{\"@type\":\"ImageObject\",\"inLanguage\":\"de\",\"@id\":\"https:\\\/\\\/marktxxl.de\\\/markt\\\/produkt\\\/kfz-verbandstasche-nach-aktueller-norm-2024-inkl-beatmungstuechern-kfz-verbandskasten-europaweit-nutzbar-erste-hilfe-set-verbandkasten-din-131642022-stvo-konform\\\/#primaryimage\",\"url\":\"https:\\\/\\\/m.media-amazon.com\\\/images\\\/I\\\/51P0Q7O1oOL._SL500_.jpg\",\"contentUrl\":\"https:\\\/\\\/m.media-amazon.com\\\/images\\\/I\\\/51P0Q7O1oOL._SL500_.jpg\",\"width\":500,\"height\":399},{\"@type\":\"BreadcrumbList\",\"@id\":\"https:\\\/\\\/marktxxl.de\\\/markt\\\/produkt\\\/kfz-verbandstasche-nach-aktueller-norm-2024-inkl-beatmungstuechern-kfz-verbandskasten-europaweit-nutzbar-erste-hilfe-set-verbandkasten-din-131642022-stvo-konform\\\/#breadcrumb\",\"itemListElement\":[{\"@type\":\"ListItem\",\"position\":1,\"name\":\"Startseite\",\"item\":\"https:\\\/\\\/marktxxl.de\\\/markt\\\/\"},{\"@type\":\"ListItem\",\"position\":2,\"name\":\"Markt\",\"item\":\"https:\\\/\\\/marktxxl.de\\\/markt\\\/\"},{\"@type\":\"ListItem\",\"position\":3,\"name\":\"KFZ Verbandstasche nach aktueller Norm 2024 inkl. Beatmungst\u00fcchern &#8211; KFZ Verbandskasten europaweit nutzbar &#8211; Erste Hilfe Set Verbandkasten DIN 13164:2022 (StVO konform)\"}]},{\"@type\":\"WebSite\",\"@id\":\"https:\\\/\\\/marktxxl.de\\\/markt\\\/#website\",\"url\":\"https:\\\/\\\/marktxxl.de\\\/markt\\\/\",\"name\":\"Markt-XXL\",\"description\":\"Ihr Markt Online\",\"publisher\":{\"@id\":\"https:\\\/\\\/marktxxl.de\\\/markt\\\/#organization\"},\"potentialAction\":[{\"@type\":\"SearchAction\",\"target\":{\"@type\":\"EntryPoint\",\"urlTemplate\":\"https:\\\/\\\/marktxxl.de\\\/markt\\\/?s={search_term_string}\"},\"query-input\":{\"@type\":\"PropertyValueSpecification\",\"valueRequired\":true,\"valueName\":\"search_term_string\"}}],\"inLanguage\":\"de\"},{\"@type\":\"Organization\",\"@id\":\"https:\\\/\\\/marktxxl.de\\\/markt\\\/#organization\",\"name\":\"Markt-XXL\",\"url\":\"https:\\\/\\\/marktxxl.de\\\/markt\\\/\",\"logo\":{\"@type\":\"ImageObject\",\"inLanguage\":\"de\",\"@id\":\"https:\\\/\\\/marktxxl.de\\\/markt\\\/#\\\/schema\\\/logo\\\/image\\\/\",\"url\":\"https:\\\/\\\/marktxxl.de\\\/markt\\\/wp-content\\\/uploads\\\/sites\\\/3\\\/2020\\\/12\\\/logo.png\",\"contentUrl\":\"https:\\\/\\\/marktxxl.de\\\/markt\\\/wp-content\\\/uploads\\\/sites\\\/3\\\/2020\\\/12\\\/logo.png\",\"width\":200,\"height\":70,\"caption\":\"Markt-XXL\"},\"image\":{\"@id\":\"https:\\\/\\\/marktxxl.de\\\/markt\\\/#\\\/schema\\\/logo\\\/image\\\/\"}}]}<\/script>\n<!-- \/ Yoast SEO plugin. -->","yoast_head_json":{"title":"KFZ Verbandstasche nach aktueller Norm 2024 inkl. Beatmungst\u00fcchern - KFZ Verbandskasten europaweit nutzbar - Erste Hilfe Set Verbandkasten DIN 13164:2022 (StVO konform) - Markt-XXL","description":"Markt-XXL KFZ Verbandstasche nach aktueller Norm 2024 inkl. Beatmungst\u00fcchern - KFZ Verbandskasten europaweit nutzbar - Erste Hilfe Set Verbandkasten DIN 13164:2022 (StVO konform)","robots":{"index":"index","follow":"follow","max-snippet":"max-snippet:-1","max-image-preview":"max-image-preview:large","max-video-preview":"max-video-preview:-1"},"canonical":"https:\/\/marktxxl.de\/markt\/produkt\/kfz-verbandstasche-nach-aktueller-norm-2024-inkl-beatmungstuechern-kfz-verbandskasten-europaweit-nutzbar-erste-hilfe-set-verbandkasten-din-131642022-stvo-konform\/","og_locale":"de_DE","og_type":"article","og_title":"KFZ Verbandstasche nach aktueller Norm 2024 inkl. Beatmungst\u00fcchern - KFZ Verbandskasten europaweit nutzbar - Erste Hilfe Set Verbandkasten DIN 13164:2022 (StVO konform) - Markt-XXL","og_description":"Markt-XXL KFZ Verbandstasche nach aktueller Norm 2024 inkl. Beatmungst\u00fcchern - KFZ Verbandskasten europaweit nutzbar - Erste Hilfe Set Verbandkasten DIN 13164:2022 (StVO konform)","og_url":"https:\/\/marktxxl.de\/markt\/produkt\/kfz-verbandstasche-nach-aktueller-norm-2024-inkl-beatmungstuechern-kfz-verbandskasten-europaweit-nutzbar-erste-hilfe-set-verbandkasten-din-131642022-stvo-konform\/","og_site_name":"Markt-XXL","twitter_card":"summary_large_image","twitter_misc":{"Gesch\u00e4tzte Lesezeit":"1\u00a0Minute"},"schema":{"@context":"https:\/\/schema.org","@graph":[{"@type":"WebPage","@id":"https:\/\/marktxxl.de\/markt\/produkt\/kfz-verbandstasche-nach-aktueller-norm-2024-inkl-beatmungstuechern-kfz-verbandskasten-europaweit-nutzbar-erste-hilfe-set-verbandkasten-din-131642022-stvo-konform\/","url":"https:\/\/marktxxl.de\/markt\/produkt\/kfz-verbandstasche-nach-aktueller-norm-2024-inkl-beatmungstuechern-kfz-verbandskasten-europaweit-nutzbar-erste-hilfe-set-verbandkasten-din-131642022-stvo-konform\/","name":"KFZ Verbandstasche nach aktueller Norm 2024 inkl. Beatmungst\u00fcchern - KFZ Verbandskasten europaweit nutzbar - Erste Hilfe Set Verbandkasten DIN 13164:2022 (StVO konform) - Markt-XXL","isPartOf":{"@id":"https:\/\/marktxxl.de\/markt\/#website"},"primaryImageOfPage":{"@id":"https:\/\/marktxxl.de\/markt\/produkt\/kfz-verbandstasche-nach-aktueller-norm-2024-inkl-beatmungstuechern-kfz-verbandskasten-europaweit-nutzbar-erste-hilfe-set-verbandkasten-din-131642022-stvo-konform\/#primaryimage"},"image":{"@id":"https:\/\/marktxxl.de\/markt\/produkt\/kfz-verbandstasche-nach-aktueller-norm-2024-inkl-beatmungstuechern-kfz-verbandskasten-europaweit-nutzbar-erste-hilfe-set-verbandkasten-din-131642022-stvo-konform\/#primaryimage"},"thumbnailUrl":"https:\/\/m.media-amazon.com\/images\/I\/51P0Q7O1oOL._SL500_.jpg","datePublished":"2024-07-28T18:53:10+00:00","description":"Markt-XXL KFZ Verbandstasche nach aktueller Norm 2024 inkl. Beatmungst\u00fcchern - KFZ Verbandskasten europaweit nutzbar - Erste Hilfe Set Verbandkasten DIN 13164:2022 (StVO konform)","breadcrumb":{"@id":"https:\/\/marktxxl.de\/markt\/produkt\/kfz-verbandstasche-nach-aktueller-norm-2024-inkl-beatmungstuechern-kfz-verbandskasten-europaweit-nutzbar-erste-hilfe-set-verbandkasten-din-131642022-stvo-konform\/#breadcrumb"},"inLanguage":"de","potentialAction":[{"@type":"ReadAction","target":["https:\/\/marktxxl.de\/markt\/produkt\/kfz-verbandstasche-nach-aktueller-norm-2024-inkl-beatmungstuechern-kfz-verbandskasten-europaweit-nutzbar-erste-hilfe-set-verbandkasten-din-131642022-stvo-konform\/"]}]},{"@type":"ImageObject","inLanguage":"de","@id":"https:\/\/marktxxl.de\/markt\/produkt\/kfz-verbandstasche-nach-aktueller-norm-2024-inkl-beatmungstuechern-kfz-verbandskasten-europaweit-nutzbar-erste-hilfe-set-verbandkasten-din-131642022-stvo-konform\/#primaryimage","url":"https:\/\/m.media-amazon.com\/images\/I\/51P0Q7O1oOL._SL500_.jpg","contentUrl":"https:\/\/m.media-amazon.com\/images\/I\/51P0Q7O1oOL._SL500_.jpg","width":500,"height":399},{"@type":"BreadcrumbList","@id":"https:\/\/marktxxl.de\/markt\/produkt\/kfz-verbandstasche-nach-aktueller-norm-2024-inkl-beatmungstuechern-kfz-verbandskasten-europaweit-nutzbar-erste-hilfe-set-verbandkasten-din-131642022-stvo-konform\/#breadcrumb","itemListElement":[{"@type":"ListItem","position":1,"name":"Startseite","item":"https:\/\/marktxxl.de\/markt\/"},{"@type":"ListItem","position":2,"name":"Markt","item":"https:\/\/marktxxl.de\/markt\/"},{"@type":"ListItem","position":3,"name":"KFZ Verbandstasche nach aktueller Norm 2024 inkl. Beatmungst\u00fcchern &#8211; KFZ Verbandskasten europaweit nutzbar &#8211; Erste Hilfe Set Verbandkasten DIN 13164:2022 (StVO konform)"}]},{"@type":"WebSite","@id":"https:\/\/marktxxl.de\/markt\/#website","url":"https:\/\/marktxxl.de\/markt\/","name":"Markt-XXL","description":"Ihr Markt Online","publisher":{"@id":"https:\/\/marktxxl.de\/markt\/#organization"},"potentialAction":[{"@type":"SearchAction","target":{"@type":"EntryPoint","urlTemplate":"https:\/\/marktxxl.de\/markt\/?s={search_term_string}"},"query-input":{"@type":"PropertyValueSpecification","valueRequired":true,"valueName":"search_term_string"}}],"inLanguage":"de"},{"@type":"Organization","@id":"https:\/\/marktxxl.de\/markt\/#organization","name":"Markt-XXL","url":"https:\/\/marktxxl.de\/markt\/","logo":{"@type":"ImageObject","inLanguage":"de","@id":"https:\/\/marktxxl.de\/markt\/#\/schema\/logo\/image\/","url":"https:\/\/marktxxl.de\/markt\/wp-content\/uploads\/sites\/3\/2020\/12\/logo.png","contentUrl":"https:\/\/marktxxl.de\/markt\/wp-content\/uploads\/sites\/3\/2020\/12\/logo.png","width":200,"height":70,"caption":"Markt-XXL"},"image":{"@id":"https:\/\/marktxxl.de\/markt\/#\/schema\/logo\/image\/"}}]}},"_links":{"self":[{"href":"https:\/\/marktxxl.de\/markt\/wp-json\/wp\/v2\/product\/225165","targetHints":{"allow":["GET"]}}],"collection":[{"href":"https:\/\/marktxxl.de\/markt\/wp-json\/wp\/v2\/product"}],"about":[{"href":"https:\/\/marktxxl.de\/markt\/wp-json\/wp\/v2\/types\/product"}],"replies":[{"embeddable":true,"href":"https:\/\/marktxxl.de\/markt\/wp-json\/wp\/v2\/comments?post=225165"}],"wp:featuredmedia":[{"embeddable":true,"href":"https:\/\/marktxxl.de\/markt\/wp-json\/wp\/v2\/media\/225166"}],"wp:attachment":[{"href":"https:\/\/marktxxl.de\/markt\/wp-json\/wp\/v2\/media?parent=225165"}],"wp:term":[{"taxonomy":"product_brand","embeddable":true,"href":"https:\/\/marktxxl.de\/markt\/wp-json\/wp\/v2\/product_brand?post=225165"},{"taxonomy":"product_cat","embeddable":true,"href":"https:\/\/marktxxl.de\/markt\/wp-json\/wp\/v2\/product_cat?post=225165"},{"taxonomy":"product_tag","embeddable":true,"href":"https:\/\/marktxxl.de\/markt\/wp-json\/wp\/v2\/product_tag?post=225165"}],"curies":[{"name":"wp","href":"https:\/\/api.w.org\/{rel}","templated":true}]}}