{"id":225090,"date":"2024-07-28T20:50:16","date_gmt":"2024-07-28T18:50:16","guid":{"rendered":"https:\/\/marktxxl.de\/markt\/produkt\/mosi-echtleder-stift-und-lesebrillenetui-ein-authentischer-und-handgefertigter-aussergewoehnlicher-retro-behaelter-das-edle-etui-fuer-sie-und-ihn\/"},"modified":"2024-07-28T20:50:16","modified_gmt":"2024-07-28T18:50:16","slug":"mosi-echtleder-stift-und-lesebrillenetui-ein-authentischer-und-handgefertigter-aussergewoehnlicher-retro-behaelter-das-edle-etui-fuer-sie-und-ihn","status":"publish","type":"product","link":"https:\/\/marktxxl.de\/markt\/produkt\/mosi-echtleder-stift-und-lesebrillenetui-ein-authentischer-und-handgefertigter-aussergewoehnlicher-retro-behaelter-das-edle-etui-fuer-sie-und-ihn\/","title":{"rendered":"MOSI Echtleder Stift- und Lesebrillenetui. Ein Authentischer und handgefertigter au\u00dfergew\u00f6hnlicher Retro Beh\u00e4lter. Das edle Etui f\u00fcr Sie und Ihn!"},"content":{"rendered":"<p>\u2705 MOSI Brillenetuis aus Leder sind aus echtem und authentischem &#8220;Top Leather&#8221;, einem \u00fcberlegenen Schnitt aus Leder, der fantastisch riecht und sich gut in der Hand anf\u00fchlt. Leder ist ein Naturprodukt und jedes obere Lederetui f\u00fcr Bleistifte und Brillen hat eine weiche und dezent unterschiedliche Maserung und Muster. Ihr wird einzigartig sein.<br \/>\n\u2705 Das Brillenetui misst 19 x 5 x 3,5 cm. Perfekt f\u00fcr Augen, Fahren, Radfahren, Computer- und Lesebrillen ohne gro\u00dfen Rahmen und auch n\u00fctzlich f\u00fcr Schl\u00fcssel, F\u00fcllfederhalter, Bleistift und Kunstbedarf.<br \/>\n\u2705 Das einzigartige S-f\u00f6rmige Rei\u00dfverschluss-Design bedeutet, dass diese Ledertasche flach zusammengefaltet werden kann, so dass Sie leicht auf das Innere zugreifen und sie sauber halten k\u00f6nnen.<br \/>\n\u2705 Die Innenseite des Brillenbeutels ist ein weiches Samtfutter und vervollst\u00e4ndigt die hochwertige Handarbeit und \u00c4sthetik des Brillenschutzes.<br \/>\n\u2705 Dieses Brillenetui wird von der britischen Firma MOSI, Ltd. verkauft und wird in einer sch\u00f6nen Geschenkbox geliefert, die es perfekt zum Verschenken zu Weihnachten, zum Geburtstag oder zu anderen besonderen Anl\u00e4ssen macht.<br \/>\n<div class=\"main-cross-sell\" data-asin=\"B07QLRB9G8\">\n\n\t<div class=\"WooZone-cross-sell-loader\">\n\t\t<div>\n\t\t\t<div id=\"floatingBarsG\">\n\t\t\t\t<div class=\"blockG\" id=\"rotateG_01\"><\/div>\n\t\t\t\t<div class=\"blockG\" id=\"rotateG_02\"><\/div>\n\t\t\t\t<div class=\"blockG\" id=\"rotateG_03\"><\/div>\n\t\t\t\t<div class=\"blockG\" id=\"rotateG_04\"><\/div>\n\t\t\t\t<div class=\"blockG\" id=\"rotateG_05\"><\/div>\n\t\t\t\t<div class=\"blockG\" id=\"rotateG_06\"><\/div>\n\t\t\t\t<div class=\"blockG\" id=\"rotateG_07\"><\/div>\n\t\t\t\t<div class=\"blockG\" id=\"rotateG_08\"><\/div>\n\t\t\t<\/div>\n\t\t\t<div class=\"WooZone-cross-sell-loader-text\"><\/div>\n\t\t<\/div>\n\t<\/div>\n\n\t\t\n<\/div>\n<div style=\"clear:both;\"><\/div><\/p>\n","protected":false},"excerpt":{"rendered":"<p>\u2705 MOSI Brillenetuis aus Leder sind aus echtem und authentischem &#8220;Top Leather&#8221;, einem \u00fcberlegenen Schnitt aus Leder, der fantastisch riecht und sich gut in der Hand anf\u00fchlt. Leder ist ein Naturprodukt und jedes obere Lederetui f\u00fcr Bleistifte und Brillen hat eine weiche und dezent unterschiedliche Maserung und Muster. Ihr wird einzigartig sein.<br \/>\n\u2705 Das Brillenetui misst 19 x 5 x 3,5 cm. Perfekt f\u00fcr Augen, Fahren, Radfahren, Computer- und Lesebrillen ohne gro\u00dfen Rahmen und auch n\u00fctzlich f\u00fcr Schl\u00fcssel, F\u00fcllfederhalter, Bleistift und Kunstbedarf.<br \/>\n\u2705 Das einzigartige S-f\u00f6rmige Rei\u00dfverschluss-Design bedeutet, dass diese Ledertasche flach zusammengefaltet werden kann, so dass Sie leicht auf das Innere zugreifen und sie sauber halten k\u00f6nnen.<\/p>\n","protected":false},"featured_media":225091,"comment_status":"open","ping_status":"closed","template":"","meta":[],"product_brand":[],"product_cat":[566,5775],"product_tag":[],"class_list":{"0":"post-225090","1":"product","2":"type-product","3":"status-publish","4":"has-post-thumbnail","6":"product_cat-drogerie-koerperpflege","7":"product_cat-kontaktlinsen-brillen","8":"pa_binding-buerobedarf-schreibwaren","9":"pa_brand-mosi","10":"pa_manufacturer-mosi","11":"pa_size-s","13":"first","14":"instock","15":"shipping-taxable","16":"product-type-simple","17":"customify-col","18":"product-has-gallery"},"yoast_head":"<!-- This site is optimized with the Yoast SEO plugin v27.3 - https:\/\/yoast.com\/product\/yoast-seo-wordpress\/ -->\n<title>MOSI Echtleder Stift- und Lesebrillenetui. Ein Authentischer und handgefertigter au\u00dfergew\u00f6hnlicher Retro Beh\u00e4lter. Das edle Etui f\u00fcr Sie und Ihn! - Markt-XXL<\/title>\n<meta name=\"description\" content=\"Markt-XXL MOSI Echtleder Stift- und Lesebrillenetui. Ein Authentischer und handgefertigter au\u00dfergew\u00f6hnlicher Retro Beh\u00e4lter. Das edle Etui f\u00fcr Sie und Ihn!\" \/>\n<meta name=\"robots\" content=\"index, follow, max-snippet:-1, max-image-preview:large, max-video-preview:-1\" \/>\n<link rel=\"canonical\" href=\"https:\/\/marktxxl.de\/markt\/produkt\/mosi-echtleder-stift-und-lesebrillenetui-ein-authentischer-und-handgefertigter-aussergewoehnlicher-retro-behaelter-das-edle-etui-fuer-sie-und-ihn\/\" \/>\n<meta property=\"og:locale\" content=\"de_DE\" \/>\n<meta property=\"og:type\" content=\"article\" \/>\n<meta property=\"og:title\" content=\"MOSI Echtleder Stift- und Lesebrillenetui. Ein Authentischer und handgefertigter au\u00dfergew\u00f6hnlicher Retro Beh\u00e4lter. Das edle Etui f\u00fcr Sie und Ihn! - Markt-XXL\" \/>\n<meta property=\"og:description\" content=\"Markt-XXL MOSI Echtleder Stift- und Lesebrillenetui. Ein Authentischer und handgefertigter au\u00dfergew\u00f6hnlicher Retro Beh\u00e4lter. Das edle Etui f\u00fcr Sie und Ihn!\" \/>\n<meta property=\"og:url\" content=\"https:\/\/marktxxl.de\/markt\/produkt\/mosi-echtleder-stift-und-lesebrillenetui-ein-authentischer-und-handgefertigter-aussergewoehnlicher-retro-behaelter-das-edle-etui-fuer-sie-und-ihn\/\" \/>\n<meta property=\"og:site_name\" content=\"Markt-XXL\" \/>\n<meta name=\"twitter:card\" content=\"summary_large_image\" \/>\n<meta name=\"twitter:label1\" content=\"Gesch\u00e4tzte Lesezeit\" \/>\n\t<meta name=\"twitter:data1\" content=\"1\u00a0Minute\" \/>\n<script type=\"application\/ld+json\" class=\"yoast-schema-graph\">{\"@context\":\"https:\\\/\\\/schema.org\",\"@graph\":[{\"@type\":\"WebPage\",\"@id\":\"https:\\\/\\\/marktxxl.de\\\/markt\\\/produkt\\\/mosi-echtleder-stift-und-lesebrillenetui-ein-authentischer-und-handgefertigter-aussergewoehnlicher-retro-behaelter-das-edle-etui-fuer-sie-und-ihn\\\/\",\"url\":\"https:\\\/\\\/marktxxl.de\\\/markt\\\/produkt\\\/mosi-echtleder-stift-und-lesebrillenetui-ein-authentischer-und-handgefertigter-aussergewoehnlicher-retro-behaelter-das-edle-etui-fuer-sie-und-ihn\\\/\",\"name\":\"MOSI Echtleder Stift- und Lesebrillenetui. Ein Authentischer und handgefertigter au\u00dfergew\u00f6hnlicher Retro Beh\u00e4lter. Das edle Etui f\u00fcr Sie und Ihn! - Markt-XXL\",\"isPartOf\":{\"@id\":\"https:\\\/\\\/marktxxl.de\\\/markt\\\/#website\"},\"primaryImageOfPage\":{\"@id\":\"https:\\\/\\\/marktxxl.de\\\/markt\\\/produkt\\\/mosi-echtleder-stift-und-lesebrillenetui-ein-authentischer-und-handgefertigter-aussergewoehnlicher-retro-behaelter-das-edle-etui-fuer-sie-und-ihn\\\/#primaryimage\"},\"image\":{\"@id\":\"https:\\\/\\\/marktxxl.de\\\/markt\\\/produkt\\\/mosi-echtleder-stift-und-lesebrillenetui-ein-authentischer-und-handgefertigter-aussergewoehnlicher-retro-behaelter-das-edle-etui-fuer-sie-und-ihn\\\/#primaryimage\"},\"thumbnailUrl\":\"https:\\\/\\\/m.media-amazon.com\\\/images\\\/I\\\/41wiGgAdhbL._SL500_.jpg\",\"datePublished\":\"2024-07-28T18:50:16+00:00\",\"description\":\"Markt-XXL MOSI Echtleder Stift- und Lesebrillenetui. Ein Authentischer und handgefertigter au\u00dfergew\u00f6hnlicher Retro Beh\u00e4lter. Das edle Etui f\u00fcr Sie und Ihn!\",\"breadcrumb\":{\"@id\":\"https:\\\/\\\/marktxxl.de\\\/markt\\\/produkt\\\/mosi-echtleder-stift-und-lesebrillenetui-ein-authentischer-und-handgefertigter-aussergewoehnlicher-retro-behaelter-das-edle-etui-fuer-sie-und-ihn\\\/#breadcrumb\"},\"inLanguage\":\"de\",\"potentialAction\":[{\"@type\":\"ReadAction\",\"target\":[\"https:\\\/\\\/marktxxl.de\\\/markt\\\/produkt\\\/mosi-echtleder-stift-und-lesebrillenetui-ein-authentischer-und-handgefertigter-aussergewoehnlicher-retro-behaelter-das-edle-etui-fuer-sie-und-ihn\\\/\"]}]},{\"@type\":\"ImageObject\",\"inLanguage\":\"de\",\"@id\":\"https:\\\/\\\/marktxxl.de\\\/markt\\\/produkt\\\/mosi-echtleder-stift-und-lesebrillenetui-ein-authentischer-und-handgefertigter-aussergewoehnlicher-retro-behaelter-das-edle-etui-fuer-sie-und-ihn\\\/#primaryimage\",\"url\":\"https:\\\/\\\/m.media-amazon.com\\\/images\\\/I\\\/41wiGgAdhbL._SL500_.jpg\",\"contentUrl\":\"https:\\\/\\\/m.media-amazon.com\\\/images\\\/I\\\/41wiGgAdhbL._SL500_.jpg\",\"width\":500,\"height\":500},{\"@type\":\"BreadcrumbList\",\"@id\":\"https:\\\/\\\/marktxxl.de\\\/markt\\\/produkt\\\/mosi-echtleder-stift-und-lesebrillenetui-ein-authentischer-und-handgefertigter-aussergewoehnlicher-retro-behaelter-das-edle-etui-fuer-sie-und-ihn\\\/#breadcrumb\",\"itemListElement\":[{\"@type\":\"ListItem\",\"position\":1,\"name\":\"Startseite\",\"item\":\"https:\\\/\\\/marktxxl.de\\\/markt\\\/\"},{\"@type\":\"ListItem\",\"position\":2,\"name\":\"Markt\",\"item\":\"https:\\\/\\\/marktxxl.de\\\/markt\\\/\"},{\"@type\":\"ListItem\",\"position\":3,\"name\":\"MOSI Echtleder Stift- und Lesebrillenetui. Ein Authentischer und handgefertigter au\u00dfergew\u00f6hnlicher Retro Beh\u00e4lter. Das edle Etui f\u00fcr Sie und Ihn!\"}]},{\"@type\":\"WebSite\",\"@id\":\"https:\\\/\\\/marktxxl.de\\\/markt\\\/#website\",\"url\":\"https:\\\/\\\/marktxxl.de\\\/markt\\\/\",\"name\":\"Markt-XXL\",\"description\":\"Ihr Markt Online\",\"publisher\":{\"@id\":\"https:\\\/\\\/marktxxl.de\\\/markt\\\/#organization\"},\"potentialAction\":[{\"@type\":\"SearchAction\",\"target\":{\"@type\":\"EntryPoint\",\"urlTemplate\":\"https:\\\/\\\/marktxxl.de\\\/markt\\\/?s={search_term_string}\"},\"query-input\":{\"@type\":\"PropertyValueSpecification\",\"valueRequired\":true,\"valueName\":\"search_term_string\"}}],\"inLanguage\":\"de\"},{\"@type\":\"Organization\",\"@id\":\"https:\\\/\\\/marktxxl.de\\\/markt\\\/#organization\",\"name\":\"Markt-XXL\",\"url\":\"https:\\\/\\\/marktxxl.de\\\/markt\\\/\",\"logo\":{\"@type\":\"ImageObject\",\"inLanguage\":\"de\",\"@id\":\"https:\\\/\\\/marktxxl.de\\\/markt\\\/#\\\/schema\\\/logo\\\/image\\\/\",\"url\":\"https:\\\/\\\/marktxxl.de\\\/markt\\\/wp-content\\\/uploads\\\/sites\\\/3\\\/2020\\\/12\\\/logo.png\",\"contentUrl\":\"https:\\\/\\\/marktxxl.de\\\/markt\\\/wp-content\\\/uploads\\\/sites\\\/3\\\/2020\\\/12\\\/logo.png\",\"width\":200,\"height\":70,\"caption\":\"Markt-XXL\"},\"image\":{\"@id\":\"https:\\\/\\\/marktxxl.de\\\/markt\\\/#\\\/schema\\\/logo\\\/image\\\/\"}}]}<\/script>\n<!-- \/ Yoast SEO plugin. -->","yoast_head_json":{"title":"MOSI Echtleder Stift- und Lesebrillenetui. Ein Authentischer und handgefertigter au\u00dfergew\u00f6hnlicher Retro Beh\u00e4lter. Das edle Etui f\u00fcr Sie und Ihn! - Markt-XXL","description":"Markt-XXL MOSI Echtleder Stift- und Lesebrillenetui. Ein Authentischer und handgefertigter au\u00dfergew\u00f6hnlicher Retro Beh\u00e4lter. Das edle Etui f\u00fcr Sie und Ihn!","robots":{"index":"index","follow":"follow","max-snippet":"max-snippet:-1","max-image-preview":"max-image-preview:large","max-video-preview":"max-video-preview:-1"},"canonical":"https:\/\/marktxxl.de\/markt\/produkt\/mosi-echtleder-stift-und-lesebrillenetui-ein-authentischer-und-handgefertigter-aussergewoehnlicher-retro-behaelter-das-edle-etui-fuer-sie-und-ihn\/","og_locale":"de_DE","og_type":"article","og_title":"MOSI Echtleder Stift- und Lesebrillenetui. Ein Authentischer und handgefertigter au\u00dfergew\u00f6hnlicher Retro Beh\u00e4lter. Das edle Etui f\u00fcr Sie und Ihn! - Markt-XXL","og_description":"Markt-XXL MOSI Echtleder Stift- und Lesebrillenetui. Ein Authentischer und handgefertigter au\u00dfergew\u00f6hnlicher Retro Beh\u00e4lter. Das edle Etui f\u00fcr Sie und Ihn!","og_url":"https:\/\/marktxxl.de\/markt\/produkt\/mosi-echtleder-stift-und-lesebrillenetui-ein-authentischer-und-handgefertigter-aussergewoehnlicher-retro-behaelter-das-edle-etui-fuer-sie-und-ihn\/","og_site_name":"Markt-XXL","twitter_card":"summary_large_image","twitter_misc":{"Gesch\u00e4tzte Lesezeit":"1\u00a0Minute"},"schema":{"@context":"https:\/\/schema.org","@graph":[{"@type":"WebPage","@id":"https:\/\/marktxxl.de\/markt\/produkt\/mosi-echtleder-stift-und-lesebrillenetui-ein-authentischer-und-handgefertigter-aussergewoehnlicher-retro-behaelter-das-edle-etui-fuer-sie-und-ihn\/","url":"https:\/\/marktxxl.de\/markt\/produkt\/mosi-echtleder-stift-und-lesebrillenetui-ein-authentischer-und-handgefertigter-aussergewoehnlicher-retro-behaelter-das-edle-etui-fuer-sie-und-ihn\/","name":"MOSI Echtleder Stift- und Lesebrillenetui. Ein Authentischer und handgefertigter au\u00dfergew\u00f6hnlicher Retro Beh\u00e4lter. Das edle Etui f\u00fcr Sie und Ihn! - Markt-XXL","isPartOf":{"@id":"https:\/\/marktxxl.de\/markt\/#website"},"primaryImageOfPage":{"@id":"https:\/\/marktxxl.de\/markt\/produkt\/mosi-echtleder-stift-und-lesebrillenetui-ein-authentischer-und-handgefertigter-aussergewoehnlicher-retro-behaelter-das-edle-etui-fuer-sie-und-ihn\/#primaryimage"},"image":{"@id":"https:\/\/marktxxl.de\/markt\/produkt\/mosi-echtleder-stift-und-lesebrillenetui-ein-authentischer-und-handgefertigter-aussergewoehnlicher-retro-behaelter-das-edle-etui-fuer-sie-und-ihn\/#primaryimage"},"thumbnailUrl":"https:\/\/m.media-amazon.com\/images\/I\/41wiGgAdhbL._SL500_.jpg","datePublished":"2024-07-28T18:50:16+00:00","description":"Markt-XXL MOSI Echtleder Stift- und Lesebrillenetui. Ein Authentischer und handgefertigter au\u00dfergew\u00f6hnlicher Retro Beh\u00e4lter. Das edle Etui f\u00fcr Sie und Ihn!","breadcrumb":{"@id":"https:\/\/marktxxl.de\/markt\/produkt\/mosi-echtleder-stift-und-lesebrillenetui-ein-authentischer-und-handgefertigter-aussergewoehnlicher-retro-behaelter-das-edle-etui-fuer-sie-und-ihn\/#breadcrumb"},"inLanguage":"de","potentialAction":[{"@type":"ReadAction","target":["https:\/\/marktxxl.de\/markt\/produkt\/mosi-echtleder-stift-und-lesebrillenetui-ein-authentischer-und-handgefertigter-aussergewoehnlicher-retro-behaelter-das-edle-etui-fuer-sie-und-ihn\/"]}]},{"@type":"ImageObject","inLanguage":"de","@id":"https:\/\/marktxxl.de\/markt\/produkt\/mosi-echtleder-stift-und-lesebrillenetui-ein-authentischer-und-handgefertigter-aussergewoehnlicher-retro-behaelter-das-edle-etui-fuer-sie-und-ihn\/#primaryimage","url":"https:\/\/m.media-amazon.com\/images\/I\/41wiGgAdhbL._SL500_.jpg","contentUrl":"https:\/\/m.media-amazon.com\/images\/I\/41wiGgAdhbL._SL500_.jpg","width":500,"height":500},{"@type":"BreadcrumbList","@id":"https:\/\/marktxxl.de\/markt\/produkt\/mosi-echtleder-stift-und-lesebrillenetui-ein-authentischer-und-handgefertigter-aussergewoehnlicher-retro-behaelter-das-edle-etui-fuer-sie-und-ihn\/#breadcrumb","itemListElement":[{"@type":"ListItem","position":1,"name":"Startseite","item":"https:\/\/marktxxl.de\/markt\/"},{"@type":"ListItem","position":2,"name":"Markt","item":"https:\/\/marktxxl.de\/markt\/"},{"@type":"ListItem","position":3,"name":"MOSI Echtleder Stift- und Lesebrillenetui. Ein Authentischer und handgefertigter au\u00dfergew\u00f6hnlicher Retro Beh\u00e4lter. Das edle Etui f\u00fcr Sie und Ihn!"}]},{"@type":"WebSite","@id":"https:\/\/marktxxl.de\/markt\/#website","url":"https:\/\/marktxxl.de\/markt\/","name":"Markt-XXL","description":"Ihr Markt Online","publisher":{"@id":"https:\/\/marktxxl.de\/markt\/#organization"},"potentialAction":[{"@type":"SearchAction","target":{"@type":"EntryPoint","urlTemplate":"https:\/\/marktxxl.de\/markt\/?s={search_term_string}"},"query-input":{"@type":"PropertyValueSpecification","valueRequired":true,"valueName":"search_term_string"}}],"inLanguage":"de"},{"@type":"Organization","@id":"https:\/\/marktxxl.de\/markt\/#organization","name":"Markt-XXL","url":"https:\/\/marktxxl.de\/markt\/","logo":{"@type":"ImageObject","inLanguage":"de","@id":"https:\/\/marktxxl.de\/markt\/#\/schema\/logo\/image\/","url":"https:\/\/marktxxl.de\/markt\/wp-content\/uploads\/sites\/3\/2020\/12\/logo.png","contentUrl":"https:\/\/marktxxl.de\/markt\/wp-content\/uploads\/sites\/3\/2020\/12\/logo.png","width":200,"height":70,"caption":"Markt-XXL"},"image":{"@id":"https:\/\/marktxxl.de\/markt\/#\/schema\/logo\/image\/"}}]}},"_links":{"self":[{"href":"https:\/\/marktxxl.de\/markt\/wp-json\/wp\/v2\/product\/225090","targetHints":{"allow":["GET"]}}],"collection":[{"href":"https:\/\/marktxxl.de\/markt\/wp-json\/wp\/v2\/product"}],"about":[{"href":"https:\/\/marktxxl.de\/markt\/wp-json\/wp\/v2\/types\/product"}],"replies":[{"embeddable":true,"href":"https:\/\/marktxxl.de\/markt\/wp-json\/wp\/v2\/comments?post=225090"}],"wp:featuredmedia":[{"embeddable":true,"href":"https:\/\/marktxxl.de\/markt\/wp-json\/wp\/v2\/media\/225091"}],"wp:attachment":[{"href":"https:\/\/marktxxl.de\/markt\/wp-json\/wp\/v2\/media?parent=225090"}],"wp:term":[{"taxonomy":"product_brand","embeddable":true,"href":"https:\/\/marktxxl.de\/markt\/wp-json\/wp\/v2\/product_brand?post=225090"},{"taxonomy":"product_cat","embeddable":true,"href":"https:\/\/marktxxl.de\/markt\/wp-json\/wp\/v2\/product_cat?post=225090"},{"taxonomy":"product_tag","embeddable":true,"href":"https:\/\/marktxxl.de\/markt\/wp-json\/wp\/v2\/product_tag?post=225090"}],"curies":[{"name":"wp","href":"https:\/\/api.w.org\/{rel}","templated":true}]}}