{"id":224981,"date":"2024-07-28T20:44:27","date_gmt":"2024-07-28T18:44:27","guid":{"rendered":"https:\/\/marktxxl.de\/markt\/produkt\/bepanthen-wund-und-heilsalbe-spar-set-2-x-100ml\/"},"modified":"2024-07-28T20:44:27","modified_gmt":"2024-07-28T18:44:27","slug":"bepanthen-wund-und-heilsalbe-spar-set-2-x-100ml","status":"publish","type":"product","link":"https:\/\/marktxxl.de\/markt\/produkt\/bepanthen-wund-und-heilsalbe-spar-set-2-x-100ml\/","title":{"rendered":"Bepanthen Wund- und Heilsalbe Spar-Set 2 x 100ml"},"content":{"rendered":"<p>Kleine Verletzungen wie Sch\u00fcrfwunden, Kratzer oder Schnitte geh\u00f6ren zum Alltag. Auch kleine schuppige und gleichzeitig rissige Hautstellen treten h\u00e4ufig auf, vor allem im Winter, wenn die Haut trocken wird. Speziell f\u00fcr solche F\u00e4lle wurde Bepanthen Wund- und Heilsalbe entwickelt. Durch ihren bew\u00e4hrten Wirkstoff Dexpanthenol f\u00f6rdert sie die nat\u00fcrliche Wundheilung und hilft der Haut, sich selbst zu heilen.<br \/>\nBepanthen Wund- und Heilsalbe zeichnet sich durch ein breites Anwendungsgebiet aus \u2013 und sie ist f\u00fcr Gro\u00df und Klein geeignet.<br \/>\nSoweit nicht anders verordnet, tragen Sie Bepanthen Wund- und Heilsalbe ein- bis mehrmals t\u00e4glich d\u00fcnn auf die wunden Hautstellen auf. Die Behandlung mit der Salbe sollte erfolgen, bis die Symptome abgeklungen sind.<br \/>\nBepanthen Wund- und Heilsalbe enth\u00e4lt den Wirkstoff Dexpanthenol, eingebettet in eine spezielle Salbengrundlage. Diese hinterl\u00e4sst auf der Wundoberfl\u00e4che einen Salbenfilm und sch\u00fctzt die Wunde so vor dem Austrocknen. Dexpanthenol dringt in die Haut ein und f\u00f6rdert dort die nat\u00fcrliche Wundheilung. Es unterst\u00fctzt die Produktion neuer Hautzellen und beschleunigt so die Bildung von neuem, gesundem Hautgewebe.<br \/>\nZu Risiken und Nebenwirkungen lesen Sie die Packungsbeilage und fragen Sie Ihren Arzt oder Apotheker<br \/>\n<div class=\"main-cross-sell\" data-asin=\"B07FD7983P\">\n\n\t<div class=\"WooZone-cross-sell-loader\">\n\t\t<div>\n\t\t\t<div id=\"floatingBarsG\">\n\t\t\t\t<div class=\"blockG\" id=\"rotateG_01\"><\/div>\n\t\t\t\t<div class=\"blockG\" id=\"rotateG_02\"><\/div>\n\t\t\t\t<div class=\"blockG\" id=\"rotateG_03\"><\/div>\n\t\t\t\t<div class=\"blockG\" id=\"rotateG_04\"><\/div>\n\t\t\t\t<div class=\"blockG\" id=\"rotateG_05\"><\/div>\n\t\t\t\t<div class=\"blockG\" id=\"rotateG_06\"><\/div>\n\t\t\t\t<div class=\"blockG\" id=\"rotateG_07\"><\/div>\n\t\t\t\t<div class=\"blockG\" id=\"rotateG_08\"><\/div>\n\t\t\t<\/div>\n\t\t\t<div class=\"WooZone-cross-sell-loader-text\"><\/div>\n\t\t<\/div>\n\t<\/div>\n\n\t\t\n<\/div>\n<div style=\"clear:both;\"><\/div><\/p>\n","protected":false},"excerpt":{"rendered":"<p>Kleine Verletzungen wie Sch\u00fcrfwunden, Kratzer oder Schnitte geh\u00f6ren zum Alltag. Auch kleine schuppige und gleichzeitig rissige Hautstellen treten h\u00e4ufig auf, vor allem im Winter, wenn die Haut trocken wird. Speziell f\u00fcr solche F\u00e4lle wurde Bepanthen Wund- und Heilsalbe entwickelt. Durch ihren bew\u00e4hrten Wirkstoff Dexpanthenol f\u00f6rdert sie die nat\u00fcrliche Wundheilung und hilft der Haut, sich selbst zu heilen.<br \/>\nBepanthen Wund- und Heilsalbe zeichnet sich durch ein breites Anwendungsgebiet aus \u2013 und sie ist f\u00fcr Gro\u00df und Klein geeignet.<br \/>\nSoweit nicht anders verordnet, tragen Sie Bepanthen Wund- und Heilsalbe ein- bis mehrmals t\u00e4glich d\u00fcnn auf die wunden Hautstellen auf. Die Behandlung mit der Salbe sollte erfolgen, bis die Symptome abgeklungen sind.<\/p>\n","protected":false},"featured_media":224982,"comment_status":"open","ping_status":"closed","template":"","meta":[],"product_brand":[],"product_cat":[566,5846],"product_tag":[],"class_list":{"0":"post-224981","1":"product","2":"type-product","3":"status-publish","4":"has-post-thumbnail","6":"product_cat-drogerie-koerperpflege","7":"product_cat-medizin-erste-hilfe","8":"pa_brand-aonelas","9":"pa_manufacturer-bepanthen","10":"pa_size-100-ml-2er-pack","11":"pa_weight-0-220462262-pfund","13":"first","14":"instock","15":"shipping-taxable","16":"purchasable","17":"product-type-simple","18":"customify-col","19":"product-has-gallery"},"yoast_head":"<!-- This site is optimized with the Yoast SEO plugin v27.4 - https:\/\/yoast.com\/product\/yoast-seo-wordpress\/ -->\n<title>Bepanthen Wund- und Heilsalbe Spar-Set 2 x 100ml - Markt-XXL<\/title>\n<meta name=\"description\" content=\"Markt-XXL Bepanthen Wund- und Heilsalbe Spar-Set 2 x 100ml\" \/>\n<meta name=\"robots\" content=\"index, follow, max-snippet:-1, max-image-preview:large, max-video-preview:-1\" \/>\n<link rel=\"canonical\" href=\"https:\/\/marktxxl.de\/markt\/produkt\/bepanthen-wund-und-heilsalbe-spar-set-2-x-100ml\/\" \/>\n<meta property=\"og:locale\" content=\"de_DE\" \/>\n<meta property=\"og:type\" content=\"article\" \/>\n<meta property=\"og:title\" content=\"Bepanthen Wund- und Heilsalbe Spar-Set 2 x 100ml - Markt-XXL\" \/>\n<meta property=\"og:description\" content=\"Markt-XXL Bepanthen Wund- und Heilsalbe Spar-Set 2 x 100ml\" \/>\n<meta property=\"og:url\" content=\"https:\/\/marktxxl.de\/markt\/produkt\/bepanthen-wund-und-heilsalbe-spar-set-2-x-100ml\/\" \/>\n<meta property=\"og:site_name\" content=\"Markt-XXL\" \/>\n<meta name=\"twitter:card\" content=\"summary_large_image\" \/>\n<meta name=\"twitter:label1\" content=\"Gesch\u00e4tzte Lesezeit\" \/>\n\t<meta name=\"twitter:data1\" content=\"1\u00a0Minute\" \/>\n<script type=\"application\/ld+json\" class=\"yoast-schema-graph\">{\"@context\":\"https:\\\/\\\/schema.org\",\"@graph\":[{\"@type\":\"WebPage\",\"@id\":\"https:\\\/\\\/marktxxl.de\\\/markt\\\/produkt\\\/bepanthen-wund-und-heilsalbe-spar-set-2-x-100ml\\\/\",\"url\":\"https:\\\/\\\/marktxxl.de\\\/markt\\\/produkt\\\/bepanthen-wund-und-heilsalbe-spar-set-2-x-100ml\\\/\",\"name\":\"Bepanthen Wund- und Heilsalbe Spar-Set 2 x 100ml - Markt-XXL\",\"isPartOf\":{\"@id\":\"https:\\\/\\\/marktxxl.de\\\/markt\\\/#website\"},\"primaryImageOfPage\":{\"@id\":\"https:\\\/\\\/marktxxl.de\\\/markt\\\/produkt\\\/bepanthen-wund-und-heilsalbe-spar-set-2-x-100ml\\\/#primaryimage\"},\"image\":{\"@id\":\"https:\\\/\\\/marktxxl.de\\\/markt\\\/produkt\\\/bepanthen-wund-und-heilsalbe-spar-set-2-x-100ml\\\/#primaryimage\"},\"thumbnailUrl\":\"https:\\\/\\\/m.media-amazon.com\\\/images\\\/I\\\/41KGJ6co2KL._SL500_.jpg\",\"datePublished\":\"2024-07-28T18:44:27+00:00\",\"description\":\"Markt-XXL Bepanthen Wund- und Heilsalbe Spar-Set 2 x 100ml\",\"breadcrumb\":{\"@id\":\"https:\\\/\\\/marktxxl.de\\\/markt\\\/produkt\\\/bepanthen-wund-und-heilsalbe-spar-set-2-x-100ml\\\/#breadcrumb\"},\"inLanguage\":\"de\",\"potentialAction\":[{\"@type\":\"ReadAction\",\"target\":[\"https:\\\/\\\/marktxxl.de\\\/markt\\\/produkt\\\/bepanthen-wund-und-heilsalbe-spar-set-2-x-100ml\\\/\"]}]},{\"@type\":\"ImageObject\",\"inLanguage\":\"de\",\"@id\":\"https:\\\/\\\/marktxxl.de\\\/markt\\\/produkt\\\/bepanthen-wund-und-heilsalbe-spar-set-2-x-100ml\\\/#primaryimage\",\"url\":\"https:\\\/\\\/m.media-amazon.com\\\/images\\\/I\\\/41KGJ6co2KL._SL500_.jpg\",\"contentUrl\":\"https:\\\/\\\/m.media-amazon.com\\\/images\\\/I\\\/41KGJ6co2KL._SL500_.jpg\",\"width\":500,\"height\":382},{\"@type\":\"BreadcrumbList\",\"@id\":\"https:\\\/\\\/marktxxl.de\\\/markt\\\/produkt\\\/bepanthen-wund-und-heilsalbe-spar-set-2-x-100ml\\\/#breadcrumb\",\"itemListElement\":[{\"@type\":\"ListItem\",\"position\":1,\"name\":\"Startseite\",\"item\":\"https:\\\/\\\/marktxxl.de\\\/markt\\\/\"},{\"@type\":\"ListItem\",\"position\":2,\"name\":\"Markt\",\"item\":\"https:\\\/\\\/marktxxl.de\\\/markt\\\/\"},{\"@type\":\"ListItem\",\"position\":3,\"name\":\"Bepanthen Wund- und Heilsalbe Spar-Set 2 x 100ml\"}]},{\"@type\":\"WebSite\",\"@id\":\"https:\\\/\\\/marktxxl.de\\\/markt\\\/#website\",\"url\":\"https:\\\/\\\/marktxxl.de\\\/markt\\\/\",\"name\":\"Markt-XXL\",\"description\":\"Ihr Markt Online\",\"publisher\":{\"@id\":\"https:\\\/\\\/marktxxl.de\\\/markt\\\/#organization\"},\"potentialAction\":[{\"@type\":\"SearchAction\",\"target\":{\"@type\":\"EntryPoint\",\"urlTemplate\":\"https:\\\/\\\/marktxxl.de\\\/markt\\\/?s={search_term_string}\"},\"query-input\":{\"@type\":\"PropertyValueSpecification\",\"valueRequired\":true,\"valueName\":\"search_term_string\"}}],\"inLanguage\":\"de\"},{\"@type\":\"Organization\",\"@id\":\"https:\\\/\\\/marktxxl.de\\\/markt\\\/#organization\",\"name\":\"Markt-XXL\",\"url\":\"https:\\\/\\\/marktxxl.de\\\/markt\\\/\",\"logo\":{\"@type\":\"ImageObject\",\"inLanguage\":\"de\",\"@id\":\"https:\\\/\\\/marktxxl.de\\\/markt\\\/#\\\/schema\\\/logo\\\/image\\\/\",\"url\":\"https:\\\/\\\/marktxxl.de\\\/markt\\\/wp-content\\\/uploads\\\/sites\\\/3\\\/2020\\\/12\\\/logo.png\",\"contentUrl\":\"https:\\\/\\\/marktxxl.de\\\/markt\\\/wp-content\\\/uploads\\\/sites\\\/3\\\/2020\\\/12\\\/logo.png\",\"width\":200,\"height\":70,\"caption\":\"Markt-XXL\"},\"image\":{\"@id\":\"https:\\\/\\\/marktxxl.de\\\/markt\\\/#\\\/schema\\\/logo\\\/image\\\/\"}}]}<\/script>\n<!-- \/ Yoast SEO plugin. -->","yoast_head_json":{"title":"Bepanthen Wund- und Heilsalbe Spar-Set 2 x 100ml - Markt-XXL","description":"Markt-XXL Bepanthen Wund- und Heilsalbe Spar-Set 2 x 100ml","robots":{"index":"index","follow":"follow","max-snippet":"max-snippet:-1","max-image-preview":"max-image-preview:large","max-video-preview":"max-video-preview:-1"},"canonical":"https:\/\/marktxxl.de\/markt\/produkt\/bepanthen-wund-und-heilsalbe-spar-set-2-x-100ml\/","og_locale":"de_DE","og_type":"article","og_title":"Bepanthen Wund- und Heilsalbe Spar-Set 2 x 100ml - Markt-XXL","og_description":"Markt-XXL Bepanthen Wund- und Heilsalbe Spar-Set 2 x 100ml","og_url":"https:\/\/marktxxl.de\/markt\/produkt\/bepanthen-wund-und-heilsalbe-spar-set-2-x-100ml\/","og_site_name":"Markt-XXL","twitter_card":"summary_large_image","twitter_misc":{"Gesch\u00e4tzte Lesezeit":"1\u00a0Minute"},"schema":{"@context":"https:\/\/schema.org","@graph":[{"@type":"WebPage","@id":"https:\/\/marktxxl.de\/markt\/produkt\/bepanthen-wund-und-heilsalbe-spar-set-2-x-100ml\/","url":"https:\/\/marktxxl.de\/markt\/produkt\/bepanthen-wund-und-heilsalbe-spar-set-2-x-100ml\/","name":"Bepanthen Wund- und Heilsalbe Spar-Set 2 x 100ml - Markt-XXL","isPartOf":{"@id":"https:\/\/marktxxl.de\/markt\/#website"},"primaryImageOfPage":{"@id":"https:\/\/marktxxl.de\/markt\/produkt\/bepanthen-wund-und-heilsalbe-spar-set-2-x-100ml\/#primaryimage"},"image":{"@id":"https:\/\/marktxxl.de\/markt\/produkt\/bepanthen-wund-und-heilsalbe-spar-set-2-x-100ml\/#primaryimage"},"thumbnailUrl":"https:\/\/m.media-amazon.com\/images\/I\/41KGJ6co2KL._SL500_.jpg","datePublished":"2024-07-28T18:44:27+00:00","description":"Markt-XXL Bepanthen Wund- und Heilsalbe Spar-Set 2 x 100ml","breadcrumb":{"@id":"https:\/\/marktxxl.de\/markt\/produkt\/bepanthen-wund-und-heilsalbe-spar-set-2-x-100ml\/#breadcrumb"},"inLanguage":"de","potentialAction":[{"@type":"ReadAction","target":["https:\/\/marktxxl.de\/markt\/produkt\/bepanthen-wund-und-heilsalbe-spar-set-2-x-100ml\/"]}]},{"@type":"ImageObject","inLanguage":"de","@id":"https:\/\/marktxxl.de\/markt\/produkt\/bepanthen-wund-und-heilsalbe-spar-set-2-x-100ml\/#primaryimage","url":"https:\/\/m.media-amazon.com\/images\/I\/41KGJ6co2KL._SL500_.jpg","contentUrl":"https:\/\/m.media-amazon.com\/images\/I\/41KGJ6co2KL._SL500_.jpg","width":500,"height":382},{"@type":"BreadcrumbList","@id":"https:\/\/marktxxl.de\/markt\/produkt\/bepanthen-wund-und-heilsalbe-spar-set-2-x-100ml\/#breadcrumb","itemListElement":[{"@type":"ListItem","position":1,"name":"Startseite","item":"https:\/\/marktxxl.de\/markt\/"},{"@type":"ListItem","position":2,"name":"Markt","item":"https:\/\/marktxxl.de\/markt\/"},{"@type":"ListItem","position":3,"name":"Bepanthen Wund- und Heilsalbe Spar-Set 2 x 100ml"}]},{"@type":"WebSite","@id":"https:\/\/marktxxl.de\/markt\/#website","url":"https:\/\/marktxxl.de\/markt\/","name":"Markt-XXL","description":"Ihr Markt Online","publisher":{"@id":"https:\/\/marktxxl.de\/markt\/#organization"},"potentialAction":[{"@type":"SearchAction","target":{"@type":"EntryPoint","urlTemplate":"https:\/\/marktxxl.de\/markt\/?s={search_term_string}"},"query-input":{"@type":"PropertyValueSpecification","valueRequired":true,"valueName":"search_term_string"}}],"inLanguage":"de"},{"@type":"Organization","@id":"https:\/\/marktxxl.de\/markt\/#organization","name":"Markt-XXL","url":"https:\/\/marktxxl.de\/markt\/","logo":{"@type":"ImageObject","inLanguage":"de","@id":"https:\/\/marktxxl.de\/markt\/#\/schema\/logo\/image\/","url":"https:\/\/marktxxl.de\/markt\/wp-content\/uploads\/sites\/3\/2020\/12\/logo.png","contentUrl":"https:\/\/marktxxl.de\/markt\/wp-content\/uploads\/sites\/3\/2020\/12\/logo.png","width":200,"height":70,"caption":"Markt-XXL"},"image":{"@id":"https:\/\/marktxxl.de\/markt\/#\/schema\/logo\/image\/"}}]}},"_links":{"self":[{"href":"https:\/\/marktxxl.de\/markt\/wp-json\/wp\/v2\/product\/224981","targetHints":{"allow":["GET"]}}],"collection":[{"href":"https:\/\/marktxxl.de\/markt\/wp-json\/wp\/v2\/product"}],"about":[{"href":"https:\/\/marktxxl.de\/markt\/wp-json\/wp\/v2\/types\/product"}],"replies":[{"embeddable":true,"href":"https:\/\/marktxxl.de\/markt\/wp-json\/wp\/v2\/comments?post=224981"}],"wp:featuredmedia":[{"embeddable":true,"href":"https:\/\/marktxxl.de\/markt\/wp-json\/wp\/v2\/media\/224982"}],"wp:attachment":[{"href":"https:\/\/marktxxl.de\/markt\/wp-json\/wp\/v2\/media?parent=224981"}],"wp:term":[{"taxonomy":"product_brand","embeddable":true,"href":"https:\/\/marktxxl.de\/markt\/wp-json\/wp\/v2\/product_brand?post=224981"},{"taxonomy":"product_cat","embeddable":true,"href":"https:\/\/marktxxl.de\/markt\/wp-json\/wp\/v2\/product_cat?post=224981"},{"taxonomy":"product_tag","embeddable":true,"href":"https:\/\/marktxxl.de\/markt\/wp-json\/wp\/v2\/product_tag?post=224981"}],"curies":[{"name":"wp","href":"https:\/\/api.w.org\/{rel}","templated":true}]}}