{"id":224898,"date":"2024-07-28T20:29:48","date_gmt":"2024-07-28T18:29:48","guid":{"rendered":"https:\/\/marktxxl.de\/markt\/produkt\/1-zeozima-ohrstoepsel-zum-schlafen-neu-design-schaumstoff-ohrstoepsel-der-spitzenklasse-mit-nrr-36-gehoerschutz-5-paar\/"},"modified":"2024-07-28T20:29:48","modified_gmt":"2024-07-28T18:29:48","slug":"1-zeozima-ohrstoepsel-zum-schlafen-neu-design-schaumstoff-ohrstoepsel-der-spitzenklasse-mit-nrr-36-gehoerschutz-5-paar","status":"publish","type":"product","link":"https:\/\/marktxxl.de\/markt\/produkt\/1-zeozima-ohrstoepsel-zum-schlafen-neu-design-schaumstoff-ohrstoepsel-der-spitzenklasse-mit-nrr-36-gehoerschutz-5-paar\/","title":{"rendered":"#1 Zeozima Ohrst\u00f6psel zum Schlafen-Neu Design Schaumstoff-Ohrst\u00f6psel der Spitzenklasse mit NRR 36 Geh\u00f6rschutz, 5 Paar"},"content":{"rendered":"<p>Ultra Komfortabel &#8211; Hergestellt aus Comfy Cush-Komfortschaum mit sehr niedrigem Druck und langsamer Freisetzung. Die vom Benutzer bevorzugte Farbe ist sowohl f\u00fcr Ihre Augen als auch f\u00fcr Ihre Ohren angenehm.<br \/>\nUltra Noise Blockers &#8211; Mit einem Noise Reduction Rating (NRR) von 36 Dezibel sind diese vielseitigen, ger\u00e4uschd\u00e4mmenden Ohrst\u00f6psel ideal zum Schlafen, Lernen, Arbeiten, Reisen, f\u00fcr Konzerte, zum Entspannen, Motorradfahren, f\u00fcr laute Veranstaltungen usw.<br \/>\n#Nr. 1 Marke f\u00fcr Schnarchen, Schlafen und Geh\u00f6rschutz &#8211; Zeozima ist die von \u00c4rzten empfohlene Nr. 1 Marke f\u00fcr Schaumstoff-Ohrst\u00f6psel zum Schutz des Geh\u00f6rs und f\u00fcr einen erholsamen Schlaf, wenn Sie mit einem schnarchenden Ehepartner schlafen<br \/>\n#Von \u00c4rzten verwendete Marke Nr. 1 &#8211; Zeozima ist die Marke Nr. 1 f\u00fcr Schaumstoff-Ohrst\u00f6psel, die von \u00c4rzten pers\u00f6nlich verwendet wird. Vertrauen Sie der Marke, der \u00c4rzte vertrauen<br \/>\nIdeal f\u00fcr kleinere und gr\u00f6\u00dfere Ohren &#8211; Die kleine Gr\u00f6\u00dfe des Ohrst\u00f6psels bietet optimalen Sitz und Geh\u00f6rschutz f\u00fcr kleinere Ohren, aber der Schaumstoff mit niedrigem Druck dehnt sich aus und passt sich praktisch jeder Gr\u00f6\u00dfe von Ohr und Geh\u00f6rgang an<br \/>\n<div class=\"main-cross-sell\" data-asin=\"B0D6RCYT6Z\">\n\n\t<div class=\"WooZone-cross-sell-loader\">\n\t\t<div>\n\t\t\t<div id=\"floatingBarsG\">\n\t\t\t\t<div class=\"blockG\" id=\"rotateG_01\"><\/div>\n\t\t\t\t<div class=\"blockG\" id=\"rotateG_02\"><\/div>\n\t\t\t\t<div class=\"blockG\" id=\"rotateG_03\"><\/div>\n\t\t\t\t<div class=\"blockG\" id=\"rotateG_04\"><\/div>\n\t\t\t\t<div class=\"blockG\" id=\"rotateG_05\"><\/div>\n\t\t\t\t<div class=\"blockG\" id=\"rotateG_06\"><\/div>\n\t\t\t\t<div class=\"blockG\" id=\"rotateG_07\"><\/div>\n\t\t\t\t<div class=\"blockG\" id=\"rotateG_08\"><\/div>\n\t\t\t<\/div>\n\t\t\t<div class=\"WooZone-cross-sell-loader-text\"><\/div>\n\t\t<\/div>\n\t<\/div>\n\n\t\t\n<\/div>\n<div style=\"clear:both;\"><\/div><\/p>\n","protected":false},"excerpt":{"rendered":"<p>Ultra Komfortabel &#8211; Hergestellt aus Comfy Cush-Komfortschaum mit sehr niedrigem Druck und langsamer Freisetzung. Die vom Benutzer bevorzugte Farbe ist sowohl f\u00fcr Ihre Augen als auch f\u00fcr Ihre Ohren angenehm.<br \/>\nUltra Noise Blockers &#8211; Mit einem Noise Reduction Rating (NRR) von 36 Dezibel sind diese vielseitigen, ger\u00e4uschd\u00e4mmenden Ohrst\u00f6psel ideal zum Schlafen, Lernen, Arbeiten, Reisen, f\u00fcr Konzerte, zum Entspannen, Motorradfahren, f\u00fcr laute Veranstaltungen usw.<br \/>\n#Nr. 1 Marke f\u00fcr Schnarchen, Schlafen und Geh\u00f6rschutz &#8211; Zeozima ist die von \u00c4rzten empfohlene Nr. 1 Marke f\u00fcr Schaumstoff-Ohrst\u00f6psel zum Schutz des Geh\u00f6rs und f\u00fcr einen erholsamen Schlaf, wenn Sie mit einem schnarchenden Ehepartner schlafen<\/p>\n","protected":false},"featured_media":224899,"comment_status":"open","ping_status":"closed","template":"","meta":[],"product_brand":[],"product_cat":[566,5846],"product_tag":[],"class_list":{"0":"post-224898","1":"product","2":"type-product","3":"status-publish","4":"has-post-thumbnail","6":"product_cat-drogerie-koerperpflege","7":"product_cat-medizin-erste-hilfe","8":"pa_brand-zeozima","9":"pa_color-gelb","10":"pa_manufacturer-zeozima","11":"pa_size-1-stueck-10er-pack","13":"first","14":"instock","15":"sale","16":"shipping-taxable","17":"purchasable","18":"product-type-simple","19":"customify-col","20":"product-has-gallery"},"yoast_head":"<!-- This site is optimized with the Yoast SEO plugin v27.4 - https:\/\/yoast.com\/product\/yoast-seo-wordpress\/ -->\n<title>#1 Zeozima Ohrst\u00f6psel zum Schlafen-Neu Design Schaumstoff-Ohrst\u00f6psel der Spitzenklasse mit NRR 36 Geh\u00f6rschutz, 5 Paar - Markt-XXL<\/title>\n<meta name=\"description\" content=\"Markt-XXL #1 Zeozima Ohrst\u00f6psel zum Schlafen-Neu Design Schaumstoff-Ohrst\u00f6psel der Spitzenklasse mit NRR 36 Geh\u00f6rschutz, 5 Paar\" \/>\n<meta name=\"robots\" content=\"index, follow, max-snippet:-1, max-image-preview:large, max-video-preview:-1\" \/>\n<link rel=\"canonical\" href=\"https:\/\/marktxxl.de\/markt\/produkt\/1-zeozima-ohrstoepsel-zum-schlafen-neu-design-schaumstoff-ohrstoepsel-der-spitzenklasse-mit-nrr-36-gehoerschutz-5-paar\/\" \/>\n<meta property=\"og:locale\" content=\"de_DE\" \/>\n<meta property=\"og:type\" content=\"article\" \/>\n<meta property=\"og:title\" content=\"#1 Zeozima Ohrst\u00f6psel zum Schlafen-Neu Design Schaumstoff-Ohrst\u00f6psel der Spitzenklasse mit NRR 36 Geh\u00f6rschutz, 5 Paar - Markt-XXL\" \/>\n<meta property=\"og:description\" content=\"Markt-XXL #1 Zeozima Ohrst\u00f6psel zum Schlafen-Neu Design Schaumstoff-Ohrst\u00f6psel der Spitzenklasse mit NRR 36 Geh\u00f6rschutz, 5 Paar\" \/>\n<meta property=\"og:url\" content=\"https:\/\/marktxxl.de\/markt\/produkt\/1-zeozima-ohrstoepsel-zum-schlafen-neu-design-schaumstoff-ohrstoepsel-der-spitzenklasse-mit-nrr-36-gehoerschutz-5-paar\/\" \/>\n<meta property=\"og:site_name\" content=\"Markt-XXL\" \/>\n<meta name=\"twitter:card\" content=\"summary_large_image\" \/>\n<meta name=\"twitter:label1\" content=\"Gesch\u00e4tzte Lesezeit\" \/>\n\t<meta name=\"twitter:data1\" content=\"1\u00a0Minute\" \/>\n<script type=\"application\/ld+json\" class=\"yoast-schema-graph\">{\"@context\":\"https:\\\/\\\/schema.org\",\"@graph\":[{\"@type\":\"WebPage\",\"@id\":\"https:\\\/\\\/marktxxl.de\\\/markt\\\/produkt\\\/1-zeozima-ohrstoepsel-zum-schlafen-neu-design-schaumstoff-ohrstoepsel-der-spitzenklasse-mit-nrr-36-gehoerschutz-5-paar\\\/\",\"url\":\"https:\\\/\\\/marktxxl.de\\\/markt\\\/produkt\\\/1-zeozima-ohrstoepsel-zum-schlafen-neu-design-schaumstoff-ohrstoepsel-der-spitzenklasse-mit-nrr-36-gehoerschutz-5-paar\\\/\",\"name\":\"#1 Zeozima Ohrst\u00f6psel zum Schlafen-Neu Design Schaumstoff-Ohrst\u00f6psel der Spitzenklasse mit NRR 36 Geh\u00f6rschutz, 5 Paar - Markt-XXL\",\"isPartOf\":{\"@id\":\"https:\\\/\\\/marktxxl.de\\\/markt\\\/#website\"},\"primaryImageOfPage\":{\"@id\":\"https:\\\/\\\/marktxxl.de\\\/markt\\\/produkt\\\/1-zeozima-ohrstoepsel-zum-schlafen-neu-design-schaumstoff-ohrstoepsel-der-spitzenklasse-mit-nrr-36-gehoerschutz-5-paar\\\/#primaryimage\"},\"image\":{\"@id\":\"https:\\\/\\\/marktxxl.de\\\/markt\\\/produkt\\\/1-zeozima-ohrstoepsel-zum-schlafen-neu-design-schaumstoff-ohrstoepsel-der-spitzenklasse-mit-nrr-36-gehoerschutz-5-paar\\\/#primaryimage\"},\"thumbnailUrl\":\"https:\\\/\\\/m.media-amazon.com\\\/images\\\/I\\\/41VZH8R+j2L._SL500_.jpg\",\"datePublished\":\"2024-07-28T18:29:48+00:00\",\"description\":\"Markt-XXL #1 Zeozima Ohrst\u00f6psel zum Schlafen-Neu Design Schaumstoff-Ohrst\u00f6psel der Spitzenklasse mit NRR 36 Geh\u00f6rschutz, 5 Paar\",\"breadcrumb\":{\"@id\":\"https:\\\/\\\/marktxxl.de\\\/markt\\\/produkt\\\/1-zeozima-ohrstoepsel-zum-schlafen-neu-design-schaumstoff-ohrstoepsel-der-spitzenklasse-mit-nrr-36-gehoerschutz-5-paar\\\/#breadcrumb\"},\"inLanguage\":\"de\",\"potentialAction\":[{\"@type\":\"ReadAction\",\"target\":[\"https:\\\/\\\/marktxxl.de\\\/markt\\\/produkt\\\/1-zeozima-ohrstoepsel-zum-schlafen-neu-design-schaumstoff-ohrstoepsel-der-spitzenklasse-mit-nrr-36-gehoerschutz-5-paar\\\/\"]}]},{\"@type\":\"ImageObject\",\"inLanguage\":\"de\",\"@id\":\"https:\\\/\\\/marktxxl.de\\\/markt\\\/produkt\\\/1-zeozima-ohrstoepsel-zum-schlafen-neu-design-schaumstoff-ohrstoepsel-der-spitzenklasse-mit-nrr-36-gehoerschutz-5-paar\\\/#primaryimage\",\"url\":\"https:\\\/\\\/m.media-amazon.com\\\/images\\\/I\\\/41VZH8R+j2L._SL500_.jpg\",\"contentUrl\":\"https:\\\/\\\/m.media-amazon.com\\\/images\\\/I\\\/41VZH8R+j2L._SL500_.jpg\",\"width\":500,\"height\":500},{\"@type\":\"BreadcrumbList\",\"@id\":\"https:\\\/\\\/marktxxl.de\\\/markt\\\/produkt\\\/1-zeozima-ohrstoepsel-zum-schlafen-neu-design-schaumstoff-ohrstoepsel-der-spitzenklasse-mit-nrr-36-gehoerschutz-5-paar\\\/#breadcrumb\",\"itemListElement\":[{\"@type\":\"ListItem\",\"position\":1,\"name\":\"Startseite\",\"item\":\"https:\\\/\\\/marktxxl.de\\\/markt\\\/\"},{\"@type\":\"ListItem\",\"position\":2,\"name\":\"Markt\",\"item\":\"https:\\\/\\\/marktxxl.de\\\/markt\\\/\"},{\"@type\":\"ListItem\",\"position\":3,\"name\":\"#1 Zeozima Ohrst\u00f6psel zum Schlafen-Neu Design Schaumstoff-Ohrst\u00f6psel der Spitzenklasse mit NRR 36 Geh\u00f6rschutz, 5 Paar\"}]},{\"@type\":\"WebSite\",\"@id\":\"https:\\\/\\\/marktxxl.de\\\/markt\\\/#website\",\"url\":\"https:\\\/\\\/marktxxl.de\\\/markt\\\/\",\"name\":\"Markt-XXL\",\"description\":\"Ihr Markt Online\",\"publisher\":{\"@id\":\"https:\\\/\\\/marktxxl.de\\\/markt\\\/#organization\"},\"potentialAction\":[{\"@type\":\"SearchAction\",\"target\":{\"@type\":\"EntryPoint\",\"urlTemplate\":\"https:\\\/\\\/marktxxl.de\\\/markt\\\/?s={search_term_string}\"},\"query-input\":{\"@type\":\"PropertyValueSpecification\",\"valueRequired\":true,\"valueName\":\"search_term_string\"}}],\"inLanguage\":\"de\"},{\"@type\":\"Organization\",\"@id\":\"https:\\\/\\\/marktxxl.de\\\/markt\\\/#organization\",\"name\":\"Markt-XXL\",\"url\":\"https:\\\/\\\/marktxxl.de\\\/markt\\\/\",\"logo\":{\"@type\":\"ImageObject\",\"inLanguage\":\"de\",\"@id\":\"https:\\\/\\\/marktxxl.de\\\/markt\\\/#\\\/schema\\\/logo\\\/image\\\/\",\"url\":\"https:\\\/\\\/marktxxl.de\\\/markt\\\/wp-content\\\/uploads\\\/sites\\\/3\\\/2020\\\/12\\\/logo.png\",\"contentUrl\":\"https:\\\/\\\/marktxxl.de\\\/markt\\\/wp-content\\\/uploads\\\/sites\\\/3\\\/2020\\\/12\\\/logo.png\",\"width\":200,\"height\":70,\"caption\":\"Markt-XXL\"},\"image\":{\"@id\":\"https:\\\/\\\/marktxxl.de\\\/markt\\\/#\\\/schema\\\/logo\\\/image\\\/\"}}]}<\/script>\n<!-- \/ Yoast SEO plugin. -->","yoast_head_json":{"title":"#1 Zeozima Ohrst\u00f6psel zum Schlafen-Neu Design Schaumstoff-Ohrst\u00f6psel der Spitzenklasse mit NRR 36 Geh\u00f6rschutz, 5 Paar - Markt-XXL","description":"Markt-XXL #1 Zeozima Ohrst\u00f6psel zum Schlafen-Neu Design Schaumstoff-Ohrst\u00f6psel der Spitzenklasse mit NRR 36 Geh\u00f6rschutz, 5 Paar","robots":{"index":"index","follow":"follow","max-snippet":"max-snippet:-1","max-image-preview":"max-image-preview:large","max-video-preview":"max-video-preview:-1"},"canonical":"https:\/\/marktxxl.de\/markt\/produkt\/1-zeozima-ohrstoepsel-zum-schlafen-neu-design-schaumstoff-ohrstoepsel-der-spitzenklasse-mit-nrr-36-gehoerschutz-5-paar\/","og_locale":"de_DE","og_type":"article","og_title":"#1 Zeozima Ohrst\u00f6psel zum Schlafen-Neu Design Schaumstoff-Ohrst\u00f6psel der Spitzenklasse mit NRR 36 Geh\u00f6rschutz, 5 Paar - Markt-XXL","og_description":"Markt-XXL #1 Zeozima Ohrst\u00f6psel zum Schlafen-Neu Design Schaumstoff-Ohrst\u00f6psel der Spitzenklasse mit NRR 36 Geh\u00f6rschutz, 5 Paar","og_url":"https:\/\/marktxxl.de\/markt\/produkt\/1-zeozima-ohrstoepsel-zum-schlafen-neu-design-schaumstoff-ohrstoepsel-der-spitzenklasse-mit-nrr-36-gehoerschutz-5-paar\/","og_site_name":"Markt-XXL","twitter_card":"summary_large_image","twitter_misc":{"Gesch\u00e4tzte Lesezeit":"1\u00a0Minute"},"schema":{"@context":"https:\/\/schema.org","@graph":[{"@type":"WebPage","@id":"https:\/\/marktxxl.de\/markt\/produkt\/1-zeozima-ohrstoepsel-zum-schlafen-neu-design-schaumstoff-ohrstoepsel-der-spitzenklasse-mit-nrr-36-gehoerschutz-5-paar\/","url":"https:\/\/marktxxl.de\/markt\/produkt\/1-zeozima-ohrstoepsel-zum-schlafen-neu-design-schaumstoff-ohrstoepsel-der-spitzenklasse-mit-nrr-36-gehoerschutz-5-paar\/","name":"#1 Zeozima Ohrst\u00f6psel zum Schlafen-Neu Design Schaumstoff-Ohrst\u00f6psel der Spitzenklasse mit NRR 36 Geh\u00f6rschutz, 5 Paar - Markt-XXL","isPartOf":{"@id":"https:\/\/marktxxl.de\/markt\/#website"},"primaryImageOfPage":{"@id":"https:\/\/marktxxl.de\/markt\/produkt\/1-zeozima-ohrstoepsel-zum-schlafen-neu-design-schaumstoff-ohrstoepsel-der-spitzenklasse-mit-nrr-36-gehoerschutz-5-paar\/#primaryimage"},"image":{"@id":"https:\/\/marktxxl.de\/markt\/produkt\/1-zeozima-ohrstoepsel-zum-schlafen-neu-design-schaumstoff-ohrstoepsel-der-spitzenklasse-mit-nrr-36-gehoerschutz-5-paar\/#primaryimage"},"thumbnailUrl":"https:\/\/m.media-amazon.com\/images\/I\/41VZH8R+j2L._SL500_.jpg","datePublished":"2024-07-28T18:29:48+00:00","description":"Markt-XXL #1 Zeozima Ohrst\u00f6psel zum Schlafen-Neu Design Schaumstoff-Ohrst\u00f6psel der Spitzenklasse mit NRR 36 Geh\u00f6rschutz, 5 Paar","breadcrumb":{"@id":"https:\/\/marktxxl.de\/markt\/produkt\/1-zeozima-ohrstoepsel-zum-schlafen-neu-design-schaumstoff-ohrstoepsel-der-spitzenklasse-mit-nrr-36-gehoerschutz-5-paar\/#breadcrumb"},"inLanguage":"de","potentialAction":[{"@type":"ReadAction","target":["https:\/\/marktxxl.de\/markt\/produkt\/1-zeozima-ohrstoepsel-zum-schlafen-neu-design-schaumstoff-ohrstoepsel-der-spitzenklasse-mit-nrr-36-gehoerschutz-5-paar\/"]}]},{"@type":"ImageObject","inLanguage":"de","@id":"https:\/\/marktxxl.de\/markt\/produkt\/1-zeozima-ohrstoepsel-zum-schlafen-neu-design-schaumstoff-ohrstoepsel-der-spitzenklasse-mit-nrr-36-gehoerschutz-5-paar\/#primaryimage","url":"https:\/\/m.media-amazon.com\/images\/I\/41VZH8R+j2L._SL500_.jpg","contentUrl":"https:\/\/m.media-amazon.com\/images\/I\/41VZH8R+j2L._SL500_.jpg","width":500,"height":500},{"@type":"BreadcrumbList","@id":"https:\/\/marktxxl.de\/markt\/produkt\/1-zeozima-ohrstoepsel-zum-schlafen-neu-design-schaumstoff-ohrstoepsel-der-spitzenklasse-mit-nrr-36-gehoerschutz-5-paar\/#breadcrumb","itemListElement":[{"@type":"ListItem","position":1,"name":"Startseite","item":"https:\/\/marktxxl.de\/markt\/"},{"@type":"ListItem","position":2,"name":"Markt","item":"https:\/\/marktxxl.de\/markt\/"},{"@type":"ListItem","position":3,"name":"#1 Zeozima Ohrst\u00f6psel zum Schlafen-Neu Design Schaumstoff-Ohrst\u00f6psel der Spitzenklasse mit NRR 36 Geh\u00f6rschutz, 5 Paar"}]},{"@type":"WebSite","@id":"https:\/\/marktxxl.de\/markt\/#website","url":"https:\/\/marktxxl.de\/markt\/","name":"Markt-XXL","description":"Ihr Markt Online","publisher":{"@id":"https:\/\/marktxxl.de\/markt\/#organization"},"potentialAction":[{"@type":"SearchAction","target":{"@type":"EntryPoint","urlTemplate":"https:\/\/marktxxl.de\/markt\/?s={search_term_string}"},"query-input":{"@type":"PropertyValueSpecification","valueRequired":true,"valueName":"search_term_string"}}],"inLanguage":"de"},{"@type":"Organization","@id":"https:\/\/marktxxl.de\/markt\/#organization","name":"Markt-XXL","url":"https:\/\/marktxxl.de\/markt\/","logo":{"@type":"ImageObject","inLanguage":"de","@id":"https:\/\/marktxxl.de\/markt\/#\/schema\/logo\/image\/","url":"https:\/\/marktxxl.de\/markt\/wp-content\/uploads\/sites\/3\/2020\/12\/logo.png","contentUrl":"https:\/\/marktxxl.de\/markt\/wp-content\/uploads\/sites\/3\/2020\/12\/logo.png","width":200,"height":70,"caption":"Markt-XXL"},"image":{"@id":"https:\/\/marktxxl.de\/markt\/#\/schema\/logo\/image\/"}}]}},"_links":{"self":[{"href":"https:\/\/marktxxl.de\/markt\/wp-json\/wp\/v2\/product\/224898","targetHints":{"allow":["GET"]}}],"collection":[{"href":"https:\/\/marktxxl.de\/markt\/wp-json\/wp\/v2\/product"}],"about":[{"href":"https:\/\/marktxxl.de\/markt\/wp-json\/wp\/v2\/types\/product"}],"replies":[{"embeddable":true,"href":"https:\/\/marktxxl.de\/markt\/wp-json\/wp\/v2\/comments?post=224898"}],"wp:featuredmedia":[{"embeddable":true,"href":"https:\/\/marktxxl.de\/markt\/wp-json\/wp\/v2\/media\/224899"}],"wp:attachment":[{"href":"https:\/\/marktxxl.de\/markt\/wp-json\/wp\/v2\/media?parent=224898"}],"wp:term":[{"taxonomy":"product_brand","embeddable":true,"href":"https:\/\/marktxxl.de\/markt\/wp-json\/wp\/v2\/product_brand?post=224898"},{"taxonomy":"product_cat","embeddable":true,"href":"https:\/\/marktxxl.de\/markt\/wp-json\/wp\/v2\/product_cat?post=224898"},{"taxonomy":"product_tag","embeddable":true,"href":"https:\/\/marktxxl.de\/markt\/wp-json\/wp\/v2\/product_tag?post=224898"}],"curies":[{"name":"wp","href":"https:\/\/api.w.org\/{rel}","templated":true}]}}