{"id":224891,"date":"2024-07-28T20:29:41","date_gmt":"2024-07-28T18:29:41","guid":{"rendered":"https:\/\/marktxxl.de\/markt\/produkt\/opulize-unisex-ace-lesebrille\/"},"modified":"2024-07-28T20:29:41","modified_gmt":"2024-07-28T18:29:41","slug":"opulize-unisex-ace-lesebrille","status":"publish","type":"product","link":"https:\/\/marktxxl.de\/markt\/produkt\/opulize-unisex-ace-lesebrille\/","title":{"rendered":"Opulize Unisex Ace Lesebrille"},"content":{"rendered":"<p>Quality &amp; Style &#8211; Opulize -Lesebrille bietet einen unglaublichen Wert, w\u00e4hrend er sich gleichzeitig auf klassische Designfunktionen konzentriert. Dieser Bestseller erh\u00e4lt 7 austauschbare Farben, einen f\u00fcr jeden Tag der Woche.<br \/>\nEin Paar f\u00fcr \u00fcberall &#8211; verlieren Sie immer Ihre Brille oder sind sie nie zur richtigen Zeit am richtigen Ort? Jetzt mit den unglaublichen Wertrahmen von Opulize k\u00f6nnen Sie ein Paar in jedem Raum haben. Diese universelle Form bietet eine perfekte Passform f\u00fcr die meisten Gesichter.<br \/>\nComfort Fit &#8211; diese robusten leicht zu tragen leichten schmalen Rahmen mit kratzfestem Objektiven und Federscharnieren machen das Opulize Ace zur perfekten Wahl des Lesers. Perfekt, um \u00fcber die Spitze zu schauen, um District Vision zu erhalten.<br \/>\nFarben &#8211; 2 x schwarz &#8211; 1 x braune Schildh\u00e4ute &#8211; 1 x Festes dunkelblau &#8211; 2 x transparentes Grau.<br \/>\nSt\u00e4rke &#8211; +1,00<br \/>\n<div class=\"main-cross-sell\" data-asin=\"B0CMK59DGX\">\n\n\t<div class=\"WooZone-cross-sell-loader\">\n\t\t<div>\n\t\t\t<div id=\"floatingBarsG\">\n\t\t\t\t<div class=\"blockG\" id=\"rotateG_01\"><\/div>\n\t\t\t\t<div class=\"blockG\" id=\"rotateG_02\"><\/div>\n\t\t\t\t<div class=\"blockG\" id=\"rotateG_03\"><\/div>\n\t\t\t\t<div class=\"blockG\" id=\"rotateG_04\"><\/div>\n\t\t\t\t<div class=\"blockG\" id=\"rotateG_05\"><\/div>\n\t\t\t\t<div class=\"blockG\" id=\"rotateG_06\"><\/div>\n\t\t\t\t<div class=\"blockG\" id=\"rotateG_07\"><\/div>\n\t\t\t\t<div class=\"blockG\" id=\"rotateG_08\"><\/div>\n\t\t\t<\/div>\n\t\t\t<div class=\"WooZone-cross-sell-loader-text\"><\/div>\n\t\t<\/div>\n\t<\/div>\n\n\t\t\n<\/div>\n<div style=\"clear:both;\"><\/div><\/p>\n","protected":false},"excerpt":{"rendered":"<p>Quality &amp; Style &#8211; Opulize -Lesebrille bietet einen unglaublichen Wert, w\u00e4hrend er sich gleichzeitig auf klassische Designfunktionen konzentriert. Dieser Bestseller erh\u00e4lt 7 austauschbare Farben, einen f\u00fcr jeden Tag der Woche.<br \/>\nEin Paar f\u00fcr \u00fcberall &#8211; verlieren Sie immer Ihre Brille oder sind sie nie zur richtigen Zeit am richtigen Ort? Jetzt mit den unglaublichen Wertrahmen von Opulize k\u00f6nnen Sie ein Paar in jedem Raum haben. Diese universelle Form bietet eine perfekte Passform f\u00fcr die meisten Gesichter.<br \/>\nComfort Fit &#8211; diese robusten leicht zu tragen leichten schmalen Rahmen mit kratzfestem Objektiven und Federscharnieren machen das Opulize Ace zur perfekten Wahl des Lesers. Perfekt, um \u00fcber die Spitze zu schauen, um District Vision zu erhalten.<\/p>\n","protected":false},"featured_media":224892,"comment_status":"open","ping_status":"closed","template":"","meta":[],"product_brand":[],"product_cat":[566,5775],"product_tag":[],"class_list":{"0":"post-224891","1":"product","2":"type-product","3":"status-publish","4":"has-post-thumbnail","6":"product_cat-drogerie-koerperpflege","7":"product_cat-kontaktlinsen-brillen","8":"pa_binding-textilien","9":"pa_brand-opulize","10":"pa_manufacturer-rowalk-holdings-ltd","12":"first","13":"instock","14":"shipping-taxable","15":"product-type-simple","16":"customify-col","17":"product-has-gallery"},"yoast_head":"<!-- This site is optimized with the Yoast SEO plugin v27.3 - https:\/\/yoast.com\/product\/yoast-seo-wordpress\/ -->\n<title>Opulize Unisex Ace Lesebrille - Markt-XXL<\/title>\n<meta name=\"description\" content=\"Markt-XXL Opulize Unisex Ace Lesebrille\" \/>\n<meta name=\"robots\" content=\"index, follow, max-snippet:-1, max-image-preview:large, max-video-preview:-1\" \/>\n<link rel=\"canonical\" href=\"https:\/\/marktxxl.de\/markt\/produkt\/opulize-unisex-ace-lesebrille\/\" \/>\n<meta property=\"og:locale\" content=\"de_DE\" \/>\n<meta property=\"og:type\" content=\"article\" \/>\n<meta property=\"og:title\" content=\"Opulize Unisex Ace Lesebrille - Markt-XXL\" \/>\n<meta property=\"og:description\" content=\"Markt-XXL Opulize Unisex Ace Lesebrille\" \/>\n<meta property=\"og:url\" content=\"https:\/\/marktxxl.de\/markt\/produkt\/opulize-unisex-ace-lesebrille\/\" \/>\n<meta property=\"og:site_name\" content=\"Markt-XXL\" \/>\n<meta name=\"twitter:card\" content=\"summary_large_image\" \/>\n<meta name=\"twitter:label1\" content=\"Gesch\u00e4tzte Lesezeit\" \/>\n\t<meta name=\"twitter:data1\" content=\"1\u00a0Minute\" \/>\n<script type=\"application\/ld+json\" class=\"yoast-schema-graph\">{\"@context\":\"https:\\\/\\\/schema.org\",\"@graph\":[{\"@type\":\"WebPage\",\"@id\":\"https:\\\/\\\/marktxxl.de\\\/markt\\\/produkt\\\/opulize-unisex-ace-lesebrille\\\/\",\"url\":\"https:\\\/\\\/marktxxl.de\\\/markt\\\/produkt\\\/opulize-unisex-ace-lesebrille\\\/\",\"name\":\"Opulize Unisex Ace Lesebrille - Markt-XXL\",\"isPartOf\":{\"@id\":\"https:\\\/\\\/marktxxl.de\\\/markt\\\/#website\"},\"primaryImageOfPage\":{\"@id\":\"https:\\\/\\\/marktxxl.de\\\/markt\\\/produkt\\\/opulize-unisex-ace-lesebrille\\\/#primaryimage\"},\"image\":{\"@id\":\"https:\\\/\\\/marktxxl.de\\\/markt\\\/produkt\\\/opulize-unisex-ace-lesebrille\\\/#primaryimage\"},\"thumbnailUrl\":\"https:\\\/\\\/m.media-amazon.com\\\/images\\\/I\\\/41KNS7gFSNL._SL500_.jpg\",\"datePublished\":\"2024-07-28T18:29:41+00:00\",\"description\":\"Markt-XXL Opulize Unisex Ace Lesebrille\",\"breadcrumb\":{\"@id\":\"https:\\\/\\\/marktxxl.de\\\/markt\\\/produkt\\\/opulize-unisex-ace-lesebrille\\\/#breadcrumb\"},\"inLanguage\":\"de\",\"potentialAction\":[{\"@type\":\"ReadAction\",\"target\":[\"https:\\\/\\\/marktxxl.de\\\/markt\\\/produkt\\\/opulize-unisex-ace-lesebrille\\\/\"]}]},{\"@type\":\"ImageObject\",\"inLanguage\":\"de\",\"@id\":\"https:\\\/\\\/marktxxl.de\\\/markt\\\/produkt\\\/opulize-unisex-ace-lesebrille\\\/#primaryimage\",\"url\":\"https:\\\/\\\/m.media-amazon.com\\\/images\\\/I\\\/41KNS7gFSNL._SL500_.jpg\",\"contentUrl\":\"https:\\\/\\\/m.media-amazon.com\\\/images\\\/I\\\/41KNS7gFSNL._SL500_.jpg\",\"width\":500,\"height\":500},{\"@type\":\"BreadcrumbList\",\"@id\":\"https:\\\/\\\/marktxxl.de\\\/markt\\\/produkt\\\/opulize-unisex-ace-lesebrille\\\/#breadcrumb\",\"itemListElement\":[{\"@type\":\"ListItem\",\"position\":1,\"name\":\"Startseite\",\"item\":\"https:\\\/\\\/marktxxl.de\\\/markt\\\/\"},{\"@type\":\"ListItem\",\"position\":2,\"name\":\"Markt\",\"item\":\"https:\\\/\\\/marktxxl.de\\\/markt\\\/\"},{\"@type\":\"ListItem\",\"position\":3,\"name\":\"Opulize Unisex Ace Lesebrille\"}]},{\"@type\":\"WebSite\",\"@id\":\"https:\\\/\\\/marktxxl.de\\\/markt\\\/#website\",\"url\":\"https:\\\/\\\/marktxxl.de\\\/markt\\\/\",\"name\":\"Markt-XXL\",\"description\":\"Ihr Markt Online\",\"publisher\":{\"@id\":\"https:\\\/\\\/marktxxl.de\\\/markt\\\/#organization\"},\"potentialAction\":[{\"@type\":\"SearchAction\",\"target\":{\"@type\":\"EntryPoint\",\"urlTemplate\":\"https:\\\/\\\/marktxxl.de\\\/markt\\\/?s={search_term_string}\"},\"query-input\":{\"@type\":\"PropertyValueSpecification\",\"valueRequired\":true,\"valueName\":\"search_term_string\"}}],\"inLanguage\":\"de\"},{\"@type\":\"Organization\",\"@id\":\"https:\\\/\\\/marktxxl.de\\\/markt\\\/#organization\",\"name\":\"Markt-XXL\",\"url\":\"https:\\\/\\\/marktxxl.de\\\/markt\\\/\",\"logo\":{\"@type\":\"ImageObject\",\"inLanguage\":\"de\",\"@id\":\"https:\\\/\\\/marktxxl.de\\\/markt\\\/#\\\/schema\\\/logo\\\/image\\\/\",\"url\":\"https:\\\/\\\/marktxxl.de\\\/markt\\\/wp-content\\\/uploads\\\/sites\\\/3\\\/2020\\\/12\\\/logo.png\",\"contentUrl\":\"https:\\\/\\\/marktxxl.de\\\/markt\\\/wp-content\\\/uploads\\\/sites\\\/3\\\/2020\\\/12\\\/logo.png\",\"width\":200,\"height\":70,\"caption\":\"Markt-XXL\"},\"image\":{\"@id\":\"https:\\\/\\\/marktxxl.de\\\/markt\\\/#\\\/schema\\\/logo\\\/image\\\/\"}}]}<\/script>\n<!-- \/ Yoast SEO plugin. -->","yoast_head_json":{"title":"Opulize Unisex Ace Lesebrille - Markt-XXL","description":"Markt-XXL Opulize Unisex Ace Lesebrille","robots":{"index":"index","follow":"follow","max-snippet":"max-snippet:-1","max-image-preview":"max-image-preview:large","max-video-preview":"max-video-preview:-1"},"canonical":"https:\/\/marktxxl.de\/markt\/produkt\/opulize-unisex-ace-lesebrille\/","og_locale":"de_DE","og_type":"article","og_title":"Opulize Unisex Ace Lesebrille - Markt-XXL","og_description":"Markt-XXL Opulize Unisex Ace Lesebrille","og_url":"https:\/\/marktxxl.de\/markt\/produkt\/opulize-unisex-ace-lesebrille\/","og_site_name":"Markt-XXL","twitter_card":"summary_large_image","twitter_misc":{"Gesch\u00e4tzte Lesezeit":"1\u00a0Minute"},"schema":{"@context":"https:\/\/schema.org","@graph":[{"@type":"WebPage","@id":"https:\/\/marktxxl.de\/markt\/produkt\/opulize-unisex-ace-lesebrille\/","url":"https:\/\/marktxxl.de\/markt\/produkt\/opulize-unisex-ace-lesebrille\/","name":"Opulize Unisex Ace Lesebrille - Markt-XXL","isPartOf":{"@id":"https:\/\/marktxxl.de\/markt\/#website"},"primaryImageOfPage":{"@id":"https:\/\/marktxxl.de\/markt\/produkt\/opulize-unisex-ace-lesebrille\/#primaryimage"},"image":{"@id":"https:\/\/marktxxl.de\/markt\/produkt\/opulize-unisex-ace-lesebrille\/#primaryimage"},"thumbnailUrl":"https:\/\/m.media-amazon.com\/images\/I\/41KNS7gFSNL._SL500_.jpg","datePublished":"2024-07-28T18:29:41+00:00","description":"Markt-XXL Opulize Unisex Ace Lesebrille","breadcrumb":{"@id":"https:\/\/marktxxl.de\/markt\/produkt\/opulize-unisex-ace-lesebrille\/#breadcrumb"},"inLanguage":"de","potentialAction":[{"@type":"ReadAction","target":["https:\/\/marktxxl.de\/markt\/produkt\/opulize-unisex-ace-lesebrille\/"]}]},{"@type":"ImageObject","inLanguage":"de","@id":"https:\/\/marktxxl.de\/markt\/produkt\/opulize-unisex-ace-lesebrille\/#primaryimage","url":"https:\/\/m.media-amazon.com\/images\/I\/41KNS7gFSNL._SL500_.jpg","contentUrl":"https:\/\/m.media-amazon.com\/images\/I\/41KNS7gFSNL._SL500_.jpg","width":500,"height":500},{"@type":"BreadcrumbList","@id":"https:\/\/marktxxl.de\/markt\/produkt\/opulize-unisex-ace-lesebrille\/#breadcrumb","itemListElement":[{"@type":"ListItem","position":1,"name":"Startseite","item":"https:\/\/marktxxl.de\/markt\/"},{"@type":"ListItem","position":2,"name":"Markt","item":"https:\/\/marktxxl.de\/markt\/"},{"@type":"ListItem","position":3,"name":"Opulize Unisex Ace Lesebrille"}]},{"@type":"WebSite","@id":"https:\/\/marktxxl.de\/markt\/#website","url":"https:\/\/marktxxl.de\/markt\/","name":"Markt-XXL","description":"Ihr Markt Online","publisher":{"@id":"https:\/\/marktxxl.de\/markt\/#organization"},"potentialAction":[{"@type":"SearchAction","target":{"@type":"EntryPoint","urlTemplate":"https:\/\/marktxxl.de\/markt\/?s={search_term_string}"},"query-input":{"@type":"PropertyValueSpecification","valueRequired":true,"valueName":"search_term_string"}}],"inLanguage":"de"},{"@type":"Organization","@id":"https:\/\/marktxxl.de\/markt\/#organization","name":"Markt-XXL","url":"https:\/\/marktxxl.de\/markt\/","logo":{"@type":"ImageObject","inLanguage":"de","@id":"https:\/\/marktxxl.de\/markt\/#\/schema\/logo\/image\/","url":"https:\/\/marktxxl.de\/markt\/wp-content\/uploads\/sites\/3\/2020\/12\/logo.png","contentUrl":"https:\/\/marktxxl.de\/markt\/wp-content\/uploads\/sites\/3\/2020\/12\/logo.png","width":200,"height":70,"caption":"Markt-XXL"},"image":{"@id":"https:\/\/marktxxl.de\/markt\/#\/schema\/logo\/image\/"}}]}},"_links":{"self":[{"href":"https:\/\/marktxxl.de\/markt\/wp-json\/wp\/v2\/product\/224891","targetHints":{"allow":["GET"]}}],"collection":[{"href":"https:\/\/marktxxl.de\/markt\/wp-json\/wp\/v2\/product"}],"about":[{"href":"https:\/\/marktxxl.de\/markt\/wp-json\/wp\/v2\/types\/product"}],"replies":[{"embeddable":true,"href":"https:\/\/marktxxl.de\/markt\/wp-json\/wp\/v2\/comments?post=224891"}],"wp:featuredmedia":[{"embeddable":true,"href":"https:\/\/marktxxl.de\/markt\/wp-json\/wp\/v2\/media\/224892"}],"wp:attachment":[{"href":"https:\/\/marktxxl.de\/markt\/wp-json\/wp\/v2\/media?parent=224891"}],"wp:term":[{"taxonomy":"product_brand","embeddable":true,"href":"https:\/\/marktxxl.de\/markt\/wp-json\/wp\/v2\/product_brand?post=224891"},{"taxonomy":"product_cat","embeddable":true,"href":"https:\/\/marktxxl.de\/markt\/wp-json\/wp\/v2\/product_cat?post=224891"},{"taxonomy":"product_tag","embeddable":true,"href":"https:\/\/marktxxl.de\/markt\/wp-json\/wp\/v2\/product_tag?post=224891"}],"curies":[{"name":"wp","href":"https:\/\/api.w.org\/{rel}","templated":true}]}}