{"id":224862,"date":"2024-07-28T20:23:22","date_gmt":"2024-07-28T18:23:22","guid":{"rendered":"https:\/\/marktxxl.de\/markt\/produkt\/brillenputztuch-hergestellt-aus-fusselfreier-mikrofaser-sicher-fuer-uhr-smartphone-laptop-objektiv-und-andere-empfindliche-bildschirme-oder-oberflaechen-152-x-178-cm-8-stueck\/"},"modified":"2024-07-28T20:23:22","modified_gmt":"2024-07-28T18:23:22","slug":"brillenputztuch-hergestellt-aus-fusselfreier-mikrofaser-sicher-fuer-uhr-smartphone-laptop-objektiv-und-andere-empfindliche-bildschirme-oder-oberflaechen-152-x-178-cm-8-stueck","status":"publish","type":"product","link":"https:\/\/marktxxl.de\/markt\/produkt\/brillenputztuch-hergestellt-aus-fusselfreier-mikrofaser-sicher-fuer-uhr-smartphone-laptop-objektiv-und-andere-empfindliche-bildschirme-oder-oberflaechen-152-x-178-cm-8-stueck\/","title":{"rendered":"Brillenputztuch, hergestellt aus fusselfreier Mikrofaser, sicher f\u00fcr Uhr, Smartphone, Laptop, Objektiv und andere empfindliche Bildschirme oder Oberfl\u00e4chen (15,2 x 17,8 cm, 8 St\u00fcck)"},"content":{"rendered":"<p>Die T\u00fccher sind aus 100 % Mikrofaser, fusselfrei und sicher<br \/>\nEnth\u00e4lt 8 T\u00fccher \u00e0 17,8 x 15,2 cm, alle in separatem Polybeutel, einfach zu tragen und neu zu halten.<br \/>\nExtrem hochwertiges, weiches Mikrofasermaterial absorbiert und entfernt Staub, \u00d6l, Flecken, Fingerabdr\u00fccke und Schmutz. Hinterl\u00e4sst keine Kratzer, Streifen, Flecken oder Fussel<br \/>\nKann auf jeder empfindlichen Oberfl\u00e4che wie LCD-TV-Bildschirme, iPhone, iPad und anderen Touchscreens, Kameraobjektiven und Filter usw. verwendet werden. L\u00e4sst sich perfekt flach in der Tablet-H\u00fclle verstauen, ohne aufzutragen<br \/>\nHandw\u00e4sche in warmem Wasser und an der Luft trocknen, mehr als 500 Mal wiederverwendbar<br \/>\n<div class=\"main-cross-sell\" data-asin=\"B09SLL29X1\">\n\n\t<div class=\"WooZone-cross-sell-loader\">\n\t\t<div>\n\t\t\t<div id=\"floatingBarsG\">\n\t\t\t\t<div class=\"blockG\" id=\"rotateG_01\"><\/div>\n\t\t\t\t<div class=\"blockG\" id=\"rotateG_02\"><\/div>\n\t\t\t\t<div class=\"blockG\" id=\"rotateG_03\"><\/div>\n\t\t\t\t<div class=\"blockG\" id=\"rotateG_04\"><\/div>\n\t\t\t\t<div class=\"blockG\" id=\"rotateG_05\"><\/div>\n\t\t\t\t<div class=\"blockG\" id=\"rotateG_06\"><\/div>\n\t\t\t\t<div class=\"blockG\" id=\"rotateG_07\"><\/div>\n\t\t\t\t<div class=\"blockG\" id=\"rotateG_08\"><\/div>\n\t\t\t<\/div>\n\t\t\t<div class=\"WooZone-cross-sell-loader-text\"><\/div>\n\t\t<\/div>\n\t<\/div>\n\n\t\t\n<\/div>\n<div style=\"clear:both;\"><\/div><\/p>\n","protected":false},"excerpt":{"rendered":"<p>Die T\u00fccher sind aus 100 % Mikrofaser, fusselfrei und sicher<br \/>\nEnth\u00e4lt 8 T\u00fccher \u00e0 17,8 x 15,2 cm, alle in separatem Polybeutel, einfach zu tragen und neu zu halten.<br \/>\nExtrem hochwertiges, weiches Mikrofasermaterial absorbiert und entfernt Staub, \u00d6l, Flecken, Fingerabdr\u00fccke und Schmutz. Hinterl\u00e4sst keine Kratzer, Streifen, Flecken oder Fussel<\/p>\n","protected":false},"featured_media":224863,"comment_status":"open","ping_status":"closed","template":"","meta":[],"product_brand":[],"product_cat":[566,5775],"product_tag":[],"class_list":{"0":"post-224862","1":"product","2":"type-product","3":"status-publish","4":"has-post-thumbnail","6":"product_cat-drogerie-koerperpflege","7":"product_cat-kontaktlinsen-brillen","8":"pa_binding-haushaltswaren","9":"pa_brand-smotecq","10":"pa_color-dunkelblau-grau","11":"pa_height-0-01-zoll","12":"pa_length-7-zoll","13":"pa_manufacturer-smooth-elec","14":"pa_size-6-x-7-8-pack","15":"pa_weight-0-09038952742-pfund","16":"pa_width-6-zoll","18":"first","19":"instock","20":"shipping-taxable","21":"purchasable","22":"product-type-simple","23":"customify-col","24":"product-has-gallery"},"yoast_head":"<!-- This site is optimized with the Yoast SEO plugin v27.3 - https:\/\/yoast.com\/product\/yoast-seo-wordpress\/ -->\n<title>Brillenputztuch, hergestellt aus fusselfreier Mikrofaser, sicher f\u00fcr Uhr, Smartphone, Laptop, Objektiv und andere empfindliche Bildschirme oder Oberfl\u00e4chen (15,2 x 17,8 cm, 8 St\u00fcck) - Markt-XXL<\/title>\n<meta name=\"description\" content=\"Markt-XXL Brillenputztuch, hergestellt aus fusselfreier Mikrofaser, sicher f\u00fcr Uhr, Smartphone, Laptop, Objektiv und andere empfindliche Bildschirme oder Oberfl\u00e4chen (15,2 x 17,8 cm, 8 St\u00fcck)\" \/>\n<meta name=\"robots\" content=\"index, follow, max-snippet:-1, max-image-preview:large, max-video-preview:-1\" \/>\n<link rel=\"canonical\" href=\"https:\/\/marktxxl.de\/markt\/produkt\/brillenputztuch-hergestellt-aus-fusselfreier-mikrofaser-sicher-fuer-uhr-smartphone-laptop-objektiv-und-andere-empfindliche-bildschirme-oder-oberflaechen-152-x-178-cm-8-stueck\/\" \/>\n<meta property=\"og:locale\" content=\"de_DE\" \/>\n<meta property=\"og:type\" content=\"article\" \/>\n<meta property=\"og:title\" content=\"Brillenputztuch, hergestellt aus fusselfreier Mikrofaser, sicher f\u00fcr Uhr, Smartphone, Laptop, Objektiv und andere empfindliche Bildschirme oder Oberfl\u00e4chen (15,2 x 17,8 cm, 8 St\u00fcck) - Markt-XXL\" \/>\n<meta property=\"og:description\" content=\"Markt-XXL Brillenputztuch, hergestellt aus fusselfreier Mikrofaser, sicher f\u00fcr Uhr, Smartphone, Laptop, Objektiv und andere empfindliche Bildschirme oder Oberfl\u00e4chen (15,2 x 17,8 cm, 8 St\u00fcck)\" \/>\n<meta property=\"og:url\" content=\"https:\/\/marktxxl.de\/markt\/produkt\/brillenputztuch-hergestellt-aus-fusselfreier-mikrofaser-sicher-fuer-uhr-smartphone-laptop-objektiv-und-andere-empfindliche-bildschirme-oder-oberflaechen-152-x-178-cm-8-stueck\/\" \/>\n<meta property=\"og:site_name\" content=\"Markt-XXL\" \/>\n<meta name=\"twitter:card\" content=\"summary_large_image\" \/>\n<meta name=\"twitter:label1\" content=\"Gesch\u00e4tzte Lesezeit\" \/>\n\t<meta name=\"twitter:data1\" content=\"1\u00a0Minute\" \/>\n<script type=\"application\/ld+json\" class=\"yoast-schema-graph\">{\"@context\":\"https:\\\/\\\/schema.org\",\"@graph\":[{\"@type\":\"WebPage\",\"@id\":\"https:\\\/\\\/marktxxl.de\\\/markt\\\/produkt\\\/brillenputztuch-hergestellt-aus-fusselfreier-mikrofaser-sicher-fuer-uhr-smartphone-laptop-objektiv-und-andere-empfindliche-bildschirme-oder-oberflaechen-152-x-178-cm-8-stueck\\\/\",\"url\":\"https:\\\/\\\/marktxxl.de\\\/markt\\\/produkt\\\/brillenputztuch-hergestellt-aus-fusselfreier-mikrofaser-sicher-fuer-uhr-smartphone-laptop-objektiv-und-andere-empfindliche-bildschirme-oder-oberflaechen-152-x-178-cm-8-stueck\\\/\",\"name\":\"Brillenputztuch, hergestellt aus fusselfreier Mikrofaser, sicher f\u00fcr Uhr, Smartphone, Laptop, Objektiv und andere empfindliche Bildschirme oder Oberfl\u00e4chen (15,2 x 17,8 cm, 8 St\u00fcck) - Markt-XXL\",\"isPartOf\":{\"@id\":\"https:\\\/\\\/marktxxl.de\\\/markt\\\/#website\"},\"primaryImageOfPage\":{\"@id\":\"https:\\\/\\\/marktxxl.de\\\/markt\\\/produkt\\\/brillenputztuch-hergestellt-aus-fusselfreier-mikrofaser-sicher-fuer-uhr-smartphone-laptop-objektiv-und-andere-empfindliche-bildschirme-oder-oberflaechen-152-x-178-cm-8-stueck\\\/#primaryimage\"},\"image\":{\"@id\":\"https:\\\/\\\/marktxxl.de\\\/markt\\\/produkt\\\/brillenputztuch-hergestellt-aus-fusselfreier-mikrofaser-sicher-fuer-uhr-smartphone-laptop-objektiv-und-andere-empfindliche-bildschirme-oder-oberflaechen-152-x-178-cm-8-stueck\\\/#primaryimage\"},\"thumbnailUrl\":\"https:\\\/\\\/m.media-amazon.com\\\/images\\\/I\\\/318x+sQ0cqL._SL500_.jpg\",\"datePublished\":\"2024-07-28T18:23:22+00:00\",\"description\":\"Markt-XXL Brillenputztuch, hergestellt aus fusselfreier Mikrofaser, sicher f\u00fcr Uhr, Smartphone, Laptop, Objektiv und andere empfindliche Bildschirme oder Oberfl\u00e4chen (15,2 x 17,8 cm, 8 St\u00fcck)\",\"breadcrumb\":{\"@id\":\"https:\\\/\\\/marktxxl.de\\\/markt\\\/produkt\\\/brillenputztuch-hergestellt-aus-fusselfreier-mikrofaser-sicher-fuer-uhr-smartphone-laptop-objektiv-und-andere-empfindliche-bildschirme-oder-oberflaechen-152-x-178-cm-8-stueck\\\/#breadcrumb\"},\"inLanguage\":\"de\",\"potentialAction\":[{\"@type\":\"ReadAction\",\"target\":[\"https:\\\/\\\/marktxxl.de\\\/markt\\\/produkt\\\/brillenputztuch-hergestellt-aus-fusselfreier-mikrofaser-sicher-fuer-uhr-smartphone-laptop-objektiv-und-andere-empfindliche-bildschirme-oder-oberflaechen-152-x-178-cm-8-stueck\\\/\"]}]},{\"@type\":\"ImageObject\",\"inLanguage\":\"de\",\"@id\":\"https:\\\/\\\/marktxxl.de\\\/markt\\\/produkt\\\/brillenputztuch-hergestellt-aus-fusselfreier-mikrofaser-sicher-fuer-uhr-smartphone-laptop-objektiv-und-andere-empfindliche-bildschirme-oder-oberflaechen-152-x-178-cm-8-stueck\\\/#primaryimage\",\"url\":\"https:\\\/\\\/m.media-amazon.com\\\/images\\\/I\\\/318x+sQ0cqL._SL500_.jpg\",\"contentUrl\":\"https:\\\/\\\/m.media-amazon.com\\\/images\\\/I\\\/318x+sQ0cqL._SL500_.jpg\",\"width\":417,\"height\":500},{\"@type\":\"BreadcrumbList\",\"@id\":\"https:\\\/\\\/marktxxl.de\\\/markt\\\/produkt\\\/brillenputztuch-hergestellt-aus-fusselfreier-mikrofaser-sicher-fuer-uhr-smartphone-laptop-objektiv-und-andere-empfindliche-bildschirme-oder-oberflaechen-152-x-178-cm-8-stueck\\\/#breadcrumb\",\"itemListElement\":[{\"@type\":\"ListItem\",\"position\":1,\"name\":\"Startseite\",\"item\":\"https:\\\/\\\/marktxxl.de\\\/markt\\\/\"},{\"@type\":\"ListItem\",\"position\":2,\"name\":\"Markt\",\"item\":\"https:\\\/\\\/marktxxl.de\\\/markt\\\/\"},{\"@type\":\"ListItem\",\"position\":3,\"name\":\"Brillenputztuch, hergestellt aus fusselfreier Mikrofaser, sicher f\u00fcr Uhr, Smartphone, Laptop, Objektiv und andere empfindliche Bildschirme oder Oberfl\u00e4chen (15,2 x 17,8 cm, 8 St\u00fcck)\"}]},{\"@type\":\"WebSite\",\"@id\":\"https:\\\/\\\/marktxxl.de\\\/markt\\\/#website\",\"url\":\"https:\\\/\\\/marktxxl.de\\\/markt\\\/\",\"name\":\"Markt-XXL\",\"description\":\"Ihr Markt Online\",\"publisher\":{\"@id\":\"https:\\\/\\\/marktxxl.de\\\/markt\\\/#organization\"},\"potentialAction\":[{\"@type\":\"SearchAction\",\"target\":{\"@type\":\"EntryPoint\",\"urlTemplate\":\"https:\\\/\\\/marktxxl.de\\\/markt\\\/?s={search_term_string}\"},\"query-input\":{\"@type\":\"PropertyValueSpecification\",\"valueRequired\":true,\"valueName\":\"search_term_string\"}}],\"inLanguage\":\"de\"},{\"@type\":\"Organization\",\"@id\":\"https:\\\/\\\/marktxxl.de\\\/markt\\\/#organization\",\"name\":\"Markt-XXL\",\"url\":\"https:\\\/\\\/marktxxl.de\\\/markt\\\/\",\"logo\":{\"@type\":\"ImageObject\",\"inLanguage\":\"de\",\"@id\":\"https:\\\/\\\/marktxxl.de\\\/markt\\\/#\\\/schema\\\/logo\\\/image\\\/\",\"url\":\"https:\\\/\\\/marktxxl.de\\\/markt\\\/wp-content\\\/uploads\\\/sites\\\/3\\\/2020\\\/12\\\/logo.png\",\"contentUrl\":\"https:\\\/\\\/marktxxl.de\\\/markt\\\/wp-content\\\/uploads\\\/sites\\\/3\\\/2020\\\/12\\\/logo.png\",\"width\":200,\"height\":70,\"caption\":\"Markt-XXL\"},\"image\":{\"@id\":\"https:\\\/\\\/marktxxl.de\\\/markt\\\/#\\\/schema\\\/logo\\\/image\\\/\"}}]}<\/script>\n<!-- \/ Yoast SEO plugin. -->","yoast_head_json":{"title":"Brillenputztuch, hergestellt aus fusselfreier Mikrofaser, sicher f\u00fcr Uhr, Smartphone, Laptop, Objektiv und andere empfindliche Bildschirme oder Oberfl\u00e4chen (15,2 x 17,8 cm, 8 St\u00fcck) - Markt-XXL","description":"Markt-XXL Brillenputztuch, hergestellt aus fusselfreier Mikrofaser, sicher f\u00fcr Uhr, Smartphone, Laptop, Objektiv und andere empfindliche Bildschirme oder Oberfl\u00e4chen (15,2 x 17,8 cm, 8 St\u00fcck)","robots":{"index":"index","follow":"follow","max-snippet":"max-snippet:-1","max-image-preview":"max-image-preview:large","max-video-preview":"max-video-preview:-1"},"canonical":"https:\/\/marktxxl.de\/markt\/produkt\/brillenputztuch-hergestellt-aus-fusselfreier-mikrofaser-sicher-fuer-uhr-smartphone-laptop-objektiv-und-andere-empfindliche-bildschirme-oder-oberflaechen-152-x-178-cm-8-stueck\/","og_locale":"de_DE","og_type":"article","og_title":"Brillenputztuch, hergestellt aus fusselfreier Mikrofaser, sicher f\u00fcr Uhr, Smartphone, Laptop, Objektiv und andere empfindliche Bildschirme oder Oberfl\u00e4chen (15,2 x 17,8 cm, 8 St\u00fcck) - Markt-XXL","og_description":"Markt-XXL Brillenputztuch, hergestellt aus fusselfreier Mikrofaser, sicher f\u00fcr Uhr, Smartphone, Laptop, Objektiv und andere empfindliche Bildschirme oder Oberfl\u00e4chen (15,2 x 17,8 cm, 8 St\u00fcck)","og_url":"https:\/\/marktxxl.de\/markt\/produkt\/brillenputztuch-hergestellt-aus-fusselfreier-mikrofaser-sicher-fuer-uhr-smartphone-laptop-objektiv-und-andere-empfindliche-bildschirme-oder-oberflaechen-152-x-178-cm-8-stueck\/","og_site_name":"Markt-XXL","twitter_card":"summary_large_image","twitter_misc":{"Gesch\u00e4tzte Lesezeit":"1\u00a0Minute"},"schema":{"@context":"https:\/\/schema.org","@graph":[{"@type":"WebPage","@id":"https:\/\/marktxxl.de\/markt\/produkt\/brillenputztuch-hergestellt-aus-fusselfreier-mikrofaser-sicher-fuer-uhr-smartphone-laptop-objektiv-und-andere-empfindliche-bildschirme-oder-oberflaechen-152-x-178-cm-8-stueck\/","url":"https:\/\/marktxxl.de\/markt\/produkt\/brillenputztuch-hergestellt-aus-fusselfreier-mikrofaser-sicher-fuer-uhr-smartphone-laptop-objektiv-und-andere-empfindliche-bildschirme-oder-oberflaechen-152-x-178-cm-8-stueck\/","name":"Brillenputztuch, hergestellt aus fusselfreier Mikrofaser, sicher f\u00fcr Uhr, Smartphone, Laptop, Objektiv und andere empfindliche Bildschirme oder Oberfl\u00e4chen (15,2 x 17,8 cm, 8 St\u00fcck) - Markt-XXL","isPartOf":{"@id":"https:\/\/marktxxl.de\/markt\/#website"},"primaryImageOfPage":{"@id":"https:\/\/marktxxl.de\/markt\/produkt\/brillenputztuch-hergestellt-aus-fusselfreier-mikrofaser-sicher-fuer-uhr-smartphone-laptop-objektiv-und-andere-empfindliche-bildschirme-oder-oberflaechen-152-x-178-cm-8-stueck\/#primaryimage"},"image":{"@id":"https:\/\/marktxxl.de\/markt\/produkt\/brillenputztuch-hergestellt-aus-fusselfreier-mikrofaser-sicher-fuer-uhr-smartphone-laptop-objektiv-und-andere-empfindliche-bildschirme-oder-oberflaechen-152-x-178-cm-8-stueck\/#primaryimage"},"thumbnailUrl":"https:\/\/m.media-amazon.com\/images\/I\/318x+sQ0cqL._SL500_.jpg","datePublished":"2024-07-28T18:23:22+00:00","description":"Markt-XXL Brillenputztuch, hergestellt aus fusselfreier Mikrofaser, sicher f\u00fcr Uhr, Smartphone, Laptop, Objektiv und andere empfindliche Bildschirme oder Oberfl\u00e4chen (15,2 x 17,8 cm, 8 St\u00fcck)","breadcrumb":{"@id":"https:\/\/marktxxl.de\/markt\/produkt\/brillenputztuch-hergestellt-aus-fusselfreier-mikrofaser-sicher-fuer-uhr-smartphone-laptop-objektiv-und-andere-empfindliche-bildschirme-oder-oberflaechen-152-x-178-cm-8-stueck\/#breadcrumb"},"inLanguage":"de","potentialAction":[{"@type":"ReadAction","target":["https:\/\/marktxxl.de\/markt\/produkt\/brillenputztuch-hergestellt-aus-fusselfreier-mikrofaser-sicher-fuer-uhr-smartphone-laptop-objektiv-und-andere-empfindliche-bildschirme-oder-oberflaechen-152-x-178-cm-8-stueck\/"]}]},{"@type":"ImageObject","inLanguage":"de","@id":"https:\/\/marktxxl.de\/markt\/produkt\/brillenputztuch-hergestellt-aus-fusselfreier-mikrofaser-sicher-fuer-uhr-smartphone-laptop-objektiv-und-andere-empfindliche-bildschirme-oder-oberflaechen-152-x-178-cm-8-stueck\/#primaryimage","url":"https:\/\/m.media-amazon.com\/images\/I\/318x+sQ0cqL._SL500_.jpg","contentUrl":"https:\/\/m.media-amazon.com\/images\/I\/318x+sQ0cqL._SL500_.jpg","width":417,"height":500},{"@type":"BreadcrumbList","@id":"https:\/\/marktxxl.de\/markt\/produkt\/brillenputztuch-hergestellt-aus-fusselfreier-mikrofaser-sicher-fuer-uhr-smartphone-laptop-objektiv-und-andere-empfindliche-bildschirme-oder-oberflaechen-152-x-178-cm-8-stueck\/#breadcrumb","itemListElement":[{"@type":"ListItem","position":1,"name":"Startseite","item":"https:\/\/marktxxl.de\/markt\/"},{"@type":"ListItem","position":2,"name":"Markt","item":"https:\/\/marktxxl.de\/markt\/"},{"@type":"ListItem","position":3,"name":"Brillenputztuch, hergestellt aus fusselfreier Mikrofaser, sicher f\u00fcr Uhr, Smartphone, Laptop, Objektiv und andere empfindliche Bildschirme oder Oberfl\u00e4chen (15,2 x 17,8 cm, 8 St\u00fcck)"}]},{"@type":"WebSite","@id":"https:\/\/marktxxl.de\/markt\/#website","url":"https:\/\/marktxxl.de\/markt\/","name":"Markt-XXL","description":"Ihr Markt Online","publisher":{"@id":"https:\/\/marktxxl.de\/markt\/#organization"},"potentialAction":[{"@type":"SearchAction","target":{"@type":"EntryPoint","urlTemplate":"https:\/\/marktxxl.de\/markt\/?s={search_term_string}"},"query-input":{"@type":"PropertyValueSpecification","valueRequired":true,"valueName":"search_term_string"}}],"inLanguage":"de"},{"@type":"Organization","@id":"https:\/\/marktxxl.de\/markt\/#organization","name":"Markt-XXL","url":"https:\/\/marktxxl.de\/markt\/","logo":{"@type":"ImageObject","inLanguage":"de","@id":"https:\/\/marktxxl.de\/markt\/#\/schema\/logo\/image\/","url":"https:\/\/marktxxl.de\/markt\/wp-content\/uploads\/sites\/3\/2020\/12\/logo.png","contentUrl":"https:\/\/marktxxl.de\/markt\/wp-content\/uploads\/sites\/3\/2020\/12\/logo.png","width":200,"height":70,"caption":"Markt-XXL"},"image":{"@id":"https:\/\/marktxxl.de\/markt\/#\/schema\/logo\/image\/"}}]}},"_links":{"self":[{"href":"https:\/\/marktxxl.de\/markt\/wp-json\/wp\/v2\/product\/224862","targetHints":{"allow":["GET"]}}],"collection":[{"href":"https:\/\/marktxxl.de\/markt\/wp-json\/wp\/v2\/product"}],"about":[{"href":"https:\/\/marktxxl.de\/markt\/wp-json\/wp\/v2\/types\/product"}],"replies":[{"embeddable":true,"href":"https:\/\/marktxxl.de\/markt\/wp-json\/wp\/v2\/comments?post=224862"}],"wp:featuredmedia":[{"embeddable":true,"href":"https:\/\/marktxxl.de\/markt\/wp-json\/wp\/v2\/media\/224863"}],"wp:attachment":[{"href":"https:\/\/marktxxl.de\/markt\/wp-json\/wp\/v2\/media?parent=224862"}],"wp:term":[{"taxonomy":"product_brand","embeddable":true,"href":"https:\/\/marktxxl.de\/markt\/wp-json\/wp\/v2\/product_brand?post=224862"},{"taxonomy":"product_cat","embeddable":true,"href":"https:\/\/marktxxl.de\/markt\/wp-json\/wp\/v2\/product_cat?post=224862"},{"taxonomy":"product_tag","embeddable":true,"href":"https:\/\/marktxxl.de\/markt\/wp-json\/wp\/v2\/product_tag?post=224862"}],"curies":[{"name":"wp","href":"https:\/\/api.w.org\/{rel}","templated":true}]}}