{"id":224793,"date":"2024-07-28T20:20:44","date_gmt":"2024-07-28T18:20:44","guid":{"rendered":"https:\/\/marktxxl.de\/markt\/produkt\/120-x-cleaning-sticks-reinigungsstaebchen-mit-alkohol-240x-oel-absorbierendes-blatt-%ef%bc%888-blaetter%ef%bc%89-1x-pinzette-fuer-iqos-3-duo-iqos-2-4-plus-zubehoer-set\/"},"modified":"2024-07-28T20:20:44","modified_gmt":"2024-07-28T18:20:44","slug":"120-x-cleaning-sticks-reinigungsstaebchen-mit-alkohol-240x-oel-absorbierendes-blatt-%ef%bc%888-blaetter%ef%bc%89-1x-pinzette-fuer-iqos-3-duo-iqos-2-4-plus-zubehoer-set","status":"publish","type":"product","link":"https:\/\/marktxxl.de\/markt\/produkt\/120-x-cleaning-sticks-reinigungsstaebchen-mit-alkohol-240x-oel-absorbierendes-blatt-%ef%bc%888-blaetter%ef%bc%89-1x-pinzette-fuer-iqos-3-duo-iqos-2-4-plus-zubehoer-set\/","title":{"rendered":"120 x Cleaning sticks Reinigungsst\u00e4bchen mit alkohol + 240x \u00d6l absorbierendes Blatt \uff088 Bl\u00e4tter\uff09+ 1x Pinzette f\u00fcr IQOS 3 duo\/IQOS 2.4 Plus Zubeh\u00f6r Set"},"content":{"rendered":"<p>Lieferinhalt: 120 x Reinigungsst\u00e4bchen + 240 x (8 Blatt) \u00f6labsorbierendes Blatt + 1x Pinzette<br \/>\nHochwertiger, in Alkohol getr\u00e4nkter Doppelkopf aus Baumwolle, leicht zu reinigen Ihr IQOS-Ger\u00e4t, h\u00e4lt das Ger\u00e4t in einwandfreiem Zustand<br \/>\nUnabh\u00e4ngige Vakuumverpackung, leicht zu zerrei\u00dfende Verpackung in der Mitte, leicht zu \u00f6ffnen und zu verwenden<br \/>\nWenn es ein Problem gibt, wenden Sie sich bitte an uns. Wir werden Ihnen innerhalb von 24 Stunden antworten und unser Bestes geben, um Ihr Problem zu l\u00f6sen .Vielen Dank f\u00fcr Ihr Vertrauen!<br \/>\n.The product doesn\u2019t contain sticks, prefilled cartridges or refills(Das Produkt enth\u00e4lt keine Sticks, vorgef\u00fcllten Patronen oder Nachf\u00fcllpackungen)<br \/>\n<div class=\"main-cross-sell\" data-asin=\"B09WJYNB1S\">\n\n\t<div class=\"WooZone-cross-sell-loader\">\n\t\t<div>\n\t\t\t<div id=\"floatingBarsG\">\n\t\t\t\t<div class=\"blockG\" id=\"rotateG_01\"><\/div>\n\t\t\t\t<div class=\"blockG\" id=\"rotateG_02\"><\/div>\n\t\t\t\t<div class=\"blockG\" id=\"rotateG_03\"><\/div>\n\t\t\t\t<div class=\"blockG\" id=\"rotateG_04\"><\/div>\n\t\t\t\t<div class=\"blockG\" id=\"rotateG_05\"><\/div>\n\t\t\t\t<div class=\"blockG\" id=\"rotateG_06\"><\/div>\n\t\t\t\t<div class=\"blockG\" id=\"rotateG_07\"><\/div>\n\t\t\t\t<div class=\"blockG\" id=\"rotateG_08\"><\/div>\n\t\t\t<\/div>\n\t\t\t<div class=\"WooZone-cross-sell-loader-text\"><\/div>\n\t\t<\/div>\n\t<\/div>\n\n\t\t\n<\/div>\n<div style=\"clear:both;\"><\/div><\/p>\n","protected":false},"excerpt":{"rendered":"<p>Lieferinhalt: 120 x Reinigungsst\u00e4bchen + 240 x (8 Blatt) \u00f6labsorbierendes Blatt + 1x Pinzette<br \/>\nHochwertiger, in Alkohol getr\u00e4nkter Doppelkopf aus Baumwolle, leicht zu reinigen Ihr IQOS-Ger\u00e4t, h\u00e4lt das Ger\u00e4t in einwandfreiem Zustand<br \/>\nUnabh\u00e4ngige Vakuumverpackung, leicht zu zerrei\u00dfende Verpackung in der Mitte, leicht zu \u00f6ffnen und zu verwenden<\/p>\n","protected":false},"featured_media":224794,"comment_status":"open","ping_status":"closed","template":"","meta":[],"product_brand":[],"product_cat":[566,5626],"product_tag":[],"class_list":{"0":"post-224793","1":"product","2":"type-product","3":"status-publish","4":"has-post-thumbnail","6":"product_cat-drogerie-koerperpflege","7":"product_cat-elektronische-zigaretten-shishas-zubehoer","8":"pa_binding-badartikel","9":"pa_brand-yitenn","10":"pa_manufacturer-yitenn","12":"first","13":"instock","14":"shipping-taxable","15":"purchasable","16":"product-type-simple","17":"customify-col","18":"product-has-gallery"},"yoast_head":"<!-- This site is optimized with the Yoast SEO plugin v27.4 - https:\/\/yoast.com\/product\/yoast-seo-wordpress\/ -->\n<title>120 x Cleaning sticks Reinigungsst\u00e4bchen mit alkohol + 240x \u00d6l absorbierendes Blatt \uff088 Bl\u00e4tter\uff09+ 1x Pinzette f\u00fcr IQOS 3 duo\/IQOS 2.4 Plus Zubeh\u00f6r Set - Markt-XXL<\/title>\n<meta name=\"description\" content=\"Markt-XXL 120 x Cleaning sticks Reinigungsst\u00e4bchen mit alkohol + 240x \u00d6l absorbierendes Blatt \uff088 Bl\u00e4tter\uff09+ 1x Pinzette f\u00fcr IQOS 3 duo\/IQOS 2.4 Plus Zubeh\u00f6r Set\" \/>\n<meta name=\"robots\" content=\"index, follow, max-snippet:-1, max-image-preview:large, max-video-preview:-1\" \/>\n<link rel=\"canonical\" href=\"https:\/\/marktxxl.de\/markt\/produkt\/120-x-cleaning-sticks-reinigungsstaebchen-mit-alkohol-240x-oel-absorbierendes-blatt-\uff088-blaetter\uff09-1x-pinzette-fuer-iqos-3-duo-iqos-2-4-plus-zubehoer-set\/\" \/>\n<meta property=\"og:locale\" content=\"de_DE\" \/>\n<meta property=\"og:type\" content=\"article\" \/>\n<meta property=\"og:title\" content=\"120 x Cleaning sticks Reinigungsst\u00e4bchen mit alkohol + 240x \u00d6l absorbierendes Blatt \uff088 Bl\u00e4tter\uff09+ 1x Pinzette f\u00fcr IQOS 3 duo\/IQOS 2.4 Plus Zubeh\u00f6r Set - Markt-XXL\" \/>\n<meta property=\"og:description\" content=\"Markt-XXL 120 x Cleaning sticks Reinigungsst\u00e4bchen mit alkohol + 240x \u00d6l absorbierendes Blatt \uff088 Bl\u00e4tter\uff09+ 1x Pinzette f\u00fcr IQOS 3 duo\/IQOS 2.4 Plus Zubeh\u00f6r Set\" \/>\n<meta property=\"og:url\" content=\"https:\/\/marktxxl.de\/markt\/produkt\/120-x-cleaning-sticks-reinigungsstaebchen-mit-alkohol-240x-oel-absorbierendes-blatt-\uff088-blaetter\uff09-1x-pinzette-fuer-iqos-3-duo-iqos-2-4-plus-zubehoer-set\/\" \/>\n<meta property=\"og:site_name\" content=\"Markt-XXL\" \/>\n<meta name=\"twitter:card\" content=\"summary_large_image\" \/>\n<meta name=\"twitter:label1\" content=\"Gesch\u00e4tzte Lesezeit\" \/>\n\t<meta name=\"twitter:data1\" content=\"1\u00a0Minute\" \/>\n<script type=\"application\/ld+json\" class=\"yoast-schema-graph\">{\"@context\":\"https:\\\/\\\/schema.org\",\"@graph\":[{\"@type\":\"WebPage\",\"@id\":\"https:\\\/\\\/marktxxl.de\\\/markt\\\/produkt\\\/120-x-cleaning-sticks-reinigungsstaebchen-mit-alkohol-240x-oel-absorbierendes-blatt-%ef%bc%888-blaetter%ef%bc%89-1x-pinzette-fuer-iqos-3-duo-iqos-2-4-plus-zubehoer-set\\\/\",\"url\":\"https:\\\/\\\/marktxxl.de\\\/markt\\\/produkt\\\/120-x-cleaning-sticks-reinigungsstaebchen-mit-alkohol-240x-oel-absorbierendes-blatt-%ef%bc%888-blaetter%ef%bc%89-1x-pinzette-fuer-iqos-3-duo-iqos-2-4-plus-zubehoer-set\\\/\",\"name\":\"120 x Cleaning sticks Reinigungsst\u00e4bchen mit alkohol + 240x \u00d6l absorbierendes Blatt \uff088 Bl\u00e4tter\uff09+ 1x Pinzette f\u00fcr IQOS 3 duo\\\/IQOS 2.4 Plus Zubeh\u00f6r Set - Markt-XXL\",\"isPartOf\":{\"@id\":\"https:\\\/\\\/marktxxl.de\\\/markt\\\/#website\"},\"primaryImageOfPage\":{\"@id\":\"https:\\\/\\\/marktxxl.de\\\/markt\\\/produkt\\\/120-x-cleaning-sticks-reinigungsstaebchen-mit-alkohol-240x-oel-absorbierendes-blatt-%ef%bc%888-blaetter%ef%bc%89-1x-pinzette-fuer-iqos-3-duo-iqos-2-4-plus-zubehoer-set\\\/#primaryimage\"},\"image\":{\"@id\":\"https:\\\/\\\/marktxxl.de\\\/markt\\\/produkt\\\/120-x-cleaning-sticks-reinigungsstaebchen-mit-alkohol-240x-oel-absorbierendes-blatt-%ef%bc%888-blaetter%ef%bc%89-1x-pinzette-fuer-iqos-3-duo-iqos-2-4-plus-zubehoer-set\\\/#primaryimage\"},\"thumbnailUrl\":\"https:\\\/\\\/m.media-amazon.com\\\/images\\\/I\\\/41eJfutNYRL._SL500_.jpg\",\"datePublished\":\"2024-07-28T18:20:44+00:00\",\"description\":\"Markt-XXL 120 x Cleaning sticks Reinigungsst\u00e4bchen mit alkohol + 240x \u00d6l absorbierendes Blatt \uff088 Bl\u00e4tter\uff09+ 1x Pinzette f\u00fcr IQOS 3 duo\\\/IQOS 2.4 Plus Zubeh\u00f6r Set\",\"breadcrumb\":{\"@id\":\"https:\\\/\\\/marktxxl.de\\\/markt\\\/produkt\\\/120-x-cleaning-sticks-reinigungsstaebchen-mit-alkohol-240x-oel-absorbierendes-blatt-%ef%bc%888-blaetter%ef%bc%89-1x-pinzette-fuer-iqos-3-duo-iqos-2-4-plus-zubehoer-set\\\/#breadcrumb\"},\"inLanguage\":\"de\",\"potentialAction\":[{\"@type\":\"ReadAction\",\"target\":[\"https:\\\/\\\/marktxxl.de\\\/markt\\\/produkt\\\/120-x-cleaning-sticks-reinigungsstaebchen-mit-alkohol-240x-oel-absorbierendes-blatt-%ef%bc%888-blaetter%ef%bc%89-1x-pinzette-fuer-iqos-3-duo-iqos-2-4-plus-zubehoer-set\\\/\"]}]},{\"@type\":\"ImageObject\",\"inLanguage\":\"de\",\"@id\":\"https:\\\/\\\/marktxxl.de\\\/markt\\\/produkt\\\/120-x-cleaning-sticks-reinigungsstaebchen-mit-alkohol-240x-oel-absorbierendes-blatt-%ef%bc%888-blaetter%ef%bc%89-1x-pinzette-fuer-iqos-3-duo-iqos-2-4-plus-zubehoer-set\\\/#primaryimage\",\"url\":\"https:\\\/\\\/m.media-amazon.com\\\/images\\\/I\\\/41eJfutNYRL._SL500_.jpg\",\"contentUrl\":\"https:\\\/\\\/m.media-amazon.com\\\/images\\\/I\\\/41eJfutNYRL._SL500_.jpg\",\"width\":500,\"height\":500},{\"@type\":\"BreadcrumbList\",\"@id\":\"https:\\\/\\\/marktxxl.de\\\/markt\\\/produkt\\\/120-x-cleaning-sticks-reinigungsstaebchen-mit-alkohol-240x-oel-absorbierendes-blatt-%ef%bc%888-blaetter%ef%bc%89-1x-pinzette-fuer-iqos-3-duo-iqos-2-4-plus-zubehoer-set\\\/#breadcrumb\",\"itemListElement\":[{\"@type\":\"ListItem\",\"position\":1,\"name\":\"Startseite\",\"item\":\"https:\\\/\\\/marktxxl.de\\\/markt\\\/\"},{\"@type\":\"ListItem\",\"position\":2,\"name\":\"Markt\",\"item\":\"https:\\\/\\\/marktxxl.de\\\/markt\\\/\"},{\"@type\":\"ListItem\",\"position\":3,\"name\":\"120 x Cleaning sticks Reinigungsst\u00e4bchen mit alkohol + 240x \u00d6l absorbierendes Blatt \uff088 Bl\u00e4tter\uff09+ 1x Pinzette f\u00fcr IQOS 3 duo\\\/IQOS 2.4 Plus Zubeh\u00f6r Set\"}]},{\"@type\":\"WebSite\",\"@id\":\"https:\\\/\\\/marktxxl.de\\\/markt\\\/#website\",\"url\":\"https:\\\/\\\/marktxxl.de\\\/markt\\\/\",\"name\":\"Markt-XXL\",\"description\":\"Ihr Markt Online\",\"publisher\":{\"@id\":\"https:\\\/\\\/marktxxl.de\\\/markt\\\/#organization\"},\"potentialAction\":[{\"@type\":\"SearchAction\",\"target\":{\"@type\":\"EntryPoint\",\"urlTemplate\":\"https:\\\/\\\/marktxxl.de\\\/markt\\\/?s={search_term_string}\"},\"query-input\":{\"@type\":\"PropertyValueSpecification\",\"valueRequired\":true,\"valueName\":\"search_term_string\"}}],\"inLanguage\":\"de\"},{\"@type\":\"Organization\",\"@id\":\"https:\\\/\\\/marktxxl.de\\\/markt\\\/#organization\",\"name\":\"Markt-XXL\",\"url\":\"https:\\\/\\\/marktxxl.de\\\/markt\\\/\",\"logo\":{\"@type\":\"ImageObject\",\"inLanguage\":\"de\",\"@id\":\"https:\\\/\\\/marktxxl.de\\\/markt\\\/#\\\/schema\\\/logo\\\/image\\\/\",\"url\":\"https:\\\/\\\/marktxxl.de\\\/markt\\\/wp-content\\\/uploads\\\/sites\\\/3\\\/2020\\\/12\\\/logo.png\",\"contentUrl\":\"https:\\\/\\\/marktxxl.de\\\/markt\\\/wp-content\\\/uploads\\\/sites\\\/3\\\/2020\\\/12\\\/logo.png\",\"width\":200,\"height\":70,\"caption\":\"Markt-XXL\"},\"image\":{\"@id\":\"https:\\\/\\\/marktxxl.de\\\/markt\\\/#\\\/schema\\\/logo\\\/image\\\/\"}}]}<\/script>\n<!-- \/ Yoast SEO plugin. -->","yoast_head_json":{"title":"120 x Cleaning sticks Reinigungsst\u00e4bchen mit alkohol + 240x \u00d6l absorbierendes Blatt \uff088 Bl\u00e4tter\uff09+ 1x Pinzette f\u00fcr IQOS 3 duo\/IQOS 2.4 Plus Zubeh\u00f6r Set - Markt-XXL","description":"Markt-XXL 120 x Cleaning sticks Reinigungsst\u00e4bchen mit alkohol + 240x \u00d6l absorbierendes Blatt \uff088 Bl\u00e4tter\uff09+ 1x Pinzette f\u00fcr IQOS 3 duo\/IQOS 2.4 Plus Zubeh\u00f6r Set","robots":{"index":"index","follow":"follow","max-snippet":"max-snippet:-1","max-image-preview":"max-image-preview:large","max-video-preview":"max-video-preview:-1"},"canonical":"https:\/\/marktxxl.de\/markt\/produkt\/120-x-cleaning-sticks-reinigungsstaebchen-mit-alkohol-240x-oel-absorbierendes-blatt-\uff088-blaetter\uff09-1x-pinzette-fuer-iqos-3-duo-iqos-2-4-plus-zubehoer-set\/","og_locale":"de_DE","og_type":"article","og_title":"120 x Cleaning sticks Reinigungsst\u00e4bchen mit alkohol + 240x \u00d6l absorbierendes Blatt \uff088 Bl\u00e4tter\uff09+ 1x Pinzette f\u00fcr IQOS 3 duo\/IQOS 2.4 Plus Zubeh\u00f6r Set - Markt-XXL","og_description":"Markt-XXL 120 x Cleaning sticks Reinigungsst\u00e4bchen mit alkohol + 240x \u00d6l absorbierendes Blatt \uff088 Bl\u00e4tter\uff09+ 1x Pinzette f\u00fcr IQOS 3 duo\/IQOS 2.4 Plus Zubeh\u00f6r Set","og_url":"https:\/\/marktxxl.de\/markt\/produkt\/120-x-cleaning-sticks-reinigungsstaebchen-mit-alkohol-240x-oel-absorbierendes-blatt-\uff088-blaetter\uff09-1x-pinzette-fuer-iqos-3-duo-iqos-2-4-plus-zubehoer-set\/","og_site_name":"Markt-XXL","twitter_card":"summary_large_image","twitter_misc":{"Gesch\u00e4tzte Lesezeit":"1\u00a0Minute"},"schema":{"@context":"https:\/\/schema.org","@graph":[{"@type":"WebPage","@id":"https:\/\/marktxxl.de\/markt\/produkt\/120-x-cleaning-sticks-reinigungsstaebchen-mit-alkohol-240x-oel-absorbierendes-blatt-%ef%bc%888-blaetter%ef%bc%89-1x-pinzette-fuer-iqos-3-duo-iqos-2-4-plus-zubehoer-set\/","url":"https:\/\/marktxxl.de\/markt\/produkt\/120-x-cleaning-sticks-reinigungsstaebchen-mit-alkohol-240x-oel-absorbierendes-blatt-%ef%bc%888-blaetter%ef%bc%89-1x-pinzette-fuer-iqos-3-duo-iqos-2-4-plus-zubehoer-set\/","name":"120 x Cleaning sticks Reinigungsst\u00e4bchen mit alkohol + 240x \u00d6l absorbierendes Blatt \uff088 Bl\u00e4tter\uff09+ 1x Pinzette f\u00fcr IQOS 3 duo\/IQOS 2.4 Plus Zubeh\u00f6r Set - Markt-XXL","isPartOf":{"@id":"https:\/\/marktxxl.de\/markt\/#website"},"primaryImageOfPage":{"@id":"https:\/\/marktxxl.de\/markt\/produkt\/120-x-cleaning-sticks-reinigungsstaebchen-mit-alkohol-240x-oel-absorbierendes-blatt-%ef%bc%888-blaetter%ef%bc%89-1x-pinzette-fuer-iqos-3-duo-iqos-2-4-plus-zubehoer-set\/#primaryimage"},"image":{"@id":"https:\/\/marktxxl.de\/markt\/produkt\/120-x-cleaning-sticks-reinigungsstaebchen-mit-alkohol-240x-oel-absorbierendes-blatt-%ef%bc%888-blaetter%ef%bc%89-1x-pinzette-fuer-iqos-3-duo-iqos-2-4-plus-zubehoer-set\/#primaryimage"},"thumbnailUrl":"https:\/\/m.media-amazon.com\/images\/I\/41eJfutNYRL._SL500_.jpg","datePublished":"2024-07-28T18:20:44+00:00","description":"Markt-XXL 120 x Cleaning sticks Reinigungsst\u00e4bchen mit alkohol + 240x \u00d6l absorbierendes Blatt \uff088 Bl\u00e4tter\uff09+ 1x Pinzette f\u00fcr IQOS 3 duo\/IQOS 2.4 Plus Zubeh\u00f6r Set","breadcrumb":{"@id":"https:\/\/marktxxl.de\/markt\/produkt\/120-x-cleaning-sticks-reinigungsstaebchen-mit-alkohol-240x-oel-absorbierendes-blatt-%ef%bc%888-blaetter%ef%bc%89-1x-pinzette-fuer-iqos-3-duo-iqos-2-4-plus-zubehoer-set\/#breadcrumb"},"inLanguage":"de","potentialAction":[{"@type":"ReadAction","target":["https:\/\/marktxxl.de\/markt\/produkt\/120-x-cleaning-sticks-reinigungsstaebchen-mit-alkohol-240x-oel-absorbierendes-blatt-%ef%bc%888-blaetter%ef%bc%89-1x-pinzette-fuer-iqos-3-duo-iqos-2-4-plus-zubehoer-set\/"]}]},{"@type":"ImageObject","inLanguage":"de","@id":"https:\/\/marktxxl.de\/markt\/produkt\/120-x-cleaning-sticks-reinigungsstaebchen-mit-alkohol-240x-oel-absorbierendes-blatt-%ef%bc%888-blaetter%ef%bc%89-1x-pinzette-fuer-iqos-3-duo-iqos-2-4-plus-zubehoer-set\/#primaryimage","url":"https:\/\/m.media-amazon.com\/images\/I\/41eJfutNYRL._SL500_.jpg","contentUrl":"https:\/\/m.media-amazon.com\/images\/I\/41eJfutNYRL._SL500_.jpg","width":500,"height":500},{"@type":"BreadcrumbList","@id":"https:\/\/marktxxl.de\/markt\/produkt\/120-x-cleaning-sticks-reinigungsstaebchen-mit-alkohol-240x-oel-absorbierendes-blatt-%ef%bc%888-blaetter%ef%bc%89-1x-pinzette-fuer-iqos-3-duo-iqos-2-4-plus-zubehoer-set\/#breadcrumb","itemListElement":[{"@type":"ListItem","position":1,"name":"Startseite","item":"https:\/\/marktxxl.de\/markt\/"},{"@type":"ListItem","position":2,"name":"Markt","item":"https:\/\/marktxxl.de\/markt\/"},{"@type":"ListItem","position":3,"name":"120 x Cleaning sticks Reinigungsst\u00e4bchen mit alkohol + 240x \u00d6l absorbierendes Blatt \uff088 Bl\u00e4tter\uff09+ 1x Pinzette f\u00fcr IQOS 3 duo\/IQOS 2.4 Plus Zubeh\u00f6r Set"}]},{"@type":"WebSite","@id":"https:\/\/marktxxl.de\/markt\/#website","url":"https:\/\/marktxxl.de\/markt\/","name":"Markt-XXL","description":"Ihr Markt Online","publisher":{"@id":"https:\/\/marktxxl.de\/markt\/#organization"},"potentialAction":[{"@type":"SearchAction","target":{"@type":"EntryPoint","urlTemplate":"https:\/\/marktxxl.de\/markt\/?s={search_term_string}"},"query-input":{"@type":"PropertyValueSpecification","valueRequired":true,"valueName":"search_term_string"}}],"inLanguage":"de"},{"@type":"Organization","@id":"https:\/\/marktxxl.de\/markt\/#organization","name":"Markt-XXL","url":"https:\/\/marktxxl.de\/markt\/","logo":{"@type":"ImageObject","inLanguage":"de","@id":"https:\/\/marktxxl.de\/markt\/#\/schema\/logo\/image\/","url":"https:\/\/marktxxl.de\/markt\/wp-content\/uploads\/sites\/3\/2020\/12\/logo.png","contentUrl":"https:\/\/marktxxl.de\/markt\/wp-content\/uploads\/sites\/3\/2020\/12\/logo.png","width":200,"height":70,"caption":"Markt-XXL"},"image":{"@id":"https:\/\/marktxxl.de\/markt\/#\/schema\/logo\/image\/"}}]}},"_links":{"self":[{"href":"https:\/\/marktxxl.de\/markt\/wp-json\/wp\/v2\/product\/224793","targetHints":{"allow":["GET"]}}],"collection":[{"href":"https:\/\/marktxxl.de\/markt\/wp-json\/wp\/v2\/product"}],"about":[{"href":"https:\/\/marktxxl.de\/markt\/wp-json\/wp\/v2\/types\/product"}],"replies":[{"embeddable":true,"href":"https:\/\/marktxxl.de\/markt\/wp-json\/wp\/v2\/comments?post=224793"}],"wp:featuredmedia":[{"embeddable":true,"href":"https:\/\/marktxxl.de\/markt\/wp-json\/wp\/v2\/media\/224794"}],"wp:attachment":[{"href":"https:\/\/marktxxl.de\/markt\/wp-json\/wp\/v2\/media?parent=224793"}],"wp:term":[{"taxonomy":"product_brand","embeddable":true,"href":"https:\/\/marktxxl.de\/markt\/wp-json\/wp\/v2\/product_brand?post=224793"},{"taxonomy":"product_cat","embeddable":true,"href":"https:\/\/marktxxl.de\/markt\/wp-json\/wp\/v2\/product_cat?post=224793"},{"taxonomy":"product_tag","embeddable":true,"href":"https:\/\/marktxxl.de\/markt\/wp-json\/wp\/v2\/product_tag?post=224793"}],"curies":[{"name":"wp","href":"https:\/\/api.w.org\/{rel}","templated":true}]}}