{"id":224423,"date":"2024-07-28T19:41:06","date_gmt":"2024-07-28T17:41:06","guid":{"rendered":"https:\/\/marktxxl.de\/markt\/produkt\/ouben-stylus-stift-kompatibel-mit-apple-ipad-2018-2024-10-minuten-ladung-palm-rejection-neigungsempfindlich-pencil-magnetisches-pen-kompatibel-mit-ipad-ipad-pro-ipad-mini\/"},"modified":"2024-07-28T19:41:06","modified_gmt":"2024-07-28T17:41:06","slug":"ouben-stylus-stift-kompatibel-mit-apple-ipad-2018-2024-10-minuten-ladung-palm-rejection-neigungsempfindlich-pencil-magnetisches-pen-kompatibel-mit-ipad-ipad-pro-ipad-mini","status":"publish","type":"product","link":"https:\/\/marktxxl.de\/markt\/produkt\/ouben-stylus-stift-kompatibel-mit-apple-ipad-2018-2024-10-minuten-ladung-palm-rejection-neigungsempfindlich-pencil-magnetisches-pen-kompatibel-mit-ipad-ipad-pro-ipad-mini\/","title":{"rendered":"OUBEN Stylus Stift kompatibel mit Apple iPad (2018-2024), 10 Minuten Ladung, Palm Rejection, Neigungsempfindlich Pencil, Magnetisches Pen Kompatibel mit iPad\/iPad Pro\/iPad Mini"},"content":{"rendered":"<p>\u3010Speziell f\u00fcr iPad Serie 2018-2024\u3011 NUR kompatibel mit iPad Pro 11 inch (M4, 4th, 3rd, 2nd, 1st generation) iPad Pro 12,9&#8221; (3\/4\/5\/6th Gen) \/ iPad Air (3\/4\/5th Gen) \/ iPad (10\/9 \/ 8 \/ 7 \/ 6th Gen) \/ iPad Mini (6 \/ 5th Gen). HINWEIS: Alle iPad-Modelle m\u00fcssen mit iOS 12.2 oder h\u00f6her aktualisiert werden. Funktioniert nicht f\u00fcr das iPad, das vor 2018 ver\u00f6ffentlicht wurde. Bitte \u00fcberpr\u00fcfen Sie das richtige iPad-Modell, bevor Sie es bestellen.<br \/>\n\u3010Neigungsempfindlichkeit\u3011Professioneller Skizzierstift f\u00fcr Touchscreen. Design mit Neigungsempfindlichkeit. Je nachdem, wie der Neigungswinkel beim Schreiben oder Zeichnen auf dem iPad platziert wird, kann eine Linie mit diesem Eingabe stylus f\u00fcr iPad dicker oder d\u00fcnner sein. Erstellen Sie k\u00fcnstlich eine glatte Stiftspitze, um Sch\u00e4den am Bildschirm zu vermeiden, wird mit 4 Ersatzspitzen geliefert, keine Angst vor Verschlei\u00df.<br \/>\n\u3010Palm Rejection &amp; Magnetic Attachment\u3011 Stift f\u00fcr ipad 10 generation unterst\u00fctzt die Palm Rejection-Funktion, sodass Sie Ihre Hand auf dem Bildschirm ablegen k\u00f6nnen, ohne unerw\u00fcnschte Striche zu verursachen. Lassen Sie sich nicht mehr durch versehentliche Ber\u00fchrungen st\u00f6ren. Mit magnetischer Adsorptionsfunktion (unterst\u00fctzt iPad Pro 12,9&#8221; 3\/4\/5 Generation; iPad Pro 11&#8221; 1\/2\/3 Generation; iPad Air 4. Generation; iPad Mini 6 Generation)<br \/>\n\u3010Schnellladung mit Batterieanzeigen\u3011 Eingebauter wiederaufladbarer, der in etwa 10-15 Minuten schnell vollst\u00e4ndig aufgeladen werden kann. Bitte verwenden Sie zum Aufladen das Typ-C-Ladekabel, das an die USB-Schnittstelle des Computers, Tablets, 5-V-DC-Quellenadapters oder 5-V-Powerbank angeschlossen ist.<br \/>\n\u3010Stylus for Multipurpose\u3011Mit der verbesserten stift f\u00fcr iPad spitze ist er langlebiger und bietet pixelgenaue Pr\u00e4zision und branchenf\u00fchrende niedrige Latenz, wodurch er sich hervorragend zum Zeichnen, Skizzieren, Kolorieren, Notieren, Markieren von PDFs und mehr eignet. Sie k\u00f6nnen das iPad in Ihren Notizblock, Ihre Leinwand oder so ziemlich alles andere verwandln, was Sie sich vorstellen k\u00f6nnen.<br \/>\n<div class=\"main-cross-sell\" data-asin=\"B0D9J9RFWN\">\n\n\t<div class=\"WooZone-cross-sell-loader\">\n\t\t<div>\n\t\t\t<div id=\"floatingBarsG\">\n\t\t\t\t<div class=\"blockG\" id=\"rotateG_01\"><\/div>\n\t\t\t\t<div class=\"blockG\" id=\"rotateG_02\"><\/div>\n\t\t\t\t<div class=\"blockG\" id=\"rotateG_03\"><\/div>\n\t\t\t\t<div class=\"blockG\" id=\"rotateG_04\"><\/div>\n\t\t\t\t<div class=\"blockG\" id=\"rotateG_05\"><\/div>\n\t\t\t\t<div class=\"blockG\" id=\"rotateG_06\"><\/div>\n\t\t\t\t<div class=\"blockG\" id=\"rotateG_07\"><\/div>\n\t\t\t\t<div class=\"blockG\" id=\"rotateG_08\"><\/div>\n\t\t\t<\/div>\n\t\t\t<div class=\"WooZone-cross-sell-loader-text\"><\/div>\n\t\t<\/div>\n\t<\/div>\n\n\t\t\n<\/div>\n<div style=\"clear:both;\"><\/div><\/p>\n","protected":false},"excerpt":{"rendered":"<p>\u3010Speziell f\u00fcr iPad Serie 2018-2024\u3011 NUR kompatibel mit iPad Pro 11 inch (M4, 4th, 3rd, 2nd, 1st generation) iPad Pro 12,9&#8221; (3\/4\/5\/6th Gen) \/ iPad Air (3\/4\/5th Gen) \/ iPad (10\/9 \/ 8 \/ 7 \/ 6th Gen) \/ iPad Mini (6 \/ 5th Gen). HINWEIS: Alle iPad-Modelle m\u00fcssen mit iOS 12.2 oder h\u00f6her aktualisiert werden. Funktioniert nicht f\u00fcr das iPad, das vor 2018 ver\u00f6ffentlicht wurde. Bitte \u00fcberpr\u00fcfen Sie das richtige iPad-Modell, bevor Sie es bestellen.<br \/>\n\u3010Neigungsempfindlichkeit\u3011Professioneller Skizzierstift f\u00fcr Touchscreen. Design mit Neigungsempfindlichkeit. Je nachdem, wie der Neigungswinkel beim Schreiben oder Zeichnen auf dem iPad platziert wird, kann eine Linie mit diesem Eingabe stylus f\u00fcr iPad dicker oder d\u00fcnner sein. Erstellen Sie k\u00fcnstlich eine glatte Stiftspitze, um Sch\u00e4den am Bildschirm zu vermeiden, wird mit 4 Ersatzspitzen geliefert, keine Angst vor Verschlei\u00df.<br \/>\n\u3010Palm Rejection &amp; Magnetic Attachment\u3011 Stift f\u00fcr ipad 10 generation unterst\u00fctzt die Palm Rejection-Funktion, sodass Sie Ihre Hand auf dem Bildschirm ablegen k\u00f6nnen, ohne unerw\u00fcnschte Striche zu verursachen. Lassen Sie sich nicht mehr durch versehentliche Ber\u00fchrungen st\u00f6ren. Mit magnetischer Adsorptionsfunktion (unterst\u00fctzt iPad Pro 12,9&#8221; 3\/4\/5 Generation; iPad Pro 11&#8221; 1\/2\/3 Generation; iPad Air 4. Generation; iPad Mini 6 Generation)<\/p>\n","protected":false},"featured_media":224424,"comment_status":"open","ping_status":"closed","template":"","meta":[],"product_brand":[],"product_cat":[863],"product_tag":[],"class_list":{"0":"post-224423","1":"product","2":"type-product","3":"status-publish","4":"has-post-thumbnail","6":"product_cat-computer-zubehoer","7":"pa_brand-ouben","8":"pa_manufacturer-ouben","10":"first","11":"instock","12":"shipping-taxable","13":"product-type-simple","14":"customify-col","15":"product-has-gallery"},"yoast_head":"<!-- This site is optimized with the Yoast SEO plugin v27.4 - https:\/\/yoast.com\/product\/yoast-seo-wordpress\/ -->\n<title>OUBEN Stylus Stift kompatibel mit Apple iPad (2018-2024), 10 Minuten Ladung, Palm Rejection, Neigungsempfindlich Pencil, Magnetisches Pen Kompatibel mit iPad\/iPad Pro\/iPad Mini - Markt-XXL<\/title>\n<meta name=\"description\" content=\"Markt-XXL OUBEN Stylus Stift kompatibel mit Apple iPad (2018-2024), 10 Minuten Ladung, Palm Rejection, Neigungsempfindlich Pencil, Magnetisches Pen Kompatibel mit iPad\/iPad Pro\/iPad Mini\" \/>\n<meta name=\"robots\" content=\"index, follow, max-snippet:-1, max-image-preview:large, max-video-preview:-1\" \/>\n<link rel=\"canonical\" href=\"https:\/\/marktxxl.de\/markt\/produkt\/ouben-stylus-stift-kompatibel-mit-apple-ipad-2018-2024-10-minuten-ladung-palm-rejection-neigungsempfindlich-pencil-magnetisches-pen-kompatibel-mit-ipad-ipad-pro-ipad-mini\/\" \/>\n<meta property=\"og:locale\" content=\"de_DE\" \/>\n<meta property=\"og:type\" content=\"article\" \/>\n<meta property=\"og:title\" content=\"OUBEN Stylus Stift kompatibel mit Apple iPad (2018-2024), 10 Minuten Ladung, Palm Rejection, Neigungsempfindlich Pencil, Magnetisches Pen Kompatibel mit iPad\/iPad Pro\/iPad Mini - Markt-XXL\" \/>\n<meta property=\"og:description\" content=\"Markt-XXL OUBEN Stylus Stift kompatibel mit Apple iPad (2018-2024), 10 Minuten Ladung, Palm Rejection, Neigungsempfindlich Pencil, Magnetisches Pen Kompatibel mit iPad\/iPad Pro\/iPad Mini\" \/>\n<meta property=\"og:url\" content=\"https:\/\/marktxxl.de\/markt\/produkt\/ouben-stylus-stift-kompatibel-mit-apple-ipad-2018-2024-10-minuten-ladung-palm-rejection-neigungsempfindlich-pencil-magnetisches-pen-kompatibel-mit-ipad-ipad-pro-ipad-mini\/\" \/>\n<meta property=\"og:site_name\" content=\"Markt-XXL\" \/>\n<meta name=\"twitter:card\" content=\"summary_large_image\" \/>\n<meta name=\"twitter:label1\" content=\"Gesch\u00e4tzte Lesezeit\" \/>\n\t<meta name=\"twitter:data1\" content=\"1\u00a0Minute\" \/>\n<script type=\"application\/ld+json\" class=\"yoast-schema-graph\">{\"@context\":\"https:\\\/\\\/schema.org\",\"@graph\":[{\"@type\":\"WebPage\",\"@id\":\"https:\\\/\\\/marktxxl.de\\\/markt\\\/produkt\\\/ouben-stylus-stift-kompatibel-mit-apple-ipad-2018-2024-10-minuten-ladung-palm-rejection-neigungsempfindlich-pencil-magnetisches-pen-kompatibel-mit-ipad-ipad-pro-ipad-mini\\\/\",\"url\":\"https:\\\/\\\/marktxxl.de\\\/markt\\\/produkt\\\/ouben-stylus-stift-kompatibel-mit-apple-ipad-2018-2024-10-minuten-ladung-palm-rejection-neigungsempfindlich-pencil-magnetisches-pen-kompatibel-mit-ipad-ipad-pro-ipad-mini\\\/\",\"name\":\"OUBEN Stylus Stift kompatibel mit Apple iPad (2018-2024), 10 Minuten Ladung, Palm Rejection, Neigungsempfindlich Pencil, Magnetisches Pen Kompatibel mit iPad\\\/iPad Pro\\\/iPad Mini - Markt-XXL\",\"isPartOf\":{\"@id\":\"https:\\\/\\\/marktxxl.de\\\/markt\\\/#website\"},\"primaryImageOfPage\":{\"@id\":\"https:\\\/\\\/marktxxl.de\\\/markt\\\/produkt\\\/ouben-stylus-stift-kompatibel-mit-apple-ipad-2018-2024-10-minuten-ladung-palm-rejection-neigungsempfindlich-pencil-magnetisches-pen-kompatibel-mit-ipad-ipad-pro-ipad-mini\\\/#primaryimage\"},\"image\":{\"@id\":\"https:\\\/\\\/marktxxl.de\\\/markt\\\/produkt\\\/ouben-stylus-stift-kompatibel-mit-apple-ipad-2018-2024-10-minuten-ladung-palm-rejection-neigungsempfindlich-pencil-magnetisches-pen-kompatibel-mit-ipad-ipad-pro-ipad-mini\\\/#primaryimage\"},\"thumbnailUrl\":\"https:\\\/\\\/m.media-amazon.com\\\/images\\\/I\\\/419P2W2TDQL._SL500_.jpg\",\"datePublished\":\"2024-07-28T17:41:06+00:00\",\"description\":\"Markt-XXL OUBEN Stylus Stift kompatibel mit Apple iPad (2018-2024), 10 Minuten Ladung, Palm Rejection, Neigungsempfindlich Pencil, Magnetisches Pen Kompatibel mit iPad\\\/iPad Pro\\\/iPad Mini\",\"breadcrumb\":{\"@id\":\"https:\\\/\\\/marktxxl.de\\\/markt\\\/produkt\\\/ouben-stylus-stift-kompatibel-mit-apple-ipad-2018-2024-10-minuten-ladung-palm-rejection-neigungsempfindlich-pencil-magnetisches-pen-kompatibel-mit-ipad-ipad-pro-ipad-mini\\\/#breadcrumb\"},\"inLanguage\":\"de\",\"potentialAction\":[{\"@type\":\"ReadAction\",\"target\":[\"https:\\\/\\\/marktxxl.de\\\/markt\\\/produkt\\\/ouben-stylus-stift-kompatibel-mit-apple-ipad-2018-2024-10-minuten-ladung-palm-rejection-neigungsempfindlich-pencil-magnetisches-pen-kompatibel-mit-ipad-ipad-pro-ipad-mini\\\/\"]}]},{\"@type\":\"ImageObject\",\"inLanguage\":\"de\",\"@id\":\"https:\\\/\\\/marktxxl.de\\\/markt\\\/produkt\\\/ouben-stylus-stift-kompatibel-mit-apple-ipad-2018-2024-10-minuten-ladung-palm-rejection-neigungsempfindlich-pencil-magnetisches-pen-kompatibel-mit-ipad-ipad-pro-ipad-mini\\\/#primaryimage\",\"url\":\"https:\\\/\\\/m.media-amazon.com\\\/images\\\/I\\\/419P2W2TDQL._SL500_.jpg\",\"contentUrl\":\"https:\\\/\\\/m.media-amazon.com\\\/images\\\/I\\\/419P2W2TDQL._SL500_.jpg\",\"width\":500,\"height\":500},{\"@type\":\"BreadcrumbList\",\"@id\":\"https:\\\/\\\/marktxxl.de\\\/markt\\\/produkt\\\/ouben-stylus-stift-kompatibel-mit-apple-ipad-2018-2024-10-minuten-ladung-palm-rejection-neigungsempfindlich-pencil-magnetisches-pen-kompatibel-mit-ipad-ipad-pro-ipad-mini\\\/#breadcrumb\",\"itemListElement\":[{\"@type\":\"ListItem\",\"position\":1,\"name\":\"Startseite\",\"item\":\"https:\\\/\\\/marktxxl.de\\\/markt\\\/\"},{\"@type\":\"ListItem\",\"position\":2,\"name\":\"Markt\",\"item\":\"https:\\\/\\\/marktxxl.de\\\/markt\\\/\"},{\"@type\":\"ListItem\",\"position\":3,\"name\":\"OUBEN Stylus Stift kompatibel mit Apple iPad (2018-2024), 10 Minuten Ladung, Palm Rejection, Neigungsempfindlich Pencil, Magnetisches Pen Kompatibel mit iPad\\\/iPad Pro\\\/iPad Mini\"}]},{\"@type\":\"WebSite\",\"@id\":\"https:\\\/\\\/marktxxl.de\\\/markt\\\/#website\",\"url\":\"https:\\\/\\\/marktxxl.de\\\/markt\\\/\",\"name\":\"Markt-XXL\",\"description\":\"Ihr Markt Online\",\"publisher\":{\"@id\":\"https:\\\/\\\/marktxxl.de\\\/markt\\\/#organization\"},\"potentialAction\":[{\"@type\":\"SearchAction\",\"target\":{\"@type\":\"EntryPoint\",\"urlTemplate\":\"https:\\\/\\\/marktxxl.de\\\/markt\\\/?s={search_term_string}\"},\"query-input\":{\"@type\":\"PropertyValueSpecification\",\"valueRequired\":true,\"valueName\":\"search_term_string\"}}],\"inLanguage\":\"de\"},{\"@type\":\"Organization\",\"@id\":\"https:\\\/\\\/marktxxl.de\\\/markt\\\/#organization\",\"name\":\"Markt-XXL\",\"url\":\"https:\\\/\\\/marktxxl.de\\\/markt\\\/\",\"logo\":{\"@type\":\"ImageObject\",\"inLanguage\":\"de\",\"@id\":\"https:\\\/\\\/marktxxl.de\\\/markt\\\/#\\\/schema\\\/logo\\\/image\\\/\",\"url\":\"https:\\\/\\\/marktxxl.de\\\/markt\\\/wp-content\\\/uploads\\\/sites\\\/3\\\/2020\\\/12\\\/logo.png\",\"contentUrl\":\"https:\\\/\\\/marktxxl.de\\\/markt\\\/wp-content\\\/uploads\\\/sites\\\/3\\\/2020\\\/12\\\/logo.png\",\"width\":200,\"height\":70,\"caption\":\"Markt-XXL\"},\"image\":{\"@id\":\"https:\\\/\\\/marktxxl.de\\\/markt\\\/#\\\/schema\\\/logo\\\/image\\\/\"}}]}<\/script>\n<!-- \/ Yoast SEO plugin. -->","yoast_head_json":{"title":"OUBEN Stylus Stift kompatibel mit Apple iPad (2018-2024), 10 Minuten Ladung, Palm Rejection, Neigungsempfindlich Pencil, Magnetisches Pen Kompatibel mit iPad\/iPad Pro\/iPad Mini - Markt-XXL","description":"Markt-XXL OUBEN Stylus Stift kompatibel mit Apple iPad (2018-2024), 10 Minuten Ladung, Palm Rejection, Neigungsempfindlich Pencil, Magnetisches Pen Kompatibel mit iPad\/iPad Pro\/iPad Mini","robots":{"index":"index","follow":"follow","max-snippet":"max-snippet:-1","max-image-preview":"max-image-preview:large","max-video-preview":"max-video-preview:-1"},"canonical":"https:\/\/marktxxl.de\/markt\/produkt\/ouben-stylus-stift-kompatibel-mit-apple-ipad-2018-2024-10-minuten-ladung-palm-rejection-neigungsempfindlich-pencil-magnetisches-pen-kompatibel-mit-ipad-ipad-pro-ipad-mini\/","og_locale":"de_DE","og_type":"article","og_title":"OUBEN Stylus Stift kompatibel mit Apple iPad (2018-2024), 10 Minuten Ladung, Palm Rejection, Neigungsempfindlich Pencil, Magnetisches Pen Kompatibel mit iPad\/iPad Pro\/iPad Mini - Markt-XXL","og_description":"Markt-XXL OUBEN Stylus Stift kompatibel mit Apple iPad (2018-2024), 10 Minuten Ladung, Palm Rejection, Neigungsempfindlich Pencil, Magnetisches Pen Kompatibel mit iPad\/iPad Pro\/iPad Mini","og_url":"https:\/\/marktxxl.de\/markt\/produkt\/ouben-stylus-stift-kompatibel-mit-apple-ipad-2018-2024-10-minuten-ladung-palm-rejection-neigungsempfindlich-pencil-magnetisches-pen-kompatibel-mit-ipad-ipad-pro-ipad-mini\/","og_site_name":"Markt-XXL","twitter_card":"summary_large_image","twitter_misc":{"Gesch\u00e4tzte Lesezeit":"1\u00a0Minute"},"schema":{"@context":"https:\/\/schema.org","@graph":[{"@type":"WebPage","@id":"https:\/\/marktxxl.de\/markt\/produkt\/ouben-stylus-stift-kompatibel-mit-apple-ipad-2018-2024-10-minuten-ladung-palm-rejection-neigungsempfindlich-pencil-magnetisches-pen-kompatibel-mit-ipad-ipad-pro-ipad-mini\/","url":"https:\/\/marktxxl.de\/markt\/produkt\/ouben-stylus-stift-kompatibel-mit-apple-ipad-2018-2024-10-minuten-ladung-palm-rejection-neigungsempfindlich-pencil-magnetisches-pen-kompatibel-mit-ipad-ipad-pro-ipad-mini\/","name":"OUBEN Stylus Stift kompatibel mit Apple iPad (2018-2024), 10 Minuten Ladung, Palm Rejection, Neigungsempfindlich Pencil, Magnetisches Pen Kompatibel mit iPad\/iPad Pro\/iPad Mini - Markt-XXL","isPartOf":{"@id":"https:\/\/marktxxl.de\/markt\/#website"},"primaryImageOfPage":{"@id":"https:\/\/marktxxl.de\/markt\/produkt\/ouben-stylus-stift-kompatibel-mit-apple-ipad-2018-2024-10-minuten-ladung-palm-rejection-neigungsempfindlich-pencil-magnetisches-pen-kompatibel-mit-ipad-ipad-pro-ipad-mini\/#primaryimage"},"image":{"@id":"https:\/\/marktxxl.de\/markt\/produkt\/ouben-stylus-stift-kompatibel-mit-apple-ipad-2018-2024-10-minuten-ladung-palm-rejection-neigungsempfindlich-pencil-magnetisches-pen-kompatibel-mit-ipad-ipad-pro-ipad-mini\/#primaryimage"},"thumbnailUrl":"https:\/\/m.media-amazon.com\/images\/I\/419P2W2TDQL._SL500_.jpg","datePublished":"2024-07-28T17:41:06+00:00","description":"Markt-XXL OUBEN Stylus Stift kompatibel mit Apple iPad (2018-2024), 10 Minuten Ladung, Palm Rejection, Neigungsempfindlich Pencil, Magnetisches Pen Kompatibel mit iPad\/iPad Pro\/iPad Mini","breadcrumb":{"@id":"https:\/\/marktxxl.de\/markt\/produkt\/ouben-stylus-stift-kompatibel-mit-apple-ipad-2018-2024-10-minuten-ladung-palm-rejection-neigungsempfindlich-pencil-magnetisches-pen-kompatibel-mit-ipad-ipad-pro-ipad-mini\/#breadcrumb"},"inLanguage":"de","potentialAction":[{"@type":"ReadAction","target":["https:\/\/marktxxl.de\/markt\/produkt\/ouben-stylus-stift-kompatibel-mit-apple-ipad-2018-2024-10-minuten-ladung-palm-rejection-neigungsempfindlich-pencil-magnetisches-pen-kompatibel-mit-ipad-ipad-pro-ipad-mini\/"]}]},{"@type":"ImageObject","inLanguage":"de","@id":"https:\/\/marktxxl.de\/markt\/produkt\/ouben-stylus-stift-kompatibel-mit-apple-ipad-2018-2024-10-minuten-ladung-palm-rejection-neigungsempfindlich-pencil-magnetisches-pen-kompatibel-mit-ipad-ipad-pro-ipad-mini\/#primaryimage","url":"https:\/\/m.media-amazon.com\/images\/I\/419P2W2TDQL._SL500_.jpg","contentUrl":"https:\/\/m.media-amazon.com\/images\/I\/419P2W2TDQL._SL500_.jpg","width":500,"height":500},{"@type":"BreadcrumbList","@id":"https:\/\/marktxxl.de\/markt\/produkt\/ouben-stylus-stift-kompatibel-mit-apple-ipad-2018-2024-10-minuten-ladung-palm-rejection-neigungsempfindlich-pencil-magnetisches-pen-kompatibel-mit-ipad-ipad-pro-ipad-mini\/#breadcrumb","itemListElement":[{"@type":"ListItem","position":1,"name":"Startseite","item":"https:\/\/marktxxl.de\/markt\/"},{"@type":"ListItem","position":2,"name":"Markt","item":"https:\/\/marktxxl.de\/markt\/"},{"@type":"ListItem","position":3,"name":"OUBEN Stylus Stift kompatibel mit Apple iPad (2018-2024), 10 Minuten Ladung, Palm Rejection, Neigungsempfindlich Pencil, Magnetisches Pen Kompatibel mit iPad\/iPad Pro\/iPad Mini"}]},{"@type":"WebSite","@id":"https:\/\/marktxxl.de\/markt\/#website","url":"https:\/\/marktxxl.de\/markt\/","name":"Markt-XXL","description":"Ihr Markt Online","publisher":{"@id":"https:\/\/marktxxl.de\/markt\/#organization"},"potentialAction":[{"@type":"SearchAction","target":{"@type":"EntryPoint","urlTemplate":"https:\/\/marktxxl.de\/markt\/?s={search_term_string}"},"query-input":{"@type":"PropertyValueSpecification","valueRequired":true,"valueName":"search_term_string"}}],"inLanguage":"de"},{"@type":"Organization","@id":"https:\/\/marktxxl.de\/markt\/#organization","name":"Markt-XXL","url":"https:\/\/marktxxl.de\/markt\/","logo":{"@type":"ImageObject","inLanguage":"de","@id":"https:\/\/marktxxl.de\/markt\/#\/schema\/logo\/image\/","url":"https:\/\/marktxxl.de\/markt\/wp-content\/uploads\/sites\/3\/2020\/12\/logo.png","contentUrl":"https:\/\/marktxxl.de\/markt\/wp-content\/uploads\/sites\/3\/2020\/12\/logo.png","width":200,"height":70,"caption":"Markt-XXL"},"image":{"@id":"https:\/\/marktxxl.de\/markt\/#\/schema\/logo\/image\/"}}]}},"_links":{"self":[{"href":"https:\/\/marktxxl.de\/markt\/wp-json\/wp\/v2\/product\/224423","targetHints":{"allow":["GET"]}}],"collection":[{"href":"https:\/\/marktxxl.de\/markt\/wp-json\/wp\/v2\/product"}],"about":[{"href":"https:\/\/marktxxl.de\/markt\/wp-json\/wp\/v2\/types\/product"}],"replies":[{"embeddable":true,"href":"https:\/\/marktxxl.de\/markt\/wp-json\/wp\/v2\/comments?post=224423"}],"wp:featuredmedia":[{"embeddable":true,"href":"https:\/\/marktxxl.de\/markt\/wp-json\/wp\/v2\/media\/224424"}],"wp:attachment":[{"href":"https:\/\/marktxxl.de\/markt\/wp-json\/wp\/v2\/media?parent=224423"}],"wp:term":[{"taxonomy":"product_brand","embeddable":true,"href":"https:\/\/marktxxl.de\/markt\/wp-json\/wp\/v2\/product_brand?post=224423"},{"taxonomy":"product_cat","embeddable":true,"href":"https:\/\/marktxxl.de\/markt\/wp-json\/wp\/v2\/product_cat?post=224423"},{"taxonomy":"product_tag","embeddable":true,"href":"https:\/\/marktxxl.de\/markt\/wp-json\/wp\/v2\/product_tag?post=224423"}],"curies":[{"name":"wp","href":"https:\/\/api.w.org\/{rel}","templated":true}]}}