{"id":224372,"date":"2024-07-28T19:01:33","date_gmt":"2024-07-28T17:01:33","guid":{"rendered":"https:\/\/marktxxl.de\/markt\/produkt\/akkermansia-muciniphila-30-milliarden-afu-verbessert-mit-resistenter-staerke-nicht-gmo-glutenfreie-formel-fuer-frauen-maenner-60-verzoegert-freisetzende-kapseln\/"},"modified":"2024-07-28T19:01:33","modified_gmt":"2024-07-28T17:01:33","slug":"akkermansia-muciniphila-30-milliarden-afu-verbessert-mit-resistenter-staerke-nicht-gmo-glutenfreie-formel-fuer-frauen-maenner-60-verzoegert-freisetzende-kapseln","status":"publish","type":"product","link":"https:\/\/marktxxl.de\/markt\/produkt\/akkermansia-muciniphila-30-milliarden-afu-verbessert-mit-resistenter-staerke-nicht-gmo-glutenfreie-formel-fuer-frauen-maenner-60-verzoegert-freisetzende-kapseln\/","title":{"rendered":"Akkermansia Muciniphila 30 Milliarden AFU &#8211; Verbessert mit resistenter St\u00e4rke | Nicht-GMO &amp; Glutenfreie Formel f\u00fcr Frauen &amp; M\u00e4nner &#8211; 60 verz\u00f6gert freisetzende Kapseln"},"content":{"rendered":"<p>30 Milliarden AFU Akkermansia &#8211; Akkermansia Muciniphila, auch bekannt als der &#8216;Schleimliebhaber&#8217;, hat die F\u00e4higkeit, auf der Schleimhaut des Magen-Darm-Trakts zu gedeihen. Studien zeigen, dass der Akkermansia-Stamm etwa 4% der Darmbakterien bei Menschen ausmacht. Coutihots Akkermansia-Kapsel liefert pro Portion 30 Milliarden AFUs (aktive Fermentationseinheiten).<br \/>\n6-IN-1 HOCHWIRKSAME FORMEL &#8211; Coutihot Akkermansia muciniphila ist vollgepackt mit Akkermansia, resistenter St\u00e4rke, Gr\u00fcnteeblattextrakt, Vitamin B2, Vitamin D und Chrom. Diese leistungsstarke 6-in-1-Formel arbeitet zusammen und macht unsere Akkermansia-muciniphila-Kapseln effektiver.<br \/>\nUNSERE ST\u00c4RKE &#8211; Coutihot Akkermansia muciniphila angereichert mit resistenter St\u00e4rke. Die resistente St\u00e4rke, die um die Akkermansia-Zellen beschichtet ist, sch\u00fctzt sie vor Magens\u00e4ure und erh\u00f6ht ihre \u00dcberlebensf\u00e4higkeit.<br \/>\nHALTBARKEIT &#8211; Coutihots hochwirksames Akkermansia wird in einer stabilen Flasche mit 60 Kapseln geliefert, wobei jede Portion 30 Milliarden AFU enth\u00e4lt. Nehmen Sie t\u00e4glich 2 Akkermansia-Kapseln ein; Sie k\u00f6nnen die Dosierung bei Bedarf anpassen, damit eine Portion f\u00fcr 30 Tage oder sogar l\u00e4nger ausreicht. Eine K\u00fchlung ist nicht erforderlich; stecken Sie die Flasche einfach in Ihre Tasche, wenn Sie unterwegs sind.<br \/>\nPREMIUM F\u00dcR ALLE &#8211; Coutihot Akkermansia Muciniphila-Kapseln werden nur mit hochwertigen Zutaten hergestellt. Wir arbeiten hart daran, Ihnen ein Produkt anzubieten, das nicht gentechnisch ver\u00e4ndert ist und frei von Zucker, Soja, Laktose und Gluten ist.<br \/>\n<div class=\"main-cross-sell\" data-asin=\"B0D1V6H7M1\">\n\n\t<div class=\"WooZone-cross-sell-loader\">\n\t\t<div>\n\t\t\t<div id=\"floatingBarsG\">\n\t\t\t\t<div class=\"blockG\" id=\"rotateG_01\"><\/div>\n\t\t\t\t<div class=\"blockG\" id=\"rotateG_02\"><\/div>\n\t\t\t\t<div class=\"blockG\" id=\"rotateG_03\"><\/div>\n\t\t\t\t<div class=\"blockG\" id=\"rotateG_04\"><\/div>\n\t\t\t\t<div class=\"blockG\" id=\"rotateG_05\"><\/div>\n\t\t\t\t<div class=\"blockG\" id=\"rotateG_06\"><\/div>\n\t\t\t\t<div class=\"blockG\" id=\"rotateG_07\"><\/div>\n\t\t\t\t<div class=\"blockG\" id=\"rotateG_08\"><\/div>\n\t\t\t<\/div>\n\t\t\t<div class=\"WooZone-cross-sell-loader-text\"><\/div>\n\t\t<\/div>\n\t<\/div>\n\n\t\t\n<\/div>\n<div style=\"clear:both;\"><\/div><\/p>\n","protected":false},"excerpt":{"rendered":"<p>30 Milliarden AFU Akkermansia &#8211; Akkermansia Muciniphila, auch bekannt als der &#8216;Schleimliebhaber&#8217;, hat die F\u00e4higkeit, auf der Schleimhaut des Magen-Darm-Trakts zu gedeihen. Studien zeigen, dass der Akkermansia-Stamm etwa 4% der Darmbakterien bei Menschen ausmacht. Coutihots Akkermansia-Kapsel liefert pro Portion 30 Milliarden AFUs (aktive Fermentationseinheiten).<br \/>\n6-IN-1 HOCHWIRKSAME FORMEL &#8211; Coutihot Akkermansia muciniphila ist vollgepackt mit Akkermansia, resistenter St\u00e4rke, Gr\u00fcnteeblattextrakt, Vitamin B2, Vitamin D und Chrom. Diese leistungsstarke 6-in-1-Formel arbeitet zusammen und macht unsere Akkermansia-muciniphila-Kapseln effektiver.<br \/>\nUNSERE ST\u00c4RKE &#8211; Coutihot Akkermansia muciniphila angereichert mit resistenter St\u00e4rke. Die resistente St\u00e4rke, die um die Akkermansia-Zellen beschichtet ist, sch\u00fctzt sie vor Magens\u00e4ure und erh\u00f6ht ihre \u00dcberlebensf\u00e4higkeit.<\/p>\n","protected":false},"featured_media":224373,"comment_status":"open","ping_status":"closed","template":"","meta":[],"product_brand":[],"product_cat":[566],"product_tag":[],"class_list":{"0":"post-224372","1":"product","2":"type-product","3":"status-publish","4":"has-post-thumbnail","6":"product_cat-drogerie-koerperpflege","7":"pa_brand-coutihot","8":"pa_manufacturer-coutihot","9":"pa_size-60-stueck-1er-pack","11":"first","12":"instock","13":"shipping-taxable","14":"product-type-simple","15":"customify-col","16":"product-has-gallery"},"yoast_head":"<!-- This site is optimized with the Yoast SEO plugin v27.4 - https:\/\/yoast.com\/product\/yoast-seo-wordpress\/ -->\n<title>Akkermansia Muciniphila 30 Milliarden AFU - Verbessert mit resistenter St\u00e4rke | Nicht-GMO &amp; Glutenfreie Formel f\u00fcr Frauen &amp; M\u00e4nner - 60 verz\u00f6gert freisetzende Kapseln - Markt-XXL<\/title>\n<meta name=\"description\" content=\"Markt-XXL Akkermansia Muciniphila 30 Milliarden AFU - Verbessert mit resistenter St\u00e4rke | Nicht-GMO &amp; Glutenfreie Formel f\u00fcr Frauen &amp; M\u00e4nner - 60 verz\u00f6gert freisetzende Kapseln\" \/>\n<meta name=\"robots\" content=\"index, follow, max-snippet:-1, max-image-preview:large, max-video-preview:-1\" \/>\n<link rel=\"canonical\" href=\"https:\/\/marktxxl.de\/markt\/produkt\/akkermansia-muciniphila-30-milliarden-afu-verbessert-mit-resistenter-staerke-nicht-gmo-glutenfreie-formel-fuer-frauen-maenner-60-verzoegert-freisetzende-kapseln\/\" \/>\n<meta property=\"og:locale\" content=\"de_DE\" \/>\n<meta property=\"og:type\" content=\"article\" \/>\n<meta property=\"og:title\" content=\"Akkermansia Muciniphila 30 Milliarden AFU - Verbessert mit resistenter St\u00e4rke | Nicht-GMO &amp; Glutenfreie Formel f\u00fcr Frauen &amp; M\u00e4nner - 60 verz\u00f6gert freisetzende Kapseln - Markt-XXL\" \/>\n<meta property=\"og:description\" content=\"Markt-XXL Akkermansia Muciniphila 30 Milliarden AFU - Verbessert mit resistenter St\u00e4rke | Nicht-GMO &amp; Glutenfreie Formel f\u00fcr Frauen &amp; M\u00e4nner - 60 verz\u00f6gert freisetzende Kapseln\" \/>\n<meta property=\"og:url\" content=\"https:\/\/marktxxl.de\/markt\/produkt\/akkermansia-muciniphila-30-milliarden-afu-verbessert-mit-resistenter-staerke-nicht-gmo-glutenfreie-formel-fuer-frauen-maenner-60-verzoegert-freisetzende-kapseln\/\" \/>\n<meta property=\"og:site_name\" content=\"Markt-XXL\" \/>\n<meta name=\"twitter:card\" content=\"summary_large_image\" \/>\n<meta name=\"twitter:label1\" content=\"Gesch\u00e4tzte Lesezeit\" \/>\n\t<meta name=\"twitter:data1\" content=\"1\u00a0Minute\" \/>\n<script type=\"application\/ld+json\" class=\"yoast-schema-graph\">{\"@context\":\"https:\\\/\\\/schema.org\",\"@graph\":[{\"@type\":\"WebPage\",\"@id\":\"https:\\\/\\\/marktxxl.de\\\/markt\\\/produkt\\\/akkermansia-muciniphila-30-milliarden-afu-verbessert-mit-resistenter-staerke-nicht-gmo-glutenfreie-formel-fuer-frauen-maenner-60-verzoegert-freisetzende-kapseln\\\/\",\"url\":\"https:\\\/\\\/marktxxl.de\\\/markt\\\/produkt\\\/akkermansia-muciniphila-30-milliarden-afu-verbessert-mit-resistenter-staerke-nicht-gmo-glutenfreie-formel-fuer-frauen-maenner-60-verzoegert-freisetzende-kapseln\\\/\",\"name\":\"Akkermansia Muciniphila 30 Milliarden AFU - Verbessert mit resistenter St\u00e4rke | Nicht-GMO &amp; Glutenfreie Formel f\u00fcr Frauen &amp; M\u00e4nner - 60 verz\u00f6gert freisetzende Kapseln - Markt-XXL\",\"isPartOf\":{\"@id\":\"https:\\\/\\\/marktxxl.de\\\/markt\\\/#website\"},\"primaryImageOfPage\":{\"@id\":\"https:\\\/\\\/marktxxl.de\\\/markt\\\/produkt\\\/akkermansia-muciniphila-30-milliarden-afu-verbessert-mit-resistenter-staerke-nicht-gmo-glutenfreie-formel-fuer-frauen-maenner-60-verzoegert-freisetzende-kapseln\\\/#primaryimage\"},\"image\":{\"@id\":\"https:\\\/\\\/marktxxl.de\\\/markt\\\/produkt\\\/akkermansia-muciniphila-30-milliarden-afu-verbessert-mit-resistenter-staerke-nicht-gmo-glutenfreie-formel-fuer-frauen-maenner-60-verzoegert-freisetzende-kapseln\\\/#primaryimage\"},\"thumbnailUrl\":\"https:\\\/\\\/m.media-amazon.com\\\/images\\\/I\\\/41X8XcAS69L._SL500_.jpg\",\"datePublished\":\"2024-07-28T17:01:33+00:00\",\"description\":\"Markt-XXL Akkermansia Muciniphila 30 Milliarden AFU - Verbessert mit resistenter St\u00e4rke | Nicht-GMO &amp; Glutenfreie Formel f\u00fcr Frauen &amp; M\u00e4nner - 60 verz\u00f6gert freisetzende Kapseln\",\"breadcrumb\":{\"@id\":\"https:\\\/\\\/marktxxl.de\\\/markt\\\/produkt\\\/akkermansia-muciniphila-30-milliarden-afu-verbessert-mit-resistenter-staerke-nicht-gmo-glutenfreie-formel-fuer-frauen-maenner-60-verzoegert-freisetzende-kapseln\\\/#breadcrumb\"},\"inLanguage\":\"de\",\"potentialAction\":[{\"@type\":\"ReadAction\",\"target\":[\"https:\\\/\\\/marktxxl.de\\\/markt\\\/produkt\\\/akkermansia-muciniphila-30-milliarden-afu-verbessert-mit-resistenter-staerke-nicht-gmo-glutenfreie-formel-fuer-frauen-maenner-60-verzoegert-freisetzende-kapseln\\\/\"]}]},{\"@type\":\"ImageObject\",\"inLanguage\":\"de\",\"@id\":\"https:\\\/\\\/marktxxl.de\\\/markt\\\/produkt\\\/akkermansia-muciniphila-30-milliarden-afu-verbessert-mit-resistenter-staerke-nicht-gmo-glutenfreie-formel-fuer-frauen-maenner-60-verzoegert-freisetzende-kapseln\\\/#primaryimage\",\"url\":\"https:\\\/\\\/m.media-amazon.com\\\/images\\\/I\\\/41X8XcAS69L._SL500_.jpg\",\"contentUrl\":\"https:\\\/\\\/m.media-amazon.com\\\/images\\\/I\\\/41X8XcAS69L._SL500_.jpg\",\"width\":500,\"height\":500},{\"@type\":\"BreadcrumbList\",\"@id\":\"https:\\\/\\\/marktxxl.de\\\/markt\\\/produkt\\\/akkermansia-muciniphila-30-milliarden-afu-verbessert-mit-resistenter-staerke-nicht-gmo-glutenfreie-formel-fuer-frauen-maenner-60-verzoegert-freisetzende-kapseln\\\/#breadcrumb\",\"itemListElement\":[{\"@type\":\"ListItem\",\"position\":1,\"name\":\"Startseite\",\"item\":\"https:\\\/\\\/marktxxl.de\\\/markt\\\/\"},{\"@type\":\"ListItem\",\"position\":2,\"name\":\"Markt\",\"item\":\"https:\\\/\\\/marktxxl.de\\\/markt\\\/\"},{\"@type\":\"ListItem\",\"position\":3,\"name\":\"Akkermansia Muciniphila 30 Milliarden AFU &#8211; Verbessert mit resistenter St\u00e4rke | Nicht-GMO &amp; Glutenfreie Formel f\u00fcr Frauen &amp; M\u00e4nner &#8211; 60 verz\u00f6gert freisetzende Kapseln\"}]},{\"@type\":\"WebSite\",\"@id\":\"https:\\\/\\\/marktxxl.de\\\/markt\\\/#website\",\"url\":\"https:\\\/\\\/marktxxl.de\\\/markt\\\/\",\"name\":\"Markt-XXL\",\"description\":\"Ihr Markt Online\",\"publisher\":{\"@id\":\"https:\\\/\\\/marktxxl.de\\\/markt\\\/#organization\"},\"potentialAction\":[{\"@type\":\"SearchAction\",\"target\":{\"@type\":\"EntryPoint\",\"urlTemplate\":\"https:\\\/\\\/marktxxl.de\\\/markt\\\/?s={search_term_string}\"},\"query-input\":{\"@type\":\"PropertyValueSpecification\",\"valueRequired\":true,\"valueName\":\"search_term_string\"}}],\"inLanguage\":\"de\"},{\"@type\":\"Organization\",\"@id\":\"https:\\\/\\\/marktxxl.de\\\/markt\\\/#organization\",\"name\":\"Markt-XXL\",\"url\":\"https:\\\/\\\/marktxxl.de\\\/markt\\\/\",\"logo\":{\"@type\":\"ImageObject\",\"inLanguage\":\"de\",\"@id\":\"https:\\\/\\\/marktxxl.de\\\/markt\\\/#\\\/schema\\\/logo\\\/image\\\/\",\"url\":\"https:\\\/\\\/marktxxl.de\\\/markt\\\/wp-content\\\/uploads\\\/sites\\\/3\\\/2020\\\/12\\\/logo.png\",\"contentUrl\":\"https:\\\/\\\/marktxxl.de\\\/markt\\\/wp-content\\\/uploads\\\/sites\\\/3\\\/2020\\\/12\\\/logo.png\",\"width\":200,\"height\":70,\"caption\":\"Markt-XXL\"},\"image\":{\"@id\":\"https:\\\/\\\/marktxxl.de\\\/markt\\\/#\\\/schema\\\/logo\\\/image\\\/\"}}]}<\/script>\n<!-- \/ Yoast SEO plugin. -->","yoast_head_json":{"title":"Akkermansia Muciniphila 30 Milliarden AFU - Verbessert mit resistenter St\u00e4rke | Nicht-GMO &amp; Glutenfreie Formel f\u00fcr Frauen &amp; M\u00e4nner - 60 verz\u00f6gert freisetzende Kapseln - Markt-XXL","description":"Markt-XXL Akkermansia Muciniphila 30 Milliarden AFU - Verbessert mit resistenter St\u00e4rke | Nicht-GMO &amp; Glutenfreie Formel f\u00fcr Frauen &amp; M\u00e4nner - 60 verz\u00f6gert freisetzende Kapseln","robots":{"index":"index","follow":"follow","max-snippet":"max-snippet:-1","max-image-preview":"max-image-preview:large","max-video-preview":"max-video-preview:-1"},"canonical":"https:\/\/marktxxl.de\/markt\/produkt\/akkermansia-muciniphila-30-milliarden-afu-verbessert-mit-resistenter-staerke-nicht-gmo-glutenfreie-formel-fuer-frauen-maenner-60-verzoegert-freisetzende-kapseln\/","og_locale":"de_DE","og_type":"article","og_title":"Akkermansia Muciniphila 30 Milliarden AFU - Verbessert mit resistenter St\u00e4rke | Nicht-GMO &amp; Glutenfreie Formel f\u00fcr Frauen &amp; M\u00e4nner - 60 verz\u00f6gert freisetzende Kapseln - Markt-XXL","og_description":"Markt-XXL Akkermansia Muciniphila 30 Milliarden AFU - Verbessert mit resistenter St\u00e4rke | Nicht-GMO &amp; Glutenfreie Formel f\u00fcr Frauen &amp; M\u00e4nner - 60 verz\u00f6gert freisetzende Kapseln","og_url":"https:\/\/marktxxl.de\/markt\/produkt\/akkermansia-muciniphila-30-milliarden-afu-verbessert-mit-resistenter-staerke-nicht-gmo-glutenfreie-formel-fuer-frauen-maenner-60-verzoegert-freisetzende-kapseln\/","og_site_name":"Markt-XXL","twitter_card":"summary_large_image","twitter_misc":{"Gesch\u00e4tzte Lesezeit":"1\u00a0Minute"},"schema":{"@context":"https:\/\/schema.org","@graph":[{"@type":"WebPage","@id":"https:\/\/marktxxl.de\/markt\/produkt\/akkermansia-muciniphila-30-milliarden-afu-verbessert-mit-resistenter-staerke-nicht-gmo-glutenfreie-formel-fuer-frauen-maenner-60-verzoegert-freisetzende-kapseln\/","url":"https:\/\/marktxxl.de\/markt\/produkt\/akkermansia-muciniphila-30-milliarden-afu-verbessert-mit-resistenter-staerke-nicht-gmo-glutenfreie-formel-fuer-frauen-maenner-60-verzoegert-freisetzende-kapseln\/","name":"Akkermansia Muciniphila 30 Milliarden AFU - Verbessert mit resistenter St\u00e4rke | Nicht-GMO &amp; Glutenfreie Formel f\u00fcr Frauen &amp; M\u00e4nner - 60 verz\u00f6gert freisetzende Kapseln - Markt-XXL","isPartOf":{"@id":"https:\/\/marktxxl.de\/markt\/#website"},"primaryImageOfPage":{"@id":"https:\/\/marktxxl.de\/markt\/produkt\/akkermansia-muciniphila-30-milliarden-afu-verbessert-mit-resistenter-staerke-nicht-gmo-glutenfreie-formel-fuer-frauen-maenner-60-verzoegert-freisetzende-kapseln\/#primaryimage"},"image":{"@id":"https:\/\/marktxxl.de\/markt\/produkt\/akkermansia-muciniphila-30-milliarden-afu-verbessert-mit-resistenter-staerke-nicht-gmo-glutenfreie-formel-fuer-frauen-maenner-60-verzoegert-freisetzende-kapseln\/#primaryimage"},"thumbnailUrl":"https:\/\/m.media-amazon.com\/images\/I\/41X8XcAS69L._SL500_.jpg","datePublished":"2024-07-28T17:01:33+00:00","description":"Markt-XXL Akkermansia Muciniphila 30 Milliarden AFU - Verbessert mit resistenter St\u00e4rke | Nicht-GMO &amp; Glutenfreie Formel f\u00fcr Frauen &amp; M\u00e4nner - 60 verz\u00f6gert freisetzende Kapseln","breadcrumb":{"@id":"https:\/\/marktxxl.de\/markt\/produkt\/akkermansia-muciniphila-30-milliarden-afu-verbessert-mit-resistenter-staerke-nicht-gmo-glutenfreie-formel-fuer-frauen-maenner-60-verzoegert-freisetzende-kapseln\/#breadcrumb"},"inLanguage":"de","potentialAction":[{"@type":"ReadAction","target":["https:\/\/marktxxl.de\/markt\/produkt\/akkermansia-muciniphila-30-milliarden-afu-verbessert-mit-resistenter-staerke-nicht-gmo-glutenfreie-formel-fuer-frauen-maenner-60-verzoegert-freisetzende-kapseln\/"]}]},{"@type":"ImageObject","inLanguage":"de","@id":"https:\/\/marktxxl.de\/markt\/produkt\/akkermansia-muciniphila-30-milliarden-afu-verbessert-mit-resistenter-staerke-nicht-gmo-glutenfreie-formel-fuer-frauen-maenner-60-verzoegert-freisetzende-kapseln\/#primaryimage","url":"https:\/\/m.media-amazon.com\/images\/I\/41X8XcAS69L._SL500_.jpg","contentUrl":"https:\/\/m.media-amazon.com\/images\/I\/41X8XcAS69L._SL500_.jpg","width":500,"height":500},{"@type":"BreadcrumbList","@id":"https:\/\/marktxxl.de\/markt\/produkt\/akkermansia-muciniphila-30-milliarden-afu-verbessert-mit-resistenter-staerke-nicht-gmo-glutenfreie-formel-fuer-frauen-maenner-60-verzoegert-freisetzende-kapseln\/#breadcrumb","itemListElement":[{"@type":"ListItem","position":1,"name":"Startseite","item":"https:\/\/marktxxl.de\/markt\/"},{"@type":"ListItem","position":2,"name":"Markt","item":"https:\/\/marktxxl.de\/markt\/"},{"@type":"ListItem","position":3,"name":"Akkermansia Muciniphila 30 Milliarden AFU &#8211; Verbessert mit resistenter St\u00e4rke | Nicht-GMO &amp; Glutenfreie Formel f\u00fcr Frauen &amp; M\u00e4nner &#8211; 60 verz\u00f6gert freisetzende Kapseln"}]},{"@type":"WebSite","@id":"https:\/\/marktxxl.de\/markt\/#website","url":"https:\/\/marktxxl.de\/markt\/","name":"Markt-XXL","description":"Ihr Markt Online","publisher":{"@id":"https:\/\/marktxxl.de\/markt\/#organization"},"potentialAction":[{"@type":"SearchAction","target":{"@type":"EntryPoint","urlTemplate":"https:\/\/marktxxl.de\/markt\/?s={search_term_string}"},"query-input":{"@type":"PropertyValueSpecification","valueRequired":true,"valueName":"search_term_string"}}],"inLanguage":"de"},{"@type":"Organization","@id":"https:\/\/marktxxl.de\/markt\/#organization","name":"Markt-XXL","url":"https:\/\/marktxxl.de\/markt\/","logo":{"@type":"ImageObject","inLanguage":"de","@id":"https:\/\/marktxxl.de\/markt\/#\/schema\/logo\/image\/","url":"https:\/\/marktxxl.de\/markt\/wp-content\/uploads\/sites\/3\/2020\/12\/logo.png","contentUrl":"https:\/\/marktxxl.de\/markt\/wp-content\/uploads\/sites\/3\/2020\/12\/logo.png","width":200,"height":70,"caption":"Markt-XXL"},"image":{"@id":"https:\/\/marktxxl.de\/markt\/#\/schema\/logo\/image\/"}}]}},"_links":{"self":[{"href":"https:\/\/marktxxl.de\/markt\/wp-json\/wp\/v2\/product\/224372","targetHints":{"allow":["GET"]}}],"collection":[{"href":"https:\/\/marktxxl.de\/markt\/wp-json\/wp\/v2\/product"}],"about":[{"href":"https:\/\/marktxxl.de\/markt\/wp-json\/wp\/v2\/types\/product"}],"replies":[{"embeddable":true,"href":"https:\/\/marktxxl.de\/markt\/wp-json\/wp\/v2\/comments?post=224372"}],"wp:featuredmedia":[{"embeddable":true,"href":"https:\/\/marktxxl.de\/markt\/wp-json\/wp\/v2\/media\/224373"}],"wp:attachment":[{"href":"https:\/\/marktxxl.de\/markt\/wp-json\/wp\/v2\/media?parent=224372"}],"wp:term":[{"taxonomy":"product_brand","embeddable":true,"href":"https:\/\/marktxxl.de\/markt\/wp-json\/wp\/v2\/product_brand?post=224372"},{"taxonomy":"product_cat","embeddable":true,"href":"https:\/\/marktxxl.de\/markt\/wp-json\/wp\/v2\/product_cat?post=224372"},{"taxonomy":"product_tag","embeddable":true,"href":"https:\/\/marktxxl.de\/markt\/wp-json\/wp\/v2\/product_tag?post=224372"}],"curies":[{"name":"wp","href":"https:\/\/api.w.org\/{rel}","templated":true}]}}