{"id":224335,"date":"2024-07-28T19:01:00","date_gmt":"2024-07-28T17:01:00","guid":{"rendered":"https:\/\/marktxxl.de\/markt\/produkt\/kids-tablet-android-147-inch-tablet-for-kids-3-7octa-core-processorkinder-tablet-64gb-mit-werbefreiem-kinder-inhalt-und-elterliche-kontrollen-enthalten\/"},"modified":"2024-07-28T19:01:00","modified_gmt":"2024-07-28T17:01:00","slug":"kids-tablet-android-147-inch-tablet-for-kids-3-7octa-core-processorkinder-tablet-64gb-mit-werbefreiem-kinder-inhalt-und-elterliche-kontrollen-enthalten","status":"publish","type":"product","link":"https:\/\/marktxxl.de\/markt\/produkt\/kids-tablet-android-147-inch-tablet-for-kids-3-7octa-core-processorkinder-tablet-64gb-mit-werbefreiem-kinder-inhalt-und-elterliche-kontrollen-enthalten\/","title":{"rendered":"Kids Tablet Android 14,7 inch Tablet for Kids 3-7,Octa-core Processor,Kinder-Tablet 64GB mit werbefreiem Kinder Inhalt und elterliche Kontrollen enthalten"},"content":{"rendered":"<p>\ud83d\udc4d\u3010Exzellente Leistung Tablets\u3011Dieses Android-Tablet kommt mit einer leistungsstarken Octa-Core-Hochleistungs-CPU, 4G RAM + 4G virtuellem Speicher, und das neueste Android 14-Betriebssystem sorgt f\u00fcr ein schnelleres und reaktionsschnelleres Erlebnis, startet Apps schnell und f\u00fchrt leichte Spiele und Videos reibungslos aus.<br \/>\n\ud83d\udc4d\u3010Children&#8217;s Encyclopedia\u3011Dieses Kinder Tablet ist GMS-zertifiziert und bietet altersgerechte kreative Inhalte und Lern-Apps (vorinstalliert mit Apps wie Google Play Store und iWawa), um spielerisch zu lernen und die Kreativit\u00e4t und Fantasie auf spielerische Weise anzuregen, die dem Verst\u00e4ndnis Ihres Kindes f\u00f6rderlich ist. Das EagleSoar Kindertablett ist die perfekte Wahl, um das Lernen und Wachsen Ihres Kindes zu begleiten!<br \/>\n\ud83d\udc4d\u3010Elterliche Kontrolle f\u00fcr eine sichere Kinderwelt\u3011 Mit dem Kinderkontrollmodus dieses Kinder-Tablets ist es einfach, die Bildschirmzeitbegrenzung des Tablets zu personalisieren, Lernziele festzulegen, altersgerechte Inhalte zu filtern und das kinderfreundliche Netzwerk zu erweitern, wenn Ihr Kind w\u00e4chst, neue Apps herunterzuladen und die Spielzeit zu verwalten. Mit diesem Kinder-Tablet m\u00fcssen Sie sich keine Sorgen mehr machen, dass Ihr Kind unsicheren Websites und Apps ausgesetzt ist.<br \/>\n\ud83d\udc4d\u3010Fast Connect\u3011Kindly Note: dies ist ein WIFI-Tablet, NICHT unterst\u00fctzen die SIM-Karte. 2024 Neueste Tablet-Computer bleiben mit integriertem Bluetooth 4.2 und Wi-Fi 802.11 ac\/b\/g\/n in Verbindung. Perfekt f\u00fcr schnelle Netzwerkverbindungen. Bringen Sie eine gute Erfahrung beim Surfen im Internet. Typ-C-Kabel f\u00fcr schnelle Daten\u00fcbertragung.<br \/>\n\ud83d\udc4d\u30102 Jahre Sorglos-Garantie inbegriffen\u301130 Tage bedingungslose R\u00fcckerstattung,Wenn das Tablet kaputt geht, senden Sie es zur\u00fcck und wir ersetzen es kostenlos. Der Bildschirm besteht aus verst\u00e4rktem Aluminosilikatglas und jedes Fivahiva Kids Tablet wird mit einem robusten Kid-Proof Case geliefert, das vor St\u00fcrzen und St\u00f6\u00dfen sch\u00fctzt.<br \/>\n<div class=\"main-cross-sell\" data-asin=\"B0D17J6XPG\">\n\n\t<div class=\"WooZone-cross-sell-loader\">\n\t\t<div>\n\t\t\t<div id=\"floatingBarsG\">\n\t\t\t\t<div class=\"blockG\" id=\"rotateG_01\"><\/div>\n\t\t\t\t<div class=\"blockG\" id=\"rotateG_02\"><\/div>\n\t\t\t\t<div class=\"blockG\" id=\"rotateG_03\"><\/div>\n\t\t\t\t<div class=\"blockG\" id=\"rotateG_04\"><\/div>\n\t\t\t\t<div class=\"blockG\" id=\"rotateG_05\"><\/div>\n\t\t\t\t<div class=\"blockG\" id=\"rotateG_06\"><\/div>\n\t\t\t\t<div class=\"blockG\" id=\"rotateG_07\"><\/div>\n\t\t\t\t<div class=\"blockG\" id=\"rotateG_08\"><\/div>\n\t\t\t<\/div>\n\t\t\t<div class=\"WooZone-cross-sell-loader-text\"><\/div>\n\t\t<\/div>\n\t<\/div>\n\n\t\t\n<\/div>\n<div style=\"clear:both;\"><\/div><\/p>\n","protected":false},"excerpt":{"rendered":"<p>\ud83d\udc4d\u3010Exzellente Leistung Tablets\u3011Dieses Android-Tablet kommt mit einer leistungsstarken Octa-Core-Hochleistungs-CPU, 4G RAM + 4G virtuellem Speicher, und das neueste Android 14-Betriebssystem sorgt f\u00fcr ein schnelleres und reaktionsschnelleres Erlebnis, startet Apps schnell und f\u00fchrt leichte Spiele und Videos reibungslos aus.<br \/>\n\ud83d\udc4d\u3010Children&#8217;s Encyclopedia\u3011Dieses Kinder Tablet ist GMS-zertifiziert und bietet altersgerechte kreative Inhalte und Lern-Apps (vorinstalliert mit Apps wie Google Play Store und iWawa), um spielerisch zu lernen und die Kreativit\u00e4t und Fantasie auf spielerische Weise anzuregen, die dem Verst\u00e4ndnis Ihres Kindes f\u00f6rderlich ist. Das EagleSoar Kindertablett ist die perfekte Wahl, um das Lernen und Wachsen Ihres Kindes zu begleiten!<br \/>\n\ud83d\udc4d\u3010Elterliche Kontrolle f\u00fcr eine sichere Kinderwelt\u3011 Mit dem Kinderkontrollmodus dieses Kinder-Tablets ist es einfach, die Bildschirmzeitbegrenzung des Tablets zu personalisieren, Lernziele festzulegen, altersgerechte Inhalte zu filtern und das kinderfreundliche Netzwerk zu erweitern, wenn Ihr Kind w\u00e4chst, neue Apps herunterzuladen und die Spielzeit zu verwalten. Mit diesem Kinder-Tablet m\u00fcssen Sie sich keine Sorgen mehr machen, dass Ihr Kind unsicheren Websites und Apps ausgesetzt ist.<\/p>\n","protected":false},"featured_media":224336,"comment_status":"open","ping_status":"closed","template":"","meta":[],"product_brand":[],"product_cat":[863],"product_tag":[],"class_list":{"0":"post-224335","1":"product","2":"type-product","3":"status-publish","4":"has-post-thumbnail","6":"product_cat-computer-zubehoer","7":"pa_brand-eaglesoar","8":"pa_color-rosa","9":"pa_manufacturer-shenzhenshiyingzhiyingdianzikejiyouxiangongsi","10":"pa_warranty-2-yrs","12":"first","13":"instock","14":"shipping-taxable","15":"product-type-simple","16":"customify-col","17":"product-has-gallery"},"yoast_head":"<!-- This site is optimized with the Yoast SEO plugin v27.4 - https:\/\/yoast.com\/product\/yoast-seo-wordpress\/ -->\n<title>Kids Tablet Android 14,7 inch Tablet for Kids 3-7,Octa-core Processor,Kinder-Tablet 64GB mit werbefreiem Kinder Inhalt und elterliche Kontrollen enthalten - Markt-XXL<\/title>\n<meta name=\"description\" content=\"Markt-XXL Kids Tablet Android 14,7 inch Tablet for Kids 3-7,Octa-core Processor,Kinder-Tablet 64GB mit werbefreiem Kinder Inhalt und elterliche Kontrollen enthalten\" \/>\n<meta name=\"robots\" content=\"index, follow, max-snippet:-1, max-image-preview:large, max-video-preview:-1\" \/>\n<link rel=\"canonical\" href=\"https:\/\/marktxxl.de\/markt\/produkt\/kids-tablet-android-147-inch-tablet-for-kids-3-7octa-core-processorkinder-tablet-64gb-mit-werbefreiem-kinder-inhalt-und-elterliche-kontrollen-enthalten\/\" \/>\n<meta property=\"og:locale\" content=\"de_DE\" \/>\n<meta property=\"og:type\" content=\"article\" \/>\n<meta property=\"og:title\" content=\"Kids Tablet Android 14,7 inch Tablet for Kids 3-7,Octa-core Processor,Kinder-Tablet 64GB mit werbefreiem Kinder Inhalt und elterliche Kontrollen enthalten - Markt-XXL\" \/>\n<meta property=\"og:description\" content=\"Markt-XXL Kids Tablet Android 14,7 inch Tablet for Kids 3-7,Octa-core Processor,Kinder-Tablet 64GB mit werbefreiem Kinder Inhalt und elterliche Kontrollen enthalten\" \/>\n<meta property=\"og:url\" content=\"https:\/\/marktxxl.de\/markt\/produkt\/kids-tablet-android-147-inch-tablet-for-kids-3-7octa-core-processorkinder-tablet-64gb-mit-werbefreiem-kinder-inhalt-und-elterliche-kontrollen-enthalten\/\" \/>\n<meta property=\"og:site_name\" content=\"Markt-XXL\" \/>\n<meta name=\"twitter:card\" content=\"summary_large_image\" \/>\n<meta name=\"twitter:label1\" content=\"Gesch\u00e4tzte Lesezeit\" \/>\n\t<meta name=\"twitter:data1\" content=\"1\u00a0Minute\" \/>\n<script type=\"application\/ld+json\" class=\"yoast-schema-graph\">{\"@context\":\"https:\\\/\\\/schema.org\",\"@graph\":[{\"@type\":\"WebPage\",\"@id\":\"https:\\\/\\\/marktxxl.de\\\/markt\\\/produkt\\\/kids-tablet-android-147-inch-tablet-for-kids-3-7octa-core-processorkinder-tablet-64gb-mit-werbefreiem-kinder-inhalt-und-elterliche-kontrollen-enthalten\\\/\",\"url\":\"https:\\\/\\\/marktxxl.de\\\/markt\\\/produkt\\\/kids-tablet-android-147-inch-tablet-for-kids-3-7octa-core-processorkinder-tablet-64gb-mit-werbefreiem-kinder-inhalt-und-elterliche-kontrollen-enthalten\\\/\",\"name\":\"Kids Tablet Android 14,7 inch Tablet for Kids 3-7,Octa-core Processor,Kinder-Tablet 64GB mit werbefreiem Kinder Inhalt und elterliche Kontrollen enthalten - Markt-XXL\",\"isPartOf\":{\"@id\":\"https:\\\/\\\/marktxxl.de\\\/markt\\\/#website\"},\"primaryImageOfPage\":{\"@id\":\"https:\\\/\\\/marktxxl.de\\\/markt\\\/produkt\\\/kids-tablet-android-147-inch-tablet-for-kids-3-7octa-core-processorkinder-tablet-64gb-mit-werbefreiem-kinder-inhalt-und-elterliche-kontrollen-enthalten\\\/#primaryimage\"},\"image\":{\"@id\":\"https:\\\/\\\/marktxxl.de\\\/markt\\\/produkt\\\/kids-tablet-android-147-inch-tablet-for-kids-3-7octa-core-processorkinder-tablet-64gb-mit-werbefreiem-kinder-inhalt-und-elterliche-kontrollen-enthalten\\\/#primaryimage\"},\"thumbnailUrl\":\"https:\\\/\\\/m.media-amazon.com\\\/images\\\/I\\\/51UvUPLpXRL._SL500_.jpg\",\"datePublished\":\"2024-07-28T17:01:00+00:00\",\"description\":\"Markt-XXL Kids Tablet Android 14,7 inch Tablet for Kids 3-7,Octa-core Processor,Kinder-Tablet 64GB mit werbefreiem Kinder Inhalt und elterliche Kontrollen enthalten\",\"breadcrumb\":{\"@id\":\"https:\\\/\\\/marktxxl.de\\\/markt\\\/produkt\\\/kids-tablet-android-147-inch-tablet-for-kids-3-7octa-core-processorkinder-tablet-64gb-mit-werbefreiem-kinder-inhalt-und-elterliche-kontrollen-enthalten\\\/#breadcrumb\"},\"inLanguage\":\"de\",\"potentialAction\":[{\"@type\":\"ReadAction\",\"target\":[\"https:\\\/\\\/marktxxl.de\\\/markt\\\/produkt\\\/kids-tablet-android-147-inch-tablet-for-kids-3-7octa-core-processorkinder-tablet-64gb-mit-werbefreiem-kinder-inhalt-und-elterliche-kontrollen-enthalten\\\/\"]}]},{\"@type\":\"ImageObject\",\"inLanguage\":\"de\",\"@id\":\"https:\\\/\\\/marktxxl.de\\\/markt\\\/produkt\\\/kids-tablet-android-147-inch-tablet-for-kids-3-7octa-core-processorkinder-tablet-64gb-mit-werbefreiem-kinder-inhalt-und-elterliche-kontrollen-enthalten\\\/#primaryimage\",\"url\":\"https:\\\/\\\/m.media-amazon.com\\\/images\\\/I\\\/51UvUPLpXRL._SL500_.jpg\",\"contentUrl\":\"https:\\\/\\\/m.media-amazon.com\\\/images\\\/I\\\/51UvUPLpXRL._SL500_.jpg\",\"width\":500,\"height\":500},{\"@type\":\"BreadcrumbList\",\"@id\":\"https:\\\/\\\/marktxxl.de\\\/markt\\\/produkt\\\/kids-tablet-android-147-inch-tablet-for-kids-3-7octa-core-processorkinder-tablet-64gb-mit-werbefreiem-kinder-inhalt-und-elterliche-kontrollen-enthalten\\\/#breadcrumb\",\"itemListElement\":[{\"@type\":\"ListItem\",\"position\":1,\"name\":\"Startseite\",\"item\":\"https:\\\/\\\/marktxxl.de\\\/markt\\\/\"},{\"@type\":\"ListItem\",\"position\":2,\"name\":\"Markt\",\"item\":\"https:\\\/\\\/marktxxl.de\\\/markt\\\/\"},{\"@type\":\"ListItem\",\"position\":3,\"name\":\"Kids Tablet Android 14,7 inch Tablet for Kids 3-7,Octa-core Processor,Kinder-Tablet 64GB mit werbefreiem Kinder Inhalt und elterliche Kontrollen enthalten\"}]},{\"@type\":\"WebSite\",\"@id\":\"https:\\\/\\\/marktxxl.de\\\/markt\\\/#website\",\"url\":\"https:\\\/\\\/marktxxl.de\\\/markt\\\/\",\"name\":\"Markt-XXL\",\"description\":\"Ihr Markt Online\",\"publisher\":{\"@id\":\"https:\\\/\\\/marktxxl.de\\\/markt\\\/#organization\"},\"potentialAction\":[{\"@type\":\"SearchAction\",\"target\":{\"@type\":\"EntryPoint\",\"urlTemplate\":\"https:\\\/\\\/marktxxl.de\\\/markt\\\/?s={search_term_string}\"},\"query-input\":{\"@type\":\"PropertyValueSpecification\",\"valueRequired\":true,\"valueName\":\"search_term_string\"}}],\"inLanguage\":\"de\"},{\"@type\":\"Organization\",\"@id\":\"https:\\\/\\\/marktxxl.de\\\/markt\\\/#organization\",\"name\":\"Markt-XXL\",\"url\":\"https:\\\/\\\/marktxxl.de\\\/markt\\\/\",\"logo\":{\"@type\":\"ImageObject\",\"inLanguage\":\"de\",\"@id\":\"https:\\\/\\\/marktxxl.de\\\/markt\\\/#\\\/schema\\\/logo\\\/image\\\/\",\"url\":\"https:\\\/\\\/marktxxl.de\\\/markt\\\/wp-content\\\/uploads\\\/sites\\\/3\\\/2020\\\/12\\\/logo.png\",\"contentUrl\":\"https:\\\/\\\/marktxxl.de\\\/markt\\\/wp-content\\\/uploads\\\/sites\\\/3\\\/2020\\\/12\\\/logo.png\",\"width\":200,\"height\":70,\"caption\":\"Markt-XXL\"},\"image\":{\"@id\":\"https:\\\/\\\/marktxxl.de\\\/markt\\\/#\\\/schema\\\/logo\\\/image\\\/\"}}]}<\/script>\n<!-- \/ Yoast SEO plugin. -->","yoast_head_json":{"title":"Kids Tablet Android 14,7 inch Tablet for Kids 3-7,Octa-core Processor,Kinder-Tablet 64GB mit werbefreiem Kinder Inhalt und elterliche Kontrollen enthalten - Markt-XXL","description":"Markt-XXL Kids Tablet Android 14,7 inch Tablet for Kids 3-7,Octa-core Processor,Kinder-Tablet 64GB mit werbefreiem Kinder Inhalt und elterliche Kontrollen enthalten","robots":{"index":"index","follow":"follow","max-snippet":"max-snippet:-1","max-image-preview":"max-image-preview:large","max-video-preview":"max-video-preview:-1"},"canonical":"https:\/\/marktxxl.de\/markt\/produkt\/kids-tablet-android-147-inch-tablet-for-kids-3-7octa-core-processorkinder-tablet-64gb-mit-werbefreiem-kinder-inhalt-und-elterliche-kontrollen-enthalten\/","og_locale":"de_DE","og_type":"article","og_title":"Kids Tablet Android 14,7 inch Tablet for Kids 3-7,Octa-core Processor,Kinder-Tablet 64GB mit werbefreiem Kinder Inhalt und elterliche Kontrollen enthalten - Markt-XXL","og_description":"Markt-XXL Kids Tablet Android 14,7 inch Tablet for Kids 3-7,Octa-core Processor,Kinder-Tablet 64GB mit werbefreiem Kinder Inhalt und elterliche Kontrollen enthalten","og_url":"https:\/\/marktxxl.de\/markt\/produkt\/kids-tablet-android-147-inch-tablet-for-kids-3-7octa-core-processorkinder-tablet-64gb-mit-werbefreiem-kinder-inhalt-und-elterliche-kontrollen-enthalten\/","og_site_name":"Markt-XXL","twitter_card":"summary_large_image","twitter_misc":{"Gesch\u00e4tzte Lesezeit":"1\u00a0Minute"},"schema":{"@context":"https:\/\/schema.org","@graph":[{"@type":"WebPage","@id":"https:\/\/marktxxl.de\/markt\/produkt\/kids-tablet-android-147-inch-tablet-for-kids-3-7octa-core-processorkinder-tablet-64gb-mit-werbefreiem-kinder-inhalt-und-elterliche-kontrollen-enthalten\/","url":"https:\/\/marktxxl.de\/markt\/produkt\/kids-tablet-android-147-inch-tablet-for-kids-3-7octa-core-processorkinder-tablet-64gb-mit-werbefreiem-kinder-inhalt-und-elterliche-kontrollen-enthalten\/","name":"Kids Tablet Android 14,7 inch Tablet for Kids 3-7,Octa-core Processor,Kinder-Tablet 64GB mit werbefreiem Kinder Inhalt und elterliche Kontrollen enthalten - Markt-XXL","isPartOf":{"@id":"https:\/\/marktxxl.de\/markt\/#website"},"primaryImageOfPage":{"@id":"https:\/\/marktxxl.de\/markt\/produkt\/kids-tablet-android-147-inch-tablet-for-kids-3-7octa-core-processorkinder-tablet-64gb-mit-werbefreiem-kinder-inhalt-und-elterliche-kontrollen-enthalten\/#primaryimage"},"image":{"@id":"https:\/\/marktxxl.de\/markt\/produkt\/kids-tablet-android-147-inch-tablet-for-kids-3-7octa-core-processorkinder-tablet-64gb-mit-werbefreiem-kinder-inhalt-und-elterliche-kontrollen-enthalten\/#primaryimage"},"thumbnailUrl":"https:\/\/m.media-amazon.com\/images\/I\/51UvUPLpXRL._SL500_.jpg","datePublished":"2024-07-28T17:01:00+00:00","description":"Markt-XXL Kids Tablet Android 14,7 inch Tablet for Kids 3-7,Octa-core Processor,Kinder-Tablet 64GB mit werbefreiem Kinder Inhalt und elterliche Kontrollen enthalten","breadcrumb":{"@id":"https:\/\/marktxxl.de\/markt\/produkt\/kids-tablet-android-147-inch-tablet-for-kids-3-7octa-core-processorkinder-tablet-64gb-mit-werbefreiem-kinder-inhalt-und-elterliche-kontrollen-enthalten\/#breadcrumb"},"inLanguage":"de","potentialAction":[{"@type":"ReadAction","target":["https:\/\/marktxxl.de\/markt\/produkt\/kids-tablet-android-147-inch-tablet-for-kids-3-7octa-core-processorkinder-tablet-64gb-mit-werbefreiem-kinder-inhalt-und-elterliche-kontrollen-enthalten\/"]}]},{"@type":"ImageObject","inLanguage":"de","@id":"https:\/\/marktxxl.de\/markt\/produkt\/kids-tablet-android-147-inch-tablet-for-kids-3-7octa-core-processorkinder-tablet-64gb-mit-werbefreiem-kinder-inhalt-und-elterliche-kontrollen-enthalten\/#primaryimage","url":"https:\/\/m.media-amazon.com\/images\/I\/51UvUPLpXRL._SL500_.jpg","contentUrl":"https:\/\/m.media-amazon.com\/images\/I\/51UvUPLpXRL._SL500_.jpg","width":500,"height":500},{"@type":"BreadcrumbList","@id":"https:\/\/marktxxl.de\/markt\/produkt\/kids-tablet-android-147-inch-tablet-for-kids-3-7octa-core-processorkinder-tablet-64gb-mit-werbefreiem-kinder-inhalt-und-elterliche-kontrollen-enthalten\/#breadcrumb","itemListElement":[{"@type":"ListItem","position":1,"name":"Startseite","item":"https:\/\/marktxxl.de\/markt\/"},{"@type":"ListItem","position":2,"name":"Markt","item":"https:\/\/marktxxl.de\/markt\/"},{"@type":"ListItem","position":3,"name":"Kids Tablet Android 14,7 inch Tablet for Kids 3-7,Octa-core Processor,Kinder-Tablet 64GB mit werbefreiem Kinder Inhalt und elterliche Kontrollen enthalten"}]},{"@type":"WebSite","@id":"https:\/\/marktxxl.de\/markt\/#website","url":"https:\/\/marktxxl.de\/markt\/","name":"Markt-XXL","description":"Ihr Markt Online","publisher":{"@id":"https:\/\/marktxxl.de\/markt\/#organization"},"potentialAction":[{"@type":"SearchAction","target":{"@type":"EntryPoint","urlTemplate":"https:\/\/marktxxl.de\/markt\/?s={search_term_string}"},"query-input":{"@type":"PropertyValueSpecification","valueRequired":true,"valueName":"search_term_string"}}],"inLanguage":"de"},{"@type":"Organization","@id":"https:\/\/marktxxl.de\/markt\/#organization","name":"Markt-XXL","url":"https:\/\/marktxxl.de\/markt\/","logo":{"@type":"ImageObject","inLanguage":"de","@id":"https:\/\/marktxxl.de\/markt\/#\/schema\/logo\/image\/","url":"https:\/\/marktxxl.de\/markt\/wp-content\/uploads\/sites\/3\/2020\/12\/logo.png","contentUrl":"https:\/\/marktxxl.de\/markt\/wp-content\/uploads\/sites\/3\/2020\/12\/logo.png","width":200,"height":70,"caption":"Markt-XXL"},"image":{"@id":"https:\/\/marktxxl.de\/markt\/#\/schema\/logo\/image\/"}}]}},"_links":{"self":[{"href":"https:\/\/marktxxl.de\/markt\/wp-json\/wp\/v2\/product\/224335","targetHints":{"allow":["GET"]}}],"collection":[{"href":"https:\/\/marktxxl.de\/markt\/wp-json\/wp\/v2\/product"}],"about":[{"href":"https:\/\/marktxxl.de\/markt\/wp-json\/wp\/v2\/types\/product"}],"replies":[{"embeddable":true,"href":"https:\/\/marktxxl.de\/markt\/wp-json\/wp\/v2\/comments?post=224335"}],"wp:featuredmedia":[{"embeddable":true,"href":"https:\/\/marktxxl.de\/markt\/wp-json\/wp\/v2\/media\/224336"}],"wp:attachment":[{"href":"https:\/\/marktxxl.de\/markt\/wp-json\/wp\/v2\/media?parent=224335"}],"wp:term":[{"taxonomy":"product_brand","embeddable":true,"href":"https:\/\/marktxxl.de\/markt\/wp-json\/wp\/v2\/product_brand?post=224335"},{"taxonomy":"product_cat","embeddable":true,"href":"https:\/\/marktxxl.de\/markt\/wp-json\/wp\/v2\/product_cat?post=224335"},{"taxonomy":"product_tag","embeddable":true,"href":"https:\/\/marktxxl.de\/markt\/wp-json\/wp\/v2\/product_tag?post=224335"}],"curies":[{"name":"wp","href":"https:\/\/api.w.org\/{rel}","templated":true}]}}