{"id":224319,"date":"2024-07-28T18:38:26","date_gmt":"2024-07-28T16:38:26","guid":{"rendered":"https:\/\/marktxxl.de\/markt\/produkt\/dajasd-multi-port-4-in-1-universal-sd-tf-kartenleser-sd-micro-sd-kartenleser-micro-sd-card-reader-highspeed-kartenlesegeraet-kamera-speicherkartenleser-fuer-android-phone-pc-notebook-kamera\/"},"modified":"2024-07-28T18:38:26","modified_gmt":"2024-07-28T16:38:26","slug":"dajasd-multi-port-4-in-1-universal-sd-tf-kartenleser-sd-micro-sd-kartenleser-micro-sd-card-reader-highspeed-kartenlesegeraet-kamera-speicherkartenleser-fuer-android-phone-pc-notebook-kamera","status":"publish","type":"product","link":"https:\/\/marktxxl.de\/markt\/produkt\/dajasd-multi-port-4-in-1-universal-sd-tf-kartenleser-sd-micro-sd-kartenleser-micro-sd-card-reader-highspeed-kartenlesegeraet-kamera-speicherkartenleser-fuer-android-phone-pc-notebook-kamera\/","title":{"rendered":"DAJASD Multi-Port 4 in 1 Universal SD TF Kartenleser, SD\/Micro SD Kartenleser, Micro SD Card Reader, Highspeed Kartenleseger\u00e4t, Kamera Speicherkartenleser f\u00fcr Android Phone PC Notebook Kamera"},"content":{"rendered":"<p>\ud83d\udcbd[4-in-1-Multi-Interface] &#8212; Multi-port 4 in 1 universal SD TF kartenleser wurde speziell f\u00fcr die Unterst\u00fctzung von USB-\/8-Pin-\/Micro-USB-\/Typ-C-\/SD-Schnittstellen entwickelt und bietet umfassende Kompatibilit\u00e4t f\u00fcr verschiedene Ger\u00e4te, um den Anforderungen verschiedener Benutzer gerecht zu werden. Der 4-in-1-universal-sd-tf-kartenleser mit mehreren anschl\u00fcssen-Anschluss wird mit einer Schutzh\u00fclle geliefert, die ihn tragbar macht und gleichzeitig die Sicherheit Ihres Ger\u00e4ts sch\u00fctzt.<br \/>\n\ud83d\udcbd[Inhalte Schnell Lesen] &#8212; Multi-port 4 in 1 universal SD TF kartenleser verf\u00fcgt \u00fcber eine effiziente TF-Kartenlesefunktion, mit der Daten schnell gelesen werden k\u00f6nnen. Daten\u00fcbertragungsraten bis zu 5 Gbit\/s, schnellere Synchronisierungszeiten und USB 2.0\/1.1-kompatibel. Ganz gleich, ob es sich um hochaufl\u00f6sende Fotos, Videos oder gro\u00dfe Dateien handelt, SD\/Micro SD kartenleser kann diese problemlos verarbeiten, um die Arbeits- und Unterhaltungseffizienz zu verbessern.<br \/>\n\ud83d\udcbd[Weitgehend Kompatibel] &#8212; Multi-port 4 in 1 universal SD TF kartenleser unterst\u00fctzt die neuesten iOS 8 oder h\u00f6her, OSX-, Windows-, Linx- und Android-Systeme. Ob iPhone, iPad, iPod, Laptop oder Kamera, Sie k\u00f6nnen Inhalte problemlos lesen und schreiben. Kamera speicherkartenleser bietet insbesondere OTG-Mobiltelefonerweiterungsfunktionen f\u00fcr iPhone und andere Modelle.<br \/>\n\ud83d\udcbd[Automatische Upgrade-Funktion] &#8212; Multi-port 4 in 1 universal SD TF kartenleser unterst\u00fctzt das automatische Upgrade-System und kann sich an neue Betriebssysteme und Ger\u00e4te anpassen. SD\/Micro SD kartenleser sorgt f\u00fcr langfristige Kompatibilit\u00e4t mit der neuesten Technologie, ohne sich Gedanken \u00fcber die Veralterung der Ger\u00e4te machen zu m\u00fcssen, und sorgt so f\u00fcr einen bleibenden Wert der Investition des Benutzers und eine l\u00e4ngere Lebensdauer.<br \/>\n\ud83d\udcbd[OTG-Erweiterungskartenleser f\u00fcr Mobiltelefone] &#8212; Multi-port 4 in 1 universal SD TF kartenleser ist nicht nur ein Kartenleser, sondern auch ein OTG-Erweiterungstool. 4-in-1-universal-sd-tf-kartenleser mit mehreren anschl\u00fcssen kann den Speicherplatz Ihres Mobiltelefons problemlos erweitern, Daten importieren oder exportieren, ohne auf einen Computer angewiesen zu sein, und den Vorgang direkt \u00fcber micro SD card reader effizient abschlie\u00dfen.<br \/>\n<div class=\"main-cross-sell\" data-asin=\"B0D94LMW6C\">\n\n\t<div class=\"WooZone-cross-sell-loader\">\n\t\t<div>\n\t\t\t<div id=\"floatingBarsG\">\n\t\t\t\t<div class=\"blockG\" id=\"rotateG_01\"><\/div>\n\t\t\t\t<div class=\"blockG\" id=\"rotateG_02\"><\/div>\n\t\t\t\t<div class=\"blockG\" id=\"rotateG_03\"><\/div>\n\t\t\t\t<div class=\"blockG\" id=\"rotateG_04\"><\/div>\n\t\t\t\t<div class=\"blockG\" id=\"rotateG_05\"><\/div>\n\t\t\t\t<div class=\"blockG\" id=\"rotateG_06\"><\/div>\n\t\t\t\t<div class=\"blockG\" id=\"rotateG_07\"><\/div>\n\t\t\t\t<div class=\"blockG\" id=\"rotateG_08\"><\/div>\n\t\t\t<\/div>\n\t\t\t<div class=\"WooZone-cross-sell-loader-text\"><\/div>\n\t\t<\/div>\n\t<\/div>\n\n\t\t\n<\/div>\n<div style=\"clear:both;\"><\/div><\/p>\n","protected":false},"excerpt":{"rendered":"<p>\ud83d\udcbd[4-in-1-Multi-Interface] &#8212; Multi-port 4 in 1 universal SD TF kartenleser wurde speziell f\u00fcr die Unterst\u00fctzung von USB-\/8-Pin-\/Micro-USB-\/Typ-C-\/SD-Schnittstellen entwickelt und bietet umfassende Kompatibilit\u00e4t f\u00fcr verschiedene Ger\u00e4te, um den Anforderungen verschiedener Benutzer gerecht zu werden. Der 4-in-1-universal-sd-tf-kartenleser mit mehreren anschl\u00fcssen-Anschluss wird mit einer Schutzh\u00fclle geliefert, die ihn tragbar macht und gleichzeitig die Sicherheit Ihres Ger\u00e4ts sch\u00fctzt.<br \/>\n\ud83d\udcbd[Inhalte Schnell Lesen] &#8212; Multi-port 4 in 1 universal SD TF kartenleser verf\u00fcgt \u00fcber eine effiziente TF-Kartenlesefunktion, mit der Daten schnell gelesen werden k\u00f6nnen. Daten\u00fcbertragungsraten bis zu 5 Gbit\/s, schnellere Synchronisierungszeiten und USB 2.0\/1.1-kompatibel. Ganz gleich, ob es sich um hochaufl\u00f6sende Fotos, Videos oder gro\u00dfe Dateien handelt, SD\/Micro SD kartenleser kann diese problemlos verarbeiten, um die Arbeits- und Unterhaltungseffizienz zu verbessern.<br \/>\n\ud83d\udcbd[Weitgehend Kompatibel] &#8212; Multi-port 4 in 1 universal SD TF kartenleser unterst\u00fctzt die neuesten iOS 8 oder h\u00f6her, OSX-, Windows-, Linx- und Android-Systeme. Ob iPhone, iPad, iPod, Laptop oder Kamera, Sie k\u00f6nnen Inhalte problemlos lesen und schreiben. Kamera speicherkartenleser bietet insbesondere OTG-Mobiltelefonerweiterungsfunktionen f\u00fcr iPhone und andere Modelle.<\/p>\n","protected":false},"featured_media":224320,"comment_status":"open","ping_status":"closed","template":"","meta":[],"product_brand":[],"product_cat":[863],"product_tag":[],"class_list":{"0":"post-224319","1":"product","2":"type-product","3":"status-publish","4":"has-post-thumbnail","6":"product_cat-computer-zubehoer","7":"pa_binding-personal-computers","8":"pa_brand-dajasd","9":"pa_manufacturer-dajasd","10":"pa_model-4-in-1-universal-sd-tf-kartenleser","11":"pa_warranty-1013","13":"first","14":"instock","15":"shipping-taxable","16":"purchasable","17":"product-type-simple","18":"customify-col","19":"product-has-gallery"},"yoast_head":"<!-- This site is optimized with the Yoast SEO plugin v27.3 - https:\/\/yoast.com\/product\/yoast-seo-wordpress\/ -->\n<title>DAJASD Multi-Port 4 in 1 Universal SD TF Kartenleser, SD\/Micro SD Kartenleser, Micro SD Card Reader, Highspeed Kartenleseger\u00e4t, Kamera Speicherkartenleser f\u00fcr Android Phone PC Notebook Kamera - Markt-XXL<\/title>\n<meta name=\"description\" content=\"Markt-XXL DAJASD Multi-Port 4 in 1 Universal SD TF Kartenleser, SD\/Micro SD Kartenleser, Micro SD Card Reader, Highspeed Kartenleseger\u00e4t, Kamera Speicherkartenleser f\u00fcr Android Phone PC Notebook Kamera\" \/>\n<meta name=\"robots\" content=\"index, follow, max-snippet:-1, max-image-preview:large, max-video-preview:-1\" \/>\n<link rel=\"canonical\" href=\"https:\/\/marktxxl.de\/markt\/produkt\/dajasd-multi-port-4-in-1-universal-sd-tf-kartenleser-sd-micro-sd-kartenleser-micro-sd-card-reader-highspeed-kartenlesegeraet-kamera-speicherkartenleser-fuer-android-phone-pc-notebook-kamera\/\" \/>\n<meta property=\"og:locale\" content=\"de_DE\" \/>\n<meta property=\"og:type\" content=\"article\" \/>\n<meta property=\"og:title\" content=\"DAJASD Multi-Port 4 in 1 Universal SD TF Kartenleser, SD\/Micro SD Kartenleser, Micro SD Card Reader, Highspeed Kartenleseger\u00e4t, Kamera Speicherkartenleser f\u00fcr Android Phone PC Notebook Kamera - Markt-XXL\" \/>\n<meta property=\"og:description\" content=\"Markt-XXL DAJASD Multi-Port 4 in 1 Universal SD TF Kartenleser, SD\/Micro SD Kartenleser, Micro SD Card Reader, Highspeed Kartenleseger\u00e4t, Kamera Speicherkartenleser f\u00fcr Android Phone PC Notebook Kamera\" \/>\n<meta property=\"og:url\" content=\"https:\/\/marktxxl.de\/markt\/produkt\/dajasd-multi-port-4-in-1-universal-sd-tf-kartenleser-sd-micro-sd-kartenleser-micro-sd-card-reader-highspeed-kartenlesegeraet-kamera-speicherkartenleser-fuer-android-phone-pc-notebook-kamera\/\" \/>\n<meta property=\"og:site_name\" content=\"Markt-XXL\" \/>\n<meta name=\"twitter:card\" content=\"summary_large_image\" \/>\n<meta name=\"twitter:label1\" content=\"Gesch\u00e4tzte Lesezeit\" \/>\n\t<meta name=\"twitter:data1\" content=\"2\u00a0Minuten\" \/>\n<script type=\"application\/ld+json\" class=\"yoast-schema-graph\">{\"@context\":\"https:\\\/\\\/schema.org\",\"@graph\":[{\"@type\":\"WebPage\",\"@id\":\"https:\\\/\\\/marktxxl.de\\\/markt\\\/produkt\\\/dajasd-multi-port-4-in-1-universal-sd-tf-kartenleser-sd-micro-sd-kartenleser-micro-sd-card-reader-highspeed-kartenlesegeraet-kamera-speicherkartenleser-fuer-android-phone-pc-notebook-kamera\\\/\",\"url\":\"https:\\\/\\\/marktxxl.de\\\/markt\\\/produkt\\\/dajasd-multi-port-4-in-1-universal-sd-tf-kartenleser-sd-micro-sd-kartenleser-micro-sd-card-reader-highspeed-kartenlesegeraet-kamera-speicherkartenleser-fuer-android-phone-pc-notebook-kamera\\\/\",\"name\":\"DAJASD Multi-Port 4 in 1 Universal SD TF Kartenleser, SD\\\/Micro SD Kartenleser, Micro SD Card Reader, Highspeed Kartenleseger\u00e4t, Kamera Speicherkartenleser f\u00fcr Android Phone PC Notebook Kamera - Markt-XXL\",\"isPartOf\":{\"@id\":\"https:\\\/\\\/marktxxl.de\\\/markt\\\/#website\"},\"primaryImageOfPage\":{\"@id\":\"https:\\\/\\\/marktxxl.de\\\/markt\\\/produkt\\\/dajasd-multi-port-4-in-1-universal-sd-tf-kartenleser-sd-micro-sd-kartenleser-micro-sd-card-reader-highspeed-kartenlesegeraet-kamera-speicherkartenleser-fuer-android-phone-pc-notebook-kamera\\\/#primaryimage\"},\"image\":{\"@id\":\"https:\\\/\\\/marktxxl.de\\\/markt\\\/produkt\\\/dajasd-multi-port-4-in-1-universal-sd-tf-kartenleser-sd-micro-sd-kartenleser-micro-sd-card-reader-highspeed-kartenlesegeraet-kamera-speicherkartenleser-fuer-android-phone-pc-notebook-kamera\\\/#primaryimage\"},\"thumbnailUrl\":\"https:\\\/\\\/m.media-amazon.com\\\/images\\\/I\\\/41l6OsDF2nL._SL500_.jpg\",\"datePublished\":\"2024-07-28T16:38:26+00:00\",\"description\":\"Markt-XXL DAJASD Multi-Port 4 in 1 Universal SD TF Kartenleser, SD\\\/Micro SD Kartenleser, Micro SD Card Reader, Highspeed Kartenleseger\u00e4t, Kamera Speicherkartenleser f\u00fcr Android Phone PC Notebook Kamera\",\"breadcrumb\":{\"@id\":\"https:\\\/\\\/marktxxl.de\\\/markt\\\/produkt\\\/dajasd-multi-port-4-in-1-universal-sd-tf-kartenleser-sd-micro-sd-kartenleser-micro-sd-card-reader-highspeed-kartenlesegeraet-kamera-speicherkartenleser-fuer-android-phone-pc-notebook-kamera\\\/#breadcrumb\"},\"inLanguage\":\"de\",\"potentialAction\":[{\"@type\":\"ReadAction\",\"target\":[\"https:\\\/\\\/marktxxl.de\\\/markt\\\/produkt\\\/dajasd-multi-port-4-in-1-universal-sd-tf-kartenleser-sd-micro-sd-kartenleser-micro-sd-card-reader-highspeed-kartenlesegeraet-kamera-speicherkartenleser-fuer-android-phone-pc-notebook-kamera\\\/\"]}]},{\"@type\":\"ImageObject\",\"inLanguage\":\"de\",\"@id\":\"https:\\\/\\\/marktxxl.de\\\/markt\\\/produkt\\\/dajasd-multi-port-4-in-1-universal-sd-tf-kartenleser-sd-micro-sd-kartenleser-micro-sd-card-reader-highspeed-kartenlesegeraet-kamera-speicherkartenleser-fuer-android-phone-pc-notebook-kamera\\\/#primaryimage\",\"url\":\"https:\\\/\\\/m.media-amazon.com\\\/images\\\/I\\\/41l6OsDF2nL._SL500_.jpg\",\"contentUrl\":\"https:\\\/\\\/m.media-amazon.com\\\/images\\\/I\\\/41l6OsDF2nL._SL500_.jpg\",\"width\":496,\"height\":500},{\"@type\":\"BreadcrumbList\",\"@id\":\"https:\\\/\\\/marktxxl.de\\\/markt\\\/produkt\\\/dajasd-multi-port-4-in-1-universal-sd-tf-kartenleser-sd-micro-sd-kartenleser-micro-sd-card-reader-highspeed-kartenlesegeraet-kamera-speicherkartenleser-fuer-android-phone-pc-notebook-kamera\\\/#breadcrumb\",\"itemListElement\":[{\"@type\":\"ListItem\",\"position\":1,\"name\":\"Startseite\",\"item\":\"https:\\\/\\\/marktxxl.de\\\/markt\\\/\"},{\"@type\":\"ListItem\",\"position\":2,\"name\":\"Markt\",\"item\":\"https:\\\/\\\/marktxxl.de\\\/markt\\\/\"},{\"@type\":\"ListItem\",\"position\":3,\"name\":\"DAJASD Multi-Port 4 in 1 Universal SD TF Kartenleser, SD\\\/Micro SD Kartenleser, Micro SD Card Reader, Highspeed Kartenleseger\u00e4t, Kamera Speicherkartenleser f\u00fcr Android Phone PC Notebook Kamera\"}]},{\"@type\":\"WebSite\",\"@id\":\"https:\\\/\\\/marktxxl.de\\\/markt\\\/#website\",\"url\":\"https:\\\/\\\/marktxxl.de\\\/markt\\\/\",\"name\":\"Markt-XXL\",\"description\":\"Ihr Markt Online\",\"publisher\":{\"@id\":\"https:\\\/\\\/marktxxl.de\\\/markt\\\/#organization\"},\"potentialAction\":[{\"@type\":\"SearchAction\",\"target\":{\"@type\":\"EntryPoint\",\"urlTemplate\":\"https:\\\/\\\/marktxxl.de\\\/markt\\\/?s={search_term_string}\"},\"query-input\":{\"@type\":\"PropertyValueSpecification\",\"valueRequired\":true,\"valueName\":\"search_term_string\"}}],\"inLanguage\":\"de\"},{\"@type\":\"Organization\",\"@id\":\"https:\\\/\\\/marktxxl.de\\\/markt\\\/#organization\",\"name\":\"Markt-XXL\",\"url\":\"https:\\\/\\\/marktxxl.de\\\/markt\\\/\",\"logo\":{\"@type\":\"ImageObject\",\"inLanguage\":\"de\",\"@id\":\"https:\\\/\\\/marktxxl.de\\\/markt\\\/#\\\/schema\\\/logo\\\/image\\\/\",\"url\":\"https:\\\/\\\/marktxxl.de\\\/markt\\\/wp-content\\\/uploads\\\/sites\\\/3\\\/2020\\\/12\\\/logo.png\",\"contentUrl\":\"https:\\\/\\\/marktxxl.de\\\/markt\\\/wp-content\\\/uploads\\\/sites\\\/3\\\/2020\\\/12\\\/logo.png\",\"width\":200,\"height\":70,\"caption\":\"Markt-XXL\"},\"image\":{\"@id\":\"https:\\\/\\\/marktxxl.de\\\/markt\\\/#\\\/schema\\\/logo\\\/image\\\/\"}}]}<\/script>\n<!-- \/ Yoast SEO plugin. -->","yoast_head_json":{"title":"DAJASD Multi-Port 4 in 1 Universal SD TF Kartenleser, SD\/Micro SD Kartenleser, Micro SD Card Reader, Highspeed Kartenleseger\u00e4t, Kamera Speicherkartenleser f\u00fcr Android Phone PC Notebook Kamera - Markt-XXL","description":"Markt-XXL DAJASD Multi-Port 4 in 1 Universal SD TF Kartenleser, SD\/Micro SD Kartenleser, Micro SD Card Reader, Highspeed Kartenleseger\u00e4t, Kamera Speicherkartenleser f\u00fcr Android Phone PC Notebook Kamera","robots":{"index":"index","follow":"follow","max-snippet":"max-snippet:-1","max-image-preview":"max-image-preview:large","max-video-preview":"max-video-preview:-1"},"canonical":"https:\/\/marktxxl.de\/markt\/produkt\/dajasd-multi-port-4-in-1-universal-sd-tf-kartenleser-sd-micro-sd-kartenleser-micro-sd-card-reader-highspeed-kartenlesegeraet-kamera-speicherkartenleser-fuer-android-phone-pc-notebook-kamera\/","og_locale":"de_DE","og_type":"article","og_title":"DAJASD Multi-Port 4 in 1 Universal SD TF Kartenleser, SD\/Micro SD Kartenleser, Micro SD Card Reader, Highspeed Kartenleseger\u00e4t, Kamera Speicherkartenleser f\u00fcr Android Phone PC Notebook Kamera - Markt-XXL","og_description":"Markt-XXL DAJASD Multi-Port 4 in 1 Universal SD TF Kartenleser, SD\/Micro SD Kartenleser, Micro SD Card Reader, Highspeed Kartenleseger\u00e4t, Kamera Speicherkartenleser f\u00fcr Android Phone PC Notebook Kamera","og_url":"https:\/\/marktxxl.de\/markt\/produkt\/dajasd-multi-port-4-in-1-universal-sd-tf-kartenleser-sd-micro-sd-kartenleser-micro-sd-card-reader-highspeed-kartenlesegeraet-kamera-speicherkartenleser-fuer-android-phone-pc-notebook-kamera\/","og_site_name":"Markt-XXL","twitter_card":"summary_large_image","twitter_misc":{"Gesch\u00e4tzte Lesezeit":"2\u00a0Minuten"},"schema":{"@context":"https:\/\/schema.org","@graph":[{"@type":"WebPage","@id":"https:\/\/marktxxl.de\/markt\/produkt\/dajasd-multi-port-4-in-1-universal-sd-tf-kartenleser-sd-micro-sd-kartenleser-micro-sd-card-reader-highspeed-kartenlesegeraet-kamera-speicherkartenleser-fuer-android-phone-pc-notebook-kamera\/","url":"https:\/\/marktxxl.de\/markt\/produkt\/dajasd-multi-port-4-in-1-universal-sd-tf-kartenleser-sd-micro-sd-kartenleser-micro-sd-card-reader-highspeed-kartenlesegeraet-kamera-speicherkartenleser-fuer-android-phone-pc-notebook-kamera\/","name":"DAJASD Multi-Port 4 in 1 Universal SD TF Kartenleser, SD\/Micro SD Kartenleser, Micro SD Card Reader, Highspeed Kartenleseger\u00e4t, Kamera Speicherkartenleser f\u00fcr Android Phone PC Notebook Kamera - Markt-XXL","isPartOf":{"@id":"https:\/\/marktxxl.de\/markt\/#website"},"primaryImageOfPage":{"@id":"https:\/\/marktxxl.de\/markt\/produkt\/dajasd-multi-port-4-in-1-universal-sd-tf-kartenleser-sd-micro-sd-kartenleser-micro-sd-card-reader-highspeed-kartenlesegeraet-kamera-speicherkartenleser-fuer-android-phone-pc-notebook-kamera\/#primaryimage"},"image":{"@id":"https:\/\/marktxxl.de\/markt\/produkt\/dajasd-multi-port-4-in-1-universal-sd-tf-kartenleser-sd-micro-sd-kartenleser-micro-sd-card-reader-highspeed-kartenlesegeraet-kamera-speicherkartenleser-fuer-android-phone-pc-notebook-kamera\/#primaryimage"},"thumbnailUrl":"https:\/\/m.media-amazon.com\/images\/I\/41l6OsDF2nL._SL500_.jpg","datePublished":"2024-07-28T16:38:26+00:00","description":"Markt-XXL DAJASD Multi-Port 4 in 1 Universal SD TF Kartenleser, SD\/Micro SD Kartenleser, Micro SD Card Reader, Highspeed Kartenleseger\u00e4t, Kamera Speicherkartenleser f\u00fcr Android Phone PC Notebook Kamera","breadcrumb":{"@id":"https:\/\/marktxxl.de\/markt\/produkt\/dajasd-multi-port-4-in-1-universal-sd-tf-kartenleser-sd-micro-sd-kartenleser-micro-sd-card-reader-highspeed-kartenlesegeraet-kamera-speicherkartenleser-fuer-android-phone-pc-notebook-kamera\/#breadcrumb"},"inLanguage":"de","potentialAction":[{"@type":"ReadAction","target":["https:\/\/marktxxl.de\/markt\/produkt\/dajasd-multi-port-4-in-1-universal-sd-tf-kartenleser-sd-micro-sd-kartenleser-micro-sd-card-reader-highspeed-kartenlesegeraet-kamera-speicherkartenleser-fuer-android-phone-pc-notebook-kamera\/"]}]},{"@type":"ImageObject","inLanguage":"de","@id":"https:\/\/marktxxl.de\/markt\/produkt\/dajasd-multi-port-4-in-1-universal-sd-tf-kartenleser-sd-micro-sd-kartenleser-micro-sd-card-reader-highspeed-kartenlesegeraet-kamera-speicherkartenleser-fuer-android-phone-pc-notebook-kamera\/#primaryimage","url":"https:\/\/m.media-amazon.com\/images\/I\/41l6OsDF2nL._SL500_.jpg","contentUrl":"https:\/\/m.media-amazon.com\/images\/I\/41l6OsDF2nL._SL500_.jpg","width":496,"height":500},{"@type":"BreadcrumbList","@id":"https:\/\/marktxxl.de\/markt\/produkt\/dajasd-multi-port-4-in-1-universal-sd-tf-kartenleser-sd-micro-sd-kartenleser-micro-sd-card-reader-highspeed-kartenlesegeraet-kamera-speicherkartenleser-fuer-android-phone-pc-notebook-kamera\/#breadcrumb","itemListElement":[{"@type":"ListItem","position":1,"name":"Startseite","item":"https:\/\/marktxxl.de\/markt\/"},{"@type":"ListItem","position":2,"name":"Markt","item":"https:\/\/marktxxl.de\/markt\/"},{"@type":"ListItem","position":3,"name":"DAJASD Multi-Port 4 in 1 Universal SD TF Kartenleser, SD\/Micro SD Kartenleser, Micro SD Card Reader, Highspeed Kartenleseger\u00e4t, Kamera Speicherkartenleser f\u00fcr Android Phone PC Notebook Kamera"}]},{"@type":"WebSite","@id":"https:\/\/marktxxl.de\/markt\/#website","url":"https:\/\/marktxxl.de\/markt\/","name":"Markt-XXL","description":"Ihr Markt Online","publisher":{"@id":"https:\/\/marktxxl.de\/markt\/#organization"},"potentialAction":[{"@type":"SearchAction","target":{"@type":"EntryPoint","urlTemplate":"https:\/\/marktxxl.de\/markt\/?s={search_term_string}"},"query-input":{"@type":"PropertyValueSpecification","valueRequired":true,"valueName":"search_term_string"}}],"inLanguage":"de"},{"@type":"Organization","@id":"https:\/\/marktxxl.de\/markt\/#organization","name":"Markt-XXL","url":"https:\/\/marktxxl.de\/markt\/","logo":{"@type":"ImageObject","inLanguage":"de","@id":"https:\/\/marktxxl.de\/markt\/#\/schema\/logo\/image\/","url":"https:\/\/marktxxl.de\/markt\/wp-content\/uploads\/sites\/3\/2020\/12\/logo.png","contentUrl":"https:\/\/marktxxl.de\/markt\/wp-content\/uploads\/sites\/3\/2020\/12\/logo.png","width":200,"height":70,"caption":"Markt-XXL"},"image":{"@id":"https:\/\/marktxxl.de\/markt\/#\/schema\/logo\/image\/"}}]}},"_links":{"self":[{"href":"https:\/\/marktxxl.de\/markt\/wp-json\/wp\/v2\/product\/224319","targetHints":{"allow":["GET"]}}],"collection":[{"href":"https:\/\/marktxxl.de\/markt\/wp-json\/wp\/v2\/product"}],"about":[{"href":"https:\/\/marktxxl.de\/markt\/wp-json\/wp\/v2\/types\/product"}],"replies":[{"embeddable":true,"href":"https:\/\/marktxxl.de\/markt\/wp-json\/wp\/v2\/comments?post=224319"}],"wp:featuredmedia":[{"embeddable":true,"href":"https:\/\/marktxxl.de\/markt\/wp-json\/wp\/v2\/media\/224320"}],"wp:attachment":[{"href":"https:\/\/marktxxl.de\/markt\/wp-json\/wp\/v2\/media?parent=224319"}],"wp:term":[{"taxonomy":"product_brand","embeddable":true,"href":"https:\/\/marktxxl.de\/markt\/wp-json\/wp\/v2\/product_brand?post=224319"},{"taxonomy":"product_cat","embeddable":true,"href":"https:\/\/marktxxl.de\/markt\/wp-json\/wp\/v2\/product_cat?post=224319"},{"taxonomy":"product_tag","embeddable":true,"href":"https:\/\/marktxxl.de\/markt\/wp-json\/wp\/v2\/product_tag?post=224319"}],"curies":[{"name":"wp","href":"https:\/\/api.w.org\/{rel}","templated":true}]}}