{"id":224290,"date":"2024-07-28T18:37:59","date_gmt":"2024-07-28T16:37:59","guid":{"rendered":"https:\/\/marktxxl.de\/markt\/produkt\/yaeonku-externes-blu-ray-cd-dvd-laufwerk-usb-3-0-typ-c-3d-bluray-cd-dvd-leser-schlankes-optisches-bluray-dvd-laufwerk-fuer-macbook-laptop-desktop-pc-laptop-kompatibel-mit-mac-os-windows-xp-7-8-10-11\/"},"modified":"2024-07-28T18:37:59","modified_gmt":"2024-07-28T16:37:59","slug":"yaeonku-externes-blu-ray-cd-dvd-laufwerk-usb-3-0-typ-c-3d-bluray-cd-dvd-leser-schlankes-optisches-bluray-dvd-laufwerk-fuer-macbook-laptop-desktop-pc-laptop-kompatibel-mit-mac-os-windows-xp-7-8-10-11","status":"publish","type":"product","link":"https:\/\/marktxxl.de\/markt\/produkt\/yaeonku-externes-blu-ray-cd-dvd-laufwerk-usb-3-0-typ-c-3d-bluray-cd-dvd-leser-schlankes-optisches-bluray-dvd-laufwerk-fuer-macbook-laptop-desktop-pc-laptop-kompatibel-mit-mac-os-windows-xp-7-8-10-11\/","title":{"rendered":"Yaeonku Externes Blu Ray CD DVD Laufwerk, USB 3.0 Typ-C 3D Bluray CD DVD Leser Schlankes optisches Bluray DVD Laufwerk f\u00fcr MacBook Laptop Desktop PC Laptop Kompatibel mit Mac OS Windows XP\/7\/8\/10\/11"},"content":{"rendered":"<p>\u3010Anmerkung\u3011 Das Blu-ray DVD-Laufwerk unterst\u00fctzt kein Blu-ray-Brennen, unterst\u00fctzt nur Blu-ray-Wiedergabe. Bitte stellen Sie sicher, dass die Wiedergabesoftware auf Ihrem Computer das Blu-ray-Format unterst\u00fctzen muss. Wir empfehlen Ihnen, die kostenlose Software &#8220;Cyberlink BD&amp;3D Advisor&#8221; herunterzuladen, auf Ihrem Computer zu installieren und zu testen. (Bitte beachten Sie, dass Playersoftware nicht im Lieferumfang enthalten ist).<br \/>\n\u3010Weite Kompatibilit\u00e4t\u3011Der Blu-ray Laufwerk ist kompatibel mit verschiedenen Betriebssystemen, wie Windows XP\/7\/8\/10\/11 und Mac OS. Ob Sie einen Laptop oder einen Desktop verwenden, er kann alle Arten von Computerbed\u00fcrfnissen erf\u00fcllen.<br \/>\n\u3010Hochgeschwindigkeitsleistung\u3011Unser blu ray cd dvd Laufwerk verf\u00fcgt \u00fcber eine fortschrittliche Hochgeschwindigkeits-3.0-Schnittstelle, die eine maximale Geschwindigkeit von 5 Gbps erreicht, was 6-mal schneller ist als die herk\u00f6mmliche 2.0-Schnittstelle (480Mbps). Dar\u00fcber hinaus verf\u00fcgt die Typ-C-Schnittstelle \u00fcber eine starke Fehlerkorrekturf\u00e4higkeit, Sto\u00dffestigkeit und einen geringen Stromverbrauch, was eine stabile und zuverl\u00e4ssige Daten\u00fcbertragung gew\u00e4hrleistet.<br \/>\n\u3010Easy to Use&amp;Multi-Functional\u3011 Das externe Blu-ray CD\/DVD-Laufwerk ist einfach zu bedienen. Der Benutzer muss nur das USB-Kabel des Laufwerks in einen beliebigen USB-Anschluss des elektronischen Ger\u00e4ts stecken, das das System unterst\u00fctzt, und es wird automatisch abgespielt. Eine zus\u00e4tzliche Stromversorgung ist nicht erforderlich. Das tragbare Blu-ray CD\/DVD-Laufwerk ist multifunktional und kann zum Abspielen von Musik, zum Ansehen von Filmen, zur Datensicherung, zur Installation von Programmen und zur \u00dcbertragung von Dateien verwendet werden.<br \/>\n\u3010Kundenorientierter Kundendienst\u3011Wir bei Yaeonku sind bestrebt, unseren Kunden einen hervorragenden Service zu bieten. Wenn Sie irgendwelche Probleme mit unserem Produkt haben, z\u00f6gern Sie bitte nicht, uns f\u00fcr den Verkauf zu kontaktieren. Wir sind bestrebt, alle Probleme oder Bedenken, die Sie haben k\u00f6nnten, rechtzeitig und effizient zu l\u00f6sen, damit Sie Ihren externen Blu-ray Laufwerk weiterhin sorgenfrei genie\u00dfen k\u00f6nnen.<br \/>\n<div class=\"main-cross-sell\" data-asin=\"B0D6RC8YDH\">\n\n\t<div class=\"WooZone-cross-sell-loader\">\n\t\t<div>\n\t\t\t<div id=\"floatingBarsG\">\n\t\t\t\t<div class=\"blockG\" id=\"rotateG_01\"><\/div>\n\t\t\t\t<div class=\"blockG\" id=\"rotateG_02\"><\/div>\n\t\t\t\t<div class=\"blockG\" id=\"rotateG_03\"><\/div>\n\t\t\t\t<div class=\"blockG\" id=\"rotateG_04\"><\/div>\n\t\t\t\t<div class=\"blockG\" id=\"rotateG_05\"><\/div>\n\t\t\t\t<div class=\"blockG\" id=\"rotateG_06\"><\/div>\n\t\t\t\t<div class=\"blockG\" id=\"rotateG_07\"><\/div>\n\t\t\t\t<div class=\"blockG\" id=\"rotateG_08\"><\/div>\n\t\t\t<\/div>\n\t\t\t<div class=\"WooZone-cross-sell-loader-text\"><\/div>\n\t\t<\/div>\n\t<\/div>\n\n\t\t\n<\/div>\n<div style=\"clear:both;\"><\/div><\/p>\n","protected":false},"excerpt":{"rendered":"<p>\u3010Anmerkung\u3011 Das Blu-ray DVD-Laufwerk unterst\u00fctzt kein Blu-ray-Brennen, unterst\u00fctzt nur Blu-ray-Wiedergabe. Bitte stellen Sie sicher, dass die Wiedergabesoftware auf Ihrem Computer das Blu-ray-Format unterst\u00fctzen muss. Wir empfehlen Ihnen, die kostenlose Software &#8220;Cyberlink BD&amp;3D Advisor&#8221; herunterzuladen, auf Ihrem Computer zu installieren und zu testen. (Bitte beachten Sie, dass Playersoftware nicht im Lieferumfang enthalten ist).<br \/>\n\u3010Weite Kompatibilit\u00e4t\u3011Der Blu-ray Laufwerk ist kompatibel mit verschiedenen Betriebssystemen, wie Windows XP\/7\/8\/10\/11 und Mac OS. Ob Sie einen Laptop oder einen Desktop verwenden, er kann alle Arten von Computerbed\u00fcrfnissen erf\u00fcllen.<br \/>\n\u3010Hochgeschwindigkeitsleistung\u3011Unser blu ray cd dvd Laufwerk verf\u00fcgt \u00fcber eine fortschrittliche Hochgeschwindigkeits-3.0-Schnittstelle, die eine maximale Geschwindigkeit von 5 Gbps erreicht, was 6-mal schneller ist als die herk\u00f6mmliche 2.0-Schnittstelle (480Mbps). Dar\u00fcber hinaus verf\u00fcgt die Typ-C-Schnittstelle \u00fcber eine starke Fehlerkorrekturf\u00e4higkeit, Sto\u00dffestigkeit und einen geringen Stromverbrauch, was eine stabile und zuverl\u00e4ssige Daten\u00fcbertragung gew\u00e4hrleistet.<\/p>\n","protected":false},"featured_media":224291,"comment_status":"open","ping_status":"closed","template":"","meta":[],"product_brand":[],"product_cat":[863],"product_tag":[],"class_list":{"0":"post-224290","1":"product","2":"type-product","3":"status-publish","4":"has-post-thumbnail","6":"product_cat-computer-zubehoer","7":"pa_binding-personal-computers","8":"pa_brand-yaeonku","9":"pa_manufacturer-yaeonku","10":"pa_warranty-6-monate","12":"first","13":"instock","14":"shipping-taxable","15":"purchasable","16":"product-type-simple","17":"customify-col","18":"product-has-gallery"},"yoast_head":"<!-- This site is optimized with the Yoast SEO plugin v27.4 - https:\/\/yoast.com\/product\/yoast-seo-wordpress\/ -->\n<title>Yaeonku Externes Blu Ray CD DVD Laufwerk, USB 3.0 Typ-C 3D Bluray CD DVD Leser Schlankes optisches Bluray DVD Laufwerk f\u00fcr MacBook Laptop Desktop PC Laptop Kompatibel mit Mac OS Windows XP\/7\/8\/10\/11 - Markt-XXL<\/title>\n<meta name=\"description\" content=\"Markt-XXL Yaeonku Externes Blu Ray CD DVD Laufwerk, USB 3.0 Typ-C 3D Bluray CD DVD Leser Schlankes optisches Bluray DVD Laufwerk f\u00fcr MacBook Laptop Desktop PC Laptop Kompatibel mit Mac OS Windows XP\/7\/8\/10\/11\" \/>\n<meta name=\"robots\" content=\"index, follow, max-snippet:-1, max-image-preview:large, max-video-preview:-1\" \/>\n<link rel=\"canonical\" href=\"https:\/\/marktxxl.de\/markt\/produkt\/yaeonku-externes-blu-ray-cd-dvd-laufwerk-usb-3-0-typ-c-3d-bluray-cd-dvd-leser-schlankes-optisches-bluray-dvd-laufwerk-fuer-macbook-laptop-desktop-pc-laptop-kompatibel-mit-mac-os-windows-xp-7-8-10-11\/\" \/>\n<meta property=\"og:locale\" content=\"de_DE\" \/>\n<meta property=\"og:type\" content=\"article\" \/>\n<meta property=\"og:title\" content=\"Yaeonku Externes Blu Ray CD DVD Laufwerk, USB 3.0 Typ-C 3D Bluray CD DVD Leser Schlankes optisches Bluray DVD Laufwerk f\u00fcr MacBook Laptop Desktop PC Laptop Kompatibel mit Mac OS Windows XP\/7\/8\/10\/11 - Markt-XXL\" \/>\n<meta property=\"og:description\" content=\"Markt-XXL Yaeonku Externes Blu Ray CD DVD Laufwerk, USB 3.0 Typ-C 3D Bluray CD DVD Leser Schlankes optisches Bluray DVD Laufwerk f\u00fcr MacBook Laptop Desktop PC Laptop Kompatibel mit Mac OS Windows XP\/7\/8\/10\/11\" \/>\n<meta property=\"og:url\" content=\"https:\/\/marktxxl.de\/markt\/produkt\/yaeonku-externes-blu-ray-cd-dvd-laufwerk-usb-3-0-typ-c-3d-bluray-cd-dvd-leser-schlankes-optisches-bluray-dvd-laufwerk-fuer-macbook-laptop-desktop-pc-laptop-kompatibel-mit-mac-os-windows-xp-7-8-10-11\/\" \/>\n<meta property=\"og:site_name\" content=\"Markt-XXL\" \/>\n<meta name=\"twitter:card\" content=\"summary_large_image\" \/>\n<meta name=\"twitter:label1\" content=\"Gesch\u00e4tzte Lesezeit\" \/>\n\t<meta name=\"twitter:data1\" content=\"2\u00a0Minuten\" \/>\n<script type=\"application\/ld+json\" class=\"yoast-schema-graph\">{\"@context\":\"https:\\\/\\\/schema.org\",\"@graph\":[{\"@type\":\"WebPage\",\"@id\":\"https:\\\/\\\/marktxxl.de\\\/markt\\\/produkt\\\/yaeonku-externes-blu-ray-cd-dvd-laufwerk-usb-3-0-typ-c-3d-bluray-cd-dvd-leser-schlankes-optisches-bluray-dvd-laufwerk-fuer-macbook-laptop-desktop-pc-laptop-kompatibel-mit-mac-os-windows-xp-7-8-10-11\\\/\",\"url\":\"https:\\\/\\\/marktxxl.de\\\/markt\\\/produkt\\\/yaeonku-externes-blu-ray-cd-dvd-laufwerk-usb-3-0-typ-c-3d-bluray-cd-dvd-leser-schlankes-optisches-bluray-dvd-laufwerk-fuer-macbook-laptop-desktop-pc-laptop-kompatibel-mit-mac-os-windows-xp-7-8-10-11\\\/\",\"name\":\"Yaeonku Externes Blu Ray CD DVD Laufwerk, USB 3.0 Typ-C 3D Bluray CD DVD Leser Schlankes optisches Bluray DVD Laufwerk f\u00fcr MacBook Laptop Desktop PC Laptop Kompatibel mit Mac OS Windows XP\\\/7\\\/8\\\/10\\\/11 - Markt-XXL\",\"isPartOf\":{\"@id\":\"https:\\\/\\\/marktxxl.de\\\/markt\\\/#website\"},\"primaryImageOfPage\":{\"@id\":\"https:\\\/\\\/marktxxl.de\\\/markt\\\/produkt\\\/yaeonku-externes-blu-ray-cd-dvd-laufwerk-usb-3-0-typ-c-3d-bluray-cd-dvd-leser-schlankes-optisches-bluray-dvd-laufwerk-fuer-macbook-laptop-desktop-pc-laptop-kompatibel-mit-mac-os-windows-xp-7-8-10-11\\\/#primaryimage\"},\"image\":{\"@id\":\"https:\\\/\\\/marktxxl.de\\\/markt\\\/produkt\\\/yaeonku-externes-blu-ray-cd-dvd-laufwerk-usb-3-0-typ-c-3d-bluray-cd-dvd-leser-schlankes-optisches-bluray-dvd-laufwerk-fuer-macbook-laptop-desktop-pc-laptop-kompatibel-mit-mac-os-windows-xp-7-8-10-11\\\/#primaryimage\"},\"thumbnailUrl\":\"https:\\\/\\\/m.media-amazon.com\\\/images\\\/I\\\/41RB5QgNICL._SL500_.jpg\",\"datePublished\":\"2024-07-28T16:37:59+00:00\",\"description\":\"Markt-XXL Yaeonku Externes Blu Ray CD DVD Laufwerk, USB 3.0 Typ-C 3D Bluray CD DVD Leser Schlankes optisches Bluray DVD Laufwerk f\u00fcr MacBook Laptop Desktop PC Laptop Kompatibel mit Mac OS Windows XP\\\/7\\\/8\\\/10\\\/11\",\"breadcrumb\":{\"@id\":\"https:\\\/\\\/marktxxl.de\\\/markt\\\/produkt\\\/yaeonku-externes-blu-ray-cd-dvd-laufwerk-usb-3-0-typ-c-3d-bluray-cd-dvd-leser-schlankes-optisches-bluray-dvd-laufwerk-fuer-macbook-laptop-desktop-pc-laptop-kompatibel-mit-mac-os-windows-xp-7-8-10-11\\\/#breadcrumb\"},\"inLanguage\":\"de\",\"potentialAction\":[{\"@type\":\"ReadAction\",\"target\":[\"https:\\\/\\\/marktxxl.de\\\/markt\\\/produkt\\\/yaeonku-externes-blu-ray-cd-dvd-laufwerk-usb-3-0-typ-c-3d-bluray-cd-dvd-leser-schlankes-optisches-bluray-dvd-laufwerk-fuer-macbook-laptop-desktop-pc-laptop-kompatibel-mit-mac-os-windows-xp-7-8-10-11\\\/\"]}]},{\"@type\":\"ImageObject\",\"inLanguage\":\"de\",\"@id\":\"https:\\\/\\\/marktxxl.de\\\/markt\\\/produkt\\\/yaeonku-externes-blu-ray-cd-dvd-laufwerk-usb-3-0-typ-c-3d-bluray-cd-dvd-leser-schlankes-optisches-bluray-dvd-laufwerk-fuer-macbook-laptop-desktop-pc-laptop-kompatibel-mit-mac-os-windows-xp-7-8-10-11\\\/#primaryimage\",\"url\":\"https:\\\/\\\/m.media-amazon.com\\\/images\\\/I\\\/41RB5QgNICL._SL500_.jpg\",\"contentUrl\":\"https:\\\/\\\/m.media-amazon.com\\\/images\\\/I\\\/41RB5QgNICL._SL500_.jpg\",\"width\":500,\"height\":500},{\"@type\":\"BreadcrumbList\",\"@id\":\"https:\\\/\\\/marktxxl.de\\\/markt\\\/produkt\\\/yaeonku-externes-blu-ray-cd-dvd-laufwerk-usb-3-0-typ-c-3d-bluray-cd-dvd-leser-schlankes-optisches-bluray-dvd-laufwerk-fuer-macbook-laptop-desktop-pc-laptop-kompatibel-mit-mac-os-windows-xp-7-8-10-11\\\/#breadcrumb\",\"itemListElement\":[{\"@type\":\"ListItem\",\"position\":1,\"name\":\"Startseite\",\"item\":\"https:\\\/\\\/marktxxl.de\\\/markt\\\/\"},{\"@type\":\"ListItem\",\"position\":2,\"name\":\"Markt\",\"item\":\"https:\\\/\\\/marktxxl.de\\\/markt\\\/\"},{\"@type\":\"ListItem\",\"position\":3,\"name\":\"Yaeonku Externes Blu Ray CD DVD Laufwerk, USB 3.0 Typ-C 3D Bluray CD DVD Leser Schlankes optisches Bluray DVD Laufwerk f\u00fcr MacBook Laptop Desktop PC Laptop Kompatibel mit Mac OS Windows XP\\\/7\\\/8\\\/10\\\/11\"}]},{\"@type\":\"WebSite\",\"@id\":\"https:\\\/\\\/marktxxl.de\\\/markt\\\/#website\",\"url\":\"https:\\\/\\\/marktxxl.de\\\/markt\\\/\",\"name\":\"Markt-XXL\",\"description\":\"Ihr Markt Online\",\"publisher\":{\"@id\":\"https:\\\/\\\/marktxxl.de\\\/markt\\\/#organization\"},\"potentialAction\":[{\"@type\":\"SearchAction\",\"target\":{\"@type\":\"EntryPoint\",\"urlTemplate\":\"https:\\\/\\\/marktxxl.de\\\/markt\\\/?s={search_term_string}\"},\"query-input\":{\"@type\":\"PropertyValueSpecification\",\"valueRequired\":true,\"valueName\":\"search_term_string\"}}],\"inLanguage\":\"de\"},{\"@type\":\"Organization\",\"@id\":\"https:\\\/\\\/marktxxl.de\\\/markt\\\/#organization\",\"name\":\"Markt-XXL\",\"url\":\"https:\\\/\\\/marktxxl.de\\\/markt\\\/\",\"logo\":{\"@type\":\"ImageObject\",\"inLanguage\":\"de\",\"@id\":\"https:\\\/\\\/marktxxl.de\\\/markt\\\/#\\\/schema\\\/logo\\\/image\\\/\",\"url\":\"https:\\\/\\\/marktxxl.de\\\/markt\\\/wp-content\\\/uploads\\\/sites\\\/3\\\/2020\\\/12\\\/logo.png\",\"contentUrl\":\"https:\\\/\\\/marktxxl.de\\\/markt\\\/wp-content\\\/uploads\\\/sites\\\/3\\\/2020\\\/12\\\/logo.png\",\"width\":200,\"height\":70,\"caption\":\"Markt-XXL\"},\"image\":{\"@id\":\"https:\\\/\\\/marktxxl.de\\\/markt\\\/#\\\/schema\\\/logo\\\/image\\\/\"}}]}<\/script>\n<!-- \/ Yoast SEO plugin. -->","yoast_head_json":{"title":"Yaeonku Externes Blu Ray CD DVD Laufwerk, USB 3.0 Typ-C 3D Bluray CD DVD Leser Schlankes optisches Bluray DVD Laufwerk f\u00fcr MacBook Laptop Desktop PC Laptop Kompatibel mit Mac OS Windows XP\/7\/8\/10\/11 - Markt-XXL","description":"Markt-XXL Yaeonku Externes Blu Ray CD DVD Laufwerk, USB 3.0 Typ-C 3D Bluray CD DVD Leser Schlankes optisches Bluray DVD Laufwerk f\u00fcr MacBook Laptop Desktop PC Laptop Kompatibel mit Mac OS Windows XP\/7\/8\/10\/11","robots":{"index":"index","follow":"follow","max-snippet":"max-snippet:-1","max-image-preview":"max-image-preview:large","max-video-preview":"max-video-preview:-1"},"canonical":"https:\/\/marktxxl.de\/markt\/produkt\/yaeonku-externes-blu-ray-cd-dvd-laufwerk-usb-3-0-typ-c-3d-bluray-cd-dvd-leser-schlankes-optisches-bluray-dvd-laufwerk-fuer-macbook-laptop-desktop-pc-laptop-kompatibel-mit-mac-os-windows-xp-7-8-10-11\/","og_locale":"de_DE","og_type":"article","og_title":"Yaeonku Externes Blu Ray CD DVD Laufwerk, USB 3.0 Typ-C 3D Bluray CD DVD Leser Schlankes optisches Bluray DVD Laufwerk f\u00fcr MacBook Laptop Desktop PC Laptop Kompatibel mit Mac OS Windows XP\/7\/8\/10\/11 - Markt-XXL","og_description":"Markt-XXL Yaeonku Externes Blu Ray CD DVD Laufwerk, USB 3.0 Typ-C 3D Bluray CD DVD Leser Schlankes optisches Bluray DVD Laufwerk f\u00fcr MacBook Laptop Desktop PC Laptop Kompatibel mit Mac OS Windows XP\/7\/8\/10\/11","og_url":"https:\/\/marktxxl.de\/markt\/produkt\/yaeonku-externes-blu-ray-cd-dvd-laufwerk-usb-3-0-typ-c-3d-bluray-cd-dvd-leser-schlankes-optisches-bluray-dvd-laufwerk-fuer-macbook-laptop-desktop-pc-laptop-kompatibel-mit-mac-os-windows-xp-7-8-10-11\/","og_site_name":"Markt-XXL","twitter_card":"summary_large_image","twitter_misc":{"Gesch\u00e4tzte Lesezeit":"2\u00a0Minuten"},"schema":{"@context":"https:\/\/schema.org","@graph":[{"@type":"WebPage","@id":"https:\/\/marktxxl.de\/markt\/produkt\/yaeonku-externes-blu-ray-cd-dvd-laufwerk-usb-3-0-typ-c-3d-bluray-cd-dvd-leser-schlankes-optisches-bluray-dvd-laufwerk-fuer-macbook-laptop-desktop-pc-laptop-kompatibel-mit-mac-os-windows-xp-7-8-10-11\/","url":"https:\/\/marktxxl.de\/markt\/produkt\/yaeonku-externes-blu-ray-cd-dvd-laufwerk-usb-3-0-typ-c-3d-bluray-cd-dvd-leser-schlankes-optisches-bluray-dvd-laufwerk-fuer-macbook-laptop-desktop-pc-laptop-kompatibel-mit-mac-os-windows-xp-7-8-10-11\/","name":"Yaeonku Externes Blu Ray CD DVD Laufwerk, USB 3.0 Typ-C 3D Bluray CD DVD Leser Schlankes optisches Bluray DVD Laufwerk f\u00fcr MacBook Laptop Desktop PC Laptop Kompatibel mit Mac OS Windows XP\/7\/8\/10\/11 - Markt-XXL","isPartOf":{"@id":"https:\/\/marktxxl.de\/markt\/#website"},"primaryImageOfPage":{"@id":"https:\/\/marktxxl.de\/markt\/produkt\/yaeonku-externes-blu-ray-cd-dvd-laufwerk-usb-3-0-typ-c-3d-bluray-cd-dvd-leser-schlankes-optisches-bluray-dvd-laufwerk-fuer-macbook-laptop-desktop-pc-laptop-kompatibel-mit-mac-os-windows-xp-7-8-10-11\/#primaryimage"},"image":{"@id":"https:\/\/marktxxl.de\/markt\/produkt\/yaeonku-externes-blu-ray-cd-dvd-laufwerk-usb-3-0-typ-c-3d-bluray-cd-dvd-leser-schlankes-optisches-bluray-dvd-laufwerk-fuer-macbook-laptop-desktop-pc-laptop-kompatibel-mit-mac-os-windows-xp-7-8-10-11\/#primaryimage"},"thumbnailUrl":"https:\/\/m.media-amazon.com\/images\/I\/41RB5QgNICL._SL500_.jpg","datePublished":"2024-07-28T16:37:59+00:00","description":"Markt-XXL Yaeonku Externes Blu Ray CD DVD Laufwerk, USB 3.0 Typ-C 3D Bluray CD DVD Leser Schlankes optisches Bluray DVD Laufwerk f\u00fcr MacBook Laptop Desktop PC Laptop Kompatibel mit Mac OS Windows XP\/7\/8\/10\/11","breadcrumb":{"@id":"https:\/\/marktxxl.de\/markt\/produkt\/yaeonku-externes-blu-ray-cd-dvd-laufwerk-usb-3-0-typ-c-3d-bluray-cd-dvd-leser-schlankes-optisches-bluray-dvd-laufwerk-fuer-macbook-laptop-desktop-pc-laptop-kompatibel-mit-mac-os-windows-xp-7-8-10-11\/#breadcrumb"},"inLanguage":"de","potentialAction":[{"@type":"ReadAction","target":["https:\/\/marktxxl.de\/markt\/produkt\/yaeonku-externes-blu-ray-cd-dvd-laufwerk-usb-3-0-typ-c-3d-bluray-cd-dvd-leser-schlankes-optisches-bluray-dvd-laufwerk-fuer-macbook-laptop-desktop-pc-laptop-kompatibel-mit-mac-os-windows-xp-7-8-10-11\/"]}]},{"@type":"ImageObject","inLanguage":"de","@id":"https:\/\/marktxxl.de\/markt\/produkt\/yaeonku-externes-blu-ray-cd-dvd-laufwerk-usb-3-0-typ-c-3d-bluray-cd-dvd-leser-schlankes-optisches-bluray-dvd-laufwerk-fuer-macbook-laptop-desktop-pc-laptop-kompatibel-mit-mac-os-windows-xp-7-8-10-11\/#primaryimage","url":"https:\/\/m.media-amazon.com\/images\/I\/41RB5QgNICL._SL500_.jpg","contentUrl":"https:\/\/m.media-amazon.com\/images\/I\/41RB5QgNICL._SL500_.jpg","width":500,"height":500},{"@type":"BreadcrumbList","@id":"https:\/\/marktxxl.de\/markt\/produkt\/yaeonku-externes-blu-ray-cd-dvd-laufwerk-usb-3-0-typ-c-3d-bluray-cd-dvd-leser-schlankes-optisches-bluray-dvd-laufwerk-fuer-macbook-laptop-desktop-pc-laptop-kompatibel-mit-mac-os-windows-xp-7-8-10-11\/#breadcrumb","itemListElement":[{"@type":"ListItem","position":1,"name":"Startseite","item":"https:\/\/marktxxl.de\/markt\/"},{"@type":"ListItem","position":2,"name":"Markt","item":"https:\/\/marktxxl.de\/markt\/"},{"@type":"ListItem","position":3,"name":"Yaeonku Externes Blu Ray CD DVD Laufwerk, USB 3.0 Typ-C 3D Bluray CD DVD Leser Schlankes optisches Bluray DVD Laufwerk f\u00fcr MacBook Laptop Desktop PC Laptop Kompatibel mit Mac OS Windows XP\/7\/8\/10\/11"}]},{"@type":"WebSite","@id":"https:\/\/marktxxl.de\/markt\/#website","url":"https:\/\/marktxxl.de\/markt\/","name":"Markt-XXL","description":"Ihr Markt Online","publisher":{"@id":"https:\/\/marktxxl.de\/markt\/#organization"},"potentialAction":[{"@type":"SearchAction","target":{"@type":"EntryPoint","urlTemplate":"https:\/\/marktxxl.de\/markt\/?s={search_term_string}"},"query-input":{"@type":"PropertyValueSpecification","valueRequired":true,"valueName":"search_term_string"}}],"inLanguage":"de"},{"@type":"Organization","@id":"https:\/\/marktxxl.de\/markt\/#organization","name":"Markt-XXL","url":"https:\/\/marktxxl.de\/markt\/","logo":{"@type":"ImageObject","inLanguage":"de","@id":"https:\/\/marktxxl.de\/markt\/#\/schema\/logo\/image\/","url":"https:\/\/marktxxl.de\/markt\/wp-content\/uploads\/sites\/3\/2020\/12\/logo.png","contentUrl":"https:\/\/marktxxl.de\/markt\/wp-content\/uploads\/sites\/3\/2020\/12\/logo.png","width":200,"height":70,"caption":"Markt-XXL"},"image":{"@id":"https:\/\/marktxxl.de\/markt\/#\/schema\/logo\/image\/"}}]}},"_links":{"self":[{"href":"https:\/\/marktxxl.de\/markt\/wp-json\/wp\/v2\/product\/224290","targetHints":{"allow":["GET"]}}],"collection":[{"href":"https:\/\/marktxxl.de\/markt\/wp-json\/wp\/v2\/product"}],"about":[{"href":"https:\/\/marktxxl.de\/markt\/wp-json\/wp\/v2\/types\/product"}],"replies":[{"embeddable":true,"href":"https:\/\/marktxxl.de\/markt\/wp-json\/wp\/v2\/comments?post=224290"}],"wp:featuredmedia":[{"embeddable":true,"href":"https:\/\/marktxxl.de\/markt\/wp-json\/wp\/v2\/media\/224291"}],"wp:attachment":[{"href":"https:\/\/marktxxl.de\/markt\/wp-json\/wp\/v2\/media?parent=224290"}],"wp:term":[{"taxonomy":"product_brand","embeddable":true,"href":"https:\/\/marktxxl.de\/markt\/wp-json\/wp\/v2\/product_brand?post=224290"},{"taxonomy":"product_cat","embeddable":true,"href":"https:\/\/marktxxl.de\/markt\/wp-json\/wp\/v2\/product_cat?post=224290"},{"taxonomy":"product_tag","embeddable":true,"href":"https:\/\/marktxxl.de\/markt\/wp-json\/wp\/v2\/product_tag?post=224290"}],"curies":[{"name":"wp","href":"https:\/\/api.w.org\/{rel}","templated":true}]}}