{"id":224281,"date":"2024-07-28T18:37:52","date_gmt":"2024-07-28T16:37:52","guid":{"rendered":"https:\/\/marktxxl.de\/markt\/produkt\/dadanism-tablet-tasche-fuer-kinder-10-125-zoll-tablet-tragetasche-mit-griff-und-schulterriemen-fuer-fire-hd-10-kids-fire-hd-10-kids-pro-13-11-gen-2023-2021-fire-max-11-2023-gruener-dinosaurier\/"},"modified":"2024-07-28T18:37:52","modified_gmt":"2024-07-28T16:37:52","slug":"dadanism-tablet-tasche-fuer-kinder-10-125-zoll-tablet-tragetasche-mit-griff-und-schulterriemen-fuer-fire-hd-10-kids-fire-hd-10-kids-pro-13-11-gen-2023-2021-fire-max-11-2023-gruener-dinosaurier","status":"publish","type":"product","link":"https:\/\/marktxxl.de\/markt\/produkt\/dadanism-tablet-tasche-fuer-kinder-10-125-zoll-tablet-tragetasche-mit-griff-und-schulterriemen-fuer-fire-hd-10-kids-fire-hd-10-kids-pro-13-11-gen-2023-2021-fire-max-11-2023-gruener-dinosaurier\/","title":{"rendered":"Dadanism Tablet Tasche f\u00fcr Kinder, 10-12,5 Zoll Tablet Tragetasche mit Griff und Schulterriemen f\u00fcr Fire HD 10 Kids\/Fire HD 10 Kids Pro 13.\/11. Gen 2023\/2021, Fire Max 11 2023, Gr\u00fcner Dinosaurier"},"content":{"rendered":"<p>\u3010Kompatibilit\u00e4t\u3011Dadanism 10-12,5 Zoll Tablet Tragetasche f\u00fcr Kinder ist kompatibel mit Fire HD 10 Kids\/Fire HD 10 Kids Pro 13.\/11. Gen. 2023\/2021, Kindle Scribe 1. Gen. 2022 released 10,2&#8243;, Fire Max 11 13. Gen. 2023; iPad Pro 11 Zoll M4 2024, iPad Air 11 Zoll M2 2024, iPad Pro 11&#8243; M2 4.\/3.\/2.\/1. Gen., iPad 10,2 9\/8\/7. Gen., iPad Air 5\/4 10,9&#8243;, iPad 10. Gen. 10,9&#8243;, und andere 12,5 Zoll Ger\u00e4te.<br \/>\n\u3010Niedliches und Interessantes Design\u3011Diese Kindertasche ist mit einem fortschrittlichen und exquisiten doppelseitigen Druck versehen, der langlebig ist und nicht leicht verblasst. Das Dinosaurier-Muster auf der Tasche ist auch bunt und interessant. Es wird ein perfektes Geschenk f\u00fcr Jungen und M\u00e4dchen f\u00fcr Geburtstage, Neujahr, Kindertag und Weihnachten sein.<br \/>\n\u3010Leicht zu tragen\u3011Diese Tablet-Tasche hat robuste Stoffgriffe und einen abnehmbaren, verstellbaren Schultergurt, damit Ihr Kind sie so bequem tragen kann, wie es das braucht. Das Hauptfach verf\u00fcgt \u00fcber einen doppelten Rei\u00dfverschluss f\u00fcr einen einfachen Zugriff auf Ihr wertvolles Tablet.<br \/>\n\u3010Hochwertiges Sicherheitsmaterial\u3011Die \u00e4u\u00dfere Schicht der Tablet-Schutzh\u00fclle besteht aus hochwertigem Polyestermaterial, das extrem spritzwassergesch\u00fctzt ist. Das Innenfutter ist weich und wird den Bildschirm nicht zerkratzen. Die Kinder-Tablet-Transporttasche bietet Staub-, Kratz-, Sto\u00df- und Schlagschutz f\u00fcr Ihr Tablet und reduziert Sch\u00e4den, die durch versehentliche St\u00f6\u00dfe und Kratzer verursacht werden.<br \/>\n\u3010Produktgr\u00f6\u00dfe\u3011Kinder Tablet Tragetasche Gr\u00f6\u00dfe: 12.6in (32cm) x 9.84in (25cm) x 1.18in (3cm). 1 Haupttasche f\u00fcr das Tablet, 1 Vordertasche f\u00fcr anderes Zubeh\u00f6r, wie Ladeger\u00e4t, Handy, Kopfh\u00f6rer, Datenkabel, Maus, mobiles Netzteil. Wenn Sie irgendwelche Fragen \u00fcber das Produkt haben, z\u00f6gern Sie bitte nicht, uns zu kontaktieren, wir werden Ihnen innerhalb von 24 Stunden antworten.<br \/>\n<div class=\"main-cross-sell\" data-asin=\"B0D3FYKKKZ\">\n\n\t<div class=\"WooZone-cross-sell-loader\">\n\t\t<div>\n\t\t\t<div id=\"floatingBarsG\">\n\t\t\t\t<div class=\"blockG\" id=\"rotateG_01\"><\/div>\n\t\t\t\t<div class=\"blockG\" id=\"rotateG_02\"><\/div>\n\t\t\t\t<div class=\"blockG\" id=\"rotateG_03\"><\/div>\n\t\t\t\t<div class=\"blockG\" id=\"rotateG_04\"><\/div>\n\t\t\t\t<div class=\"blockG\" id=\"rotateG_05\"><\/div>\n\t\t\t\t<div class=\"blockG\" id=\"rotateG_06\"><\/div>\n\t\t\t\t<div class=\"blockG\" id=\"rotateG_07\"><\/div>\n\t\t\t\t<div class=\"blockG\" id=\"rotateG_08\"><\/div>\n\t\t\t<\/div>\n\t\t\t<div class=\"WooZone-cross-sell-loader-text\"><\/div>\n\t\t<\/div>\n\t<\/div>\n\n\t\t\n<\/div>\n<div style=\"clear:both;\"><\/div><\/p>\n","protected":false},"excerpt":{"rendered":"<p>\u3010Kompatibilit\u00e4t\u3011Dadanism 10-12,5 Zoll Tablet Tragetasche f\u00fcr Kinder ist kompatibel mit Fire HD 10 Kids\/Fire HD 10 Kids Pro 13.\/11. Gen. 2023\/2021, Kindle Scribe 1. Gen. 2022 released 10,2&#8243;, Fire Max 11 13. Gen. 2023; iPad Pro 11 Zoll M4 2024, iPad Air 11 Zoll M2 2024, iPad Pro 11&#8243; M2 4.\/3.\/2.\/1. Gen., iPad 10,2 9\/8\/7. Gen., iPad Air 5\/4 10,9&#8243;, iPad 10. Gen. 10,9&#8243;, und andere 12,5 Zoll Ger\u00e4te.<br \/>\n\u3010Niedliches und Interessantes Design\u3011Diese Kindertasche ist mit einem fortschrittlichen und exquisiten doppelseitigen Druck versehen, der langlebig ist und nicht leicht verblasst. Das Dinosaurier-Muster auf der Tasche ist auch bunt und interessant. Es wird ein perfektes Geschenk f\u00fcr Jungen und M\u00e4dchen f\u00fcr Geburtstage, Neujahr, Kindertag und Weihnachten sein.<br \/>\n\u3010Leicht zu tragen\u3011Diese Tablet-Tasche hat robuste Stoffgriffe und einen abnehmbaren, verstellbaren Schultergurt, damit Ihr Kind sie so bequem tragen kann, wie es das braucht. Das Hauptfach verf\u00fcgt \u00fcber einen doppelten Rei\u00dfverschluss f\u00fcr einen einfachen Zugriff auf Ihr wertvolles Tablet.<\/p>\n","protected":false},"featured_media":224282,"comment_status":"open","ping_status":"closed","template":"","meta":[],"product_brand":[],"product_cat":[863],"product_tag":[],"class_list":{"0":"post-224281","1":"product","2":"type-product","3":"status-publish","4":"has-post-thumbnail","6":"product_cat-computer-zubehoer","7":"pa_binding-textilien","8":"pa_brand-dadanism","9":"pa_color-gruener-dinosaurier","10":"pa_height-1-18-zoll","11":"pa_length-12-6-zoll","12":"pa_manufacturer-dadanism","13":"pa_model-p723314203805","14":"pa_weight-0-60625-pounds","15":"pa_width-9-84-zoll","17":"first","18":"instock","19":"shipping-taxable","20":"purchasable","21":"product-type-simple","22":"customify-col","23":"product-has-gallery"},"yoast_head":"<!-- This site is optimized with the Yoast SEO plugin v27.4 - https:\/\/yoast.com\/product\/yoast-seo-wordpress\/ -->\n<title>Dadanism Tablet Tasche f\u00fcr Kinder, 10-12,5 Zoll Tablet Tragetasche mit Griff und Schulterriemen f\u00fcr Fire HD 10 Kids\/Fire HD 10 Kids Pro 13.\/11. Gen 2023\/2021, Fire Max 11 2023, Gr\u00fcner Dinosaurier - Markt-XXL<\/title>\n<meta name=\"description\" content=\"Markt-XXL Dadanism Tablet Tasche f\u00fcr Kinder, 10-12,5 Zoll Tablet Tragetasche mit Griff und Schulterriemen f\u00fcr Fire HD 10 Kids\/Fire HD 10 Kids Pro 13.\/11. Gen 2023\/2021, Fire Max 11 2023, Gr\u00fcner Dinosaurier\" \/>\n<meta name=\"robots\" content=\"index, follow, max-snippet:-1, max-image-preview:large, max-video-preview:-1\" \/>\n<link rel=\"canonical\" href=\"https:\/\/marktxxl.de\/markt\/produkt\/dadanism-tablet-tasche-fuer-kinder-10-125-zoll-tablet-tragetasche-mit-griff-und-schulterriemen-fuer-fire-hd-10-kids-fire-hd-10-kids-pro-13-11-gen-2023-2021-fire-max-11-2023-gruener-dinosaurier\/\" \/>\n<meta property=\"og:locale\" content=\"de_DE\" \/>\n<meta property=\"og:type\" content=\"article\" \/>\n<meta property=\"og:title\" content=\"Dadanism Tablet Tasche f\u00fcr Kinder, 10-12,5 Zoll Tablet Tragetasche mit Griff und Schulterriemen f\u00fcr Fire HD 10 Kids\/Fire HD 10 Kids Pro 13.\/11. Gen 2023\/2021, Fire Max 11 2023, Gr\u00fcner Dinosaurier - Markt-XXL\" \/>\n<meta property=\"og:description\" content=\"Markt-XXL Dadanism Tablet Tasche f\u00fcr Kinder, 10-12,5 Zoll Tablet Tragetasche mit Griff und Schulterriemen f\u00fcr Fire HD 10 Kids\/Fire HD 10 Kids Pro 13.\/11. Gen 2023\/2021, Fire Max 11 2023, Gr\u00fcner Dinosaurier\" \/>\n<meta property=\"og:url\" content=\"https:\/\/marktxxl.de\/markt\/produkt\/dadanism-tablet-tasche-fuer-kinder-10-125-zoll-tablet-tragetasche-mit-griff-und-schulterriemen-fuer-fire-hd-10-kids-fire-hd-10-kids-pro-13-11-gen-2023-2021-fire-max-11-2023-gruener-dinosaurier\/\" \/>\n<meta property=\"og:site_name\" content=\"Markt-XXL\" \/>\n<meta name=\"twitter:card\" content=\"summary_large_image\" \/>\n<meta name=\"twitter:label1\" content=\"Gesch\u00e4tzte Lesezeit\" \/>\n\t<meta name=\"twitter:data1\" content=\"1\u00a0Minute\" \/>\n<script type=\"application\/ld+json\" class=\"yoast-schema-graph\">{\"@context\":\"https:\\\/\\\/schema.org\",\"@graph\":[{\"@type\":\"WebPage\",\"@id\":\"https:\\\/\\\/marktxxl.de\\\/markt\\\/produkt\\\/dadanism-tablet-tasche-fuer-kinder-10-125-zoll-tablet-tragetasche-mit-griff-und-schulterriemen-fuer-fire-hd-10-kids-fire-hd-10-kids-pro-13-11-gen-2023-2021-fire-max-11-2023-gruener-dinosaurier\\\/\",\"url\":\"https:\\\/\\\/marktxxl.de\\\/markt\\\/produkt\\\/dadanism-tablet-tasche-fuer-kinder-10-125-zoll-tablet-tragetasche-mit-griff-und-schulterriemen-fuer-fire-hd-10-kids-fire-hd-10-kids-pro-13-11-gen-2023-2021-fire-max-11-2023-gruener-dinosaurier\\\/\",\"name\":\"Dadanism Tablet Tasche f\u00fcr Kinder, 10-12,5 Zoll Tablet Tragetasche mit Griff und Schulterriemen f\u00fcr Fire HD 10 Kids\\\/Fire HD 10 Kids Pro 13.\\\/11. Gen 2023\\\/2021, Fire Max 11 2023, Gr\u00fcner Dinosaurier - Markt-XXL\",\"isPartOf\":{\"@id\":\"https:\\\/\\\/marktxxl.de\\\/markt\\\/#website\"},\"primaryImageOfPage\":{\"@id\":\"https:\\\/\\\/marktxxl.de\\\/markt\\\/produkt\\\/dadanism-tablet-tasche-fuer-kinder-10-125-zoll-tablet-tragetasche-mit-griff-und-schulterriemen-fuer-fire-hd-10-kids-fire-hd-10-kids-pro-13-11-gen-2023-2021-fire-max-11-2023-gruener-dinosaurier\\\/#primaryimage\"},\"image\":{\"@id\":\"https:\\\/\\\/marktxxl.de\\\/markt\\\/produkt\\\/dadanism-tablet-tasche-fuer-kinder-10-125-zoll-tablet-tragetasche-mit-griff-und-schulterriemen-fuer-fire-hd-10-kids-fire-hd-10-kids-pro-13-11-gen-2023-2021-fire-max-11-2023-gruener-dinosaurier\\\/#primaryimage\"},\"thumbnailUrl\":\"https:\\\/\\\/m.media-amazon.com\\\/images\\\/I\\\/414WkEXkACL._SL500_.jpg\",\"datePublished\":\"2024-07-28T16:37:52+00:00\",\"description\":\"Markt-XXL Dadanism Tablet Tasche f\u00fcr Kinder, 10-12,5 Zoll Tablet Tragetasche mit Griff und Schulterriemen f\u00fcr Fire HD 10 Kids\\\/Fire HD 10 Kids Pro 13.\\\/11. Gen 2023\\\/2021, Fire Max 11 2023, Gr\u00fcner Dinosaurier\",\"breadcrumb\":{\"@id\":\"https:\\\/\\\/marktxxl.de\\\/markt\\\/produkt\\\/dadanism-tablet-tasche-fuer-kinder-10-125-zoll-tablet-tragetasche-mit-griff-und-schulterriemen-fuer-fire-hd-10-kids-fire-hd-10-kids-pro-13-11-gen-2023-2021-fire-max-11-2023-gruener-dinosaurier\\\/#breadcrumb\"},\"inLanguage\":\"de\",\"potentialAction\":[{\"@type\":\"ReadAction\",\"target\":[\"https:\\\/\\\/marktxxl.de\\\/markt\\\/produkt\\\/dadanism-tablet-tasche-fuer-kinder-10-125-zoll-tablet-tragetasche-mit-griff-und-schulterriemen-fuer-fire-hd-10-kids-fire-hd-10-kids-pro-13-11-gen-2023-2021-fire-max-11-2023-gruener-dinosaurier\\\/\"]}]},{\"@type\":\"ImageObject\",\"inLanguage\":\"de\",\"@id\":\"https:\\\/\\\/marktxxl.de\\\/markt\\\/produkt\\\/dadanism-tablet-tasche-fuer-kinder-10-125-zoll-tablet-tragetasche-mit-griff-und-schulterriemen-fuer-fire-hd-10-kids-fire-hd-10-kids-pro-13-11-gen-2023-2021-fire-max-11-2023-gruener-dinosaurier\\\/#primaryimage\",\"url\":\"https:\\\/\\\/m.media-amazon.com\\\/images\\\/I\\\/414WkEXkACL._SL500_.jpg\",\"contentUrl\":\"https:\\\/\\\/m.media-amazon.com\\\/images\\\/I\\\/414WkEXkACL._SL500_.jpg\",\"width\":500,\"height\":500},{\"@type\":\"BreadcrumbList\",\"@id\":\"https:\\\/\\\/marktxxl.de\\\/markt\\\/produkt\\\/dadanism-tablet-tasche-fuer-kinder-10-125-zoll-tablet-tragetasche-mit-griff-und-schulterriemen-fuer-fire-hd-10-kids-fire-hd-10-kids-pro-13-11-gen-2023-2021-fire-max-11-2023-gruener-dinosaurier\\\/#breadcrumb\",\"itemListElement\":[{\"@type\":\"ListItem\",\"position\":1,\"name\":\"Startseite\",\"item\":\"https:\\\/\\\/marktxxl.de\\\/markt\\\/\"},{\"@type\":\"ListItem\",\"position\":2,\"name\":\"Markt\",\"item\":\"https:\\\/\\\/marktxxl.de\\\/markt\\\/\"},{\"@type\":\"ListItem\",\"position\":3,\"name\":\"Dadanism Tablet Tasche f\u00fcr Kinder, 10-12,5 Zoll Tablet Tragetasche mit Griff und Schulterriemen f\u00fcr Fire HD 10 Kids\\\/Fire HD 10 Kids Pro 13.\\\/11. Gen 2023\\\/2021, Fire Max 11 2023, Gr\u00fcner Dinosaurier\"}]},{\"@type\":\"WebSite\",\"@id\":\"https:\\\/\\\/marktxxl.de\\\/markt\\\/#website\",\"url\":\"https:\\\/\\\/marktxxl.de\\\/markt\\\/\",\"name\":\"Markt-XXL\",\"description\":\"Ihr Markt Online\",\"publisher\":{\"@id\":\"https:\\\/\\\/marktxxl.de\\\/markt\\\/#organization\"},\"potentialAction\":[{\"@type\":\"SearchAction\",\"target\":{\"@type\":\"EntryPoint\",\"urlTemplate\":\"https:\\\/\\\/marktxxl.de\\\/markt\\\/?s={search_term_string}\"},\"query-input\":{\"@type\":\"PropertyValueSpecification\",\"valueRequired\":true,\"valueName\":\"search_term_string\"}}],\"inLanguage\":\"de\"},{\"@type\":\"Organization\",\"@id\":\"https:\\\/\\\/marktxxl.de\\\/markt\\\/#organization\",\"name\":\"Markt-XXL\",\"url\":\"https:\\\/\\\/marktxxl.de\\\/markt\\\/\",\"logo\":{\"@type\":\"ImageObject\",\"inLanguage\":\"de\",\"@id\":\"https:\\\/\\\/marktxxl.de\\\/markt\\\/#\\\/schema\\\/logo\\\/image\\\/\",\"url\":\"https:\\\/\\\/marktxxl.de\\\/markt\\\/wp-content\\\/uploads\\\/sites\\\/3\\\/2020\\\/12\\\/logo.png\",\"contentUrl\":\"https:\\\/\\\/marktxxl.de\\\/markt\\\/wp-content\\\/uploads\\\/sites\\\/3\\\/2020\\\/12\\\/logo.png\",\"width\":200,\"height\":70,\"caption\":\"Markt-XXL\"},\"image\":{\"@id\":\"https:\\\/\\\/marktxxl.de\\\/markt\\\/#\\\/schema\\\/logo\\\/image\\\/\"}}]}<\/script>\n<!-- \/ Yoast SEO plugin. -->","yoast_head_json":{"title":"Dadanism Tablet Tasche f\u00fcr Kinder, 10-12,5 Zoll Tablet Tragetasche mit Griff und Schulterriemen f\u00fcr Fire HD 10 Kids\/Fire HD 10 Kids Pro 13.\/11. Gen 2023\/2021, Fire Max 11 2023, Gr\u00fcner Dinosaurier - Markt-XXL","description":"Markt-XXL Dadanism Tablet Tasche f\u00fcr Kinder, 10-12,5 Zoll Tablet Tragetasche mit Griff und Schulterriemen f\u00fcr Fire HD 10 Kids\/Fire HD 10 Kids Pro 13.\/11. Gen 2023\/2021, Fire Max 11 2023, Gr\u00fcner Dinosaurier","robots":{"index":"index","follow":"follow","max-snippet":"max-snippet:-1","max-image-preview":"max-image-preview:large","max-video-preview":"max-video-preview:-1"},"canonical":"https:\/\/marktxxl.de\/markt\/produkt\/dadanism-tablet-tasche-fuer-kinder-10-125-zoll-tablet-tragetasche-mit-griff-und-schulterriemen-fuer-fire-hd-10-kids-fire-hd-10-kids-pro-13-11-gen-2023-2021-fire-max-11-2023-gruener-dinosaurier\/","og_locale":"de_DE","og_type":"article","og_title":"Dadanism Tablet Tasche f\u00fcr Kinder, 10-12,5 Zoll Tablet Tragetasche mit Griff und Schulterriemen f\u00fcr Fire HD 10 Kids\/Fire HD 10 Kids Pro 13.\/11. Gen 2023\/2021, Fire Max 11 2023, Gr\u00fcner Dinosaurier - Markt-XXL","og_description":"Markt-XXL Dadanism Tablet Tasche f\u00fcr Kinder, 10-12,5 Zoll Tablet Tragetasche mit Griff und Schulterriemen f\u00fcr Fire HD 10 Kids\/Fire HD 10 Kids Pro 13.\/11. Gen 2023\/2021, Fire Max 11 2023, Gr\u00fcner Dinosaurier","og_url":"https:\/\/marktxxl.de\/markt\/produkt\/dadanism-tablet-tasche-fuer-kinder-10-125-zoll-tablet-tragetasche-mit-griff-und-schulterriemen-fuer-fire-hd-10-kids-fire-hd-10-kids-pro-13-11-gen-2023-2021-fire-max-11-2023-gruener-dinosaurier\/","og_site_name":"Markt-XXL","twitter_card":"summary_large_image","twitter_misc":{"Gesch\u00e4tzte Lesezeit":"1\u00a0Minute"},"schema":{"@context":"https:\/\/schema.org","@graph":[{"@type":"WebPage","@id":"https:\/\/marktxxl.de\/markt\/produkt\/dadanism-tablet-tasche-fuer-kinder-10-125-zoll-tablet-tragetasche-mit-griff-und-schulterriemen-fuer-fire-hd-10-kids-fire-hd-10-kids-pro-13-11-gen-2023-2021-fire-max-11-2023-gruener-dinosaurier\/","url":"https:\/\/marktxxl.de\/markt\/produkt\/dadanism-tablet-tasche-fuer-kinder-10-125-zoll-tablet-tragetasche-mit-griff-und-schulterriemen-fuer-fire-hd-10-kids-fire-hd-10-kids-pro-13-11-gen-2023-2021-fire-max-11-2023-gruener-dinosaurier\/","name":"Dadanism Tablet Tasche f\u00fcr Kinder, 10-12,5 Zoll Tablet Tragetasche mit Griff und Schulterriemen f\u00fcr Fire HD 10 Kids\/Fire HD 10 Kids Pro 13.\/11. Gen 2023\/2021, Fire Max 11 2023, Gr\u00fcner Dinosaurier - Markt-XXL","isPartOf":{"@id":"https:\/\/marktxxl.de\/markt\/#website"},"primaryImageOfPage":{"@id":"https:\/\/marktxxl.de\/markt\/produkt\/dadanism-tablet-tasche-fuer-kinder-10-125-zoll-tablet-tragetasche-mit-griff-und-schulterriemen-fuer-fire-hd-10-kids-fire-hd-10-kids-pro-13-11-gen-2023-2021-fire-max-11-2023-gruener-dinosaurier\/#primaryimage"},"image":{"@id":"https:\/\/marktxxl.de\/markt\/produkt\/dadanism-tablet-tasche-fuer-kinder-10-125-zoll-tablet-tragetasche-mit-griff-und-schulterriemen-fuer-fire-hd-10-kids-fire-hd-10-kids-pro-13-11-gen-2023-2021-fire-max-11-2023-gruener-dinosaurier\/#primaryimage"},"thumbnailUrl":"https:\/\/m.media-amazon.com\/images\/I\/414WkEXkACL._SL500_.jpg","datePublished":"2024-07-28T16:37:52+00:00","description":"Markt-XXL Dadanism Tablet Tasche f\u00fcr Kinder, 10-12,5 Zoll Tablet Tragetasche mit Griff und Schulterriemen f\u00fcr Fire HD 10 Kids\/Fire HD 10 Kids Pro 13.\/11. Gen 2023\/2021, Fire Max 11 2023, Gr\u00fcner Dinosaurier","breadcrumb":{"@id":"https:\/\/marktxxl.de\/markt\/produkt\/dadanism-tablet-tasche-fuer-kinder-10-125-zoll-tablet-tragetasche-mit-griff-und-schulterriemen-fuer-fire-hd-10-kids-fire-hd-10-kids-pro-13-11-gen-2023-2021-fire-max-11-2023-gruener-dinosaurier\/#breadcrumb"},"inLanguage":"de","potentialAction":[{"@type":"ReadAction","target":["https:\/\/marktxxl.de\/markt\/produkt\/dadanism-tablet-tasche-fuer-kinder-10-125-zoll-tablet-tragetasche-mit-griff-und-schulterriemen-fuer-fire-hd-10-kids-fire-hd-10-kids-pro-13-11-gen-2023-2021-fire-max-11-2023-gruener-dinosaurier\/"]}]},{"@type":"ImageObject","inLanguage":"de","@id":"https:\/\/marktxxl.de\/markt\/produkt\/dadanism-tablet-tasche-fuer-kinder-10-125-zoll-tablet-tragetasche-mit-griff-und-schulterriemen-fuer-fire-hd-10-kids-fire-hd-10-kids-pro-13-11-gen-2023-2021-fire-max-11-2023-gruener-dinosaurier\/#primaryimage","url":"https:\/\/m.media-amazon.com\/images\/I\/414WkEXkACL._SL500_.jpg","contentUrl":"https:\/\/m.media-amazon.com\/images\/I\/414WkEXkACL._SL500_.jpg","width":500,"height":500},{"@type":"BreadcrumbList","@id":"https:\/\/marktxxl.de\/markt\/produkt\/dadanism-tablet-tasche-fuer-kinder-10-125-zoll-tablet-tragetasche-mit-griff-und-schulterriemen-fuer-fire-hd-10-kids-fire-hd-10-kids-pro-13-11-gen-2023-2021-fire-max-11-2023-gruener-dinosaurier\/#breadcrumb","itemListElement":[{"@type":"ListItem","position":1,"name":"Startseite","item":"https:\/\/marktxxl.de\/markt\/"},{"@type":"ListItem","position":2,"name":"Markt","item":"https:\/\/marktxxl.de\/markt\/"},{"@type":"ListItem","position":3,"name":"Dadanism Tablet Tasche f\u00fcr Kinder, 10-12,5 Zoll Tablet Tragetasche mit Griff und Schulterriemen f\u00fcr Fire HD 10 Kids\/Fire HD 10 Kids Pro 13.\/11. Gen 2023\/2021, Fire Max 11 2023, Gr\u00fcner Dinosaurier"}]},{"@type":"WebSite","@id":"https:\/\/marktxxl.de\/markt\/#website","url":"https:\/\/marktxxl.de\/markt\/","name":"Markt-XXL","description":"Ihr Markt Online","publisher":{"@id":"https:\/\/marktxxl.de\/markt\/#organization"},"potentialAction":[{"@type":"SearchAction","target":{"@type":"EntryPoint","urlTemplate":"https:\/\/marktxxl.de\/markt\/?s={search_term_string}"},"query-input":{"@type":"PropertyValueSpecification","valueRequired":true,"valueName":"search_term_string"}}],"inLanguage":"de"},{"@type":"Organization","@id":"https:\/\/marktxxl.de\/markt\/#organization","name":"Markt-XXL","url":"https:\/\/marktxxl.de\/markt\/","logo":{"@type":"ImageObject","inLanguage":"de","@id":"https:\/\/marktxxl.de\/markt\/#\/schema\/logo\/image\/","url":"https:\/\/marktxxl.de\/markt\/wp-content\/uploads\/sites\/3\/2020\/12\/logo.png","contentUrl":"https:\/\/marktxxl.de\/markt\/wp-content\/uploads\/sites\/3\/2020\/12\/logo.png","width":200,"height":70,"caption":"Markt-XXL"},"image":{"@id":"https:\/\/marktxxl.de\/markt\/#\/schema\/logo\/image\/"}}]}},"_links":{"self":[{"href":"https:\/\/marktxxl.de\/markt\/wp-json\/wp\/v2\/product\/224281","targetHints":{"allow":["GET"]}}],"collection":[{"href":"https:\/\/marktxxl.de\/markt\/wp-json\/wp\/v2\/product"}],"about":[{"href":"https:\/\/marktxxl.de\/markt\/wp-json\/wp\/v2\/types\/product"}],"replies":[{"embeddable":true,"href":"https:\/\/marktxxl.de\/markt\/wp-json\/wp\/v2\/comments?post=224281"}],"wp:featuredmedia":[{"embeddable":true,"href":"https:\/\/marktxxl.de\/markt\/wp-json\/wp\/v2\/media\/224282"}],"wp:attachment":[{"href":"https:\/\/marktxxl.de\/markt\/wp-json\/wp\/v2\/media?parent=224281"}],"wp:term":[{"taxonomy":"product_brand","embeddable":true,"href":"https:\/\/marktxxl.de\/markt\/wp-json\/wp\/v2\/product_brand?post=224281"},{"taxonomy":"product_cat","embeddable":true,"href":"https:\/\/marktxxl.de\/markt\/wp-json\/wp\/v2\/product_cat?post=224281"},{"taxonomy":"product_tag","embeddable":true,"href":"https:\/\/marktxxl.de\/markt\/wp-json\/wp\/v2\/product_tag?post=224281"}],"curies":[{"name":"wp","href":"https:\/\/api.w.org\/{rel}","templated":true}]}}