{"id":224274,"date":"2024-07-28T18:37:46","date_gmt":"2024-07-28T16:37:46","guid":{"rendered":"https:\/\/marktxxl.de\/markt\/produkt\/2024-neueste-tablet-android-14-tablet-10-zoll-4g-lte-5ghz-wifi-tablet-pc-14gb-ram-128gb-rom1tb-tf-tablets-octa-core-fhd-1920x1200-incell-ips-8000mah13mp8mp-gms-gps-tuev-face-id-grau\/"},"modified":"2024-07-28T18:37:46","modified_gmt":"2024-07-28T16:37:46","slug":"2024-neueste-tablet-android-14-tablet-10-zoll-4g-lte-5ghz-wifi-tablet-pc-14gb-ram-128gb-rom1tb-tf-tablets-octa-core-fhd-1920x1200-incell-ips-8000mah13mp8mp-gms-gps-tuev-face-id-grau","status":"publish","type":"product","link":"https:\/\/marktxxl.de\/markt\/produkt\/2024-neueste-tablet-android-14-tablet-10-zoll-4g-lte-5ghz-wifi-tablet-pc-14gb-ram-128gb-rom1tb-tf-tablets-octa-core-fhd-1920x1200-incell-ips-8000mah13mp8mp-gms-gps-tuev-face-id-grau\/","title":{"rendered":"2024 Neueste Tablet Android 14, Tablet 10 Zoll, 4G LTE 5GHz WiFi Tablet PC, 14GB RAM+ 128GB ROM(1TB TF), Tablets Octa-Core FHD 1920&#215;1200 Incell IPS, 8000mAh,13MP+8MP, GMS, GPS, T\u00dcV, Face ID, Grau"},"content":{"rendered":"<p>\ud83d\udcf1\ud83d\udcf1\u30102024 Neueste Android 14 Tablet &amp; 2.5D OGS Incell Display\u3011ANTEMPER Tablet PC ist mit Android 14, optimiert die Kontrolle \u00fcber Anwendungslizenzen und bietet Ihnen noch mehr Kontrolle \u00fcber Ihre Privatsph\u00e4re und Ihre Daten. eine sch\u00f6nere Oberfl\u00e4che und ein fl\u00fcssigeres Lauferlebnis bietet. Das Tablet verf\u00fcgt \u00fcber ein leichtes Metallgeh\u00e4use mit einem schlanken Korpus. Vollst\u00e4ndig laminierter 2.5D-Incell Touchscreen, nur 7mm dick, sehr leicht zu bekommen und die Struktur ist st\u00e4rker und d\u00fcnner.<br \/>\n\ud83d\udcbe\ud83d\udcbe\u3010Octa-Core Tablets &amp; 14GB RAM(8+6) +128GB ROM+1TB Expansion\u3011Das ANTEMPER Tab D106B tablet ist mit einem UNISOC T606 Octa-Core-Hochgeschwindigkeits-chip ausgestattet, der den A75-Architekturkern verwendet Die h\u00f6chste Frequenz ist mit 1,6 GHz kompatibel. Leistungsstark und einfach zu bedienen f\u00fcr den Alltag. 6GB RAM+8GB Virtual Memory und 128GB ROM. Mit dem Micro-SD-Kartenslot kann der Speicher auf bis zu 1TB erweitert werden. Laden Sie ganz einfach Ihre Lieblingsmusik, Videospiele und mehr.<br \/>\n\ud83d\udcde\ud83d\udcf6\u3010Dual 4G LTE SIM &amp; Dual-Band 5G\/2.4G\/ WiFi\u3011Das Tablet 10 Zoll unterst\u00fctzt Dual-SIM-Slots und der Unterst\u00fctzung von 4G TD-LTE- und FDD-LTE-Netzwerken. Unterst\u00fctzt gleichzeitige Anrufe und das VoLTE-Netzwerk. Und 5G\/2.4G Dualband Highspeed WLAN, bietet ein Online Erlebnis mit weniger drahtlosen Interferenzen. Surfen Sie im Internet und f\u00fchren Sie jederzeit und \u00fcberall Videoanrufe mit Ihrer Familie.<br \/>\n\ud83d\udcfa\ud83d\udcfa\u301010,1Zoll HD Bildschirm &amp; T\u00dcV S\u00dcD Zertifizierung\u3011ANTEMPER Tab D106B Tablet Android 14 verwendet ein 10,1 Zoll FHD-Display. das eine Aufl\u00f6sung von 1920 x 1200 Pixeln bietet und klare Bild- und Textdarstellungen erm\u00f6glicht. Gleichzeitig ist dieses Tablet vom T\u00dcV S\u00dcD f\u00fcr geringes blaues Licht zertifiziert und unterst\u00fctzt die Wiedergabe von 1080P HD-Videos zum besseren Schutz der Augen. Jedes Detail ist klar und lebensecht. Es gibt auch Unterst\u00fctzung f\u00fcr die Split-Screen-Funktion.<br \/>\n\ud83d\udcf7\ud83d\udcf7\u301013MP+ 8MP Dual Kamera\u3011Das ANTEMPER D106B Tablet ist mit einer 13MP Autofokus-R\u00fcckkamera und einer 8MP Frontkamera ausgestattet, ideal f\u00fcr Videokonferenzen und Selfies. Sie k\u00f6nnen satte Farben und pr\u00e4zise Details einfangen und mit verschiedenen Aufnahmemodi und Filtern f\u00fcr mehr Kreativit\u00e4t sorgen! Perfekt f\u00fcr den t\u00e4glichen Gebrauch, Arbeit und Freizeit.<br \/>\n\ud83d\udd0b\ud83d\udd0b\u30108000mAh Akku mit gro\u00dfer Kapazit\u00e4t\u3011Das Tablet verf\u00fcgt \u00fcber einen 8000mAh-Akku erm\u00f6glicht es Ihnen, 1080P Filme online f\u00fcr bis zu 4-6 Stunden bei Standard-Helligkeit zu sehen. Der USB-C-Ladeanschluss unterscheidet nicht zwischen Vorder- und R\u00fcckseite. Und der USB-C-Anschluss unterst\u00fctzt Audio- und Daten\u00fcbertragungen. Dank der herausragenden Leistung und der langen Akkulaufzeit k\u00f6nnen Sie gleichzeitig arbeiten und spielen, sich schnell erholen und sich neuen Herausforderungen stellen.<br \/>\n\ud83d\udd0a\ud83e\udded\u30102 Lautsprecher &amp; GPS + Bluetooth5.0\u3011Das D106B Tablets mit Verbessern Sie Ihr Audioerlebnis mit Hi-Res Audio und zwei Smart PA-Lautsprechern und liefern Sie satten, beeindruckenden Sound f\u00fcr ein audiovisuelles Erlebnis wie im Kino. Au\u00dferdem bietet es dank der Unterst\u00fctzung von GPS\/BeiDou\/Glonass\/Galileo eine pr\u00e4zise Positionsbestimmung. Eingebaute Bluetooth 5.0-F\u00e4higkeit f\u00fcr nahtlose Konnektivit\u00e4t mit Tastaturen, M\u00e4usen, Headsets und anderen Bluetooth-Ger\u00e4ten.<br \/>\n\ud83d\udc8c\ud83d\udcaf\u3010Sorgenfreier Kundendienst\u3011Der ANTEMPER D106B Tablet-PCs ist leicht, kompakt und tragbar &#8211; perfekt f\u00fcr Ihre Outdoor-Abenteuer. Wir bieten 2 Jahre R\u00fcckgabe- und Umtauschservice (nicht-menschliche Schadensfaktoren), wenn Sie irgendwelche Probleme w\u00e4hrend der Verwendung des Tablets haben, z\u00f6gern Sie bitte nicht, uns \u00fcber die Amazon-Bestellseite zu kontaktieren, wir ANTEMPER hat ein professionelles technisches Kundendienstteam, wir werden Ihre Fragen innerhalb von 24 Stunden beantworten.<br \/>\n<div class=\"main-cross-sell\" data-asin=\"B0D47FN3VM\">\n\n\t<div class=\"WooZone-cross-sell-loader\">\n\t\t<div>\n\t\t\t<div id=\"floatingBarsG\">\n\t\t\t\t<div class=\"blockG\" id=\"rotateG_01\"><\/div>\n\t\t\t\t<div class=\"blockG\" id=\"rotateG_02\"><\/div>\n\t\t\t\t<div class=\"blockG\" id=\"rotateG_03\"><\/div>\n\t\t\t\t<div class=\"blockG\" id=\"rotateG_04\"><\/div>\n\t\t\t\t<div class=\"blockG\" id=\"rotateG_05\"><\/div>\n\t\t\t\t<div class=\"blockG\" id=\"rotateG_06\"><\/div>\n\t\t\t\t<div class=\"blockG\" id=\"rotateG_07\"><\/div>\n\t\t\t\t<div class=\"blockG\" id=\"rotateG_08\"><\/div>\n\t\t\t<\/div>\n\t\t\t<div class=\"WooZone-cross-sell-loader-text\"><\/div>\n\t\t<\/div>\n\t<\/div>\n\n\t\t\n<\/div>\n<div style=\"clear:both;\"><\/div><\/p>\n","protected":false},"excerpt":{"rendered":"<p>\ud83d\udcf1\ud83d\udcf1\u30102024 Neueste Android 14 Tablet &amp; 2.5D OGS Incell Display\u3011ANTEMPER Tablet PC ist mit Android 14, optimiert die Kontrolle \u00fcber Anwendungslizenzen und bietet Ihnen noch mehr Kontrolle \u00fcber Ihre Privatsph\u00e4re und Ihre Daten. eine sch\u00f6nere Oberfl\u00e4che und ein fl\u00fcssigeres Lauferlebnis bietet. Das Tablet verf\u00fcgt \u00fcber ein leichtes Metallgeh\u00e4use mit einem schlanken Korpus. Vollst\u00e4ndig laminierter 2.5D-Incell Touchscreen, nur 7mm dick, sehr leicht zu bekommen und die Struktur ist st\u00e4rker und d\u00fcnner.<br \/>\n\ud83d\udcbe\ud83d\udcbe\u3010Octa-Core Tablets &amp; 14GB RAM(8+6) +128GB ROM+1TB Expansion\u3011Das ANTEMPER Tab D106B tablet ist mit einem UNISOC T606 Octa-Core-Hochgeschwindigkeits-chip ausgestattet, der den A75-Architekturkern verwendet Die h\u00f6chste Frequenz ist mit 1,6 GHz kompatibel. Leistungsstark und einfach zu bedienen f\u00fcr den Alltag. 6GB RAM+8GB Virtual Memory und 128GB ROM. Mit dem Micro-SD-Kartenslot kann der Speicher auf bis zu 1TB erweitert werden. Laden Sie ganz einfach Ihre Lieblingsmusik, Videospiele und mehr.<br \/>\n\ud83d\udcde\ud83d\udcf6\u3010Dual 4G LTE SIM &amp; Dual-Band 5G\/2.4G\/ WiFi\u3011Das Tablet 10 Zoll unterst\u00fctzt Dual-SIM-Slots und der Unterst\u00fctzung von 4G TD-LTE- und FDD-LTE-Netzwerken. Unterst\u00fctzt gleichzeitige Anrufe und das VoLTE-Netzwerk. Und 5G\/2.4G Dualband Highspeed WLAN, bietet ein Online Erlebnis mit weniger drahtlosen Interferenzen. Surfen Sie im Internet und f\u00fchren Sie jederzeit und \u00fcberall Videoanrufe mit Ihrer Familie.<\/p>\n","protected":false},"featured_media":224275,"comment_status":"open","ping_status":"closed","template":"","meta":[],"product_brand":[],"product_cat":[863],"product_tag":[],"class_list":{"0":"post-224274","1":"product","2":"type-product","3":"status-publish","4":"has-post-thumbnail","6":"product_cat-computer-zubehoer","7":"pa_brand-antemper","8":"pa_color-grau","9":"pa_height-0-2755905509-zoll","10":"pa_languages-menue-mehrere-sprachen","11":"pa_length-9-448818888-zoll","12":"pa_manufacturer-antemper","13":"pa_warranty-2-jahre","14":"pa_weight-0-001212542441-pounds","15":"pa_width-6-2598425133-zoll","17":"first","18":"instock","19":"shipping-taxable","20":"purchasable","21":"product-type-simple","22":"customify-col","23":"product-has-gallery"},"yoast_head":"<!-- This site is optimized with the Yoast SEO plugin v27.3 - https:\/\/yoast.com\/product\/yoast-seo-wordpress\/ -->\n<title>2024 Neueste Tablet Android 14, Tablet 10 Zoll, 4G LTE 5GHz WiFi Tablet PC, 14GB RAM+ 128GB ROM(1TB TF), Tablets Octa-Core FHD 1920x1200 Incell IPS, 8000mAh,13MP+8MP, GMS, GPS, T\u00dcV, Face ID, Grau - Markt-XXL<\/title>\n<meta name=\"description\" content=\"Markt-XXL 2024 Neueste Tablet Android 14, Tablet 10 Zoll, 4G LTE 5GHz WiFi Tablet PC, 14GB RAM+ 128GB ROM(1TB TF), Tablets Octa-Core FHD 1920x1200 Incell IPS, 8000mAh,13MP+8MP, GMS, GPS, T\u00dcV, Face ID, Grau\" \/>\n<meta name=\"robots\" content=\"index, follow, max-snippet:-1, max-image-preview:large, max-video-preview:-1\" \/>\n<link rel=\"canonical\" href=\"https:\/\/marktxxl.de\/markt\/produkt\/2024-neueste-tablet-android-14-tablet-10-zoll-4g-lte-5ghz-wifi-tablet-pc-14gb-ram-128gb-rom1tb-tf-tablets-octa-core-fhd-1920x1200-incell-ips-8000mah13mp8mp-gms-gps-tuev-face-id-grau\/\" \/>\n<meta property=\"og:locale\" content=\"de_DE\" \/>\n<meta property=\"og:type\" content=\"article\" \/>\n<meta property=\"og:title\" content=\"2024 Neueste Tablet Android 14, Tablet 10 Zoll, 4G LTE 5GHz WiFi Tablet PC, 14GB RAM+ 128GB ROM(1TB TF), Tablets Octa-Core FHD 1920x1200 Incell IPS, 8000mAh,13MP+8MP, GMS, GPS, T\u00dcV, Face ID, Grau - Markt-XXL\" \/>\n<meta property=\"og:description\" content=\"Markt-XXL 2024 Neueste Tablet Android 14, Tablet 10 Zoll, 4G LTE 5GHz WiFi Tablet PC, 14GB RAM+ 128GB ROM(1TB TF), Tablets Octa-Core FHD 1920x1200 Incell IPS, 8000mAh,13MP+8MP, GMS, GPS, T\u00dcV, Face ID, Grau\" \/>\n<meta property=\"og:url\" content=\"https:\/\/marktxxl.de\/markt\/produkt\/2024-neueste-tablet-android-14-tablet-10-zoll-4g-lte-5ghz-wifi-tablet-pc-14gb-ram-128gb-rom1tb-tf-tablets-octa-core-fhd-1920x1200-incell-ips-8000mah13mp8mp-gms-gps-tuev-face-id-grau\/\" \/>\n<meta property=\"og:site_name\" content=\"Markt-XXL\" \/>\n<meta name=\"twitter:card\" content=\"summary_large_image\" \/>\n<meta name=\"twitter:label1\" content=\"Gesch\u00e4tzte Lesezeit\" \/>\n\t<meta name=\"twitter:data1\" content=\"3\u00a0Minuten\" \/>\n<script type=\"application\/ld+json\" class=\"yoast-schema-graph\">{\"@context\":\"https:\\\/\\\/schema.org\",\"@graph\":[{\"@type\":\"WebPage\",\"@id\":\"https:\\\/\\\/marktxxl.de\\\/markt\\\/produkt\\\/2024-neueste-tablet-android-14-tablet-10-zoll-4g-lte-5ghz-wifi-tablet-pc-14gb-ram-128gb-rom1tb-tf-tablets-octa-core-fhd-1920x1200-incell-ips-8000mah13mp8mp-gms-gps-tuev-face-id-grau\\\/\",\"url\":\"https:\\\/\\\/marktxxl.de\\\/markt\\\/produkt\\\/2024-neueste-tablet-android-14-tablet-10-zoll-4g-lte-5ghz-wifi-tablet-pc-14gb-ram-128gb-rom1tb-tf-tablets-octa-core-fhd-1920x1200-incell-ips-8000mah13mp8mp-gms-gps-tuev-face-id-grau\\\/\",\"name\":\"2024 Neueste Tablet Android 14, Tablet 10 Zoll, 4G LTE 5GHz WiFi Tablet PC, 14GB RAM+ 128GB ROM(1TB TF), Tablets Octa-Core FHD 1920x1200 Incell IPS, 8000mAh,13MP+8MP, GMS, GPS, T\u00dcV, Face ID, Grau - Markt-XXL\",\"isPartOf\":{\"@id\":\"https:\\\/\\\/marktxxl.de\\\/markt\\\/#website\"},\"primaryImageOfPage\":{\"@id\":\"https:\\\/\\\/marktxxl.de\\\/markt\\\/produkt\\\/2024-neueste-tablet-android-14-tablet-10-zoll-4g-lte-5ghz-wifi-tablet-pc-14gb-ram-128gb-rom1tb-tf-tablets-octa-core-fhd-1920x1200-incell-ips-8000mah13mp8mp-gms-gps-tuev-face-id-grau\\\/#primaryimage\"},\"image\":{\"@id\":\"https:\\\/\\\/marktxxl.de\\\/markt\\\/produkt\\\/2024-neueste-tablet-android-14-tablet-10-zoll-4g-lte-5ghz-wifi-tablet-pc-14gb-ram-128gb-rom1tb-tf-tablets-octa-core-fhd-1920x1200-incell-ips-8000mah13mp8mp-gms-gps-tuev-face-id-grau\\\/#primaryimage\"},\"thumbnailUrl\":\"https:\\\/\\\/m.media-amazon.com\\\/images\\\/I\\\/411MY94Ba5L._SL500_.jpg\",\"datePublished\":\"2024-07-28T16:37:46+00:00\",\"description\":\"Markt-XXL 2024 Neueste Tablet Android 14, Tablet 10 Zoll, 4G LTE 5GHz WiFi Tablet PC, 14GB RAM+ 128GB ROM(1TB TF), Tablets Octa-Core FHD 1920x1200 Incell IPS, 8000mAh,13MP+8MP, GMS, GPS, T\u00dcV, Face ID, Grau\",\"breadcrumb\":{\"@id\":\"https:\\\/\\\/marktxxl.de\\\/markt\\\/produkt\\\/2024-neueste-tablet-android-14-tablet-10-zoll-4g-lte-5ghz-wifi-tablet-pc-14gb-ram-128gb-rom1tb-tf-tablets-octa-core-fhd-1920x1200-incell-ips-8000mah13mp8mp-gms-gps-tuev-face-id-grau\\\/#breadcrumb\"},\"inLanguage\":\"de\",\"potentialAction\":[{\"@type\":\"ReadAction\",\"target\":[\"https:\\\/\\\/marktxxl.de\\\/markt\\\/produkt\\\/2024-neueste-tablet-android-14-tablet-10-zoll-4g-lte-5ghz-wifi-tablet-pc-14gb-ram-128gb-rom1tb-tf-tablets-octa-core-fhd-1920x1200-incell-ips-8000mah13mp8mp-gms-gps-tuev-face-id-grau\\\/\"]}]},{\"@type\":\"ImageObject\",\"inLanguage\":\"de\",\"@id\":\"https:\\\/\\\/marktxxl.de\\\/markt\\\/produkt\\\/2024-neueste-tablet-android-14-tablet-10-zoll-4g-lte-5ghz-wifi-tablet-pc-14gb-ram-128gb-rom1tb-tf-tablets-octa-core-fhd-1920x1200-incell-ips-8000mah13mp8mp-gms-gps-tuev-face-id-grau\\\/#primaryimage\",\"url\":\"https:\\\/\\\/m.media-amazon.com\\\/images\\\/I\\\/411MY94Ba5L._SL500_.jpg\",\"contentUrl\":\"https:\\\/\\\/m.media-amazon.com\\\/images\\\/I\\\/411MY94Ba5L._SL500_.jpg\",\"width\":500,\"height\":500},{\"@type\":\"BreadcrumbList\",\"@id\":\"https:\\\/\\\/marktxxl.de\\\/markt\\\/produkt\\\/2024-neueste-tablet-android-14-tablet-10-zoll-4g-lte-5ghz-wifi-tablet-pc-14gb-ram-128gb-rom1tb-tf-tablets-octa-core-fhd-1920x1200-incell-ips-8000mah13mp8mp-gms-gps-tuev-face-id-grau\\\/#breadcrumb\",\"itemListElement\":[{\"@type\":\"ListItem\",\"position\":1,\"name\":\"Startseite\",\"item\":\"https:\\\/\\\/marktxxl.de\\\/markt\\\/\"},{\"@type\":\"ListItem\",\"position\":2,\"name\":\"Markt\",\"item\":\"https:\\\/\\\/marktxxl.de\\\/markt\\\/\"},{\"@type\":\"ListItem\",\"position\":3,\"name\":\"2024 Neueste Tablet Android 14, Tablet 10 Zoll, 4G LTE 5GHz WiFi Tablet PC, 14GB RAM+ 128GB ROM(1TB TF), Tablets Octa-Core FHD 1920&#215;1200 Incell IPS, 8000mAh,13MP+8MP, GMS, GPS, T\u00dcV, Face ID, Grau\"}]},{\"@type\":\"WebSite\",\"@id\":\"https:\\\/\\\/marktxxl.de\\\/markt\\\/#website\",\"url\":\"https:\\\/\\\/marktxxl.de\\\/markt\\\/\",\"name\":\"Markt-XXL\",\"description\":\"Ihr Markt Online\",\"publisher\":{\"@id\":\"https:\\\/\\\/marktxxl.de\\\/markt\\\/#organization\"},\"potentialAction\":[{\"@type\":\"SearchAction\",\"target\":{\"@type\":\"EntryPoint\",\"urlTemplate\":\"https:\\\/\\\/marktxxl.de\\\/markt\\\/?s={search_term_string}\"},\"query-input\":{\"@type\":\"PropertyValueSpecification\",\"valueRequired\":true,\"valueName\":\"search_term_string\"}}],\"inLanguage\":\"de\"},{\"@type\":\"Organization\",\"@id\":\"https:\\\/\\\/marktxxl.de\\\/markt\\\/#organization\",\"name\":\"Markt-XXL\",\"url\":\"https:\\\/\\\/marktxxl.de\\\/markt\\\/\",\"logo\":{\"@type\":\"ImageObject\",\"inLanguage\":\"de\",\"@id\":\"https:\\\/\\\/marktxxl.de\\\/markt\\\/#\\\/schema\\\/logo\\\/image\\\/\",\"url\":\"https:\\\/\\\/marktxxl.de\\\/markt\\\/wp-content\\\/uploads\\\/sites\\\/3\\\/2020\\\/12\\\/logo.png\",\"contentUrl\":\"https:\\\/\\\/marktxxl.de\\\/markt\\\/wp-content\\\/uploads\\\/sites\\\/3\\\/2020\\\/12\\\/logo.png\",\"width\":200,\"height\":70,\"caption\":\"Markt-XXL\"},\"image\":{\"@id\":\"https:\\\/\\\/marktxxl.de\\\/markt\\\/#\\\/schema\\\/logo\\\/image\\\/\"}}]}<\/script>\n<!-- \/ Yoast SEO plugin. -->","yoast_head_json":{"title":"2024 Neueste Tablet Android 14, Tablet 10 Zoll, 4G LTE 5GHz WiFi Tablet PC, 14GB RAM+ 128GB ROM(1TB TF), Tablets Octa-Core FHD 1920x1200 Incell IPS, 8000mAh,13MP+8MP, GMS, GPS, T\u00dcV, Face ID, Grau - Markt-XXL","description":"Markt-XXL 2024 Neueste Tablet Android 14, Tablet 10 Zoll, 4G LTE 5GHz WiFi Tablet PC, 14GB RAM+ 128GB ROM(1TB TF), Tablets Octa-Core FHD 1920x1200 Incell IPS, 8000mAh,13MP+8MP, GMS, GPS, T\u00dcV, Face ID, Grau","robots":{"index":"index","follow":"follow","max-snippet":"max-snippet:-1","max-image-preview":"max-image-preview:large","max-video-preview":"max-video-preview:-1"},"canonical":"https:\/\/marktxxl.de\/markt\/produkt\/2024-neueste-tablet-android-14-tablet-10-zoll-4g-lte-5ghz-wifi-tablet-pc-14gb-ram-128gb-rom1tb-tf-tablets-octa-core-fhd-1920x1200-incell-ips-8000mah13mp8mp-gms-gps-tuev-face-id-grau\/","og_locale":"de_DE","og_type":"article","og_title":"2024 Neueste Tablet Android 14, Tablet 10 Zoll, 4G LTE 5GHz WiFi Tablet PC, 14GB RAM+ 128GB ROM(1TB TF), Tablets Octa-Core FHD 1920x1200 Incell IPS, 8000mAh,13MP+8MP, GMS, GPS, T\u00dcV, Face ID, Grau - Markt-XXL","og_description":"Markt-XXL 2024 Neueste Tablet Android 14, Tablet 10 Zoll, 4G LTE 5GHz WiFi Tablet PC, 14GB RAM+ 128GB ROM(1TB TF), Tablets Octa-Core FHD 1920x1200 Incell IPS, 8000mAh,13MP+8MP, GMS, GPS, T\u00dcV, Face ID, Grau","og_url":"https:\/\/marktxxl.de\/markt\/produkt\/2024-neueste-tablet-android-14-tablet-10-zoll-4g-lte-5ghz-wifi-tablet-pc-14gb-ram-128gb-rom1tb-tf-tablets-octa-core-fhd-1920x1200-incell-ips-8000mah13mp8mp-gms-gps-tuev-face-id-grau\/","og_site_name":"Markt-XXL","twitter_card":"summary_large_image","twitter_misc":{"Gesch\u00e4tzte Lesezeit":"3\u00a0Minuten"},"schema":{"@context":"https:\/\/schema.org","@graph":[{"@type":"WebPage","@id":"https:\/\/marktxxl.de\/markt\/produkt\/2024-neueste-tablet-android-14-tablet-10-zoll-4g-lte-5ghz-wifi-tablet-pc-14gb-ram-128gb-rom1tb-tf-tablets-octa-core-fhd-1920x1200-incell-ips-8000mah13mp8mp-gms-gps-tuev-face-id-grau\/","url":"https:\/\/marktxxl.de\/markt\/produkt\/2024-neueste-tablet-android-14-tablet-10-zoll-4g-lte-5ghz-wifi-tablet-pc-14gb-ram-128gb-rom1tb-tf-tablets-octa-core-fhd-1920x1200-incell-ips-8000mah13mp8mp-gms-gps-tuev-face-id-grau\/","name":"2024 Neueste Tablet Android 14, Tablet 10 Zoll, 4G LTE 5GHz WiFi Tablet PC, 14GB RAM+ 128GB ROM(1TB TF), Tablets Octa-Core FHD 1920x1200 Incell IPS, 8000mAh,13MP+8MP, GMS, GPS, T\u00dcV, Face ID, Grau - Markt-XXL","isPartOf":{"@id":"https:\/\/marktxxl.de\/markt\/#website"},"primaryImageOfPage":{"@id":"https:\/\/marktxxl.de\/markt\/produkt\/2024-neueste-tablet-android-14-tablet-10-zoll-4g-lte-5ghz-wifi-tablet-pc-14gb-ram-128gb-rom1tb-tf-tablets-octa-core-fhd-1920x1200-incell-ips-8000mah13mp8mp-gms-gps-tuev-face-id-grau\/#primaryimage"},"image":{"@id":"https:\/\/marktxxl.de\/markt\/produkt\/2024-neueste-tablet-android-14-tablet-10-zoll-4g-lte-5ghz-wifi-tablet-pc-14gb-ram-128gb-rom1tb-tf-tablets-octa-core-fhd-1920x1200-incell-ips-8000mah13mp8mp-gms-gps-tuev-face-id-grau\/#primaryimage"},"thumbnailUrl":"https:\/\/m.media-amazon.com\/images\/I\/411MY94Ba5L._SL500_.jpg","datePublished":"2024-07-28T16:37:46+00:00","description":"Markt-XXL 2024 Neueste Tablet Android 14, Tablet 10 Zoll, 4G LTE 5GHz WiFi Tablet PC, 14GB RAM+ 128GB ROM(1TB TF), Tablets Octa-Core FHD 1920x1200 Incell IPS, 8000mAh,13MP+8MP, GMS, GPS, T\u00dcV, Face ID, Grau","breadcrumb":{"@id":"https:\/\/marktxxl.de\/markt\/produkt\/2024-neueste-tablet-android-14-tablet-10-zoll-4g-lte-5ghz-wifi-tablet-pc-14gb-ram-128gb-rom1tb-tf-tablets-octa-core-fhd-1920x1200-incell-ips-8000mah13mp8mp-gms-gps-tuev-face-id-grau\/#breadcrumb"},"inLanguage":"de","potentialAction":[{"@type":"ReadAction","target":["https:\/\/marktxxl.de\/markt\/produkt\/2024-neueste-tablet-android-14-tablet-10-zoll-4g-lte-5ghz-wifi-tablet-pc-14gb-ram-128gb-rom1tb-tf-tablets-octa-core-fhd-1920x1200-incell-ips-8000mah13mp8mp-gms-gps-tuev-face-id-grau\/"]}]},{"@type":"ImageObject","inLanguage":"de","@id":"https:\/\/marktxxl.de\/markt\/produkt\/2024-neueste-tablet-android-14-tablet-10-zoll-4g-lte-5ghz-wifi-tablet-pc-14gb-ram-128gb-rom1tb-tf-tablets-octa-core-fhd-1920x1200-incell-ips-8000mah13mp8mp-gms-gps-tuev-face-id-grau\/#primaryimage","url":"https:\/\/m.media-amazon.com\/images\/I\/411MY94Ba5L._SL500_.jpg","contentUrl":"https:\/\/m.media-amazon.com\/images\/I\/411MY94Ba5L._SL500_.jpg","width":500,"height":500},{"@type":"BreadcrumbList","@id":"https:\/\/marktxxl.de\/markt\/produkt\/2024-neueste-tablet-android-14-tablet-10-zoll-4g-lte-5ghz-wifi-tablet-pc-14gb-ram-128gb-rom1tb-tf-tablets-octa-core-fhd-1920x1200-incell-ips-8000mah13mp8mp-gms-gps-tuev-face-id-grau\/#breadcrumb","itemListElement":[{"@type":"ListItem","position":1,"name":"Startseite","item":"https:\/\/marktxxl.de\/markt\/"},{"@type":"ListItem","position":2,"name":"Markt","item":"https:\/\/marktxxl.de\/markt\/"},{"@type":"ListItem","position":3,"name":"2024 Neueste Tablet Android 14, Tablet 10 Zoll, 4G LTE 5GHz WiFi Tablet PC, 14GB RAM+ 128GB ROM(1TB TF), Tablets Octa-Core FHD 1920&#215;1200 Incell IPS, 8000mAh,13MP+8MP, GMS, GPS, T\u00dcV, Face ID, Grau"}]},{"@type":"WebSite","@id":"https:\/\/marktxxl.de\/markt\/#website","url":"https:\/\/marktxxl.de\/markt\/","name":"Markt-XXL","description":"Ihr Markt Online","publisher":{"@id":"https:\/\/marktxxl.de\/markt\/#organization"},"potentialAction":[{"@type":"SearchAction","target":{"@type":"EntryPoint","urlTemplate":"https:\/\/marktxxl.de\/markt\/?s={search_term_string}"},"query-input":{"@type":"PropertyValueSpecification","valueRequired":true,"valueName":"search_term_string"}}],"inLanguage":"de"},{"@type":"Organization","@id":"https:\/\/marktxxl.de\/markt\/#organization","name":"Markt-XXL","url":"https:\/\/marktxxl.de\/markt\/","logo":{"@type":"ImageObject","inLanguage":"de","@id":"https:\/\/marktxxl.de\/markt\/#\/schema\/logo\/image\/","url":"https:\/\/marktxxl.de\/markt\/wp-content\/uploads\/sites\/3\/2020\/12\/logo.png","contentUrl":"https:\/\/marktxxl.de\/markt\/wp-content\/uploads\/sites\/3\/2020\/12\/logo.png","width":200,"height":70,"caption":"Markt-XXL"},"image":{"@id":"https:\/\/marktxxl.de\/markt\/#\/schema\/logo\/image\/"}}]}},"_links":{"self":[{"href":"https:\/\/marktxxl.de\/markt\/wp-json\/wp\/v2\/product\/224274","targetHints":{"allow":["GET"]}}],"collection":[{"href":"https:\/\/marktxxl.de\/markt\/wp-json\/wp\/v2\/product"}],"about":[{"href":"https:\/\/marktxxl.de\/markt\/wp-json\/wp\/v2\/types\/product"}],"replies":[{"embeddable":true,"href":"https:\/\/marktxxl.de\/markt\/wp-json\/wp\/v2\/comments?post=224274"}],"wp:featuredmedia":[{"embeddable":true,"href":"https:\/\/marktxxl.de\/markt\/wp-json\/wp\/v2\/media\/224275"}],"wp:attachment":[{"href":"https:\/\/marktxxl.de\/markt\/wp-json\/wp\/v2\/media?parent=224274"}],"wp:term":[{"taxonomy":"product_brand","embeddable":true,"href":"https:\/\/marktxxl.de\/markt\/wp-json\/wp\/v2\/product_brand?post=224274"},{"taxonomy":"product_cat","embeddable":true,"href":"https:\/\/marktxxl.de\/markt\/wp-json\/wp\/v2\/product_cat?post=224274"},{"taxonomy":"product_tag","embeddable":true,"href":"https:\/\/marktxxl.de\/markt\/wp-json\/wp\/v2\/product_tag?post=224274"}],"curies":[{"name":"wp","href":"https:\/\/api.w.org\/{rel}","templated":true}]}}