{"id":224171,"date":"2024-07-28T18:34:49","date_gmt":"2024-07-28T16:34:49","guid":{"rendered":"https:\/\/marktxxl.de\/markt\/produkt\/inateck-kabeltasche-elektronik-organizer-spritzwasserfester-reise-zubehoer-tasche-mehrzweck-zubehoertasche-kompatibel-mit-maus-kabeln-usb-stick-schwarz\/"},"modified":"2024-07-28T18:34:49","modified_gmt":"2024-07-28T16:34:49","slug":"inateck-kabeltasche-elektronik-organizer-spritzwasserfester-reise-zubehoer-tasche-mehrzweck-zubehoertasche-kompatibel-mit-maus-kabeln-usb-stick-schwarz","status":"publish","type":"product","link":"https:\/\/marktxxl.de\/markt\/produkt\/inateck-kabeltasche-elektronik-organizer-spritzwasserfester-reise-zubehoer-tasche-mehrzweck-zubehoertasche-kompatibel-mit-maus-kabeln-usb-stick-schwarz\/","title":{"rendered":"Inateck Kabeltasche Elektronik Organizer, Spritzwasserfester Reise Zubeh\u00f6r Tasche, Mehrzweck-Zubeh\u00f6rtasche, Kompatibel mit Maus, Kabeln, USB Stick, Schwarz"},"content":{"rendered":"<p>Ordentliche Aufbewahrung: Das Hauptfach bietet ausreichend Stauraum mit 2 Einsteckf\u00e4chern und 3 Gummiband-Schlitzen an Vorder- und R\u00fcckseite, um den Aufbewahrungsbedarf f\u00fcr alle Arten von elektronischem Zubeh\u00f6r wie Ladeger\u00e4te, Kabel, mobile Stromversorgungen und USB-Flash-Laufwerke zu decken. Dies h\u00e4lt die Gegenst\u00e4nde ordentlich und organisiert f\u00fcr schnellen Zugriff.<br \/>\nUmweltfreundlich &amp; Langlebig: Diese Tragetasche besteht aus 600D zweifarbigem, spritzwasserfestem RPET-Recyclingmaterial, was nicht nur die Haltbarkeit und Praktikabilit\u00e4t der Tasche erh\u00f6ht, sondern auch sehr umweltfreundlich ist. Mit hervorragender Haltbarkeit und spritzwasserfester Leistung sorgt sie daf\u00fcr, dass die Zubeh\u00f6rtasche in verschiedenen Umgebungen trocken bleibt.<br \/>\nHervorragender Schutz: Die Zubeh\u00f6rtasche ist mit grauem Pl\u00fcschfutter ausgekleidet, weich und bequem. Das Hauptfach ist mit sortierten Aufbewahrungseinlagen gestaltet, um Kratzer oder Kollisionen zwischen den Gegenst\u00e4nden effektiv zu isolieren und zu reduzieren und sie vor Besch\u00e4digungen zu sch\u00fctzen. Sie ist auch mit YKK-Rei\u00dfverschl\u00fcssen f\u00fcr ein reibungsloses und langlebiges \u00d6ffnen und Schlie\u00dfen ausgestattet.<br \/>\nTragbares Design: Der Organizer ist mit einem abnehmbaren Tragegriff ausgestattet, der es bequem macht, ihn von Hand zu tragen oder je nach Bedarf in andere Taschen zu stecken, und sich an verschiedene Nutzungsszenarien anpasst. Ob Sie reisen, arbeiten oder sich entspannen, es ist der ideale tragbare Begleiter.<br \/>\nVielseitigkeit: Diese Zubeh\u00f6rtasche misst 20 * 13 * 6 cm und ist ideal nicht nur als Elektronik-Organizer, sondern auch als Erg\u00e4nzung zu Ihrem Reise-Rucksack oder Ihrer Laptoptasche. Sie kann wichtige Gegenst\u00e4nde wie Ladeger\u00e4te und Datenkabel aufbewahren. Bei alleiniger Verwendung kann sie auch als Kosmetik- oder Werkzeugtasche verwendet werden. Mit ihrem einfachen und praktischen Design erf\u00fcllt sie alle Ihre t\u00e4glichen Reise- und Arbeitsbed\u00fcrfnisse.<br \/>\n<div class=\"main-cross-sell\" data-asin=\"B0D8RW9ZML\">\n\n\t<div class=\"WooZone-cross-sell-loader\">\n\t\t<div>\n\t\t\t<div id=\"floatingBarsG\">\n\t\t\t\t<div class=\"blockG\" id=\"rotateG_01\"><\/div>\n\t\t\t\t<div class=\"blockG\" id=\"rotateG_02\"><\/div>\n\t\t\t\t<div class=\"blockG\" id=\"rotateG_03\"><\/div>\n\t\t\t\t<div class=\"blockG\" id=\"rotateG_04\"><\/div>\n\t\t\t\t<div class=\"blockG\" id=\"rotateG_05\"><\/div>\n\t\t\t\t<div class=\"blockG\" id=\"rotateG_06\"><\/div>\n\t\t\t\t<div class=\"blockG\" id=\"rotateG_07\"><\/div>\n\t\t\t\t<div class=\"blockG\" id=\"rotateG_08\"><\/div>\n\t\t\t<\/div>\n\t\t\t<div class=\"WooZone-cross-sell-loader-text\"><\/div>\n\t\t<\/div>\n\t<\/div>\n\n\t\t\n<\/div>\n<div style=\"clear:both;\"><\/div><\/p>\n","protected":false},"excerpt":{"rendered":"<p>Ordentliche Aufbewahrung: Das Hauptfach bietet ausreichend Stauraum mit 2 Einsteckf\u00e4chern und 3 Gummiband-Schlitzen an Vorder- und R\u00fcckseite, um den Aufbewahrungsbedarf f\u00fcr alle Arten von elektronischem Zubeh\u00f6r wie Ladeger\u00e4te, Kabel, mobile Stromversorgungen und USB-Flash-Laufwerke zu decken. Dies h\u00e4lt die Gegenst\u00e4nde ordentlich und organisiert f\u00fcr schnellen Zugriff.<br \/>\nUmweltfreundlich &amp; Langlebig: Diese Tragetasche besteht aus 600D zweifarbigem, spritzwasserfestem RPET-Recyclingmaterial, was nicht nur die Haltbarkeit und Praktikabilit\u00e4t der Tasche erh\u00f6ht, sondern auch sehr umweltfreundlich ist. Mit hervorragender Haltbarkeit und spritzwasserfester Leistung sorgt sie daf\u00fcr, dass die Zubeh\u00f6rtasche in verschiedenen Umgebungen trocken bleibt.<br \/>\nHervorragender Schutz: Die Zubeh\u00f6rtasche ist mit grauem Pl\u00fcschfutter ausgekleidet, weich und bequem. Das Hauptfach ist mit sortierten Aufbewahrungseinlagen gestaltet, um Kratzer oder Kollisionen zwischen den Gegenst\u00e4nden effektiv zu isolieren und zu reduzieren und sie vor Besch\u00e4digungen zu sch\u00fctzen. Sie ist auch mit YKK-Rei\u00dfverschl\u00fcssen f\u00fcr ein reibungsloses und langlebiges \u00d6ffnen und Schlie\u00dfen ausgestattet.<\/p>\n","protected":false},"featured_media":224172,"comment_status":"open","ping_status":"closed","template":"","meta":[],"product_brand":[],"product_cat":[863],"product_tag":[],"class_list":{"0":"post-224171","1":"product","2":"type-product","3":"status-publish","4":"has-post-thumbnail","6":"product_cat-computer-zubehoer","7":"pa_brand-inateck","8":"pa_color-schwarz","9":"pa_model-ab03012-bk","11":"first","12":"instock","13":"shipping-taxable","14":"purchasable","15":"product-type-simple","16":"customify-col","17":"product-has-gallery"},"yoast_head":"<!-- This site is optimized with the Yoast SEO plugin v27.4 - https:\/\/yoast.com\/product\/yoast-seo-wordpress\/ -->\n<title>Inateck Kabeltasche Elektronik Organizer, Spritzwasserfester Reise Zubeh\u00f6r Tasche, Mehrzweck-Zubeh\u00f6rtasche, Kompatibel mit Maus, Kabeln, USB Stick, Schwarz - Markt-XXL<\/title>\n<meta name=\"description\" content=\"Markt-XXL Inateck Kabeltasche Elektronik Organizer, Spritzwasserfester Reise Zubeh\u00f6r Tasche, Mehrzweck-Zubeh\u00f6rtasche, Kompatibel mit Maus, Kabeln, USB Stick, Schwarz\" \/>\n<meta name=\"robots\" content=\"index, follow, max-snippet:-1, max-image-preview:large, max-video-preview:-1\" \/>\n<link rel=\"canonical\" href=\"https:\/\/marktxxl.de\/markt\/produkt\/inateck-kabeltasche-elektronik-organizer-spritzwasserfester-reise-zubehoer-tasche-mehrzweck-zubehoertasche-kompatibel-mit-maus-kabeln-usb-stick-schwarz\/\" \/>\n<meta property=\"og:locale\" content=\"de_DE\" \/>\n<meta property=\"og:type\" content=\"article\" \/>\n<meta property=\"og:title\" content=\"Inateck Kabeltasche Elektronik Organizer, Spritzwasserfester Reise Zubeh\u00f6r Tasche, Mehrzweck-Zubeh\u00f6rtasche, Kompatibel mit Maus, Kabeln, USB Stick, Schwarz - Markt-XXL\" \/>\n<meta property=\"og:description\" content=\"Markt-XXL Inateck Kabeltasche Elektronik Organizer, Spritzwasserfester Reise Zubeh\u00f6r Tasche, Mehrzweck-Zubeh\u00f6rtasche, Kompatibel mit Maus, Kabeln, USB Stick, Schwarz\" \/>\n<meta property=\"og:url\" content=\"https:\/\/marktxxl.de\/markt\/produkt\/inateck-kabeltasche-elektronik-organizer-spritzwasserfester-reise-zubehoer-tasche-mehrzweck-zubehoertasche-kompatibel-mit-maus-kabeln-usb-stick-schwarz\/\" \/>\n<meta property=\"og:site_name\" content=\"Markt-XXL\" \/>\n<meta name=\"twitter:card\" content=\"summary_large_image\" \/>\n<meta name=\"twitter:label1\" content=\"Gesch\u00e4tzte Lesezeit\" \/>\n\t<meta name=\"twitter:data1\" content=\"1\u00a0Minute\" \/>\n<script type=\"application\/ld+json\" class=\"yoast-schema-graph\">{\"@context\":\"https:\\\/\\\/schema.org\",\"@graph\":[{\"@type\":\"WebPage\",\"@id\":\"https:\\\/\\\/marktxxl.de\\\/markt\\\/produkt\\\/inateck-kabeltasche-elektronik-organizer-spritzwasserfester-reise-zubehoer-tasche-mehrzweck-zubehoertasche-kompatibel-mit-maus-kabeln-usb-stick-schwarz\\\/\",\"url\":\"https:\\\/\\\/marktxxl.de\\\/markt\\\/produkt\\\/inateck-kabeltasche-elektronik-organizer-spritzwasserfester-reise-zubehoer-tasche-mehrzweck-zubehoertasche-kompatibel-mit-maus-kabeln-usb-stick-schwarz\\\/\",\"name\":\"Inateck Kabeltasche Elektronik Organizer, Spritzwasserfester Reise Zubeh\u00f6r Tasche, Mehrzweck-Zubeh\u00f6rtasche, Kompatibel mit Maus, Kabeln, USB Stick, Schwarz - Markt-XXL\",\"isPartOf\":{\"@id\":\"https:\\\/\\\/marktxxl.de\\\/markt\\\/#website\"},\"primaryImageOfPage\":{\"@id\":\"https:\\\/\\\/marktxxl.de\\\/markt\\\/produkt\\\/inateck-kabeltasche-elektronik-organizer-spritzwasserfester-reise-zubehoer-tasche-mehrzweck-zubehoertasche-kompatibel-mit-maus-kabeln-usb-stick-schwarz\\\/#primaryimage\"},\"image\":{\"@id\":\"https:\\\/\\\/marktxxl.de\\\/markt\\\/produkt\\\/inateck-kabeltasche-elektronik-organizer-spritzwasserfester-reise-zubehoer-tasche-mehrzweck-zubehoertasche-kompatibel-mit-maus-kabeln-usb-stick-schwarz\\\/#primaryimage\"},\"thumbnailUrl\":\"https:\\\/\\\/m.media-amazon.com\\\/images\\\/I\\\/41bIPfl6gBL._SL500_.jpg\",\"datePublished\":\"2024-07-28T16:34:49+00:00\",\"description\":\"Markt-XXL Inateck Kabeltasche Elektronik Organizer, Spritzwasserfester Reise Zubeh\u00f6r Tasche, Mehrzweck-Zubeh\u00f6rtasche, Kompatibel mit Maus, Kabeln, USB Stick, Schwarz\",\"breadcrumb\":{\"@id\":\"https:\\\/\\\/marktxxl.de\\\/markt\\\/produkt\\\/inateck-kabeltasche-elektronik-organizer-spritzwasserfester-reise-zubehoer-tasche-mehrzweck-zubehoertasche-kompatibel-mit-maus-kabeln-usb-stick-schwarz\\\/#breadcrumb\"},\"inLanguage\":\"de\",\"potentialAction\":[{\"@type\":\"ReadAction\",\"target\":[\"https:\\\/\\\/marktxxl.de\\\/markt\\\/produkt\\\/inateck-kabeltasche-elektronik-organizer-spritzwasserfester-reise-zubehoer-tasche-mehrzweck-zubehoertasche-kompatibel-mit-maus-kabeln-usb-stick-schwarz\\\/\"]}]},{\"@type\":\"ImageObject\",\"inLanguage\":\"de\",\"@id\":\"https:\\\/\\\/marktxxl.de\\\/markt\\\/produkt\\\/inateck-kabeltasche-elektronik-organizer-spritzwasserfester-reise-zubehoer-tasche-mehrzweck-zubehoertasche-kompatibel-mit-maus-kabeln-usb-stick-schwarz\\\/#primaryimage\",\"url\":\"https:\\\/\\\/m.media-amazon.com\\\/images\\\/I\\\/41bIPfl6gBL._SL500_.jpg\",\"contentUrl\":\"https:\\\/\\\/m.media-amazon.com\\\/images\\\/I\\\/41bIPfl6gBL._SL500_.jpg\",\"width\":500,\"height\":500},{\"@type\":\"BreadcrumbList\",\"@id\":\"https:\\\/\\\/marktxxl.de\\\/markt\\\/produkt\\\/inateck-kabeltasche-elektronik-organizer-spritzwasserfester-reise-zubehoer-tasche-mehrzweck-zubehoertasche-kompatibel-mit-maus-kabeln-usb-stick-schwarz\\\/#breadcrumb\",\"itemListElement\":[{\"@type\":\"ListItem\",\"position\":1,\"name\":\"Startseite\",\"item\":\"https:\\\/\\\/marktxxl.de\\\/markt\\\/\"},{\"@type\":\"ListItem\",\"position\":2,\"name\":\"Markt\",\"item\":\"https:\\\/\\\/marktxxl.de\\\/markt\\\/\"},{\"@type\":\"ListItem\",\"position\":3,\"name\":\"Inateck Kabeltasche Elektronik Organizer, Spritzwasserfester Reise Zubeh\u00f6r Tasche, Mehrzweck-Zubeh\u00f6rtasche, Kompatibel mit Maus, Kabeln, USB Stick, Schwarz\"}]},{\"@type\":\"WebSite\",\"@id\":\"https:\\\/\\\/marktxxl.de\\\/markt\\\/#website\",\"url\":\"https:\\\/\\\/marktxxl.de\\\/markt\\\/\",\"name\":\"Markt-XXL\",\"description\":\"Ihr Markt Online\",\"publisher\":{\"@id\":\"https:\\\/\\\/marktxxl.de\\\/markt\\\/#organization\"},\"potentialAction\":[{\"@type\":\"SearchAction\",\"target\":{\"@type\":\"EntryPoint\",\"urlTemplate\":\"https:\\\/\\\/marktxxl.de\\\/markt\\\/?s={search_term_string}\"},\"query-input\":{\"@type\":\"PropertyValueSpecification\",\"valueRequired\":true,\"valueName\":\"search_term_string\"}}],\"inLanguage\":\"de\"},{\"@type\":\"Organization\",\"@id\":\"https:\\\/\\\/marktxxl.de\\\/markt\\\/#organization\",\"name\":\"Markt-XXL\",\"url\":\"https:\\\/\\\/marktxxl.de\\\/markt\\\/\",\"logo\":{\"@type\":\"ImageObject\",\"inLanguage\":\"de\",\"@id\":\"https:\\\/\\\/marktxxl.de\\\/markt\\\/#\\\/schema\\\/logo\\\/image\\\/\",\"url\":\"https:\\\/\\\/marktxxl.de\\\/markt\\\/wp-content\\\/uploads\\\/sites\\\/3\\\/2020\\\/12\\\/logo.png\",\"contentUrl\":\"https:\\\/\\\/marktxxl.de\\\/markt\\\/wp-content\\\/uploads\\\/sites\\\/3\\\/2020\\\/12\\\/logo.png\",\"width\":200,\"height\":70,\"caption\":\"Markt-XXL\"},\"image\":{\"@id\":\"https:\\\/\\\/marktxxl.de\\\/markt\\\/#\\\/schema\\\/logo\\\/image\\\/\"}}]}<\/script>\n<!-- \/ Yoast SEO plugin. -->","yoast_head_json":{"title":"Inateck Kabeltasche Elektronik Organizer, Spritzwasserfester Reise Zubeh\u00f6r Tasche, Mehrzweck-Zubeh\u00f6rtasche, Kompatibel mit Maus, Kabeln, USB Stick, Schwarz - Markt-XXL","description":"Markt-XXL Inateck Kabeltasche Elektronik Organizer, Spritzwasserfester Reise Zubeh\u00f6r Tasche, Mehrzweck-Zubeh\u00f6rtasche, Kompatibel mit Maus, Kabeln, USB Stick, Schwarz","robots":{"index":"index","follow":"follow","max-snippet":"max-snippet:-1","max-image-preview":"max-image-preview:large","max-video-preview":"max-video-preview:-1"},"canonical":"https:\/\/marktxxl.de\/markt\/produkt\/inateck-kabeltasche-elektronik-organizer-spritzwasserfester-reise-zubehoer-tasche-mehrzweck-zubehoertasche-kompatibel-mit-maus-kabeln-usb-stick-schwarz\/","og_locale":"de_DE","og_type":"article","og_title":"Inateck Kabeltasche Elektronik Organizer, Spritzwasserfester Reise Zubeh\u00f6r Tasche, Mehrzweck-Zubeh\u00f6rtasche, Kompatibel mit Maus, Kabeln, USB Stick, Schwarz - Markt-XXL","og_description":"Markt-XXL Inateck Kabeltasche Elektronik Organizer, Spritzwasserfester Reise Zubeh\u00f6r Tasche, Mehrzweck-Zubeh\u00f6rtasche, Kompatibel mit Maus, Kabeln, USB Stick, Schwarz","og_url":"https:\/\/marktxxl.de\/markt\/produkt\/inateck-kabeltasche-elektronik-organizer-spritzwasserfester-reise-zubehoer-tasche-mehrzweck-zubehoertasche-kompatibel-mit-maus-kabeln-usb-stick-schwarz\/","og_site_name":"Markt-XXL","twitter_card":"summary_large_image","twitter_misc":{"Gesch\u00e4tzte Lesezeit":"1\u00a0Minute"},"schema":{"@context":"https:\/\/schema.org","@graph":[{"@type":"WebPage","@id":"https:\/\/marktxxl.de\/markt\/produkt\/inateck-kabeltasche-elektronik-organizer-spritzwasserfester-reise-zubehoer-tasche-mehrzweck-zubehoertasche-kompatibel-mit-maus-kabeln-usb-stick-schwarz\/","url":"https:\/\/marktxxl.de\/markt\/produkt\/inateck-kabeltasche-elektronik-organizer-spritzwasserfester-reise-zubehoer-tasche-mehrzweck-zubehoertasche-kompatibel-mit-maus-kabeln-usb-stick-schwarz\/","name":"Inateck Kabeltasche Elektronik Organizer, Spritzwasserfester Reise Zubeh\u00f6r Tasche, Mehrzweck-Zubeh\u00f6rtasche, Kompatibel mit Maus, Kabeln, USB Stick, Schwarz - Markt-XXL","isPartOf":{"@id":"https:\/\/marktxxl.de\/markt\/#website"},"primaryImageOfPage":{"@id":"https:\/\/marktxxl.de\/markt\/produkt\/inateck-kabeltasche-elektronik-organizer-spritzwasserfester-reise-zubehoer-tasche-mehrzweck-zubehoertasche-kompatibel-mit-maus-kabeln-usb-stick-schwarz\/#primaryimage"},"image":{"@id":"https:\/\/marktxxl.de\/markt\/produkt\/inateck-kabeltasche-elektronik-organizer-spritzwasserfester-reise-zubehoer-tasche-mehrzweck-zubehoertasche-kompatibel-mit-maus-kabeln-usb-stick-schwarz\/#primaryimage"},"thumbnailUrl":"https:\/\/m.media-amazon.com\/images\/I\/41bIPfl6gBL._SL500_.jpg","datePublished":"2024-07-28T16:34:49+00:00","description":"Markt-XXL Inateck Kabeltasche Elektronik Organizer, Spritzwasserfester Reise Zubeh\u00f6r Tasche, Mehrzweck-Zubeh\u00f6rtasche, Kompatibel mit Maus, Kabeln, USB Stick, Schwarz","breadcrumb":{"@id":"https:\/\/marktxxl.de\/markt\/produkt\/inateck-kabeltasche-elektronik-organizer-spritzwasserfester-reise-zubehoer-tasche-mehrzweck-zubehoertasche-kompatibel-mit-maus-kabeln-usb-stick-schwarz\/#breadcrumb"},"inLanguage":"de","potentialAction":[{"@type":"ReadAction","target":["https:\/\/marktxxl.de\/markt\/produkt\/inateck-kabeltasche-elektronik-organizer-spritzwasserfester-reise-zubehoer-tasche-mehrzweck-zubehoertasche-kompatibel-mit-maus-kabeln-usb-stick-schwarz\/"]}]},{"@type":"ImageObject","inLanguage":"de","@id":"https:\/\/marktxxl.de\/markt\/produkt\/inateck-kabeltasche-elektronik-organizer-spritzwasserfester-reise-zubehoer-tasche-mehrzweck-zubehoertasche-kompatibel-mit-maus-kabeln-usb-stick-schwarz\/#primaryimage","url":"https:\/\/m.media-amazon.com\/images\/I\/41bIPfl6gBL._SL500_.jpg","contentUrl":"https:\/\/m.media-amazon.com\/images\/I\/41bIPfl6gBL._SL500_.jpg","width":500,"height":500},{"@type":"BreadcrumbList","@id":"https:\/\/marktxxl.de\/markt\/produkt\/inateck-kabeltasche-elektronik-organizer-spritzwasserfester-reise-zubehoer-tasche-mehrzweck-zubehoertasche-kompatibel-mit-maus-kabeln-usb-stick-schwarz\/#breadcrumb","itemListElement":[{"@type":"ListItem","position":1,"name":"Startseite","item":"https:\/\/marktxxl.de\/markt\/"},{"@type":"ListItem","position":2,"name":"Markt","item":"https:\/\/marktxxl.de\/markt\/"},{"@type":"ListItem","position":3,"name":"Inateck Kabeltasche Elektronik Organizer, Spritzwasserfester Reise Zubeh\u00f6r Tasche, Mehrzweck-Zubeh\u00f6rtasche, Kompatibel mit Maus, Kabeln, USB Stick, Schwarz"}]},{"@type":"WebSite","@id":"https:\/\/marktxxl.de\/markt\/#website","url":"https:\/\/marktxxl.de\/markt\/","name":"Markt-XXL","description":"Ihr Markt Online","publisher":{"@id":"https:\/\/marktxxl.de\/markt\/#organization"},"potentialAction":[{"@type":"SearchAction","target":{"@type":"EntryPoint","urlTemplate":"https:\/\/marktxxl.de\/markt\/?s={search_term_string}"},"query-input":{"@type":"PropertyValueSpecification","valueRequired":true,"valueName":"search_term_string"}}],"inLanguage":"de"},{"@type":"Organization","@id":"https:\/\/marktxxl.de\/markt\/#organization","name":"Markt-XXL","url":"https:\/\/marktxxl.de\/markt\/","logo":{"@type":"ImageObject","inLanguage":"de","@id":"https:\/\/marktxxl.de\/markt\/#\/schema\/logo\/image\/","url":"https:\/\/marktxxl.de\/markt\/wp-content\/uploads\/sites\/3\/2020\/12\/logo.png","contentUrl":"https:\/\/marktxxl.de\/markt\/wp-content\/uploads\/sites\/3\/2020\/12\/logo.png","width":200,"height":70,"caption":"Markt-XXL"},"image":{"@id":"https:\/\/marktxxl.de\/markt\/#\/schema\/logo\/image\/"}}]}},"_links":{"self":[{"href":"https:\/\/marktxxl.de\/markt\/wp-json\/wp\/v2\/product\/224171","targetHints":{"allow":["GET"]}}],"collection":[{"href":"https:\/\/marktxxl.de\/markt\/wp-json\/wp\/v2\/product"}],"about":[{"href":"https:\/\/marktxxl.de\/markt\/wp-json\/wp\/v2\/types\/product"}],"replies":[{"embeddable":true,"href":"https:\/\/marktxxl.de\/markt\/wp-json\/wp\/v2\/comments?post=224171"}],"wp:featuredmedia":[{"embeddable":true,"href":"https:\/\/marktxxl.de\/markt\/wp-json\/wp\/v2\/media\/224172"}],"wp:attachment":[{"href":"https:\/\/marktxxl.de\/markt\/wp-json\/wp\/v2\/media?parent=224171"}],"wp:term":[{"taxonomy":"product_brand","embeddable":true,"href":"https:\/\/marktxxl.de\/markt\/wp-json\/wp\/v2\/product_brand?post=224171"},{"taxonomy":"product_cat","embeddable":true,"href":"https:\/\/marktxxl.de\/markt\/wp-json\/wp\/v2\/product_cat?post=224171"},{"taxonomy":"product_tag","embeddable":true,"href":"https:\/\/marktxxl.de\/markt\/wp-json\/wp\/v2\/product_tag?post=224171"}],"curies":[{"name":"wp","href":"https:\/\/api.w.org\/{rel}","templated":true}]}}