{"id":224162,"date":"2024-07-28T18:34:42","date_gmt":"2024-07-28T16:34:42","guid":{"rendered":"https:\/\/marktxxl.de\/markt\/produkt\/inkyeah-druckerpatronen-545-546-xl-pg-545-cl-546-kompatibel-fuer-canon-545-546-xl-original-patronen-545-546-xl-multipack-fuer-pixma-ts3400-ts3100-ts3150-ts3300-ts3350-ts3450-tr4500-tr4551-mg2500-mx4\/"},"modified":"2024-07-28T18:34:42","modified_gmt":"2024-07-28T16:34:42","slug":"inkyeah-druckerpatronen-545-546-xl-pg-545-cl-546-kompatibel-fuer-canon-545-546-xl-original-patronen-545-546-xl-multipack-fuer-pixma-ts3400-ts3100-ts3150-ts3300-ts3350-ts3450-tr4500-tr4551-mg2500-mx4","status":"publish","type":"product","link":"https:\/\/marktxxl.de\/markt\/produkt\/inkyeah-druckerpatronen-545-546-xl-pg-545-cl-546-kompatibel-fuer-canon-545-546-xl-original-patronen-545-546-xl-multipack-fuer-pixma-ts3400-ts3100-ts3150-ts3300-ts3350-ts3450-tr4500-tr4551-mg2500-mx4\/","title":{"rendered":"InkYeah Druckerpatronen 545 546 XL, PG-545 CL-546 Kompatibel f\u00fcr Canon 545 546 XL Original, Patronen 545 546 XL Multipack f\u00fcr Pixma TS3400 TS3100 TS3150 TS3300 TS3350 TS3450 TR4500 TR4551 MG2500 MX495"},"content":{"rendered":"<p>InkYeah Patronen PG-545 CL-546 XL verwenden die neuesten, verbesserten High-Tech-Chips, um perfekte Kompatibilit\u00e4t mit Canon-Druckern zu gew\u00e4hrleisten und den Tintenstand genau zu verfolgen.<br \/>\nSeitenleistung: Ca. 350 Seiten pro 545 XL Schwarz &amp; 320 Seiten pro 546 XL Farbe bei 5 % Standardabdeckung von A4. (Mehr f\u00fcr weniger drucken.)<br \/>\nPackungsinhalt: 1x PG-545XL Schwarz &amp; 1x CL-546XL Dreifarbig &amp; 1x Benutzerhandbuch &amp; 1x Radiergummi, InkYeah wiederaufbereitet f\u00fcr Druckerpatronen Canon 545 546 XL Original Schwarz und Farbe 2er-Pack f\u00fcr Canon-Drucker. (Hinweis: Die Verpackung kann variieren, der Versand erfolgt nach dem Zufallsprinzip, gleiche Qualit\u00e4t.)<br \/>\nKompatibel Drucker: Pixma TR4500 \/ TR4550 \/ TR4551 \/ TS205 \/ TS305 \/ TS3100 \/ TS3120 \/ TS3122 \/ TS3150 \/ TS3151 \/ TS3300\/ TS3325 \/ TS3350 \/ TS3352 \/ TS3355 \/ TS3450 \/ TS4551 \/ MX490 \/ MX495 \/ MG2400 \/ MG2450 \/ MG2455 \/ MG2500 \/ MG2550 \/ MG2550s \/ MG2555 \/ MG2555s \/ MG2900 \/ MG2920 \/ MG2950 \/ MG2950s \/ MG2955 \/ MG3050 \/ MG3051 \/ MG3052 \/ MG3053 \/ iP2800 \/ iP2840 \/ iP2850 \/ iP2855 (kompatibel Druckermodelle finden Sie in Bild 2.)<br \/>\nInkYeah Tintenpatronen von konzentrieren sich auf die Produktqualit\u00e4t, um Ihnen klare, langlebige Drucke zu liefern.<br \/>\n<div class=\"main-cross-sell\" data-asin=\"B0D97T9TJW\">\n\n\t<div class=\"WooZone-cross-sell-loader\">\n\t\t<div>\n\t\t\t<div id=\"floatingBarsG\">\n\t\t\t\t<div class=\"blockG\" id=\"rotateG_01\"><\/div>\n\t\t\t\t<div class=\"blockG\" id=\"rotateG_02\"><\/div>\n\t\t\t\t<div class=\"blockG\" id=\"rotateG_03\"><\/div>\n\t\t\t\t<div class=\"blockG\" id=\"rotateG_04\"><\/div>\n\t\t\t\t<div class=\"blockG\" id=\"rotateG_05\"><\/div>\n\t\t\t\t<div class=\"blockG\" id=\"rotateG_06\"><\/div>\n\t\t\t\t<div class=\"blockG\" id=\"rotateG_07\"><\/div>\n\t\t\t\t<div class=\"blockG\" id=\"rotateG_08\"><\/div>\n\t\t\t<\/div>\n\t\t\t<div class=\"WooZone-cross-sell-loader-text\"><\/div>\n\t\t<\/div>\n\t<\/div>\n\n\t\t\n<\/div>\n<div style=\"clear:both;\"><\/div><\/p>\n","protected":false},"excerpt":{"rendered":"<p>InkYeah Patronen PG-545 CL-546 XL verwenden die neuesten, verbesserten High-Tech-Chips, um perfekte Kompatibilit\u00e4t mit Canon-Druckern zu gew\u00e4hrleisten und den Tintenstand genau zu verfolgen.<br \/>\nSeitenleistung: Ca. 350 Seiten pro 545 XL Schwarz &amp; 320 Seiten pro 546 XL Farbe bei 5 % Standardabdeckung von A4. (Mehr f\u00fcr weniger drucken.)<br \/>\nPackungsinhalt: 1x PG-545XL Schwarz &amp; 1x CL-546XL Dreifarbig &amp; 1x Benutzerhandbuch &amp; 1x Radiergummi, InkYeah wiederaufbereitet f\u00fcr Druckerpatronen Canon 545 546 XL Original Schwarz und Farbe 2er-Pack f\u00fcr Canon-Drucker. (Hinweis: Die Verpackung kann variieren, der Versand erfolgt nach dem Zufallsprinzip, gleiche Qualit\u00e4t.)<\/p>\n","protected":false},"featured_media":224163,"comment_status":"open","ping_status":"closed","template":"","meta":[],"product_brand":[],"product_cat":[863],"product_tag":[],"class_list":{"0":"post-224162","1":"product","2":"type-product","3":"status-publish","4":"has-post-thumbnail","6":"product_cat-computer-zubehoer","7":"pa_binding-buerobedarf-schreibwaren","8":"pa_brand-inkyeah","9":"pa_color-schwarz-cyan-magenta-gelb","10":"pa_height-0-393700787-zoll","11":"pa_length-0-393700787-zoll","12":"pa_manufacturer-inkyeah-for-canon-545-546","13":"pa_model-pg-545-cl-546-xl","14":"pa_size-pg-545-cl-546-xl","15":"pa_warranty-no-warranty","16":"pa_width-0-393700787-zoll","18":"first","19":"instock","20":"shipping-taxable","21":"purchasable","22":"product-type-simple","23":"customify-col","24":"product-has-gallery"},"yoast_head":"<!-- This site is optimized with the Yoast SEO plugin v27.3 - https:\/\/yoast.com\/product\/yoast-seo-wordpress\/ -->\n<title>InkYeah Druckerpatronen 545 546 XL, PG-545 CL-546 Kompatibel f\u00fcr Canon 545 546 XL Original, Patronen 545 546 XL Multipack f\u00fcr Pixma TS3400 TS3100 TS3150 TS3300 TS3350 TS3450 TR4500 TR4551 MG2500 MX495 - Markt-XXL<\/title>\n<meta name=\"description\" content=\"Markt-XXL InkYeah Druckerpatronen 545 546 XL, PG-545 CL-546 Kompatibel f\u00fcr Canon 545 546 XL Original, Patronen 545 546 XL Multipack f\u00fcr Pixma TS3400 TS3100 TS3150 TS3300 TS3350 TS3450 TR4500 TR4551 MG2500 MX495\" \/>\n<meta name=\"robots\" content=\"index, follow, max-snippet:-1, max-image-preview:large, max-video-preview:-1\" \/>\n<link rel=\"canonical\" href=\"https:\/\/marktxxl.de\/markt\/produkt\/inkyeah-druckerpatronen-545-546-xl-pg-545-cl-546-kompatibel-fuer-canon-545-546-xl-original-patronen-545-546-xl-multipack-fuer-pixma-ts3400-ts3100-ts3150-ts3300-ts3350-ts3450-tr4500-tr4551-mg2500-mx4\/\" \/>\n<meta property=\"og:locale\" content=\"de_DE\" \/>\n<meta property=\"og:type\" content=\"article\" \/>\n<meta property=\"og:title\" content=\"InkYeah Druckerpatronen 545 546 XL, PG-545 CL-546 Kompatibel f\u00fcr Canon 545 546 XL Original, Patronen 545 546 XL Multipack f\u00fcr Pixma TS3400 TS3100 TS3150 TS3300 TS3350 TS3450 TR4500 TR4551 MG2500 MX495 - Markt-XXL\" \/>\n<meta property=\"og:description\" content=\"Markt-XXL InkYeah Druckerpatronen 545 546 XL, PG-545 CL-546 Kompatibel f\u00fcr Canon 545 546 XL Original, Patronen 545 546 XL Multipack f\u00fcr Pixma TS3400 TS3100 TS3150 TS3300 TS3350 TS3450 TR4500 TR4551 MG2500 MX495\" \/>\n<meta property=\"og:url\" content=\"https:\/\/marktxxl.de\/markt\/produkt\/inkyeah-druckerpatronen-545-546-xl-pg-545-cl-546-kompatibel-fuer-canon-545-546-xl-original-patronen-545-546-xl-multipack-fuer-pixma-ts3400-ts3100-ts3150-ts3300-ts3350-ts3450-tr4500-tr4551-mg2500-mx4\/\" \/>\n<meta property=\"og:site_name\" content=\"Markt-XXL\" \/>\n<meta name=\"twitter:card\" content=\"summary_large_image\" \/>\n<meta name=\"twitter:label1\" content=\"Gesch\u00e4tzte Lesezeit\" \/>\n\t<meta name=\"twitter:data1\" content=\"1\u00a0Minute\" \/>\n<script type=\"application\/ld+json\" class=\"yoast-schema-graph\">{\"@context\":\"https:\\\/\\\/schema.org\",\"@graph\":[{\"@type\":\"WebPage\",\"@id\":\"https:\\\/\\\/marktxxl.de\\\/markt\\\/produkt\\\/inkyeah-druckerpatronen-545-546-xl-pg-545-cl-546-kompatibel-fuer-canon-545-546-xl-original-patronen-545-546-xl-multipack-fuer-pixma-ts3400-ts3100-ts3150-ts3300-ts3350-ts3450-tr4500-tr4551-mg2500-mx4\\\/\",\"url\":\"https:\\\/\\\/marktxxl.de\\\/markt\\\/produkt\\\/inkyeah-druckerpatronen-545-546-xl-pg-545-cl-546-kompatibel-fuer-canon-545-546-xl-original-patronen-545-546-xl-multipack-fuer-pixma-ts3400-ts3100-ts3150-ts3300-ts3350-ts3450-tr4500-tr4551-mg2500-mx4\\\/\",\"name\":\"InkYeah Druckerpatronen 545 546 XL, PG-545 CL-546 Kompatibel f\u00fcr Canon 545 546 XL Original, Patronen 545 546 XL Multipack f\u00fcr Pixma TS3400 TS3100 TS3150 TS3300 TS3350 TS3450 TR4500 TR4551 MG2500 MX495 - Markt-XXL\",\"isPartOf\":{\"@id\":\"https:\\\/\\\/marktxxl.de\\\/markt\\\/#website\"},\"primaryImageOfPage\":{\"@id\":\"https:\\\/\\\/marktxxl.de\\\/markt\\\/produkt\\\/inkyeah-druckerpatronen-545-546-xl-pg-545-cl-546-kompatibel-fuer-canon-545-546-xl-original-patronen-545-546-xl-multipack-fuer-pixma-ts3400-ts3100-ts3150-ts3300-ts3350-ts3450-tr4500-tr4551-mg2500-mx4\\\/#primaryimage\"},\"image\":{\"@id\":\"https:\\\/\\\/marktxxl.de\\\/markt\\\/produkt\\\/inkyeah-druckerpatronen-545-546-xl-pg-545-cl-546-kompatibel-fuer-canon-545-546-xl-original-patronen-545-546-xl-multipack-fuer-pixma-ts3400-ts3100-ts3150-ts3300-ts3350-ts3450-tr4500-tr4551-mg2500-mx4\\\/#primaryimage\"},\"thumbnailUrl\":\"https:\\\/\\\/m.media-amazon.com\\\/images\\\/I\\\/41FRPSPu8nL._SL500_.jpg\",\"datePublished\":\"2024-07-28T16:34:42+00:00\",\"description\":\"Markt-XXL InkYeah Druckerpatronen 545 546 XL, PG-545 CL-546 Kompatibel f\u00fcr Canon 545 546 XL Original, Patronen 545 546 XL Multipack f\u00fcr Pixma TS3400 TS3100 TS3150 TS3300 TS3350 TS3450 TR4500 TR4551 MG2500 MX495\",\"breadcrumb\":{\"@id\":\"https:\\\/\\\/marktxxl.de\\\/markt\\\/produkt\\\/inkyeah-druckerpatronen-545-546-xl-pg-545-cl-546-kompatibel-fuer-canon-545-546-xl-original-patronen-545-546-xl-multipack-fuer-pixma-ts3400-ts3100-ts3150-ts3300-ts3350-ts3450-tr4500-tr4551-mg2500-mx4\\\/#breadcrumb\"},\"inLanguage\":\"de\",\"potentialAction\":[{\"@type\":\"ReadAction\",\"target\":[\"https:\\\/\\\/marktxxl.de\\\/markt\\\/produkt\\\/inkyeah-druckerpatronen-545-546-xl-pg-545-cl-546-kompatibel-fuer-canon-545-546-xl-original-patronen-545-546-xl-multipack-fuer-pixma-ts3400-ts3100-ts3150-ts3300-ts3350-ts3450-tr4500-tr4551-mg2500-mx4\\\/\"]}]},{\"@type\":\"ImageObject\",\"inLanguage\":\"de\",\"@id\":\"https:\\\/\\\/marktxxl.de\\\/markt\\\/produkt\\\/inkyeah-druckerpatronen-545-546-xl-pg-545-cl-546-kompatibel-fuer-canon-545-546-xl-original-patronen-545-546-xl-multipack-fuer-pixma-ts3400-ts3100-ts3150-ts3300-ts3350-ts3450-tr4500-tr4551-mg2500-mx4\\\/#primaryimage\",\"url\":\"https:\\\/\\\/m.media-amazon.com\\\/images\\\/I\\\/41FRPSPu8nL._SL500_.jpg\",\"contentUrl\":\"https:\\\/\\\/m.media-amazon.com\\\/images\\\/I\\\/41FRPSPu8nL._SL500_.jpg\",\"width\":500,\"height\":500},{\"@type\":\"BreadcrumbList\",\"@id\":\"https:\\\/\\\/marktxxl.de\\\/markt\\\/produkt\\\/inkyeah-druckerpatronen-545-546-xl-pg-545-cl-546-kompatibel-fuer-canon-545-546-xl-original-patronen-545-546-xl-multipack-fuer-pixma-ts3400-ts3100-ts3150-ts3300-ts3350-ts3450-tr4500-tr4551-mg2500-mx4\\\/#breadcrumb\",\"itemListElement\":[{\"@type\":\"ListItem\",\"position\":1,\"name\":\"Startseite\",\"item\":\"https:\\\/\\\/marktxxl.de\\\/markt\\\/\"},{\"@type\":\"ListItem\",\"position\":2,\"name\":\"Markt\",\"item\":\"https:\\\/\\\/marktxxl.de\\\/markt\\\/\"},{\"@type\":\"ListItem\",\"position\":3,\"name\":\"InkYeah Druckerpatronen 545 546 XL, PG-545 CL-546 Kompatibel f\u00fcr Canon 545 546 XL Original, Patronen 545 546 XL Multipack f\u00fcr Pixma TS3400 TS3100 TS3150 TS3300 TS3350 TS3450 TR4500 TR4551 MG2500 MX495\"}]},{\"@type\":\"WebSite\",\"@id\":\"https:\\\/\\\/marktxxl.de\\\/markt\\\/#website\",\"url\":\"https:\\\/\\\/marktxxl.de\\\/markt\\\/\",\"name\":\"Markt-XXL\",\"description\":\"Ihr Markt Online\",\"publisher\":{\"@id\":\"https:\\\/\\\/marktxxl.de\\\/markt\\\/#organization\"},\"potentialAction\":[{\"@type\":\"SearchAction\",\"target\":{\"@type\":\"EntryPoint\",\"urlTemplate\":\"https:\\\/\\\/marktxxl.de\\\/markt\\\/?s={search_term_string}\"},\"query-input\":{\"@type\":\"PropertyValueSpecification\",\"valueRequired\":true,\"valueName\":\"search_term_string\"}}],\"inLanguage\":\"de\"},{\"@type\":\"Organization\",\"@id\":\"https:\\\/\\\/marktxxl.de\\\/markt\\\/#organization\",\"name\":\"Markt-XXL\",\"url\":\"https:\\\/\\\/marktxxl.de\\\/markt\\\/\",\"logo\":{\"@type\":\"ImageObject\",\"inLanguage\":\"de\",\"@id\":\"https:\\\/\\\/marktxxl.de\\\/markt\\\/#\\\/schema\\\/logo\\\/image\\\/\",\"url\":\"https:\\\/\\\/marktxxl.de\\\/markt\\\/wp-content\\\/uploads\\\/sites\\\/3\\\/2020\\\/12\\\/logo.png\",\"contentUrl\":\"https:\\\/\\\/marktxxl.de\\\/markt\\\/wp-content\\\/uploads\\\/sites\\\/3\\\/2020\\\/12\\\/logo.png\",\"width\":200,\"height\":70,\"caption\":\"Markt-XXL\"},\"image\":{\"@id\":\"https:\\\/\\\/marktxxl.de\\\/markt\\\/#\\\/schema\\\/logo\\\/image\\\/\"}}]}<\/script>\n<!-- \/ Yoast SEO plugin. -->","yoast_head_json":{"title":"InkYeah Druckerpatronen 545 546 XL, PG-545 CL-546 Kompatibel f\u00fcr Canon 545 546 XL Original, Patronen 545 546 XL Multipack f\u00fcr Pixma TS3400 TS3100 TS3150 TS3300 TS3350 TS3450 TR4500 TR4551 MG2500 MX495 - Markt-XXL","description":"Markt-XXL InkYeah Druckerpatronen 545 546 XL, PG-545 CL-546 Kompatibel f\u00fcr Canon 545 546 XL Original, Patronen 545 546 XL Multipack f\u00fcr Pixma TS3400 TS3100 TS3150 TS3300 TS3350 TS3450 TR4500 TR4551 MG2500 MX495","robots":{"index":"index","follow":"follow","max-snippet":"max-snippet:-1","max-image-preview":"max-image-preview:large","max-video-preview":"max-video-preview:-1"},"canonical":"https:\/\/marktxxl.de\/markt\/produkt\/inkyeah-druckerpatronen-545-546-xl-pg-545-cl-546-kompatibel-fuer-canon-545-546-xl-original-patronen-545-546-xl-multipack-fuer-pixma-ts3400-ts3100-ts3150-ts3300-ts3350-ts3450-tr4500-tr4551-mg2500-mx4\/","og_locale":"de_DE","og_type":"article","og_title":"InkYeah Druckerpatronen 545 546 XL, PG-545 CL-546 Kompatibel f\u00fcr Canon 545 546 XL Original, Patronen 545 546 XL Multipack f\u00fcr Pixma TS3400 TS3100 TS3150 TS3300 TS3350 TS3450 TR4500 TR4551 MG2500 MX495 - Markt-XXL","og_description":"Markt-XXL InkYeah Druckerpatronen 545 546 XL, PG-545 CL-546 Kompatibel f\u00fcr Canon 545 546 XL Original, Patronen 545 546 XL Multipack f\u00fcr Pixma TS3400 TS3100 TS3150 TS3300 TS3350 TS3450 TR4500 TR4551 MG2500 MX495","og_url":"https:\/\/marktxxl.de\/markt\/produkt\/inkyeah-druckerpatronen-545-546-xl-pg-545-cl-546-kompatibel-fuer-canon-545-546-xl-original-patronen-545-546-xl-multipack-fuer-pixma-ts3400-ts3100-ts3150-ts3300-ts3350-ts3450-tr4500-tr4551-mg2500-mx4\/","og_site_name":"Markt-XXL","twitter_card":"summary_large_image","twitter_misc":{"Gesch\u00e4tzte Lesezeit":"1\u00a0Minute"},"schema":{"@context":"https:\/\/schema.org","@graph":[{"@type":"WebPage","@id":"https:\/\/marktxxl.de\/markt\/produkt\/inkyeah-druckerpatronen-545-546-xl-pg-545-cl-546-kompatibel-fuer-canon-545-546-xl-original-patronen-545-546-xl-multipack-fuer-pixma-ts3400-ts3100-ts3150-ts3300-ts3350-ts3450-tr4500-tr4551-mg2500-mx4\/","url":"https:\/\/marktxxl.de\/markt\/produkt\/inkyeah-druckerpatronen-545-546-xl-pg-545-cl-546-kompatibel-fuer-canon-545-546-xl-original-patronen-545-546-xl-multipack-fuer-pixma-ts3400-ts3100-ts3150-ts3300-ts3350-ts3450-tr4500-tr4551-mg2500-mx4\/","name":"InkYeah Druckerpatronen 545 546 XL, PG-545 CL-546 Kompatibel f\u00fcr Canon 545 546 XL Original, Patronen 545 546 XL Multipack f\u00fcr Pixma TS3400 TS3100 TS3150 TS3300 TS3350 TS3450 TR4500 TR4551 MG2500 MX495 - Markt-XXL","isPartOf":{"@id":"https:\/\/marktxxl.de\/markt\/#website"},"primaryImageOfPage":{"@id":"https:\/\/marktxxl.de\/markt\/produkt\/inkyeah-druckerpatronen-545-546-xl-pg-545-cl-546-kompatibel-fuer-canon-545-546-xl-original-patronen-545-546-xl-multipack-fuer-pixma-ts3400-ts3100-ts3150-ts3300-ts3350-ts3450-tr4500-tr4551-mg2500-mx4\/#primaryimage"},"image":{"@id":"https:\/\/marktxxl.de\/markt\/produkt\/inkyeah-druckerpatronen-545-546-xl-pg-545-cl-546-kompatibel-fuer-canon-545-546-xl-original-patronen-545-546-xl-multipack-fuer-pixma-ts3400-ts3100-ts3150-ts3300-ts3350-ts3450-tr4500-tr4551-mg2500-mx4\/#primaryimage"},"thumbnailUrl":"https:\/\/m.media-amazon.com\/images\/I\/41FRPSPu8nL._SL500_.jpg","datePublished":"2024-07-28T16:34:42+00:00","description":"Markt-XXL InkYeah Druckerpatronen 545 546 XL, PG-545 CL-546 Kompatibel f\u00fcr Canon 545 546 XL Original, Patronen 545 546 XL Multipack f\u00fcr Pixma TS3400 TS3100 TS3150 TS3300 TS3350 TS3450 TR4500 TR4551 MG2500 MX495","breadcrumb":{"@id":"https:\/\/marktxxl.de\/markt\/produkt\/inkyeah-druckerpatronen-545-546-xl-pg-545-cl-546-kompatibel-fuer-canon-545-546-xl-original-patronen-545-546-xl-multipack-fuer-pixma-ts3400-ts3100-ts3150-ts3300-ts3350-ts3450-tr4500-tr4551-mg2500-mx4\/#breadcrumb"},"inLanguage":"de","potentialAction":[{"@type":"ReadAction","target":["https:\/\/marktxxl.de\/markt\/produkt\/inkyeah-druckerpatronen-545-546-xl-pg-545-cl-546-kompatibel-fuer-canon-545-546-xl-original-patronen-545-546-xl-multipack-fuer-pixma-ts3400-ts3100-ts3150-ts3300-ts3350-ts3450-tr4500-tr4551-mg2500-mx4\/"]}]},{"@type":"ImageObject","inLanguage":"de","@id":"https:\/\/marktxxl.de\/markt\/produkt\/inkyeah-druckerpatronen-545-546-xl-pg-545-cl-546-kompatibel-fuer-canon-545-546-xl-original-patronen-545-546-xl-multipack-fuer-pixma-ts3400-ts3100-ts3150-ts3300-ts3350-ts3450-tr4500-tr4551-mg2500-mx4\/#primaryimage","url":"https:\/\/m.media-amazon.com\/images\/I\/41FRPSPu8nL._SL500_.jpg","contentUrl":"https:\/\/m.media-amazon.com\/images\/I\/41FRPSPu8nL._SL500_.jpg","width":500,"height":500},{"@type":"BreadcrumbList","@id":"https:\/\/marktxxl.de\/markt\/produkt\/inkyeah-druckerpatronen-545-546-xl-pg-545-cl-546-kompatibel-fuer-canon-545-546-xl-original-patronen-545-546-xl-multipack-fuer-pixma-ts3400-ts3100-ts3150-ts3300-ts3350-ts3450-tr4500-tr4551-mg2500-mx4\/#breadcrumb","itemListElement":[{"@type":"ListItem","position":1,"name":"Startseite","item":"https:\/\/marktxxl.de\/markt\/"},{"@type":"ListItem","position":2,"name":"Markt","item":"https:\/\/marktxxl.de\/markt\/"},{"@type":"ListItem","position":3,"name":"InkYeah Druckerpatronen 545 546 XL, PG-545 CL-546 Kompatibel f\u00fcr Canon 545 546 XL Original, Patronen 545 546 XL Multipack f\u00fcr Pixma TS3400 TS3100 TS3150 TS3300 TS3350 TS3450 TR4500 TR4551 MG2500 MX495"}]},{"@type":"WebSite","@id":"https:\/\/marktxxl.de\/markt\/#website","url":"https:\/\/marktxxl.de\/markt\/","name":"Markt-XXL","description":"Ihr Markt Online","publisher":{"@id":"https:\/\/marktxxl.de\/markt\/#organization"},"potentialAction":[{"@type":"SearchAction","target":{"@type":"EntryPoint","urlTemplate":"https:\/\/marktxxl.de\/markt\/?s={search_term_string}"},"query-input":{"@type":"PropertyValueSpecification","valueRequired":true,"valueName":"search_term_string"}}],"inLanguage":"de"},{"@type":"Organization","@id":"https:\/\/marktxxl.de\/markt\/#organization","name":"Markt-XXL","url":"https:\/\/marktxxl.de\/markt\/","logo":{"@type":"ImageObject","inLanguage":"de","@id":"https:\/\/marktxxl.de\/markt\/#\/schema\/logo\/image\/","url":"https:\/\/marktxxl.de\/markt\/wp-content\/uploads\/sites\/3\/2020\/12\/logo.png","contentUrl":"https:\/\/marktxxl.de\/markt\/wp-content\/uploads\/sites\/3\/2020\/12\/logo.png","width":200,"height":70,"caption":"Markt-XXL"},"image":{"@id":"https:\/\/marktxxl.de\/markt\/#\/schema\/logo\/image\/"}}]}},"_links":{"self":[{"href":"https:\/\/marktxxl.de\/markt\/wp-json\/wp\/v2\/product\/224162","targetHints":{"allow":["GET"]}}],"collection":[{"href":"https:\/\/marktxxl.de\/markt\/wp-json\/wp\/v2\/product"}],"about":[{"href":"https:\/\/marktxxl.de\/markt\/wp-json\/wp\/v2\/types\/product"}],"replies":[{"embeddable":true,"href":"https:\/\/marktxxl.de\/markt\/wp-json\/wp\/v2\/comments?post=224162"}],"wp:featuredmedia":[{"embeddable":true,"href":"https:\/\/marktxxl.de\/markt\/wp-json\/wp\/v2\/media\/224163"}],"wp:attachment":[{"href":"https:\/\/marktxxl.de\/markt\/wp-json\/wp\/v2\/media?parent=224162"}],"wp:term":[{"taxonomy":"product_brand","embeddable":true,"href":"https:\/\/marktxxl.de\/markt\/wp-json\/wp\/v2\/product_brand?post=224162"},{"taxonomy":"product_cat","embeddable":true,"href":"https:\/\/marktxxl.de\/markt\/wp-json\/wp\/v2\/product_cat?post=224162"},{"taxonomy":"product_tag","embeddable":true,"href":"https:\/\/marktxxl.de\/markt\/wp-json\/wp\/v2\/product_tag?post=224162"}],"curies":[{"name":"wp","href":"https:\/\/api.w.org\/{rel}","templated":true}]}}