{"id":224154,"date":"2024-07-28T18:33:32","date_gmt":"2024-07-28T16:33:32","guid":{"rendered":"https:\/\/marktxxl.de\/markt\/produkt\/xahpower-12v-netzteil-ladegeraet-kompatibel-mit-avm-fritzbox-7590-7590-ax-5590-fiber-5530-fiber-7530-7530-ax-7490-7510-6690-cable-6660-cable-6490-cable-6670-cable-7430-wlan-router-ladekabel-3m\/"},"modified":"2024-07-28T18:33:32","modified_gmt":"2024-07-28T16:33:32","slug":"xahpower-12v-netzteil-ladegeraet-kompatibel-mit-avm-fritzbox-7590-7590-ax-5590-fiber-5530-fiber-7530-7530-ax-7490-7510-6690-cable-6660-cable-6490-cable-6670-cable-7430-wlan-router-ladekabel-3m","status":"publish","type":"product","link":"https:\/\/marktxxl.de\/markt\/produkt\/xahpower-12v-netzteil-ladegeraet-kompatibel-mit-avm-fritzbox-7590-7590-ax-5590-fiber-5530-fiber-7530-7530-ax-7490-7510-6690-cable-6660-cable-6490-cable-6670-cable-7430-wlan-router-ladekabel-3m\/","title":{"rendered":"Xahpower 12V Netzteil Ladeger\u00e4t Kompatibel mit AVM Fritz!Box 7590 7590 AX 5590 Fiber 5530 Fiber 7530 7530 AX 7490 7510 6690 Cable 6660 Cable 6490 Cable 6670 Cable 7430 WLAN Router Ladekabel 3M"},"content":{"rendered":"<p>\u2705\u3010Produktspezifikation\u3011Eingang: 100\u2013240 V, 50\/60 Hz; Ausgang: 12 V, 3,5 A (kompatibel mit 12V 3 A, 12V 2,5A, 12V 2A, 12V 1,5A, 12 1A); Anschlussgr\u00f6\u00dfe: 5,5 x 2,5 mm; Gesamtl\u00e4nge: 3 m, ausreichend lang und bequem zu verwenden.<br \/>\n\u2705\u3010Kompatible Ger\u00e4te\u301112V netzteil ladekabel kompatibel mit AVM Fritz!Box 7590\/ 7590 AX\/ 7583 VDSL\/ 7583\/ 7582\/ 7581\/ 7580\/ 7570 VDSL\/ 7560\/ 7530\/ 7530 AX\/ 7520\/7510\/ 7490\/ 7430\/ 7412\/ 7390\/ 7369\/ 7362 SL\/ 6690 Cable\/ 6660 Cable\/ 6591 Cable\/ 6590 Cable\/ 5590 Fiber\/ 5550 Fiber\/ 5530 Fiber\/ 5050\/ 5012\/ 5010\/ 4080\/ 4060\/ 3030\/ 3020\/ 2170\/ 2110\/ 2070\/ 2031\/ 2030 WLAN router.<br \/>\n\u2705 \u3010Kompatibel mit P\/N\u3011Ersatz ladeger\u00e4t kompatibel mit 311P0W047, 311P0W062, 311P0W067, 311P0W072, 311P0W089, 311P0W091, 311P0W093, 311P0W096, 311P0W105, 311P0W106, 311P0W109, 311P0W112, 311P0W115, 311P0W126, 311P0W128, 311P0W130, 311P0W131, 311P0W132, 311P0W134, 311P0W164, 311P0W167.<br \/>\n\u2705 \u3010Sicheres Laden\u3011Integrierte intelligente sicherheitsschutzchips bieten kurzschlussschutz, \u00dcberhitzungsschutz, \u00dcberstromschutz und \u00dcberspannungsschutz zum Schutz Ihres Routers.<br \/>\n\u2705 \u3010Was Sie Erhalten\u30111 x router netzteil. Wenn es ein problem mit dem produkt gibt, kontaktieren Sie uns bitte und wir werden uns rechtzeitig um Ihr problem k\u00fcmmern.<br \/>\n<div class=\"main-cross-sell\" data-asin=\"B0D7339CCQ\">\n\n\t<div class=\"WooZone-cross-sell-loader\">\n\t\t<div>\n\t\t\t<div id=\"floatingBarsG\">\n\t\t\t\t<div class=\"blockG\" id=\"rotateG_01\"><\/div>\n\t\t\t\t<div class=\"blockG\" id=\"rotateG_02\"><\/div>\n\t\t\t\t<div class=\"blockG\" id=\"rotateG_03\"><\/div>\n\t\t\t\t<div class=\"blockG\" id=\"rotateG_04\"><\/div>\n\t\t\t\t<div class=\"blockG\" id=\"rotateG_05\"><\/div>\n\t\t\t\t<div class=\"blockG\" id=\"rotateG_06\"><\/div>\n\t\t\t\t<div class=\"blockG\" id=\"rotateG_07\"><\/div>\n\t\t\t\t<div class=\"blockG\" id=\"rotateG_08\"><\/div>\n\t\t\t<\/div>\n\t\t\t<div class=\"WooZone-cross-sell-loader-text\"><\/div>\n\t\t<\/div>\n\t<\/div>\n\n\t\t\n<\/div>\n<div style=\"clear:both;\"><\/div><\/p>\n","protected":false},"excerpt":{"rendered":"<p>\u2705\u3010Produktspezifikation\u3011Eingang: 100\u2013240 V, 50\/60 Hz; Ausgang: 12 V, 3,5 A (kompatibel mit 12V 3 A, 12V 2,5A, 12V 2A, 12V 1,5A, 12 1A); Anschlussgr\u00f6\u00dfe: 5,5 x 2,5 mm; Gesamtl\u00e4nge: 3 m, ausreichend lang und bequem zu verwenden.<br \/>\n\u2705\u3010Kompatible Ger\u00e4te\u301112V netzteil ladekabel kompatibel mit AVM Fritz!Box 7590\/ 7590 AX\/ 7583 VDSL\/ 7583\/ 7582\/ 7581\/ 7580\/ 7570 VDSL\/ 7560\/ 7530\/ 7530 AX\/ 7520\/7510\/ 7490\/ 7430\/ 7412\/ 7390\/ 7369\/ 7362 SL\/ 6690 Cable\/ 6660 Cable\/ 6591 Cable\/ 6590 Cable\/ 5590 Fiber\/ 5550 Fiber\/ 5530 Fiber\/ 5050\/ 5012\/ 5010\/ 4080\/ 4060\/ 3030\/ 3020\/ 2170\/ 2110\/ 2070\/ 2031\/ 2030 WLAN router.<br \/>\n\u2705 \u3010Kompatibel mit P\/N\u3011Ersatz ladeger\u00e4t kompatibel mit 311P0W047, 311P0W062, 311P0W067, 311P0W072, 311P0W089, 311P0W091, 311P0W093, 311P0W096, 311P0W105, 311P0W106, 311P0W109, 311P0W112, 311P0W115, 311P0W126, 311P0W128, 311P0W130, 311P0W131, 311P0W132, 311P0W134, 311P0W164, 311P0W167.<\/p>\n","protected":false},"featured_media":224155,"comment_status":"open","ping_status":"closed","template":"","meta":[],"product_brand":[],"product_cat":[863],"product_tag":[],"class_list":{"0":"post-224154","1":"product","2":"type-product","3":"status-publish","4":"has-post-thumbnail","6":"product_cat-computer-zubehoer","7":"pa_binding-misc","8":"pa_brand-xahpower","9":"pa_color-weiss","10":"pa_manufacturer-xahpower","11":"pa_model-56111","13":"first","14":"instock","15":"shipping-taxable","16":"purchasable","17":"product-type-simple","18":"customify-col","19":"product-has-gallery"},"yoast_head":"<!-- This site is optimized with the Yoast SEO plugin v27.3 - https:\/\/yoast.com\/product\/yoast-seo-wordpress\/ -->\n<title>Xahpower 12V Netzteil Ladeger\u00e4t Kompatibel mit AVM Fritz!Box 7590 7590 AX 5590 Fiber 5530 Fiber 7530 7530 AX 7490 7510 6690 Cable 6660 Cable 6490 Cable 6670 Cable 7430 WLAN Router Ladekabel 3M - Markt-XXL<\/title>\n<meta name=\"description\" content=\"Markt-XXL Xahpower 12V Netzteil Ladeger\u00e4t Kompatibel mit AVM Fritz!Box 7590 7590 AX 5590 Fiber 5530 Fiber 7530 7530 AX 7490 7510 6690 Cable 6660 Cable 6490 Cable 6670 Cable 7430 WLAN Router Ladekabel 3M\" \/>\n<meta name=\"robots\" content=\"index, follow, max-snippet:-1, max-image-preview:large, max-video-preview:-1\" \/>\n<link rel=\"canonical\" href=\"https:\/\/marktxxl.de\/markt\/produkt\/xahpower-12v-netzteil-ladegeraet-kompatibel-mit-avm-fritzbox-7590-7590-ax-5590-fiber-5530-fiber-7530-7530-ax-7490-7510-6690-cable-6660-cable-6490-cable-6670-cable-7430-wlan-router-ladekabel-3m\/\" \/>\n<meta property=\"og:locale\" content=\"de_DE\" \/>\n<meta property=\"og:type\" content=\"article\" \/>\n<meta property=\"og:title\" content=\"Xahpower 12V Netzteil Ladeger\u00e4t Kompatibel mit AVM Fritz!Box 7590 7590 AX 5590 Fiber 5530 Fiber 7530 7530 AX 7490 7510 6690 Cable 6660 Cable 6490 Cable 6670 Cable 7430 WLAN Router Ladekabel 3M - Markt-XXL\" \/>\n<meta property=\"og:description\" content=\"Markt-XXL Xahpower 12V Netzteil Ladeger\u00e4t Kompatibel mit AVM Fritz!Box 7590 7590 AX 5590 Fiber 5530 Fiber 7530 7530 AX 7490 7510 6690 Cable 6660 Cable 6490 Cable 6670 Cable 7430 WLAN Router Ladekabel 3M\" \/>\n<meta property=\"og:url\" content=\"https:\/\/marktxxl.de\/markt\/produkt\/xahpower-12v-netzteil-ladegeraet-kompatibel-mit-avm-fritzbox-7590-7590-ax-5590-fiber-5530-fiber-7530-7530-ax-7490-7510-6690-cable-6660-cable-6490-cable-6670-cable-7430-wlan-router-ladekabel-3m\/\" \/>\n<meta property=\"og:site_name\" content=\"Markt-XXL\" \/>\n<meta name=\"twitter:card\" content=\"summary_large_image\" \/>\n<meta name=\"twitter:label1\" content=\"Gesch\u00e4tzte Lesezeit\" \/>\n\t<meta name=\"twitter:data1\" content=\"1\u00a0Minute\" \/>\n<script type=\"application\/ld+json\" class=\"yoast-schema-graph\">{\"@context\":\"https:\\\/\\\/schema.org\",\"@graph\":[{\"@type\":\"WebPage\",\"@id\":\"https:\\\/\\\/marktxxl.de\\\/markt\\\/produkt\\\/xahpower-12v-netzteil-ladegeraet-kompatibel-mit-avm-fritzbox-7590-7590-ax-5590-fiber-5530-fiber-7530-7530-ax-7490-7510-6690-cable-6660-cable-6490-cable-6670-cable-7430-wlan-router-ladekabel-3m\\\/\",\"url\":\"https:\\\/\\\/marktxxl.de\\\/markt\\\/produkt\\\/xahpower-12v-netzteil-ladegeraet-kompatibel-mit-avm-fritzbox-7590-7590-ax-5590-fiber-5530-fiber-7530-7530-ax-7490-7510-6690-cable-6660-cable-6490-cable-6670-cable-7430-wlan-router-ladekabel-3m\\\/\",\"name\":\"Xahpower 12V Netzteil Ladeger\u00e4t Kompatibel mit AVM Fritz!Box 7590 7590 AX 5590 Fiber 5530 Fiber 7530 7530 AX 7490 7510 6690 Cable 6660 Cable 6490 Cable 6670 Cable 7430 WLAN Router Ladekabel 3M - Markt-XXL\",\"isPartOf\":{\"@id\":\"https:\\\/\\\/marktxxl.de\\\/markt\\\/#website\"},\"primaryImageOfPage\":{\"@id\":\"https:\\\/\\\/marktxxl.de\\\/markt\\\/produkt\\\/xahpower-12v-netzteil-ladegeraet-kompatibel-mit-avm-fritzbox-7590-7590-ax-5590-fiber-5530-fiber-7530-7530-ax-7490-7510-6690-cable-6660-cable-6490-cable-6670-cable-7430-wlan-router-ladekabel-3m\\\/#primaryimage\"},\"image\":{\"@id\":\"https:\\\/\\\/marktxxl.de\\\/markt\\\/produkt\\\/xahpower-12v-netzteil-ladegeraet-kompatibel-mit-avm-fritzbox-7590-7590-ax-5590-fiber-5530-fiber-7530-7530-ax-7490-7510-6690-cable-6660-cable-6490-cable-6670-cable-7430-wlan-router-ladekabel-3m\\\/#primaryimage\"},\"thumbnailUrl\":\"https:\\\/\\\/m.media-amazon.com\\\/images\\\/I\\\/31G4HeL1DVL._SL500_.jpg\",\"datePublished\":\"2024-07-28T16:33:32+00:00\",\"description\":\"Markt-XXL Xahpower 12V Netzteil Ladeger\u00e4t Kompatibel mit AVM Fritz!Box 7590 7590 AX 5590 Fiber 5530 Fiber 7530 7530 AX 7490 7510 6690 Cable 6660 Cable 6490 Cable 6670 Cable 7430 WLAN Router Ladekabel 3M\",\"breadcrumb\":{\"@id\":\"https:\\\/\\\/marktxxl.de\\\/markt\\\/produkt\\\/xahpower-12v-netzteil-ladegeraet-kompatibel-mit-avm-fritzbox-7590-7590-ax-5590-fiber-5530-fiber-7530-7530-ax-7490-7510-6690-cable-6660-cable-6490-cable-6670-cable-7430-wlan-router-ladekabel-3m\\\/#breadcrumb\"},\"inLanguage\":\"de\",\"potentialAction\":[{\"@type\":\"ReadAction\",\"target\":[\"https:\\\/\\\/marktxxl.de\\\/markt\\\/produkt\\\/xahpower-12v-netzteil-ladegeraet-kompatibel-mit-avm-fritzbox-7590-7590-ax-5590-fiber-5530-fiber-7530-7530-ax-7490-7510-6690-cable-6660-cable-6490-cable-6670-cable-7430-wlan-router-ladekabel-3m\\\/\"]}]},{\"@type\":\"ImageObject\",\"inLanguage\":\"de\",\"@id\":\"https:\\\/\\\/marktxxl.de\\\/markt\\\/produkt\\\/xahpower-12v-netzteil-ladegeraet-kompatibel-mit-avm-fritzbox-7590-7590-ax-5590-fiber-5530-fiber-7530-7530-ax-7490-7510-6690-cable-6660-cable-6490-cable-6670-cable-7430-wlan-router-ladekabel-3m\\\/#primaryimage\",\"url\":\"https:\\\/\\\/m.media-amazon.com\\\/images\\\/I\\\/31G4HeL1DVL._SL500_.jpg\",\"contentUrl\":\"https:\\\/\\\/m.media-amazon.com\\\/images\\\/I\\\/31G4HeL1DVL._SL500_.jpg\",\"width\":500,\"height\":500},{\"@type\":\"BreadcrumbList\",\"@id\":\"https:\\\/\\\/marktxxl.de\\\/markt\\\/produkt\\\/xahpower-12v-netzteil-ladegeraet-kompatibel-mit-avm-fritzbox-7590-7590-ax-5590-fiber-5530-fiber-7530-7530-ax-7490-7510-6690-cable-6660-cable-6490-cable-6670-cable-7430-wlan-router-ladekabel-3m\\\/#breadcrumb\",\"itemListElement\":[{\"@type\":\"ListItem\",\"position\":1,\"name\":\"Startseite\",\"item\":\"https:\\\/\\\/marktxxl.de\\\/markt\\\/\"},{\"@type\":\"ListItem\",\"position\":2,\"name\":\"Markt\",\"item\":\"https:\\\/\\\/marktxxl.de\\\/markt\\\/\"},{\"@type\":\"ListItem\",\"position\":3,\"name\":\"Xahpower 12V Netzteil Ladeger\u00e4t Kompatibel mit AVM Fritz!Box 7590 7590 AX 5590 Fiber 5530 Fiber 7530 7530 AX 7490 7510 6690 Cable 6660 Cable 6490 Cable 6670 Cable 7430 WLAN Router Ladekabel 3M\"}]},{\"@type\":\"WebSite\",\"@id\":\"https:\\\/\\\/marktxxl.de\\\/markt\\\/#website\",\"url\":\"https:\\\/\\\/marktxxl.de\\\/markt\\\/\",\"name\":\"Markt-XXL\",\"description\":\"Ihr Markt Online\",\"publisher\":{\"@id\":\"https:\\\/\\\/marktxxl.de\\\/markt\\\/#organization\"},\"potentialAction\":[{\"@type\":\"SearchAction\",\"target\":{\"@type\":\"EntryPoint\",\"urlTemplate\":\"https:\\\/\\\/marktxxl.de\\\/markt\\\/?s={search_term_string}\"},\"query-input\":{\"@type\":\"PropertyValueSpecification\",\"valueRequired\":true,\"valueName\":\"search_term_string\"}}],\"inLanguage\":\"de\"},{\"@type\":\"Organization\",\"@id\":\"https:\\\/\\\/marktxxl.de\\\/markt\\\/#organization\",\"name\":\"Markt-XXL\",\"url\":\"https:\\\/\\\/marktxxl.de\\\/markt\\\/\",\"logo\":{\"@type\":\"ImageObject\",\"inLanguage\":\"de\",\"@id\":\"https:\\\/\\\/marktxxl.de\\\/markt\\\/#\\\/schema\\\/logo\\\/image\\\/\",\"url\":\"https:\\\/\\\/marktxxl.de\\\/markt\\\/wp-content\\\/uploads\\\/sites\\\/3\\\/2020\\\/12\\\/logo.png\",\"contentUrl\":\"https:\\\/\\\/marktxxl.de\\\/markt\\\/wp-content\\\/uploads\\\/sites\\\/3\\\/2020\\\/12\\\/logo.png\",\"width\":200,\"height\":70,\"caption\":\"Markt-XXL\"},\"image\":{\"@id\":\"https:\\\/\\\/marktxxl.de\\\/markt\\\/#\\\/schema\\\/logo\\\/image\\\/\"}}]}<\/script>\n<!-- \/ Yoast SEO plugin. -->","yoast_head_json":{"title":"Xahpower 12V Netzteil Ladeger\u00e4t Kompatibel mit AVM Fritz!Box 7590 7590 AX 5590 Fiber 5530 Fiber 7530 7530 AX 7490 7510 6690 Cable 6660 Cable 6490 Cable 6670 Cable 7430 WLAN Router Ladekabel 3M - Markt-XXL","description":"Markt-XXL Xahpower 12V Netzteil Ladeger\u00e4t Kompatibel mit AVM Fritz!Box 7590 7590 AX 5590 Fiber 5530 Fiber 7530 7530 AX 7490 7510 6690 Cable 6660 Cable 6490 Cable 6670 Cable 7430 WLAN Router Ladekabel 3M","robots":{"index":"index","follow":"follow","max-snippet":"max-snippet:-1","max-image-preview":"max-image-preview:large","max-video-preview":"max-video-preview:-1"},"canonical":"https:\/\/marktxxl.de\/markt\/produkt\/xahpower-12v-netzteil-ladegeraet-kompatibel-mit-avm-fritzbox-7590-7590-ax-5590-fiber-5530-fiber-7530-7530-ax-7490-7510-6690-cable-6660-cable-6490-cable-6670-cable-7430-wlan-router-ladekabel-3m\/","og_locale":"de_DE","og_type":"article","og_title":"Xahpower 12V Netzteil Ladeger\u00e4t Kompatibel mit AVM Fritz!Box 7590 7590 AX 5590 Fiber 5530 Fiber 7530 7530 AX 7490 7510 6690 Cable 6660 Cable 6490 Cable 6670 Cable 7430 WLAN Router Ladekabel 3M - Markt-XXL","og_description":"Markt-XXL Xahpower 12V Netzteil Ladeger\u00e4t Kompatibel mit AVM Fritz!Box 7590 7590 AX 5590 Fiber 5530 Fiber 7530 7530 AX 7490 7510 6690 Cable 6660 Cable 6490 Cable 6670 Cable 7430 WLAN Router Ladekabel 3M","og_url":"https:\/\/marktxxl.de\/markt\/produkt\/xahpower-12v-netzteil-ladegeraet-kompatibel-mit-avm-fritzbox-7590-7590-ax-5590-fiber-5530-fiber-7530-7530-ax-7490-7510-6690-cable-6660-cable-6490-cable-6670-cable-7430-wlan-router-ladekabel-3m\/","og_site_name":"Markt-XXL","twitter_card":"summary_large_image","twitter_misc":{"Gesch\u00e4tzte Lesezeit":"1\u00a0Minute"},"schema":{"@context":"https:\/\/schema.org","@graph":[{"@type":"WebPage","@id":"https:\/\/marktxxl.de\/markt\/produkt\/xahpower-12v-netzteil-ladegeraet-kompatibel-mit-avm-fritzbox-7590-7590-ax-5590-fiber-5530-fiber-7530-7530-ax-7490-7510-6690-cable-6660-cable-6490-cable-6670-cable-7430-wlan-router-ladekabel-3m\/","url":"https:\/\/marktxxl.de\/markt\/produkt\/xahpower-12v-netzteil-ladegeraet-kompatibel-mit-avm-fritzbox-7590-7590-ax-5590-fiber-5530-fiber-7530-7530-ax-7490-7510-6690-cable-6660-cable-6490-cable-6670-cable-7430-wlan-router-ladekabel-3m\/","name":"Xahpower 12V Netzteil Ladeger\u00e4t Kompatibel mit AVM Fritz!Box 7590 7590 AX 5590 Fiber 5530 Fiber 7530 7530 AX 7490 7510 6690 Cable 6660 Cable 6490 Cable 6670 Cable 7430 WLAN Router Ladekabel 3M - Markt-XXL","isPartOf":{"@id":"https:\/\/marktxxl.de\/markt\/#website"},"primaryImageOfPage":{"@id":"https:\/\/marktxxl.de\/markt\/produkt\/xahpower-12v-netzteil-ladegeraet-kompatibel-mit-avm-fritzbox-7590-7590-ax-5590-fiber-5530-fiber-7530-7530-ax-7490-7510-6690-cable-6660-cable-6490-cable-6670-cable-7430-wlan-router-ladekabel-3m\/#primaryimage"},"image":{"@id":"https:\/\/marktxxl.de\/markt\/produkt\/xahpower-12v-netzteil-ladegeraet-kompatibel-mit-avm-fritzbox-7590-7590-ax-5590-fiber-5530-fiber-7530-7530-ax-7490-7510-6690-cable-6660-cable-6490-cable-6670-cable-7430-wlan-router-ladekabel-3m\/#primaryimage"},"thumbnailUrl":"https:\/\/m.media-amazon.com\/images\/I\/31G4HeL1DVL._SL500_.jpg","datePublished":"2024-07-28T16:33:32+00:00","description":"Markt-XXL Xahpower 12V Netzteil Ladeger\u00e4t Kompatibel mit AVM Fritz!Box 7590 7590 AX 5590 Fiber 5530 Fiber 7530 7530 AX 7490 7510 6690 Cable 6660 Cable 6490 Cable 6670 Cable 7430 WLAN Router Ladekabel 3M","breadcrumb":{"@id":"https:\/\/marktxxl.de\/markt\/produkt\/xahpower-12v-netzteil-ladegeraet-kompatibel-mit-avm-fritzbox-7590-7590-ax-5590-fiber-5530-fiber-7530-7530-ax-7490-7510-6690-cable-6660-cable-6490-cable-6670-cable-7430-wlan-router-ladekabel-3m\/#breadcrumb"},"inLanguage":"de","potentialAction":[{"@type":"ReadAction","target":["https:\/\/marktxxl.de\/markt\/produkt\/xahpower-12v-netzteil-ladegeraet-kompatibel-mit-avm-fritzbox-7590-7590-ax-5590-fiber-5530-fiber-7530-7530-ax-7490-7510-6690-cable-6660-cable-6490-cable-6670-cable-7430-wlan-router-ladekabel-3m\/"]}]},{"@type":"ImageObject","inLanguage":"de","@id":"https:\/\/marktxxl.de\/markt\/produkt\/xahpower-12v-netzteil-ladegeraet-kompatibel-mit-avm-fritzbox-7590-7590-ax-5590-fiber-5530-fiber-7530-7530-ax-7490-7510-6690-cable-6660-cable-6490-cable-6670-cable-7430-wlan-router-ladekabel-3m\/#primaryimage","url":"https:\/\/m.media-amazon.com\/images\/I\/31G4HeL1DVL._SL500_.jpg","contentUrl":"https:\/\/m.media-amazon.com\/images\/I\/31G4HeL1DVL._SL500_.jpg","width":500,"height":500},{"@type":"BreadcrumbList","@id":"https:\/\/marktxxl.de\/markt\/produkt\/xahpower-12v-netzteil-ladegeraet-kompatibel-mit-avm-fritzbox-7590-7590-ax-5590-fiber-5530-fiber-7530-7530-ax-7490-7510-6690-cable-6660-cable-6490-cable-6670-cable-7430-wlan-router-ladekabel-3m\/#breadcrumb","itemListElement":[{"@type":"ListItem","position":1,"name":"Startseite","item":"https:\/\/marktxxl.de\/markt\/"},{"@type":"ListItem","position":2,"name":"Markt","item":"https:\/\/marktxxl.de\/markt\/"},{"@type":"ListItem","position":3,"name":"Xahpower 12V Netzteil Ladeger\u00e4t Kompatibel mit AVM Fritz!Box 7590 7590 AX 5590 Fiber 5530 Fiber 7530 7530 AX 7490 7510 6690 Cable 6660 Cable 6490 Cable 6670 Cable 7430 WLAN Router Ladekabel 3M"}]},{"@type":"WebSite","@id":"https:\/\/marktxxl.de\/markt\/#website","url":"https:\/\/marktxxl.de\/markt\/","name":"Markt-XXL","description":"Ihr Markt Online","publisher":{"@id":"https:\/\/marktxxl.de\/markt\/#organization"},"potentialAction":[{"@type":"SearchAction","target":{"@type":"EntryPoint","urlTemplate":"https:\/\/marktxxl.de\/markt\/?s={search_term_string}"},"query-input":{"@type":"PropertyValueSpecification","valueRequired":true,"valueName":"search_term_string"}}],"inLanguage":"de"},{"@type":"Organization","@id":"https:\/\/marktxxl.de\/markt\/#organization","name":"Markt-XXL","url":"https:\/\/marktxxl.de\/markt\/","logo":{"@type":"ImageObject","inLanguage":"de","@id":"https:\/\/marktxxl.de\/markt\/#\/schema\/logo\/image\/","url":"https:\/\/marktxxl.de\/markt\/wp-content\/uploads\/sites\/3\/2020\/12\/logo.png","contentUrl":"https:\/\/marktxxl.de\/markt\/wp-content\/uploads\/sites\/3\/2020\/12\/logo.png","width":200,"height":70,"caption":"Markt-XXL"},"image":{"@id":"https:\/\/marktxxl.de\/markt\/#\/schema\/logo\/image\/"}}]}},"_links":{"self":[{"href":"https:\/\/marktxxl.de\/markt\/wp-json\/wp\/v2\/product\/224154","targetHints":{"allow":["GET"]}}],"collection":[{"href":"https:\/\/marktxxl.de\/markt\/wp-json\/wp\/v2\/product"}],"about":[{"href":"https:\/\/marktxxl.de\/markt\/wp-json\/wp\/v2\/types\/product"}],"replies":[{"embeddable":true,"href":"https:\/\/marktxxl.de\/markt\/wp-json\/wp\/v2\/comments?post=224154"}],"wp:featuredmedia":[{"embeddable":true,"href":"https:\/\/marktxxl.de\/markt\/wp-json\/wp\/v2\/media\/224155"}],"wp:attachment":[{"href":"https:\/\/marktxxl.de\/markt\/wp-json\/wp\/v2\/media?parent=224154"}],"wp:term":[{"taxonomy":"product_brand","embeddable":true,"href":"https:\/\/marktxxl.de\/markt\/wp-json\/wp\/v2\/product_brand?post=224154"},{"taxonomy":"product_cat","embeddable":true,"href":"https:\/\/marktxxl.de\/markt\/wp-json\/wp\/v2\/product_cat?post=224154"},{"taxonomy":"product_tag","embeddable":true,"href":"https:\/\/marktxxl.de\/markt\/wp-json\/wp\/v2\/product_tag?post=224154"}],"curies":[{"name":"wp","href":"https:\/\/api.w.org\/{rel}","templated":true}]}}