{"id":224088,"date":"2024-07-28T18:32:51","date_gmt":"2024-07-28T16:32:51","guid":{"rendered":"https:\/\/marktxxl.de\/markt\/produkt\/3pcs-nano-board-microcontroller-mit-328p-ch340-mikrochip-mainboards-5v-16m-kompatibel-mit-arduino-ide-nanousb-c-port\/"},"modified":"2024-07-28T18:32:51","modified_gmt":"2024-07-28T16:32:51","slug":"3pcs-nano-board-microcontroller-mit-328p-ch340-mikrochip-mainboards-5v-16m-kompatibel-mit-arduino-ide-nanousb-c-port","status":"publish","type":"product","link":"https:\/\/marktxxl.de\/markt\/produkt\/3pcs-nano-board-microcontroller-mit-328p-ch340-mikrochip-mainboards-5v-16m-kompatibel-mit-arduino-ide-nanousb-c-port\/","title":{"rendered":"3Pcs Nano Board, Microcontroller mit 328P CH340 Mikrochip, Mainboards 5V 16M Kompatibel mit Arduino IDE Nano(USB C Port)"},"content":{"rendered":"<p>Das Nano Board ist ein winziger und steckplatinenfreundlicher Mikrocontroller auf Basis des CH340\/328P. Es funktioniert genauso wie das Original Nano board und ist f\u00fcr Anf\u00e4nger sehr kosteng\u00fcnstig.<br \/>\nVerwendet 328P-AU als MCU, unterst\u00fctzt ISP-Download; unterst\u00fctzt USB-Download und Stromversorgung. Kompatibel mit Arduino Nano, vollst\u00e4ndig kompatibel mit den Betriebssystemen Windows, Mac und Linux.<br \/>\nDas Nano board kann \u00fcber eine USB-C-Verbindung mit Strom versorgt werden; 6-12 V ungeregelte externe Stromversorgung oder 5 V geregelte externe Stromversorgung. Das Nano erkennt und schaltet automatisch auf die Stromquelle mit h\u00f6herem Potenzial um, ein Stromauswahl-Jumper ist nicht erforderlich.<br \/>\nDas Nano board verf\u00fcgt \u00fcber 14 digitale E\/A-Pins (von denen 6 als PWM-Ausg\u00e4nge verwendet werden k\u00f6nnen), 6 analoge Eing\u00e4nge, einen 16-MHz-Quarzoszillator, eine USB-C-Strombuchse, einen ICSP-Anschluss und eine Reset-Taste.<br \/>\nDer Nano board verf\u00fcgt \u00fcber zahlreiche M\u00f6glichkeiten zur Kommunikation mit einem PC oder anderen Mikrocontrollern und ist vollst\u00e4ndig mit den Betriebssystemen Windows, Mac und Linux kompatibel. Diese Platine ist besonders steckplatinenfreundlich und die Verbindungen lassen sich sehr einfach handhaben.<br \/>\n<div class=\"main-cross-sell\" data-asin=\"B0D6RXBRPX\">\n\n\t<div class=\"WooZone-cross-sell-loader\">\n\t\t<div>\n\t\t\t<div id=\"floatingBarsG\">\n\t\t\t\t<div class=\"blockG\" id=\"rotateG_01\"><\/div>\n\t\t\t\t<div class=\"blockG\" id=\"rotateG_02\"><\/div>\n\t\t\t\t<div class=\"blockG\" id=\"rotateG_03\"><\/div>\n\t\t\t\t<div class=\"blockG\" id=\"rotateG_04\"><\/div>\n\t\t\t\t<div class=\"blockG\" id=\"rotateG_05\"><\/div>\n\t\t\t\t<div class=\"blockG\" id=\"rotateG_06\"><\/div>\n\t\t\t\t<div class=\"blockG\" id=\"rotateG_07\"><\/div>\n\t\t\t\t<div class=\"blockG\" id=\"rotateG_08\"><\/div>\n\t\t\t<\/div>\n\t\t\t<div class=\"WooZone-cross-sell-loader-text\"><\/div>\n\t\t<\/div>\n\t<\/div>\n\n\t\t\n<\/div>\n<div style=\"clear:both;\"><\/div><\/p>\n","protected":false},"excerpt":{"rendered":"<p>Das Nano Board ist ein winziger und steckplatinenfreundlicher Mikrocontroller auf Basis des CH340\/328P. Es funktioniert genauso wie das Original Nano board und ist f\u00fcr Anf\u00e4nger sehr kosteng\u00fcnstig.<br \/>\nVerwendet 328P-AU als MCU, unterst\u00fctzt ISP-Download; unterst\u00fctzt USB-Download und Stromversorgung. Kompatibel mit Arduino Nano, vollst\u00e4ndig kompatibel mit den Betriebssystemen Windows, Mac und Linux.<br \/>\nDas Nano board kann \u00fcber eine USB-C-Verbindung mit Strom versorgt werden; 6-12 V ungeregelte externe Stromversorgung oder 5 V geregelte externe Stromversorgung. Das Nano erkennt und schaltet automatisch auf die Stromquelle mit h\u00f6herem Potenzial um, ein Stromauswahl-Jumper ist nicht erforderlich.<\/p>\n","protected":false},"featured_media":224089,"comment_status":"open","ping_status":"closed","template":"","meta":[],"product_brand":[],"product_cat":[863],"product_tag":[],"class_list":{"0":"post-224088","1":"product","2":"type-product","3":"status-publish","4":"has-post-thumbnail","6":"product_cat-computer-zubehoer","7":"pa_brand-avnscnk","8":"pa_manufacturer-avnscnk","9":"pa_warranty-2-year","11":"first","12":"instock","13":"shipping-taxable","14":"purchasable","15":"product-type-simple","16":"customify-col","17":"product-has-gallery"},"yoast_head":"<!-- This site is optimized with the Yoast SEO plugin v27.3 - https:\/\/yoast.com\/product\/yoast-seo-wordpress\/ -->\n<title>3Pcs Nano Board, Microcontroller mit 328P CH340 Mikrochip, Mainboards 5V 16M Kompatibel mit Arduino IDE Nano(USB C Port) - Markt-XXL<\/title>\n<meta name=\"description\" content=\"Markt-XXL 3Pcs Nano Board, Microcontroller mit 328P CH340 Mikrochip, Mainboards 5V 16M Kompatibel mit Arduino IDE Nano(USB C Port)\" \/>\n<meta name=\"robots\" content=\"index, follow, max-snippet:-1, max-image-preview:large, max-video-preview:-1\" \/>\n<link rel=\"canonical\" href=\"https:\/\/marktxxl.de\/markt\/produkt\/3pcs-nano-board-microcontroller-mit-328p-ch340-mikrochip-mainboards-5v-16m-kompatibel-mit-arduino-ide-nanousb-c-port\/\" \/>\n<meta property=\"og:locale\" content=\"de_DE\" \/>\n<meta property=\"og:type\" content=\"article\" \/>\n<meta property=\"og:title\" content=\"3Pcs Nano Board, Microcontroller mit 328P CH340 Mikrochip, Mainboards 5V 16M Kompatibel mit Arduino IDE Nano(USB C Port) - Markt-XXL\" \/>\n<meta property=\"og:description\" content=\"Markt-XXL 3Pcs Nano Board, Microcontroller mit 328P CH340 Mikrochip, Mainboards 5V 16M Kompatibel mit Arduino IDE Nano(USB C Port)\" \/>\n<meta property=\"og:url\" content=\"https:\/\/marktxxl.de\/markt\/produkt\/3pcs-nano-board-microcontroller-mit-328p-ch340-mikrochip-mainboards-5v-16m-kompatibel-mit-arduino-ide-nanousb-c-port\/\" \/>\n<meta property=\"og:site_name\" content=\"Markt-XXL\" \/>\n<meta name=\"twitter:card\" content=\"summary_large_image\" \/>\n<meta name=\"twitter:label1\" content=\"Gesch\u00e4tzte Lesezeit\" \/>\n\t<meta name=\"twitter:data1\" content=\"1\u00a0Minute\" \/>\n<script type=\"application\/ld+json\" class=\"yoast-schema-graph\">{\"@context\":\"https:\\\/\\\/schema.org\",\"@graph\":[{\"@type\":\"WebPage\",\"@id\":\"https:\\\/\\\/marktxxl.de\\\/markt\\\/produkt\\\/3pcs-nano-board-microcontroller-mit-328p-ch340-mikrochip-mainboards-5v-16m-kompatibel-mit-arduino-ide-nanousb-c-port\\\/\",\"url\":\"https:\\\/\\\/marktxxl.de\\\/markt\\\/produkt\\\/3pcs-nano-board-microcontroller-mit-328p-ch340-mikrochip-mainboards-5v-16m-kompatibel-mit-arduino-ide-nanousb-c-port\\\/\",\"name\":\"3Pcs Nano Board, Microcontroller mit 328P CH340 Mikrochip, Mainboards 5V 16M Kompatibel mit Arduino IDE Nano(USB C Port) - Markt-XXL\",\"isPartOf\":{\"@id\":\"https:\\\/\\\/marktxxl.de\\\/markt\\\/#website\"},\"primaryImageOfPage\":{\"@id\":\"https:\\\/\\\/marktxxl.de\\\/markt\\\/produkt\\\/3pcs-nano-board-microcontroller-mit-328p-ch340-mikrochip-mainboards-5v-16m-kompatibel-mit-arduino-ide-nanousb-c-port\\\/#primaryimage\"},\"image\":{\"@id\":\"https:\\\/\\\/marktxxl.de\\\/markt\\\/produkt\\\/3pcs-nano-board-microcontroller-mit-328p-ch340-mikrochip-mainboards-5v-16m-kompatibel-mit-arduino-ide-nanousb-c-port\\\/#primaryimage\"},\"thumbnailUrl\":\"https:\\\/\\\/m.media-amazon.com\\\/images\\\/I\\\/51G2ccPBJmL._SL500_.jpg\",\"datePublished\":\"2024-07-28T16:32:51+00:00\",\"description\":\"Markt-XXL 3Pcs Nano Board, Microcontroller mit 328P CH340 Mikrochip, Mainboards 5V 16M Kompatibel mit Arduino IDE Nano(USB C Port)\",\"breadcrumb\":{\"@id\":\"https:\\\/\\\/marktxxl.de\\\/markt\\\/produkt\\\/3pcs-nano-board-microcontroller-mit-328p-ch340-mikrochip-mainboards-5v-16m-kompatibel-mit-arduino-ide-nanousb-c-port\\\/#breadcrumb\"},\"inLanguage\":\"de\",\"potentialAction\":[{\"@type\":\"ReadAction\",\"target\":[\"https:\\\/\\\/marktxxl.de\\\/markt\\\/produkt\\\/3pcs-nano-board-microcontroller-mit-328p-ch340-mikrochip-mainboards-5v-16m-kompatibel-mit-arduino-ide-nanousb-c-port\\\/\"]}]},{\"@type\":\"ImageObject\",\"inLanguage\":\"de\",\"@id\":\"https:\\\/\\\/marktxxl.de\\\/markt\\\/produkt\\\/3pcs-nano-board-microcontroller-mit-328p-ch340-mikrochip-mainboards-5v-16m-kompatibel-mit-arduino-ide-nanousb-c-port\\\/#primaryimage\",\"url\":\"https:\\\/\\\/m.media-amazon.com\\\/images\\\/I\\\/51G2ccPBJmL._SL500_.jpg\",\"contentUrl\":\"https:\\\/\\\/m.media-amazon.com\\\/images\\\/I\\\/51G2ccPBJmL._SL500_.jpg\",\"width\":500,\"height\":500},{\"@type\":\"BreadcrumbList\",\"@id\":\"https:\\\/\\\/marktxxl.de\\\/markt\\\/produkt\\\/3pcs-nano-board-microcontroller-mit-328p-ch340-mikrochip-mainboards-5v-16m-kompatibel-mit-arduino-ide-nanousb-c-port\\\/#breadcrumb\",\"itemListElement\":[{\"@type\":\"ListItem\",\"position\":1,\"name\":\"Startseite\",\"item\":\"https:\\\/\\\/marktxxl.de\\\/markt\\\/\"},{\"@type\":\"ListItem\",\"position\":2,\"name\":\"Markt\",\"item\":\"https:\\\/\\\/marktxxl.de\\\/markt\\\/\"},{\"@type\":\"ListItem\",\"position\":3,\"name\":\"3Pcs Nano Board, Microcontroller mit 328P CH340 Mikrochip, Mainboards 5V 16M Kompatibel mit Arduino IDE Nano(USB C Port)\"}]},{\"@type\":\"WebSite\",\"@id\":\"https:\\\/\\\/marktxxl.de\\\/markt\\\/#website\",\"url\":\"https:\\\/\\\/marktxxl.de\\\/markt\\\/\",\"name\":\"Markt-XXL\",\"description\":\"Ihr Markt Online\",\"publisher\":{\"@id\":\"https:\\\/\\\/marktxxl.de\\\/markt\\\/#organization\"},\"potentialAction\":[{\"@type\":\"SearchAction\",\"target\":{\"@type\":\"EntryPoint\",\"urlTemplate\":\"https:\\\/\\\/marktxxl.de\\\/markt\\\/?s={search_term_string}\"},\"query-input\":{\"@type\":\"PropertyValueSpecification\",\"valueRequired\":true,\"valueName\":\"search_term_string\"}}],\"inLanguage\":\"de\"},{\"@type\":\"Organization\",\"@id\":\"https:\\\/\\\/marktxxl.de\\\/markt\\\/#organization\",\"name\":\"Markt-XXL\",\"url\":\"https:\\\/\\\/marktxxl.de\\\/markt\\\/\",\"logo\":{\"@type\":\"ImageObject\",\"inLanguage\":\"de\",\"@id\":\"https:\\\/\\\/marktxxl.de\\\/markt\\\/#\\\/schema\\\/logo\\\/image\\\/\",\"url\":\"https:\\\/\\\/marktxxl.de\\\/markt\\\/wp-content\\\/uploads\\\/sites\\\/3\\\/2020\\\/12\\\/logo.png\",\"contentUrl\":\"https:\\\/\\\/marktxxl.de\\\/markt\\\/wp-content\\\/uploads\\\/sites\\\/3\\\/2020\\\/12\\\/logo.png\",\"width\":200,\"height\":70,\"caption\":\"Markt-XXL\"},\"image\":{\"@id\":\"https:\\\/\\\/marktxxl.de\\\/markt\\\/#\\\/schema\\\/logo\\\/image\\\/\"}}]}<\/script>\n<!-- \/ Yoast SEO plugin. -->","yoast_head_json":{"title":"3Pcs Nano Board, Microcontroller mit 328P CH340 Mikrochip, Mainboards 5V 16M Kompatibel mit Arduino IDE Nano(USB C Port) - Markt-XXL","description":"Markt-XXL 3Pcs Nano Board, Microcontroller mit 328P CH340 Mikrochip, Mainboards 5V 16M Kompatibel mit Arduino IDE Nano(USB C Port)","robots":{"index":"index","follow":"follow","max-snippet":"max-snippet:-1","max-image-preview":"max-image-preview:large","max-video-preview":"max-video-preview:-1"},"canonical":"https:\/\/marktxxl.de\/markt\/produkt\/3pcs-nano-board-microcontroller-mit-328p-ch340-mikrochip-mainboards-5v-16m-kompatibel-mit-arduino-ide-nanousb-c-port\/","og_locale":"de_DE","og_type":"article","og_title":"3Pcs Nano Board, Microcontroller mit 328P CH340 Mikrochip, Mainboards 5V 16M Kompatibel mit Arduino IDE Nano(USB C Port) - Markt-XXL","og_description":"Markt-XXL 3Pcs Nano Board, Microcontroller mit 328P CH340 Mikrochip, Mainboards 5V 16M Kompatibel mit Arduino IDE Nano(USB C Port)","og_url":"https:\/\/marktxxl.de\/markt\/produkt\/3pcs-nano-board-microcontroller-mit-328p-ch340-mikrochip-mainboards-5v-16m-kompatibel-mit-arduino-ide-nanousb-c-port\/","og_site_name":"Markt-XXL","twitter_card":"summary_large_image","twitter_misc":{"Gesch\u00e4tzte Lesezeit":"1\u00a0Minute"},"schema":{"@context":"https:\/\/schema.org","@graph":[{"@type":"WebPage","@id":"https:\/\/marktxxl.de\/markt\/produkt\/3pcs-nano-board-microcontroller-mit-328p-ch340-mikrochip-mainboards-5v-16m-kompatibel-mit-arduino-ide-nanousb-c-port\/","url":"https:\/\/marktxxl.de\/markt\/produkt\/3pcs-nano-board-microcontroller-mit-328p-ch340-mikrochip-mainboards-5v-16m-kompatibel-mit-arduino-ide-nanousb-c-port\/","name":"3Pcs Nano Board, Microcontroller mit 328P CH340 Mikrochip, Mainboards 5V 16M Kompatibel mit Arduino IDE Nano(USB C Port) - Markt-XXL","isPartOf":{"@id":"https:\/\/marktxxl.de\/markt\/#website"},"primaryImageOfPage":{"@id":"https:\/\/marktxxl.de\/markt\/produkt\/3pcs-nano-board-microcontroller-mit-328p-ch340-mikrochip-mainboards-5v-16m-kompatibel-mit-arduino-ide-nanousb-c-port\/#primaryimage"},"image":{"@id":"https:\/\/marktxxl.de\/markt\/produkt\/3pcs-nano-board-microcontroller-mit-328p-ch340-mikrochip-mainboards-5v-16m-kompatibel-mit-arduino-ide-nanousb-c-port\/#primaryimage"},"thumbnailUrl":"https:\/\/m.media-amazon.com\/images\/I\/51G2ccPBJmL._SL500_.jpg","datePublished":"2024-07-28T16:32:51+00:00","description":"Markt-XXL 3Pcs Nano Board, Microcontroller mit 328P CH340 Mikrochip, Mainboards 5V 16M Kompatibel mit Arduino IDE Nano(USB C Port)","breadcrumb":{"@id":"https:\/\/marktxxl.de\/markt\/produkt\/3pcs-nano-board-microcontroller-mit-328p-ch340-mikrochip-mainboards-5v-16m-kompatibel-mit-arduino-ide-nanousb-c-port\/#breadcrumb"},"inLanguage":"de","potentialAction":[{"@type":"ReadAction","target":["https:\/\/marktxxl.de\/markt\/produkt\/3pcs-nano-board-microcontroller-mit-328p-ch340-mikrochip-mainboards-5v-16m-kompatibel-mit-arduino-ide-nanousb-c-port\/"]}]},{"@type":"ImageObject","inLanguage":"de","@id":"https:\/\/marktxxl.de\/markt\/produkt\/3pcs-nano-board-microcontroller-mit-328p-ch340-mikrochip-mainboards-5v-16m-kompatibel-mit-arduino-ide-nanousb-c-port\/#primaryimage","url":"https:\/\/m.media-amazon.com\/images\/I\/51G2ccPBJmL._SL500_.jpg","contentUrl":"https:\/\/m.media-amazon.com\/images\/I\/51G2ccPBJmL._SL500_.jpg","width":500,"height":500},{"@type":"BreadcrumbList","@id":"https:\/\/marktxxl.de\/markt\/produkt\/3pcs-nano-board-microcontroller-mit-328p-ch340-mikrochip-mainboards-5v-16m-kompatibel-mit-arduino-ide-nanousb-c-port\/#breadcrumb","itemListElement":[{"@type":"ListItem","position":1,"name":"Startseite","item":"https:\/\/marktxxl.de\/markt\/"},{"@type":"ListItem","position":2,"name":"Markt","item":"https:\/\/marktxxl.de\/markt\/"},{"@type":"ListItem","position":3,"name":"3Pcs Nano Board, Microcontroller mit 328P CH340 Mikrochip, Mainboards 5V 16M Kompatibel mit Arduino IDE Nano(USB C Port)"}]},{"@type":"WebSite","@id":"https:\/\/marktxxl.de\/markt\/#website","url":"https:\/\/marktxxl.de\/markt\/","name":"Markt-XXL","description":"Ihr Markt Online","publisher":{"@id":"https:\/\/marktxxl.de\/markt\/#organization"},"potentialAction":[{"@type":"SearchAction","target":{"@type":"EntryPoint","urlTemplate":"https:\/\/marktxxl.de\/markt\/?s={search_term_string}"},"query-input":{"@type":"PropertyValueSpecification","valueRequired":true,"valueName":"search_term_string"}}],"inLanguage":"de"},{"@type":"Organization","@id":"https:\/\/marktxxl.de\/markt\/#organization","name":"Markt-XXL","url":"https:\/\/marktxxl.de\/markt\/","logo":{"@type":"ImageObject","inLanguage":"de","@id":"https:\/\/marktxxl.de\/markt\/#\/schema\/logo\/image\/","url":"https:\/\/marktxxl.de\/markt\/wp-content\/uploads\/sites\/3\/2020\/12\/logo.png","contentUrl":"https:\/\/marktxxl.de\/markt\/wp-content\/uploads\/sites\/3\/2020\/12\/logo.png","width":200,"height":70,"caption":"Markt-XXL"},"image":{"@id":"https:\/\/marktxxl.de\/markt\/#\/schema\/logo\/image\/"}}]}},"_links":{"self":[{"href":"https:\/\/marktxxl.de\/markt\/wp-json\/wp\/v2\/product\/224088","targetHints":{"allow":["GET"]}}],"collection":[{"href":"https:\/\/marktxxl.de\/markt\/wp-json\/wp\/v2\/product"}],"about":[{"href":"https:\/\/marktxxl.de\/markt\/wp-json\/wp\/v2\/types\/product"}],"replies":[{"embeddable":true,"href":"https:\/\/marktxxl.de\/markt\/wp-json\/wp\/v2\/comments?post=224088"}],"wp:featuredmedia":[{"embeddable":true,"href":"https:\/\/marktxxl.de\/markt\/wp-json\/wp\/v2\/media\/224089"}],"wp:attachment":[{"href":"https:\/\/marktxxl.de\/markt\/wp-json\/wp\/v2\/media?parent=224088"}],"wp:term":[{"taxonomy":"product_brand","embeddable":true,"href":"https:\/\/marktxxl.de\/markt\/wp-json\/wp\/v2\/product_brand?post=224088"},{"taxonomy":"product_cat","embeddable":true,"href":"https:\/\/marktxxl.de\/markt\/wp-json\/wp\/v2\/product_cat?post=224088"},{"taxonomy":"product_tag","embeddable":true,"href":"https:\/\/marktxxl.de\/markt\/wp-json\/wp\/v2\/product_tag?post=224088"}],"curies":[{"name":"wp","href":"https:\/\/api.w.org\/{rel}","templated":true}]}}