{"id":224016,"date":"2024-07-28T18:28:45","date_gmt":"2024-07-28T16:28:45","guid":{"rendered":"https:\/\/marktxxl.de\/markt\/produkt\/selbstklebendes-klettverschlussband-vom-typ-t-2024-neu-klett-kabelbinder-verstellbare-klettkabelbinder-12-150mm-kabelbinder-wiederverwendbar-fuer-kabel-und-ladekabel\/"},"modified":"2024-07-28T18:28:45","modified_gmt":"2024-07-28T16:28:45","slug":"selbstklebendes-klettverschlussband-vom-typ-t-2024-neu-klett-kabelbinder-verstellbare-klettkabelbinder-12-150mm-kabelbinder-wiederverwendbar-fuer-kabel-und-ladekabel","status":"publish","type":"product","link":"https:\/\/marktxxl.de\/markt\/produkt\/selbstklebendes-klettverschlussband-vom-typ-t-2024-neu-klett-kabelbinder-verstellbare-klettkabelbinder-12-150mm-kabelbinder-wiederverwendbar-fuer-kabel-und-ladekabel\/","title":{"rendered":"Selbstklebendes Klettverschlussband vom Typ T, 2024 Neu klett kabelbinder, Verstellbare klettkabelbinder 12 * 150mm, kabelbinder wiederverwendbar f\u00fcr Kabel und Ladekabel"},"content":{"rendered":"<p>\u2705\u3010Praktisch\u3011Unsere klett kabelbinder sind unglaublich einfach zu verwenden, da sie ein einfaches Design haben: Die Haken und Stoffe sind vollst\u00e4ndig auf zwei Seiten gespreizt, was die einfachste M\u00f6glichkeit zum Umwickeln von Kabeln jeder Gr\u00f6\u00dfe erm\u00f6glicht. Sie k\u00f6nnen sie sogar mit einer velcro tape, um einen sehr langen Kabelbinder herzustellen.<br \/>\n\u2705\u3010Wiederverwendbar\u3011 Unsere klett kabelbinder k\u00f6nnen immer wieder verwendet werden, sodass Ihre Kabel stets perfekt organisiert bleiben!<br \/>\n\u2705\u3010Stark\u3011 entworfen mit einem 50 Pfund starken Griff, Kabelbinder stark Kabel jeder Gr\u00f6\u00dfe oder alle anderen Gegenst\u00e4nde, die Sie sich vorstellen k\u00f6nnen, h\u00e4lt.<br \/>\n\u2705\u3010Mehrfachnutzung\u3011Verstellbar klettb\u00e4nder sind perfekt zu Ladekabel, Multimedia-Systeme, Computerkabel, Stromkabel, A\/V-Kabel, Studiokabel, Gitarrenkabel, Headsets und alle anderen Kabel\/Dr\u00e4hte\/Kabel bleiben jetzt organisiert!<br \/>\n\u2705\u3010SERVICEGARANTIE\u3011Jedes das Selbstklebendes Klettverschlussband vom Typ T unvergleichliche qualit\u00e4t und zuverl\u00e4ssigen service, bei fragen kontaktieren sie uns bitte per E-Mail<br \/>\n<div class=\"main-cross-sell\" data-asin=\"B0D9NJ38DW\">\n\n\t<div class=\"WooZone-cross-sell-loader\">\n\t\t<div>\n\t\t\t<div id=\"floatingBarsG\">\n\t\t\t\t<div class=\"blockG\" id=\"rotateG_01\"><\/div>\n\t\t\t\t<div class=\"blockG\" id=\"rotateG_02\"><\/div>\n\t\t\t\t<div class=\"blockG\" id=\"rotateG_03\"><\/div>\n\t\t\t\t<div class=\"blockG\" id=\"rotateG_04\"><\/div>\n\t\t\t\t<div class=\"blockG\" id=\"rotateG_05\"><\/div>\n\t\t\t\t<div class=\"blockG\" id=\"rotateG_06\"><\/div>\n\t\t\t\t<div class=\"blockG\" id=\"rotateG_07\"><\/div>\n\t\t\t\t<div class=\"blockG\" id=\"rotateG_08\"><\/div>\n\t\t\t<\/div>\n\t\t\t<div class=\"WooZone-cross-sell-loader-text\"><\/div>\n\t\t<\/div>\n\t<\/div>\n\n\t\t\n<\/div>\n<div style=\"clear:both;\"><\/div><\/p>\n","protected":false},"excerpt":{"rendered":"<p>\u2705\u3010Praktisch\u3011Unsere klett kabelbinder sind unglaublich einfach zu verwenden, da sie ein einfaches Design haben: Die Haken und Stoffe sind vollst\u00e4ndig auf zwei Seiten gespreizt, was die einfachste M\u00f6glichkeit zum Umwickeln von Kabeln jeder Gr\u00f6\u00dfe erm\u00f6glicht. Sie k\u00f6nnen sie sogar mit einer velcro tape, um einen sehr langen Kabelbinder herzustellen.<br \/>\n\u2705\u3010Wiederverwendbar\u3011 Unsere klett kabelbinder k\u00f6nnen immer wieder verwendet werden, sodass Ihre Kabel stets perfekt organisiert bleiben!<br \/>\n\u2705\u3010Stark\u3011 entworfen mit einem 50 Pfund starken Griff, Kabelbinder stark Kabel jeder Gr\u00f6\u00dfe oder alle anderen Gegenst\u00e4nde, die Sie sich vorstellen k\u00f6nnen, h\u00e4lt.<\/p>\n","protected":false},"featured_media":224017,"comment_status":"open","ping_status":"closed","template":"","meta":[],"product_brand":[],"product_cat":[863],"product_tag":[],"class_list":{"0":"post-224016","1":"product","2":"type-product","3":"status-publish","4":"has-post-thumbnail","6":"product_cat-computer-zubehoer","7":"pa_brand-heepqy","8":"pa_manufacturer-heepqy","9":"pa_model-klett-kabelbinder","11":"first","12":"instock","13":"shipping-taxable","14":"product-type-simple","15":"customify-col","16":"product-has-gallery"},"yoast_head":"<!-- This site is optimized with the Yoast SEO plugin v27.4 - https:\/\/yoast.com\/product\/yoast-seo-wordpress\/ -->\n<title>Selbstklebendes Klettverschlussband vom Typ T, 2024 Neu klett kabelbinder, Verstellbare klettkabelbinder 12 * 150mm, kabelbinder wiederverwendbar f\u00fcr Kabel und Ladekabel - Markt-XXL<\/title>\n<meta name=\"description\" content=\"Markt-XXL Selbstklebendes Klettverschlussband vom Typ T, 2024 Neu klett kabelbinder, Verstellbare klettkabelbinder 12 * 150mm, kabelbinder wiederverwendbar f\u00fcr Kabel und Ladekabel\" \/>\n<meta name=\"robots\" content=\"index, follow, max-snippet:-1, max-image-preview:large, max-video-preview:-1\" \/>\n<link rel=\"canonical\" href=\"https:\/\/marktxxl.de\/markt\/produkt\/selbstklebendes-klettverschlussband-vom-typ-t-2024-neu-klett-kabelbinder-verstellbare-klettkabelbinder-12-150mm-kabelbinder-wiederverwendbar-fuer-kabel-und-ladekabel\/\" \/>\n<meta property=\"og:locale\" content=\"de_DE\" \/>\n<meta property=\"og:type\" content=\"article\" \/>\n<meta property=\"og:title\" content=\"Selbstklebendes Klettverschlussband vom Typ T, 2024 Neu klett kabelbinder, Verstellbare klettkabelbinder 12 * 150mm, kabelbinder wiederverwendbar f\u00fcr Kabel und Ladekabel - Markt-XXL\" \/>\n<meta property=\"og:description\" content=\"Markt-XXL Selbstklebendes Klettverschlussband vom Typ T, 2024 Neu klett kabelbinder, Verstellbare klettkabelbinder 12 * 150mm, kabelbinder wiederverwendbar f\u00fcr Kabel und Ladekabel\" \/>\n<meta property=\"og:url\" content=\"https:\/\/marktxxl.de\/markt\/produkt\/selbstklebendes-klettverschlussband-vom-typ-t-2024-neu-klett-kabelbinder-verstellbare-klettkabelbinder-12-150mm-kabelbinder-wiederverwendbar-fuer-kabel-und-ladekabel\/\" \/>\n<meta property=\"og:site_name\" content=\"Markt-XXL\" \/>\n<meta name=\"twitter:card\" content=\"summary_large_image\" \/>\n<meta name=\"twitter:label1\" content=\"Gesch\u00e4tzte Lesezeit\" \/>\n\t<meta name=\"twitter:data1\" content=\"1\u00a0Minute\" \/>\n<script type=\"application\/ld+json\" class=\"yoast-schema-graph\">{\"@context\":\"https:\\\/\\\/schema.org\",\"@graph\":[{\"@type\":\"WebPage\",\"@id\":\"https:\\\/\\\/marktxxl.de\\\/markt\\\/produkt\\\/selbstklebendes-klettverschlussband-vom-typ-t-2024-neu-klett-kabelbinder-verstellbare-klettkabelbinder-12-150mm-kabelbinder-wiederverwendbar-fuer-kabel-und-ladekabel\\\/\",\"url\":\"https:\\\/\\\/marktxxl.de\\\/markt\\\/produkt\\\/selbstklebendes-klettverschlussband-vom-typ-t-2024-neu-klett-kabelbinder-verstellbare-klettkabelbinder-12-150mm-kabelbinder-wiederverwendbar-fuer-kabel-und-ladekabel\\\/\",\"name\":\"Selbstklebendes Klettverschlussband vom Typ T, 2024 Neu klett kabelbinder, Verstellbare klettkabelbinder 12 * 150mm, kabelbinder wiederverwendbar f\u00fcr Kabel und Ladekabel - Markt-XXL\",\"isPartOf\":{\"@id\":\"https:\\\/\\\/marktxxl.de\\\/markt\\\/#website\"},\"primaryImageOfPage\":{\"@id\":\"https:\\\/\\\/marktxxl.de\\\/markt\\\/produkt\\\/selbstklebendes-klettverschlussband-vom-typ-t-2024-neu-klett-kabelbinder-verstellbare-klettkabelbinder-12-150mm-kabelbinder-wiederverwendbar-fuer-kabel-und-ladekabel\\\/#primaryimage\"},\"image\":{\"@id\":\"https:\\\/\\\/marktxxl.de\\\/markt\\\/produkt\\\/selbstklebendes-klettverschlussband-vom-typ-t-2024-neu-klett-kabelbinder-verstellbare-klettkabelbinder-12-150mm-kabelbinder-wiederverwendbar-fuer-kabel-und-ladekabel\\\/#primaryimage\"},\"thumbnailUrl\":\"https:\\\/\\\/m.media-amazon.com\\\/images\\\/I\\\/516o42afesL._SL500_.jpg\",\"datePublished\":\"2024-07-28T16:28:45+00:00\",\"description\":\"Markt-XXL Selbstklebendes Klettverschlussband vom Typ T, 2024 Neu klett kabelbinder, Verstellbare klettkabelbinder 12 * 150mm, kabelbinder wiederverwendbar f\u00fcr Kabel und Ladekabel\",\"breadcrumb\":{\"@id\":\"https:\\\/\\\/marktxxl.de\\\/markt\\\/produkt\\\/selbstklebendes-klettverschlussband-vom-typ-t-2024-neu-klett-kabelbinder-verstellbare-klettkabelbinder-12-150mm-kabelbinder-wiederverwendbar-fuer-kabel-und-ladekabel\\\/#breadcrumb\"},\"inLanguage\":\"de\",\"potentialAction\":[{\"@type\":\"ReadAction\",\"target\":[\"https:\\\/\\\/marktxxl.de\\\/markt\\\/produkt\\\/selbstklebendes-klettverschlussband-vom-typ-t-2024-neu-klett-kabelbinder-verstellbare-klettkabelbinder-12-150mm-kabelbinder-wiederverwendbar-fuer-kabel-und-ladekabel\\\/\"]}]},{\"@type\":\"ImageObject\",\"inLanguage\":\"de\",\"@id\":\"https:\\\/\\\/marktxxl.de\\\/markt\\\/produkt\\\/selbstklebendes-klettverschlussband-vom-typ-t-2024-neu-klett-kabelbinder-verstellbare-klettkabelbinder-12-150mm-kabelbinder-wiederverwendbar-fuer-kabel-und-ladekabel\\\/#primaryimage\",\"url\":\"https:\\\/\\\/m.media-amazon.com\\\/images\\\/I\\\/516o42afesL._SL500_.jpg\",\"contentUrl\":\"https:\\\/\\\/m.media-amazon.com\\\/images\\\/I\\\/516o42afesL._SL500_.jpg\",\"width\":500,\"height\":500},{\"@type\":\"BreadcrumbList\",\"@id\":\"https:\\\/\\\/marktxxl.de\\\/markt\\\/produkt\\\/selbstklebendes-klettverschlussband-vom-typ-t-2024-neu-klett-kabelbinder-verstellbare-klettkabelbinder-12-150mm-kabelbinder-wiederverwendbar-fuer-kabel-und-ladekabel\\\/#breadcrumb\",\"itemListElement\":[{\"@type\":\"ListItem\",\"position\":1,\"name\":\"Startseite\",\"item\":\"https:\\\/\\\/marktxxl.de\\\/markt\\\/\"},{\"@type\":\"ListItem\",\"position\":2,\"name\":\"Markt\",\"item\":\"https:\\\/\\\/marktxxl.de\\\/markt\\\/\"},{\"@type\":\"ListItem\",\"position\":3,\"name\":\"Selbstklebendes Klettverschlussband vom Typ T, 2024 Neu klett kabelbinder, Verstellbare klettkabelbinder 12 * 150mm, kabelbinder wiederverwendbar f\u00fcr Kabel und Ladekabel\"}]},{\"@type\":\"WebSite\",\"@id\":\"https:\\\/\\\/marktxxl.de\\\/markt\\\/#website\",\"url\":\"https:\\\/\\\/marktxxl.de\\\/markt\\\/\",\"name\":\"Markt-XXL\",\"description\":\"Ihr Markt Online\",\"publisher\":{\"@id\":\"https:\\\/\\\/marktxxl.de\\\/markt\\\/#organization\"},\"potentialAction\":[{\"@type\":\"SearchAction\",\"target\":{\"@type\":\"EntryPoint\",\"urlTemplate\":\"https:\\\/\\\/marktxxl.de\\\/markt\\\/?s={search_term_string}\"},\"query-input\":{\"@type\":\"PropertyValueSpecification\",\"valueRequired\":true,\"valueName\":\"search_term_string\"}}],\"inLanguage\":\"de\"},{\"@type\":\"Organization\",\"@id\":\"https:\\\/\\\/marktxxl.de\\\/markt\\\/#organization\",\"name\":\"Markt-XXL\",\"url\":\"https:\\\/\\\/marktxxl.de\\\/markt\\\/\",\"logo\":{\"@type\":\"ImageObject\",\"inLanguage\":\"de\",\"@id\":\"https:\\\/\\\/marktxxl.de\\\/markt\\\/#\\\/schema\\\/logo\\\/image\\\/\",\"url\":\"https:\\\/\\\/marktxxl.de\\\/markt\\\/wp-content\\\/uploads\\\/sites\\\/3\\\/2020\\\/12\\\/logo.png\",\"contentUrl\":\"https:\\\/\\\/marktxxl.de\\\/markt\\\/wp-content\\\/uploads\\\/sites\\\/3\\\/2020\\\/12\\\/logo.png\",\"width\":200,\"height\":70,\"caption\":\"Markt-XXL\"},\"image\":{\"@id\":\"https:\\\/\\\/marktxxl.de\\\/markt\\\/#\\\/schema\\\/logo\\\/image\\\/\"}}]}<\/script>\n<!-- \/ Yoast SEO plugin. -->","yoast_head_json":{"title":"Selbstklebendes Klettverschlussband vom Typ T, 2024 Neu klett kabelbinder, Verstellbare klettkabelbinder 12 * 150mm, kabelbinder wiederverwendbar f\u00fcr Kabel und Ladekabel - Markt-XXL","description":"Markt-XXL Selbstklebendes Klettverschlussband vom Typ T, 2024 Neu klett kabelbinder, Verstellbare klettkabelbinder 12 * 150mm, kabelbinder wiederverwendbar f\u00fcr Kabel und Ladekabel","robots":{"index":"index","follow":"follow","max-snippet":"max-snippet:-1","max-image-preview":"max-image-preview:large","max-video-preview":"max-video-preview:-1"},"canonical":"https:\/\/marktxxl.de\/markt\/produkt\/selbstklebendes-klettverschlussband-vom-typ-t-2024-neu-klett-kabelbinder-verstellbare-klettkabelbinder-12-150mm-kabelbinder-wiederverwendbar-fuer-kabel-und-ladekabel\/","og_locale":"de_DE","og_type":"article","og_title":"Selbstklebendes Klettverschlussband vom Typ T, 2024 Neu klett kabelbinder, Verstellbare klettkabelbinder 12 * 150mm, kabelbinder wiederverwendbar f\u00fcr Kabel und Ladekabel - Markt-XXL","og_description":"Markt-XXL Selbstklebendes Klettverschlussband vom Typ T, 2024 Neu klett kabelbinder, Verstellbare klettkabelbinder 12 * 150mm, kabelbinder wiederverwendbar f\u00fcr Kabel und Ladekabel","og_url":"https:\/\/marktxxl.de\/markt\/produkt\/selbstklebendes-klettverschlussband-vom-typ-t-2024-neu-klett-kabelbinder-verstellbare-klettkabelbinder-12-150mm-kabelbinder-wiederverwendbar-fuer-kabel-und-ladekabel\/","og_site_name":"Markt-XXL","twitter_card":"summary_large_image","twitter_misc":{"Gesch\u00e4tzte Lesezeit":"1\u00a0Minute"},"schema":{"@context":"https:\/\/schema.org","@graph":[{"@type":"WebPage","@id":"https:\/\/marktxxl.de\/markt\/produkt\/selbstklebendes-klettverschlussband-vom-typ-t-2024-neu-klett-kabelbinder-verstellbare-klettkabelbinder-12-150mm-kabelbinder-wiederverwendbar-fuer-kabel-und-ladekabel\/","url":"https:\/\/marktxxl.de\/markt\/produkt\/selbstklebendes-klettverschlussband-vom-typ-t-2024-neu-klett-kabelbinder-verstellbare-klettkabelbinder-12-150mm-kabelbinder-wiederverwendbar-fuer-kabel-und-ladekabel\/","name":"Selbstklebendes Klettverschlussband vom Typ T, 2024 Neu klett kabelbinder, Verstellbare klettkabelbinder 12 * 150mm, kabelbinder wiederverwendbar f\u00fcr Kabel und Ladekabel - Markt-XXL","isPartOf":{"@id":"https:\/\/marktxxl.de\/markt\/#website"},"primaryImageOfPage":{"@id":"https:\/\/marktxxl.de\/markt\/produkt\/selbstklebendes-klettverschlussband-vom-typ-t-2024-neu-klett-kabelbinder-verstellbare-klettkabelbinder-12-150mm-kabelbinder-wiederverwendbar-fuer-kabel-und-ladekabel\/#primaryimage"},"image":{"@id":"https:\/\/marktxxl.de\/markt\/produkt\/selbstklebendes-klettverschlussband-vom-typ-t-2024-neu-klett-kabelbinder-verstellbare-klettkabelbinder-12-150mm-kabelbinder-wiederverwendbar-fuer-kabel-und-ladekabel\/#primaryimage"},"thumbnailUrl":"https:\/\/m.media-amazon.com\/images\/I\/516o42afesL._SL500_.jpg","datePublished":"2024-07-28T16:28:45+00:00","description":"Markt-XXL Selbstklebendes Klettverschlussband vom Typ T, 2024 Neu klett kabelbinder, Verstellbare klettkabelbinder 12 * 150mm, kabelbinder wiederverwendbar f\u00fcr Kabel und Ladekabel","breadcrumb":{"@id":"https:\/\/marktxxl.de\/markt\/produkt\/selbstklebendes-klettverschlussband-vom-typ-t-2024-neu-klett-kabelbinder-verstellbare-klettkabelbinder-12-150mm-kabelbinder-wiederverwendbar-fuer-kabel-und-ladekabel\/#breadcrumb"},"inLanguage":"de","potentialAction":[{"@type":"ReadAction","target":["https:\/\/marktxxl.de\/markt\/produkt\/selbstklebendes-klettverschlussband-vom-typ-t-2024-neu-klett-kabelbinder-verstellbare-klettkabelbinder-12-150mm-kabelbinder-wiederverwendbar-fuer-kabel-und-ladekabel\/"]}]},{"@type":"ImageObject","inLanguage":"de","@id":"https:\/\/marktxxl.de\/markt\/produkt\/selbstklebendes-klettverschlussband-vom-typ-t-2024-neu-klett-kabelbinder-verstellbare-klettkabelbinder-12-150mm-kabelbinder-wiederverwendbar-fuer-kabel-und-ladekabel\/#primaryimage","url":"https:\/\/m.media-amazon.com\/images\/I\/516o42afesL._SL500_.jpg","contentUrl":"https:\/\/m.media-amazon.com\/images\/I\/516o42afesL._SL500_.jpg","width":500,"height":500},{"@type":"BreadcrumbList","@id":"https:\/\/marktxxl.de\/markt\/produkt\/selbstklebendes-klettverschlussband-vom-typ-t-2024-neu-klett-kabelbinder-verstellbare-klettkabelbinder-12-150mm-kabelbinder-wiederverwendbar-fuer-kabel-und-ladekabel\/#breadcrumb","itemListElement":[{"@type":"ListItem","position":1,"name":"Startseite","item":"https:\/\/marktxxl.de\/markt\/"},{"@type":"ListItem","position":2,"name":"Markt","item":"https:\/\/marktxxl.de\/markt\/"},{"@type":"ListItem","position":3,"name":"Selbstklebendes Klettverschlussband vom Typ T, 2024 Neu klett kabelbinder, Verstellbare klettkabelbinder 12 * 150mm, kabelbinder wiederverwendbar f\u00fcr Kabel und Ladekabel"}]},{"@type":"WebSite","@id":"https:\/\/marktxxl.de\/markt\/#website","url":"https:\/\/marktxxl.de\/markt\/","name":"Markt-XXL","description":"Ihr Markt Online","publisher":{"@id":"https:\/\/marktxxl.de\/markt\/#organization"},"potentialAction":[{"@type":"SearchAction","target":{"@type":"EntryPoint","urlTemplate":"https:\/\/marktxxl.de\/markt\/?s={search_term_string}"},"query-input":{"@type":"PropertyValueSpecification","valueRequired":true,"valueName":"search_term_string"}}],"inLanguage":"de"},{"@type":"Organization","@id":"https:\/\/marktxxl.de\/markt\/#organization","name":"Markt-XXL","url":"https:\/\/marktxxl.de\/markt\/","logo":{"@type":"ImageObject","inLanguage":"de","@id":"https:\/\/marktxxl.de\/markt\/#\/schema\/logo\/image\/","url":"https:\/\/marktxxl.de\/markt\/wp-content\/uploads\/sites\/3\/2020\/12\/logo.png","contentUrl":"https:\/\/marktxxl.de\/markt\/wp-content\/uploads\/sites\/3\/2020\/12\/logo.png","width":200,"height":70,"caption":"Markt-XXL"},"image":{"@id":"https:\/\/marktxxl.de\/markt\/#\/schema\/logo\/image\/"}}]}},"_links":{"self":[{"href":"https:\/\/marktxxl.de\/markt\/wp-json\/wp\/v2\/product\/224016","targetHints":{"allow":["GET"]}}],"collection":[{"href":"https:\/\/marktxxl.de\/markt\/wp-json\/wp\/v2\/product"}],"about":[{"href":"https:\/\/marktxxl.de\/markt\/wp-json\/wp\/v2\/types\/product"}],"replies":[{"embeddable":true,"href":"https:\/\/marktxxl.de\/markt\/wp-json\/wp\/v2\/comments?post=224016"}],"wp:featuredmedia":[{"embeddable":true,"href":"https:\/\/marktxxl.de\/markt\/wp-json\/wp\/v2\/media\/224017"}],"wp:attachment":[{"href":"https:\/\/marktxxl.de\/markt\/wp-json\/wp\/v2\/media?parent=224016"}],"wp:term":[{"taxonomy":"product_brand","embeddable":true,"href":"https:\/\/marktxxl.de\/markt\/wp-json\/wp\/v2\/product_brand?post=224016"},{"taxonomy":"product_cat","embeddable":true,"href":"https:\/\/marktxxl.de\/markt\/wp-json\/wp\/v2\/product_cat?post=224016"},{"taxonomy":"product_tag","embeddable":true,"href":"https:\/\/marktxxl.de\/markt\/wp-json\/wp\/v2\/product_tag?post=224016"}],"curies":[{"name":"wp","href":"https:\/\/api.w.org\/{rel}","templated":true}]}}