{"id":223977,"date":"2024-07-28T18:28:18","date_gmt":"2024-07-28T16:28:18","guid":{"rendered":"https:\/\/marktxxl.de\/markt\/produkt\/sd-kartenleser-dual-stecker-usb-3-0-usb-c-auf-sd-micro-sd-kartenlesegeraet-usb-kamera-speicherkartenleser-adapter-highspeed-otg-adapter-sd-karte-adapter-fuer-macbook-mac-mini-surface-imac-ip\/"},"modified":"2024-07-28T18:28:18","modified_gmt":"2024-07-28T16:28:18","slug":"sd-kartenleser-dual-stecker-usb-3-0-usb-c-auf-sd-micro-sd-kartenlesegeraet-usb-kamera-speicherkartenleser-adapter-highspeed-otg-adapter-sd-karte-adapter-fuer-macbook-mac-mini-surface-imac-ip","status":"publish","type":"product","link":"https:\/\/marktxxl.de\/markt\/produkt\/sd-kartenleser-dual-stecker-usb-3-0-usb-c-auf-sd-micro-sd-kartenlesegeraet-usb-kamera-speicherkartenleser-adapter-highspeed-otg-adapter-sd-karte-adapter-fuer-macbook-mac-mini-surface-imac-ip\/","title":{"rendered":"SD Kartenleser, Dual Stecker USB 3.0 &amp; USB-C auf SD Micro SD Kartenleseger\u00e4t, USB-Kamera Speicherkartenleser Adapter, Highspeed OTG Adapter, SD Karte Adapter f\u00fcr MacBook\/Mac Mini\/Surface\/iMac\/iPad Pro"},"content":{"rendered":"<p>\u30102-in-1 USB-C\/USB 3.0-Anschl\u00fcsse Design\u3011Vonxite SD-Kartenleser verf\u00fcgt \u00fcber ein 2-in-1 USB-C\/USB 3.0 dual anschl\u00fcsse design. Das duale Schnittstellendesign erm\u00f6glicht es Ihnen, Computer, Mobiltelefone oder Tablets mit einer USB-A\/USB-C-Schnittstelle einfach anzuschlie\u00dfen. Sie k\u00f6nnen Fotos zwischen verschiedenen Ger\u00e4ten \u00fcbertragen. Schlie\u00dfen Sie einfach einen usb SD-Kartenleser, der die OTG-Funktion unterst\u00fctzt, direkt an ein externes Ger\u00e4t an, ohne dass ein Medium an Ihr Ger\u00e4t angeschlossen werden muss, und Sie werden eine Echtzeit-Daten\u00fcbertragung oder Ausgabevorg\u00e4nge genie\u00dfen.<br \/>\n\u3010Gleichzeitiges Lesen &amp; Schreiben\u3011Ausgestattet mit insgesamt 2 Kartensteckpl\u00e4tzen f\u00fcr SD\/TF-Karten, unterst\u00fctzt dieser USB-SD-Kartenadapter das gleichzeitige Lesen und Beschreiben von 2 Karten und vermeidet so das wiederholte Einsetzen und Entfernen von Karten. Plug and Play ohne zus\u00e4tzliches Laufwerk oder Software. \u00dcbertragungen k\u00f6nnen zwischen 2 Kartensteckpl\u00e4tzen oder zwischen OTG-Ger\u00e4ten erfolgen. Kompatibel mit SD\/Micro SD\/TF\/SDHC\/SDXC\/Micro SDHC\/Micro SDXC\/MMC-Karten usw.<br \/>\n\u3010 Hochgeschwindigkeits-Daten\u00fcbertragung \u3011USB C SD Kartenadapter ist kompatibel mit SD\/Micro SD Karten mit einer Kapazit\u00e4t von bis zu 2TB. USB 3.0 unterst\u00fctzt \u00dcbertragungsgeschwindigkeiten von bis zu 5Gbps und ist kompatibel mit USB 2.0 und USB 1.1, so dass gro\u00dfe Daten und Multimediadateien innerhalb von Sekunden \u00fcbertragen werden k\u00f6nnen, was eine schnellere und stabilere \u00dcbertragung erm\u00f6glicht und mehr sinnvolle Dinge mit weniger Wartezeit erm\u00f6glicht. (Hinweis: Speicherkarten sind NICHT enthalten).<br \/>\n\u3010Plug &amp; Play\u3011 \u3011Stecken Sie den Kartenleser direkt in Ihr USB Typ C\/USB A Ger\u00e4t, und es kann sofort verwendet werden. Schlie\u00dfen Sie den SD-Kartenleser, der die OTG-Funktion unterst\u00fctzt, einfach direkt an externe Ger\u00e4te an, ohne dass ein Medium, ein Adapter, ein Treiber oder eine Software erforderlich ist, und Sie werden eine Echtzeit-Daten\u00fcbertragung, Ausgabeoperationen oder Ladefunktionen genie\u00dfen. High-Speed-Zwei-Wege-\u00dcbertragung, teilen Sie Videos oder Bilder an Ihre Familien oder Freunde in jederzeit \u00fcberall.<br \/>\n\u3010Umfassende Kompatibilit\u00e4t\u3011 Micro sd Kartenleser ist kompatibel mit Laptops, Tablets, Smartphones mit USB-C\/USB-C Anschluss, wie MacBook, Surface, Mac Mini, iMac, iPad Pro, Galaxy Tab s8, Galaxy, iPhone 15 Serie, Huawei etc. Speicherkartenleser Adapter ist Plug &amp; Play f\u00fcr viele unterst\u00fctzte System, wie Windows 10\/8 \/7\/XP \/Vista, Mac OS, Linux, Chrome OS und Android-System etc.<br \/>\n<div class=\"main-cross-sell\" data-asin=\"B0D7HV4CXH\">\n\n\t<div class=\"WooZone-cross-sell-loader\">\n\t\t<div>\n\t\t\t<div id=\"floatingBarsG\">\n\t\t\t\t<div class=\"blockG\" id=\"rotateG_01\"><\/div>\n\t\t\t\t<div class=\"blockG\" id=\"rotateG_02\"><\/div>\n\t\t\t\t<div class=\"blockG\" id=\"rotateG_03\"><\/div>\n\t\t\t\t<div class=\"blockG\" id=\"rotateG_04\"><\/div>\n\t\t\t\t<div class=\"blockG\" id=\"rotateG_05\"><\/div>\n\t\t\t\t<div class=\"blockG\" id=\"rotateG_06\"><\/div>\n\t\t\t\t<div class=\"blockG\" id=\"rotateG_07\"><\/div>\n\t\t\t\t<div class=\"blockG\" id=\"rotateG_08\"><\/div>\n\t\t\t<\/div>\n\t\t\t<div class=\"WooZone-cross-sell-loader-text\"><\/div>\n\t\t<\/div>\n\t<\/div>\n\n\t\t\n<\/div>\n<div style=\"clear:both;\"><\/div><\/p>\n","protected":false},"excerpt":{"rendered":"<p>\u30102-in-1 USB-C\/USB 3.0-Anschl\u00fcsse Design\u3011Vonxite SD-Kartenleser verf\u00fcgt \u00fcber ein 2-in-1 USB-C\/USB 3.0 dual anschl\u00fcsse design. Das duale Schnittstellendesign erm\u00f6glicht es Ihnen, Computer, Mobiltelefone oder Tablets mit einer USB-A\/USB-C-Schnittstelle einfach anzuschlie\u00dfen. Sie k\u00f6nnen Fotos zwischen verschiedenen Ger\u00e4ten \u00fcbertragen. Schlie\u00dfen Sie einfach einen usb SD-Kartenleser, der die OTG-Funktion unterst\u00fctzt, direkt an ein externes Ger\u00e4t an, ohne dass ein Medium an Ihr Ger\u00e4t angeschlossen werden muss, und Sie werden eine Echtzeit-Daten\u00fcbertragung oder Ausgabevorg\u00e4nge genie\u00dfen.<br \/>\n\u3010Gleichzeitiges Lesen &amp; Schreiben\u3011Ausgestattet mit insgesamt 2 Kartensteckpl\u00e4tzen f\u00fcr SD\/TF-Karten, unterst\u00fctzt dieser USB-SD-Kartenadapter das gleichzeitige Lesen und Beschreiben von 2 Karten und vermeidet so das wiederholte Einsetzen und Entfernen von Karten. Plug and Play ohne zus\u00e4tzliches Laufwerk oder Software. \u00dcbertragungen k\u00f6nnen zwischen 2 Kartensteckpl\u00e4tzen oder zwischen OTG-Ger\u00e4ten erfolgen. Kompatibel mit SD\/Micro SD\/TF\/SDHC\/SDXC\/Micro SDHC\/Micro SDXC\/MMC-Karten usw.<br \/>\n\u3010 Hochgeschwindigkeits-Daten\u00fcbertragung \u3011USB C SD Kartenadapter ist kompatibel mit SD\/Micro SD Karten mit einer Kapazit\u00e4t von bis zu 2TB. USB 3.0 unterst\u00fctzt \u00dcbertragungsgeschwindigkeiten von bis zu 5Gbps und ist kompatibel mit USB 2.0 und USB 1.1, so dass gro\u00dfe Daten und Multimediadateien innerhalb von Sekunden \u00fcbertragen werden k\u00f6nnen, was eine schnellere und stabilere \u00dcbertragung erm\u00f6glicht und mehr sinnvolle Dinge mit weniger Wartezeit erm\u00f6glicht. (Hinweis: Speicherkarten sind NICHT enthalten).<\/p>\n","protected":false},"featured_media":223978,"comment_status":"open","ping_status":"closed","template":"","meta":[],"product_brand":[],"product_cat":[863],"product_tag":[],"class_list":{"0":"post-223977","1":"product","2":"type-product","3":"status-publish","4":"has-post-thumbnail","6":"product_cat-computer-zubehoer","7":"pa_brand-honpzz","8":"pa_manufacturer-honpzz","9":"pa_warranty-1013","11":"first","12":"instock","13":"shipping-taxable","14":"purchasable","15":"product-type-simple","16":"customify-col","17":"product-has-gallery"},"yoast_head":"<!-- This site is optimized with the Yoast SEO plugin v27.4 - https:\/\/yoast.com\/product\/yoast-seo-wordpress\/ -->\n<title>SD Kartenleser, Dual Stecker USB 3.0 &amp; USB-C auf SD Micro SD Kartenleseger\u00e4t, USB-Kamera Speicherkartenleser Adapter, Highspeed OTG Adapter, SD Karte Adapter f\u00fcr MacBook\/Mac Mini\/Surface\/iMac\/iPad Pro - Markt-XXL<\/title>\n<meta name=\"description\" content=\"Markt-XXL SD Kartenleser, Dual Stecker USB 3.0 &amp; USB-C auf SD Micro SD Kartenleseger\u00e4t, USB-Kamera Speicherkartenleser Adapter, Highspeed OTG Adapter, SD Karte Adapter f\u00fcr MacBook\/Mac Mini\/Surface\/iMac\/iPad Pro\" \/>\n<meta name=\"robots\" content=\"index, follow, max-snippet:-1, max-image-preview:large, max-video-preview:-1\" \/>\n<link rel=\"canonical\" href=\"https:\/\/marktxxl.de\/markt\/produkt\/sd-kartenleser-dual-stecker-usb-3-0-usb-c-auf-sd-micro-sd-kartenlesegeraet-usb-kamera-speicherkartenleser-adapter-highspeed-otg-adapter-sd-karte-adapter-fuer-macbook-mac-mini-surface-imac-ip\/\" \/>\n<meta property=\"og:locale\" content=\"de_DE\" \/>\n<meta property=\"og:type\" content=\"article\" \/>\n<meta property=\"og:title\" content=\"SD Kartenleser, Dual Stecker USB 3.0 &amp; USB-C auf SD Micro SD Kartenleseger\u00e4t, USB-Kamera Speicherkartenleser Adapter, Highspeed OTG Adapter, SD Karte Adapter f\u00fcr MacBook\/Mac Mini\/Surface\/iMac\/iPad Pro - Markt-XXL\" \/>\n<meta property=\"og:description\" content=\"Markt-XXL SD Kartenleser, Dual Stecker USB 3.0 &amp; USB-C auf SD Micro SD Kartenleseger\u00e4t, USB-Kamera Speicherkartenleser Adapter, Highspeed OTG Adapter, SD Karte Adapter f\u00fcr MacBook\/Mac Mini\/Surface\/iMac\/iPad Pro\" \/>\n<meta property=\"og:url\" content=\"https:\/\/marktxxl.de\/markt\/produkt\/sd-kartenleser-dual-stecker-usb-3-0-usb-c-auf-sd-micro-sd-kartenlesegeraet-usb-kamera-speicherkartenleser-adapter-highspeed-otg-adapter-sd-karte-adapter-fuer-macbook-mac-mini-surface-imac-ip\/\" \/>\n<meta property=\"og:site_name\" content=\"Markt-XXL\" \/>\n<meta name=\"twitter:card\" content=\"summary_large_image\" \/>\n<meta name=\"twitter:label1\" content=\"Gesch\u00e4tzte Lesezeit\" \/>\n\t<meta name=\"twitter:data1\" content=\"2\u00a0Minuten\" \/>\n<script type=\"application\/ld+json\" class=\"yoast-schema-graph\">{\"@context\":\"https:\\\/\\\/schema.org\",\"@graph\":[{\"@type\":\"WebPage\",\"@id\":\"https:\\\/\\\/marktxxl.de\\\/markt\\\/produkt\\\/sd-kartenleser-dual-stecker-usb-3-0-usb-c-auf-sd-micro-sd-kartenlesegeraet-usb-kamera-speicherkartenleser-adapter-highspeed-otg-adapter-sd-karte-adapter-fuer-macbook-mac-mini-surface-imac-ip\\\/\",\"url\":\"https:\\\/\\\/marktxxl.de\\\/markt\\\/produkt\\\/sd-kartenleser-dual-stecker-usb-3-0-usb-c-auf-sd-micro-sd-kartenlesegeraet-usb-kamera-speicherkartenleser-adapter-highspeed-otg-adapter-sd-karte-adapter-fuer-macbook-mac-mini-surface-imac-ip\\\/\",\"name\":\"SD Kartenleser, Dual Stecker USB 3.0 &amp; USB-C auf SD Micro SD Kartenleseger\u00e4t, USB-Kamera Speicherkartenleser Adapter, Highspeed OTG Adapter, SD Karte Adapter f\u00fcr MacBook\\\/Mac Mini\\\/Surface\\\/iMac\\\/iPad Pro - Markt-XXL\",\"isPartOf\":{\"@id\":\"https:\\\/\\\/marktxxl.de\\\/markt\\\/#website\"},\"primaryImageOfPage\":{\"@id\":\"https:\\\/\\\/marktxxl.de\\\/markt\\\/produkt\\\/sd-kartenleser-dual-stecker-usb-3-0-usb-c-auf-sd-micro-sd-kartenlesegeraet-usb-kamera-speicherkartenleser-adapter-highspeed-otg-adapter-sd-karte-adapter-fuer-macbook-mac-mini-surface-imac-ip\\\/#primaryimage\"},\"image\":{\"@id\":\"https:\\\/\\\/marktxxl.de\\\/markt\\\/produkt\\\/sd-kartenleser-dual-stecker-usb-3-0-usb-c-auf-sd-micro-sd-kartenlesegeraet-usb-kamera-speicherkartenleser-adapter-highspeed-otg-adapter-sd-karte-adapter-fuer-macbook-mac-mini-surface-imac-ip\\\/#primaryimage\"},\"thumbnailUrl\":\"https:\\\/\\\/m.media-amazon.com\\\/images\\\/I\\\/41xFGE4SM9L._SL500_.jpg\",\"datePublished\":\"2024-07-28T16:28:18+00:00\",\"description\":\"Markt-XXL SD Kartenleser, Dual Stecker USB 3.0 &amp; USB-C auf SD Micro SD Kartenleseger\u00e4t, USB-Kamera Speicherkartenleser Adapter, Highspeed OTG Adapter, SD Karte Adapter f\u00fcr MacBook\\\/Mac Mini\\\/Surface\\\/iMac\\\/iPad Pro\",\"breadcrumb\":{\"@id\":\"https:\\\/\\\/marktxxl.de\\\/markt\\\/produkt\\\/sd-kartenleser-dual-stecker-usb-3-0-usb-c-auf-sd-micro-sd-kartenlesegeraet-usb-kamera-speicherkartenleser-adapter-highspeed-otg-adapter-sd-karte-adapter-fuer-macbook-mac-mini-surface-imac-ip\\\/#breadcrumb\"},\"inLanguage\":\"de\",\"potentialAction\":[{\"@type\":\"ReadAction\",\"target\":[\"https:\\\/\\\/marktxxl.de\\\/markt\\\/produkt\\\/sd-kartenleser-dual-stecker-usb-3-0-usb-c-auf-sd-micro-sd-kartenlesegeraet-usb-kamera-speicherkartenleser-adapter-highspeed-otg-adapter-sd-karte-adapter-fuer-macbook-mac-mini-surface-imac-ip\\\/\"]}]},{\"@type\":\"ImageObject\",\"inLanguage\":\"de\",\"@id\":\"https:\\\/\\\/marktxxl.de\\\/markt\\\/produkt\\\/sd-kartenleser-dual-stecker-usb-3-0-usb-c-auf-sd-micro-sd-kartenlesegeraet-usb-kamera-speicherkartenleser-adapter-highspeed-otg-adapter-sd-karte-adapter-fuer-macbook-mac-mini-surface-imac-ip\\\/#primaryimage\",\"url\":\"https:\\\/\\\/m.media-amazon.com\\\/images\\\/I\\\/41xFGE4SM9L._SL500_.jpg\",\"contentUrl\":\"https:\\\/\\\/m.media-amazon.com\\\/images\\\/I\\\/41xFGE4SM9L._SL500_.jpg\",\"width\":500,\"height\":500},{\"@type\":\"BreadcrumbList\",\"@id\":\"https:\\\/\\\/marktxxl.de\\\/markt\\\/produkt\\\/sd-kartenleser-dual-stecker-usb-3-0-usb-c-auf-sd-micro-sd-kartenlesegeraet-usb-kamera-speicherkartenleser-adapter-highspeed-otg-adapter-sd-karte-adapter-fuer-macbook-mac-mini-surface-imac-ip\\\/#breadcrumb\",\"itemListElement\":[{\"@type\":\"ListItem\",\"position\":1,\"name\":\"Startseite\",\"item\":\"https:\\\/\\\/marktxxl.de\\\/markt\\\/\"},{\"@type\":\"ListItem\",\"position\":2,\"name\":\"Markt\",\"item\":\"https:\\\/\\\/marktxxl.de\\\/markt\\\/\"},{\"@type\":\"ListItem\",\"position\":3,\"name\":\"SD Kartenleser, Dual Stecker USB 3.0 &amp; USB-C auf SD Micro SD Kartenleseger\u00e4t, USB-Kamera Speicherkartenleser Adapter, Highspeed OTG Adapter, SD Karte Adapter f\u00fcr MacBook\\\/Mac Mini\\\/Surface\\\/iMac\\\/iPad Pro\"}]},{\"@type\":\"WebSite\",\"@id\":\"https:\\\/\\\/marktxxl.de\\\/markt\\\/#website\",\"url\":\"https:\\\/\\\/marktxxl.de\\\/markt\\\/\",\"name\":\"Markt-XXL\",\"description\":\"Ihr Markt Online\",\"publisher\":{\"@id\":\"https:\\\/\\\/marktxxl.de\\\/markt\\\/#organization\"},\"potentialAction\":[{\"@type\":\"SearchAction\",\"target\":{\"@type\":\"EntryPoint\",\"urlTemplate\":\"https:\\\/\\\/marktxxl.de\\\/markt\\\/?s={search_term_string}\"},\"query-input\":{\"@type\":\"PropertyValueSpecification\",\"valueRequired\":true,\"valueName\":\"search_term_string\"}}],\"inLanguage\":\"de\"},{\"@type\":\"Organization\",\"@id\":\"https:\\\/\\\/marktxxl.de\\\/markt\\\/#organization\",\"name\":\"Markt-XXL\",\"url\":\"https:\\\/\\\/marktxxl.de\\\/markt\\\/\",\"logo\":{\"@type\":\"ImageObject\",\"inLanguage\":\"de\",\"@id\":\"https:\\\/\\\/marktxxl.de\\\/markt\\\/#\\\/schema\\\/logo\\\/image\\\/\",\"url\":\"https:\\\/\\\/marktxxl.de\\\/markt\\\/wp-content\\\/uploads\\\/sites\\\/3\\\/2020\\\/12\\\/logo.png\",\"contentUrl\":\"https:\\\/\\\/marktxxl.de\\\/markt\\\/wp-content\\\/uploads\\\/sites\\\/3\\\/2020\\\/12\\\/logo.png\",\"width\":200,\"height\":70,\"caption\":\"Markt-XXL\"},\"image\":{\"@id\":\"https:\\\/\\\/marktxxl.de\\\/markt\\\/#\\\/schema\\\/logo\\\/image\\\/\"}}]}<\/script>\n<!-- \/ Yoast SEO plugin. -->","yoast_head_json":{"title":"SD Kartenleser, Dual Stecker USB 3.0 &amp; USB-C auf SD Micro SD Kartenleseger\u00e4t, USB-Kamera Speicherkartenleser Adapter, Highspeed OTG Adapter, SD Karte Adapter f\u00fcr MacBook\/Mac Mini\/Surface\/iMac\/iPad Pro - Markt-XXL","description":"Markt-XXL SD Kartenleser, Dual Stecker USB 3.0 &amp; USB-C auf SD Micro SD Kartenleseger\u00e4t, USB-Kamera Speicherkartenleser Adapter, Highspeed OTG Adapter, SD Karte Adapter f\u00fcr MacBook\/Mac Mini\/Surface\/iMac\/iPad Pro","robots":{"index":"index","follow":"follow","max-snippet":"max-snippet:-1","max-image-preview":"max-image-preview:large","max-video-preview":"max-video-preview:-1"},"canonical":"https:\/\/marktxxl.de\/markt\/produkt\/sd-kartenleser-dual-stecker-usb-3-0-usb-c-auf-sd-micro-sd-kartenlesegeraet-usb-kamera-speicherkartenleser-adapter-highspeed-otg-adapter-sd-karte-adapter-fuer-macbook-mac-mini-surface-imac-ip\/","og_locale":"de_DE","og_type":"article","og_title":"SD Kartenleser, Dual Stecker USB 3.0 &amp; USB-C auf SD Micro SD Kartenleseger\u00e4t, USB-Kamera Speicherkartenleser Adapter, Highspeed OTG Adapter, SD Karte Adapter f\u00fcr MacBook\/Mac Mini\/Surface\/iMac\/iPad Pro - Markt-XXL","og_description":"Markt-XXL SD Kartenleser, Dual Stecker USB 3.0 &amp; USB-C auf SD Micro SD Kartenleseger\u00e4t, USB-Kamera Speicherkartenleser Adapter, Highspeed OTG Adapter, SD Karte Adapter f\u00fcr MacBook\/Mac Mini\/Surface\/iMac\/iPad Pro","og_url":"https:\/\/marktxxl.de\/markt\/produkt\/sd-kartenleser-dual-stecker-usb-3-0-usb-c-auf-sd-micro-sd-kartenlesegeraet-usb-kamera-speicherkartenleser-adapter-highspeed-otg-adapter-sd-karte-adapter-fuer-macbook-mac-mini-surface-imac-ip\/","og_site_name":"Markt-XXL","twitter_card":"summary_large_image","twitter_misc":{"Gesch\u00e4tzte Lesezeit":"2\u00a0Minuten"},"schema":{"@context":"https:\/\/schema.org","@graph":[{"@type":"WebPage","@id":"https:\/\/marktxxl.de\/markt\/produkt\/sd-kartenleser-dual-stecker-usb-3-0-usb-c-auf-sd-micro-sd-kartenlesegeraet-usb-kamera-speicherkartenleser-adapter-highspeed-otg-adapter-sd-karte-adapter-fuer-macbook-mac-mini-surface-imac-ip\/","url":"https:\/\/marktxxl.de\/markt\/produkt\/sd-kartenleser-dual-stecker-usb-3-0-usb-c-auf-sd-micro-sd-kartenlesegeraet-usb-kamera-speicherkartenleser-adapter-highspeed-otg-adapter-sd-karte-adapter-fuer-macbook-mac-mini-surface-imac-ip\/","name":"SD Kartenleser, Dual Stecker USB 3.0 &amp; USB-C auf SD Micro SD Kartenleseger\u00e4t, USB-Kamera Speicherkartenleser Adapter, Highspeed OTG Adapter, SD Karte Adapter f\u00fcr MacBook\/Mac Mini\/Surface\/iMac\/iPad Pro - Markt-XXL","isPartOf":{"@id":"https:\/\/marktxxl.de\/markt\/#website"},"primaryImageOfPage":{"@id":"https:\/\/marktxxl.de\/markt\/produkt\/sd-kartenleser-dual-stecker-usb-3-0-usb-c-auf-sd-micro-sd-kartenlesegeraet-usb-kamera-speicherkartenleser-adapter-highspeed-otg-adapter-sd-karte-adapter-fuer-macbook-mac-mini-surface-imac-ip\/#primaryimage"},"image":{"@id":"https:\/\/marktxxl.de\/markt\/produkt\/sd-kartenleser-dual-stecker-usb-3-0-usb-c-auf-sd-micro-sd-kartenlesegeraet-usb-kamera-speicherkartenleser-adapter-highspeed-otg-adapter-sd-karte-adapter-fuer-macbook-mac-mini-surface-imac-ip\/#primaryimage"},"thumbnailUrl":"https:\/\/m.media-amazon.com\/images\/I\/41xFGE4SM9L._SL500_.jpg","datePublished":"2024-07-28T16:28:18+00:00","description":"Markt-XXL SD Kartenleser, Dual Stecker USB 3.0 &amp; USB-C auf SD Micro SD Kartenleseger\u00e4t, USB-Kamera Speicherkartenleser Adapter, Highspeed OTG Adapter, SD Karte Adapter f\u00fcr MacBook\/Mac Mini\/Surface\/iMac\/iPad Pro","breadcrumb":{"@id":"https:\/\/marktxxl.de\/markt\/produkt\/sd-kartenleser-dual-stecker-usb-3-0-usb-c-auf-sd-micro-sd-kartenlesegeraet-usb-kamera-speicherkartenleser-adapter-highspeed-otg-adapter-sd-karte-adapter-fuer-macbook-mac-mini-surface-imac-ip\/#breadcrumb"},"inLanguage":"de","potentialAction":[{"@type":"ReadAction","target":["https:\/\/marktxxl.de\/markt\/produkt\/sd-kartenleser-dual-stecker-usb-3-0-usb-c-auf-sd-micro-sd-kartenlesegeraet-usb-kamera-speicherkartenleser-adapter-highspeed-otg-adapter-sd-karte-adapter-fuer-macbook-mac-mini-surface-imac-ip\/"]}]},{"@type":"ImageObject","inLanguage":"de","@id":"https:\/\/marktxxl.de\/markt\/produkt\/sd-kartenleser-dual-stecker-usb-3-0-usb-c-auf-sd-micro-sd-kartenlesegeraet-usb-kamera-speicherkartenleser-adapter-highspeed-otg-adapter-sd-karte-adapter-fuer-macbook-mac-mini-surface-imac-ip\/#primaryimage","url":"https:\/\/m.media-amazon.com\/images\/I\/41xFGE4SM9L._SL500_.jpg","contentUrl":"https:\/\/m.media-amazon.com\/images\/I\/41xFGE4SM9L._SL500_.jpg","width":500,"height":500},{"@type":"BreadcrumbList","@id":"https:\/\/marktxxl.de\/markt\/produkt\/sd-kartenleser-dual-stecker-usb-3-0-usb-c-auf-sd-micro-sd-kartenlesegeraet-usb-kamera-speicherkartenleser-adapter-highspeed-otg-adapter-sd-karte-adapter-fuer-macbook-mac-mini-surface-imac-ip\/#breadcrumb","itemListElement":[{"@type":"ListItem","position":1,"name":"Startseite","item":"https:\/\/marktxxl.de\/markt\/"},{"@type":"ListItem","position":2,"name":"Markt","item":"https:\/\/marktxxl.de\/markt\/"},{"@type":"ListItem","position":3,"name":"SD Kartenleser, Dual Stecker USB 3.0 &amp; USB-C auf SD Micro SD Kartenleseger\u00e4t, USB-Kamera Speicherkartenleser Adapter, Highspeed OTG Adapter, SD Karte Adapter f\u00fcr MacBook\/Mac Mini\/Surface\/iMac\/iPad Pro"}]},{"@type":"WebSite","@id":"https:\/\/marktxxl.de\/markt\/#website","url":"https:\/\/marktxxl.de\/markt\/","name":"Markt-XXL","description":"Ihr Markt Online","publisher":{"@id":"https:\/\/marktxxl.de\/markt\/#organization"},"potentialAction":[{"@type":"SearchAction","target":{"@type":"EntryPoint","urlTemplate":"https:\/\/marktxxl.de\/markt\/?s={search_term_string}"},"query-input":{"@type":"PropertyValueSpecification","valueRequired":true,"valueName":"search_term_string"}}],"inLanguage":"de"},{"@type":"Organization","@id":"https:\/\/marktxxl.de\/markt\/#organization","name":"Markt-XXL","url":"https:\/\/marktxxl.de\/markt\/","logo":{"@type":"ImageObject","inLanguage":"de","@id":"https:\/\/marktxxl.de\/markt\/#\/schema\/logo\/image\/","url":"https:\/\/marktxxl.de\/markt\/wp-content\/uploads\/sites\/3\/2020\/12\/logo.png","contentUrl":"https:\/\/marktxxl.de\/markt\/wp-content\/uploads\/sites\/3\/2020\/12\/logo.png","width":200,"height":70,"caption":"Markt-XXL"},"image":{"@id":"https:\/\/marktxxl.de\/markt\/#\/schema\/logo\/image\/"}}]}},"_links":{"self":[{"href":"https:\/\/marktxxl.de\/markt\/wp-json\/wp\/v2\/product\/223977","targetHints":{"allow":["GET"]}}],"collection":[{"href":"https:\/\/marktxxl.de\/markt\/wp-json\/wp\/v2\/product"}],"about":[{"href":"https:\/\/marktxxl.de\/markt\/wp-json\/wp\/v2\/types\/product"}],"replies":[{"embeddable":true,"href":"https:\/\/marktxxl.de\/markt\/wp-json\/wp\/v2\/comments?post=223977"}],"wp:featuredmedia":[{"embeddable":true,"href":"https:\/\/marktxxl.de\/markt\/wp-json\/wp\/v2\/media\/223978"}],"wp:attachment":[{"href":"https:\/\/marktxxl.de\/markt\/wp-json\/wp\/v2\/media?parent=223977"}],"wp:term":[{"taxonomy":"product_brand","embeddable":true,"href":"https:\/\/marktxxl.de\/markt\/wp-json\/wp\/v2\/product_brand?post=223977"},{"taxonomy":"product_cat","embeddable":true,"href":"https:\/\/marktxxl.de\/markt\/wp-json\/wp\/v2\/product_cat?post=223977"},{"taxonomy":"product_tag","embeddable":true,"href":"https:\/\/marktxxl.de\/markt\/wp-json\/wp\/v2\/product_tag?post=223977"}],"curies":[{"name":"wp","href":"https:\/\/api.w.org\/{rel}","templated":true}]}}